{"id":4738,"date":"2019-06-07T12:47:51","date_gmt":"2019-06-07T10:47:51","guid":{"rendered":"http:\/\/ke.localhost.it\/?page_id=4738"},"modified":"2025-02-21T14:48:58","modified_gmt":"2025-02-21T13:48:58","slug":"t1","status":"publish","type":"page","link":"https:\/\/www.keoutdoordesign.com\/es-es\/pergola-gennius\/pergola-con-techo-inclinado\/t1\/","title":{"rendered":"T1"},"content":{"rendered":"<p>Se puede maniobrar manualmente con maquina reductora (s\u00f3lo en el m\u00f3dulo \u00fanico hasta 3 metros de salida) o con motor. Resistencia al viento garantizada hasta la clase 6 seg\u00fan la UNI PR EN 13561.<\/p>\n<p>A petici\u00f3n es posible colocar el sistema antigota para la protecci\u00f3n de la lluvia. No se garantiza la resistencia bajo el peso de la nieve. La formaci\u00f3n de agua de condensaci\u00f3cn no es un defecto sino un fen\u00f3meno natural.<\/p>\n","protected":false},"excerpt":{"rendered":"<p>Se puede maniobrar manualmente con maquina reductora (s\u00f3lo en el m\u00f3dulo \u00fanico hasta 3 metros de salida) o con motor.&hellip;<\/p>\n","protected":false},"author":10608,"featured_media":15935,"parent":4726,"menu_order":15,"comment_status":"closed","ping_status":"closed","template":"page-templates\/product.php","meta":{"_acf_changed":false,"footnotes":""},"class_list":["post-4738","page","type-page","status-publish","has-post-thumbnail","hentry"],"acf":[],"yoast_head":"<!-- This site is optimized with the Yoast SEO Premium plugin v20.12 (Yoast SEO v27.3) - https:\/\/yoast.com\/product\/yoast-seo-premium-wordpress\/ -->\n<title>T1 - KE Outdoor Design<\/title>\n<meta name=\"description\" content=\"Toldo que se puede empaquear, hecho por una tejido (tendido cuando abierto) fijado a un sistema de perfiles transversales, carritos y gu\u00edas que permiten el movimiento horizontal.\" \/>\n<meta name=\"robots\" content=\"index, follow, max-snippet:-1, max-image-preview:large, max-video-preview:-1\" \/>\n<link rel=\"canonical\" href=\"https:\/\/www.keoutdoordesign.com\/es-es\/pergola-gennius\/pergola-con-techo-inclinado\/t1\/\" \/>\n<meta property=\"og:locale\" content=\"es_ES\" \/>\n<meta property=\"og:type\" content=\"article\" \/>\n<meta property=\"og:title\" content=\"T1\" \/>\n<meta property=\"og:description\" content=\"Toldo que se puede empaquear, hecho por una tejido (tendido cuando abierto) fijado a un sistema de perfiles transversales, carritos y gu\u00edas que permiten el movimiento horizontal.\" \/>\n<meta property=\"og:url\" content=\"https:\/\/www.keoutdoordesign.com\/es-es\/pergola-gennius\/pergola-con-techo-inclinado\/t1\/\" \/>\n<meta property=\"og:site_name\" content=\"KE Outdoor Design\" \/>\n<meta property=\"article:publisher\" content=\"https:\/\/www.facebook.com\/keoutdoordesign.us\" \/>\n<meta property=\"article:modified_time\" content=\"2025-02-21T13:48:58+00:00\" \/>\n<meta property=\"og:image\" content=\"https:\/\/www.keoutdoordesign.com\/wp-content\/uploads\/2019\/10\/T1-1.jpg\" \/>\n\t<meta property=\"og:image:width\" content=\"2048\" \/>\n\t<meta property=\"og:image:height\" content=\"1080\" \/>\n\t<meta property=\"og:image:type\" content=\"image\/jpeg\" \/>\n<meta name=\"twitter:card\" content=\"summary_large_image\" \/>\n<meta name=\"twitter:site\" content=\"@keoutdoordesign\" \/>\n<script type=\"application\/ld+json\" class=\"yoast-schema-graph\">{\"@context\":\"https:\\\/\\\/schema.org\",\"@graph\":[{\"@type\":\"WebPage\",\"@id\":\"https:\\\/\\\/www.keoutdoordesign.com\\\/es-es\\\/pergola-gennius\\\/pergola-con-techo-inclinado\\\/t1\\\/\",\"url\":\"https:\\\/\\\/www.keoutdoordesign.com\\\/es-es\\\/pergola-gennius\\\/pergola-con-techo-inclinado\\\/t1\\\/\",\"name\":\"T1 - KE Outdoor Design\",\"isPartOf\":{\"@id\":\"https:\\\/\\\/www.keoutdoordesign.com\\\/it-it\\\/#website\"},\"primaryImageOfPage\":{\"@id\":\"https:\\\/\\\/www.keoutdoordesign.com\\\/es-es\\\/pergola-gennius\\\/pergola-con-techo-inclinado\\\/t1\\\/#primaryimage\"},\"image\":{\"@id\":\"https:\\\/\\\/www.keoutdoordesign.com\\\/es-es\\\/pergola-gennius\\\/pergola-con-techo-inclinado\\\/t1\\\/#primaryimage\"},\"thumbnailUrl\":\"https:\\\/\\\/www.keoutdoordesign.com\\\/wp-content\\\/uploads\\\/2019\\\/10\\\/T1-1.jpg\",\"datePublished\":\"2019-06-07T10:47:51+00:00\",\"dateModified\":\"2025-02-21T13:48:58+00:00\",\"description\":\"Toldo que se puede empaquear, hecho por una tejido (tendido cuando abierto) fijado a un sistema de perfiles transversales, carritos y gu\u00edas que permiten el movimiento horizontal.\",\"breadcrumb\":{\"@id\":\"https:\\\/\\\/www.keoutdoordesign.com\\\/es-es\\\/pergola-gennius\\\/pergola-con-techo-inclinado\\\/t1\\\/#breadcrumb\"},\"inLanguage\":\"es\",\"potentialAction\":[{\"@type\":\"ReadAction\",\"target\":[\"https:\\\/\\\/www.keoutdoordesign.com\\\/es-es\\\/pergola-gennius\\\/pergola-con-techo-inclinado\\\/t1\\\/\"]}]},{\"@type\":\"ImageObject\",\"inLanguage\":\"es\",\"@id\":\"https:\\\/\\\/www.keoutdoordesign.com\\\/es-es\\\/pergola-gennius\\\/pergola-con-techo-inclinado\\\/t1\\\/#primaryimage\",\"url\":\"https:\\\/\\\/www.keoutdoordesign.com\\\/wp-content\\\/uploads\\\/2019\\\/10\\\/T1-1.jpg\",\"contentUrl\":\"https:\\\/\\\/www.keoutdoordesign.com\\\/wp-content\\\/uploads\\\/2019\\\/10\\\/T1-1.jpg\",\"width\":2048,\"height\":1080},{\"@type\":\"BreadcrumbList\",\"@id\":\"https:\\\/\\\/www.keoutdoordesign.com\\\/es-es\\\/pergola-gennius\\\/pergola-con-techo-inclinado\\\/t1\\\/#breadcrumb\",\"itemListElement\":[{\"@type\":\"ListItem\",\"position\":1,\"name\":\"Home\",\"item\":\"https:\\\/\\\/www.keoutdoordesign.com\\\/es-es\\\/\"},{\"@type\":\"ListItem\",\"position\":2,\"name\":\"P\u00e9rgola Gennius\",\"item\":\"https:\\\/\\\/www.keoutdoordesign.com\\\/es-es\\\/pergola-gennius\\\/\"},{\"@type\":\"ListItem\",\"position\":3,\"name\":\"Pergola con Techo Inclinado\",\"item\":\"https:\\\/\\\/www.keoutdoordesign.com\\\/es-es\\\/pergola-gennius\\\/pergola-con-techo-inclinado\\\/\"},{\"@type\":\"ListItem\",\"position\":4,\"name\":\"T1\"}]},{\"@type\":\"WebSite\",\"@id\":\"https:\\\/\\\/www.keoutdoordesign.com\\\/it-it\\\/#website\",\"url\":\"https:\\\/\\\/www.keoutdoordesign.com\\\/it-it\\\/\",\"name\":\"KE Outdoor Design\",\"description\":\"Un nuovo sito targato WordPress\",\"publisher\":{\"@id\":\"https:\\\/\\\/www.keoutdoordesign.com\\\/it-it\\\/#organization\"},\"potentialAction\":[{\"@type\":\"SearchAction\",\"target\":{\"@type\":\"EntryPoint\",\"urlTemplate\":\"https:\\\/\\\/www.keoutdoordesign.com\\\/it-it\\\/?s={search_term_string}\"},\"query-input\":{\"@type\":\"PropertyValueSpecification\",\"valueRequired\":true,\"valueName\":\"search_term_string\"}}],\"inLanguage\":\"es\"},{\"@type\":\"Organization\",\"@id\":\"https:\\\/\\\/www.keoutdoordesign.com\\\/it-it\\\/#organization\",\"name\":\"KE Outdoor Design\",\"url\":\"https:\\\/\\\/www.keoutdoordesign.com\\\/it-it\\\/\",\"logo\":{\"@type\":\"ImageObject\",\"inLanguage\":\"es\",\"@id\":\"https:\\\/\\\/www.keoutdoordesign.com\\\/it-it\\\/#\\\/schema\\\/logo\\\/image\\\/\",\"url\":\"https:\\\/\\\/www.keoutdoordesign.com\\\/wp-content\\\/uploads\\\/2020\\\/02\\\/KE-logo-Primary-e1591282842174.jpg\",\"contentUrl\":\"https:\\\/\\\/www.keoutdoordesign.com\\\/wp-content\\\/uploads\\\/2020\\\/02\\\/KE-logo-Primary-e1591282842174.jpg\",\"width\":500,\"height\":396,\"caption\":\"KE Outdoor Design\"},\"image\":{\"@id\":\"https:\\\/\\\/www.keoutdoordesign.com\\\/it-it\\\/#\\\/schema\\\/logo\\\/image\\\/\"},\"sameAs\":[\"https:\\\/\\\/www.facebook.com\\\/keoutdoordesign.us\",\"https:\\\/\\\/x.com\\\/keoutdoordesign\",\"https:\\\/\\\/www.facebook.com\\\/keoutdoordesign\",\"https:\\\/\\\/www.youtube.com\\\/channel\\\/UCSoMQryJpLqD53bAoZLg2Vg\",\"https:\\\/\\\/www.pinterest.it\\\/keoutdoordesign\\\/\",\"https:\\\/\\\/www.instagram.com\\\/keoutdoordesign\\\/\",\"https:\\\/\\\/www.linkedin.com\\\/company\\\/ke-outdoor-design\\\/\"]}]}<\/script>\n<!-- \/ Yoast SEO Premium plugin. -->","yoast_head_json":{"title":"T1 - KE Outdoor Design","description":"Toldo que se puede empaquear, hecho por una tejido (tendido cuando abierto) fijado a un sistema de perfiles transversales, carritos y gu\u00edas que permiten el movimiento horizontal.","robots":{"index":"index","follow":"follow","max-snippet":"max-snippet:-1","max-image-preview":"max-image-preview:large","max-video-preview":"max-video-preview:-1"},"canonical":"https:\/\/www.keoutdoordesign.com\/es-es\/pergola-gennius\/pergola-con-techo-inclinado\/t1\/","og_locale":"es_ES","og_type":"article","og_title":"T1","og_description":"Toldo que se puede empaquear, hecho por una tejido (tendido cuando abierto) fijado a un sistema de perfiles transversales, carritos y gu\u00edas que permiten el movimiento horizontal.","og_url":"https:\/\/www.keoutdoordesign.com\/es-es\/pergola-gennius\/pergola-con-techo-inclinado\/t1\/","og_site_name":"KE Outdoor Design","article_publisher":"https:\/\/www.facebook.com\/keoutdoordesign.us","article_modified_time":"2025-02-21T13:48:58+00:00","og_image":[{"width":2048,"height":1080,"url":"https:\/\/www.keoutdoordesign.com\/wp-content\/uploads\/2019\/10\/T1-1.jpg","type":"image\/jpeg"}],"twitter_card":"summary_large_image","twitter_site":"@keoutdoordesign","schema":{"@context":"https:\/\/schema.org","@graph":[{"@type":"WebPage","@id":"https:\/\/www.keoutdoordesign.com\/es-es\/pergola-gennius\/pergola-con-techo-inclinado\/t1\/","url":"https:\/\/www.keoutdoordesign.com\/es-es\/pergola-gennius\/pergola-con-techo-inclinado\/t1\/","name":"T1 - KE Outdoor Design","isPartOf":{"@id":"https:\/\/www.keoutdoordesign.com\/it-it\/#website"},"primaryImageOfPage":{"@id":"https:\/\/www.keoutdoordesign.com\/es-es\/pergola-gennius\/pergola-con-techo-inclinado\/t1\/#primaryimage"},"image":{"@id":"https:\/\/www.keoutdoordesign.com\/es-es\/pergola-gennius\/pergola-con-techo-inclinado\/t1\/#primaryimage"},"thumbnailUrl":"https:\/\/www.keoutdoordesign.com\/wp-content\/uploads\/2019\/10\/T1-1.jpg","datePublished":"2019-06-07T10:47:51+00:00","dateModified":"2025-02-21T13:48:58+00:00","description":"Toldo que se puede empaquear, hecho por una tejido (tendido cuando abierto) fijado a un sistema de perfiles transversales, carritos y gu\u00edas que permiten el movimiento horizontal.","breadcrumb":{"@id":"https:\/\/www.keoutdoordesign.com\/es-es\/pergola-gennius\/pergola-con-techo-inclinado\/t1\/#breadcrumb"},"inLanguage":"es","potentialAction":[{"@type":"ReadAction","target":["https:\/\/www.keoutdoordesign.com\/es-es\/pergola-gennius\/pergola-con-techo-inclinado\/t1\/"]}]},{"@type":"ImageObject","inLanguage":"es","@id":"https:\/\/www.keoutdoordesign.com\/es-es\/pergola-gennius\/pergola-con-techo-inclinado\/t1\/#primaryimage","url":"https:\/\/www.keoutdoordesign.com\/wp-content\/uploads\/2019\/10\/T1-1.jpg","contentUrl":"https:\/\/www.keoutdoordesign.com\/wp-content\/uploads\/2019\/10\/T1-1.jpg","width":2048,"height":1080},{"@type":"BreadcrumbList","@id":"https:\/\/www.keoutdoordesign.com\/es-es\/pergola-gennius\/pergola-con-techo-inclinado\/t1\/#breadcrumb","itemListElement":[{"@type":"ListItem","position":1,"name":"Home","item":"https:\/\/www.keoutdoordesign.com\/es-es\/"},{"@type":"ListItem","position":2,"name":"P\u00e9rgola Gennius","item":"https:\/\/www.keoutdoordesign.com\/es-es\/pergola-gennius\/"},{"@type":"ListItem","position":3,"name":"Pergola con Techo Inclinado","item":"https:\/\/www.keoutdoordesign.com\/es-es\/pergola-gennius\/pergola-con-techo-inclinado\/"},{"@type":"ListItem","position":4,"name":"T1"}]},{"@type":"WebSite","@id":"https:\/\/www.keoutdoordesign.com\/it-it\/#website","url":"https:\/\/www.keoutdoordesign.com\/it-it\/","name":"KE Outdoor Design","description":"Un nuovo sito targato WordPress","publisher":{"@id":"https:\/\/www.keoutdoordesign.com\/it-it\/#organization"},"potentialAction":[{"@type":"SearchAction","target":{"@type":"EntryPoint","urlTemplate":"https:\/\/www.keoutdoordesign.com\/it-it\/?s={search_term_string}"},"query-input":{"@type":"PropertyValueSpecification","valueRequired":true,"valueName":"search_term_string"}}],"inLanguage":"es"},{"@type":"Organization","@id":"https:\/\/www.keoutdoordesign.com\/it-it\/#organization","name":"KE Outdoor Design","url":"https:\/\/www.keoutdoordesign.com\/it-it\/","logo":{"@type":"ImageObject","inLanguage":"es","@id":"https:\/\/www.keoutdoordesign.com\/it-it\/#\/schema\/logo\/image\/","url":"https:\/\/www.keoutdoordesign.com\/wp-content\/uploads\/2020\/02\/KE-logo-Primary-e1591282842174.jpg","contentUrl":"https:\/\/www.keoutdoordesign.com\/wp-content\/uploads\/2020\/02\/KE-logo-Primary-e1591282842174.jpg","width":500,"height":396,"caption":"KE Outdoor Design"},"image":{"@id":"https:\/\/www.keoutdoordesign.com\/it-it\/#\/schema\/logo\/image\/"},"sameAs":["https:\/\/www.facebook.com\/keoutdoordesign.us","https:\/\/x.com\/keoutdoordesign","https:\/\/www.facebook.com\/keoutdoordesign","https:\/\/www.youtube.com\/channel\/UCSoMQryJpLqD53bAoZLg2Vg","https:\/\/www.pinterest.it\/keoutdoordesign\/","https:\/\/www.instagram.com\/keoutdoordesign\/","https:\/\/www.linkedin.com\/company\/ke-outdoor-design\/"]}]}},"_links":{"self":[{"href":"https:\/\/www.keoutdoordesign.com\/es-es\/wp-json\/wp\/v2\/pages\/4738","targetHints":{"allow":["GET"]}}],"collection":[{"href":"https:\/\/www.keoutdoordesign.com\/es-es\/wp-json\/wp\/v2\/pages"}],"about":[{"href":"https:\/\/www.keoutdoordesign.com\/es-es\/wp-json\/wp\/v2\/types\/page"}],"author":[{"embeddable":true,"href":"https:\/\/www.keoutdoordesign.com\/es-es\/wp-json\/wp\/v2\/users\/10608"}],"replies":[{"embeddable":true,"href":"https:\/\/www.keoutdoordesign.com\/es-es\/wp-json\/wp\/v2\/comments?post=4738"}],"version-history":[{"count":12,"href":"https:\/\/www.keoutdoordesign.com\/es-es\/wp-json\/wp\/v2\/pages\/4738\/revisions"}],"predecessor-version":[{"id":104819,"href":"https:\/\/www.keoutdoordesign.com\/es-es\/wp-json\/wp\/v2\/pages\/4738\/revisions\/104819"}],"up":[{"embeddable":true,"href":"https:\/\/www.keoutdoordesign.com\/es-es\/wp-json\/wp\/v2\/pages\/4726"}],"wp:featuredmedia":[{"embeddable":true,"href":"https:\/\/www.keoutdoordesign.com\/es-es\/wp-json\/wp\/v2\/media\/15935"}],"wp:attachment":[{"href":"https:\/\/www.keoutdoordesign.com\/es-es\/wp-json\/wp\/v2\/media?parent=4738"}],"curies":[{"name":"wp","href":"https:\/\/api.w.org\/{rel}","templated":true}]}}