{"id":4732,"date":"2019-06-07T12:47:37","date_gmt":"2019-06-07T10:47:37","guid":{"rendered":"http:\/\/ke.localhost.it\/?page_id=4732"},"modified":"2025-02-21T15:24:39","modified_gmt":"2025-02-21T14:24:39","slug":"a100-lux","status":"publish","type":"page","link":"https:\/\/www.keoutdoordesign.com\/es-es\/pergola-gennius\/pergola-con-techo-inclinado\/a100-lux\/","title":{"rendered":"A100 Lux"},"content":{"rendered":"<p>Resistencia al viento garantizada hasta la clase 6 seg\u00fan la UNI EN PR 13561.<\/p>\n<p>A petici\u00f3n es posible colocar el sistema antigota para la protecci\u00f3n de la lluvia. No se garantiza la resistencia bajo el peso de la nieve. La formaci\u00f3n de agua de condensaci\u00f3cn no es un defecto sino un fen\u00f3meno natural.<\/p>\n","protected":false},"excerpt":{"rendered":"<p>Resistencia al viento garantizada hasta la clase 6 seg\u00fan la UNI EN PR 13561. A petici\u00f3n es posible colocar el&hellip;<\/p>\n","protected":false},"author":10608,"featured_media":1947,"parent":4726,"menu_order":19,"comment_status":"closed","ping_status":"closed","template":"page-templates\/product.php","meta":{"_acf_changed":false,"footnotes":""},"class_list":["post-4732","page","type-page","status-publish","has-post-thumbnail","hentry"],"acf":[],"yoast_head":"<!-- This site is optimized with the Yoast SEO Premium plugin v20.12 (Yoast SEO v27.0) - https:\/\/yoast.com\/product\/yoast-seo-premium-wordpress\/ -->\n<title>P\u00e9rgola con techo inclinado - A100 lux | KE Outdoor Design<\/title>\n<meta name=\"description\" content=\"Conozca nuestra p\u00e9rgola con techo inclinado retr\u00e1ctil &quot;A100 lux&quot; ideal para amplias cubiertas. \u00a1No dude en consultarnos!\" \/>\n<meta name=\"robots\" content=\"index, follow, max-snippet:-1, max-image-preview:large, max-video-preview:-1\" \/>\n<link rel=\"canonical\" href=\"https:\/\/www.keoutdoordesign.com\/es-es\/pergola-gennius\/pergola-con-techo-inclinado\/a100-lux\/\" \/>\n<meta property=\"og:locale\" content=\"es_ES\" \/>\n<meta property=\"og:type\" content=\"article\" \/>\n<meta property=\"og:title\" content=\"A100 Lux\" \/>\n<meta property=\"og:description\" content=\"Conozca nuestra p\u00e9rgola con techo inclinado retr\u00e1ctil &quot;A100 lux&quot; ideal para amplias cubiertas. \u00a1No dude en consultarnos!\" \/>\n<meta property=\"og:url\" content=\"https:\/\/www.keoutdoordesign.com\/es-es\/pergola-gennius\/pergola-con-techo-inclinado\/a100-lux\/\" \/>\n<meta property=\"og:site_name\" content=\"KE Outdoor Design\" \/>\n<meta property=\"article:publisher\" content=\"https:\/\/www.facebook.com\/keoutdoordesign.us\" \/>\n<meta property=\"article:modified_time\" content=\"2025-02-21T14:24:39+00:00\" \/>\n<meta property=\"og:image\" content=\"https:\/\/www.keoutdoordesign.com\/wp-content\/uploads\/2019\/05\/ke_outdoor_design_pergola_A100_lux_1.jpg\" \/>\n\t<meta property=\"og:image:width\" content=\"2000\" \/>\n\t<meta property=\"og:image:height\" content=\"1414\" \/>\n\t<meta property=\"og:image:type\" content=\"image\/jpeg\" \/>\n<meta name=\"twitter:card\" content=\"summary_large_image\" \/>\n<meta name=\"twitter:site\" content=\"@keoutdoordesign\" \/>\n<script type=\"application\/ld+json\" class=\"yoast-schema-graph\">{\"@context\":\"https:\/\/schema.org\",\"@graph\":[{\"@type\":\"WebPage\",\"@id\":\"https:\/\/www.keoutdoordesign.com\/es-es\/pergola-gennius\/pergola-con-techo-inclinado\/a100-lux\/\",\"url\":\"https:\/\/www.keoutdoordesign.com\/es-es\/pergola-gennius\/pergola-con-techo-inclinado\/a100-lux\/\",\"name\":\"P\u00e9rgola con techo inclinado - A100 lux | KE Outdoor Design\",\"isPartOf\":{\"@id\":\"https:\/\/www.keoutdoordesign.com\/it-it\/#website\"},\"primaryImageOfPage\":{\"@id\":\"https:\/\/www.keoutdoordesign.com\/es-es\/pergola-gennius\/pergola-con-techo-inclinado\/a100-lux\/#primaryimage\"},\"image\":{\"@id\":\"https:\/\/www.keoutdoordesign.com\/es-es\/pergola-gennius\/pergola-con-techo-inclinado\/a100-lux\/#primaryimage\"},\"thumbnailUrl\":\"https:\/\/www.keoutdoordesign.com\/wp-content\/uploads\/2019\/05\/ke_outdoor_design_pergola_A100_lux_1.jpg\",\"datePublished\":\"2019-06-07T10:47:37+00:00\",\"dateModified\":\"2025-02-21T14:24:39+00:00\",\"description\":\"Conozca nuestra p\u00e9rgola con techo inclinado retr\u00e1ctil \\\"A100 lux\\\" ideal para amplias cubiertas. \u00a1No dude en consultarnos!\",\"breadcrumb\":{\"@id\":\"https:\/\/www.keoutdoordesign.com\/es-es\/pergola-gennius\/pergola-con-techo-inclinado\/a100-lux\/#breadcrumb\"},\"inLanguage\":\"es\",\"potentialAction\":[{\"@type\":\"ReadAction\",\"target\":[\"https:\/\/www.keoutdoordesign.com\/es-es\/pergola-gennius\/pergola-con-techo-inclinado\/a100-lux\/\"]}]},{\"@type\":\"ImageObject\",\"inLanguage\":\"es\",\"@id\":\"https:\/\/www.keoutdoordesign.com\/es-es\/pergola-gennius\/pergola-con-techo-inclinado\/a100-lux\/#primaryimage\",\"url\":\"https:\/\/www.keoutdoordesign.com\/wp-content\/uploads\/2019\/05\/ke_outdoor_design_pergola_A100_lux_1.jpg\",\"contentUrl\":\"https:\/\/www.keoutdoordesign.com\/wp-content\/uploads\/2019\/05\/ke_outdoor_design_pergola_A100_lux_1.jpg\",\"width\":2000,\"height\":1414,\"caption\":\"pergola-alluminio-ke-gennius-a100-lux\"},{\"@type\":\"BreadcrumbList\",\"@id\":\"https:\/\/www.keoutdoordesign.com\/es-es\/pergola-gennius\/pergola-con-techo-inclinado\/a100-lux\/#breadcrumb\",\"itemListElement\":[{\"@type\":\"ListItem\",\"position\":1,\"name\":\"Home\",\"item\":\"https:\/\/www.keoutdoordesign.com\/es-es\/\"},{\"@type\":\"ListItem\",\"position\":2,\"name\":\"P\u00e9rgola Gennius\",\"item\":\"https:\/\/www.keoutdoordesign.com\/es-es\/pergola-gennius\/\"},{\"@type\":\"ListItem\",\"position\":3,\"name\":\"Pergola con Techo Inclinado\",\"item\":\"https:\/\/www.keoutdoordesign.com\/es-es\/pergola-gennius\/pergola-con-techo-inclinado\/\"},{\"@type\":\"ListItem\",\"position\":4,\"name\":\"A100 Lux\"}]},{\"@type\":\"WebSite\",\"@id\":\"https:\/\/www.keoutdoordesign.com\/it-it\/#website\",\"url\":\"https:\/\/www.keoutdoordesign.com\/it-it\/\",\"name\":\"KE Outdoor Design\",\"description\":\"Un nuovo sito targato WordPress\",\"publisher\":{\"@id\":\"https:\/\/www.keoutdoordesign.com\/it-it\/#organization\"},\"potentialAction\":[{\"@type\":\"SearchAction\",\"target\":{\"@type\":\"EntryPoint\",\"urlTemplate\":\"https:\/\/www.keoutdoordesign.com\/it-it\/?s={search_term_string}\"},\"query-input\":{\"@type\":\"PropertyValueSpecification\",\"valueRequired\":true,\"valueName\":\"search_term_string\"}}],\"inLanguage\":\"es\"},{\"@type\":\"Organization\",\"@id\":\"https:\/\/www.keoutdoordesign.com\/it-it\/#organization\",\"name\":\"KE Outdoor Design\",\"url\":\"https:\/\/www.keoutdoordesign.com\/it-it\/\",\"logo\":{\"@type\":\"ImageObject\",\"inLanguage\":\"es\",\"@id\":\"https:\/\/www.keoutdoordesign.com\/it-it\/#\/schema\/logo\/image\/\",\"url\":\"https:\/\/www.keoutdoordesign.com\/wp-content\/uploads\/2020\/02\/KE-logo-Primary-e1591282842174.jpg\",\"contentUrl\":\"https:\/\/www.keoutdoordesign.com\/wp-content\/uploads\/2020\/02\/KE-logo-Primary-e1591282842174.jpg\",\"width\":500,\"height\":396,\"caption\":\"KE Outdoor Design\"},\"image\":{\"@id\":\"https:\/\/www.keoutdoordesign.com\/it-it\/#\/schema\/logo\/image\/\"},\"sameAs\":[\"https:\/\/www.facebook.com\/keoutdoordesign.us\",\"https:\/\/x.com\/keoutdoordesign\",\"https:\/\/www.facebook.com\/keoutdoordesign\",\"https:\/\/www.youtube.com\/channel\/UCSoMQryJpLqD53bAoZLg2Vg\",\"https:\/\/www.pinterest.it\/keoutdoordesign\/\",\"https:\/\/www.instagram.com\/keoutdoordesign\/\",\"https:\/\/www.linkedin.com\/company\/ke-outdoor-design\/\"]}]}<\/script>\n<!-- \/ Yoast SEO Premium plugin. -->","yoast_head_json":{"title":"P\u00e9rgola con techo inclinado - A100 lux | KE Outdoor Design","description":"Conozca nuestra p\u00e9rgola con techo inclinado retr\u00e1ctil \"A100 lux\" ideal para amplias cubiertas. \u00a1No dude en consultarnos!","robots":{"index":"index","follow":"follow","max-snippet":"max-snippet:-1","max-image-preview":"max-image-preview:large","max-video-preview":"max-video-preview:-1"},"canonical":"https:\/\/www.keoutdoordesign.com\/es-es\/pergola-gennius\/pergola-con-techo-inclinado\/a100-lux\/","og_locale":"es_ES","og_type":"article","og_title":"A100 Lux","og_description":"Conozca nuestra p\u00e9rgola con techo inclinado retr\u00e1ctil \"A100 lux\" ideal para amplias cubiertas. \u00a1No dude en consultarnos!","og_url":"https:\/\/www.keoutdoordesign.com\/es-es\/pergola-gennius\/pergola-con-techo-inclinado\/a100-lux\/","og_site_name":"KE Outdoor Design","article_publisher":"https:\/\/www.facebook.com\/keoutdoordesign.us","article_modified_time":"2025-02-21T14:24:39+00:00","og_image":[{"width":2000,"height":1414,"url":"https:\/\/www.keoutdoordesign.com\/wp-content\/uploads\/2019\/05\/ke_outdoor_design_pergola_A100_lux_1.jpg","type":"image\/jpeg"}],"twitter_card":"summary_large_image","twitter_site":"@keoutdoordesign","schema":{"@context":"https:\/\/schema.org","@graph":[{"@type":"WebPage","@id":"https:\/\/www.keoutdoordesign.com\/es-es\/pergola-gennius\/pergola-con-techo-inclinado\/a100-lux\/","url":"https:\/\/www.keoutdoordesign.com\/es-es\/pergola-gennius\/pergola-con-techo-inclinado\/a100-lux\/","name":"P\u00e9rgola con techo inclinado - A100 lux | KE Outdoor Design","isPartOf":{"@id":"https:\/\/www.keoutdoordesign.com\/it-it\/#website"},"primaryImageOfPage":{"@id":"https:\/\/www.keoutdoordesign.com\/es-es\/pergola-gennius\/pergola-con-techo-inclinado\/a100-lux\/#primaryimage"},"image":{"@id":"https:\/\/www.keoutdoordesign.com\/es-es\/pergola-gennius\/pergola-con-techo-inclinado\/a100-lux\/#primaryimage"},"thumbnailUrl":"https:\/\/www.keoutdoordesign.com\/wp-content\/uploads\/2019\/05\/ke_outdoor_design_pergola_A100_lux_1.jpg","datePublished":"2019-06-07T10:47:37+00:00","dateModified":"2025-02-21T14:24:39+00:00","description":"Conozca nuestra p\u00e9rgola con techo inclinado retr\u00e1ctil \"A100 lux\" ideal para amplias cubiertas. \u00a1No dude en consultarnos!","breadcrumb":{"@id":"https:\/\/www.keoutdoordesign.com\/es-es\/pergola-gennius\/pergola-con-techo-inclinado\/a100-lux\/#breadcrumb"},"inLanguage":"es","potentialAction":[{"@type":"ReadAction","target":["https:\/\/www.keoutdoordesign.com\/es-es\/pergola-gennius\/pergola-con-techo-inclinado\/a100-lux\/"]}]},{"@type":"ImageObject","inLanguage":"es","@id":"https:\/\/www.keoutdoordesign.com\/es-es\/pergola-gennius\/pergola-con-techo-inclinado\/a100-lux\/#primaryimage","url":"https:\/\/www.keoutdoordesign.com\/wp-content\/uploads\/2019\/05\/ke_outdoor_design_pergola_A100_lux_1.jpg","contentUrl":"https:\/\/www.keoutdoordesign.com\/wp-content\/uploads\/2019\/05\/ke_outdoor_design_pergola_A100_lux_1.jpg","width":2000,"height":1414,"caption":"pergola-alluminio-ke-gennius-a100-lux"},{"@type":"BreadcrumbList","@id":"https:\/\/www.keoutdoordesign.com\/es-es\/pergola-gennius\/pergola-con-techo-inclinado\/a100-lux\/#breadcrumb","itemListElement":[{"@type":"ListItem","position":1,"name":"Home","item":"https:\/\/www.keoutdoordesign.com\/es-es\/"},{"@type":"ListItem","position":2,"name":"P\u00e9rgola Gennius","item":"https:\/\/www.keoutdoordesign.com\/es-es\/pergola-gennius\/"},{"@type":"ListItem","position":3,"name":"Pergola con Techo Inclinado","item":"https:\/\/www.keoutdoordesign.com\/es-es\/pergola-gennius\/pergola-con-techo-inclinado\/"},{"@type":"ListItem","position":4,"name":"A100 Lux"}]},{"@type":"WebSite","@id":"https:\/\/www.keoutdoordesign.com\/it-it\/#website","url":"https:\/\/www.keoutdoordesign.com\/it-it\/","name":"KE Outdoor Design","description":"Un nuovo sito targato WordPress","publisher":{"@id":"https:\/\/www.keoutdoordesign.com\/it-it\/#organization"},"potentialAction":[{"@type":"SearchAction","target":{"@type":"EntryPoint","urlTemplate":"https:\/\/www.keoutdoordesign.com\/it-it\/?s={search_term_string}"},"query-input":{"@type":"PropertyValueSpecification","valueRequired":true,"valueName":"search_term_string"}}],"inLanguage":"es"},{"@type":"Organization","@id":"https:\/\/www.keoutdoordesign.com\/it-it\/#organization","name":"KE Outdoor Design","url":"https:\/\/www.keoutdoordesign.com\/it-it\/","logo":{"@type":"ImageObject","inLanguage":"es","@id":"https:\/\/www.keoutdoordesign.com\/it-it\/#\/schema\/logo\/image\/","url":"https:\/\/www.keoutdoordesign.com\/wp-content\/uploads\/2020\/02\/KE-logo-Primary-e1591282842174.jpg","contentUrl":"https:\/\/www.keoutdoordesign.com\/wp-content\/uploads\/2020\/02\/KE-logo-Primary-e1591282842174.jpg","width":500,"height":396,"caption":"KE Outdoor Design"},"image":{"@id":"https:\/\/www.keoutdoordesign.com\/it-it\/#\/schema\/logo\/image\/"},"sameAs":["https:\/\/www.facebook.com\/keoutdoordesign.us","https:\/\/x.com\/keoutdoordesign","https:\/\/www.facebook.com\/keoutdoordesign","https:\/\/www.youtube.com\/channel\/UCSoMQryJpLqD53bAoZLg2Vg","https:\/\/www.pinterest.it\/keoutdoordesign\/","https:\/\/www.instagram.com\/keoutdoordesign\/","https:\/\/www.linkedin.com\/company\/ke-outdoor-design\/"]}]}},"_links":{"self":[{"href":"https:\/\/www.keoutdoordesign.com\/es-es\/wp-json\/wp\/v2\/pages\/4732","targetHints":{"allow":["GET"]}}],"collection":[{"href":"https:\/\/www.keoutdoordesign.com\/es-es\/wp-json\/wp\/v2\/pages"}],"about":[{"href":"https:\/\/www.keoutdoordesign.com\/es-es\/wp-json\/wp\/v2\/types\/page"}],"author":[{"embeddable":true,"href":"https:\/\/www.keoutdoordesign.com\/es-es\/wp-json\/wp\/v2\/users\/10608"}],"replies":[{"embeddable":true,"href":"https:\/\/www.keoutdoordesign.com\/es-es\/wp-json\/wp\/v2\/comments?post=4732"}],"version-history":[{"count":11,"href":"https:\/\/www.keoutdoordesign.com\/es-es\/wp-json\/wp\/v2\/pages\/4732\/revisions"}],"predecessor-version":[{"id":104870,"href":"https:\/\/www.keoutdoordesign.com\/es-es\/wp-json\/wp\/v2\/pages\/4732\/revisions\/104870"}],"up":[{"embeddable":true,"href":"https:\/\/www.keoutdoordesign.com\/es-es\/wp-json\/wp\/v2\/pages\/4726"}],"wp:featuredmedia":[{"embeddable":true,"href":"https:\/\/www.keoutdoordesign.com\/es-es\/wp-json\/wp\/v2\/media\/1947"}],"wp:attachment":[{"href":"https:\/\/www.keoutdoordesign.com\/es-es\/wp-json\/wp\/v2\/media?parent=4732"}],"curies":[{"name":"wp","href":"https:\/\/api.w.org\/{rel}","templated":true}]}}