{"id":3847,"date":"2019-05-30T11:19:48","date_gmt":"2019-05-30T09:19:48","guid":{"rendered":"http:\/\/ke.localhost.it\/?page_id=3847"},"modified":"2025-06-10T16:42:19","modified_gmt":"2025-06-10T14:42:19","slug":"somos","status":"publish","type":"page","link":"https:\/\/www.keoutdoordesign.com\/es-es\/empresa\/somos\/","title":{"rendered":"Somos"},"content":{"rendered":"<p>En la actualidad, <strong>KE<\/strong>, que forma parte del Grupo FrontYard, es l\u00edder en el dise\u00f1o y la fabricaci\u00f3n de soluciones para la <strong>vida al aire libre <\/strong>y la <strong>protecci\u00f3n solar<\/strong>. Se trata de una importante evoluci\u00f3n para un grupo internacional que hoy en d\u00eda re\u00fane bajo una \u00fanica identidad tres empresas muy reconocidas:<strong><a href=\"https:\/\/www.batgroup.com\/\"> BAT<\/a>, KE y<a href=\"https:\/\/www.giuliobarbieri.it\/\"> Giulio Barbieri<\/a><\/strong>. Tres marcas diferentes pero complementarias, unidas por una visi\u00f3n com\u00fan y un patrimonio compartido basado en la innovaci\u00f3n, la calidad y el dise\u00f1o.<\/p>\n<p>Nuestro saber hacer est\u00e1 profundamente relacionado con el <strong>Made in Italy<\/strong>, no solo como etiqueta geogr\u00e1fica, sino como expresi\u00f3n de una verdadera filosof\u00eda de producci\u00f3n: cuidado artesanal, investigaci\u00f3n continua, experimentaci\u00f3n t\u00e9cnica y est\u00e9tica. Todos los productos de KE se conciben, dise\u00f1an y fabrican en Italia para ofrecer soluciones fiables, resistentes y con mucho estilo.<\/p>\n<p>Fabricamos con pasi\u00f3n p\u00e9rgolas bioclim\u00e1ticas, velas de sombra, toldos de brazo, de cofre, de tel\u00f3n recto, capotas y sistemas especiales para cubiertas a medida. Nuestras soluciones se adaptan perfectamente tanto a espacios privados como a entornos comerciales como bares, restaurantes, hoteles y tiendas,<strong> en m\u00e1s de 70 pa\u00edses de todo el mundo.<\/strong><\/p>\n<p>Desde KE, nos dirigimos a dise\u00f1adores, arquitectos, fabricantes de ventanas, tapiceros y profesionales del aire libre con propuestas originales y duraderas, pensadas para responder incluso a las necesidades m\u00e1s complejas.<\/p>\n<p>En un mercado en continua evoluci\u00f3n, destaca nuestra capacidad para adelantarnos a las tendencias y ofrecer soluciones vers\u00e1tiles, funcionales y est\u00e9ticamente avanzadas. Nuestra gama es amplia y modulable, para aprovechar al m\u00e1ximo cada espacio exterior y contribuir a su renovaci\u00f3n con un toque contempor\u00e1neo.<\/p>\n","protected":false},"excerpt":{"rendered":"<p>En la actualidad, KE, que forma parte del Grupo FrontYard, es l\u00edder en el dise\u00f1o y la fabricaci\u00f3n de soluciones&hellip;<\/p>\n","protected":false},"author":10608,"featured_media":0,"parent":3837,"menu_order":34,"comment_status":"closed","ping_status":"closed","template":"","meta":{"_acf_changed":false,"footnotes":""},"class_list":["post-3847","page","type-page","status-publish","hentry"],"acf":[],"yoast_head":"<!-- This site is optimized with the Yoast SEO Premium plugin v20.12 (Yoast SEO v27.0) - https:\/\/yoast.com\/product\/yoast-seo-premium-wordpress\/ -->\n<title>Empresa | KE Outdoor Design<\/title>\n<meta name=\"description\" content=\"En KE buscamos la excelenc\u00eda cada d\u00eda, por eso nos hemos convertido en l\u00edderes dentro del sector de la producci\u00f3n de sistemas de sombreado para exteriores.\" \/>\n<meta name=\"robots\" content=\"index, follow, max-snippet:-1, max-image-preview:large, max-video-preview:-1\" \/>\n<link rel=\"canonical\" href=\"https:\/\/www.keoutdoordesign.com\/es-es\/empresa\/somos\/\" \/>\n<meta property=\"og:locale\" content=\"es_ES\" \/>\n<meta property=\"og:type\" content=\"article\" \/>\n<meta property=\"og:title\" content=\"Somos\" \/>\n<meta property=\"og:description\" content=\"En KE buscamos la excelenc\u00eda cada d\u00eda, por eso nos hemos convertido en l\u00edderes dentro del sector de la producci\u00f3n de sistemas de sombreado para exteriores.\" \/>\n<meta property=\"og:url\" content=\"https:\/\/www.keoutdoordesign.com\/es-es\/empresa\/somos\/\" \/>\n<meta property=\"og:site_name\" content=\"KE Outdoor Design\" \/>\n<meta property=\"article:publisher\" content=\"https:\/\/www.facebook.com\/keoutdoordesign.us\" \/>\n<meta property=\"article:modified_time\" content=\"2025-06-10T14:42:19+00:00\" \/>\n<meta property=\"og:image\" content=\"https:\/\/www.keoutdoordesign.com\/wp-content\/uploads\/2022\/06\/ke_logo.png\" \/>\n\t<meta property=\"og:image:width\" content=\"1260\" \/>\n\t<meta property=\"og:image:height\" content=\"630\" \/>\n\t<meta property=\"og:image:type\" content=\"image\/png\" \/>\n<meta name=\"twitter:card\" content=\"summary_large_image\" \/>\n<meta name=\"twitter:site\" content=\"@keoutdoordesign\" \/>\n<script type=\"application\/ld+json\" class=\"yoast-schema-graph\">{\"@context\":\"https:\/\/schema.org\",\"@graph\":[{\"@type\":\"WebPage\",\"@id\":\"https:\/\/www.keoutdoordesign.com\/es-es\/empresa\/somos\/\",\"url\":\"https:\/\/www.keoutdoordesign.com\/es-es\/empresa\/somos\/\",\"name\":\"Empresa | KE Outdoor Design\",\"isPartOf\":{\"@id\":\"https:\/\/www.keoutdoordesign.com\/it-it\/#website\"},\"datePublished\":\"2019-05-30T09:19:48+00:00\",\"dateModified\":\"2025-06-10T14:42:19+00:00\",\"description\":\"En KE buscamos la excelenc\u00eda cada d\u00eda, por eso nos hemos convertido en l\u00edderes dentro del sector de la producci\u00f3n de sistemas de sombreado para exteriores.\",\"breadcrumb\":{\"@id\":\"https:\/\/www.keoutdoordesign.com\/es-es\/empresa\/somos\/#breadcrumb\"},\"inLanguage\":\"es\",\"potentialAction\":[{\"@type\":\"ReadAction\",\"target\":[\"https:\/\/www.keoutdoordesign.com\/es-es\/empresa\/somos\/\"]}]},{\"@type\":\"BreadcrumbList\",\"@id\":\"https:\/\/www.keoutdoordesign.com\/es-es\/empresa\/somos\/#breadcrumb\",\"itemListElement\":[{\"@type\":\"ListItem\",\"position\":1,\"name\":\"Home\",\"item\":\"https:\/\/www.keoutdoordesign.com\/es-es\/\"},{\"@type\":\"ListItem\",\"position\":2,\"name\":\"Empresa\",\"item\":\"https:\/\/www.keoutdoordesign.com\/es-es\/empresa\/\"},{\"@type\":\"ListItem\",\"position\":3,\"name\":\"Somos\"}]},{\"@type\":\"WebSite\",\"@id\":\"https:\/\/www.keoutdoordesign.com\/it-it\/#website\",\"url\":\"https:\/\/www.keoutdoordesign.com\/it-it\/\",\"name\":\"KE Outdoor Design\",\"description\":\"Un nuovo sito targato WordPress\",\"publisher\":{\"@id\":\"https:\/\/www.keoutdoordesign.com\/it-it\/#organization\"},\"potentialAction\":[{\"@type\":\"SearchAction\",\"target\":{\"@type\":\"EntryPoint\",\"urlTemplate\":\"https:\/\/www.keoutdoordesign.com\/it-it\/?s={search_term_string}\"},\"query-input\":{\"@type\":\"PropertyValueSpecification\",\"valueRequired\":true,\"valueName\":\"search_term_string\"}}],\"inLanguage\":\"es\"},{\"@type\":\"Organization\",\"@id\":\"https:\/\/www.keoutdoordesign.com\/it-it\/#organization\",\"name\":\"KE Outdoor Design\",\"url\":\"https:\/\/www.keoutdoordesign.com\/it-it\/\",\"logo\":{\"@type\":\"ImageObject\",\"inLanguage\":\"es\",\"@id\":\"https:\/\/www.keoutdoordesign.com\/it-it\/#\/schema\/logo\/image\/\",\"url\":\"https:\/\/www.keoutdoordesign.com\/wp-content\/uploads\/2020\/02\/KE-logo-Primary-e1591282842174.jpg\",\"contentUrl\":\"https:\/\/www.keoutdoordesign.com\/wp-content\/uploads\/2020\/02\/KE-logo-Primary-e1591282842174.jpg\",\"width\":500,\"height\":396,\"caption\":\"KE Outdoor Design\"},\"image\":{\"@id\":\"https:\/\/www.keoutdoordesign.com\/it-it\/#\/schema\/logo\/image\/\"},\"sameAs\":[\"https:\/\/www.facebook.com\/keoutdoordesign.us\",\"https:\/\/x.com\/keoutdoordesign\",\"https:\/\/www.facebook.com\/keoutdoordesign\",\"https:\/\/www.youtube.com\/channel\/UCSoMQryJpLqD53bAoZLg2Vg\",\"https:\/\/www.pinterest.it\/keoutdoordesign\/\",\"https:\/\/www.instagram.com\/keoutdoordesign\/\",\"https:\/\/www.linkedin.com\/company\/ke-outdoor-design\/\"]}]}<\/script>\n<!-- \/ Yoast SEO Premium plugin. -->","yoast_head_json":{"title":"Empresa | KE Outdoor Design","description":"En KE buscamos la excelenc\u00eda cada d\u00eda, por eso nos hemos convertido en l\u00edderes dentro del sector de la producci\u00f3n de sistemas de sombreado para exteriores.","robots":{"index":"index","follow":"follow","max-snippet":"max-snippet:-1","max-image-preview":"max-image-preview:large","max-video-preview":"max-video-preview:-1"},"canonical":"https:\/\/www.keoutdoordesign.com\/es-es\/empresa\/somos\/","og_locale":"es_ES","og_type":"article","og_title":"Somos","og_description":"En KE buscamos la excelenc\u00eda cada d\u00eda, por eso nos hemos convertido en l\u00edderes dentro del sector de la producci\u00f3n de sistemas de sombreado para exteriores.","og_url":"https:\/\/www.keoutdoordesign.com\/es-es\/empresa\/somos\/","og_site_name":"KE Outdoor Design","article_publisher":"https:\/\/www.facebook.com\/keoutdoordesign.us","article_modified_time":"2025-06-10T14:42:19+00:00","og_image":[{"width":1260,"height":630,"url":"https:\/\/www.keoutdoordesign.com\/wp-content\/uploads\/2022\/06\/ke_logo.png","type":"image\/png"}],"twitter_card":"summary_large_image","twitter_site":"@keoutdoordesign","schema":{"@context":"https:\/\/schema.org","@graph":[{"@type":"WebPage","@id":"https:\/\/www.keoutdoordesign.com\/es-es\/empresa\/somos\/","url":"https:\/\/www.keoutdoordesign.com\/es-es\/empresa\/somos\/","name":"Empresa | KE Outdoor Design","isPartOf":{"@id":"https:\/\/www.keoutdoordesign.com\/it-it\/#website"},"datePublished":"2019-05-30T09:19:48+00:00","dateModified":"2025-06-10T14:42:19+00:00","description":"En KE buscamos la excelenc\u00eda cada d\u00eda, por eso nos hemos convertido en l\u00edderes dentro del sector de la producci\u00f3n de sistemas de sombreado para exteriores.","breadcrumb":{"@id":"https:\/\/www.keoutdoordesign.com\/es-es\/empresa\/somos\/#breadcrumb"},"inLanguage":"es","potentialAction":[{"@type":"ReadAction","target":["https:\/\/www.keoutdoordesign.com\/es-es\/empresa\/somos\/"]}]},{"@type":"BreadcrumbList","@id":"https:\/\/www.keoutdoordesign.com\/es-es\/empresa\/somos\/#breadcrumb","itemListElement":[{"@type":"ListItem","position":1,"name":"Home","item":"https:\/\/www.keoutdoordesign.com\/es-es\/"},{"@type":"ListItem","position":2,"name":"Empresa","item":"https:\/\/www.keoutdoordesign.com\/es-es\/empresa\/"},{"@type":"ListItem","position":3,"name":"Somos"}]},{"@type":"WebSite","@id":"https:\/\/www.keoutdoordesign.com\/it-it\/#website","url":"https:\/\/www.keoutdoordesign.com\/it-it\/","name":"KE Outdoor Design","description":"Un nuovo sito targato WordPress","publisher":{"@id":"https:\/\/www.keoutdoordesign.com\/it-it\/#organization"},"potentialAction":[{"@type":"SearchAction","target":{"@type":"EntryPoint","urlTemplate":"https:\/\/www.keoutdoordesign.com\/it-it\/?s={search_term_string}"},"query-input":{"@type":"PropertyValueSpecification","valueRequired":true,"valueName":"search_term_string"}}],"inLanguage":"es"},{"@type":"Organization","@id":"https:\/\/www.keoutdoordesign.com\/it-it\/#organization","name":"KE Outdoor Design","url":"https:\/\/www.keoutdoordesign.com\/it-it\/","logo":{"@type":"ImageObject","inLanguage":"es","@id":"https:\/\/www.keoutdoordesign.com\/it-it\/#\/schema\/logo\/image\/","url":"https:\/\/www.keoutdoordesign.com\/wp-content\/uploads\/2020\/02\/KE-logo-Primary-e1591282842174.jpg","contentUrl":"https:\/\/www.keoutdoordesign.com\/wp-content\/uploads\/2020\/02\/KE-logo-Primary-e1591282842174.jpg","width":500,"height":396,"caption":"KE Outdoor Design"},"image":{"@id":"https:\/\/www.keoutdoordesign.com\/it-it\/#\/schema\/logo\/image\/"},"sameAs":["https:\/\/www.facebook.com\/keoutdoordesign.us","https:\/\/x.com\/keoutdoordesign","https:\/\/www.facebook.com\/keoutdoordesign","https:\/\/www.youtube.com\/channel\/UCSoMQryJpLqD53bAoZLg2Vg","https:\/\/www.pinterest.it\/keoutdoordesign\/","https:\/\/www.instagram.com\/keoutdoordesign\/","https:\/\/www.linkedin.com\/company\/ke-outdoor-design\/"]}]}},"_links":{"self":[{"href":"https:\/\/www.keoutdoordesign.com\/es-es\/wp-json\/wp\/v2\/pages\/3847","targetHints":{"allow":["GET"]}}],"collection":[{"href":"https:\/\/www.keoutdoordesign.com\/es-es\/wp-json\/wp\/v2\/pages"}],"about":[{"href":"https:\/\/www.keoutdoordesign.com\/es-es\/wp-json\/wp\/v2\/types\/page"}],"author":[{"embeddable":true,"href":"https:\/\/www.keoutdoordesign.com\/es-es\/wp-json\/wp\/v2\/users\/10608"}],"replies":[{"embeddable":true,"href":"https:\/\/www.keoutdoordesign.com\/es-es\/wp-json\/wp\/v2\/comments?post=3847"}],"version-history":[{"count":8,"href":"https:\/\/www.keoutdoordesign.com\/es-es\/wp-json\/wp\/v2\/pages\/3847\/revisions"}],"predecessor-version":[{"id":109688,"href":"https:\/\/www.keoutdoordesign.com\/es-es\/wp-json\/wp\/v2\/pages\/3847\/revisions\/109688"}],"up":[{"embeddable":true,"href":"https:\/\/www.keoutdoordesign.com\/es-es\/wp-json\/wp\/v2\/pages\/3837"}],"wp:attachment":[{"href":"https:\/\/www.keoutdoordesign.com\/es-es\/wp-json\/wp\/v2\/media?parent=3847"}],"curies":[{"name":"wp","href":"https:\/\/api.w.org\/{rel}","templated":true}]}}