{"id":3371,"date":"2019-05-28T15:25:55","date_gmt":"2019-05-28T13:25:55","guid":{"rendered":"http:\/\/ke.localhost.it\/?page_id=3371"},"modified":"2019-06-13T17:14:23","modified_gmt":"2019-06-13T15:14:23","slug":"ke-la-eleccion-giusta","status":"publish","type":"page","link":"https:\/\/www.keoutdoordesign.com\/es-es\/ke-la-eleccion-giusta\/","title":{"rendered":"KE &#8211; La elecci\u00f3n giusta"},"content":{"rendered":"<p>La <strong>innovaci\u00f3n, la creatividad y la originalidad<\/strong> son las bases que sustentan nuestro trabajo. Adem\u00e1s, aplicamos los \u00faltimos avances tecnol\u00f3gicos en ingenier\u00eda para crear <strong>sistemas de sombreado \u00fanicos y de alta eficiencia y rendimiento<\/strong>. \u00bfNuestro objetivo? Brindar a nuestros clientes soluciones de calidad exclusivas y ajustadas a sus necesidades.<\/p>\n<p>Este es el motivo tambi\u00e9n por el que las <strong>p\u00e9rgolas y toldos de KE<\/strong> han sido dise\u00f1ados buscando el equilibrio perfecto entre tecnolog\u00eda, funcionalidad y personalizaci\u00f3n del dise\u00f1o. De hecho, abordamos una gran variedad de estilos est\u00e9ticos con el prop\u00f3sito de conseguir que cada espacio exterior sea \u00fanico y diferente.<\/p>\n<p>Adem\u00e1s, todos nuestros <strong>sistemas de sombreado<\/strong> han sido homologados y certificados por las instituciones m\u00e1s exigentes. De hecho, m\u00e1s all\u00e1 de lucir el sello CE de la Uni\u00f3n Europea y cumplir con las normativas de calidad y seguridad EN 13561 y EN 1090, disponemos de otra gran variedad de reconocimientos que avalan la calidad, la seguridad y la eficiencia de nuestros trabajos.<\/p>\n<p>En este sentido, formamos parte del consorcio FLA que desde hace m\u00e1s de siete d\u00e9cadas lleva velando por el desarrollo de empresas italianas y promoviendo el sello Made in Italy por todo el mundo. Sin duda, s\u00edmbolos de calidad adicional de los que nos sentimos especialmente orgullosos.<\/p>\n<p>El trabajo en equipo con nuestros socios y colaboradores es un concepto clave de nuestra idea de negocio. Pero, m\u00e1s all\u00e1 de eso, tambi\u00e9n situamos al <strong>cliente en el centro de nuestros dise\u00f1os<\/strong> para que, al final, acabe llev\u00e1ndose a casa productos que le sean \u00fatiles y que se amolden a sus requerimientos y deseos.<\/p>\n","protected":false},"excerpt":{"rendered":"<p>La innovaci\u00f3n, la creatividad y la originalidad son las bases que sustentan nuestro trabajo. Adem\u00e1s, aplicamos los \u00faltimos avances tecnol\u00f3gicos&hellip;<\/p>\n","protected":false},"author":10608,"featured_media":108200,"parent":0,"menu_order":32,"comment_status":"closed","ping_status":"closed","template":"page-templates\/right-choice.php","meta":{"_acf_changed":false,"footnotes":""},"class_list":["post-3371","page","type-page","status-publish","has-post-thumbnail","hentry"],"acf":[],"yoast_head":"<!-- This site is optimized with the Yoast SEO Premium plugin v20.12 (Yoast SEO v27.4) - https:\/\/yoast.com\/product\/yoast-seo-premium-wordpress\/ -->\n<title>KE - La elecci\u00f3n giusta -<\/title>\n<meta name=\"robots\" content=\"index, follow, max-snippet:-1, max-image-preview:large, max-video-preview:-1\" \/>\n<link rel=\"canonical\" href=\"https:\/\/www.keoutdoordesign.com\/es-es\/ke-la-eleccion-giusta\/\" \/>\n<meta property=\"og:locale\" content=\"es_ES\" \/>\n<meta property=\"og:type\" content=\"article\" \/>\n<meta property=\"og:title\" content=\"KE - La elecci\u00f3n giusta\" \/>\n<meta property=\"og:description\" content=\"La innovaci\u00f3n, la creatividad y la originalidad son las bases que sustentan nuestro trabajo. Adem\u00e1s, aplicamos los \u00faltimos avances tecnol\u00f3gicos&hellip;\" \/>\n<meta property=\"og:url\" content=\"https:\/\/www.keoutdoordesign.com\/es-es\/ke-la-eleccion-giusta\/\" \/>\n<meta property=\"og:site_name\" content=\"KE Outdoor Design\" \/>\n<meta property=\"article:publisher\" content=\"https:\/\/www.facebook.com\/keoutdoordesign.us\" \/>\n<meta property=\"article:modified_time\" content=\"2019-06-13T15:14:23+00:00\" \/>\n<meta property=\"og:image\" content=\"https:\/\/www.keoutdoordesign.com\/wp-content\/uploads\/2022\/06\/ke_logo.png\" \/>\n\t<meta property=\"og:image:width\" content=\"1260\" \/>\n\t<meta property=\"og:image:height\" content=\"630\" \/>\n\t<meta property=\"og:image:type\" content=\"image\/png\" \/>\n<meta name=\"twitter:card\" content=\"summary_large_image\" \/>\n<meta name=\"twitter:site\" content=\"@keoutdoordesign\" \/>\n<script type=\"application\/ld+json\" class=\"yoast-schema-graph\">{\"@context\":\"https:\\\/\\\/schema.org\",\"@graph\":[{\"@type\":\"WebPage\",\"@id\":\"https:\\\/\\\/www.keoutdoordesign.com\\\/es-es\\\/ke-la-eleccion-giusta\\\/\",\"url\":\"https:\\\/\\\/www.keoutdoordesign.com\\\/es-es\\\/ke-la-eleccion-giusta\\\/\",\"name\":\"KE - La elecci\u00f3n giusta -\",\"isPartOf\":{\"@id\":\"https:\\\/\\\/www.keoutdoordesign.com\\\/it-it\\\/#website\"},\"primaryImageOfPage\":{\"@id\":\"https:\\\/\\\/www.keoutdoordesign.com\\\/es-es\\\/ke-la-eleccion-giusta\\\/#primaryimage\"},\"image\":{\"@id\":\"https:\\\/\\\/www.keoutdoordesign.com\\\/es-es\\\/ke-la-eleccion-giusta\\\/#primaryimage\"},\"thumbnailUrl\":\"https:\\\/\\\/www.keoutdoordesign.com\\\/wp-content\\\/uploads\\\/2025\\\/04\\\/Pergola-val_d_illiez11.jpg\",\"datePublished\":\"2019-05-28T13:25:55+00:00\",\"dateModified\":\"2019-06-13T15:14:23+00:00\",\"breadcrumb\":{\"@id\":\"https:\\\/\\\/www.keoutdoordesign.com\\\/es-es\\\/ke-la-eleccion-giusta\\\/#breadcrumb\"},\"inLanguage\":\"es\",\"potentialAction\":[{\"@type\":\"ReadAction\",\"target\":[\"https:\\\/\\\/www.keoutdoordesign.com\\\/es-es\\\/ke-la-eleccion-giusta\\\/\"]}]},{\"@type\":\"ImageObject\",\"inLanguage\":\"es\",\"@id\":\"https:\\\/\\\/www.keoutdoordesign.com\\\/es-es\\\/ke-la-eleccion-giusta\\\/#primaryimage\",\"url\":\"https:\\\/\\\/www.keoutdoordesign.com\\\/wp-content\\\/uploads\\\/2025\\\/04\\\/Pergola-val_d_illiez11.jpg\",\"contentUrl\":\"https:\\\/\\\/www.keoutdoordesign.com\\\/wp-content\\\/uploads\\\/2025\\\/04\\\/Pergola-val_d_illiez11.jpg\",\"width\":480,\"height\":320,\"caption\":\"A pergola extends off the back of a house with a beautiful outdoor seating area\"},{\"@type\":\"BreadcrumbList\",\"@id\":\"https:\\\/\\\/www.keoutdoordesign.com\\\/es-es\\\/ke-la-eleccion-giusta\\\/#breadcrumb\",\"itemListElement\":[{\"@type\":\"ListItem\",\"position\":1,\"name\":\"Home\",\"item\":\"https:\\\/\\\/www.keoutdoordesign.com\\\/es-es\\\/\"},{\"@type\":\"ListItem\",\"position\":2,\"name\":\"KE &#8211; La elecci\u00f3n giusta\"}]},{\"@type\":\"WebSite\",\"@id\":\"https:\\\/\\\/www.keoutdoordesign.com\\\/it-it\\\/#website\",\"url\":\"https:\\\/\\\/www.keoutdoordesign.com\\\/it-it\\\/\",\"name\":\"KE Outdoor Design\",\"description\":\"Un nuovo sito targato WordPress\",\"publisher\":{\"@id\":\"https:\\\/\\\/www.keoutdoordesign.com\\\/it-it\\\/#organization\"},\"potentialAction\":[{\"@type\":\"SearchAction\",\"target\":{\"@type\":\"EntryPoint\",\"urlTemplate\":\"https:\\\/\\\/www.keoutdoordesign.com\\\/it-it\\\/?s={search_term_string}\"},\"query-input\":{\"@type\":\"PropertyValueSpecification\",\"valueRequired\":true,\"valueName\":\"search_term_string\"}}],\"inLanguage\":\"es\"},{\"@type\":\"Organization\",\"@id\":\"https:\\\/\\\/www.keoutdoordesign.com\\\/it-it\\\/#organization\",\"name\":\"KE Outdoor Design\",\"url\":\"https:\\\/\\\/www.keoutdoordesign.com\\\/it-it\\\/\",\"logo\":{\"@type\":\"ImageObject\",\"inLanguage\":\"es\",\"@id\":\"https:\\\/\\\/www.keoutdoordesign.com\\\/it-it\\\/#\\\/schema\\\/logo\\\/image\\\/\",\"url\":\"https:\\\/\\\/www.keoutdoordesign.com\\\/wp-content\\\/uploads\\\/2020\\\/02\\\/KE-logo-Primary-e1591282842174.jpg\",\"contentUrl\":\"https:\\\/\\\/www.keoutdoordesign.com\\\/wp-content\\\/uploads\\\/2020\\\/02\\\/KE-logo-Primary-e1591282842174.jpg\",\"width\":500,\"height\":396,\"caption\":\"KE Outdoor Design\"},\"image\":{\"@id\":\"https:\\\/\\\/www.keoutdoordesign.com\\\/it-it\\\/#\\\/schema\\\/logo\\\/image\\\/\"},\"sameAs\":[\"https:\\\/\\\/www.facebook.com\\\/keoutdoordesign.us\",\"https:\\\/\\\/x.com\\\/keoutdoordesign\",\"https:\\\/\\\/www.facebook.com\\\/keoutdoordesign\",\"https:\\\/\\\/www.youtube.com\\\/channel\\\/UCSoMQryJpLqD53bAoZLg2Vg\",\"https:\\\/\\\/www.pinterest.it\\\/keoutdoordesign\\\/\",\"https:\\\/\\\/www.instagram.com\\\/keoutdoordesign\\\/\",\"https:\\\/\\\/www.linkedin.com\\\/company\\\/ke-outdoor-design\\\/\"]}]}<\/script>\n<!-- \/ Yoast SEO Premium plugin. -->","yoast_head_json":{"title":"KE - La elecci\u00f3n giusta -","robots":{"index":"index","follow":"follow","max-snippet":"max-snippet:-1","max-image-preview":"max-image-preview:large","max-video-preview":"max-video-preview:-1"},"canonical":"https:\/\/www.keoutdoordesign.com\/es-es\/ke-la-eleccion-giusta\/","og_locale":"es_ES","og_type":"article","og_title":"KE - La elecci\u00f3n giusta","og_description":"La innovaci\u00f3n, la creatividad y la originalidad son las bases que sustentan nuestro trabajo. Adem\u00e1s, aplicamos los \u00faltimos avances tecnol\u00f3gicos&hellip;","og_url":"https:\/\/www.keoutdoordesign.com\/es-es\/ke-la-eleccion-giusta\/","og_site_name":"KE Outdoor Design","article_publisher":"https:\/\/www.facebook.com\/keoutdoordesign.us","article_modified_time":"2019-06-13T15:14:23+00:00","og_image":[{"width":1260,"height":630,"url":"https:\/\/www.keoutdoordesign.com\/wp-content\/uploads\/2022\/06\/ke_logo.png","type":"image\/png"}],"twitter_card":"summary_large_image","twitter_site":"@keoutdoordesign","schema":{"@context":"https:\/\/schema.org","@graph":[{"@type":"WebPage","@id":"https:\/\/www.keoutdoordesign.com\/es-es\/ke-la-eleccion-giusta\/","url":"https:\/\/www.keoutdoordesign.com\/es-es\/ke-la-eleccion-giusta\/","name":"KE - La elecci\u00f3n giusta -","isPartOf":{"@id":"https:\/\/www.keoutdoordesign.com\/it-it\/#website"},"primaryImageOfPage":{"@id":"https:\/\/www.keoutdoordesign.com\/es-es\/ke-la-eleccion-giusta\/#primaryimage"},"image":{"@id":"https:\/\/www.keoutdoordesign.com\/es-es\/ke-la-eleccion-giusta\/#primaryimage"},"thumbnailUrl":"https:\/\/www.keoutdoordesign.com\/wp-content\/uploads\/2025\/04\/Pergola-val_d_illiez11.jpg","datePublished":"2019-05-28T13:25:55+00:00","dateModified":"2019-06-13T15:14:23+00:00","breadcrumb":{"@id":"https:\/\/www.keoutdoordesign.com\/es-es\/ke-la-eleccion-giusta\/#breadcrumb"},"inLanguage":"es","potentialAction":[{"@type":"ReadAction","target":["https:\/\/www.keoutdoordesign.com\/es-es\/ke-la-eleccion-giusta\/"]}]},{"@type":"ImageObject","inLanguage":"es","@id":"https:\/\/www.keoutdoordesign.com\/es-es\/ke-la-eleccion-giusta\/#primaryimage","url":"https:\/\/www.keoutdoordesign.com\/wp-content\/uploads\/2025\/04\/Pergola-val_d_illiez11.jpg","contentUrl":"https:\/\/www.keoutdoordesign.com\/wp-content\/uploads\/2025\/04\/Pergola-val_d_illiez11.jpg","width":480,"height":320,"caption":"A pergola extends off the back of a house with a beautiful outdoor seating area"},{"@type":"BreadcrumbList","@id":"https:\/\/www.keoutdoordesign.com\/es-es\/ke-la-eleccion-giusta\/#breadcrumb","itemListElement":[{"@type":"ListItem","position":1,"name":"Home","item":"https:\/\/www.keoutdoordesign.com\/es-es\/"},{"@type":"ListItem","position":2,"name":"KE &#8211; La elecci\u00f3n giusta"}]},{"@type":"WebSite","@id":"https:\/\/www.keoutdoordesign.com\/it-it\/#website","url":"https:\/\/www.keoutdoordesign.com\/it-it\/","name":"KE Outdoor Design","description":"Un nuovo sito targato WordPress","publisher":{"@id":"https:\/\/www.keoutdoordesign.com\/it-it\/#organization"},"potentialAction":[{"@type":"SearchAction","target":{"@type":"EntryPoint","urlTemplate":"https:\/\/www.keoutdoordesign.com\/it-it\/?s={search_term_string}"},"query-input":{"@type":"PropertyValueSpecification","valueRequired":true,"valueName":"search_term_string"}}],"inLanguage":"es"},{"@type":"Organization","@id":"https:\/\/www.keoutdoordesign.com\/it-it\/#organization","name":"KE Outdoor Design","url":"https:\/\/www.keoutdoordesign.com\/it-it\/","logo":{"@type":"ImageObject","inLanguage":"es","@id":"https:\/\/www.keoutdoordesign.com\/it-it\/#\/schema\/logo\/image\/","url":"https:\/\/www.keoutdoordesign.com\/wp-content\/uploads\/2020\/02\/KE-logo-Primary-e1591282842174.jpg","contentUrl":"https:\/\/www.keoutdoordesign.com\/wp-content\/uploads\/2020\/02\/KE-logo-Primary-e1591282842174.jpg","width":500,"height":396,"caption":"KE Outdoor Design"},"image":{"@id":"https:\/\/www.keoutdoordesign.com\/it-it\/#\/schema\/logo\/image\/"},"sameAs":["https:\/\/www.facebook.com\/keoutdoordesign.us","https:\/\/x.com\/keoutdoordesign","https:\/\/www.facebook.com\/keoutdoordesign","https:\/\/www.youtube.com\/channel\/UCSoMQryJpLqD53bAoZLg2Vg","https:\/\/www.pinterest.it\/keoutdoordesign\/","https:\/\/www.instagram.com\/keoutdoordesign\/","https:\/\/www.linkedin.com\/company\/ke-outdoor-design\/"]}]}},"_links":{"self":[{"href":"https:\/\/www.keoutdoordesign.com\/es-es\/wp-json\/wp\/v2\/pages\/3371","targetHints":{"allow":["GET"]}}],"collection":[{"href":"https:\/\/www.keoutdoordesign.com\/es-es\/wp-json\/wp\/v2\/pages"}],"about":[{"href":"https:\/\/www.keoutdoordesign.com\/es-es\/wp-json\/wp\/v2\/types\/page"}],"author":[{"embeddable":true,"href":"https:\/\/www.keoutdoordesign.com\/es-es\/wp-json\/wp\/v2\/users\/10608"}],"replies":[{"embeddable":true,"href":"https:\/\/www.keoutdoordesign.com\/es-es\/wp-json\/wp\/v2\/comments?post=3371"}],"version-history":[{"count":2,"href":"https:\/\/www.keoutdoordesign.com\/es-es\/wp-json\/wp\/v2\/pages\/3371\/revisions"}],"predecessor-version":[{"id":8044,"href":"https:\/\/www.keoutdoordesign.com\/es-es\/wp-json\/wp\/v2\/pages\/3371\/revisions\/8044"}],"wp:featuredmedia":[{"embeddable":true,"href":"https:\/\/www.keoutdoordesign.com\/es-es\/wp-json\/wp\/v2\/media\/108200"}],"wp:attachment":[{"href":"https:\/\/www.keoutdoordesign.com\/es-es\/wp-json\/wp\/v2\/media?parent=3371"}],"curies":[{"name":"wp","href":"https:\/\/api.w.org\/{rel}","templated":true}]}}