{"id":3369,"date":"2019-05-28T15:25:44","date_gmt":"2019-05-28T13:25:44","guid":{"rendered":"http:\/\/ke.localhost.it\/?page_id=3369"},"modified":"2023-02-07T15:33:15","modified_gmt":"2023-02-07T14:33:15","slug":"arcquitectos","status":"publish","type":"page","link":"https:\/\/www.keoutdoordesign.com\/es-es\/el-mundo-ke\/arcquitectos\/","title":{"rendered":"Arcquitectos"},"content":{"rendered":"<p>Nuestro trabajo diario tiene un objetivo muy claro: incrementar la eficiencia y el estilo de nuestros <strong>toldos<\/strong> hechos a medida o de la <strong>p\u00e9rgola personalizada<\/strong> que anda buscando. Para ello tenemos que conseguir un doble objetivo. El primero es que nuestras soluciones de exterior sean c\u00f3modas para los usuarios y, el segundo, que cuenten con <strong>un dise\u00f1o especial y personal<\/strong> que sea el que siempre quiso.<\/p>\n<p>Es por lo que nuestras cubiertas, toldos y p\u00e9rgolas se conciben siempre de la mano de grandes arquitectos y dise\u00f1adores. Gracias a que nuestros sistemas cuentan con una gran cantidad de componentes a <strong>elegir a su gusto<\/strong>, lo que es m\u00e9rito de los arquitectos que colaboran en nuestros proyectos, la personalizaci\u00f3n de nuestros productos es m\u00e1xima, consiguiendo realmente que la soluci\u00f3n de exterior que elija est\u00e9 hecha a medida.<\/p>\n<p>Pero nuestro trabajo no acaba en los dise\u00f1os. Nuestro <strong>equipo de arquitectos y dise\u00f1adores<\/strong> cuentan con una gran experiencia y le proporcionar\u00e1n el asesoramiento que necesite para encontrar una p\u00e9rgola o un toldo que encaje a la perfecci\u00f3n con el espacio que desea sombrear, as\u00ed sabr\u00e1 siempre que est\u00e1 eligiendo al mejor equipo de profesionales que existe.<\/p>\n<p><span class=\"tlid-translation translation\" lang=\"es\"><span class=\"\" title=\"\">Descargue objetos BIM y modelos 3D en nuestra \u00c1rea de Medios o haciendo clic <a href=\"\/?page_id=11620\">aqu\u00ed<\/a>.<\/span><\/span><\/p>\n","protected":false},"excerpt":{"rendered":"<p>Nuestro trabajo diario tiene un objetivo muy claro: incrementar la eficiencia y el estilo de nuestros toldos hechos a medida&hellip;<\/p>\n","protected":false},"author":10608,"featured_media":37388,"parent":5602,"menu_order":27,"comment_status":"closed","ping_status":"closed","template":"page-templates\/architects.php","meta":{"_acf_changed":false,"footnotes":""},"class_list":["post-3369","page","type-page","status-publish","has-post-thumbnail","hentry"],"acf":[],"yoast_head":"<!-- This site is optimized with the Yoast SEO Premium plugin v20.12 (Yoast SEO v27.0) - https:\/\/yoast.com\/product\/yoast-seo-premium-wordpress\/ -->\n<title>Arcquitectos y dise\u00f1adores - KE Outdoor Design<\/title>\n<meta name=\"description\" content=\"Junto a los arquitectos: socios en creatividad y dise\u00f1o. Nuestro trabajo diario tiene un objetivo muy claro: incrementar la eficiencia y el estilo de nuestros toldos hechos a medida o de la p\u00e9rgola personalizada.\" \/>\n<meta name=\"robots\" content=\"index, follow, max-snippet:-1, max-image-preview:large, max-video-preview:-1\" \/>\n<link rel=\"canonical\" href=\"https:\/\/www.keoutdoordesign.com\/es-es\/el-mundo-ke\/arcquitectos\/\" \/>\n<meta property=\"og:locale\" content=\"es_ES\" \/>\n<meta property=\"og:type\" content=\"article\" \/>\n<meta property=\"og:title\" content=\"Arcquitectos\" \/>\n<meta property=\"og:description\" content=\"Junto a los arquitectos: socios en creatividad y dise\u00f1o. Nuestro trabajo diario tiene un objetivo muy claro: incrementar la eficiencia y el estilo de nuestros toldos hechos a medida o de la p\u00e9rgola personalizada.\" \/>\n<meta property=\"og:url\" content=\"https:\/\/www.keoutdoordesign.com\/es-es\/el-mundo-ke\/arcquitectos\/\" \/>\n<meta property=\"og:site_name\" content=\"KE Outdoor Design\" \/>\n<meta property=\"article:publisher\" content=\"https:\/\/www.facebook.com\/keoutdoordesign.us\" \/>\n<meta property=\"article:modified_time\" content=\"2023-02-07T14:33:15+00:00\" \/>\n<meta property=\"og:image\" content=\"https:\/\/www.keoutdoordesign.com\/wp-content\/uploads\/2022\/06\/ke_logo.png\" \/>\n\t<meta property=\"og:image:width\" content=\"1260\" \/>\n\t<meta property=\"og:image:height\" content=\"630\" \/>\n\t<meta property=\"og:image:type\" content=\"image\/png\" \/>\n<meta name=\"twitter:card\" content=\"summary_large_image\" \/>\n<meta name=\"twitter:site\" content=\"@keoutdoordesign\" \/>\n<script type=\"application\/ld+json\" class=\"yoast-schema-graph\">{\"@context\":\"https:\/\/schema.org\",\"@graph\":[{\"@type\":\"WebPage\",\"@id\":\"https:\/\/www.keoutdoordesign.com\/es-es\/el-mundo-ke\/arcquitectos\/\",\"url\":\"https:\/\/www.keoutdoordesign.com\/es-es\/el-mundo-ke\/arcquitectos\/\",\"name\":\"Arcquitectos y dise\u00f1adores - KE Outdoor Design\",\"isPartOf\":{\"@id\":\"https:\/\/www.keoutdoordesign.com\/it-it\/#website\"},\"primaryImageOfPage\":{\"@id\":\"https:\/\/www.keoutdoordesign.com\/es-es\/el-mundo-ke\/arcquitectos\/#primaryimage\"},\"image\":{\"@id\":\"https:\/\/www.keoutdoordesign.com\/es-es\/el-mundo-ke\/arcquitectos\/#primaryimage\"},\"thumbnailUrl\":\"https:\/\/www.keoutdoordesign.com\/wp-content\/uploads\/2021\/06\/aluminium-louvered-pergola-ke-kedry-prime-1.jpg\",\"datePublished\":\"2019-05-28T13:25:44+00:00\",\"dateModified\":\"2023-02-07T14:33:15+00:00\",\"description\":\"Junto a los arquitectos: socios en creatividad y dise\u00f1o. Nuestro trabajo diario tiene un objetivo muy claro: incrementar la eficiencia y el estilo de nuestros toldos hechos a medida o de la p\u00e9rgola personalizada.\",\"breadcrumb\":{\"@id\":\"https:\/\/www.keoutdoordesign.com\/es-es\/el-mundo-ke\/arcquitectos\/#breadcrumb\"},\"inLanguage\":\"es\",\"potentialAction\":[{\"@type\":\"ReadAction\",\"target\":[\"https:\/\/www.keoutdoordesign.com\/es-es\/el-mundo-ke\/arcquitectos\/\"]}]},{\"@type\":\"ImageObject\",\"inLanguage\":\"es\",\"@id\":\"https:\/\/www.keoutdoordesign.com\/es-es\/el-mundo-ke\/arcquitectos\/#primaryimage\",\"url\":\"https:\/\/www.keoutdoordesign.com\/wp-content\/uploads\/2021\/06\/aluminium-louvered-pergola-ke-kedry-prime-1.jpg\",\"contentUrl\":\"https:\/\/www.keoutdoordesign.com\/wp-content\/uploads\/2021\/06\/aluminium-louvered-pergola-ke-kedry-prime-1.jpg\",\"width\":1200,\"height\":800,\"caption\":\"aluminium-louvered-pergola-ke-kedry-prime-1\"},{\"@type\":\"BreadcrumbList\",\"@id\":\"https:\/\/www.keoutdoordesign.com\/es-es\/el-mundo-ke\/arcquitectos\/#breadcrumb\",\"itemListElement\":[{\"@type\":\"ListItem\",\"position\":1,\"name\":\"Home\",\"item\":\"https:\/\/www.keoutdoordesign.com\/es-es\/\"},{\"@type\":\"ListItem\",\"position\":2,\"name\":\"El mundo KE\",\"item\":\"https:\/\/www.keoutdoordesign.com\/es-es\/el-mundo-ke\/\"},{\"@type\":\"ListItem\",\"position\":3,\"name\":\"Arcquitectos\"}]},{\"@type\":\"WebSite\",\"@id\":\"https:\/\/www.keoutdoordesign.com\/it-it\/#website\",\"url\":\"https:\/\/www.keoutdoordesign.com\/it-it\/\",\"name\":\"KE Outdoor Design\",\"description\":\"Un nuovo sito targato WordPress\",\"publisher\":{\"@id\":\"https:\/\/www.keoutdoordesign.com\/it-it\/#organization\"},\"potentialAction\":[{\"@type\":\"SearchAction\",\"target\":{\"@type\":\"EntryPoint\",\"urlTemplate\":\"https:\/\/www.keoutdoordesign.com\/it-it\/?s={search_term_string}\"},\"query-input\":{\"@type\":\"PropertyValueSpecification\",\"valueRequired\":true,\"valueName\":\"search_term_string\"}}],\"inLanguage\":\"es\"},{\"@type\":\"Organization\",\"@id\":\"https:\/\/www.keoutdoordesign.com\/it-it\/#organization\",\"name\":\"KE Outdoor Design\",\"url\":\"https:\/\/www.keoutdoordesign.com\/it-it\/\",\"logo\":{\"@type\":\"ImageObject\",\"inLanguage\":\"es\",\"@id\":\"https:\/\/www.keoutdoordesign.com\/it-it\/#\/schema\/logo\/image\/\",\"url\":\"https:\/\/www.keoutdoordesign.com\/wp-content\/uploads\/2020\/02\/KE-logo-Primary-e1591282842174.jpg\",\"contentUrl\":\"https:\/\/www.keoutdoordesign.com\/wp-content\/uploads\/2020\/02\/KE-logo-Primary-e1591282842174.jpg\",\"width\":500,\"height\":396,\"caption\":\"KE Outdoor Design\"},\"image\":{\"@id\":\"https:\/\/www.keoutdoordesign.com\/it-it\/#\/schema\/logo\/image\/\"},\"sameAs\":[\"https:\/\/www.facebook.com\/keoutdoordesign.us\",\"https:\/\/x.com\/keoutdoordesign\",\"https:\/\/www.facebook.com\/keoutdoordesign\",\"https:\/\/www.youtube.com\/channel\/UCSoMQryJpLqD53bAoZLg2Vg\",\"https:\/\/www.pinterest.it\/keoutdoordesign\/\",\"https:\/\/www.instagram.com\/keoutdoordesign\/\",\"https:\/\/www.linkedin.com\/company\/ke-outdoor-design\/\"]}]}<\/script>\n<!-- \/ Yoast SEO Premium plugin. -->","yoast_head_json":{"title":"Arcquitectos y dise\u00f1adores - KE Outdoor Design","description":"Junto a los arquitectos: socios en creatividad y dise\u00f1o. Nuestro trabajo diario tiene un objetivo muy claro: incrementar la eficiencia y el estilo de nuestros toldos hechos a medida o de la p\u00e9rgola personalizada.","robots":{"index":"index","follow":"follow","max-snippet":"max-snippet:-1","max-image-preview":"max-image-preview:large","max-video-preview":"max-video-preview:-1"},"canonical":"https:\/\/www.keoutdoordesign.com\/es-es\/el-mundo-ke\/arcquitectos\/","og_locale":"es_ES","og_type":"article","og_title":"Arcquitectos","og_description":"Junto a los arquitectos: socios en creatividad y dise\u00f1o. Nuestro trabajo diario tiene un objetivo muy claro: incrementar la eficiencia y el estilo de nuestros toldos hechos a medida o de la p\u00e9rgola personalizada.","og_url":"https:\/\/www.keoutdoordesign.com\/es-es\/el-mundo-ke\/arcquitectos\/","og_site_name":"KE Outdoor Design","article_publisher":"https:\/\/www.facebook.com\/keoutdoordesign.us","article_modified_time":"2023-02-07T14:33:15+00:00","og_image":[{"width":1260,"height":630,"url":"https:\/\/www.keoutdoordesign.com\/wp-content\/uploads\/2022\/06\/ke_logo.png","type":"image\/png"}],"twitter_card":"summary_large_image","twitter_site":"@keoutdoordesign","schema":{"@context":"https:\/\/schema.org","@graph":[{"@type":"WebPage","@id":"https:\/\/www.keoutdoordesign.com\/es-es\/el-mundo-ke\/arcquitectos\/","url":"https:\/\/www.keoutdoordesign.com\/es-es\/el-mundo-ke\/arcquitectos\/","name":"Arcquitectos y dise\u00f1adores - KE Outdoor Design","isPartOf":{"@id":"https:\/\/www.keoutdoordesign.com\/it-it\/#website"},"primaryImageOfPage":{"@id":"https:\/\/www.keoutdoordesign.com\/es-es\/el-mundo-ke\/arcquitectos\/#primaryimage"},"image":{"@id":"https:\/\/www.keoutdoordesign.com\/es-es\/el-mundo-ke\/arcquitectos\/#primaryimage"},"thumbnailUrl":"https:\/\/www.keoutdoordesign.com\/wp-content\/uploads\/2021\/06\/aluminium-louvered-pergola-ke-kedry-prime-1.jpg","datePublished":"2019-05-28T13:25:44+00:00","dateModified":"2023-02-07T14:33:15+00:00","description":"Junto a los arquitectos: socios en creatividad y dise\u00f1o. Nuestro trabajo diario tiene un objetivo muy claro: incrementar la eficiencia y el estilo de nuestros toldos hechos a medida o de la p\u00e9rgola personalizada.","breadcrumb":{"@id":"https:\/\/www.keoutdoordesign.com\/es-es\/el-mundo-ke\/arcquitectos\/#breadcrumb"},"inLanguage":"es","potentialAction":[{"@type":"ReadAction","target":["https:\/\/www.keoutdoordesign.com\/es-es\/el-mundo-ke\/arcquitectos\/"]}]},{"@type":"ImageObject","inLanguage":"es","@id":"https:\/\/www.keoutdoordesign.com\/es-es\/el-mundo-ke\/arcquitectos\/#primaryimage","url":"https:\/\/www.keoutdoordesign.com\/wp-content\/uploads\/2021\/06\/aluminium-louvered-pergola-ke-kedry-prime-1.jpg","contentUrl":"https:\/\/www.keoutdoordesign.com\/wp-content\/uploads\/2021\/06\/aluminium-louvered-pergola-ke-kedry-prime-1.jpg","width":1200,"height":800,"caption":"aluminium-louvered-pergola-ke-kedry-prime-1"},{"@type":"BreadcrumbList","@id":"https:\/\/www.keoutdoordesign.com\/es-es\/el-mundo-ke\/arcquitectos\/#breadcrumb","itemListElement":[{"@type":"ListItem","position":1,"name":"Home","item":"https:\/\/www.keoutdoordesign.com\/es-es\/"},{"@type":"ListItem","position":2,"name":"El mundo KE","item":"https:\/\/www.keoutdoordesign.com\/es-es\/el-mundo-ke\/"},{"@type":"ListItem","position":3,"name":"Arcquitectos"}]},{"@type":"WebSite","@id":"https:\/\/www.keoutdoordesign.com\/it-it\/#website","url":"https:\/\/www.keoutdoordesign.com\/it-it\/","name":"KE Outdoor Design","description":"Un nuovo sito targato WordPress","publisher":{"@id":"https:\/\/www.keoutdoordesign.com\/it-it\/#organization"},"potentialAction":[{"@type":"SearchAction","target":{"@type":"EntryPoint","urlTemplate":"https:\/\/www.keoutdoordesign.com\/it-it\/?s={search_term_string}"},"query-input":{"@type":"PropertyValueSpecification","valueRequired":true,"valueName":"search_term_string"}}],"inLanguage":"es"},{"@type":"Organization","@id":"https:\/\/www.keoutdoordesign.com\/it-it\/#organization","name":"KE Outdoor Design","url":"https:\/\/www.keoutdoordesign.com\/it-it\/","logo":{"@type":"ImageObject","inLanguage":"es","@id":"https:\/\/www.keoutdoordesign.com\/it-it\/#\/schema\/logo\/image\/","url":"https:\/\/www.keoutdoordesign.com\/wp-content\/uploads\/2020\/02\/KE-logo-Primary-e1591282842174.jpg","contentUrl":"https:\/\/www.keoutdoordesign.com\/wp-content\/uploads\/2020\/02\/KE-logo-Primary-e1591282842174.jpg","width":500,"height":396,"caption":"KE Outdoor Design"},"image":{"@id":"https:\/\/www.keoutdoordesign.com\/it-it\/#\/schema\/logo\/image\/"},"sameAs":["https:\/\/www.facebook.com\/keoutdoordesign.us","https:\/\/x.com\/keoutdoordesign","https:\/\/www.facebook.com\/keoutdoordesign","https:\/\/www.youtube.com\/channel\/UCSoMQryJpLqD53bAoZLg2Vg","https:\/\/www.pinterest.it\/keoutdoordesign\/","https:\/\/www.instagram.com\/keoutdoordesign\/","https:\/\/www.linkedin.com\/company\/ke-outdoor-design\/"]}]}},"_links":{"self":[{"href":"https:\/\/www.keoutdoordesign.com\/es-es\/wp-json\/wp\/v2\/pages\/3369","targetHints":{"allow":["GET"]}}],"collection":[{"href":"https:\/\/www.keoutdoordesign.com\/es-es\/wp-json\/wp\/v2\/pages"}],"about":[{"href":"https:\/\/www.keoutdoordesign.com\/es-es\/wp-json\/wp\/v2\/types\/page"}],"author":[{"embeddable":true,"href":"https:\/\/www.keoutdoordesign.com\/es-es\/wp-json\/wp\/v2\/users\/10608"}],"replies":[{"embeddable":true,"href":"https:\/\/www.keoutdoordesign.com\/es-es\/wp-json\/wp\/v2\/comments?post=3369"}],"version-history":[{"count":13,"href":"https:\/\/www.keoutdoordesign.com\/es-es\/wp-json\/wp\/v2\/pages\/3369\/revisions"}],"predecessor-version":[{"id":55240,"href":"https:\/\/www.keoutdoordesign.com\/es-es\/wp-json\/wp\/v2\/pages\/3369\/revisions\/55240"}],"up":[{"embeddable":true,"href":"https:\/\/www.keoutdoordesign.com\/es-es\/wp-json\/wp\/v2\/pages\/5602"}],"wp:featuredmedia":[{"embeddable":true,"href":"https:\/\/www.keoutdoordesign.com\/es-es\/wp-json\/wp\/v2\/media\/37388"}],"wp:attachment":[{"href":"https:\/\/www.keoutdoordesign.com\/es-es\/wp-json\/wp\/v2\/media?parent=3369"}],"curies":[{"name":"wp","href":"https:\/\/api.w.org\/{rel}","templated":true}]}}