{"id":3365,"date":"2019-05-28T15:25:31","date_gmt":"2019-05-28T13:25:31","guid":{"rendered":"http:\/\/ke.localhost.it\/?page_id=3365"},"modified":"2023-07-14T15:07:21","modified_gmt":"2023-07-14T13:07:21","slug":"ke-academy","status":"publish","type":"page","link":"https:\/\/www.keoutdoordesign.com\/es-es\/el-mundo-ke\/ke-academy\/","title":{"rendered":"KE Academy"},"content":{"rendered":"<p>El mercado de los <strong>toldos y de las cubiertas<\/strong><strong> para<\/strong><strong> exterior<\/strong> est\u00e1 en continua evoluci\u00f3n y es muy competitivo, regulado por normativas complejas o desarrollos t\u00e9cnicos importantes. Hemos decidido poner nuestra experiencia y competencia al servicio de nuestros socios, distribuidores y de todo el personal <strong>t\u00e9cnico que colabora con nosotros, creando el KE Academy.<br \/>\n<\/strong>Esta especial academia es un momento de puesta en com\u00fan y crecimiento, un calendario de eventos de formaci\u00f3n destinado a diferentes p\u00fablicos, para estar siempre al d\u00eda y aumentar nuestro nivel de competencia.<br \/>\nUna vez al mes, de noviembre a febrero, en las oficinas centrales en Noventa di Piave (Venezia), se realizar\u00e1n cursos de 3 d\u00edas de duraci\u00f3n con presentaciones y demostraciones pr\u00e1cticas de las usos de nuestros productos.<\/p>\n<p>\u00bfQuer\u00e9is crecer profesionalmente?<br \/>\nContactad con nosotros a trav\u00e9s del formulario y os comunicaremos el calendario de todas las citas KE Academy.<\/p>\n","protected":false},"excerpt":{"rendered":"<p>El mercado de los toldos y de las cubiertas para exterior est\u00e1 en continua evoluci\u00f3n y es muy competitivo, regulado&hellip;<\/p>\n","protected":false},"author":10608,"featured_media":5598,"parent":5602,"menu_order":25,"comment_status":"closed","ping_status":"closed","template":"page-templates\/academy.php","meta":{"_acf_changed":false,"footnotes":""},"class_list":["post-3365","page","type-page","status-publish","has-post-thumbnail","hentry"],"acf":[],"yoast_head":"<!-- This site is optimized with the Yoast SEO Premium plugin v20.12 (Yoast SEO v27.3) - https:\/\/yoast.com\/product\/yoast-seo-premium-wordpress\/ -->\n<title>KE Academy | KE Outdoor Design<\/title>\n<meta name=\"description\" content=\"Si quiere estar siempre al d\u00eda y aumentar nuestro nivel de competencia en un mercado en continua evoluci\u00f3n \u00a1no dude en informarse!\" \/>\n<meta name=\"robots\" content=\"index, follow, max-snippet:-1, max-image-preview:large, max-video-preview:-1\" \/>\n<link rel=\"canonical\" href=\"https:\/\/www.keoutdoordesign.com\/es-es\/el-mundo-ke\/ke-academy\/\" \/>\n<meta property=\"og:locale\" content=\"es_ES\" \/>\n<meta property=\"og:type\" content=\"article\" \/>\n<meta property=\"og:title\" content=\"KE Academy\" \/>\n<meta property=\"og:description\" content=\"Si quiere estar siempre al d\u00eda y aumentar nuestro nivel de competencia en un mercado en continua evoluci\u00f3n \u00a1no dude en informarse!\" \/>\n<meta property=\"og:url\" content=\"https:\/\/www.keoutdoordesign.com\/es-es\/el-mundo-ke\/ke-academy\/\" \/>\n<meta property=\"og:site_name\" content=\"KE Outdoor Design\" \/>\n<meta property=\"article:publisher\" content=\"https:\/\/www.facebook.com\/keoutdoordesign.us\" \/>\n<meta property=\"article:modified_time\" content=\"2023-07-14T13:07:21+00:00\" \/>\n<meta property=\"og:image\" content=\"https:\/\/www.keoutdoordesign.com\/wp-content\/uploads\/2019\/06\/Academy-1.jpg\" \/>\n\t<meta property=\"og:image:width\" content=\"2400\" \/>\n\t<meta property=\"og:image:height\" content=\"1220\" \/>\n\t<meta property=\"og:image:type\" content=\"image\/jpeg\" \/>\n<meta name=\"twitter:card\" content=\"summary_large_image\" \/>\n<meta name=\"twitter:site\" content=\"@keoutdoordesign\" \/>\n<script type=\"application\/ld+json\" class=\"yoast-schema-graph\">{\"@context\":\"https:\\\/\\\/schema.org\",\"@graph\":[{\"@type\":\"WebPage\",\"@id\":\"https:\\\/\\\/www.keoutdoordesign.com\\\/es-es\\\/el-mundo-ke\\\/ke-academy\\\/\",\"url\":\"https:\\\/\\\/www.keoutdoordesign.com\\\/es-es\\\/el-mundo-ke\\\/ke-academy\\\/\",\"name\":\"KE Academy | KE Outdoor Design\",\"isPartOf\":{\"@id\":\"https:\\\/\\\/www.keoutdoordesign.com\\\/it-it\\\/#website\"},\"primaryImageOfPage\":{\"@id\":\"https:\\\/\\\/www.keoutdoordesign.com\\\/es-es\\\/el-mundo-ke\\\/ke-academy\\\/#primaryimage\"},\"image\":{\"@id\":\"https:\\\/\\\/www.keoutdoordesign.com\\\/es-es\\\/el-mundo-ke\\\/ke-academy\\\/#primaryimage\"},\"thumbnailUrl\":\"https:\\\/\\\/www.keoutdoordesign.com\\\/wp-content\\\/uploads\\\/2019\\\/06\\\/Academy-1.jpg\",\"datePublished\":\"2019-05-28T13:25:31+00:00\",\"dateModified\":\"2023-07-14T13:07:21+00:00\",\"description\":\"Si quiere estar siempre al d\u00eda y aumentar nuestro nivel de competencia en un mercado en continua evoluci\u00f3n \u00a1no dude en informarse!\",\"breadcrumb\":{\"@id\":\"https:\\\/\\\/www.keoutdoordesign.com\\\/es-es\\\/el-mundo-ke\\\/ke-academy\\\/#breadcrumb\"},\"inLanguage\":\"es\",\"potentialAction\":[{\"@type\":\"ReadAction\",\"target\":[\"https:\\\/\\\/www.keoutdoordesign.com\\\/es-es\\\/el-mundo-ke\\\/ke-academy\\\/\"]}]},{\"@type\":\"ImageObject\",\"inLanguage\":\"es\",\"@id\":\"https:\\\/\\\/www.keoutdoordesign.com\\\/es-es\\\/el-mundo-ke\\\/ke-academy\\\/#primaryimage\",\"url\":\"https:\\\/\\\/www.keoutdoordesign.com\\\/wp-content\\\/uploads\\\/2019\\\/06\\\/Academy-1.jpg\",\"contentUrl\":\"https:\\\/\\\/www.keoutdoordesign.com\\\/wp-content\\\/uploads\\\/2019\\\/06\\\/Academy-1.jpg\",\"width\":2400,\"height\":1220},{\"@type\":\"BreadcrumbList\",\"@id\":\"https:\\\/\\\/www.keoutdoordesign.com\\\/es-es\\\/el-mundo-ke\\\/ke-academy\\\/#breadcrumb\",\"itemListElement\":[{\"@type\":\"ListItem\",\"position\":1,\"name\":\"Home\",\"item\":\"https:\\\/\\\/www.keoutdoordesign.com\\\/es-es\\\/\"},{\"@type\":\"ListItem\",\"position\":2,\"name\":\"El mundo KE\",\"item\":\"https:\\\/\\\/www.keoutdoordesign.com\\\/es-es\\\/el-mundo-ke\\\/\"},{\"@type\":\"ListItem\",\"position\":3,\"name\":\"KE Academy\"}]},{\"@type\":\"WebSite\",\"@id\":\"https:\\\/\\\/www.keoutdoordesign.com\\\/it-it\\\/#website\",\"url\":\"https:\\\/\\\/www.keoutdoordesign.com\\\/it-it\\\/\",\"name\":\"KE Outdoor Design\",\"description\":\"Un nuovo sito targato WordPress\",\"publisher\":{\"@id\":\"https:\\\/\\\/www.keoutdoordesign.com\\\/it-it\\\/#organization\"},\"potentialAction\":[{\"@type\":\"SearchAction\",\"target\":{\"@type\":\"EntryPoint\",\"urlTemplate\":\"https:\\\/\\\/www.keoutdoordesign.com\\\/it-it\\\/?s={search_term_string}\"},\"query-input\":{\"@type\":\"PropertyValueSpecification\",\"valueRequired\":true,\"valueName\":\"search_term_string\"}}],\"inLanguage\":\"es\"},{\"@type\":\"Organization\",\"@id\":\"https:\\\/\\\/www.keoutdoordesign.com\\\/it-it\\\/#organization\",\"name\":\"KE Outdoor Design\",\"url\":\"https:\\\/\\\/www.keoutdoordesign.com\\\/it-it\\\/\",\"logo\":{\"@type\":\"ImageObject\",\"inLanguage\":\"es\",\"@id\":\"https:\\\/\\\/www.keoutdoordesign.com\\\/it-it\\\/#\\\/schema\\\/logo\\\/image\\\/\",\"url\":\"https:\\\/\\\/www.keoutdoordesign.com\\\/wp-content\\\/uploads\\\/2020\\\/02\\\/KE-logo-Primary-e1591282842174.jpg\",\"contentUrl\":\"https:\\\/\\\/www.keoutdoordesign.com\\\/wp-content\\\/uploads\\\/2020\\\/02\\\/KE-logo-Primary-e1591282842174.jpg\",\"width\":500,\"height\":396,\"caption\":\"KE Outdoor Design\"},\"image\":{\"@id\":\"https:\\\/\\\/www.keoutdoordesign.com\\\/it-it\\\/#\\\/schema\\\/logo\\\/image\\\/\"},\"sameAs\":[\"https:\\\/\\\/www.facebook.com\\\/keoutdoordesign.us\",\"https:\\\/\\\/x.com\\\/keoutdoordesign\",\"https:\\\/\\\/www.facebook.com\\\/keoutdoordesign\",\"https:\\\/\\\/www.youtube.com\\\/channel\\\/UCSoMQryJpLqD53bAoZLg2Vg\",\"https:\\\/\\\/www.pinterest.it\\\/keoutdoordesign\\\/\",\"https:\\\/\\\/www.instagram.com\\\/keoutdoordesign\\\/\",\"https:\\\/\\\/www.linkedin.com\\\/company\\\/ke-outdoor-design\\\/\"]}]}<\/script>\n<!-- \/ Yoast SEO Premium plugin. -->","yoast_head_json":{"title":"KE Academy | KE Outdoor Design","description":"Si quiere estar siempre al d\u00eda y aumentar nuestro nivel de competencia en un mercado en continua evoluci\u00f3n \u00a1no dude en informarse!","robots":{"index":"index","follow":"follow","max-snippet":"max-snippet:-1","max-image-preview":"max-image-preview:large","max-video-preview":"max-video-preview:-1"},"canonical":"https:\/\/www.keoutdoordesign.com\/es-es\/el-mundo-ke\/ke-academy\/","og_locale":"es_ES","og_type":"article","og_title":"KE Academy","og_description":"Si quiere estar siempre al d\u00eda y aumentar nuestro nivel de competencia en un mercado en continua evoluci\u00f3n \u00a1no dude en informarse!","og_url":"https:\/\/www.keoutdoordesign.com\/es-es\/el-mundo-ke\/ke-academy\/","og_site_name":"KE Outdoor Design","article_publisher":"https:\/\/www.facebook.com\/keoutdoordesign.us","article_modified_time":"2023-07-14T13:07:21+00:00","og_image":[{"width":2400,"height":1220,"url":"https:\/\/www.keoutdoordesign.com\/wp-content\/uploads\/2019\/06\/Academy-1.jpg","type":"image\/jpeg"}],"twitter_card":"summary_large_image","twitter_site":"@keoutdoordesign","schema":{"@context":"https:\/\/schema.org","@graph":[{"@type":"WebPage","@id":"https:\/\/www.keoutdoordesign.com\/es-es\/el-mundo-ke\/ke-academy\/","url":"https:\/\/www.keoutdoordesign.com\/es-es\/el-mundo-ke\/ke-academy\/","name":"KE Academy | KE Outdoor Design","isPartOf":{"@id":"https:\/\/www.keoutdoordesign.com\/it-it\/#website"},"primaryImageOfPage":{"@id":"https:\/\/www.keoutdoordesign.com\/es-es\/el-mundo-ke\/ke-academy\/#primaryimage"},"image":{"@id":"https:\/\/www.keoutdoordesign.com\/es-es\/el-mundo-ke\/ke-academy\/#primaryimage"},"thumbnailUrl":"https:\/\/www.keoutdoordesign.com\/wp-content\/uploads\/2019\/06\/Academy-1.jpg","datePublished":"2019-05-28T13:25:31+00:00","dateModified":"2023-07-14T13:07:21+00:00","description":"Si quiere estar siempre al d\u00eda y aumentar nuestro nivel de competencia en un mercado en continua evoluci\u00f3n \u00a1no dude en informarse!","breadcrumb":{"@id":"https:\/\/www.keoutdoordesign.com\/es-es\/el-mundo-ke\/ke-academy\/#breadcrumb"},"inLanguage":"es","potentialAction":[{"@type":"ReadAction","target":["https:\/\/www.keoutdoordesign.com\/es-es\/el-mundo-ke\/ke-academy\/"]}]},{"@type":"ImageObject","inLanguage":"es","@id":"https:\/\/www.keoutdoordesign.com\/es-es\/el-mundo-ke\/ke-academy\/#primaryimage","url":"https:\/\/www.keoutdoordesign.com\/wp-content\/uploads\/2019\/06\/Academy-1.jpg","contentUrl":"https:\/\/www.keoutdoordesign.com\/wp-content\/uploads\/2019\/06\/Academy-1.jpg","width":2400,"height":1220},{"@type":"BreadcrumbList","@id":"https:\/\/www.keoutdoordesign.com\/es-es\/el-mundo-ke\/ke-academy\/#breadcrumb","itemListElement":[{"@type":"ListItem","position":1,"name":"Home","item":"https:\/\/www.keoutdoordesign.com\/es-es\/"},{"@type":"ListItem","position":2,"name":"El mundo KE","item":"https:\/\/www.keoutdoordesign.com\/es-es\/el-mundo-ke\/"},{"@type":"ListItem","position":3,"name":"KE Academy"}]},{"@type":"WebSite","@id":"https:\/\/www.keoutdoordesign.com\/it-it\/#website","url":"https:\/\/www.keoutdoordesign.com\/it-it\/","name":"KE Outdoor Design","description":"Un nuovo sito targato WordPress","publisher":{"@id":"https:\/\/www.keoutdoordesign.com\/it-it\/#organization"},"potentialAction":[{"@type":"SearchAction","target":{"@type":"EntryPoint","urlTemplate":"https:\/\/www.keoutdoordesign.com\/it-it\/?s={search_term_string}"},"query-input":{"@type":"PropertyValueSpecification","valueRequired":true,"valueName":"search_term_string"}}],"inLanguage":"es"},{"@type":"Organization","@id":"https:\/\/www.keoutdoordesign.com\/it-it\/#organization","name":"KE Outdoor Design","url":"https:\/\/www.keoutdoordesign.com\/it-it\/","logo":{"@type":"ImageObject","inLanguage":"es","@id":"https:\/\/www.keoutdoordesign.com\/it-it\/#\/schema\/logo\/image\/","url":"https:\/\/www.keoutdoordesign.com\/wp-content\/uploads\/2020\/02\/KE-logo-Primary-e1591282842174.jpg","contentUrl":"https:\/\/www.keoutdoordesign.com\/wp-content\/uploads\/2020\/02\/KE-logo-Primary-e1591282842174.jpg","width":500,"height":396,"caption":"KE Outdoor Design"},"image":{"@id":"https:\/\/www.keoutdoordesign.com\/it-it\/#\/schema\/logo\/image\/"},"sameAs":["https:\/\/www.facebook.com\/keoutdoordesign.us","https:\/\/x.com\/keoutdoordesign","https:\/\/www.facebook.com\/keoutdoordesign","https:\/\/www.youtube.com\/channel\/UCSoMQryJpLqD53bAoZLg2Vg","https:\/\/www.pinterest.it\/keoutdoordesign\/","https:\/\/www.instagram.com\/keoutdoordesign\/","https:\/\/www.linkedin.com\/company\/ke-outdoor-design\/"]}]}},"_links":{"self":[{"href":"https:\/\/www.keoutdoordesign.com\/es-es\/wp-json\/wp\/v2\/pages\/3365","targetHints":{"allow":["GET"]}}],"collection":[{"href":"https:\/\/www.keoutdoordesign.com\/es-es\/wp-json\/wp\/v2\/pages"}],"about":[{"href":"https:\/\/www.keoutdoordesign.com\/es-es\/wp-json\/wp\/v2\/types\/page"}],"author":[{"embeddable":true,"href":"https:\/\/www.keoutdoordesign.com\/es-es\/wp-json\/wp\/v2\/users\/10608"}],"replies":[{"embeddable":true,"href":"https:\/\/www.keoutdoordesign.com\/es-es\/wp-json\/wp\/v2\/comments?post=3365"}],"version-history":[{"count":3,"href":"https:\/\/www.keoutdoordesign.com\/es-es\/wp-json\/wp\/v2\/pages\/3365\/revisions"}],"predecessor-version":[{"id":8062,"href":"https:\/\/www.keoutdoordesign.com\/es-es\/wp-json\/wp\/v2\/pages\/3365\/revisions\/8062"}],"up":[{"embeddable":true,"href":"https:\/\/www.keoutdoordesign.com\/es-es\/wp-json\/wp\/v2\/pages\/5602"}],"wp:featuredmedia":[{"embeddable":true,"href":"https:\/\/www.keoutdoordesign.com\/es-es\/wp-json\/wp\/v2\/media\/5598"}],"wp:attachment":[{"href":"https:\/\/www.keoutdoordesign.com\/es-es\/wp-json\/wp\/v2\/media?parent=3365"}],"curies":[{"name":"wp","href":"https:\/\/api.w.org\/{rel}","templated":true}]}}