{"id":3363,"date":"2019-05-28T15:25:23","date_gmt":"2019-05-28T13:25:23","guid":{"rendered":"http:\/\/ke.localhost.it\/?page_id=3363"},"modified":"2023-07-13T17:26:10","modified_gmt":"2023-07-13T15:26:10","slug":"el-diseno","status":"publish","type":"page","link":"https:\/\/www.keoutdoordesign.com\/es-es\/servicio\/el-diseno\/","title":{"rendered":"El Dise\u00f1o"},"content":{"rendered":"<p>Dise\u00f1o y personalizaci\u00f3n, desarrolle su proyecto confiando en nosotros<\/p>\n<p>Buscar la belleza por encima de todo es lo que nos ha convertido en detallistas, curiosos y, especialmente, capaces de adelantarnos a modas y tendencias. Dise\u00f1ar <strong>p\u00e9rgolas para nuevos edificios<\/strong>, trabajar con grandes decoradores y dise\u00f1adores o buscar siempre la mejor soluci\u00f3n para su casa o negocio es lo que nos convierte en uno de los <strong>fabricantes de toldos<\/strong> con mayor confianza.<\/p>\n<p>Pero \u00bfcu\u00e1l es el objetivo real de todo nuestro trabajo? <strong>Transformar espacios al aire libre<\/strong> que resulten sorprendentes y le den la bienvenida a quienes finalmente los van a usar. Bajo nuestros toldos y p\u00e9rgolas personalizados podr\u00e1 experimentar el placer de esos peque\u00f1os momentos de bienestar o proporcion\u00e1rselos a sus invitados para que siempre tengan un recuerdo muy especial.<\/p>\n<p>El resultado de nuestra labor como <strong>fabricantes de toldos<\/strong> deja entrever nuestra pasi\u00f3n a la hora de colaborar con <strong>artistas del interiorismo y dise\u00f1adores<\/strong> de diversos \u00e1mbitos, y es que pensamos que la fusi\u00f3n creativa es el camino que conduce a dise\u00f1os irrepetibles. Nuestras soluciones est\u00e1n concebidas en Italia para llegar a todo el mundo dando un perfecto ejemplo de lo que significa la etiqueta Made in Italy, sin\u00f3nimo de sol y placer por el aire libre.<\/p>\n","protected":false},"excerpt":{"rendered":"<p>Dise\u00f1o y personalizaci\u00f3n, desarrolle su proyecto confiando en nosotros Buscar la belleza por encima de todo es lo que nos&hellip;<\/p>\n","protected":false},"author":10608,"featured_media":0,"parent":8022,"menu_order":0,"comment_status":"closed","ping_status":"closed","template":"","meta":{"_acf_changed":false,"footnotes":""},"class_list":["post-3363","page","type-page","status-publish","hentry"],"acf":[],"yoast_head":"<!-- This site is optimized with the Yoast SEO Premium plugin v20.12 (Yoast SEO v27.0) - https:\/\/yoast.com\/product\/yoast-seo-premium-wordpress\/ -->\n<title>Dise\u00f1o | KE Outdoor Design<\/title>\n<meta name=\"description\" content=\"Bajo nuestros toldos y p\u00e9rgolas, personalizados con un gran dise\u00f1o, podr\u00e1 experimentar el placer de esos peque\u00f1os momentos de bienestar. \u00a1Cons\u00faltenos!\" \/>\n<meta name=\"robots\" content=\"index, follow, max-snippet:-1, max-image-preview:large, max-video-preview:-1\" \/>\n<link rel=\"canonical\" href=\"https:\/\/www.keoutdoordesign.com\/es-es\/servicio\/el-diseno\/\" \/>\n<meta property=\"og:locale\" content=\"es_ES\" \/>\n<meta property=\"og:type\" content=\"article\" \/>\n<meta property=\"og:title\" content=\"El Dise\u00f1o\" \/>\n<meta property=\"og:description\" content=\"Bajo nuestros toldos y p\u00e9rgolas, personalizados con un gran dise\u00f1o, podr\u00e1 experimentar el placer de esos peque\u00f1os momentos de bienestar. \u00a1Cons\u00faltenos!\" \/>\n<meta property=\"og:url\" content=\"https:\/\/www.keoutdoordesign.com\/es-es\/servicio\/el-diseno\/\" \/>\n<meta property=\"og:site_name\" content=\"KE Outdoor Design\" \/>\n<meta property=\"article:publisher\" content=\"https:\/\/www.facebook.com\/keoutdoordesign.us\" \/>\n<meta property=\"article:modified_time\" content=\"2023-07-13T15:26:10+00:00\" \/>\n<meta property=\"og:image\" content=\"https:\/\/www.keoutdoordesign.com\/wp-content\/uploads\/2022\/06\/ke_logo.png\" \/>\n\t<meta property=\"og:image:width\" content=\"1260\" \/>\n\t<meta property=\"og:image:height\" content=\"630\" \/>\n\t<meta property=\"og:image:type\" content=\"image\/png\" \/>\n<meta name=\"twitter:card\" content=\"summary_large_image\" \/>\n<meta name=\"twitter:site\" content=\"@keoutdoordesign\" \/>\n<script type=\"application\/ld+json\" class=\"yoast-schema-graph\">{\"@context\":\"https:\/\/schema.org\",\"@graph\":[{\"@type\":\"WebPage\",\"@id\":\"https:\/\/www.keoutdoordesign.com\/es-es\/servicio\/el-diseno\/\",\"url\":\"https:\/\/www.keoutdoordesign.com\/es-es\/servicio\/el-diseno\/\",\"name\":\"Dise\u00f1o | KE Outdoor Design\",\"isPartOf\":{\"@id\":\"https:\/\/www.keoutdoordesign.com\/it-it\/#website\"},\"datePublished\":\"2019-05-28T13:25:23+00:00\",\"dateModified\":\"2023-07-13T15:26:10+00:00\",\"description\":\"Bajo nuestros toldos y p\u00e9rgolas, personalizados con un gran dise\u00f1o, podr\u00e1 experimentar el placer de esos peque\u00f1os momentos de bienestar. \u00a1Cons\u00faltenos!\",\"breadcrumb\":{\"@id\":\"https:\/\/www.keoutdoordesign.com\/es-es\/servicio\/el-diseno\/#breadcrumb\"},\"inLanguage\":\"es\",\"potentialAction\":[{\"@type\":\"ReadAction\",\"target\":[\"https:\/\/www.keoutdoordesign.com\/es-es\/servicio\/el-diseno\/\"]}]},{\"@type\":\"BreadcrumbList\",\"@id\":\"https:\/\/www.keoutdoordesign.com\/es-es\/servicio\/el-diseno\/#breadcrumb\",\"itemListElement\":[{\"@type\":\"ListItem\",\"position\":1,\"name\":\"Home\",\"item\":\"https:\/\/www.keoutdoordesign.com\/es-es\/\"},{\"@type\":\"ListItem\",\"position\":2,\"name\":\"Servicio\",\"item\":\"https:\/\/www.keoutdoordesign.com\/es-es\/servicio\/\"},{\"@type\":\"ListItem\",\"position\":3,\"name\":\"El Dise\u00f1o\"}]},{\"@type\":\"WebSite\",\"@id\":\"https:\/\/www.keoutdoordesign.com\/it-it\/#website\",\"url\":\"https:\/\/www.keoutdoordesign.com\/it-it\/\",\"name\":\"KE Outdoor Design\",\"description\":\"Un nuovo sito targato WordPress\",\"publisher\":{\"@id\":\"https:\/\/www.keoutdoordesign.com\/it-it\/#organization\"},\"potentialAction\":[{\"@type\":\"SearchAction\",\"target\":{\"@type\":\"EntryPoint\",\"urlTemplate\":\"https:\/\/www.keoutdoordesign.com\/it-it\/?s={search_term_string}\"},\"query-input\":{\"@type\":\"PropertyValueSpecification\",\"valueRequired\":true,\"valueName\":\"search_term_string\"}}],\"inLanguage\":\"es\"},{\"@type\":\"Organization\",\"@id\":\"https:\/\/www.keoutdoordesign.com\/it-it\/#organization\",\"name\":\"KE Outdoor Design\",\"url\":\"https:\/\/www.keoutdoordesign.com\/it-it\/\",\"logo\":{\"@type\":\"ImageObject\",\"inLanguage\":\"es\",\"@id\":\"https:\/\/www.keoutdoordesign.com\/it-it\/#\/schema\/logo\/image\/\",\"url\":\"https:\/\/www.keoutdoordesign.com\/wp-content\/uploads\/2020\/02\/KE-logo-Primary-e1591282842174.jpg\",\"contentUrl\":\"https:\/\/www.keoutdoordesign.com\/wp-content\/uploads\/2020\/02\/KE-logo-Primary-e1591282842174.jpg\",\"width\":500,\"height\":396,\"caption\":\"KE Outdoor Design\"},\"image\":{\"@id\":\"https:\/\/www.keoutdoordesign.com\/it-it\/#\/schema\/logo\/image\/\"},\"sameAs\":[\"https:\/\/www.facebook.com\/keoutdoordesign.us\",\"https:\/\/x.com\/keoutdoordesign\",\"https:\/\/www.facebook.com\/keoutdoordesign\",\"https:\/\/www.youtube.com\/channel\/UCSoMQryJpLqD53bAoZLg2Vg\",\"https:\/\/www.pinterest.it\/keoutdoordesign\/\",\"https:\/\/www.instagram.com\/keoutdoordesign\/\",\"https:\/\/www.linkedin.com\/company\/ke-outdoor-design\/\"]}]}<\/script>\n<!-- \/ Yoast SEO Premium plugin. -->","yoast_head_json":{"title":"Dise\u00f1o | KE Outdoor Design","description":"Bajo nuestros toldos y p\u00e9rgolas, personalizados con un gran dise\u00f1o, podr\u00e1 experimentar el placer de esos peque\u00f1os momentos de bienestar. \u00a1Cons\u00faltenos!","robots":{"index":"index","follow":"follow","max-snippet":"max-snippet:-1","max-image-preview":"max-image-preview:large","max-video-preview":"max-video-preview:-1"},"canonical":"https:\/\/www.keoutdoordesign.com\/es-es\/servicio\/el-diseno\/","og_locale":"es_ES","og_type":"article","og_title":"El Dise\u00f1o","og_description":"Bajo nuestros toldos y p\u00e9rgolas, personalizados con un gran dise\u00f1o, podr\u00e1 experimentar el placer de esos peque\u00f1os momentos de bienestar. \u00a1Cons\u00faltenos!","og_url":"https:\/\/www.keoutdoordesign.com\/es-es\/servicio\/el-diseno\/","og_site_name":"KE Outdoor Design","article_publisher":"https:\/\/www.facebook.com\/keoutdoordesign.us","article_modified_time":"2023-07-13T15:26:10+00:00","og_image":[{"width":1260,"height":630,"url":"https:\/\/www.keoutdoordesign.com\/wp-content\/uploads\/2022\/06\/ke_logo.png","type":"image\/png"}],"twitter_card":"summary_large_image","twitter_site":"@keoutdoordesign","schema":{"@context":"https:\/\/schema.org","@graph":[{"@type":"WebPage","@id":"https:\/\/www.keoutdoordesign.com\/es-es\/servicio\/el-diseno\/","url":"https:\/\/www.keoutdoordesign.com\/es-es\/servicio\/el-diseno\/","name":"Dise\u00f1o | KE Outdoor Design","isPartOf":{"@id":"https:\/\/www.keoutdoordesign.com\/it-it\/#website"},"datePublished":"2019-05-28T13:25:23+00:00","dateModified":"2023-07-13T15:26:10+00:00","description":"Bajo nuestros toldos y p\u00e9rgolas, personalizados con un gran dise\u00f1o, podr\u00e1 experimentar el placer de esos peque\u00f1os momentos de bienestar. \u00a1Cons\u00faltenos!","breadcrumb":{"@id":"https:\/\/www.keoutdoordesign.com\/es-es\/servicio\/el-diseno\/#breadcrumb"},"inLanguage":"es","potentialAction":[{"@type":"ReadAction","target":["https:\/\/www.keoutdoordesign.com\/es-es\/servicio\/el-diseno\/"]}]},{"@type":"BreadcrumbList","@id":"https:\/\/www.keoutdoordesign.com\/es-es\/servicio\/el-diseno\/#breadcrumb","itemListElement":[{"@type":"ListItem","position":1,"name":"Home","item":"https:\/\/www.keoutdoordesign.com\/es-es\/"},{"@type":"ListItem","position":2,"name":"Servicio","item":"https:\/\/www.keoutdoordesign.com\/es-es\/servicio\/"},{"@type":"ListItem","position":3,"name":"El Dise\u00f1o"}]},{"@type":"WebSite","@id":"https:\/\/www.keoutdoordesign.com\/it-it\/#website","url":"https:\/\/www.keoutdoordesign.com\/it-it\/","name":"KE Outdoor Design","description":"Un nuovo sito targato WordPress","publisher":{"@id":"https:\/\/www.keoutdoordesign.com\/it-it\/#organization"},"potentialAction":[{"@type":"SearchAction","target":{"@type":"EntryPoint","urlTemplate":"https:\/\/www.keoutdoordesign.com\/it-it\/?s={search_term_string}"},"query-input":{"@type":"PropertyValueSpecification","valueRequired":true,"valueName":"search_term_string"}}],"inLanguage":"es"},{"@type":"Organization","@id":"https:\/\/www.keoutdoordesign.com\/it-it\/#organization","name":"KE Outdoor Design","url":"https:\/\/www.keoutdoordesign.com\/it-it\/","logo":{"@type":"ImageObject","inLanguage":"es","@id":"https:\/\/www.keoutdoordesign.com\/it-it\/#\/schema\/logo\/image\/","url":"https:\/\/www.keoutdoordesign.com\/wp-content\/uploads\/2020\/02\/KE-logo-Primary-e1591282842174.jpg","contentUrl":"https:\/\/www.keoutdoordesign.com\/wp-content\/uploads\/2020\/02\/KE-logo-Primary-e1591282842174.jpg","width":500,"height":396,"caption":"KE Outdoor Design"},"image":{"@id":"https:\/\/www.keoutdoordesign.com\/it-it\/#\/schema\/logo\/image\/"},"sameAs":["https:\/\/www.facebook.com\/keoutdoordesign.us","https:\/\/x.com\/keoutdoordesign","https:\/\/www.facebook.com\/keoutdoordesign","https:\/\/www.youtube.com\/channel\/UCSoMQryJpLqD53bAoZLg2Vg","https:\/\/www.pinterest.it\/keoutdoordesign\/","https:\/\/www.instagram.com\/keoutdoordesign\/","https:\/\/www.linkedin.com\/company\/ke-outdoor-design\/"]}]}},"_links":{"self":[{"href":"https:\/\/www.keoutdoordesign.com\/es-es\/wp-json\/wp\/v2\/pages\/3363","targetHints":{"allow":["GET"]}}],"collection":[{"href":"https:\/\/www.keoutdoordesign.com\/es-es\/wp-json\/wp\/v2\/pages"}],"about":[{"href":"https:\/\/www.keoutdoordesign.com\/es-es\/wp-json\/wp\/v2\/types\/page"}],"author":[{"embeddable":true,"href":"https:\/\/www.keoutdoordesign.com\/es-es\/wp-json\/wp\/v2\/users\/10608"}],"replies":[{"embeddable":true,"href":"https:\/\/www.keoutdoordesign.com\/es-es\/wp-json\/wp\/v2\/comments?post=3363"}],"version-history":[{"count":2,"href":"https:\/\/www.keoutdoordesign.com\/es-es\/wp-json\/wp\/v2\/pages\/3363\/revisions"}],"predecessor-version":[{"id":8040,"href":"https:\/\/www.keoutdoordesign.com\/es-es\/wp-json\/wp\/v2\/pages\/3363\/revisions\/8040"}],"up":[{"embeddable":true,"href":"https:\/\/www.keoutdoordesign.com\/es-es\/wp-json\/wp\/v2\/pages\/8022"}],"wp:attachment":[{"href":"https:\/\/www.keoutdoordesign.com\/es-es\/wp-json\/wp\/v2\/media?parent=3363"}],"curies":[{"name":"wp","href":"https:\/\/api.w.org\/{rel}","templated":true}]}}