{"id":3351,"date":"2019-05-28T15:24:22","date_gmt":"2019-05-28T13:24:22","guid":{"rendered":"http:\/\/ke.localhost.it\/?page_id=3351"},"modified":"2019-10-21T10:51:33","modified_gmt":"2019-10-21T08:51:33","slug":"residencial","status":"publish","type":"page","link":"https:\/\/www.keoutdoordesign.com\/es-es\/referencias\/residencial\/","title":{"rendered":"Residencial"},"content":{"rendered":"<p>Los <strong>toldos y p\u00e9rgolas de exterior<\/strong> pueden instalarse en espacios residenciales comunitarios con el prop\u00f3sito de aportar confort y relax a todos los vecinos. De hecho, los modelos <strong>enrollables y bioclim\u00e1ticos<\/strong> brindan la posibilidad de sacar el m\u00e1ximo partido a las <strong>terrazas y jardines<\/strong> compartidos durante todo el a\u00f1o.<\/p>\n<p>Sin duda, los <strong>toldos y p\u00e9rgolas de exterior<\/strong>, gracias a que protegen del sol y de la lluvia y a que permiten que corra la brisa, son los elementos perfectos para disfrutar de todos esos espacios al aire libre durante cualquier estaci\u00f3n. Incluso cuentan con sensores que permiten que se abran y se cierren seg\u00fan la fuerza del viento.<\/p>\n","protected":false},"excerpt":{"rendered":"<p>Los toldos y p\u00e9rgolas de exterior pueden instalarse en espacios residenciales comunitarios con el prop\u00f3sito de aportar confort y relax&hellip;<\/p>\n","protected":false},"author":10608,"featured_media":2874,"parent":3349,"menu_order":7,"comment_status":"closed","ping_status":"closed","template":"page-templates\/category-subcategories.php","meta":{"_acf_changed":false,"footnotes":""},"class_list":["post-3351","page","type-page","status-publish","has-post-thumbnail","hentry"],"acf":[],"yoast_head":"<!-- This site is optimized with the Yoast SEO Premium plugin v20.12 (Yoast SEO v27.0) - https:\/\/yoast.com\/product\/yoast-seo-premium-wordpress\/ -->\n<title>Toldos y p\u00e9rgolas de Exterior - KE Outdoor Design<\/title>\n<meta name=\"description\" content=\"KE Outdoor realiza toldos y p\u00e9rgolas de exterior que pueden instalarse en espacios residenciales como terrazas y jardines. Escoge tu p\u00e9rgola a medida.\" \/>\n<meta name=\"robots\" content=\"index, follow, max-snippet:-1, max-image-preview:large, max-video-preview:-1\" \/>\n<link rel=\"canonical\" href=\"https:\/\/www.keoutdoordesign.com\/es-es\/referencias\/residencial\/\" \/>\n<meta property=\"og:locale\" content=\"es_ES\" \/>\n<meta property=\"og:type\" content=\"article\" \/>\n<meta property=\"og:title\" content=\"Residencial\" \/>\n<meta property=\"og:description\" content=\"KE Outdoor realiza toldos y p\u00e9rgolas de exterior que pueden instalarse en espacios residenciales como terrazas y jardines. Escoge tu p\u00e9rgola a medida.\" \/>\n<meta property=\"og:url\" content=\"https:\/\/www.keoutdoordesign.com\/es-es\/referencias\/residencial\/\" \/>\n<meta property=\"og:site_name\" content=\"KE Outdoor Design\" \/>\n<meta property=\"article:publisher\" content=\"https:\/\/www.facebook.com\/keoutdoordesign.us\" \/>\n<meta property=\"article:modified_time\" content=\"2019-10-21T08:51:33+00:00\" \/>\n<meta property=\"og:image\" content=\"https:\/\/www.keoutdoordesign.com\/wp-content\/uploads\/2019\/05\/ResBibbona_KedryPrime_3.jpg\" \/>\n\t<meta property=\"og:image:width\" content=\"2048\" \/>\n\t<meta property=\"og:image:height\" content=\"1080\" \/>\n\t<meta property=\"og:image:type\" content=\"image\/jpeg\" \/>\n<meta name=\"twitter:card\" content=\"summary_large_image\" \/>\n<meta name=\"twitter:site\" content=\"@keoutdoordesign\" \/>\n<script type=\"application\/ld+json\" class=\"yoast-schema-graph\">{\"@context\":\"https:\/\/schema.org\",\"@graph\":[{\"@type\":\"WebPage\",\"@id\":\"https:\/\/www.keoutdoordesign.com\/es-es\/referencias\/residencial\/\",\"url\":\"https:\/\/www.keoutdoordesign.com\/es-es\/referencias\/residencial\/\",\"name\":\"Toldos y p\u00e9rgolas de Exterior - KE Outdoor Design\",\"isPartOf\":{\"@id\":\"https:\/\/www.keoutdoordesign.com\/it-it\/#website\"},\"primaryImageOfPage\":{\"@id\":\"https:\/\/www.keoutdoordesign.com\/es-es\/referencias\/residencial\/#primaryimage\"},\"image\":{\"@id\":\"https:\/\/www.keoutdoordesign.com\/es-es\/referencias\/residencial\/#primaryimage\"},\"thumbnailUrl\":\"https:\/\/www.keoutdoordesign.com\/wp-content\/uploads\/2019\/05\/ResBibbona_KedryPrime_3.jpg\",\"datePublished\":\"2019-05-28T13:24:22+00:00\",\"dateModified\":\"2019-10-21T08:51:33+00:00\",\"description\":\"KE Outdoor realiza toldos y p\u00e9rgolas de exterior que pueden instalarse en espacios residenciales como terrazas y jardines. Escoge tu p\u00e9rgola a medida.\",\"breadcrumb\":{\"@id\":\"https:\/\/www.keoutdoordesign.com\/es-es\/referencias\/residencial\/#breadcrumb\"},\"inLanguage\":\"es\",\"potentialAction\":[{\"@type\":\"ReadAction\",\"target\":[\"https:\/\/www.keoutdoordesign.com\/es-es\/referencias\/residencial\/\"]}]},{\"@type\":\"ImageObject\",\"inLanguage\":\"es\",\"@id\":\"https:\/\/www.keoutdoordesign.com\/es-es\/referencias\/residencial\/#primaryimage\",\"url\":\"https:\/\/www.keoutdoordesign.com\/wp-content\/uploads\/2019\/05\/ResBibbona_KedryPrime_3.jpg\",\"contentUrl\":\"https:\/\/www.keoutdoordesign.com\/wp-content\/uploads\/2019\/05\/ResBibbona_KedryPrime_3.jpg\",\"width\":2048,\"height\":1080,\"caption\":\"protection-ext\u00e9rieures-pour-r\u00e9sidences\"},{\"@type\":\"BreadcrumbList\",\"@id\":\"https:\/\/www.keoutdoordesign.com\/es-es\/referencias\/residencial\/#breadcrumb\",\"itemListElement\":[{\"@type\":\"ListItem\",\"position\":1,\"name\":\"Home\",\"item\":\"https:\/\/www.keoutdoordesign.com\/es-es\/\"},{\"@type\":\"ListItem\",\"position\":2,\"name\":\"Referencias\",\"item\":\"https:\/\/www.keoutdoordesign.com\/es-es\/referencias\/\"},{\"@type\":\"ListItem\",\"position\":3,\"name\":\"Residencial\"}]},{\"@type\":\"WebSite\",\"@id\":\"https:\/\/www.keoutdoordesign.com\/it-it\/#website\",\"url\":\"https:\/\/www.keoutdoordesign.com\/it-it\/\",\"name\":\"KE Outdoor Design\",\"description\":\"Un nuovo sito targato WordPress\",\"publisher\":{\"@id\":\"https:\/\/www.keoutdoordesign.com\/it-it\/#organization\"},\"potentialAction\":[{\"@type\":\"SearchAction\",\"target\":{\"@type\":\"EntryPoint\",\"urlTemplate\":\"https:\/\/www.keoutdoordesign.com\/it-it\/?s={search_term_string}\"},\"query-input\":{\"@type\":\"PropertyValueSpecification\",\"valueRequired\":true,\"valueName\":\"search_term_string\"}}],\"inLanguage\":\"es\"},{\"@type\":\"Organization\",\"@id\":\"https:\/\/www.keoutdoordesign.com\/it-it\/#organization\",\"name\":\"KE Outdoor Design\",\"url\":\"https:\/\/www.keoutdoordesign.com\/it-it\/\",\"logo\":{\"@type\":\"ImageObject\",\"inLanguage\":\"es\",\"@id\":\"https:\/\/www.keoutdoordesign.com\/it-it\/#\/schema\/logo\/image\/\",\"url\":\"https:\/\/www.keoutdoordesign.com\/wp-content\/uploads\/2020\/02\/KE-logo-Primary-e1591282842174.jpg\",\"contentUrl\":\"https:\/\/www.keoutdoordesign.com\/wp-content\/uploads\/2020\/02\/KE-logo-Primary-e1591282842174.jpg\",\"width\":500,\"height\":396,\"caption\":\"KE Outdoor Design\"},\"image\":{\"@id\":\"https:\/\/www.keoutdoordesign.com\/it-it\/#\/schema\/logo\/image\/\"},\"sameAs\":[\"https:\/\/www.facebook.com\/keoutdoordesign.us\",\"https:\/\/x.com\/keoutdoordesign\",\"https:\/\/www.facebook.com\/keoutdoordesign\",\"https:\/\/www.youtube.com\/channel\/UCSoMQryJpLqD53bAoZLg2Vg\",\"https:\/\/www.pinterest.it\/keoutdoordesign\/\",\"https:\/\/www.instagram.com\/keoutdoordesign\/\",\"https:\/\/www.linkedin.com\/company\/ke-outdoor-design\/\"]}]}<\/script>\n<!-- \/ Yoast SEO Premium plugin. -->","yoast_head_json":{"title":"Toldos y p\u00e9rgolas de Exterior - KE Outdoor Design","description":"KE Outdoor realiza toldos y p\u00e9rgolas de exterior que pueden instalarse en espacios residenciales como terrazas y jardines. Escoge tu p\u00e9rgola a medida.","robots":{"index":"index","follow":"follow","max-snippet":"max-snippet:-1","max-image-preview":"max-image-preview:large","max-video-preview":"max-video-preview:-1"},"canonical":"https:\/\/www.keoutdoordesign.com\/es-es\/referencias\/residencial\/","og_locale":"es_ES","og_type":"article","og_title":"Residencial","og_description":"KE Outdoor realiza toldos y p\u00e9rgolas de exterior que pueden instalarse en espacios residenciales como terrazas y jardines. Escoge tu p\u00e9rgola a medida.","og_url":"https:\/\/www.keoutdoordesign.com\/es-es\/referencias\/residencial\/","og_site_name":"KE Outdoor Design","article_publisher":"https:\/\/www.facebook.com\/keoutdoordesign.us","article_modified_time":"2019-10-21T08:51:33+00:00","og_image":[{"width":2048,"height":1080,"url":"https:\/\/www.keoutdoordesign.com\/wp-content\/uploads\/2019\/05\/ResBibbona_KedryPrime_3.jpg","type":"image\/jpeg"}],"twitter_card":"summary_large_image","twitter_site":"@keoutdoordesign","schema":{"@context":"https:\/\/schema.org","@graph":[{"@type":"WebPage","@id":"https:\/\/www.keoutdoordesign.com\/es-es\/referencias\/residencial\/","url":"https:\/\/www.keoutdoordesign.com\/es-es\/referencias\/residencial\/","name":"Toldos y p\u00e9rgolas de Exterior - KE Outdoor Design","isPartOf":{"@id":"https:\/\/www.keoutdoordesign.com\/it-it\/#website"},"primaryImageOfPage":{"@id":"https:\/\/www.keoutdoordesign.com\/es-es\/referencias\/residencial\/#primaryimage"},"image":{"@id":"https:\/\/www.keoutdoordesign.com\/es-es\/referencias\/residencial\/#primaryimage"},"thumbnailUrl":"https:\/\/www.keoutdoordesign.com\/wp-content\/uploads\/2019\/05\/ResBibbona_KedryPrime_3.jpg","datePublished":"2019-05-28T13:24:22+00:00","dateModified":"2019-10-21T08:51:33+00:00","description":"KE Outdoor realiza toldos y p\u00e9rgolas de exterior que pueden instalarse en espacios residenciales como terrazas y jardines. Escoge tu p\u00e9rgola a medida.","breadcrumb":{"@id":"https:\/\/www.keoutdoordesign.com\/es-es\/referencias\/residencial\/#breadcrumb"},"inLanguage":"es","potentialAction":[{"@type":"ReadAction","target":["https:\/\/www.keoutdoordesign.com\/es-es\/referencias\/residencial\/"]}]},{"@type":"ImageObject","inLanguage":"es","@id":"https:\/\/www.keoutdoordesign.com\/es-es\/referencias\/residencial\/#primaryimage","url":"https:\/\/www.keoutdoordesign.com\/wp-content\/uploads\/2019\/05\/ResBibbona_KedryPrime_3.jpg","contentUrl":"https:\/\/www.keoutdoordesign.com\/wp-content\/uploads\/2019\/05\/ResBibbona_KedryPrime_3.jpg","width":2048,"height":1080,"caption":"protection-ext\u00e9rieures-pour-r\u00e9sidences"},{"@type":"BreadcrumbList","@id":"https:\/\/www.keoutdoordesign.com\/es-es\/referencias\/residencial\/#breadcrumb","itemListElement":[{"@type":"ListItem","position":1,"name":"Home","item":"https:\/\/www.keoutdoordesign.com\/es-es\/"},{"@type":"ListItem","position":2,"name":"Referencias","item":"https:\/\/www.keoutdoordesign.com\/es-es\/referencias\/"},{"@type":"ListItem","position":3,"name":"Residencial"}]},{"@type":"WebSite","@id":"https:\/\/www.keoutdoordesign.com\/it-it\/#website","url":"https:\/\/www.keoutdoordesign.com\/it-it\/","name":"KE Outdoor Design","description":"Un nuovo sito targato WordPress","publisher":{"@id":"https:\/\/www.keoutdoordesign.com\/it-it\/#organization"},"potentialAction":[{"@type":"SearchAction","target":{"@type":"EntryPoint","urlTemplate":"https:\/\/www.keoutdoordesign.com\/it-it\/?s={search_term_string}"},"query-input":{"@type":"PropertyValueSpecification","valueRequired":true,"valueName":"search_term_string"}}],"inLanguage":"es"},{"@type":"Organization","@id":"https:\/\/www.keoutdoordesign.com\/it-it\/#organization","name":"KE Outdoor Design","url":"https:\/\/www.keoutdoordesign.com\/it-it\/","logo":{"@type":"ImageObject","inLanguage":"es","@id":"https:\/\/www.keoutdoordesign.com\/it-it\/#\/schema\/logo\/image\/","url":"https:\/\/www.keoutdoordesign.com\/wp-content\/uploads\/2020\/02\/KE-logo-Primary-e1591282842174.jpg","contentUrl":"https:\/\/www.keoutdoordesign.com\/wp-content\/uploads\/2020\/02\/KE-logo-Primary-e1591282842174.jpg","width":500,"height":396,"caption":"KE Outdoor Design"},"image":{"@id":"https:\/\/www.keoutdoordesign.com\/it-it\/#\/schema\/logo\/image\/"},"sameAs":["https:\/\/www.facebook.com\/keoutdoordesign.us","https:\/\/x.com\/keoutdoordesign","https:\/\/www.facebook.com\/keoutdoordesign","https:\/\/www.youtube.com\/channel\/UCSoMQryJpLqD53bAoZLg2Vg","https:\/\/www.pinterest.it\/keoutdoordesign\/","https:\/\/www.instagram.com\/keoutdoordesign\/","https:\/\/www.linkedin.com\/company\/ke-outdoor-design\/"]}]}},"_links":{"self":[{"href":"https:\/\/www.keoutdoordesign.com\/es-es\/wp-json\/wp\/v2\/pages\/3351","targetHints":{"allow":["GET"]}}],"collection":[{"href":"https:\/\/www.keoutdoordesign.com\/es-es\/wp-json\/wp\/v2\/pages"}],"about":[{"href":"https:\/\/www.keoutdoordesign.com\/es-es\/wp-json\/wp\/v2\/types\/page"}],"author":[{"embeddable":true,"href":"https:\/\/www.keoutdoordesign.com\/es-es\/wp-json\/wp\/v2\/users\/10608"}],"replies":[{"embeddable":true,"href":"https:\/\/www.keoutdoordesign.com\/es-es\/wp-json\/wp\/v2\/comments?post=3351"}],"version-history":[{"count":4,"href":"https:\/\/www.keoutdoordesign.com\/es-es\/wp-json\/wp\/v2\/pages\/3351\/revisions"}],"predecessor-version":[{"id":16551,"href":"https:\/\/www.keoutdoordesign.com\/es-es\/wp-json\/wp\/v2\/pages\/3351\/revisions\/16551"}],"up":[{"embeddable":true,"href":"https:\/\/www.keoutdoordesign.com\/es-es\/wp-json\/wp\/v2\/pages\/3349"}],"wp:featuredmedia":[{"embeddable":true,"href":"https:\/\/www.keoutdoordesign.com\/es-es\/wp-json\/wp\/v2\/media\/2874"}],"wp:attachment":[{"href":"https:\/\/www.keoutdoordesign.com\/es-es\/wp-json\/wp\/v2\/media?parent=3351"}],"curies":[{"name":"wp","href":"https:\/\/api.w.org\/{rel}","templated":true}]}}