{"id":3347,"date":"2019-05-28T15:23:28","date_gmt":"2019-05-28T13:23:28","guid":{"rendered":"http:\/\/ke.localhost.it\/?page_id=3347"},"modified":"2023-07-19T16:50:32","modified_gmt":"2023-07-19T14:50:32","slug":"atico","status":"publish","type":"page","link":"https:\/\/www.keoutdoordesign.com\/es-es\/contexto\/atico\/","title":{"rendered":"\u00c1tico"},"content":{"rendered":"<p><span style=\"font-weight: 400;\">So\u00f1ar con la mayor privacidad, con un espacio propio desde el que ver las estrellas o disfrutar del aire libre se traduce, en muchas ocasiones, en la palabra <\/span><b>\u00e1tico<\/b><span style=\"font-weight: 400;\">. Disponer de las <\/span><b>grandes terrazas<\/b><span style=\"font-weight: 400;\"> que ofrecen estas casas es algo de lo que es imposible cansarse, aunque tambi\u00e9n hay que tener en cuenta que conviene elegir un <\/span><b>techo adecuado para disfrutarlo en todo momento.<\/b><\/p>\n<p><span style=\"font-weight: 400;\">Para ello est\u00e1n dise\u00f1adas las<\/span> <b>p\u00e9rgolas para \u00e1ticos de aluminio<\/b><b>,<\/b><span style=\"font-weight: 400;\"> complementos perfectos para crear una estupenda zona de sombra en su terraza que le permita realizar comidas o, simplemente, leer un libro mientras disfruta de un caf\u00e9, aunque el sol est\u00e9 en todo lo alto.<\/span><\/p>\n<p><span style=\"font-weight: 400;\">La <\/span><b>p\u00e9rgola bioclim\u00e1tica \u00e1tico de aluminio<\/b><span style=\"font-weight: 400;\">, que tambi\u00e9n <\/span><b>se adapta a terrazas de hoteles o bares,<\/b><span style=\"font-weight: 400;\"> es ligera y resiste <\/span><span style=\"font-weight: 400;\">a la perfecci\u00f3n la intemperie. Adem\u00e1s, puede elegir modelos <\/span><b>bioclim\u00e1ticos<\/b><span style=\"font-weight: 400;\">, enrollables o con la forma que precise. Nosotros le daremos la soluci\u00f3n que mejor encaje con su \u00e1tico.<\/span><\/p>\n<p>&nbsp;<\/p>\n","protected":false},"excerpt":{"rendered":"<p>So\u00f1ar con la mayor privacidad, con un espacio propio desde el que ver las estrellas o disfrutar del aire libre&hellip;<\/p>\n","protected":false},"author":10608,"featured_media":2669,"parent":3341,"menu_order":18,"comment_status":"closed","ping_status":"closed","template":"page-templates\/environment.php","meta":{"_acf_changed":false,"footnotes":""},"class_list":["post-3347","page","type-page","status-publish","has-post-thumbnail","hentry"],"acf":[],"yoast_head":"<!-- This site is optimized with the Yoast SEO Premium plugin v20.12 (Yoast SEO v27.3) - https:\/\/yoast.com\/product\/yoast-seo-premium-wordpress\/ -->\n<title>P\u00e9rgolas para \u00c1ticos | KE Outdoor Design<\/title>\n<meta name=\"description\" content=\"Las p\u00e9rgolas para \u00e1ticos de aluminio est\u00e1n dise\u00f1adas para ser el complemento perfecto para crear una estupenda zona de sombra en su terraza. \u00a1Cons\u00faltenos!\" \/>\n<meta name=\"robots\" content=\"index, follow, max-snippet:-1, max-image-preview:large, max-video-preview:-1\" \/>\n<link rel=\"canonical\" href=\"https:\/\/www.keoutdoordesign.com\/es-es\/contexto\/atico\/\" \/>\n<meta property=\"og:locale\" content=\"es_ES\" \/>\n<meta property=\"og:type\" content=\"article\" \/>\n<meta property=\"og:title\" content=\"\u00c1tico\" \/>\n<meta property=\"og:description\" content=\"Las p\u00e9rgolas para \u00e1ticos de aluminio est\u00e1n dise\u00f1adas para ser el complemento perfecto para crear una estupenda zona de sombra en su terraza. \u00a1Cons\u00faltenos!\" \/>\n<meta property=\"og:url\" content=\"https:\/\/www.keoutdoordesign.com\/es-es\/contexto\/atico\/\" \/>\n<meta property=\"og:site_name\" content=\"KE Outdoor Design\" \/>\n<meta property=\"article:publisher\" content=\"https:\/\/www.facebook.com\/keoutdoordesign.us\" \/>\n<meta property=\"article:modified_time\" content=\"2023-07-19T14:50:32+00:00\" \/>\n<meta property=\"og:image\" content=\"https:\/\/www.keoutdoordesign.com\/wp-content\/uploads\/2019\/05\/ResPordenoneMLaura_Xtesa_2.jpg\" \/>\n\t<meta property=\"og:image:width\" content=\"2048\" \/>\n\t<meta property=\"og:image:height\" content=\"1080\" \/>\n\t<meta property=\"og:image:type\" content=\"image\/jpeg\" \/>\n<meta name=\"twitter:card\" content=\"summary_large_image\" \/>\n<meta name=\"twitter:site\" content=\"@keoutdoordesign\" \/>\n<script type=\"application\/ld+json\" class=\"yoast-schema-graph\">{\"@context\":\"https:\\\/\\\/schema.org\",\"@graph\":[{\"@type\":\"WebPage\",\"@id\":\"https:\\\/\\\/www.keoutdoordesign.com\\\/es-es\\\/contexto\\\/atico\\\/\",\"url\":\"https:\\\/\\\/www.keoutdoordesign.com\\\/es-es\\\/contexto\\\/atico\\\/\",\"name\":\"P\u00e9rgolas para \u00c1ticos | KE Outdoor Design\",\"isPartOf\":{\"@id\":\"https:\\\/\\\/www.keoutdoordesign.com\\\/it-it\\\/#website\"},\"primaryImageOfPage\":{\"@id\":\"https:\\\/\\\/www.keoutdoordesign.com\\\/es-es\\\/contexto\\\/atico\\\/#primaryimage\"},\"image\":{\"@id\":\"https:\\\/\\\/www.keoutdoordesign.com\\\/es-es\\\/contexto\\\/atico\\\/#primaryimage\"},\"thumbnailUrl\":\"https:\\\/\\\/www.keoutdoordesign.com\\\/wp-content\\\/uploads\\\/2019\\\/05\\\/ResPordenoneMLaura_Xtesa_2.jpg\",\"datePublished\":\"2019-05-28T13:23:28+00:00\",\"dateModified\":\"2023-07-19T14:50:32+00:00\",\"description\":\"Las p\u00e9rgolas para \u00e1ticos de aluminio est\u00e1n dise\u00f1adas para ser el complemento perfecto para crear una estupenda zona de sombra en su terraza. \u00a1Cons\u00faltenos!\",\"breadcrumb\":{\"@id\":\"https:\\\/\\\/www.keoutdoordesign.com\\\/es-es\\\/contexto\\\/atico\\\/#breadcrumb\"},\"inLanguage\":\"es\",\"potentialAction\":[{\"@type\":\"ReadAction\",\"target\":[\"https:\\\/\\\/www.keoutdoordesign.com\\\/es-es\\\/contexto\\\/atico\\\/\"]}]},{\"@type\":\"ImageObject\",\"inLanguage\":\"es\",\"@id\":\"https:\\\/\\\/www.keoutdoordesign.com\\\/es-es\\\/contexto\\\/atico\\\/#primaryimage\",\"url\":\"https:\\\/\\\/www.keoutdoordesign.com\\\/wp-content\\\/uploads\\\/2019\\\/05\\\/ResPordenoneMLaura_Xtesa_2.jpg\",\"contentUrl\":\"https:\\\/\\\/www.keoutdoordesign.com\\\/wp-content\\\/uploads\\\/2019\\\/05\\\/ResPordenoneMLaura_Xtesa_2.jpg\",\"width\":2048,\"height\":1080},{\"@type\":\"BreadcrumbList\",\"@id\":\"https:\\\/\\\/www.keoutdoordesign.com\\\/es-es\\\/contexto\\\/atico\\\/#breadcrumb\",\"itemListElement\":[{\"@type\":\"ListItem\",\"position\":1,\"name\":\"Home\",\"item\":\"https:\\\/\\\/www.keoutdoordesign.com\\\/es-es\\\/\"},{\"@type\":\"ListItem\",\"position\":2,\"name\":\"Pergolas y Toldos para Contextos Exteriores\",\"item\":\"https:\\\/\\\/www.keoutdoordesign.com\\\/es-es\\\/contexto\\\/\"},{\"@type\":\"ListItem\",\"position\":3,\"name\":\"\u00c1tico\"}]},{\"@type\":\"WebSite\",\"@id\":\"https:\\\/\\\/www.keoutdoordesign.com\\\/it-it\\\/#website\",\"url\":\"https:\\\/\\\/www.keoutdoordesign.com\\\/it-it\\\/\",\"name\":\"KE Outdoor Design\",\"description\":\"Un nuovo sito targato WordPress\",\"publisher\":{\"@id\":\"https:\\\/\\\/www.keoutdoordesign.com\\\/it-it\\\/#organization\"},\"potentialAction\":[{\"@type\":\"SearchAction\",\"target\":{\"@type\":\"EntryPoint\",\"urlTemplate\":\"https:\\\/\\\/www.keoutdoordesign.com\\\/it-it\\\/?s={search_term_string}\"},\"query-input\":{\"@type\":\"PropertyValueSpecification\",\"valueRequired\":true,\"valueName\":\"search_term_string\"}}],\"inLanguage\":\"es\"},{\"@type\":\"Organization\",\"@id\":\"https:\\\/\\\/www.keoutdoordesign.com\\\/it-it\\\/#organization\",\"name\":\"KE Outdoor Design\",\"url\":\"https:\\\/\\\/www.keoutdoordesign.com\\\/it-it\\\/\",\"logo\":{\"@type\":\"ImageObject\",\"inLanguage\":\"es\",\"@id\":\"https:\\\/\\\/www.keoutdoordesign.com\\\/it-it\\\/#\\\/schema\\\/logo\\\/image\\\/\",\"url\":\"https:\\\/\\\/www.keoutdoordesign.com\\\/wp-content\\\/uploads\\\/2020\\\/02\\\/KE-logo-Primary-e1591282842174.jpg\",\"contentUrl\":\"https:\\\/\\\/www.keoutdoordesign.com\\\/wp-content\\\/uploads\\\/2020\\\/02\\\/KE-logo-Primary-e1591282842174.jpg\",\"width\":500,\"height\":396,\"caption\":\"KE Outdoor Design\"},\"image\":{\"@id\":\"https:\\\/\\\/www.keoutdoordesign.com\\\/it-it\\\/#\\\/schema\\\/logo\\\/image\\\/\"},\"sameAs\":[\"https:\\\/\\\/www.facebook.com\\\/keoutdoordesign.us\",\"https:\\\/\\\/x.com\\\/keoutdoordesign\",\"https:\\\/\\\/www.facebook.com\\\/keoutdoordesign\",\"https:\\\/\\\/www.youtube.com\\\/channel\\\/UCSoMQryJpLqD53bAoZLg2Vg\",\"https:\\\/\\\/www.pinterest.it\\\/keoutdoordesign\\\/\",\"https:\\\/\\\/www.instagram.com\\\/keoutdoordesign\\\/\",\"https:\\\/\\\/www.linkedin.com\\\/company\\\/ke-outdoor-design\\\/\"]}]}<\/script>\n<!-- \/ Yoast SEO Premium plugin. -->","yoast_head_json":{"title":"P\u00e9rgolas para \u00c1ticos | KE Outdoor Design","description":"Las p\u00e9rgolas para \u00e1ticos de aluminio est\u00e1n dise\u00f1adas para ser el complemento perfecto para crear una estupenda zona de sombra en su terraza. \u00a1Cons\u00faltenos!","robots":{"index":"index","follow":"follow","max-snippet":"max-snippet:-1","max-image-preview":"max-image-preview:large","max-video-preview":"max-video-preview:-1"},"canonical":"https:\/\/www.keoutdoordesign.com\/es-es\/contexto\/atico\/","og_locale":"es_ES","og_type":"article","og_title":"\u00c1tico","og_description":"Las p\u00e9rgolas para \u00e1ticos de aluminio est\u00e1n dise\u00f1adas para ser el complemento perfecto para crear una estupenda zona de sombra en su terraza. \u00a1Cons\u00faltenos!","og_url":"https:\/\/www.keoutdoordesign.com\/es-es\/contexto\/atico\/","og_site_name":"KE Outdoor Design","article_publisher":"https:\/\/www.facebook.com\/keoutdoordesign.us","article_modified_time":"2023-07-19T14:50:32+00:00","og_image":[{"width":2048,"height":1080,"url":"https:\/\/www.keoutdoordesign.com\/wp-content\/uploads\/2019\/05\/ResPordenoneMLaura_Xtesa_2.jpg","type":"image\/jpeg"}],"twitter_card":"summary_large_image","twitter_site":"@keoutdoordesign","schema":{"@context":"https:\/\/schema.org","@graph":[{"@type":"WebPage","@id":"https:\/\/www.keoutdoordesign.com\/es-es\/contexto\/atico\/","url":"https:\/\/www.keoutdoordesign.com\/es-es\/contexto\/atico\/","name":"P\u00e9rgolas para \u00c1ticos | KE Outdoor Design","isPartOf":{"@id":"https:\/\/www.keoutdoordesign.com\/it-it\/#website"},"primaryImageOfPage":{"@id":"https:\/\/www.keoutdoordesign.com\/es-es\/contexto\/atico\/#primaryimage"},"image":{"@id":"https:\/\/www.keoutdoordesign.com\/es-es\/contexto\/atico\/#primaryimage"},"thumbnailUrl":"https:\/\/www.keoutdoordesign.com\/wp-content\/uploads\/2019\/05\/ResPordenoneMLaura_Xtesa_2.jpg","datePublished":"2019-05-28T13:23:28+00:00","dateModified":"2023-07-19T14:50:32+00:00","description":"Las p\u00e9rgolas para \u00e1ticos de aluminio est\u00e1n dise\u00f1adas para ser el complemento perfecto para crear una estupenda zona de sombra en su terraza. \u00a1Cons\u00faltenos!","breadcrumb":{"@id":"https:\/\/www.keoutdoordesign.com\/es-es\/contexto\/atico\/#breadcrumb"},"inLanguage":"es","potentialAction":[{"@type":"ReadAction","target":["https:\/\/www.keoutdoordesign.com\/es-es\/contexto\/atico\/"]}]},{"@type":"ImageObject","inLanguage":"es","@id":"https:\/\/www.keoutdoordesign.com\/es-es\/contexto\/atico\/#primaryimage","url":"https:\/\/www.keoutdoordesign.com\/wp-content\/uploads\/2019\/05\/ResPordenoneMLaura_Xtesa_2.jpg","contentUrl":"https:\/\/www.keoutdoordesign.com\/wp-content\/uploads\/2019\/05\/ResPordenoneMLaura_Xtesa_2.jpg","width":2048,"height":1080},{"@type":"BreadcrumbList","@id":"https:\/\/www.keoutdoordesign.com\/es-es\/contexto\/atico\/#breadcrumb","itemListElement":[{"@type":"ListItem","position":1,"name":"Home","item":"https:\/\/www.keoutdoordesign.com\/es-es\/"},{"@type":"ListItem","position":2,"name":"Pergolas y Toldos para Contextos Exteriores","item":"https:\/\/www.keoutdoordesign.com\/es-es\/contexto\/"},{"@type":"ListItem","position":3,"name":"\u00c1tico"}]},{"@type":"WebSite","@id":"https:\/\/www.keoutdoordesign.com\/it-it\/#website","url":"https:\/\/www.keoutdoordesign.com\/it-it\/","name":"KE Outdoor Design","description":"Un nuovo sito targato WordPress","publisher":{"@id":"https:\/\/www.keoutdoordesign.com\/it-it\/#organization"},"potentialAction":[{"@type":"SearchAction","target":{"@type":"EntryPoint","urlTemplate":"https:\/\/www.keoutdoordesign.com\/it-it\/?s={search_term_string}"},"query-input":{"@type":"PropertyValueSpecification","valueRequired":true,"valueName":"search_term_string"}}],"inLanguage":"es"},{"@type":"Organization","@id":"https:\/\/www.keoutdoordesign.com\/it-it\/#organization","name":"KE Outdoor Design","url":"https:\/\/www.keoutdoordesign.com\/it-it\/","logo":{"@type":"ImageObject","inLanguage":"es","@id":"https:\/\/www.keoutdoordesign.com\/it-it\/#\/schema\/logo\/image\/","url":"https:\/\/www.keoutdoordesign.com\/wp-content\/uploads\/2020\/02\/KE-logo-Primary-e1591282842174.jpg","contentUrl":"https:\/\/www.keoutdoordesign.com\/wp-content\/uploads\/2020\/02\/KE-logo-Primary-e1591282842174.jpg","width":500,"height":396,"caption":"KE Outdoor Design"},"image":{"@id":"https:\/\/www.keoutdoordesign.com\/it-it\/#\/schema\/logo\/image\/"},"sameAs":["https:\/\/www.facebook.com\/keoutdoordesign.us","https:\/\/x.com\/keoutdoordesign","https:\/\/www.facebook.com\/keoutdoordesign","https:\/\/www.youtube.com\/channel\/UCSoMQryJpLqD53bAoZLg2Vg","https:\/\/www.pinterest.it\/keoutdoordesign\/","https:\/\/www.instagram.com\/keoutdoordesign\/","https:\/\/www.linkedin.com\/company\/ke-outdoor-design\/"]}]}},"_links":{"self":[{"href":"https:\/\/www.keoutdoordesign.com\/es-es\/wp-json\/wp\/v2\/pages\/3347","targetHints":{"allow":["GET"]}}],"collection":[{"href":"https:\/\/www.keoutdoordesign.com\/es-es\/wp-json\/wp\/v2\/pages"}],"about":[{"href":"https:\/\/www.keoutdoordesign.com\/es-es\/wp-json\/wp\/v2\/types\/page"}],"author":[{"embeddable":true,"href":"https:\/\/www.keoutdoordesign.com\/es-es\/wp-json\/wp\/v2\/users\/10608"}],"replies":[{"embeddable":true,"href":"https:\/\/www.keoutdoordesign.com\/es-es\/wp-json\/wp\/v2\/comments?post=3347"}],"version-history":[{"count":6,"href":"https:\/\/www.keoutdoordesign.com\/es-es\/wp-json\/wp\/v2\/pages\/3347\/revisions"}],"predecessor-version":[{"id":60832,"href":"https:\/\/www.keoutdoordesign.com\/es-es\/wp-json\/wp\/v2\/pages\/3347\/revisions\/60832"}],"up":[{"embeddable":true,"href":"https:\/\/www.keoutdoordesign.com\/es-es\/wp-json\/wp\/v2\/pages\/3341"}],"wp:featuredmedia":[{"embeddable":true,"href":"https:\/\/www.keoutdoordesign.com\/es-es\/wp-json\/wp\/v2\/media\/2669"}],"wp:attachment":[{"href":"https:\/\/www.keoutdoordesign.com\/es-es\/wp-json\/wp\/v2\/media?parent=3347"}],"curies":[{"name":"wp","href":"https:\/\/api.w.org\/{rel}","templated":true}]}}