{"id":3345,"date":"2019-05-28T15:23:14","date_gmt":"2019-05-28T13:23:14","guid":{"rendered":"http:\/\/ke.localhost.it\/?page_id=3345"},"modified":"2023-07-19T16:55:18","modified_gmt":"2023-07-19T14:55:18","slug":"terraza","status":"publish","type":"page","link":"https:\/\/www.keoutdoordesign.com\/es-es\/contexto\/terraza\/","title":{"rendered":"Terraza"},"content":{"rendered":"<p><span style=\"font-weight: 400;\">Las <\/span><b>p\u00e9rgolas para terrazas<\/b><span style=\"font-weight: 400;\"> le garantizar\u00e1n la m\u00e1xima protecci\u00f3n durante todo el a\u00f1o. De este modo, podr\u00e1 disfrutar de todo el confort y el relax que este espacio exterior de su casa es capaz de proporcionarle. De hecho, <\/span><b>la resistencia y versatilidad de nuestros toldos y p\u00e9rgolas para terrazas<\/b><span style=\"font-weight: 400;\"> permiten que se pueda utilizar aunque las condiciones clim\u00e1ticas no sean las m\u00e1s adecuadas. Nosotros nos encargaremos de que la suya se adapte perfectamente a sus necesidades.<\/span><\/p>\n<p><span style=\"font-weight: 400;\">Es posible instalar <\/span><b>toldos y<\/b> <b>p\u00e9rgolas para terrazas<\/b><span style=\"font-weight: 400;\"> de diversos tipos. De hecho, contamos con <\/span><b>modelos enrollables y fijos<\/b><span style=\"font-weight: 400;\"> que, adem\u00e1s, es posible automatizar para que se abran y se cierren solas a las horas que desee. Tambi\u00e9n se pueden ajustar para regular la entrada de luz solar y para permitir que entre la brisa. Todo ello, por supuesto, dando un toque de dise\u00f1o original y singular a su terraza.<\/span><\/p>\n<p><span style=\"font-weight: 400;\">Su <\/span><b>p\u00e9rgola para terraza<\/b><span style=\"font-weight: 400;\"> le servir\u00e1, incluso, para disfrutar de este espacio con total libertad durante la noche. De hecho, <\/span><b>hasta podr\u00e1 instalar en ella luces LED<\/b><span style=\"font-weight: 400;\"> para gozar de la iluminaci\u00f3n perfecta a esas horas y convertir la zona en un lugar lleno de magia y encanto. Le encantar\u00e1 organizar reuniones all\u00ed con sus familiares y amigos.<\/span><\/p>\n","protected":false},"excerpt":{"rendered":"<p>Las p\u00e9rgolas para terrazas le garantizar\u00e1n la m\u00e1xima protecci\u00f3n durante todo el a\u00f1o. De este modo, podr\u00e1 disfrutar de todo&hellip;<\/p>\n","protected":false},"author":10608,"featured_media":40077,"parent":3341,"menu_order":15,"comment_status":"closed","ping_status":"closed","template":"page-templates\/environment.php","meta":{"_acf_changed":false,"footnotes":""},"class_list":["post-3345","page","type-page","status-publish","has-post-thumbnail","hentry"],"acf":[],"yoast_head":"<!-- This site is optimized with the Yoast SEO Premium plugin v20.12 (Yoast SEO v27.3) - https:\/\/yoast.com\/product\/yoast-seo-premium-wordpress\/ -->\n<title>P\u00e9rgolas para Terrazas | KE Outdoor Design<\/title>\n<meta name=\"description\" content=\"Con nuestros toldos y p\u00e9rgolas para terraza podr\u00e1 disfrutar de todo el confort y el relax que este espacio exterior puede proporcionarle. \u00a1Cons\u00faltenos!\" \/>\n<meta name=\"robots\" content=\"index, follow, max-snippet:-1, max-image-preview:large, max-video-preview:-1\" \/>\n<link rel=\"canonical\" href=\"https:\/\/www.keoutdoordesign.com\/es-es\/contexto\/terraza\/\" \/>\n<meta property=\"og:locale\" content=\"es_ES\" \/>\n<meta property=\"og:type\" content=\"article\" \/>\n<meta property=\"og:title\" content=\"Terraza\" \/>\n<meta property=\"og:description\" content=\"Con nuestros toldos y p\u00e9rgolas para terraza podr\u00e1 disfrutar de todo el confort y el relax que este espacio exterior puede proporcionarle. \u00a1Cons\u00faltenos!\" \/>\n<meta property=\"og:url\" content=\"https:\/\/www.keoutdoordesign.com\/es-es\/contexto\/terraza\/\" \/>\n<meta property=\"og:site_name\" content=\"KE Outdoor Design\" \/>\n<meta property=\"article:publisher\" content=\"https:\/\/www.facebook.com\/keoutdoordesign.us\" \/>\n<meta property=\"article:modified_time\" content=\"2023-07-19T14:55:18+00:00\" \/>\n<meta property=\"og:image\" content=\"https:\/\/www.keoutdoordesign.com\/wp-content\/uploads\/2021\/08\/tenda-a-vela-avvolgibile-bianca-vela-ombreggiante-kolibrie-ke-outdoor-design-8.jpg\" \/>\n\t<meta property=\"og:image:width\" content=\"1200\" \/>\n\t<meta property=\"og:image:height\" content=\"675\" \/>\n\t<meta property=\"og:image:type\" content=\"image\/jpeg\" \/>\n<meta name=\"twitter:card\" content=\"summary_large_image\" \/>\n<meta name=\"twitter:site\" content=\"@keoutdoordesign\" \/>\n<script type=\"application\/ld+json\" class=\"yoast-schema-graph\">{\"@context\":\"https:\\\/\\\/schema.org\",\"@graph\":[{\"@type\":\"WebPage\",\"@id\":\"https:\\\/\\\/www.keoutdoordesign.com\\\/es-es\\\/contexto\\\/terraza\\\/\",\"url\":\"https:\\\/\\\/www.keoutdoordesign.com\\\/es-es\\\/contexto\\\/terraza\\\/\",\"name\":\"P\u00e9rgolas para Terrazas | KE Outdoor Design\",\"isPartOf\":{\"@id\":\"https:\\\/\\\/www.keoutdoordesign.com\\\/it-it\\\/#website\"},\"primaryImageOfPage\":{\"@id\":\"https:\\\/\\\/www.keoutdoordesign.com\\\/es-es\\\/contexto\\\/terraza\\\/#primaryimage\"},\"image\":{\"@id\":\"https:\\\/\\\/www.keoutdoordesign.com\\\/es-es\\\/contexto\\\/terraza\\\/#primaryimage\"},\"thumbnailUrl\":\"https:\\\/\\\/www.keoutdoordesign.com\\\/wp-content\\\/uploads\\\/2021\\\/08\\\/tenda-a-vela-avvolgibile-bianca-vela-ombreggiante-kolibrie-ke-outdoor-design-8.jpg\",\"datePublished\":\"2019-05-28T13:23:14+00:00\",\"dateModified\":\"2023-07-19T14:55:18+00:00\",\"description\":\"Con nuestros toldos y p\u00e9rgolas para terraza podr\u00e1 disfrutar de todo el confort y el relax que este espacio exterior puede proporcionarle. \u00a1Cons\u00faltenos!\",\"breadcrumb\":{\"@id\":\"https:\\\/\\\/www.keoutdoordesign.com\\\/es-es\\\/contexto\\\/terraza\\\/#breadcrumb\"},\"inLanguage\":\"es\",\"potentialAction\":[{\"@type\":\"ReadAction\",\"target\":[\"https:\\\/\\\/www.keoutdoordesign.com\\\/es-es\\\/contexto\\\/terraza\\\/\"]}]},{\"@type\":\"ImageObject\",\"inLanguage\":\"es\",\"@id\":\"https:\\\/\\\/www.keoutdoordesign.com\\\/es-es\\\/contexto\\\/terraza\\\/#primaryimage\",\"url\":\"https:\\\/\\\/www.keoutdoordesign.com\\\/wp-content\\\/uploads\\\/2021\\\/08\\\/tenda-a-vela-avvolgibile-bianca-vela-ombreggiante-kolibrie-ke-outdoor-design-8.jpg\",\"contentUrl\":\"https:\\\/\\\/www.keoutdoordesign.com\\\/wp-content\\\/uploads\\\/2021\\\/08\\\/tenda-a-vela-avvolgibile-bianca-vela-ombreggiante-kolibrie-ke-outdoor-design-8.jpg\",\"width\":1200,\"height\":675,\"caption\":\"tenda-a-vela-avvolgibile-bianca-vela-ombreggiante-kolibrie-ke-outdoor-design-8\"},{\"@type\":\"BreadcrumbList\",\"@id\":\"https:\\\/\\\/www.keoutdoordesign.com\\\/es-es\\\/contexto\\\/terraza\\\/#breadcrumb\",\"itemListElement\":[{\"@type\":\"ListItem\",\"position\":1,\"name\":\"Home\",\"item\":\"https:\\\/\\\/www.keoutdoordesign.com\\\/es-es\\\/\"},{\"@type\":\"ListItem\",\"position\":2,\"name\":\"Pergolas y Toldos para Contextos Exteriores\",\"item\":\"https:\\\/\\\/www.keoutdoordesign.com\\\/es-es\\\/contexto\\\/\"},{\"@type\":\"ListItem\",\"position\":3,\"name\":\"Terraza\"}]},{\"@type\":\"WebSite\",\"@id\":\"https:\\\/\\\/www.keoutdoordesign.com\\\/it-it\\\/#website\",\"url\":\"https:\\\/\\\/www.keoutdoordesign.com\\\/it-it\\\/\",\"name\":\"KE Outdoor Design\",\"description\":\"Un nuovo sito targato WordPress\",\"publisher\":{\"@id\":\"https:\\\/\\\/www.keoutdoordesign.com\\\/it-it\\\/#organization\"},\"potentialAction\":[{\"@type\":\"SearchAction\",\"target\":{\"@type\":\"EntryPoint\",\"urlTemplate\":\"https:\\\/\\\/www.keoutdoordesign.com\\\/it-it\\\/?s={search_term_string}\"},\"query-input\":{\"@type\":\"PropertyValueSpecification\",\"valueRequired\":true,\"valueName\":\"search_term_string\"}}],\"inLanguage\":\"es\"},{\"@type\":\"Organization\",\"@id\":\"https:\\\/\\\/www.keoutdoordesign.com\\\/it-it\\\/#organization\",\"name\":\"KE Outdoor Design\",\"url\":\"https:\\\/\\\/www.keoutdoordesign.com\\\/it-it\\\/\",\"logo\":{\"@type\":\"ImageObject\",\"inLanguage\":\"es\",\"@id\":\"https:\\\/\\\/www.keoutdoordesign.com\\\/it-it\\\/#\\\/schema\\\/logo\\\/image\\\/\",\"url\":\"https:\\\/\\\/www.keoutdoordesign.com\\\/wp-content\\\/uploads\\\/2020\\\/02\\\/KE-logo-Primary-e1591282842174.jpg\",\"contentUrl\":\"https:\\\/\\\/www.keoutdoordesign.com\\\/wp-content\\\/uploads\\\/2020\\\/02\\\/KE-logo-Primary-e1591282842174.jpg\",\"width\":500,\"height\":396,\"caption\":\"KE Outdoor Design\"},\"image\":{\"@id\":\"https:\\\/\\\/www.keoutdoordesign.com\\\/it-it\\\/#\\\/schema\\\/logo\\\/image\\\/\"},\"sameAs\":[\"https:\\\/\\\/www.facebook.com\\\/keoutdoordesign.us\",\"https:\\\/\\\/x.com\\\/keoutdoordesign\",\"https:\\\/\\\/www.facebook.com\\\/keoutdoordesign\",\"https:\\\/\\\/www.youtube.com\\\/channel\\\/UCSoMQryJpLqD53bAoZLg2Vg\",\"https:\\\/\\\/www.pinterest.it\\\/keoutdoordesign\\\/\",\"https:\\\/\\\/www.instagram.com\\\/keoutdoordesign\\\/\",\"https:\\\/\\\/www.linkedin.com\\\/company\\\/ke-outdoor-design\\\/\"]}]}<\/script>\n<!-- \/ Yoast SEO Premium plugin. -->","yoast_head_json":{"title":"P\u00e9rgolas para Terrazas | KE Outdoor Design","description":"Con nuestros toldos y p\u00e9rgolas para terraza podr\u00e1 disfrutar de todo el confort y el relax que este espacio exterior puede proporcionarle. \u00a1Cons\u00faltenos!","robots":{"index":"index","follow":"follow","max-snippet":"max-snippet:-1","max-image-preview":"max-image-preview:large","max-video-preview":"max-video-preview:-1"},"canonical":"https:\/\/www.keoutdoordesign.com\/es-es\/contexto\/terraza\/","og_locale":"es_ES","og_type":"article","og_title":"Terraza","og_description":"Con nuestros toldos y p\u00e9rgolas para terraza podr\u00e1 disfrutar de todo el confort y el relax que este espacio exterior puede proporcionarle. \u00a1Cons\u00faltenos!","og_url":"https:\/\/www.keoutdoordesign.com\/es-es\/contexto\/terraza\/","og_site_name":"KE Outdoor Design","article_publisher":"https:\/\/www.facebook.com\/keoutdoordesign.us","article_modified_time":"2023-07-19T14:55:18+00:00","og_image":[{"width":1200,"height":675,"url":"https:\/\/www.keoutdoordesign.com\/wp-content\/uploads\/2021\/08\/tenda-a-vela-avvolgibile-bianca-vela-ombreggiante-kolibrie-ke-outdoor-design-8.jpg","type":"image\/jpeg"}],"twitter_card":"summary_large_image","twitter_site":"@keoutdoordesign","schema":{"@context":"https:\/\/schema.org","@graph":[{"@type":"WebPage","@id":"https:\/\/www.keoutdoordesign.com\/es-es\/contexto\/terraza\/","url":"https:\/\/www.keoutdoordesign.com\/es-es\/contexto\/terraza\/","name":"P\u00e9rgolas para Terrazas | KE Outdoor Design","isPartOf":{"@id":"https:\/\/www.keoutdoordesign.com\/it-it\/#website"},"primaryImageOfPage":{"@id":"https:\/\/www.keoutdoordesign.com\/es-es\/contexto\/terraza\/#primaryimage"},"image":{"@id":"https:\/\/www.keoutdoordesign.com\/es-es\/contexto\/terraza\/#primaryimage"},"thumbnailUrl":"https:\/\/www.keoutdoordesign.com\/wp-content\/uploads\/2021\/08\/tenda-a-vela-avvolgibile-bianca-vela-ombreggiante-kolibrie-ke-outdoor-design-8.jpg","datePublished":"2019-05-28T13:23:14+00:00","dateModified":"2023-07-19T14:55:18+00:00","description":"Con nuestros toldos y p\u00e9rgolas para terraza podr\u00e1 disfrutar de todo el confort y el relax que este espacio exterior puede proporcionarle. \u00a1Cons\u00faltenos!","breadcrumb":{"@id":"https:\/\/www.keoutdoordesign.com\/es-es\/contexto\/terraza\/#breadcrumb"},"inLanguage":"es","potentialAction":[{"@type":"ReadAction","target":["https:\/\/www.keoutdoordesign.com\/es-es\/contexto\/terraza\/"]}]},{"@type":"ImageObject","inLanguage":"es","@id":"https:\/\/www.keoutdoordesign.com\/es-es\/contexto\/terraza\/#primaryimage","url":"https:\/\/www.keoutdoordesign.com\/wp-content\/uploads\/2021\/08\/tenda-a-vela-avvolgibile-bianca-vela-ombreggiante-kolibrie-ke-outdoor-design-8.jpg","contentUrl":"https:\/\/www.keoutdoordesign.com\/wp-content\/uploads\/2021\/08\/tenda-a-vela-avvolgibile-bianca-vela-ombreggiante-kolibrie-ke-outdoor-design-8.jpg","width":1200,"height":675,"caption":"tenda-a-vela-avvolgibile-bianca-vela-ombreggiante-kolibrie-ke-outdoor-design-8"},{"@type":"BreadcrumbList","@id":"https:\/\/www.keoutdoordesign.com\/es-es\/contexto\/terraza\/#breadcrumb","itemListElement":[{"@type":"ListItem","position":1,"name":"Home","item":"https:\/\/www.keoutdoordesign.com\/es-es\/"},{"@type":"ListItem","position":2,"name":"Pergolas y Toldos para Contextos Exteriores","item":"https:\/\/www.keoutdoordesign.com\/es-es\/contexto\/"},{"@type":"ListItem","position":3,"name":"Terraza"}]},{"@type":"WebSite","@id":"https:\/\/www.keoutdoordesign.com\/it-it\/#website","url":"https:\/\/www.keoutdoordesign.com\/it-it\/","name":"KE Outdoor Design","description":"Un nuovo sito targato WordPress","publisher":{"@id":"https:\/\/www.keoutdoordesign.com\/it-it\/#organization"},"potentialAction":[{"@type":"SearchAction","target":{"@type":"EntryPoint","urlTemplate":"https:\/\/www.keoutdoordesign.com\/it-it\/?s={search_term_string}"},"query-input":{"@type":"PropertyValueSpecification","valueRequired":true,"valueName":"search_term_string"}}],"inLanguage":"es"},{"@type":"Organization","@id":"https:\/\/www.keoutdoordesign.com\/it-it\/#organization","name":"KE Outdoor Design","url":"https:\/\/www.keoutdoordesign.com\/it-it\/","logo":{"@type":"ImageObject","inLanguage":"es","@id":"https:\/\/www.keoutdoordesign.com\/it-it\/#\/schema\/logo\/image\/","url":"https:\/\/www.keoutdoordesign.com\/wp-content\/uploads\/2020\/02\/KE-logo-Primary-e1591282842174.jpg","contentUrl":"https:\/\/www.keoutdoordesign.com\/wp-content\/uploads\/2020\/02\/KE-logo-Primary-e1591282842174.jpg","width":500,"height":396,"caption":"KE Outdoor Design"},"image":{"@id":"https:\/\/www.keoutdoordesign.com\/it-it\/#\/schema\/logo\/image\/"},"sameAs":["https:\/\/www.facebook.com\/keoutdoordesign.us","https:\/\/x.com\/keoutdoordesign","https:\/\/www.facebook.com\/keoutdoordesign","https:\/\/www.youtube.com\/channel\/UCSoMQryJpLqD53bAoZLg2Vg","https:\/\/www.pinterest.it\/keoutdoordesign\/","https:\/\/www.instagram.com\/keoutdoordesign\/","https:\/\/www.linkedin.com\/company\/ke-outdoor-design\/"]}]}},"_links":{"self":[{"href":"https:\/\/www.keoutdoordesign.com\/es-es\/wp-json\/wp\/v2\/pages\/3345","targetHints":{"allow":["GET"]}}],"collection":[{"href":"https:\/\/www.keoutdoordesign.com\/es-es\/wp-json\/wp\/v2\/pages"}],"about":[{"href":"https:\/\/www.keoutdoordesign.com\/es-es\/wp-json\/wp\/v2\/types\/page"}],"author":[{"embeddable":true,"href":"https:\/\/www.keoutdoordesign.com\/es-es\/wp-json\/wp\/v2\/users\/10608"}],"replies":[{"embeddable":true,"href":"https:\/\/www.keoutdoordesign.com\/es-es\/wp-json\/wp\/v2\/comments?post=3345"}],"version-history":[{"count":6,"href":"https:\/\/www.keoutdoordesign.com\/es-es\/wp-json\/wp\/v2\/pages\/3345\/revisions"}],"predecessor-version":[{"id":60836,"href":"https:\/\/www.keoutdoordesign.com\/es-es\/wp-json\/wp\/v2\/pages\/3345\/revisions\/60836"}],"up":[{"embeddable":true,"href":"https:\/\/www.keoutdoordesign.com\/es-es\/wp-json\/wp\/v2\/pages\/3341"}],"wp:featuredmedia":[{"embeddable":true,"href":"https:\/\/www.keoutdoordesign.com\/es-es\/wp-json\/wp\/v2\/media\/40077"}],"wp:attachment":[{"href":"https:\/\/www.keoutdoordesign.com\/es-es\/wp-json\/wp\/v2\/media?parent=3345"}],"curies":[{"name":"wp","href":"https:\/\/api.w.org\/{rel}","templated":true}]}}