{"id":3343,"date":"2019-05-28T15:23:10","date_gmt":"2019-05-28T13:23:10","guid":{"rendered":"http:\/\/ke.localhost.it\/?page_id=3343"},"modified":"2023-07-19T16:56:37","modified_gmt":"2023-07-19T14:56:37","slug":"jardin","status":"publish","type":"page","link":"https:\/\/www.keoutdoordesign.com\/es-es\/contexto\/jardin\/","title":{"rendered":"Jard\u00edn"},"content":{"rendered":"<p><span style=\"font-weight: 400;\">Las<\/span> <b>p\u00e9rgolas para jardines<\/b><span style=\"font-weight: 400;\"> son los elementos de sombra ideales para sacarle el m\u00e1ximo partido a <\/span><b>los espacios exteriores de su casa<\/b><span style=\"font-weight: 400;\">. Al fin y al cabo, seguro que le agrada la posibilidad de disfrutar de ellos <\/span><b>tanto en invierno como en verano<\/b><span style=\"font-weight: 400;\"> desayunando, cenando o, simplemente, leyendo un libro al aire libre. Ha de tener en cuenta que estas <\/span><span style=\"font-weight: 400;\">p\u00e9rgolas de jard\u00edn<\/span><span style=\"font-weight: 400;\"> disponen de <\/span><b>estructuras de aluminio muy elegantes y resistentes<\/b><span style=\"font-weight: 400;\"> y que poseen <\/span><b>toldos ajustables<\/b><span style=\"font-weight: 400;\"> que le permitir\u00e1n regular la cantidad de luz que desea recibir.<\/span><\/p>\n<p><span style=\"font-weight: 400;\">Estas<\/span> <b>p\u00e9rgolas para\u00a0 jardines<\/b> <span style=\"font-weight: 400;\">tambi\u00e9n le proporcionar\u00e1n la privacidad que necesita en todo momento y le permitir\u00e1n disfrutar de la frescura de la brisa. Adem\u00e1s, proteger\u00e1n el mobiliario que coloque debajo de ellas del viento, de la lluvia y de cualquier otra inclemencia meteorol\u00f3gica.<\/span><\/p>\n<p><span style=\"font-weight: 400;\">Las <\/span><b>p\u00e9rgolas para jardines<\/b><span style=\"font-weight: 400;\"> que ponemos a su disposici\u00f3n son <\/span><b>bioclim\u00e1ticas, de techo plano y de tejido enrollable<\/b><span style=\"font-weight: 400;\">. Solo tiene que elegir el modelo adecuado y nosotros nos encargaremos de <\/span><b>personalizarlo y ajustarlo<\/b><span style=\"font-weight: 400;\"> a las caracter\u00edsticas del espacio disponible y a sus necesidades espec\u00edficas.<\/span><\/p>\n","protected":false},"excerpt":{"rendered":"<p>Las p\u00e9rgolas para jardines son los elementos de sombra ideales para sacarle el m\u00e1ximo partido a los espacios exteriores de&hellip;<\/p>\n","protected":false},"author":10608,"featured_media":2931,"parent":3341,"menu_order":7,"comment_status":"closed","ping_status":"closed","template":"page-templates\/environment.php","meta":{"_acf_changed":false,"footnotes":""},"class_list":["post-3343","page","type-page","status-publish","has-post-thumbnail","hentry"],"acf":[],"yoast_head":"<!-- This site is optimized with the Yoast SEO Premium plugin v20.12 (Yoast SEO v27.3) - https:\/\/yoast.com\/product\/yoast-seo-premium-wordpress\/ -->\n<title>P\u00e9rgolas para Jardines | KE Outdoor Design<\/title>\n<meta name=\"description\" content=\"S\u00e1quele el m\u00e1ximo partido a los espacios exteriores de su casa con nuestras p\u00e9rgolas de jard\u00edn personalizables a su espacio. \u00a1No dude en consultarnos!\" \/>\n<meta name=\"robots\" content=\"index, follow, max-snippet:-1, max-image-preview:large, max-video-preview:-1\" \/>\n<link rel=\"canonical\" href=\"https:\/\/www.keoutdoordesign.com\/es-es\/contexto\/jardin\/\" \/>\n<meta property=\"og:locale\" content=\"es_ES\" \/>\n<meta property=\"og:type\" content=\"article\" \/>\n<meta property=\"og:title\" content=\"Jard\u00edn\" \/>\n<meta property=\"og:description\" content=\"S\u00e1quele el m\u00e1ximo partido a los espacios exteriores de su casa con nuestras p\u00e9rgolas de jard\u00edn personalizables a su espacio. \u00a1No dude en consultarnos!\" \/>\n<meta property=\"og:url\" content=\"https:\/\/www.keoutdoordesign.com\/es-es\/contexto\/jardin\/\" \/>\n<meta property=\"og:site_name\" content=\"KE Outdoor Design\" \/>\n<meta property=\"article:publisher\" content=\"https:\/\/www.facebook.com\/keoutdoordesign.us\" \/>\n<meta property=\"article:modified_time\" content=\"2023-07-19T14:56:37+00:00\" \/>\n<meta property=\"og:image\" content=\"https:\/\/www.keoutdoordesign.com\/wp-content\/uploads\/2019\/05\/ResLaives_KedryPrime_3.jpg\" \/>\n\t<meta property=\"og:image:width\" content=\"2048\" \/>\n\t<meta property=\"og:image:height\" content=\"1080\" \/>\n\t<meta property=\"og:image:type\" content=\"image\/jpeg\" \/>\n<meta name=\"twitter:card\" content=\"summary_large_image\" \/>\n<meta name=\"twitter:site\" content=\"@keoutdoordesign\" \/>\n<script type=\"application\/ld+json\" class=\"yoast-schema-graph\">{\"@context\":\"https:\\\/\\\/schema.org\",\"@graph\":[{\"@type\":\"WebPage\",\"@id\":\"https:\\\/\\\/www.keoutdoordesign.com\\\/es-es\\\/contexto\\\/jardin\\\/\",\"url\":\"https:\\\/\\\/www.keoutdoordesign.com\\\/es-es\\\/contexto\\\/jardin\\\/\",\"name\":\"P\u00e9rgolas para Jardines | KE Outdoor Design\",\"isPartOf\":{\"@id\":\"https:\\\/\\\/www.keoutdoordesign.com\\\/it-it\\\/#website\"},\"primaryImageOfPage\":{\"@id\":\"https:\\\/\\\/www.keoutdoordesign.com\\\/es-es\\\/contexto\\\/jardin\\\/#primaryimage\"},\"image\":{\"@id\":\"https:\\\/\\\/www.keoutdoordesign.com\\\/es-es\\\/contexto\\\/jardin\\\/#primaryimage\"},\"thumbnailUrl\":\"https:\\\/\\\/www.keoutdoordesign.com\\\/wp-content\\\/uploads\\\/2019\\\/05\\\/ResLaives_KedryPrime_3.jpg\",\"datePublished\":\"2019-05-28T13:23:10+00:00\",\"dateModified\":\"2023-07-19T14:56:37+00:00\",\"description\":\"S\u00e1quele el m\u00e1ximo partido a los espacios exteriores de su casa con nuestras p\u00e9rgolas de jard\u00edn personalizables a su espacio. \u00a1No dude en consultarnos!\",\"breadcrumb\":{\"@id\":\"https:\\\/\\\/www.keoutdoordesign.com\\\/es-es\\\/contexto\\\/jardin\\\/#breadcrumb\"},\"inLanguage\":\"es\",\"potentialAction\":[{\"@type\":\"ReadAction\",\"target\":[\"https:\\\/\\\/www.keoutdoordesign.com\\\/es-es\\\/contexto\\\/jardin\\\/\"]}]},{\"@type\":\"ImageObject\",\"inLanguage\":\"es\",\"@id\":\"https:\\\/\\\/www.keoutdoordesign.com\\\/es-es\\\/contexto\\\/jardin\\\/#primaryimage\",\"url\":\"https:\\\/\\\/www.keoutdoordesign.com\\\/wp-content\\\/uploads\\\/2019\\\/05\\\/ResLaives_KedryPrime_3.jpg\",\"contentUrl\":\"https:\\\/\\\/www.keoutdoordesign.com\\\/wp-content\\\/uploads\\\/2019\\\/05\\\/ResLaives_KedryPrime_3.jpg\",\"width\":2048,\"height\":1080,\"caption\":\"protections-solaires-pour-jardin\"},{\"@type\":\"BreadcrumbList\",\"@id\":\"https:\\\/\\\/www.keoutdoordesign.com\\\/es-es\\\/contexto\\\/jardin\\\/#breadcrumb\",\"itemListElement\":[{\"@type\":\"ListItem\",\"position\":1,\"name\":\"Home\",\"item\":\"https:\\\/\\\/www.keoutdoordesign.com\\\/es-es\\\/\"},{\"@type\":\"ListItem\",\"position\":2,\"name\":\"Pergolas y Toldos para Contextos Exteriores\",\"item\":\"https:\\\/\\\/www.keoutdoordesign.com\\\/es-es\\\/contexto\\\/\"},{\"@type\":\"ListItem\",\"position\":3,\"name\":\"Jard\u00edn\"}]},{\"@type\":\"WebSite\",\"@id\":\"https:\\\/\\\/www.keoutdoordesign.com\\\/it-it\\\/#website\",\"url\":\"https:\\\/\\\/www.keoutdoordesign.com\\\/it-it\\\/\",\"name\":\"KE Outdoor Design\",\"description\":\"Un nuovo sito targato WordPress\",\"publisher\":{\"@id\":\"https:\\\/\\\/www.keoutdoordesign.com\\\/it-it\\\/#organization\"},\"potentialAction\":[{\"@type\":\"SearchAction\",\"target\":{\"@type\":\"EntryPoint\",\"urlTemplate\":\"https:\\\/\\\/www.keoutdoordesign.com\\\/it-it\\\/?s={search_term_string}\"},\"query-input\":{\"@type\":\"PropertyValueSpecification\",\"valueRequired\":true,\"valueName\":\"search_term_string\"}}],\"inLanguage\":\"es\"},{\"@type\":\"Organization\",\"@id\":\"https:\\\/\\\/www.keoutdoordesign.com\\\/it-it\\\/#organization\",\"name\":\"KE Outdoor Design\",\"url\":\"https:\\\/\\\/www.keoutdoordesign.com\\\/it-it\\\/\",\"logo\":{\"@type\":\"ImageObject\",\"inLanguage\":\"es\",\"@id\":\"https:\\\/\\\/www.keoutdoordesign.com\\\/it-it\\\/#\\\/schema\\\/logo\\\/image\\\/\",\"url\":\"https:\\\/\\\/www.keoutdoordesign.com\\\/wp-content\\\/uploads\\\/2020\\\/02\\\/KE-logo-Primary-e1591282842174.jpg\",\"contentUrl\":\"https:\\\/\\\/www.keoutdoordesign.com\\\/wp-content\\\/uploads\\\/2020\\\/02\\\/KE-logo-Primary-e1591282842174.jpg\",\"width\":500,\"height\":396,\"caption\":\"KE Outdoor Design\"},\"image\":{\"@id\":\"https:\\\/\\\/www.keoutdoordesign.com\\\/it-it\\\/#\\\/schema\\\/logo\\\/image\\\/\"},\"sameAs\":[\"https:\\\/\\\/www.facebook.com\\\/keoutdoordesign.us\",\"https:\\\/\\\/x.com\\\/keoutdoordesign\",\"https:\\\/\\\/www.facebook.com\\\/keoutdoordesign\",\"https:\\\/\\\/www.youtube.com\\\/channel\\\/UCSoMQryJpLqD53bAoZLg2Vg\",\"https:\\\/\\\/www.pinterest.it\\\/keoutdoordesign\\\/\",\"https:\\\/\\\/www.instagram.com\\\/keoutdoordesign\\\/\",\"https:\\\/\\\/www.linkedin.com\\\/company\\\/ke-outdoor-design\\\/\"]}]}<\/script>\n<!-- \/ Yoast SEO Premium plugin. -->","yoast_head_json":{"title":"P\u00e9rgolas para Jardines | KE Outdoor Design","description":"S\u00e1quele el m\u00e1ximo partido a los espacios exteriores de su casa con nuestras p\u00e9rgolas de jard\u00edn personalizables a su espacio. \u00a1No dude en consultarnos!","robots":{"index":"index","follow":"follow","max-snippet":"max-snippet:-1","max-image-preview":"max-image-preview:large","max-video-preview":"max-video-preview:-1"},"canonical":"https:\/\/www.keoutdoordesign.com\/es-es\/contexto\/jardin\/","og_locale":"es_ES","og_type":"article","og_title":"Jard\u00edn","og_description":"S\u00e1quele el m\u00e1ximo partido a los espacios exteriores de su casa con nuestras p\u00e9rgolas de jard\u00edn personalizables a su espacio. \u00a1No dude en consultarnos!","og_url":"https:\/\/www.keoutdoordesign.com\/es-es\/contexto\/jardin\/","og_site_name":"KE Outdoor Design","article_publisher":"https:\/\/www.facebook.com\/keoutdoordesign.us","article_modified_time":"2023-07-19T14:56:37+00:00","og_image":[{"width":2048,"height":1080,"url":"https:\/\/www.keoutdoordesign.com\/wp-content\/uploads\/2019\/05\/ResLaives_KedryPrime_3.jpg","type":"image\/jpeg"}],"twitter_card":"summary_large_image","twitter_site":"@keoutdoordesign","schema":{"@context":"https:\/\/schema.org","@graph":[{"@type":"WebPage","@id":"https:\/\/www.keoutdoordesign.com\/es-es\/contexto\/jardin\/","url":"https:\/\/www.keoutdoordesign.com\/es-es\/contexto\/jardin\/","name":"P\u00e9rgolas para Jardines | KE Outdoor Design","isPartOf":{"@id":"https:\/\/www.keoutdoordesign.com\/it-it\/#website"},"primaryImageOfPage":{"@id":"https:\/\/www.keoutdoordesign.com\/es-es\/contexto\/jardin\/#primaryimage"},"image":{"@id":"https:\/\/www.keoutdoordesign.com\/es-es\/contexto\/jardin\/#primaryimage"},"thumbnailUrl":"https:\/\/www.keoutdoordesign.com\/wp-content\/uploads\/2019\/05\/ResLaives_KedryPrime_3.jpg","datePublished":"2019-05-28T13:23:10+00:00","dateModified":"2023-07-19T14:56:37+00:00","description":"S\u00e1quele el m\u00e1ximo partido a los espacios exteriores de su casa con nuestras p\u00e9rgolas de jard\u00edn personalizables a su espacio. \u00a1No dude en consultarnos!","breadcrumb":{"@id":"https:\/\/www.keoutdoordesign.com\/es-es\/contexto\/jardin\/#breadcrumb"},"inLanguage":"es","potentialAction":[{"@type":"ReadAction","target":["https:\/\/www.keoutdoordesign.com\/es-es\/contexto\/jardin\/"]}]},{"@type":"ImageObject","inLanguage":"es","@id":"https:\/\/www.keoutdoordesign.com\/es-es\/contexto\/jardin\/#primaryimage","url":"https:\/\/www.keoutdoordesign.com\/wp-content\/uploads\/2019\/05\/ResLaives_KedryPrime_3.jpg","contentUrl":"https:\/\/www.keoutdoordesign.com\/wp-content\/uploads\/2019\/05\/ResLaives_KedryPrime_3.jpg","width":2048,"height":1080,"caption":"protections-solaires-pour-jardin"},{"@type":"BreadcrumbList","@id":"https:\/\/www.keoutdoordesign.com\/es-es\/contexto\/jardin\/#breadcrumb","itemListElement":[{"@type":"ListItem","position":1,"name":"Home","item":"https:\/\/www.keoutdoordesign.com\/es-es\/"},{"@type":"ListItem","position":2,"name":"Pergolas y Toldos para Contextos Exteriores","item":"https:\/\/www.keoutdoordesign.com\/es-es\/contexto\/"},{"@type":"ListItem","position":3,"name":"Jard\u00edn"}]},{"@type":"WebSite","@id":"https:\/\/www.keoutdoordesign.com\/it-it\/#website","url":"https:\/\/www.keoutdoordesign.com\/it-it\/","name":"KE Outdoor Design","description":"Un nuovo sito targato WordPress","publisher":{"@id":"https:\/\/www.keoutdoordesign.com\/it-it\/#organization"},"potentialAction":[{"@type":"SearchAction","target":{"@type":"EntryPoint","urlTemplate":"https:\/\/www.keoutdoordesign.com\/it-it\/?s={search_term_string}"},"query-input":{"@type":"PropertyValueSpecification","valueRequired":true,"valueName":"search_term_string"}}],"inLanguage":"es"},{"@type":"Organization","@id":"https:\/\/www.keoutdoordesign.com\/it-it\/#organization","name":"KE Outdoor Design","url":"https:\/\/www.keoutdoordesign.com\/it-it\/","logo":{"@type":"ImageObject","inLanguage":"es","@id":"https:\/\/www.keoutdoordesign.com\/it-it\/#\/schema\/logo\/image\/","url":"https:\/\/www.keoutdoordesign.com\/wp-content\/uploads\/2020\/02\/KE-logo-Primary-e1591282842174.jpg","contentUrl":"https:\/\/www.keoutdoordesign.com\/wp-content\/uploads\/2020\/02\/KE-logo-Primary-e1591282842174.jpg","width":500,"height":396,"caption":"KE Outdoor Design"},"image":{"@id":"https:\/\/www.keoutdoordesign.com\/it-it\/#\/schema\/logo\/image\/"},"sameAs":["https:\/\/www.facebook.com\/keoutdoordesign.us","https:\/\/x.com\/keoutdoordesign","https:\/\/www.facebook.com\/keoutdoordesign","https:\/\/www.youtube.com\/channel\/UCSoMQryJpLqD53bAoZLg2Vg","https:\/\/www.pinterest.it\/keoutdoordesign\/","https:\/\/www.instagram.com\/keoutdoordesign\/","https:\/\/www.linkedin.com\/company\/ke-outdoor-design\/"]}]}},"_links":{"self":[{"href":"https:\/\/www.keoutdoordesign.com\/es-es\/wp-json\/wp\/v2\/pages\/3343","targetHints":{"allow":["GET"]}}],"collection":[{"href":"https:\/\/www.keoutdoordesign.com\/es-es\/wp-json\/wp\/v2\/pages"}],"about":[{"href":"https:\/\/www.keoutdoordesign.com\/es-es\/wp-json\/wp\/v2\/types\/page"}],"author":[{"embeddable":true,"href":"https:\/\/www.keoutdoordesign.com\/es-es\/wp-json\/wp\/v2\/users\/10608"}],"replies":[{"embeddable":true,"href":"https:\/\/www.keoutdoordesign.com\/es-es\/wp-json\/wp\/v2\/comments?post=3343"}],"version-history":[{"count":4,"href":"https:\/\/www.keoutdoordesign.com\/es-es\/wp-json\/wp\/v2\/pages\/3343\/revisions"}],"predecessor-version":[{"id":60837,"href":"https:\/\/www.keoutdoordesign.com\/es-es\/wp-json\/wp\/v2\/pages\/3343\/revisions\/60837"}],"up":[{"embeddable":true,"href":"https:\/\/www.keoutdoordesign.com\/es-es\/wp-json\/wp\/v2\/pages\/3341"}],"wp:featuredmedia":[{"embeddable":true,"href":"https:\/\/www.keoutdoordesign.com\/es-es\/wp-json\/wp\/v2\/media\/2931"}],"wp:attachment":[{"href":"https:\/\/www.keoutdoordesign.com\/es-es\/wp-json\/wp\/v2\/media?parent=3343"}],"curies":[{"name":"wp","href":"https:\/\/api.w.org\/{rel}","templated":true}]}}