{"id":27301,"date":"2021-01-26T17:18:36","date_gmt":"2021-01-26T16:18:36","guid":{"rendered":"https:\/\/www.keoutdoordesign.com\/pergola-gennius\/pergolas-bioclimaticas\/kedry-skylife\/"},"modified":"2026-02-23T15:44:04","modified_gmt":"2026-02-23T14:44:04","slug":"kedry-skylife","status":"publish","type":"page","link":"https:\/\/www.keoutdoordesign.com\/es-es\/pergola-gennius\/pergolas-bioclimaticas\/kedry-skylife\/","title":{"rendered":"Kedry Skylife"},"content":{"rendered":"<h3><strong>P\u00e9rgola Bioclim\u00e1tica Lamas Retractil Kedry Skylife<\/strong><\/h3>\n<p><strong>P\u00e9rgola Bioclim\u00e1tica Lamas Retractil KEDRY SKYLIFE<\/strong> tambi\u00e9n se puede cerrar en los laterales con <a href=\"\/?page_id=12930\"><strong>Vertika Prime<\/strong><\/a>, el sistema integrado de toldos a ca\u00edda laterales y frontales. La variedad de elecci\u00f3n de tejidos (transparentes, filtrantes y opacos) permite tener el nivel de protecci\u00f3n deseado; una vez cerrado el Vertika, desaparece completamente dentro de la estructura.<\/p>\n<p>Pero no solo eso, la estructura tambi\u00e9n se puede decorar con cortinas ornamentales, un toque de elegancia para quienes desean crear un ambiente refinado.<\/p>\n<p>En t\u00e9rminos de ahorro energ\u00e9tico, el nuevo sistema bioclim\u00e1tico KEDRY SKYLIFE no conoce la estacionalidad: durante el per\u00edodo invernal, reduce la p\u00e9rdida de calor y permite un mejor control de las temperaturas internas; durante la temporada de verano se minimiza el impacto de los rayos solares y se ayuda a reducir el sobrecalentamiento de los ambientes, limitando el uso de aires acondicionados.<\/p>\n<p>La nueva bioclim\u00e1tica de KE garantiza resistencia y alto rendimiento t\u00e9cnico, ha sido dise\u00f1ado para disfrutar mejor de los espacios exteriores de su hogar o negocio, con la m\u00e1xima innovaci\u00f3n y rendimiento est\u00e9tico.<\/p>\n<p><strong>Novedad para 2024: la versi\u00f3n Classic tambi\u00e9n est\u00e1 disponibile.<\/strong><\/p>\n<pre id=\"tw-target-text\" class=\"tw-data-text tw-text-large tw-ta\" dir=\"ltr\" data-placeholder=\"Traduzione\" data-ved=\"2ahUKEwiyztj_rfaEAxX0hP0HHUFVCfkQ3ewLegQIBRAU\"><\/pre>\n","protected":false},"excerpt":{"rendered":"<p>P\u00e9rgola Bioclim\u00e1tica Lamas Retractil Kedry Skylife P\u00e9rgola Bioclim\u00e1tica Lamas Retractil KEDRY SKYLIFE tambi\u00e9n se puede cerrar en los laterales con&hellip;<\/p>\n","protected":false},"author":10608,"featured_media":113398,"parent":4766,"menu_order":0,"comment_status":"closed","ping_status":"closed","template":"page-templates\/product.php","meta":{"_acf_changed":false,"footnotes":""},"class_list":["post-27301","page","type-page","status-publish","has-post-thumbnail","hentry"],"acf":[],"yoast_head":"<!-- This site is optimized with the Yoast SEO Premium plugin v20.12 (Yoast SEO v27.3) - https:\/\/yoast.com\/product\/yoast-seo-premium-wordpress\/ -->\n<title>P\u00e9rgola Bioclim\u00e1tica Lamas Retractil - Kedry Skylife - KE Outdoor Design<\/title>\n<meta name=\"description\" content=\"Con nuestra p\u00e9rgola bioclim\u00e1tica retr\u00e1ctil de lamas m\u00f3viles retr\u00e1ctiles podr\u00e1 ajustar la intensidad de la luz y la ventilaci\u00f3n. \u00a1No dude en consultarnos!\" \/>\n<meta name=\"robots\" content=\"index, follow, max-snippet:-1, max-image-preview:large, max-video-preview:-1\" \/>\n<link rel=\"canonical\" href=\"https:\/\/www.keoutdoordesign.com\/es-es\/pergola-gennius\/pergolas-bioclimaticas\/kedry-skylife\/\" \/>\n<meta property=\"og:locale\" content=\"es_ES\" \/>\n<meta property=\"og:type\" content=\"article\" \/>\n<meta property=\"og:title\" content=\"Kedry Skylife\" \/>\n<meta property=\"og:description\" content=\"Con nuestra p\u00e9rgola bioclim\u00e1tica retr\u00e1ctil de lamas m\u00f3viles retr\u00e1ctiles podr\u00e1 ajustar la intensidad de la luz y la ventilaci\u00f3n. \u00a1No dude en consultarnos!\" \/>\n<meta property=\"og:url\" content=\"https:\/\/www.keoutdoordesign.com\/es-es\/pergola-gennius\/pergolas-bioclimaticas\/kedry-skylife\/\" \/>\n<meta property=\"og:site_name\" content=\"KE Outdoor Design\" \/>\n<meta property=\"article:publisher\" content=\"https:\/\/www.facebook.com\/keoutdoordesign.us\" \/>\n<meta property=\"article:modified_time\" content=\"2026-02-23T14:44:04+00:00\" \/>\n<meta property=\"og:image\" content=\"https:\/\/www.keoutdoordesign.com\/wp-content\/uploads\/2025\/10\/KE-RED_B-5.jpg\" \/>\n\t<meta property=\"og:image:width\" content=\"1920\" \/>\n\t<meta property=\"og:image:height\" content=\"1192\" \/>\n\t<meta property=\"og:image:type\" content=\"image\/jpeg\" \/>\n<meta name=\"twitter:card\" content=\"summary_large_image\" \/>\n<meta name=\"twitter:site\" content=\"@keoutdoordesign\" \/>\n<script type=\"application\/ld+json\" class=\"yoast-schema-graph\">{\"@context\":\"https:\\\/\\\/schema.org\",\"@graph\":[{\"@type\":\"WebPage\",\"@id\":\"https:\\\/\\\/www.keoutdoordesign.com\\\/es-es\\\/pergola-gennius\\\/pergolas-bioclimaticas\\\/kedry-skylife\\\/\",\"url\":\"https:\\\/\\\/www.keoutdoordesign.com\\\/es-es\\\/pergola-gennius\\\/pergolas-bioclimaticas\\\/kedry-skylife\\\/\",\"name\":\"P\u00e9rgola Bioclim\u00e1tica Lamas Retractil - Kedry Skylife - KE Outdoor Design\",\"isPartOf\":{\"@id\":\"https:\\\/\\\/www.keoutdoordesign.com\\\/it-it\\\/#website\"},\"primaryImageOfPage\":{\"@id\":\"https:\\\/\\\/www.keoutdoordesign.com\\\/es-es\\\/pergola-gennius\\\/pergolas-bioclimaticas\\\/kedry-skylife\\\/#primaryimage\"},\"image\":{\"@id\":\"https:\\\/\\\/www.keoutdoordesign.com\\\/es-es\\\/pergola-gennius\\\/pergolas-bioclimaticas\\\/kedry-skylife\\\/#primaryimage\"},\"thumbnailUrl\":\"https:\\\/\\\/www.keoutdoordesign.com\\\/wp-content\\\/uploads\\\/2025\\\/10\\\/KE-RED_B-5.jpg\",\"datePublished\":\"2021-01-26T16:18:36+00:00\",\"dateModified\":\"2026-02-23T14:44:04+00:00\",\"description\":\"Con nuestra p\u00e9rgola bioclim\u00e1tica retr\u00e1ctil de lamas m\u00f3viles retr\u00e1ctiles podr\u00e1 ajustar la intensidad de la luz y la ventilaci\u00f3n. \u00a1No dude en consultarnos!\",\"breadcrumb\":{\"@id\":\"https:\\\/\\\/www.keoutdoordesign.com\\\/es-es\\\/pergola-gennius\\\/pergolas-bioclimaticas\\\/kedry-skylife\\\/#breadcrumb\"},\"inLanguage\":\"es\",\"potentialAction\":[{\"@type\":\"ReadAction\",\"target\":[\"https:\\\/\\\/www.keoutdoordesign.com\\\/es-es\\\/pergola-gennius\\\/pergolas-bioclimaticas\\\/kedry-skylife\\\/\"]}]},{\"@type\":\"ImageObject\",\"inLanguage\":\"es\",\"@id\":\"https:\\\/\\\/www.keoutdoordesign.com\\\/es-es\\\/pergola-gennius\\\/pergolas-bioclimaticas\\\/kedry-skylife\\\/#primaryimage\",\"url\":\"https:\\\/\\\/www.keoutdoordesign.com\\\/wp-content\\\/uploads\\\/2025\\\/10\\\/KE-RED_B-5.jpg\",\"contentUrl\":\"https:\\\/\\\/www.keoutdoordesign.com\\\/wp-content\\\/uploads\\\/2025\\\/10\\\/KE-RED_B-5.jpg\",\"width\":1920,\"height\":1192,\"caption\":\"KE-RED_B\"},{\"@type\":\"BreadcrumbList\",\"@id\":\"https:\\\/\\\/www.keoutdoordesign.com\\\/es-es\\\/pergola-gennius\\\/pergolas-bioclimaticas\\\/kedry-skylife\\\/#breadcrumb\",\"itemListElement\":[{\"@type\":\"ListItem\",\"position\":1,\"name\":\"Home\",\"item\":\"https:\\\/\\\/www.keoutdoordesign.com\\\/es-es\\\/\"},{\"@type\":\"ListItem\",\"position\":2,\"name\":\"P\u00e9rgola Gennius\",\"item\":\"https:\\\/\\\/www.keoutdoordesign.com\\\/es-es\\\/pergola-gennius\\\/\"},{\"@type\":\"ListItem\",\"position\":3,\"name\":\"P\u00e9rgolas bioclim\u00e1ticas\",\"item\":\"https:\\\/\\\/www.keoutdoordesign.com\\\/es-es\\\/pergola-gennius\\\/pergolas-bioclimaticas\\\/\"},{\"@type\":\"ListItem\",\"position\":4,\"name\":\"Kedry Skylife\"}]},{\"@type\":\"WebSite\",\"@id\":\"https:\\\/\\\/www.keoutdoordesign.com\\\/it-it\\\/#website\",\"url\":\"https:\\\/\\\/www.keoutdoordesign.com\\\/it-it\\\/\",\"name\":\"KE Outdoor Design\",\"description\":\"Un nuovo sito targato WordPress\",\"publisher\":{\"@id\":\"https:\\\/\\\/www.keoutdoordesign.com\\\/it-it\\\/#organization\"},\"potentialAction\":[{\"@type\":\"SearchAction\",\"target\":{\"@type\":\"EntryPoint\",\"urlTemplate\":\"https:\\\/\\\/www.keoutdoordesign.com\\\/it-it\\\/?s={search_term_string}\"},\"query-input\":{\"@type\":\"PropertyValueSpecification\",\"valueRequired\":true,\"valueName\":\"search_term_string\"}}],\"inLanguage\":\"es\"},{\"@type\":\"Organization\",\"@id\":\"https:\\\/\\\/www.keoutdoordesign.com\\\/it-it\\\/#organization\",\"name\":\"KE Outdoor Design\",\"url\":\"https:\\\/\\\/www.keoutdoordesign.com\\\/it-it\\\/\",\"logo\":{\"@type\":\"ImageObject\",\"inLanguage\":\"es\",\"@id\":\"https:\\\/\\\/www.keoutdoordesign.com\\\/it-it\\\/#\\\/schema\\\/logo\\\/image\\\/\",\"url\":\"https:\\\/\\\/www.keoutdoordesign.com\\\/wp-content\\\/uploads\\\/2020\\\/02\\\/KE-logo-Primary-e1591282842174.jpg\",\"contentUrl\":\"https:\\\/\\\/www.keoutdoordesign.com\\\/wp-content\\\/uploads\\\/2020\\\/02\\\/KE-logo-Primary-e1591282842174.jpg\",\"width\":500,\"height\":396,\"caption\":\"KE Outdoor Design\"},\"image\":{\"@id\":\"https:\\\/\\\/www.keoutdoordesign.com\\\/it-it\\\/#\\\/schema\\\/logo\\\/image\\\/\"},\"sameAs\":[\"https:\\\/\\\/www.facebook.com\\\/keoutdoordesign.us\",\"https:\\\/\\\/x.com\\\/keoutdoordesign\",\"https:\\\/\\\/www.facebook.com\\\/keoutdoordesign\",\"https:\\\/\\\/www.youtube.com\\\/channel\\\/UCSoMQryJpLqD53bAoZLg2Vg\",\"https:\\\/\\\/www.pinterest.it\\\/keoutdoordesign\\\/\",\"https:\\\/\\\/www.instagram.com\\\/keoutdoordesign\\\/\",\"https:\\\/\\\/www.linkedin.com\\\/company\\\/ke-outdoor-design\\\/\"]}]}<\/script>\n<!-- \/ Yoast SEO Premium plugin. -->","yoast_head_json":{"title":"P\u00e9rgola Bioclim\u00e1tica Lamas Retractil - Kedry Skylife - KE Outdoor Design","description":"Con nuestra p\u00e9rgola bioclim\u00e1tica retr\u00e1ctil de lamas m\u00f3viles retr\u00e1ctiles podr\u00e1 ajustar la intensidad de la luz y la ventilaci\u00f3n. \u00a1No dude en consultarnos!","robots":{"index":"index","follow":"follow","max-snippet":"max-snippet:-1","max-image-preview":"max-image-preview:large","max-video-preview":"max-video-preview:-1"},"canonical":"https:\/\/www.keoutdoordesign.com\/es-es\/pergola-gennius\/pergolas-bioclimaticas\/kedry-skylife\/","og_locale":"es_ES","og_type":"article","og_title":"Kedry Skylife","og_description":"Con nuestra p\u00e9rgola bioclim\u00e1tica retr\u00e1ctil de lamas m\u00f3viles retr\u00e1ctiles podr\u00e1 ajustar la intensidad de la luz y la ventilaci\u00f3n. \u00a1No dude en consultarnos!","og_url":"https:\/\/www.keoutdoordesign.com\/es-es\/pergola-gennius\/pergolas-bioclimaticas\/kedry-skylife\/","og_site_name":"KE Outdoor Design","article_publisher":"https:\/\/www.facebook.com\/keoutdoordesign.us","article_modified_time":"2026-02-23T14:44:04+00:00","og_image":[{"width":1920,"height":1192,"url":"https:\/\/www.keoutdoordesign.com\/wp-content\/uploads\/2025\/10\/KE-RED_B-5.jpg","type":"image\/jpeg"}],"twitter_card":"summary_large_image","twitter_site":"@keoutdoordesign","schema":{"@context":"https:\/\/schema.org","@graph":[{"@type":"WebPage","@id":"https:\/\/www.keoutdoordesign.com\/es-es\/pergola-gennius\/pergolas-bioclimaticas\/kedry-skylife\/","url":"https:\/\/www.keoutdoordesign.com\/es-es\/pergola-gennius\/pergolas-bioclimaticas\/kedry-skylife\/","name":"P\u00e9rgola Bioclim\u00e1tica Lamas Retractil - Kedry Skylife - KE Outdoor Design","isPartOf":{"@id":"https:\/\/www.keoutdoordesign.com\/it-it\/#website"},"primaryImageOfPage":{"@id":"https:\/\/www.keoutdoordesign.com\/es-es\/pergola-gennius\/pergolas-bioclimaticas\/kedry-skylife\/#primaryimage"},"image":{"@id":"https:\/\/www.keoutdoordesign.com\/es-es\/pergola-gennius\/pergolas-bioclimaticas\/kedry-skylife\/#primaryimage"},"thumbnailUrl":"https:\/\/www.keoutdoordesign.com\/wp-content\/uploads\/2025\/10\/KE-RED_B-5.jpg","datePublished":"2021-01-26T16:18:36+00:00","dateModified":"2026-02-23T14:44:04+00:00","description":"Con nuestra p\u00e9rgola bioclim\u00e1tica retr\u00e1ctil de lamas m\u00f3viles retr\u00e1ctiles podr\u00e1 ajustar la intensidad de la luz y la ventilaci\u00f3n. \u00a1No dude en consultarnos!","breadcrumb":{"@id":"https:\/\/www.keoutdoordesign.com\/es-es\/pergola-gennius\/pergolas-bioclimaticas\/kedry-skylife\/#breadcrumb"},"inLanguage":"es","potentialAction":[{"@type":"ReadAction","target":["https:\/\/www.keoutdoordesign.com\/es-es\/pergola-gennius\/pergolas-bioclimaticas\/kedry-skylife\/"]}]},{"@type":"ImageObject","inLanguage":"es","@id":"https:\/\/www.keoutdoordesign.com\/es-es\/pergola-gennius\/pergolas-bioclimaticas\/kedry-skylife\/#primaryimage","url":"https:\/\/www.keoutdoordesign.com\/wp-content\/uploads\/2025\/10\/KE-RED_B-5.jpg","contentUrl":"https:\/\/www.keoutdoordesign.com\/wp-content\/uploads\/2025\/10\/KE-RED_B-5.jpg","width":1920,"height":1192,"caption":"KE-RED_B"},{"@type":"BreadcrumbList","@id":"https:\/\/www.keoutdoordesign.com\/es-es\/pergola-gennius\/pergolas-bioclimaticas\/kedry-skylife\/#breadcrumb","itemListElement":[{"@type":"ListItem","position":1,"name":"Home","item":"https:\/\/www.keoutdoordesign.com\/es-es\/"},{"@type":"ListItem","position":2,"name":"P\u00e9rgola Gennius","item":"https:\/\/www.keoutdoordesign.com\/es-es\/pergola-gennius\/"},{"@type":"ListItem","position":3,"name":"P\u00e9rgolas bioclim\u00e1ticas","item":"https:\/\/www.keoutdoordesign.com\/es-es\/pergola-gennius\/pergolas-bioclimaticas\/"},{"@type":"ListItem","position":4,"name":"Kedry Skylife"}]},{"@type":"WebSite","@id":"https:\/\/www.keoutdoordesign.com\/it-it\/#website","url":"https:\/\/www.keoutdoordesign.com\/it-it\/","name":"KE Outdoor Design","description":"Un nuovo sito targato WordPress","publisher":{"@id":"https:\/\/www.keoutdoordesign.com\/it-it\/#organization"},"potentialAction":[{"@type":"SearchAction","target":{"@type":"EntryPoint","urlTemplate":"https:\/\/www.keoutdoordesign.com\/it-it\/?s={search_term_string}"},"query-input":{"@type":"PropertyValueSpecification","valueRequired":true,"valueName":"search_term_string"}}],"inLanguage":"es"},{"@type":"Organization","@id":"https:\/\/www.keoutdoordesign.com\/it-it\/#organization","name":"KE Outdoor Design","url":"https:\/\/www.keoutdoordesign.com\/it-it\/","logo":{"@type":"ImageObject","inLanguage":"es","@id":"https:\/\/www.keoutdoordesign.com\/it-it\/#\/schema\/logo\/image\/","url":"https:\/\/www.keoutdoordesign.com\/wp-content\/uploads\/2020\/02\/KE-logo-Primary-e1591282842174.jpg","contentUrl":"https:\/\/www.keoutdoordesign.com\/wp-content\/uploads\/2020\/02\/KE-logo-Primary-e1591282842174.jpg","width":500,"height":396,"caption":"KE Outdoor Design"},"image":{"@id":"https:\/\/www.keoutdoordesign.com\/it-it\/#\/schema\/logo\/image\/"},"sameAs":["https:\/\/www.facebook.com\/keoutdoordesign.us","https:\/\/x.com\/keoutdoordesign","https:\/\/www.facebook.com\/keoutdoordesign","https:\/\/www.youtube.com\/channel\/UCSoMQryJpLqD53bAoZLg2Vg","https:\/\/www.pinterest.it\/keoutdoordesign\/","https:\/\/www.instagram.com\/keoutdoordesign\/","https:\/\/www.linkedin.com\/company\/ke-outdoor-design\/"]}]}},"_links":{"self":[{"href":"https:\/\/www.keoutdoordesign.com\/es-es\/wp-json\/wp\/v2\/pages\/27301","targetHints":{"allow":["GET"]}}],"collection":[{"href":"https:\/\/www.keoutdoordesign.com\/es-es\/wp-json\/wp\/v2\/pages"}],"about":[{"href":"https:\/\/www.keoutdoordesign.com\/es-es\/wp-json\/wp\/v2\/types\/page"}],"author":[{"embeddable":true,"href":"https:\/\/www.keoutdoordesign.com\/es-es\/wp-json\/wp\/v2\/users\/10608"}],"replies":[{"embeddable":true,"href":"https:\/\/www.keoutdoordesign.com\/es-es\/wp-json\/wp\/v2\/comments?post=27301"}],"version-history":[{"count":27,"href":"https:\/\/www.keoutdoordesign.com\/es-es\/wp-json\/wp\/v2\/pages\/27301\/revisions"}],"predecessor-version":[{"id":119125,"href":"https:\/\/www.keoutdoordesign.com\/es-es\/wp-json\/wp\/v2\/pages\/27301\/revisions\/119125"}],"up":[{"embeddable":true,"href":"https:\/\/www.keoutdoordesign.com\/es-es\/wp-json\/wp\/v2\/pages\/4766"}],"wp:featuredmedia":[{"embeddable":true,"href":"https:\/\/www.keoutdoordesign.com\/es-es\/wp-json\/wp\/v2\/media\/113398"}],"wp:attachment":[{"href":"https:\/\/www.keoutdoordesign.com\/es-es\/wp-json\/wp\/v2\/media?parent=27301"}],"curies":[{"name":"wp","href":"https:\/\/api.w.org\/{rel}","templated":true}]}}