{"id":118842,"date":"2026-02-17T16:58:08","date_gmt":"2026-02-17T15:58:08","guid":{"rendered":"https:\/\/www.keoutdoordesign.com\/?page_id=118842"},"modified":"2026-03-31T15:21:51","modified_gmt":"2026-03-31T13:21:51","slug":"screeny-hide-110-gpz-h2f","status":"publish","type":"page","link":"https:\/\/www.keoutdoordesign.com\/es-es\/toldos-enrollables\/toldos-desplegables-con-cofre\/screeny-hide-110-gpz-h2f\/","title":{"rendered":"Screeny Hide 110 GPZ H2F"},"content":{"rendered":"","protected":false},"excerpt":{"rendered":"","protected":false},"author":10407,"featured_media":104795,"parent":114736,"menu_order":5,"comment_status":"closed","ping_status":"closed","template":"page-templates\/product.php","meta":{"_acf_changed":false,"footnotes":""},"class_list":["post-118842","page","type-page","status-publish","has-post-thumbnail","hentry"],"acf":[],"yoast_head":"<!-- This site is optimized with the Yoast SEO Premium plugin v20.12 (Yoast SEO v27.0) - https:\/\/yoast.com\/product\/yoast-seo-premium-wordpress\/ -->\n<title>Screeny Hide 110 GPZ H2F - KE Outdoor Design<\/title>\n<meta name=\"description\" content=\"Screeny Hide 110 GC H2F: el toldo enrollable con caj\u00f3n firmado por KE.Consulta nuestro cat\u00e1logo de soluciones outdoor y de sistemas de protecci\u00f3n solar.\" \/>\n<meta name=\"robots\" content=\"index, follow, max-snippet:-1, max-image-preview:large, max-video-preview:-1\" \/>\n<link rel=\"canonical\" href=\"https:\/\/www.keoutdoordesign.com\/es-es\/toldos-enrollables\/toldos-desplegables-con-cofre\/screeny-hide-110-gpz-h2f\/\" \/>\n<meta property=\"og:locale\" content=\"es_ES\" \/>\n<meta property=\"og:type\" content=\"article\" \/>\n<meta property=\"og:title\" content=\"Screeny Hide 110 GPZ H2F\" \/>\n<meta property=\"og:description\" content=\"Screeny Hide 110 GC H2F: el toldo enrollable con caj\u00f3n firmado por KE.Consulta nuestro cat\u00e1logo de soluciones outdoor y de sistemas de protecci\u00f3n solar.\" \/>\n<meta property=\"og:url\" content=\"https:\/\/www.keoutdoordesign.com\/es-es\/toldos-enrollables\/toldos-desplegables-con-cofre\/screeny-hide-110-gpz-h2f\/\" \/>\n<meta property=\"og:site_name\" content=\"KE Outdoor Design\" \/>\n<meta property=\"article:publisher\" content=\"https:\/\/www.facebook.com\/keoutdoordesign.us\" \/>\n<meta property=\"article:modified_time\" content=\"2026-03-31T13:21:51+00:00\" \/>\n<meta property=\"og:image\" content=\"https:\/\/www.keoutdoordesign.com\/wp-content\/uploads\/2025\/02\/SCREENY-HIDE_01-NOTTE_PAR-1.jpg\" \/>\n\t<meta property=\"og:image:width\" content=\"1920\" \/>\n\t<meta property=\"og:image:height\" content=\"1920\" \/>\n\t<meta property=\"og:image:type\" content=\"image\/jpeg\" \/>\n<meta name=\"twitter:card\" content=\"summary_large_image\" \/>\n<meta name=\"twitter:site\" content=\"@keoutdoordesign\" \/>\n<script type=\"application\/ld+json\" class=\"yoast-schema-graph\">{\"@context\":\"https:\/\/schema.org\",\"@graph\":[{\"@type\":\"WebPage\",\"@id\":\"https:\/\/www.keoutdoordesign.com\/es-es\/toldos-enrollables\/toldos-desplegables-con-cofre\/screeny-hide-110-gpz-h2f\/\",\"url\":\"https:\/\/www.keoutdoordesign.com\/es-es\/toldos-enrollables\/toldos-desplegables-con-cofre\/screeny-hide-110-gpz-h2f\/\",\"name\":\"Screeny Hide 110 GPZ H2F - KE Outdoor Design\",\"isPartOf\":{\"@id\":\"https:\/\/www.keoutdoordesign.com\/it-it\/#website\"},\"primaryImageOfPage\":{\"@id\":\"https:\/\/www.keoutdoordesign.com\/es-es\/toldos-enrollables\/toldos-desplegables-con-cofre\/screeny-hide-110-gpz-h2f\/#primaryimage\"},\"image\":{\"@id\":\"https:\/\/www.keoutdoordesign.com\/es-es\/toldos-enrollables\/toldos-desplegables-con-cofre\/screeny-hide-110-gpz-h2f\/#primaryimage\"},\"thumbnailUrl\":\"https:\/\/www.keoutdoordesign.com\/wp-content\/uploads\/2025\/02\/SCREENY-HIDE_01-NOTTE_PAR-1.jpg\",\"datePublished\":\"2026-02-17T15:58:08+00:00\",\"dateModified\":\"2026-03-31T13:21:51+00:00\",\"description\":\"Screeny Hide 110 GC H2F: el toldo enrollable con caj\u00f3n firmado por KE.Consulta nuestro cat\u00e1logo de soluciones outdoor y de sistemas de protecci\u00f3n solar.\",\"breadcrumb\":{\"@id\":\"https:\/\/www.keoutdoordesign.com\/es-es\/toldos-enrollables\/toldos-desplegables-con-cofre\/screeny-hide-110-gpz-h2f\/#breadcrumb\"},\"inLanguage\":\"es\",\"potentialAction\":[{\"@type\":\"ReadAction\",\"target\":[\"https:\/\/www.keoutdoordesign.com\/es-es\/toldos-enrollables\/toldos-desplegables-con-cofre\/screeny-hide-110-gpz-h2f\/\"]}]},{\"@type\":\"ImageObject\",\"inLanguage\":\"es\",\"@id\":\"https:\/\/www.keoutdoordesign.com\/es-es\/toldos-enrollables\/toldos-desplegables-con-cofre\/screeny-hide-110-gpz-h2f\/#primaryimage\",\"url\":\"https:\/\/www.keoutdoordesign.com\/wp-content\/uploads\/2025\/02\/SCREENY-HIDE_01-NOTTE_PAR-1.jpg\",\"contentUrl\":\"https:\/\/www.keoutdoordesign.com\/wp-content\/uploads\/2025\/02\/SCREENY-HIDE_01-NOTTE_PAR-1.jpg\",\"width\":1920,\"height\":1920},{\"@type\":\"BreadcrumbList\",\"@id\":\"https:\/\/www.keoutdoordesign.com\/es-es\/toldos-enrollables\/toldos-desplegables-con-cofre\/screeny-hide-110-gpz-h2f\/#breadcrumb\",\"itemListElement\":[{\"@type\":\"ListItem\",\"position\":1,\"name\":\"Home\",\"item\":\"https:\/\/www.keoutdoordesign.com\/es-es\/\"},{\"@type\":\"ListItem\",\"position\":2,\"name\":\"Toldos enrollables\",\"item\":\"https:\/\/www.keoutdoordesign.com\/es-es\/toldos-enrollables\/\"},{\"@type\":\"ListItem\",\"position\":3,\"name\":\"Toldos desplegables con cofre\",\"item\":\"https:\/\/www.keoutdoordesign.com\/es-es\/toldos-enrollables\/toldos-desplegables-con-cofre\/\"},{\"@type\":\"ListItem\",\"position\":4,\"name\":\"Screeny Hide 110 GPZ H2F\"}]},{\"@type\":\"WebSite\",\"@id\":\"https:\/\/www.keoutdoordesign.com\/it-it\/#website\",\"url\":\"https:\/\/www.keoutdoordesign.com\/it-it\/\",\"name\":\"KE Outdoor Design\",\"description\":\"Un nuovo sito targato WordPress\",\"publisher\":{\"@id\":\"https:\/\/www.keoutdoordesign.com\/it-it\/#organization\"},\"potentialAction\":[{\"@type\":\"SearchAction\",\"target\":{\"@type\":\"EntryPoint\",\"urlTemplate\":\"https:\/\/www.keoutdoordesign.com\/it-it\/?s={search_term_string}\"},\"query-input\":{\"@type\":\"PropertyValueSpecification\",\"valueRequired\":true,\"valueName\":\"search_term_string\"}}],\"inLanguage\":\"es\"},{\"@type\":\"Organization\",\"@id\":\"https:\/\/www.keoutdoordesign.com\/it-it\/#organization\",\"name\":\"KE Outdoor Design\",\"url\":\"https:\/\/www.keoutdoordesign.com\/it-it\/\",\"logo\":{\"@type\":\"ImageObject\",\"inLanguage\":\"es\",\"@id\":\"https:\/\/www.keoutdoordesign.com\/it-it\/#\/schema\/logo\/image\/\",\"url\":\"https:\/\/www.keoutdoordesign.com\/wp-content\/uploads\/2020\/02\/KE-logo-Primary-e1591282842174.jpg\",\"contentUrl\":\"https:\/\/www.keoutdoordesign.com\/wp-content\/uploads\/2020\/02\/KE-logo-Primary-e1591282842174.jpg\",\"width\":500,\"height\":396,\"caption\":\"KE Outdoor Design\"},\"image\":{\"@id\":\"https:\/\/www.keoutdoordesign.com\/it-it\/#\/schema\/logo\/image\/\"},\"sameAs\":[\"https:\/\/www.facebook.com\/keoutdoordesign.us\",\"https:\/\/x.com\/keoutdoordesign\",\"https:\/\/www.facebook.com\/keoutdoordesign\",\"https:\/\/www.youtube.com\/channel\/UCSoMQryJpLqD53bAoZLg2Vg\",\"https:\/\/www.pinterest.it\/keoutdoordesign\/\",\"https:\/\/www.instagram.com\/keoutdoordesign\/\",\"https:\/\/www.linkedin.com\/company\/ke-outdoor-design\/\"]}]}<\/script>\n<!-- \/ Yoast SEO Premium plugin. -->","yoast_head_json":{"title":"Screeny Hide 110 GPZ H2F - KE Outdoor Design","description":"Screeny Hide 110 GC H2F: el toldo enrollable con caj\u00f3n firmado por KE.Consulta nuestro cat\u00e1logo de soluciones outdoor y de sistemas de protecci\u00f3n solar.","robots":{"index":"index","follow":"follow","max-snippet":"max-snippet:-1","max-image-preview":"max-image-preview:large","max-video-preview":"max-video-preview:-1"},"canonical":"https:\/\/www.keoutdoordesign.com\/es-es\/toldos-enrollables\/toldos-desplegables-con-cofre\/screeny-hide-110-gpz-h2f\/","og_locale":"es_ES","og_type":"article","og_title":"Screeny Hide 110 GPZ H2F","og_description":"Screeny Hide 110 GC H2F: el toldo enrollable con caj\u00f3n firmado por KE.Consulta nuestro cat\u00e1logo de soluciones outdoor y de sistemas de protecci\u00f3n solar.","og_url":"https:\/\/www.keoutdoordesign.com\/es-es\/toldos-enrollables\/toldos-desplegables-con-cofre\/screeny-hide-110-gpz-h2f\/","og_site_name":"KE Outdoor Design","article_publisher":"https:\/\/www.facebook.com\/keoutdoordesign.us","article_modified_time":"2026-03-31T13:21:51+00:00","og_image":[{"width":1920,"height":1920,"url":"https:\/\/www.keoutdoordesign.com\/wp-content\/uploads\/2025\/02\/SCREENY-HIDE_01-NOTTE_PAR-1.jpg","type":"image\/jpeg"}],"twitter_card":"summary_large_image","twitter_site":"@keoutdoordesign","schema":{"@context":"https:\/\/schema.org","@graph":[{"@type":"WebPage","@id":"https:\/\/www.keoutdoordesign.com\/es-es\/toldos-enrollables\/toldos-desplegables-con-cofre\/screeny-hide-110-gpz-h2f\/","url":"https:\/\/www.keoutdoordesign.com\/es-es\/toldos-enrollables\/toldos-desplegables-con-cofre\/screeny-hide-110-gpz-h2f\/","name":"Screeny Hide 110 GPZ H2F - KE Outdoor Design","isPartOf":{"@id":"https:\/\/www.keoutdoordesign.com\/it-it\/#website"},"primaryImageOfPage":{"@id":"https:\/\/www.keoutdoordesign.com\/es-es\/toldos-enrollables\/toldos-desplegables-con-cofre\/screeny-hide-110-gpz-h2f\/#primaryimage"},"image":{"@id":"https:\/\/www.keoutdoordesign.com\/es-es\/toldos-enrollables\/toldos-desplegables-con-cofre\/screeny-hide-110-gpz-h2f\/#primaryimage"},"thumbnailUrl":"https:\/\/www.keoutdoordesign.com\/wp-content\/uploads\/2025\/02\/SCREENY-HIDE_01-NOTTE_PAR-1.jpg","datePublished":"2026-02-17T15:58:08+00:00","dateModified":"2026-03-31T13:21:51+00:00","description":"Screeny Hide 110 GC H2F: el toldo enrollable con caj\u00f3n firmado por KE.Consulta nuestro cat\u00e1logo de soluciones outdoor y de sistemas de protecci\u00f3n solar.","breadcrumb":{"@id":"https:\/\/www.keoutdoordesign.com\/es-es\/toldos-enrollables\/toldos-desplegables-con-cofre\/screeny-hide-110-gpz-h2f\/#breadcrumb"},"inLanguage":"es","potentialAction":[{"@type":"ReadAction","target":["https:\/\/www.keoutdoordesign.com\/es-es\/toldos-enrollables\/toldos-desplegables-con-cofre\/screeny-hide-110-gpz-h2f\/"]}]},{"@type":"ImageObject","inLanguage":"es","@id":"https:\/\/www.keoutdoordesign.com\/es-es\/toldos-enrollables\/toldos-desplegables-con-cofre\/screeny-hide-110-gpz-h2f\/#primaryimage","url":"https:\/\/www.keoutdoordesign.com\/wp-content\/uploads\/2025\/02\/SCREENY-HIDE_01-NOTTE_PAR-1.jpg","contentUrl":"https:\/\/www.keoutdoordesign.com\/wp-content\/uploads\/2025\/02\/SCREENY-HIDE_01-NOTTE_PAR-1.jpg","width":1920,"height":1920},{"@type":"BreadcrumbList","@id":"https:\/\/www.keoutdoordesign.com\/es-es\/toldos-enrollables\/toldos-desplegables-con-cofre\/screeny-hide-110-gpz-h2f\/#breadcrumb","itemListElement":[{"@type":"ListItem","position":1,"name":"Home","item":"https:\/\/www.keoutdoordesign.com\/es-es\/"},{"@type":"ListItem","position":2,"name":"Toldos enrollables","item":"https:\/\/www.keoutdoordesign.com\/es-es\/toldos-enrollables\/"},{"@type":"ListItem","position":3,"name":"Toldos desplegables con cofre","item":"https:\/\/www.keoutdoordesign.com\/es-es\/toldos-enrollables\/toldos-desplegables-con-cofre\/"},{"@type":"ListItem","position":4,"name":"Screeny Hide 110 GPZ H2F"}]},{"@type":"WebSite","@id":"https:\/\/www.keoutdoordesign.com\/it-it\/#website","url":"https:\/\/www.keoutdoordesign.com\/it-it\/","name":"KE Outdoor Design","description":"Un nuovo sito targato WordPress","publisher":{"@id":"https:\/\/www.keoutdoordesign.com\/it-it\/#organization"},"potentialAction":[{"@type":"SearchAction","target":{"@type":"EntryPoint","urlTemplate":"https:\/\/www.keoutdoordesign.com\/it-it\/?s={search_term_string}"},"query-input":{"@type":"PropertyValueSpecification","valueRequired":true,"valueName":"search_term_string"}}],"inLanguage":"es"},{"@type":"Organization","@id":"https:\/\/www.keoutdoordesign.com\/it-it\/#organization","name":"KE Outdoor Design","url":"https:\/\/www.keoutdoordesign.com\/it-it\/","logo":{"@type":"ImageObject","inLanguage":"es","@id":"https:\/\/www.keoutdoordesign.com\/it-it\/#\/schema\/logo\/image\/","url":"https:\/\/www.keoutdoordesign.com\/wp-content\/uploads\/2020\/02\/KE-logo-Primary-e1591282842174.jpg","contentUrl":"https:\/\/www.keoutdoordesign.com\/wp-content\/uploads\/2020\/02\/KE-logo-Primary-e1591282842174.jpg","width":500,"height":396,"caption":"KE Outdoor Design"},"image":{"@id":"https:\/\/www.keoutdoordesign.com\/it-it\/#\/schema\/logo\/image\/"},"sameAs":["https:\/\/www.facebook.com\/keoutdoordesign.us","https:\/\/x.com\/keoutdoordesign","https:\/\/www.facebook.com\/keoutdoordesign","https:\/\/www.youtube.com\/channel\/UCSoMQryJpLqD53bAoZLg2Vg","https:\/\/www.pinterest.it\/keoutdoordesign\/","https:\/\/www.instagram.com\/keoutdoordesign\/","https:\/\/www.linkedin.com\/company\/ke-outdoor-design\/"]}]}},"_links":{"self":[{"href":"https:\/\/www.keoutdoordesign.com\/es-es\/wp-json\/wp\/v2\/pages\/118842","targetHints":{"allow":["GET"]}}],"collection":[{"href":"https:\/\/www.keoutdoordesign.com\/es-es\/wp-json\/wp\/v2\/pages"}],"about":[{"href":"https:\/\/www.keoutdoordesign.com\/es-es\/wp-json\/wp\/v2\/types\/page"}],"author":[{"embeddable":true,"href":"https:\/\/www.keoutdoordesign.com\/es-es\/wp-json\/wp\/v2\/users\/10407"}],"replies":[{"embeddable":true,"href":"https:\/\/www.keoutdoordesign.com\/es-es\/wp-json\/wp\/v2\/comments?post=118842"}],"version-history":[{"count":5,"href":"https:\/\/www.keoutdoordesign.com\/es-es\/wp-json\/wp\/v2\/pages\/118842\/revisions"}],"predecessor-version":[{"id":121000,"href":"https:\/\/www.keoutdoordesign.com\/es-es\/wp-json\/wp\/v2\/pages\/118842\/revisions\/121000"}],"up":[{"embeddable":true,"href":"https:\/\/www.keoutdoordesign.com\/es-es\/wp-json\/wp\/v2\/pages\/114736"}],"wp:featuredmedia":[{"embeddable":true,"href":"https:\/\/www.keoutdoordesign.com\/es-es\/wp-json\/wp\/v2\/media\/104795"}],"wp:attachment":[{"href":"https:\/\/www.keoutdoordesign.com\/es-es\/wp-json\/wp\/v2\/media?parent=118842"}],"curies":[{"name":"wp","href":"https:\/\/api.w.org\/{rel}","templated":true}]}}