{"id":114736,"date":"2025-10-28T11:56:04","date_gmt":"2025-10-28T10:56:04","guid":{"rendered":"https:\/\/www.keoutdoordesign.com\/toldos-desplegables-con-cofre\/"},"modified":"2026-02-04T12:06:01","modified_gmt":"2026-02-04T11:06:01","slug":"toldos-desplegables-con-cofre","status":"publish","type":"page","link":"https:\/\/www.keoutdoordesign.com\/es-es\/toldos-enrollables\/toldos-desplegables-con-cofre\/","title":{"rendered":"Toldos desplegables con cofre"},"content":{"rendered":"<p>Los toldos desplegables con cofre de KE Outdoor Design son una combinaci\u00f3n perfecta entre est\u00e9tica, funcionalidad y protecci\u00f3n solar. El sistema de enrollado comienza con un caj\u00f3n integrado que alberga la tela enrollada, una caracter\u00edstica distintiva que no solo garantiza una protecci\u00f3n superior contra el polvo y los agentes atmosf\u00e9ricos, sino que tambi\u00e9n le confiere un aspecto elegante y ordenado. Este innovador dise\u00f1o garantiza que el mecanismo de enrollado permanezca protegido y a salvo, lo que prolonga la vida \u00fatil de la persiana y mejora la eficiencia del sistema.<\/p>\n<p>Ideales para todo tipo de entornos, tanto exteriores como interiores, las persianas enrollables con caj\u00f3n de KE Outdoor Design son especialmente adecuadas para quienes buscan una soluci\u00f3n pr\u00e1ctica y duradera sin comprometer el dise\u00f1o. Su versatilidad las hace perfectas para terrazas, balcones, jardines e incluso espacios comerciales, ya que ofrecen una protecci\u00f3n eficaz contra los rayos solares y crean zonas de sombra confortables. Las cortinas permiten disfrutar de los espacios exteriores con total comodidad, sin que moleste la luz directa del sol.<\/p>\n","protected":false},"excerpt":{"rendered":"<p>Los toldos desplegables con cofre de KE Outdoor Design son una combinaci\u00f3n perfecta entre est\u00e9tica, funcionalidad y protecci\u00f3n solar. El&hellip;<\/p>\n","protected":false},"author":10608,"featured_media":2092,"parent":117921,"menu_order":7,"comment_status":"closed","ping_status":"closed","template":"page-templates\/category-products.php","meta":{"_acf_changed":false,"footnotes":""},"class_list":["post-114736","page","type-page","status-publish","has-post-thumbnail","hentry"],"acf":[],"yoast_head":"<!-- This site is optimized with the Yoast SEO Premium plugin v20.12 (Yoast SEO v27.0) - https:\/\/yoast.com\/product\/yoast-seo-premium-wordpress\/ -->\n<title>Toldos desplegables con cofre - KE Outdoor Design<\/title>\n<meta name=\"description\" content=\"Los toldos desplegables con cofre ofreciendo una excelente protecci\u00f3n solar para cualquier ambiente. Visita el sitio web.\" \/>\n<meta name=\"robots\" content=\"index, follow, max-snippet:-1, max-image-preview:large, max-video-preview:-1\" \/>\n<link rel=\"canonical\" href=\"https:\/\/www.keoutdoordesign.com\/es-es\/toldos-enrollables\/toldos-desplegables-con-cofre\/\" \/>\n<meta property=\"og:locale\" content=\"es_ES\" \/>\n<meta property=\"og:type\" content=\"article\" \/>\n<meta property=\"og:title\" content=\"Toldos desplegables con cofre\" \/>\n<meta property=\"og:description\" content=\"Los toldos desplegables con cofre ofreciendo una excelente protecci\u00f3n solar para cualquier ambiente. Visita el sitio web.\" \/>\n<meta property=\"og:url\" content=\"https:\/\/www.keoutdoordesign.com\/es-es\/toldos-enrollables\/toldos-desplegables-con-cofre\/\" \/>\n<meta property=\"og:site_name\" content=\"KE Outdoor Design\" \/>\n<meta property=\"article:publisher\" content=\"https:\/\/www.facebook.com\/keoutdoordesign.us\" \/>\n<meta property=\"article:modified_time\" content=\"2026-02-04T11:06:01+00:00\" \/>\n<meta property=\"og:image\" content=\"https:\/\/www.keoutdoordesign.com\/wp-content\/uploads\/2019\/05\/ke_outdoor_design_tende_a_rullo_screeny_130_GP_S23_1.jpg\" \/>\n\t<meta property=\"og:image:width\" content=\"2000\" \/>\n\t<meta property=\"og:image:height\" content=\"1330\" \/>\n\t<meta property=\"og:image:type\" content=\"image\/jpeg\" \/>\n<meta name=\"twitter:card\" content=\"summary_large_image\" \/>\n<meta name=\"twitter:site\" content=\"@keoutdoordesign\" \/>\n<script type=\"application\/ld+json\" class=\"yoast-schema-graph\">{\"@context\":\"https:\/\/schema.org\",\"@graph\":[{\"@type\":\"WebPage\",\"@id\":\"https:\/\/www.keoutdoordesign.com\/es-es\/toldos-enrollables\/toldos-desplegables-con-cofre\/\",\"url\":\"https:\/\/www.keoutdoordesign.com\/es-es\/toldos-enrollables\/toldos-desplegables-con-cofre\/\",\"name\":\"Toldos desplegables con cofre - KE Outdoor Design\",\"isPartOf\":{\"@id\":\"https:\/\/www.keoutdoordesign.com\/it-it\/#website\"},\"primaryImageOfPage\":{\"@id\":\"https:\/\/www.keoutdoordesign.com\/es-es\/toldos-enrollables\/toldos-desplegables-con-cofre\/#primaryimage\"},\"image\":{\"@id\":\"https:\/\/www.keoutdoordesign.com\/es-es\/toldos-enrollables\/toldos-desplegables-con-cofre\/#primaryimage\"},\"thumbnailUrl\":\"https:\/\/www.keoutdoordesign.com\/wp-content\/uploads\/2019\/05\/ke_outdoor_design_tende_a_rullo_screeny_130_GP_S23_1.jpg\",\"datePublished\":\"2025-10-28T10:56:04+00:00\",\"dateModified\":\"2026-02-04T11:06:01+00:00\",\"description\":\"Los toldos desplegables con cofre ofreciendo una excelente protecci\u00f3n solar para cualquier ambiente. Visita el sitio web.\",\"breadcrumb\":{\"@id\":\"https:\/\/www.keoutdoordesign.com\/es-es\/toldos-enrollables\/toldos-desplegables-con-cofre\/#breadcrumb\"},\"inLanguage\":\"es\",\"potentialAction\":[{\"@type\":\"ReadAction\",\"target\":[\"https:\/\/www.keoutdoordesign.com\/es-es\/toldos-enrollables\/toldos-desplegables-con-cofre\/\"]}]},{\"@type\":\"ImageObject\",\"inLanguage\":\"es\",\"@id\":\"https:\/\/www.keoutdoordesign.com\/es-es\/toldos-enrollables\/toldos-desplegables-con-cofre\/#primaryimage\",\"url\":\"https:\/\/www.keoutdoordesign.com\/wp-content\/uploads\/2019\/05\/ke_outdoor_design_tende_a_rullo_screeny_130_GP_S23_1.jpg\",\"contentUrl\":\"https:\/\/www.keoutdoordesign.com\/wp-content\/uploads\/2019\/05\/ke_outdoor_design_tende_a_rullo_screeny_130_GP_S23_1.jpg\",\"width\":2000,\"height\":1330},{\"@type\":\"BreadcrumbList\",\"@id\":\"https:\/\/www.keoutdoordesign.com\/es-es\/toldos-enrollables\/toldos-desplegables-con-cofre\/#breadcrumb\",\"itemListElement\":[{\"@type\":\"ListItem\",\"position\":1,\"name\":\"Home\",\"item\":\"https:\/\/www.keoutdoordesign.com\/es-es\/\"},{\"@type\":\"ListItem\",\"position\":2,\"name\":\"Toldos enrollables\",\"item\":\"https:\/\/www.keoutdoordesign.com\/es-es\/toldos-enrollables\/\"},{\"@type\":\"ListItem\",\"position\":3,\"name\":\"Toldos desplegables con cofre\"}]},{\"@type\":\"WebSite\",\"@id\":\"https:\/\/www.keoutdoordesign.com\/it-it\/#website\",\"url\":\"https:\/\/www.keoutdoordesign.com\/it-it\/\",\"name\":\"KE Outdoor Design\",\"description\":\"Un nuovo sito targato WordPress\",\"publisher\":{\"@id\":\"https:\/\/www.keoutdoordesign.com\/it-it\/#organization\"},\"potentialAction\":[{\"@type\":\"SearchAction\",\"target\":{\"@type\":\"EntryPoint\",\"urlTemplate\":\"https:\/\/www.keoutdoordesign.com\/it-it\/?s={search_term_string}\"},\"query-input\":{\"@type\":\"PropertyValueSpecification\",\"valueRequired\":true,\"valueName\":\"search_term_string\"}}],\"inLanguage\":\"es\"},{\"@type\":\"Organization\",\"@id\":\"https:\/\/www.keoutdoordesign.com\/it-it\/#organization\",\"name\":\"KE Outdoor Design\",\"url\":\"https:\/\/www.keoutdoordesign.com\/it-it\/\",\"logo\":{\"@type\":\"ImageObject\",\"inLanguage\":\"es\",\"@id\":\"https:\/\/www.keoutdoordesign.com\/it-it\/#\/schema\/logo\/image\/\",\"url\":\"https:\/\/www.keoutdoordesign.com\/wp-content\/uploads\/2020\/02\/KE-logo-Primary-e1591282842174.jpg\",\"contentUrl\":\"https:\/\/www.keoutdoordesign.com\/wp-content\/uploads\/2020\/02\/KE-logo-Primary-e1591282842174.jpg\",\"width\":500,\"height\":396,\"caption\":\"KE Outdoor Design\"},\"image\":{\"@id\":\"https:\/\/www.keoutdoordesign.com\/it-it\/#\/schema\/logo\/image\/\"},\"sameAs\":[\"https:\/\/www.facebook.com\/keoutdoordesign.us\",\"https:\/\/x.com\/keoutdoordesign\",\"https:\/\/www.facebook.com\/keoutdoordesign\",\"https:\/\/www.youtube.com\/channel\/UCSoMQryJpLqD53bAoZLg2Vg\",\"https:\/\/www.pinterest.it\/keoutdoordesign\/\",\"https:\/\/www.instagram.com\/keoutdoordesign\/\",\"https:\/\/www.linkedin.com\/company\/ke-outdoor-design\/\"]}]}<\/script>\n<!-- \/ Yoast SEO Premium plugin. -->","yoast_head_json":{"title":"Toldos desplegables con cofre - KE Outdoor Design","description":"Los toldos desplegables con cofre ofreciendo una excelente protecci\u00f3n solar para cualquier ambiente. Visita el sitio web.","robots":{"index":"index","follow":"follow","max-snippet":"max-snippet:-1","max-image-preview":"max-image-preview:large","max-video-preview":"max-video-preview:-1"},"canonical":"https:\/\/www.keoutdoordesign.com\/es-es\/toldos-enrollables\/toldos-desplegables-con-cofre\/","og_locale":"es_ES","og_type":"article","og_title":"Toldos desplegables con cofre","og_description":"Los toldos desplegables con cofre ofreciendo una excelente protecci\u00f3n solar para cualquier ambiente. Visita el sitio web.","og_url":"https:\/\/www.keoutdoordesign.com\/es-es\/toldos-enrollables\/toldos-desplegables-con-cofre\/","og_site_name":"KE Outdoor Design","article_publisher":"https:\/\/www.facebook.com\/keoutdoordesign.us","article_modified_time":"2026-02-04T11:06:01+00:00","og_image":[{"width":2000,"height":1330,"url":"https:\/\/www.keoutdoordesign.com\/wp-content\/uploads\/2019\/05\/ke_outdoor_design_tende_a_rullo_screeny_130_GP_S23_1.jpg","type":"image\/jpeg"}],"twitter_card":"summary_large_image","twitter_site":"@keoutdoordesign","schema":{"@context":"https:\/\/schema.org","@graph":[{"@type":"WebPage","@id":"https:\/\/www.keoutdoordesign.com\/es-es\/toldos-enrollables\/toldos-desplegables-con-cofre\/","url":"https:\/\/www.keoutdoordesign.com\/es-es\/toldos-enrollables\/toldos-desplegables-con-cofre\/","name":"Toldos desplegables con cofre - KE Outdoor Design","isPartOf":{"@id":"https:\/\/www.keoutdoordesign.com\/it-it\/#website"},"primaryImageOfPage":{"@id":"https:\/\/www.keoutdoordesign.com\/es-es\/toldos-enrollables\/toldos-desplegables-con-cofre\/#primaryimage"},"image":{"@id":"https:\/\/www.keoutdoordesign.com\/es-es\/toldos-enrollables\/toldos-desplegables-con-cofre\/#primaryimage"},"thumbnailUrl":"https:\/\/www.keoutdoordesign.com\/wp-content\/uploads\/2019\/05\/ke_outdoor_design_tende_a_rullo_screeny_130_GP_S23_1.jpg","datePublished":"2025-10-28T10:56:04+00:00","dateModified":"2026-02-04T11:06:01+00:00","description":"Los toldos desplegables con cofre ofreciendo una excelente protecci\u00f3n solar para cualquier ambiente. Visita el sitio web.","breadcrumb":{"@id":"https:\/\/www.keoutdoordesign.com\/es-es\/toldos-enrollables\/toldos-desplegables-con-cofre\/#breadcrumb"},"inLanguage":"es","potentialAction":[{"@type":"ReadAction","target":["https:\/\/www.keoutdoordesign.com\/es-es\/toldos-enrollables\/toldos-desplegables-con-cofre\/"]}]},{"@type":"ImageObject","inLanguage":"es","@id":"https:\/\/www.keoutdoordesign.com\/es-es\/toldos-enrollables\/toldos-desplegables-con-cofre\/#primaryimage","url":"https:\/\/www.keoutdoordesign.com\/wp-content\/uploads\/2019\/05\/ke_outdoor_design_tende_a_rullo_screeny_130_GP_S23_1.jpg","contentUrl":"https:\/\/www.keoutdoordesign.com\/wp-content\/uploads\/2019\/05\/ke_outdoor_design_tende_a_rullo_screeny_130_GP_S23_1.jpg","width":2000,"height":1330},{"@type":"BreadcrumbList","@id":"https:\/\/www.keoutdoordesign.com\/es-es\/toldos-enrollables\/toldos-desplegables-con-cofre\/#breadcrumb","itemListElement":[{"@type":"ListItem","position":1,"name":"Home","item":"https:\/\/www.keoutdoordesign.com\/es-es\/"},{"@type":"ListItem","position":2,"name":"Toldos enrollables","item":"https:\/\/www.keoutdoordesign.com\/es-es\/toldos-enrollables\/"},{"@type":"ListItem","position":3,"name":"Toldos desplegables con cofre"}]},{"@type":"WebSite","@id":"https:\/\/www.keoutdoordesign.com\/it-it\/#website","url":"https:\/\/www.keoutdoordesign.com\/it-it\/","name":"KE Outdoor Design","description":"Un nuovo sito targato WordPress","publisher":{"@id":"https:\/\/www.keoutdoordesign.com\/it-it\/#organization"},"potentialAction":[{"@type":"SearchAction","target":{"@type":"EntryPoint","urlTemplate":"https:\/\/www.keoutdoordesign.com\/it-it\/?s={search_term_string}"},"query-input":{"@type":"PropertyValueSpecification","valueRequired":true,"valueName":"search_term_string"}}],"inLanguage":"es"},{"@type":"Organization","@id":"https:\/\/www.keoutdoordesign.com\/it-it\/#organization","name":"KE Outdoor Design","url":"https:\/\/www.keoutdoordesign.com\/it-it\/","logo":{"@type":"ImageObject","inLanguage":"es","@id":"https:\/\/www.keoutdoordesign.com\/it-it\/#\/schema\/logo\/image\/","url":"https:\/\/www.keoutdoordesign.com\/wp-content\/uploads\/2020\/02\/KE-logo-Primary-e1591282842174.jpg","contentUrl":"https:\/\/www.keoutdoordesign.com\/wp-content\/uploads\/2020\/02\/KE-logo-Primary-e1591282842174.jpg","width":500,"height":396,"caption":"KE Outdoor Design"},"image":{"@id":"https:\/\/www.keoutdoordesign.com\/it-it\/#\/schema\/logo\/image\/"},"sameAs":["https:\/\/www.facebook.com\/keoutdoordesign.us","https:\/\/x.com\/keoutdoordesign","https:\/\/www.facebook.com\/keoutdoordesign","https:\/\/www.youtube.com\/channel\/UCSoMQryJpLqD53bAoZLg2Vg","https:\/\/www.pinterest.it\/keoutdoordesign\/","https:\/\/www.instagram.com\/keoutdoordesign\/","https:\/\/www.linkedin.com\/company\/ke-outdoor-design\/"]}]}},"_links":{"self":[{"href":"https:\/\/www.keoutdoordesign.com\/es-es\/wp-json\/wp\/v2\/pages\/114736","targetHints":{"allow":["GET"]}}],"collection":[{"href":"https:\/\/www.keoutdoordesign.com\/es-es\/wp-json\/wp\/v2\/pages"}],"about":[{"href":"https:\/\/www.keoutdoordesign.com\/es-es\/wp-json\/wp\/v2\/types\/page"}],"author":[{"embeddable":true,"href":"https:\/\/www.keoutdoordesign.com\/es-es\/wp-json\/wp\/v2\/users\/10608"}],"replies":[{"embeddable":true,"href":"https:\/\/www.keoutdoordesign.com\/es-es\/wp-json\/wp\/v2\/comments?post=114736"}],"version-history":[{"count":3,"href":"https:\/\/www.keoutdoordesign.com\/es-es\/wp-json\/wp\/v2\/pages\/114736\/revisions"}],"predecessor-version":[{"id":117476,"href":"https:\/\/www.keoutdoordesign.com\/es-es\/wp-json\/wp\/v2\/pages\/114736\/revisions\/117476"}],"up":[{"embeddable":true,"href":"https:\/\/www.keoutdoordesign.com\/es-es\/wp-json\/wp\/v2\/pages\/117921"}],"wp:featuredmedia":[{"embeddable":true,"href":"https:\/\/www.keoutdoordesign.com\/es-es\/wp-json\/wp\/v2\/media\/2092"}],"wp:attachment":[{"href":"https:\/\/www.keoutdoordesign.com\/es-es\/wp-json\/wp\/v2\/media?parent=114736"}],"curies":[{"name":"wp","href":"https:\/\/api.w.org\/{rel}","templated":true}]}}