{"id":102818,"date":"2024-12-16T10:46:49","date_gmt":"2024-12-16T09:46:49","guid":{"rendered":"https:\/\/www.keoutdoordesign.com\/?page_id=102818"},"modified":"2024-12-16T10:46:49","modified_gmt":"2024-12-16T09:46:49","slug":"ke-store-proyectos-y-montajes-xanadu","status":"publish","type":"page","link":"https:\/\/www.keoutdoordesign.com\/es-es\/ke-outdoor\/ke-store-proyectos-y-montajes-xanadu\/","title":{"rendered":"KE Store Proyectos y Montajes Xanad\u00f9"},"content":{"rendered":"<h2><span data-sheets-value=\"{&quot;1&quot;:2,&quot;2&quot;:&quot;Toldos y P\u00e9rgolas en Madrid&quot;}\" data-sheets-userformat=\"{&quot;2&quot;:5055,&quot;3&quot;:{&quot;1&quot;:0},&quot;4&quot;:{&quot;1&quot;:2,&quot;2&quot;:16773836},&quot;5&quot;:{&quot;1&quot;:[{&quot;1&quot;:2,&quot;2&quot;:0,&quot;5&quot;:{&quot;1&quot;:2,&quot;2&quot;:16777215}},{&quot;1&quot;:0,&quot;2&quot;:0,&quot;3&quot;:3},{&quot;1&quot;:1,&quot;2&quot;:0,&quot;4&quot;:1}]},&quot;6&quot;:{&quot;1&quot;:[{&quot;1&quot;:2,&quot;2&quot;:0,&quot;5&quot;:{&quot;1&quot;:2,&quot;2&quot;:16777215}},{&quot;1&quot;:0,&quot;2&quot;:0,&quot;3&quot;:3},{&quot;1&quot;:1,&quot;2&quot;:0,&quot;4&quot;:1}]},&quot;7&quot;:{&quot;1&quot;:[{&quot;1&quot;:2,&quot;2&quot;:0,&quot;5&quot;:{&quot;1&quot;:2,&quot;2&quot;:16777215}},{&quot;1&quot;:0,&quot;2&quot;:0,&quot;3&quot;:3},{&quot;1&quot;:1,&quot;2&quot;:0,&quot;4&quot;:1}]},&quot;8&quot;:{&quot;1&quot;:[{&quot;1&quot;:2,&quot;2&quot;:0,&quot;5&quot;:{&quot;1&quot;:2,&quot;2&quot;:16777215}},{&quot;1&quot;:0,&quot;2&quot;:0,&quot;3&quot;:3},{&quot;1&quot;:1,&quot;2&quot;:0,&quot;4&quot;:1}]},&quot;10&quot;:1,&quot;11&quot;:4,&quot;12&quot;:0,&quot;15&quot;:&quot;Work Sans&quot;}\">Toldos y P\u00e9rgolas en Madrid<\/span><\/h2>\n<p>Gran exposicion en Mostoles (Madrid) de todo tipo de cubiertas para exteriores y pergolas para terrazas, pergolas bioclimaticas, toldos vela, pergolas aluminio con lona totalmente automatizadas y fabricadas a medidas para ti.<\/p>\n","protected":false},"excerpt":{"rendered":"<p>Toldos y P\u00e9rgolas en Madrid Gran exposicion en Mostoles (Madrid) de todo tipo de cubiertas para exteriores y pergolas para&hellip;<\/p>\n","protected":false},"author":10407,"featured_media":34714,"parent":99401,"menu_order":0,"comment_status":"closed","ping_status":"closed","template":"page-templates\/store-2024.php","meta":{"_acf_changed":false,"footnotes":""},"class_list":["post-102818","page","type-page","status-publish","has-post-thumbnail","hentry"],"acf":[],"yoast_head":"<!-- This site is optimized with the Yoast SEO Premium plugin v20.12 (Yoast SEO v27.0) - https:\/\/yoast.com\/product\/yoast-seo-premium-wordpress\/ -->\n<title>KE Store Xanad\u00f9: toldos y p\u00e9rgolas<\/title>\n<meta name=\"description\" content=\"\u00bfBusca una tienda de p\u00e9rgolas y toldos en Madrid? Descubra los productos KE en la tienda Toldos Xanad\u00f9. P\u00f3ngase en contacto con el distribuidor\" \/>\n<meta name=\"robots\" content=\"index, follow, max-snippet:-1, max-image-preview:large, max-video-preview:-1\" \/>\n<link rel=\"canonical\" href=\"https:\/\/www.keoutdoordesign.com\/es-es\/ke-outdoor\/ke-store-proyectos-y-montajes-xanadu\/\" \/>\n<meta property=\"og:locale\" content=\"es_ES\" \/>\n<meta property=\"og:type\" content=\"article\" \/>\n<meta property=\"og:title\" content=\"KE Store Proyectos y Montajes Xanad\u00f9\" \/>\n<meta property=\"og:description\" content=\"\u00bfBusca una tienda de p\u00e9rgolas y toldos en Madrid? Descubra los productos KE en la tienda Toldos Xanad\u00f9. P\u00f3ngase en contacto con el distribuidor\" \/>\n<meta property=\"og:url\" content=\"https:\/\/www.keoutdoordesign.com\/es-es\/ke-outdoor\/ke-store-proyectos-y-montajes-xanadu\/\" \/>\n<meta property=\"og:site_name\" content=\"KE Outdoor Design\" \/>\n<meta property=\"article:publisher\" content=\"https:\/\/www.facebook.com\/keoutdoordesign.us\" \/>\n<meta property=\"og:image\" content=\"https:\/\/www.keoutdoordesign.com\/wp-content\/uploads\/2021\/04\/ke-store-proyectos-y-montajes-xanad\u00f9-pergolas-bioclimaticas-mostoles-madrid.jpg\" \/>\n\t<meta property=\"og:image:width\" content=\"500\" \/>\n\t<meta property=\"og:image:height\" content=\"500\" \/>\n\t<meta property=\"og:image:type\" content=\"image\/jpeg\" \/>\n<meta name=\"twitter:card\" content=\"summary_large_image\" \/>\n<meta name=\"twitter:site\" content=\"@keoutdoordesign\" \/>\n<script type=\"application\/ld+json\" class=\"yoast-schema-graph\">{\"@context\":\"https:\/\/schema.org\",\"@graph\":[{\"@type\":\"WebPage\",\"@id\":\"https:\/\/www.keoutdoordesign.com\/es-es\/ke-outdoor\/ke-store-proyectos-y-montajes-xanadu\/\",\"url\":\"https:\/\/www.keoutdoordesign.com\/es-es\/ke-outdoor\/ke-store-proyectos-y-montajes-xanadu\/\",\"name\":\"KE Store Xanad\u00f9: toldos y p\u00e9rgolas\",\"isPartOf\":{\"@id\":\"https:\/\/www.keoutdoordesign.com\/it-it\/#website\"},\"primaryImageOfPage\":{\"@id\":\"https:\/\/www.keoutdoordesign.com\/es-es\/ke-outdoor\/ke-store-proyectos-y-montajes-xanadu\/#primaryimage\"},\"image\":{\"@id\":\"https:\/\/www.keoutdoordesign.com\/es-es\/ke-outdoor\/ke-store-proyectos-y-montajes-xanadu\/#primaryimage\"},\"thumbnailUrl\":\"https:\/\/www.keoutdoordesign.com\/wp-content\/uploads\/2021\/04\/ke-store-proyectos-y-montajes-xanad\u00f9-pergolas-bioclimaticas-mostoles-madrid.jpg\",\"datePublished\":\"2024-12-16T09:46:49+00:00\",\"description\":\"\u00bfBusca una tienda de p\u00e9rgolas y toldos en Madrid? Descubra los productos KE en la tienda Toldos Xanad\u00f9. P\u00f3ngase en contacto con el distribuidor\",\"breadcrumb\":{\"@id\":\"https:\/\/www.keoutdoordesign.com\/es-es\/ke-outdoor\/ke-store-proyectos-y-montajes-xanadu\/#breadcrumb\"},\"inLanguage\":\"es\",\"potentialAction\":[{\"@type\":\"ReadAction\",\"target\":[\"https:\/\/www.keoutdoordesign.com\/es-es\/ke-outdoor\/ke-store-proyectos-y-montajes-xanadu\/\"]}]},{\"@type\":\"ImageObject\",\"inLanguage\":\"es\",\"@id\":\"https:\/\/www.keoutdoordesign.com\/es-es\/ke-outdoor\/ke-store-proyectos-y-montajes-xanadu\/#primaryimage\",\"url\":\"https:\/\/www.keoutdoordesign.com\/wp-content\/uploads\/2021\/04\/ke-store-proyectos-y-montajes-xanad\u00f9-pergolas-bioclimaticas-mostoles-madrid.jpg\",\"contentUrl\":\"https:\/\/www.keoutdoordesign.com\/wp-content\/uploads\/2021\/04\/ke-store-proyectos-y-montajes-xanad\u00f9-pergolas-bioclimaticas-mostoles-madrid.jpg\",\"width\":500,\"height\":500,\"caption\":\"ke-store-proyectos-y-montajes-xanad\u00f9-pergolas-bioclimaticas-mostoles-madrid\"},{\"@type\":\"BreadcrumbList\",\"@id\":\"https:\/\/www.keoutdoordesign.com\/es-es\/ke-outdoor\/ke-store-proyectos-y-montajes-xanadu\/#breadcrumb\",\"itemListElement\":[{\"@type\":\"ListItem\",\"position\":1,\"name\":\"Home\",\"item\":\"https:\/\/www.keoutdoordesign.com\/es-es\/\"},{\"@type\":\"ListItem\",\"position\":2,\"name\":\"KE Outdoor\",\"item\":\"https:\/\/www.keoutdoordesign.com\/es-es\/ke-outdoor\/\"},{\"@type\":\"ListItem\",\"position\":3,\"name\":\"KE Store Proyectos y Montajes Xanad\u00f9\"}]},{\"@type\":\"WebSite\",\"@id\":\"https:\/\/www.keoutdoordesign.com\/it-it\/#website\",\"url\":\"https:\/\/www.keoutdoordesign.com\/it-it\/\",\"name\":\"KE Outdoor Design\",\"description\":\"Un nuovo sito targato WordPress\",\"publisher\":{\"@id\":\"https:\/\/www.keoutdoordesign.com\/it-it\/#organization\"},\"potentialAction\":[{\"@type\":\"SearchAction\",\"target\":{\"@type\":\"EntryPoint\",\"urlTemplate\":\"https:\/\/www.keoutdoordesign.com\/it-it\/?s={search_term_string}\"},\"query-input\":{\"@type\":\"PropertyValueSpecification\",\"valueRequired\":true,\"valueName\":\"search_term_string\"}}],\"inLanguage\":\"es\"},{\"@type\":\"Organization\",\"@id\":\"https:\/\/www.keoutdoordesign.com\/it-it\/#organization\",\"name\":\"KE Outdoor Design\",\"url\":\"https:\/\/www.keoutdoordesign.com\/it-it\/\",\"logo\":{\"@type\":\"ImageObject\",\"inLanguage\":\"es\",\"@id\":\"https:\/\/www.keoutdoordesign.com\/it-it\/#\/schema\/logo\/image\/\",\"url\":\"https:\/\/www.keoutdoordesign.com\/wp-content\/uploads\/2020\/02\/KE-logo-Primary-e1591282842174.jpg\",\"contentUrl\":\"https:\/\/www.keoutdoordesign.com\/wp-content\/uploads\/2020\/02\/KE-logo-Primary-e1591282842174.jpg\",\"width\":500,\"height\":396,\"caption\":\"KE Outdoor Design\"},\"image\":{\"@id\":\"https:\/\/www.keoutdoordesign.com\/it-it\/#\/schema\/logo\/image\/\"},\"sameAs\":[\"https:\/\/www.facebook.com\/keoutdoordesign.us\",\"https:\/\/x.com\/keoutdoordesign\",\"https:\/\/www.facebook.com\/keoutdoordesign\",\"https:\/\/www.youtube.com\/channel\/UCSoMQryJpLqD53bAoZLg2Vg\",\"https:\/\/www.pinterest.it\/keoutdoordesign\/\",\"https:\/\/www.instagram.com\/keoutdoordesign\/\",\"https:\/\/www.linkedin.com\/company\/ke-outdoor-design\/\"]}]}<\/script>\n<!-- \/ Yoast SEO Premium plugin. -->","yoast_head_json":{"title":"KE Store Xanad\u00f9: toldos y p\u00e9rgolas","description":"\u00bfBusca una tienda de p\u00e9rgolas y toldos en Madrid? Descubra los productos KE en la tienda Toldos Xanad\u00f9. P\u00f3ngase en contacto con el distribuidor","robots":{"index":"index","follow":"follow","max-snippet":"max-snippet:-1","max-image-preview":"max-image-preview:large","max-video-preview":"max-video-preview:-1"},"canonical":"https:\/\/www.keoutdoordesign.com\/es-es\/ke-outdoor\/ke-store-proyectos-y-montajes-xanadu\/","og_locale":"es_ES","og_type":"article","og_title":"KE Store Proyectos y Montajes Xanad\u00f9","og_description":"\u00bfBusca una tienda de p\u00e9rgolas y toldos en Madrid? Descubra los productos KE en la tienda Toldos Xanad\u00f9. P\u00f3ngase en contacto con el distribuidor","og_url":"https:\/\/www.keoutdoordesign.com\/es-es\/ke-outdoor\/ke-store-proyectos-y-montajes-xanadu\/","og_site_name":"KE Outdoor Design","article_publisher":"https:\/\/www.facebook.com\/keoutdoordesign.us","og_image":[{"width":500,"height":500,"url":"https:\/\/www.keoutdoordesign.com\/wp-content\/uploads\/2021\/04\/ke-store-proyectos-y-montajes-xanad\u00f9-pergolas-bioclimaticas-mostoles-madrid.jpg","type":"image\/jpeg"}],"twitter_card":"summary_large_image","twitter_site":"@keoutdoordesign","schema":{"@context":"https:\/\/schema.org","@graph":[{"@type":"WebPage","@id":"https:\/\/www.keoutdoordesign.com\/es-es\/ke-outdoor\/ke-store-proyectos-y-montajes-xanadu\/","url":"https:\/\/www.keoutdoordesign.com\/es-es\/ke-outdoor\/ke-store-proyectos-y-montajes-xanadu\/","name":"KE Store Xanad\u00f9: toldos y p\u00e9rgolas","isPartOf":{"@id":"https:\/\/www.keoutdoordesign.com\/it-it\/#website"},"primaryImageOfPage":{"@id":"https:\/\/www.keoutdoordesign.com\/es-es\/ke-outdoor\/ke-store-proyectos-y-montajes-xanadu\/#primaryimage"},"image":{"@id":"https:\/\/www.keoutdoordesign.com\/es-es\/ke-outdoor\/ke-store-proyectos-y-montajes-xanadu\/#primaryimage"},"thumbnailUrl":"https:\/\/www.keoutdoordesign.com\/wp-content\/uploads\/2021\/04\/ke-store-proyectos-y-montajes-xanad\u00f9-pergolas-bioclimaticas-mostoles-madrid.jpg","datePublished":"2024-12-16T09:46:49+00:00","description":"\u00bfBusca una tienda de p\u00e9rgolas y toldos en Madrid? Descubra los productos KE en la tienda Toldos Xanad\u00f9. P\u00f3ngase en contacto con el distribuidor","breadcrumb":{"@id":"https:\/\/www.keoutdoordesign.com\/es-es\/ke-outdoor\/ke-store-proyectos-y-montajes-xanadu\/#breadcrumb"},"inLanguage":"es","potentialAction":[{"@type":"ReadAction","target":["https:\/\/www.keoutdoordesign.com\/es-es\/ke-outdoor\/ke-store-proyectos-y-montajes-xanadu\/"]}]},{"@type":"ImageObject","inLanguage":"es","@id":"https:\/\/www.keoutdoordesign.com\/es-es\/ke-outdoor\/ke-store-proyectos-y-montajes-xanadu\/#primaryimage","url":"https:\/\/www.keoutdoordesign.com\/wp-content\/uploads\/2021\/04\/ke-store-proyectos-y-montajes-xanad\u00f9-pergolas-bioclimaticas-mostoles-madrid.jpg","contentUrl":"https:\/\/www.keoutdoordesign.com\/wp-content\/uploads\/2021\/04\/ke-store-proyectos-y-montajes-xanad\u00f9-pergolas-bioclimaticas-mostoles-madrid.jpg","width":500,"height":500,"caption":"ke-store-proyectos-y-montajes-xanad\u00f9-pergolas-bioclimaticas-mostoles-madrid"},{"@type":"BreadcrumbList","@id":"https:\/\/www.keoutdoordesign.com\/es-es\/ke-outdoor\/ke-store-proyectos-y-montajes-xanadu\/#breadcrumb","itemListElement":[{"@type":"ListItem","position":1,"name":"Home","item":"https:\/\/www.keoutdoordesign.com\/es-es\/"},{"@type":"ListItem","position":2,"name":"KE Outdoor","item":"https:\/\/www.keoutdoordesign.com\/es-es\/ke-outdoor\/"},{"@type":"ListItem","position":3,"name":"KE Store Proyectos y Montajes Xanad\u00f9"}]},{"@type":"WebSite","@id":"https:\/\/www.keoutdoordesign.com\/it-it\/#website","url":"https:\/\/www.keoutdoordesign.com\/it-it\/","name":"KE Outdoor Design","description":"Un nuovo sito targato WordPress","publisher":{"@id":"https:\/\/www.keoutdoordesign.com\/it-it\/#organization"},"potentialAction":[{"@type":"SearchAction","target":{"@type":"EntryPoint","urlTemplate":"https:\/\/www.keoutdoordesign.com\/it-it\/?s={search_term_string}"},"query-input":{"@type":"PropertyValueSpecification","valueRequired":true,"valueName":"search_term_string"}}],"inLanguage":"es"},{"@type":"Organization","@id":"https:\/\/www.keoutdoordesign.com\/it-it\/#organization","name":"KE Outdoor Design","url":"https:\/\/www.keoutdoordesign.com\/it-it\/","logo":{"@type":"ImageObject","inLanguage":"es","@id":"https:\/\/www.keoutdoordesign.com\/it-it\/#\/schema\/logo\/image\/","url":"https:\/\/www.keoutdoordesign.com\/wp-content\/uploads\/2020\/02\/KE-logo-Primary-e1591282842174.jpg","contentUrl":"https:\/\/www.keoutdoordesign.com\/wp-content\/uploads\/2020\/02\/KE-logo-Primary-e1591282842174.jpg","width":500,"height":396,"caption":"KE Outdoor Design"},"image":{"@id":"https:\/\/www.keoutdoordesign.com\/it-it\/#\/schema\/logo\/image\/"},"sameAs":["https:\/\/www.facebook.com\/keoutdoordesign.us","https:\/\/x.com\/keoutdoordesign","https:\/\/www.facebook.com\/keoutdoordesign","https:\/\/www.youtube.com\/channel\/UCSoMQryJpLqD53bAoZLg2Vg","https:\/\/www.pinterest.it\/keoutdoordesign\/","https:\/\/www.instagram.com\/keoutdoordesign\/","https:\/\/www.linkedin.com\/company\/ke-outdoor-design\/"]}]}},"_links":{"self":[{"href":"https:\/\/www.keoutdoordesign.com\/es-es\/wp-json\/wp\/v2\/pages\/102818","targetHints":{"allow":["GET"]}}],"collection":[{"href":"https:\/\/www.keoutdoordesign.com\/es-es\/wp-json\/wp\/v2\/pages"}],"about":[{"href":"https:\/\/www.keoutdoordesign.com\/es-es\/wp-json\/wp\/v2\/types\/page"}],"author":[{"embeddable":true,"href":"https:\/\/www.keoutdoordesign.com\/es-es\/wp-json\/wp\/v2\/users\/10407"}],"replies":[{"embeddable":true,"href":"https:\/\/www.keoutdoordesign.com\/es-es\/wp-json\/wp\/v2\/comments?post=102818"}],"version-history":[{"count":1,"href":"https:\/\/www.keoutdoordesign.com\/es-es\/wp-json\/wp\/v2\/pages\/102818\/revisions"}],"predecessor-version":[{"id":102819,"href":"https:\/\/www.keoutdoordesign.com\/es-es\/wp-json\/wp\/v2\/pages\/102818\/revisions\/102819"}],"up":[{"embeddable":true,"href":"https:\/\/www.keoutdoordesign.com\/es-es\/wp-json\/wp\/v2\/pages\/99401"}],"wp:featuredmedia":[{"embeddable":true,"href":"https:\/\/www.keoutdoordesign.com\/es-es\/wp-json\/wp\/v2\/media\/34714"}],"wp:attachment":[{"href":"https:\/\/www.keoutdoordesign.com\/es-es\/wp-json\/wp\/v2\/media?parent=102818"}],"curies":[{"name":"wp","href":"https:\/\/api.w.org\/{rel}","templated":true}]}}