{"id":5221,"date":"2019-06-07T14:46:15","date_gmt":"2019-06-07T12:46:15","guid":{"rendered":"http:\/\/ke.localhost.it\/?page_id=5221"},"modified":"2024-10-21T22:56:07","modified_gmt":"2024-10-21T20:56:07","slug":"space","status":"publish","type":"page","link":"https:\/\/www.keoutdoordesign.com\/en-us\/retractable-awnings-for-home-or-business\/retractable-shading-structure\/space\/","title":{"rendered":"Space"},"content":{"rendered":"<p><span style=\"font-style: inherit !important; font-weight: inherit !important;\">Easy to install, equipped with an inspectionable cassette, SPACE is characterised by guides which are adjustable in width, in order to fit well in every situation. <\/span><\/p>\n<p><span style=\"font-style: inherit !important; font-weight: inherit !important;\">Its fabric-wrapping system allows a perfect tensioning; as the strip LEDs can be integrated on the guides, SPACE is in line with the most innovative solutions of this branch.<\/span><\/p>\n<p>Due to these last improvements:<\/p>\n<ul>\n<li>It is now possible to reach a maximum of 6 metres in width with two guides, up to a maximum of 4 metres in projection;<\/li>\n<li>It is now possible to integrate strip LEDs in the guides;<\/li>\n<li>It is now possible to have also 80 NM motors, in addition to 120 NM motors.<\/li>\n<\/ul>\n","protected":false},"excerpt":{"rendered":"<p>Easy to install, equipped with an inspectionable cassette, SPACE is characterised by guides which are adjustable in width, in order&hellip;<\/p>\n","protected":false},"author":10608,"featured_media":2465,"parent":5217,"menu_order":16,"comment_status":"closed","ping_status":"closed","template":"page-templates\/product.php","meta":{"_acf_changed":false,"footnotes":""},"class_list":["post-5221","page","type-page","status-publish","has-post-thumbnail","hentry"],"acf":[],"yoast_head":"<!-- This site is optimized with the Yoast SEO Premium plugin v20.12 (Yoast SEO v27.3) - https:\/\/yoast.com\/product\/yoast-seo-premium-wordpress\/ -->\n<title>Retractable Shading Structure - Space- KE Outdoor Design US<\/title>\n<meta name=\"description\" content=\"Customized your outdoor space with KE Outdoor Design US shade system product - Space. A free-standing version for outdoor areas.\" \/>\n<meta name=\"robots\" content=\"index, follow, max-snippet:-1, max-image-preview:large, max-video-preview:-1\" \/>\n<link rel=\"canonical\" href=\"https:\/\/www.keoutdoordesign.com\/en-us\/retractable-awnings-for-home-or-business\/retractable-shading-structure\/space\/\" \/>\n<meta property=\"og:locale\" content=\"en_US\" \/>\n<meta property=\"og:type\" content=\"article\" \/>\n<meta property=\"og:title\" content=\"Space\" \/>\n<meta property=\"og:description\" content=\"Customized your outdoor space with KE Outdoor Design US shade system product - Space. A free-standing version for outdoor areas.\" \/>\n<meta property=\"og:url\" content=\"https:\/\/www.keoutdoordesign.com\/en-us\/retractable-awnings-for-home-or-business\/retractable-shading-structure\/space\/\" \/>\n<meta property=\"og:site_name\" content=\"KE Outdoor Design\" \/>\n<meta property=\"article:publisher\" content=\"https:\/\/www.facebook.com\/keoutdoordesign.us\" \/>\n<meta property=\"article:modified_time\" content=\"2024-10-21T20:56:07+00:00\" \/>\n<meta property=\"og:image\" content=\"https:\/\/www.keoutdoordesign.com\/wp-content\/uploads\/2019\/05\/Space_ambiente4_LOW_sito.jpg\" \/>\n\t<meta property=\"og:image:width\" content=\"2000\" \/>\n\t<meta property=\"og:image:height\" content=\"1190\" \/>\n\t<meta property=\"og:image:type\" content=\"image\/jpeg\" \/>\n<meta name=\"twitter:card\" content=\"summary_large_image\" \/>\n<meta name=\"twitter:site\" content=\"@keoutdoordesign\" \/>\n<script type=\"application\/ld+json\" class=\"yoast-schema-graph\">{\"@context\":\"https:\\\/\\\/schema.org\",\"@graph\":[{\"@type\":\"WebPage\",\"@id\":\"https:\\\/\\\/www.keoutdoordesign.com\\\/en-us\\\/retractable-awnings-for-home-or-business\\\/retractable-shading-structure\\\/space\\\/\",\"url\":\"https:\\\/\\\/www.keoutdoordesign.com\\\/en-us\\\/retractable-awnings-for-home-or-business\\\/retractable-shading-structure\\\/space\\\/\",\"name\":\"Retractable Shading Structure - Space- KE Outdoor Design US\",\"isPartOf\":{\"@id\":\"https:\\\/\\\/www.keoutdoordesign.com\\\/it-it\\\/#website\"},\"primaryImageOfPage\":{\"@id\":\"https:\\\/\\\/www.keoutdoordesign.com\\\/en-us\\\/retractable-awnings-for-home-or-business\\\/retractable-shading-structure\\\/space\\\/#primaryimage\"},\"image\":{\"@id\":\"https:\\\/\\\/www.keoutdoordesign.com\\\/en-us\\\/retractable-awnings-for-home-or-business\\\/retractable-shading-structure\\\/space\\\/#primaryimage\"},\"thumbnailUrl\":\"https:\\\/\\\/www.keoutdoordesign.com\\\/wp-content\\\/uploads\\\/2019\\\/05\\\/Space_ambiente4_LOW_sito.jpg\",\"datePublished\":\"2019-06-07T12:46:15+00:00\",\"dateModified\":\"2024-10-21T20:56:07+00:00\",\"description\":\"Customized your outdoor space with KE Outdoor Design US shade system product - Space. A free-standing version for outdoor areas.\",\"breadcrumb\":{\"@id\":\"https:\\\/\\\/www.keoutdoordesign.com\\\/en-us\\\/retractable-awnings-for-home-or-business\\\/retractable-shading-structure\\\/space\\\/#breadcrumb\"},\"inLanguage\":\"en-US\",\"potentialAction\":[{\"@type\":\"ReadAction\",\"target\":[\"https:\\\/\\\/www.keoutdoordesign.com\\\/en-us\\\/retractable-awnings-for-home-or-business\\\/retractable-shading-structure\\\/space\\\/\"]}]},{\"@type\":\"ImageObject\",\"inLanguage\":\"en-US\",\"@id\":\"https:\\\/\\\/www.keoutdoordesign.com\\\/en-us\\\/retractable-awnings-for-home-or-business\\\/retractable-shading-structure\\\/space\\\/#primaryimage\",\"url\":\"https:\\\/\\\/www.keoutdoordesign.com\\\/wp-content\\\/uploads\\\/2019\\\/05\\\/Space_ambiente4_LOW_sito.jpg\",\"contentUrl\":\"https:\\\/\\\/www.keoutdoordesign.com\\\/wp-content\\\/uploads\\\/2019\\\/05\\\/Space_ambiente4_LOW_sito.jpg\",\"width\":2000,\"height\":1190,\"caption\":\"Des stores \u00e0 toile anti chaleur \u00e0 poser sur structures ou adoss\u00e9s au mur.\"},{\"@type\":\"BreadcrumbList\",\"@id\":\"https:\\\/\\\/www.keoutdoordesign.com\\\/en-us\\\/retractable-awnings-for-home-or-business\\\/retractable-shading-structure\\\/space\\\/#breadcrumb\",\"itemListElement\":[{\"@type\":\"ListItem\",\"position\":1,\"name\":\"Home\",\"item\":\"https:\\\/\\\/www.keoutdoordesign.com\\\/en-us\\\/\"},{\"@type\":\"ListItem\",\"position\":2,\"name\":\"Retractable Awnings for Home or Business\",\"item\":\"https:\\\/\\\/www.keoutdoordesign.com\\\/en-us\\\/retractable-awnings-for-home-or-business\\\/\"},{\"@type\":\"ListItem\",\"position\":3,\"name\":\"Retractable Tension Shade Systems\",\"item\":\"https:\\\/\\\/www.keoutdoordesign.com\\\/en-us\\\/retractable-awnings-for-home-or-business\\\/retractable-shading-structure\\\/\"},{\"@type\":\"ListItem\",\"position\":4,\"name\":\"Space\"}]},{\"@type\":\"WebSite\",\"@id\":\"https:\\\/\\\/www.keoutdoordesign.com\\\/it-it\\\/#website\",\"url\":\"https:\\\/\\\/www.keoutdoordesign.com\\\/it-it\\\/\",\"name\":\"KE Outdoor Design\",\"description\":\"Awnings, Pergolas and Custom Shade Solutions\",\"publisher\":{\"@id\":\"https:\\\/\\\/www.keoutdoordesign.com\\\/it-it\\\/#organization\"},\"potentialAction\":[{\"@type\":\"SearchAction\",\"target\":{\"@type\":\"EntryPoint\",\"urlTemplate\":\"https:\\\/\\\/www.keoutdoordesign.com\\\/it-it\\\/?s={search_term_string}\"},\"query-input\":{\"@type\":\"PropertyValueSpecification\",\"valueRequired\":true,\"valueName\":\"search_term_string\"}}],\"inLanguage\":\"en-US\"},{\"@type\":\"Organization\",\"@id\":\"https:\\\/\\\/www.keoutdoordesign.com\\\/it-it\\\/#organization\",\"name\":\"KE Outdoor Design\",\"url\":\"https:\\\/\\\/www.keoutdoordesign.com\\\/it-it\\\/\",\"logo\":{\"@type\":\"ImageObject\",\"inLanguage\":\"en-US\",\"@id\":\"https:\\\/\\\/www.keoutdoordesign.com\\\/it-it\\\/#\\\/schema\\\/logo\\\/image\\\/\",\"url\":\"https:\\\/\\\/www.keoutdoordesign.com\\\/wp-content\\\/uploads\\\/2020\\\/02\\\/KE-logo-Primary-e1591282842174.jpg\",\"contentUrl\":\"https:\\\/\\\/www.keoutdoordesign.com\\\/wp-content\\\/uploads\\\/2020\\\/02\\\/KE-logo-Primary-e1591282842174.jpg\",\"width\":500,\"height\":396,\"caption\":\"KE Outdoor Design\"},\"image\":{\"@id\":\"https:\\\/\\\/www.keoutdoordesign.com\\\/it-it\\\/#\\\/schema\\\/logo\\\/image\\\/\"},\"sameAs\":[\"https:\\\/\\\/www.facebook.com\\\/keoutdoordesign.us\",\"https:\\\/\\\/x.com\\\/keoutdoordesign\",\"https:\\\/\\\/www.facebook.com\\\/keoutdoordesign\",\"https:\\\/\\\/www.youtube.com\\\/channel\\\/UCSoMQryJpLqD53bAoZLg2Vg\",\"https:\\\/\\\/www.pinterest.it\\\/keoutdoordesign\\\/\",\"https:\\\/\\\/www.instagram.com\\\/keoutdoordesign\\\/\",\"https:\\\/\\\/www.linkedin.com\\\/company\\\/ke-outdoor-design\\\/\"]}]}<\/script>\n<!-- \/ Yoast SEO Premium plugin. -->","yoast_head_json":{"title":"Retractable Shading Structure - Space- KE Outdoor Design US","description":"Customized your outdoor space with KE Outdoor Design US shade system product - Space. A free-standing version for outdoor areas.","robots":{"index":"index","follow":"follow","max-snippet":"max-snippet:-1","max-image-preview":"max-image-preview:large","max-video-preview":"max-video-preview:-1"},"canonical":"https:\/\/www.keoutdoordesign.com\/en-us\/retractable-awnings-for-home-or-business\/retractable-shading-structure\/space\/","og_locale":"en_US","og_type":"article","og_title":"Space","og_description":"Customized your outdoor space with KE Outdoor Design US shade system product - Space. A free-standing version for outdoor areas.","og_url":"https:\/\/www.keoutdoordesign.com\/en-us\/retractable-awnings-for-home-or-business\/retractable-shading-structure\/space\/","og_site_name":"KE Outdoor Design","article_publisher":"https:\/\/www.facebook.com\/keoutdoordesign.us","article_modified_time":"2024-10-21T20:56:07+00:00","og_image":[{"width":2000,"height":1190,"url":"https:\/\/www.keoutdoordesign.com\/wp-content\/uploads\/2019\/05\/Space_ambiente4_LOW_sito.jpg","type":"image\/jpeg"}],"twitter_card":"summary_large_image","twitter_site":"@keoutdoordesign","schema":{"@context":"https:\/\/schema.org","@graph":[{"@type":"WebPage","@id":"https:\/\/www.keoutdoordesign.com\/en-us\/retractable-awnings-for-home-or-business\/retractable-shading-structure\/space\/","url":"https:\/\/www.keoutdoordesign.com\/en-us\/retractable-awnings-for-home-or-business\/retractable-shading-structure\/space\/","name":"Retractable Shading Structure - Space- KE Outdoor Design US","isPartOf":{"@id":"https:\/\/www.keoutdoordesign.com\/it-it\/#website"},"primaryImageOfPage":{"@id":"https:\/\/www.keoutdoordesign.com\/en-us\/retractable-awnings-for-home-or-business\/retractable-shading-structure\/space\/#primaryimage"},"image":{"@id":"https:\/\/www.keoutdoordesign.com\/en-us\/retractable-awnings-for-home-or-business\/retractable-shading-structure\/space\/#primaryimage"},"thumbnailUrl":"https:\/\/www.keoutdoordesign.com\/wp-content\/uploads\/2019\/05\/Space_ambiente4_LOW_sito.jpg","datePublished":"2019-06-07T12:46:15+00:00","dateModified":"2024-10-21T20:56:07+00:00","description":"Customized your outdoor space with KE Outdoor Design US shade system product - Space. A free-standing version for outdoor areas.","breadcrumb":{"@id":"https:\/\/www.keoutdoordesign.com\/en-us\/retractable-awnings-for-home-or-business\/retractable-shading-structure\/space\/#breadcrumb"},"inLanguage":"en-US","potentialAction":[{"@type":"ReadAction","target":["https:\/\/www.keoutdoordesign.com\/en-us\/retractable-awnings-for-home-or-business\/retractable-shading-structure\/space\/"]}]},{"@type":"ImageObject","inLanguage":"en-US","@id":"https:\/\/www.keoutdoordesign.com\/en-us\/retractable-awnings-for-home-or-business\/retractable-shading-structure\/space\/#primaryimage","url":"https:\/\/www.keoutdoordesign.com\/wp-content\/uploads\/2019\/05\/Space_ambiente4_LOW_sito.jpg","contentUrl":"https:\/\/www.keoutdoordesign.com\/wp-content\/uploads\/2019\/05\/Space_ambiente4_LOW_sito.jpg","width":2000,"height":1190,"caption":"Des stores \u00e0 toile anti chaleur \u00e0 poser sur structures ou adoss\u00e9s au mur."},{"@type":"BreadcrumbList","@id":"https:\/\/www.keoutdoordesign.com\/en-us\/retractable-awnings-for-home-or-business\/retractable-shading-structure\/space\/#breadcrumb","itemListElement":[{"@type":"ListItem","position":1,"name":"Home","item":"https:\/\/www.keoutdoordesign.com\/en-us\/"},{"@type":"ListItem","position":2,"name":"Retractable Awnings for Home or Business","item":"https:\/\/www.keoutdoordesign.com\/en-us\/retractable-awnings-for-home-or-business\/"},{"@type":"ListItem","position":3,"name":"Retractable Tension Shade Systems","item":"https:\/\/www.keoutdoordesign.com\/en-us\/retractable-awnings-for-home-or-business\/retractable-shading-structure\/"},{"@type":"ListItem","position":4,"name":"Space"}]},{"@type":"WebSite","@id":"https:\/\/www.keoutdoordesign.com\/it-it\/#website","url":"https:\/\/www.keoutdoordesign.com\/it-it\/","name":"KE Outdoor Design","description":"Awnings, Pergolas and Custom Shade Solutions","publisher":{"@id":"https:\/\/www.keoutdoordesign.com\/it-it\/#organization"},"potentialAction":[{"@type":"SearchAction","target":{"@type":"EntryPoint","urlTemplate":"https:\/\/www.keoutdoordesign.com\/it-it\/?s={search_term_string}"},"query-input":{"@type":"PropertyValueSpecification","valueRequired":true,"valueName":"search_term_string"}}],"inLanguage":"en-US"},{"@type":"Organization","@id":"https:\/\/www.keoutdoordesign.com\/it-it\/#organization","name":"KE Outdoor Design","url":"https:\/\/www.keoutdoordesign.com\/it-it\/","logo":{"@type":"ImageObject","inLanguage":"en-US","@id":"https:\/\/www.keoutdoordesign.com\/it-it\/#\/schema\/logo\/image\/","url":"https:\/\/www.keoutdoordesign.com\/wp-content\/uploads\/2020\/02\/KE-logo-Primary-e1591282842174.jpg","contentUrl":"https:\/\/www.keoutdoordesign.com\/wp-content\/uploads\/2020\/02\/KE-logo-Primary-e1591282842174.jpg","width":500,"height":396,"caption":"KE Outdoor Design"},"image":{"@id":"https:\/\/www.keoutdoordesign.com\/it-it\/#\/schema\/logo\/image\/"},"sameAs":["https:\/\/www.facebook.com\/keoutdoordesign.us","https:\/\/x.com\/keoutdoordesign","https:\/\/www.facebook.com\/keoutdoordesign","https:\/\/www.youtube.com\/channel\/UCSoMQryJpLqD53bAoZLg2Vg","https:\/\/www.pinterest.it\/keoutdoordesign\/","https:\/\/www.instagram.com\/keoutdoordesign\/","https:\/\/www.linkedin.com\/company\/ke-outdoor-design\/"]}]}},"_links":{"self":[{"href":"https:\/\/www.keoutdoordesign.com\/en-us\/wp-json\/wp\/v2\/pages\/5221","targetHints":{"allow":["GET"]}}],"collection":[{"href":"https:\/\/www.keoutdoordesign.com\/en-us\/wp-json\/wp\/v2\/pages"}],"about":[{"href":"https:\/\/www.keoutdoordesign.com\/en-us\/wp-json\/wp\/v2\/types\/page"}],"author":[{"embeddable":true,"href":"https:\/\/www.keoutdoordesign.com\/en-us\/wp-json\/wp\/v2\/users\/10608"}],"replies":[{"embeddable":true,"href":"https:\/\/www.keoutdoordesign.com\/en-us\/wp-json\/wp\/v2\/comments?post=5221"}],"version-history":[{"count":8,"href":"https:\/\/www.keoutdoordesign.com\/en-us\/wp-json\/wp\/v2\/pages\/5221\/revisions"}],"predecessor-version":[{"id":100562,"href":"https:\/\/www.keoutdoordesign.com\/en-us\/wp-json\/wp\/v2\/pages\/5221\/revisions\/100562"}],"up":[{"embeddable":true,"href":"https:\/\/www.keoutdoordesign.com\/en-us\/wp-json\/wp\/v2\/pages\/5217"}],"wp:featuredmedia":[{"embeddable":true,"href":"https:\/\/www.keoutdoordesign.com\/en-us\/wp-json\/wp\/v2\/media\/2465"}],"wp:attachment":[{"href":"https:\/\/www.keoutdoordesign.com\/en-us\/wp-json\/wp\/v2\/media?parent=5221"}],"curies":[{"name":"wp","href":"https:\/\/api.w.org\/{rel}","templated":true}]}}