{"id":5207,"date":"2019-06-07T14:43:23","date_gmt":"2019-06-07T12:43:23","guid":{"rendered":"http:\/\/ke.localhost.it\/?page_id=5207"},"modified":"2025-10-28T19:29:35","modified_gmt":"2025-10-28T18:29:35","slug":"retractable-awnings-for-home-or-business","status":"publish","type":"page","link":"https:\/\/www.keoutdoordesign.com\/en-us\/retractable-awnings-for-home-or-business\/","title":{"rendered":"Retractable Awnings for Home or Business"},"content":{"rendered":"<h2><span style=\"color: #800000;\"><a style=\"color: #800000;\" href=\"https:\/\/www.keoutdoordesign.com\/en-us\/company\/talk-to-a-ke-dealer\/\"><strong>Talk With A KE Dealer<\/strong><\/a><\/span><\/h2>\n<h2><strong>Retractable Awnings for Home or Business<\/strong><\/h2>\n<p>A retractable awning is an easy way to provide a shaded outdoor seating area. It is popular in both residential and commercial properties. These awnings offer privacy and sun protection and roll up when no longer in use. Because of their design, they are invariably rectangular or square and must be attached to the side of a structure.<\/p>\n<p>It is common for cafes, bars, and other outdoor spaces where people gather to have motorized awnings that they put out during business hours in the summer. People can sit, socialize, and take a break from the hot sun and damaging UV rays while enjoying the warm weather. Retractable awnings protect people from the sun overhead without obstructing their view of the world around them.<\/p>\n<p>When you choose a retractable awning for your home, there are just as many benefits. An awning for a patio or deck that is adjacent to your home increases your living space. It\u2019s like having an additional room, but outdoors! Awnings also offer energy savings by helping to keep your home cooler, which lets the air conditioner cycle on and off less, leading to lower energy use.<\/p>\n<h2>Retractable Tension Shade Structures<\/h2>\n<p>Tension shade structures are retractable shading systems that can be used individually or combined in multiple units for expanded coverage. Engineered with its own supporting frame structure, these systems are designed to be mounted to a wall, usually over a patio, deck, or sliding doors.<\/p>\n<p>Like other shade systems, tension shade structures are available with sensors that detect changes in the weather. If it gets too windy, the sensor causes the fabric to retract to prevent damage.<\/p>\n<p>Schedule your free consultation and cost estimate today. Email <a href=\"mailto:keusa.marketing@keusa.us\">keusa.marketing@keusa.us<\/a> or call (888) 387-2765.<\/p>\n","protected":false},"excerpt":{"rendered":"<p>Talk With A KE Dealer Retractable Awnings for Home or Business A retractable awning is an easy way to provide&hellip;<\/p>\n","protected":false},"author":9471,"featured_media":2295,"parent":0,"menu_order":47,"comment_status":"closed","ping_status":"closed","template":"page-templates\/category-subcategories.php","meta":{"_acf_changed":false,"footnotes":""},"class_list":["post-5207","page","type-page","status-publish","has-post-thumbnail","hentry"],"acf":[],"yoast_head":"<!-- This site is optimized with the Yoast SEO Premium plugin v20.12 (Yoast SEO v27.3) - https:\/\/yoast.com\/product\/yoast-seo-premium-wordpress\/ -->\n<title>Deck and Patio Awning Solutions | KE Outdoor Design<\/title>\n<meta name=\"description\" content=\"KE Outdoor Design US manufactures innovative custom exterior retractable awnings and outdoor shading systems using the finest materials.\" \/>\n<meta name=\"robots\" content=\"index, follow, max-snippet:-1, max-image-preview:large, max-video-preview:-1\" \/>\n<link rel=\"canonical\" href=\"https:\/\/www.keoutdoordesign.com\/en-us\/retractable-awnings-for-home-or-business\/\" \/>\n<meta property=\"og:locale\" content=\"en_US\" \/>\n<meta property=\"og:type\" content=\"article\" \/>\n<meta property=\"og:title\" content=\"Retractable Awnings for Home or Business\" \/>\n<meta property=\"og:description\" content=\"KE Outdoor Design US manufactures innovative custom exterior retractable awnings and outdoor shading systems using the finest materials.\" \/>\n<meta property=\"og:url\" content=\"https:\/\/www.keoutdoordesign.com\/en-us\/retractable-awnings-for-home-or-business\/\" \/>\n<meta property=\"og:site_name\" content=\"KE Outdoor Design\" \/>\n<meta property=\"article:publisher\" content=\"https:\/\/www.facebook.com\/keoutdoordesign.us\" \/>\n<meta property=\"article:modified_time\" content=\"2025-10-28T18:29:35+00:00\" \/>\n<meta property=\"og:image\" content=\"https:\/\/www.keoutdoordesign.com\/wp-content\/uploads\/2019\/05\/KE_CapdAntibes_2_QubicaFlat_Kolibrie_KedryPlus.jpg\" \/>\n\t<meta property=\"og:image:width\" content=\"2000\" \/>\n\t<meta property=\"og:image:height\" content=\"1336\" \/>\n\t<meta property=\"og:image:type\" content=\"image\/jpeg\" \/>\n<meta name=\"twitter:card\" content=\"summary_large_image\" \/>\n<meta name=\"twitter:site\" content=\"@keoutdoordesign\" \/>\n<script type=\"application\/ld+json\" class=\"yoast-schema-graph\">{\"@context\":\"https:\\\/\\\/schema.org\",\"@graph\":[{\"@type\":\"WebPage\",\"@id\":\"https:\\\/\\\/www.keoutdoordesign.com\\\/en-us\\\/retractable-awnings-for-home-or-business\\\/\",\"url\":\"https:\\\/\\\/www.keoutdoordesign.com\\\/en-us\\\/retractable-awnings-for-home-or-business\\\/\",\"name\":\"Deck and Patio Awning Solutions | KE Outdoor Design\",\"isPartOf\":{\"@id\":\"https:\\\/\\\/www.keoutdoordesign.com\\\/it-it\\\/#website\"},\"primaryImageOfPage\":{\"@id\":\"https:\\\/\\\/www.keoutdoordesign.com\\\/en-us\\\/retractable-awnings-for-home-or-business\\\/#primaryimage\"},\"image\":{\"@id\":\"https:\\\/\\\/www.keoutdoordesign.com\\\/en-us\\\/retractable-awnings-for-home-or-business\\\/#primaryimage\"},\"thumbnailUrl\":\"https:\\\/\\\/www.keoutdoordesign.com\\\/wp-content\\\/uploads\\\/2019\\\/05\\\/KE_CapdAntibes_2_QubicaFlat_Kolibrie_KedryPlus.jpg\",\"datePublished\":\"2019-06-07T12:43:23+00:00\",\"dateModified\":\"2025-10-28T18:29:35+00:00\",\"description\":\"KE Outdoor Design US manufactures innovative custom exterior retractable awnings and outdoor shading systems using the finest materials.\",\"breadcrumb\":{\"@id\":\"https:\\\/\\\/www.keoutdoordesign.com\\\/en-us\\\/retractable-awnings-for-home-or-business\\\/#breadcrumb\"},\"inLanguage\":\"en-US\",\"potentialAction\":[{\"@type\":\"ReadAction\",\"target\":[\"https:\\\/\\\/www.keoutdoordesign.com\\\/en-us\\\/retractable-awnings-for-home-or-business\\\/\"]}]},{\"@type\":\"ImageObject\",\"inLanguage\":\"en-US\",\"@id\":\"https:\\\/\\\/www.keoutdoordesign.com\\\/en-us\\\/retractable-awnings-for-home-or-business\\\/#primaryimage\",\"url\":\"https:\\\/\\\/www.keoutdoordesign.com\\\/wp-content\\\/uploads\\\/2019\\\/05\\\/KE_CapdAntibes_2_QubicaFlat_Kolibrie_KedryPlus.jpg\",\"contentUrl\":\"https:\\\/\\\/www.keoutdoordesign.com\\\/wp-content\\\/uploads\\\/2019\\\/05\\\/KE_CapdAntibes_2_QubicaFlat_Kolibrie_KedryPlus.jpg\",\"width\":2000,\"height\":1336,\"caption\":\"Habillez avec \u00e9l\u00e9gance et confort votre terrasse gr\u00e2ce \u00e0 nos produits haut de gamme KE\"},{\"@type\":\"BreadcrumbList\",\"@id\":\"https:\\\/\\\/www.keoutdoordesign.com\\\/en-us\\\/retractable-awnings-for-home-or-business\\\/#breadcrumb\",\"itemListElement\":[{\"@type\":\"ListItem\",\"position\":1,\"name\":\"Home\",\"item\":\"https:\\\/\\\/www.keoutdoordesign.com\\\/en-us\\\/\"},{\"@type\":\"ListItem\",\"position\":2,\"name\":\"Retractable Awnings for Home or Business\"}]},{\"@type\":\"WebSite\",\"@id\":\"https:\\\/\\\/www.keoutdoordesign.com\\\/it-it\\\/#website\",\"url\":\"https:\\\/\\\/www.keoutdoordesign.com\\\/it-it\\\/\",\"name\":\"KE Outdoor Design\",\"description\":\"Awnings, Pergolas and Custom Shade Solutions\",\"publisher\":{\"@id\":\"https:\\\/\\\/www.keoutdoordesign.com\\\/it-it\\\/#organization\"},\"potentialAction\":[{\"@type\":\"SearchAction\",\"target\":{\"@type\":\"EntryPoint\",\"urlTemplate\":\"https:\\\/\\\/www.keoutdoordesign.com\\\/it-it\\\/?s={search_term_string}\"},\"query-input\":{\"@type\":\"PropertyValueSpecification\",\"valueRequired\":true,\"valueName\":\"search_term_string\"}}],\"inLanguage\":\"en-US\"},{\"@type\":\"Organization\",\"@id\":\"https:\\\/\\\/www.keoutdoordesign.com\\\/it-it\\\/#organization\",\"name\":\"KE Outdoor Design\",\"url\":\"https:\\\/\\\/www.keoutdoordesign.com\\\/it-it\\\/\",\"logo\":{\"@type\":\"ImageObject\",\"inLanguage\":\"en-US\",\"@id\":\"https:\\\/\\\/www.keoutdoordesign.com\\\/it-it\\\/#\\\/schema\\\/logo\\\/image\\\/\",\"url\":\"https:\\\/\\\/www.keoutdoordesign.com\\\/wp-content\\\/uploads\\\/2020\\\/02\\\/KE-logo-Primary-e1591282842174.jpg\",\"contentUrl\":\"https:\\\/\\\/www.keoutdoordesign.com\\\/wp-content\\\/uploads\\\/2020\\\/02\\\/KE-logo-Primary-e1591282842174.jpg\",\"width\":500,\"height\":396,\"caption\":\"KE Outdoor Design\"},\"image\":{\"@id\":\"https:\\\/\\\/www.keoutdoordesign.com\\\/it-it\\\/#\\\/schema\\\/logo\\\/image\\\/\"},\"sameAs\":[\"https:\\\/\\\/www.facebook.com\\\/keoutdoordesign.us\",\"https:\\\/\\\/x.com\\\/keoutdoordesign\",\"https:\\\/\\\/www.facebook.com\\\/keoutdoordesign\",\"https:\\\/\\\/www.youtube.com\\\/channel\\\/UCSoMQryJpLqD53bAoZLg2Vg\",\"https:\\\/\\\/www.pinterest.it\\\/keoutdoordesign\\\/\",\"https:\\\/\\\/www.instagram.com\\\/keoutdoordesign\\\/\",\"https:\\\/\\\/www.linkedin.com\\\/company\\\/ke-outdoor-design\\\/\"]}]}<\/script>\n<!-- \/ Yoast SEO Premium plugin. -->","yoast_head_json":{"title":"Deck and Patio Awning Solutions | KE Outdoor Design","description":"KE Outdoor Design US manufactures innovative custom exterior retractable awnings and outdoor shading systems using the finest materials.","robots":{"index":"index","follow":"follow","max-snippet":"max-snippet:-1","max-image-preview":"max-image-preview:large","max-video-preview":"max-video-preview:-1"},"canonical":"https:\/\/www.keoutdoordesign.com\/en-us\/retractable-awnings-for-home-or-business\/","og_locale":"en_US","og_type":"article","og_title":"Retractable Awnings for Home or Business","og_description":"KE Outdoor Design US manufactures innovative custom exterior retractable awnings and outdoor shading systems using the finest materials.","og_url":"https:\/\/www.keoutdoordesign.com\/en-us\/retractable-awnings-for-home-or-business\/","og_site_name":"KE Outdoor Design","article_publisher":"https:\/\/www.facebook.com\/keoutdoordesign.us","article_modified_time":"2025-10-28T18:29:35+00:00","og_image":[{"width":2000,"height":1336,"url":"https:\/\/www.keoutdoordesign.com\/wp-content\/uploads\/2019\/05\/KE_CapdAntibes_2_QubicaFlat_Kolibrie_KedryPlus.jpg","type":"image\/jpeg"}],"twitter_card":"summary_large_image","twitter_site":"@keoutdoordesign","schema":{"@context":"https:\/\/schema.org","@graph":[{"@type":"WebPage","@id":"https:\/\/www.keoutdoordesign.com\/en-us\/retractable-awnings-for-home-or-business\/","url":"https:\/\/www.keoutdoordesign.com\/en-us\/retractable-awnings-for-home-or-business\/","name":"Deck and Patio Awning Solutions | KE Outdoor Design","isPartOf":{"@id":"https:\/\/www.keoutdoordesign.com\/it-it\/#website"},"primaryImageOfPage":{"@id":"https:\/\/www.keoutdoordesign.com\/en-us\/retractable-awnings-for-home-or-business\/#primaryimage"},"image":{"@id":"https:\/\/www.keoutdoordesign.com\/en-us\/retractable-awnings-for-home-or-business\/#primaryimage"},"thumbnailUrl":"https:\/\/www.keoutdoordesign.com\/wp-content\/uploads\/2019\/05\/KE_CapdAntibes_2_QubicaFlat_Kolibrie_KedryPlus.jpg","datePublished":"2019-06-07T12:43:23+00:00","dateModified":"2025-10-28T18:29:35+00:00","description":"KE Outdoor Design US manufactures innovative custom exterior retractable awnings and outdoor shading systems using the finest materials.","breadcrumb":{"@id":"https:\/\/www.keoutdoordesign.com\/en-us\/retractable-awnings-for-home-or-business\/#breadcrumb"},"inLanguage":"en-US","potentialAction":[{"@type":"ReadAction","target":["https:\/\/www.keoutdoordesign.com\/en-us\/retractable-awnings-for-home-or-business\/"]}]},{"@type":"ImageObject","inLanguage":"en-US","@id":"https:\/\/www.keoutdoordesign.com\/en-us\/retractable-awnings-for-home-or-business\/#primaryimage","url":"https:\/\/www.keoutdoordesign.com\/wp-content\/uploads\/2019\/05\/KE_CapdAntibes_2_QubicaFlat_Kolibrie_KedryPlus.jpg","contentUrl":"https:\/\/www.keoutdoordesign.com\/wp-content\/uploads\/2019\/05\/KE_CapdAntibes_2_QubicaFlat_Kolibrie_KedryPlus.jpg","width":2000,"height":1336,"caption":"Habillez avec \u00e9l\u00e9gance et confort votre terrasse gr\u00e2ce \u00e0 nos produits haut de gamme KE"},{"@type":"BreadcrumbList","@id":"https:\/\/www.keoutdoordesign.com\/en-us\/retractable-awnings-for-home-or-business\/#breadcrumb","itemListElement":[{"@type":"ListItem","position":1,"name":"Home","item":"https:\/\/www.keoutdoordesign.com\/en-us\/"},{"@type":"ListItem","position":2,"name":"Retractable Awnings for Home or Business"}]},{"@type":"WebSite","@id":"https:\/\/www.keoutdoordesign.com\/it-it\/#website","url":"https:\/\/www.keoutdoordesign.com\/it-it\/","name":"KE Outdoor Design","description":"Awnings, Pergolas and Custom Shade Solutions","publisher":{"@id":"https:\/\/www.keoutdoordesign.com\/it-it\/#organization"},"potentialAction":[{"@type":"SearchAction","target":{"@type":"EntryPoint","urlTemplate":"https:\/\/www.keoutdoordesign.com\/it-it\/?s={search_term_string}"},"query-input":{"@type":"PropertyValueSpecification","valueRequired":true,"valueName":"search_term_string"}}],"inLanguage":"en-US"},{"@type":"Organization","@id":"https:\/\/www.keoutdoordesign.com\/it-it\/#organization","name":"KE Outdoor Design","url":"https:\/\/www.keoutdoordesign.com\/it-it\/","logo":{"@type":"ImageObject","inLanguage":"en-US","@id":"https:\/\/www.keoutdoordesign.com\/it-it\/#\/schema\/logo\/image\/","url":"https:\/\/www.keoutdoordesign.com\/wp-content\/uploads\/2020\/02\/KE-logo-Primary-e1591282842174.jpg","contentUrl":"https:\/\/www.keoutdoordesign.com\/wp-content\/uploads\/2020\/02\/KE-logo-Primary-e1591282842174.jpg","width":500,"height":396,"caption":"KE Outdoor Design"},"image":{"@id":"https:\/\/www.keoutdoordesign.com\/it-it\/#\/schema\/logo\/image\/"},"sameAs":["https:\/\/www.facebook.com\/keoutdoordesign.us","https:\/\/x.com\/keoutdoordesign","https:\/\/www.facebook.com\/keoutdoordesign","https:\/\/www.youtube.com\/channel\/UCSoMQryJpLqD53bAoZLg2Vg","https:\/\/www.pinterest.it\/keoutdoordesign\/","https:\/\/www.instagram.com\/keoutdoordesign\/","https:\/\/www.linkedin.com\/company\/ke-outdoor-design\/"]}]}},"_links":{"self":[{"href":"https:\/\/www.keoutdoordesign.com\/en-us\/wp-json\/wp\/v2\/pages\/5207","targetHints":{"allow":["GET"]}}],"collection":[{"href":"https:\/\/www.keoutdoordesign.com\/en-us\/wp-json\/wp\/v2\/pages"}],"about":[{"href":"https:\/\/www.keoutdoordesign.com\/en-us\/wp-json\/wp\/v2\/types\/page"}],"author":[{"embeddable":true,"href":"https:\/\/www.keoutdoordesign.com\/en-us\/wp-json\/wp\/v2\/users\/9471"}],"replies":[{"embeddable":true,"href":"https:\/\/www.keoutdoordesign.com\/en-us\/wp-json\/wp\/v2\/comments?post=5207"}],"version-history":[{"count":47,"href":"https:\/\/www.keoutdoordesign.com\/en-us\/wp-json\/wp\/v2\/pages\/5207\/revisions"}],"predecessor-version":[{"id":114989,"href":"https:\/\/www.keoutdoordesign.com\/en-us\/wp-json\/wp\/v2\/pages\/5207\/revisions\/114989"}],"wp:featuredmedia":[{"embeddable":true,"href":"https:\/\/www.keoutdoordesign.com\/en-us\/wp-json\/wp\/v2\/media\/2295"}],"wp:attachment":[{"href":"https:\/\/www.keoutdoordesign.com\/en-us\/wp-json\/wp\/v2\/media?parent=5207"}],"curies":[{"name":"wp","href":"https:\/\/api.w.org\/{rel}","templated":true}]}}