{"id":4844,"date":"2019-06-07T12:59:05","date_gmt":"2019-06-07T10:59:05","guid":{"rendered":"http:\/\/ke.localhost.it\/?page_id=4844"},"modified":"2019-10-22T11:18:06","modified_gmt":"2019-10-22T09:18:06","slug":"awnings","status":"publish","type":"page","link":"https:\/\/www.keoutdoordesign.com\/en-uk\/awnings\/","title":{"rendered":"Awnings"},"content":{"rendered":"<p>What could be better than enjoying the outdoors under the warm sunlight? Thanks to our awnings, you&#8217;ll be able to make the most of solar energy. Our <strong>outdoor awnings<\/strong> will improve your comfort and quality of life.<\/p>\n<p>Every home,\u00a0business, or villa has a unique architecture and exterior frame, so we have designed custom <strong>electric awnings<\/strong> with our proprietary technology. Our designs include over 500 textiles you can choose from.<\/p>\n<p>Our unique drapes can decorate the windows in your home, business or villa \u2013 <strong>our awnings will provide your terrace with shade<\/strong> and protect your garden.<\/p>\n","protected":false},"excerpt":{"rendered":"<p>What could be better than enjoying the outdoors under the warm sunlight? Thanks to our awnings, you&#8217;ll be able to&hellip;<\/p>\n","protected":false},"author":10608,"featured_media":748,"parent":0,"menu_order":47,"comment_status":"closed","ping_status":"closed","template":"page-templates\/category-subcategories.php","meta":{"_acf_changed":false,"footnotes":""},"class_list":["post-4844","page","type-page","status-publish","has-post-thumbnail","hentry"],"acf":[],"yoast_head":"<!-- This site is optimized with the Yoast SEO Premium plugin v20.12 (Yoast SEO v27.4) - https:\/\/yoast.com\/product\/yoast-seo-premium-wordpress\/ -->\n<title>Outdoor Awnings, Electric Awnings - KE Outdoor Design<\/title>\n<meta name=\"description\" content=\"KE offers a wide range of electric outdoor awnings: arm, cassette or drop awnings, to cover both small and large outdoor areas. Find out more about us.\" \/>\n<meta name=\"robots\" content=\"index, follow, max-snippet:-1, max-image-preview:large, max-video-preview:-1\" \/>\n<link rel=\"canonical\" href=\"https:\/\/www.keoutdoordesign.com\/en-uk\/awnings\/\" \/>\n<meta property=\"og:locale\" content=\"en_GB\" \/>\n<meta property=\"og:type\" content=\"article\" \/>\n<meta property=\"og:title\" content=\"Awnings\" \/>\n<meta property=\"og:description\" content=\"KE offers a wide range of electric outdoor awnings: arm, cassette or drop awnings, to cover both small and large outdoor areas. Find out more about us.\" \/>\n<meta property=\"og:url\" content=\"https:\/\/www.keoutdoordesign.com\/en-uk\/awnings\/\" \/>\n<meta property=\"og:site_name\" content=\"KE Outdoor Design\" \/>\n<meta property=\"article:publisher\" content=\"https:\/\/www.facebook.com\/keoutdoordesign.us\" \/>\n<meta property=\"article:modified_time\" content=\"2019-10-22T09:18:06+00:00\" \/>\n<meta property=\"og:image\" content=\"https:\/\/www.keoutdoordesign.com\/wp-content\/uploads\/2019\/05\/KE_CapdAntibes_2_QubicaFlat_Kolibrie_KedryPlus.jpg\" \/>\n\t<meta property=\"og:image:width\" content=\"2000\" \/>\n\t<meta property=\"og:image:height\" content=\"1336\" \/>\n\t<meta property=\"og:image:type\" content=\"image\/jpeg\" \/>\n<meta name=\"twitter:card\" content=\"summary_large_image\" \/>\n<meta name=\"twitter:site\" content=\"@keoutdoordesign\" \/>\n<script type=\"application\/ld+json\" class=\"yoast-schema-graph\">{\"@context\":\"https:\\\/\\\/schema.org\",\"@graph\":[{\"@type\":\"WebPage\",\"@id\":\"https:\\\/\\\/www.keoutdoordesign.com\\\/en-uk\\\/awnings\\\/\",\"url\":\"https:\\\/\\\/www.keoutdoordesign.com\\\/en-uk\\\/awnings\\\/\",\"name\":\"Outdoor Awnings, Electric Awnings - KE Outdoor Design\",\"isPartOf\":{\"@id\":\"https:\\\/\\\/www.keoutdoordesign.com\\\/it-it\\\/#website\"},\"primaryImageOfPage\":{\"@id\":\"https:\\\/\\\/www.keoutdoordesign.com\\\/en-uk\\\/awnings\\\/#primaryimage\"},\"image\":{\"@id\":\"https:\\\/\\\/www.keoutdoordesign.com\\\/en-uk\\\/awnings\\\/#primaryimage\"},\"thumbnailUrl\":\"https:\\\/\\\/www.keoutdoordesign.com\\\/wp-content\\\/uploads\\\/2019\\\/05\\\/KE_CapdAntibes_2_QubicaFlat_Kolibrie_KedryPlus.jpg\",\"datePublished\":\"2019-06-07T10:59:05+00:00\",\"dateModified\":\"2019-10-22T09:18:06+00:00\",\"description\":\"KE offers a wide range of electric outdoor awnings: arm, cassette or drop awnings, to cover both small and large outdoor areas. Find out more about us.\",\"breadcrumb\":{\"@id\":\"https:\\\/\\\/www.keoutdoordesign.com\\\/en-uk\\\/awnings\\\/#breadcrumb\"},\"inLanguage\":\"en-GB\",\"potentialAction\":[{\"@type\":\"ReadAction\",\"target\":[\"https:\\\/\\\/www.keoutdoordesign.com\\\/en-uk\\\/awnings\\\/\"]}]},{\"@type\":\"ImageObject\",\"inLanguage\":\"en-GB\",\"@id\":\"https:\\\/\\\/www.keoutdoordesign.com\\\/en-uk\\\/awnings\\\/#primaryimage\",\"url\":\"https:\\\/\\\/www.keoutdoordesign.com\\\/wp-content\\\/uploads\\\/2019\\\/05\\\/KE_CapdAntibes_2_QubicaFlat_Kolibrie_KedryPlus.jpg\",\"contentUrl\":\"https:\\\/\\\/www.keoutdoordesign.com\\\/wp-content\\\/uploads\\\/2019\\\/05\\\/KE_CapdAntibes_2_QubicaFlat_Kolibrie_KedryPlus.jpg\",\"width\":2000,\"height\":1336,\"caption\":\"Habillez avec \u00e9l\u00e9gance et confort votre terrasse gr\u00e2ce \u00e0 nos produits haut de gamme KE\"},{\"@type\":\"BreadcrumbList\",\"@id\":\"https:\\\/\\\/www.keoutdoordesign.com\\\/en-uk\\\/awnings\\\/#breadcrumb\",\"itemListElement\":[{\"@type\":\"ListItem\",\"position\":1,\"name\":\"Home\",\"item\":\"https:\\\/\\\/www.keoutdoordesign.com\\\/en-uk\\\/\"},{\"@type\":\"ListItem\",\"position\":2,\"name\":\"Awnings\"}]},{\"@type\":\"WebSite\",\"@id\":\"https:\\\/\\\/www.keoutdoordesign.com\\\/it-it\\\/#website\",\"url\":\"https:\\\/\\\/www.keoutdoordesign.com\\\/it-it\\\/\",\"name\":\"KE Outdoor Design\",\"description\":\"Un nuovo sito targato WordPress\",\"publisher\":{\"@id\":\"https:\\\/\\\/www.keoutdoordesign.com\\\/it-it\\\/#organization\"},\"potentialAction\":[{\"@type\":\"SearchAction\",\"target\":{\"@type\":\"EntryPoint\",\"urlTemplate\":\"https:\\\/\\\/www.keoutdoordesign.com\\\/it-it\\\/?s={search_term_string}\"},\"query-input\":{\"@type\":\"PropertyValueSpecification\",\"valueRequired\":true,\"valueName\":\"search_term_string\"}}],\"inLanguage\":\"en-GB\"},{\"@type\":\"Organization\",\"@id\":\"https:\\\/\\\/www.keoutdoordesign.com\\\/it-it\\\/#organization\",\"name\":\"KE Outdoor Design\",\"url\":\"https:\\\/\\\/www.keoutdoordesign.com\\\/it-it\\\/\",\"logo\":{\"@type\":\"ImageObject\",\"inLanguage\":\"en-GB\",\"@id\":\"https:\\\/\\\/www.keoutdoordesign.com\\\/it-it\\\/#\\\/schema\\\/logo\\\/image\\\/\",\"url\":\"https:\\\/\\\/www.keoutdoordesign.com\\\/wp-content\\\/uploads\\\/2020\\\/02\\\/KE-logo-Primary-e1591282842174.jpg\",\"contentUrl\":\"https:\\\/\\\/www.keoutdoordesign.com\\\/wp-content\\\/uploads\\\/2020\\\/02\\\/KE-logo-Primary-e1591282842174.jpg\",\"width\":500,\"height\":396,\"caption\":\"KE Outdoor Design\"},\"image\":{\"@id\":\"https:\\\/\\\/www.keoutdoordesign.com\\\/it-it\\\/#\\\/schema\\\/logo\\\/image\\\/\"},\"sameAs\":[\"https:\\\/\\\/www.facebook.com\\\/keoutdoordesign.us\",\"https:\\\/\\\/x.com\\\/keoutdoordesign\",\"https:\\\/\\\/www.facebook.com\\\/keoutdoordesign\",\"https:\\\/\\\/www.youtube.com\\\/channel\\\/UCSoMQryJpLqD53bAoZLg2Vg\",\"https:\\\/\\\/www.pinterest.it\\\/keoutdoordesign\\\/\",\"https:\\\/\\\/www.instagram.com\\\/keoutdoordesign\\\/\",\"https:\\\/\\\/www.linkedin.com\\\/company\\\/ke-outdoor-design\\\/\"]}]}<\/script>\n<!-- \/ Yoast SEO Premium plugin. -->","yoast_head_json":{"title":"Outdoor Awnings, Electric Awnings - KE Outdoor Design","description":"KE offers a wide range of electric outdoor awnings: arm, cassette or drop awnings, to cover both small and large outdoor areas. Find out more about us.","robots":{"index":"index","follow":"follow","max-snippet":"max-snippet:-1","max-image-preview":"max-image-preview:large","max-video-preview":"max-video-preview:-1"},"canonical":"https:\/\/www.keoutdoordesign.com\/en-uk\/awnings\/","og_locale":"en_GB","og_type":"article","og_title":"Awnings","og_description":"KE offers a wide range of electric outdoor awnings: arm, cassette or drop awnings, to cover both small and large outdoor areas. Find out more about us.","og_url":"https:\/\/www.keoutdoordesign.com\/en-uk\/awnings\/","og_site_name":"KE Outdoor Design","article_publisher":"https:\/\/www.facebook.com\/keoutdoordesign.us","article_modified_time":"2019-10-22T09:18:06+00:00","og_image":[{"width":2000,"height":1336,"url":"https:\/\/www.keoutdoordesign.com\/wp-content\/uploads\/2019\/05\/KE_CapdAntibes_2_QubicaFlat_Kolibrie_KedryPlus.jpg","type":"image\/jpeg"}],"twitter_card":"summary_large_image","twitter_site":"@keoutdoordesign","schema":{"@context":"https:\/\/schema.org","@graph":[{"@type":"WebPage","@id":"https:\/\/www.keoutdoordesign.com\/en-uk\/awnings\/","url":"https:\/\/www.keoutdoordesign.com\/en-uk\/awnings\/","name":"Outdoor Awnings, Electric Awnings - KE Outdoor Design","isPartOf":{"@id":"https:\/\/www.keoutdoordesign.com\/it-it\/#website"},"primaryImageOfPage":{"@id":"https:\/\/www.keoutdoordesign.com\/en-uk\/awnings\/#primaryimage"},"image":{"@id":"https:\/\/www.keoutdoordesign.com\/en-uk\/awnings\/#primaryimage"},"thumbnailUrl":"https:\/\/www.keoutdoordesign.com\/wp-content\/uploads\/2019\/05\/KE_CapdAntibes_2_QubicaFlat_Kolibrie_KedryPlus.jpg","datePublished":"2019-06-07T10:59:05+00:00","dateModified":"2019-10-22T09:18:06+00:00","description":"KE offers a wide range of electric outdoor awnings: arm, cassette or drop awnings, to cover both small and large outdoor areas. Find out more about us.","breadcrumb":{"@id":"https:\/\/www.keoutdoordesign.com\/en-uk\/awnings\/#breadcrumb"},"inLanguage":"en-GB","potentialAction":[{"@type":"ReadAction","target":["https:\/\/www.keoutdoordesign.com\/en-uk\/awnings\/"]}]},{"@type":"ImageObject","inLanguage":"en-GB","@id":"https:\/\/www.keoutdoordesign.com\/en-uk\/awnings\/#primaryimage","url":"https:\/\/www.keoutdoordesign.com\/wp-content\/uploads\/2019\/05\/KE_CapdAntibes_2_QubicaFlat_Kolibrie_KedryPlus.jpg","contentUrl":"https:\/\/www.keoutdoordesign.com\/wp-content\/uploads\/2019\/05\/KE_CapdAntibes_2_QubicaFlat_Kolibrie_KedryPlus.jpg","width":2000,"height":1336,"caption":"Habillez avec \u00e9l\u00e9gance et confort votre terrasse gr\u00e2ce \u00e0 nos produits haut de gamme KE"},{"@type":"BreadcrumbList","@id":"https:\/\/www.keoutdoordesign.com\/en-uk\/awnings\/#breadcrumb","itemListElement":[{"@type":"ListItem","position":1,"name":"Home","item":"https:\/\/www.keoutdoordesign.com\/en-uk\/"},{"@type":"ListItem","position":2,"name":"Awnings"}]},{"@type":"WebSite","@id":"https:\/\/www.keoutdoordesign.com\/it-it\/#website","url":"https:\/\/www.keoutdoordesign.com\/it-it\/","name":"KE Outdoor Design","description":"Un nuovo sito targato WordPress","publisher":{"@id":"https:\/\/www.keoutdoordesign.com\/it-it\/#organization"},"potentialAction":[{"@type":"SearchAction","target":{"@type":"EntryPoint","urlTemplate":"https:\/\/www.keoutdoordesign.com\/it-it\/?s={search_term_string}"},"query-input":{"@type":"PropertyValueSpecification","valueRequired":true,"valueName":"search_term_string"}}],"inLanguage":"en-GB"},{"@type":"Organization","@id":"https:\/\/www.keoutdoordesign.com\/it-it\/#organization","name":"KE Outdoor Design","url":"https:\/\/www.keoutdoordesign.com\/it-it\/","logo":{"@type":"ImageObject","inLanguage":"en-GB","@id":"https:\/\/www.keoutdoordesign.com\/it-it\/#\/schema\/logo\/image\/","url":"https:\/\/www.keoutdoordesign.com\/wp-content\/uploads\/2020\/02\/KE-logo-Primary-e1591282842174.jpg","contentUrl":"https:\/\/www.keoutdoordesign.com\/wp-content\/uploads\/2020\/02\/KE-logo-Primary-e1591282842174.jpg","width":500,"height":396,"caption":"KE Outdoor Design"},"image":{"@id":"https:\/\/www.keoutdoordesign.com\/it-it\/#\/schema\/logo\/image\/"},"sameAs":["https:\/\/www.facebook.com\/keoutdoordesign.us","https:\/\/x.com\/keoutdoordesign","https:\/\/www.facebook.com\/keoutdoordesign","https:\/\/www.youtube.com\/channel\/UCSoMQryJpLqD53bAoZLg2Vg","https:\/\/www.pinterest.it\/keoutdoordesign\/","https:\/\/www.instagram.com\/keoutdoordesign\/","https:\/\/www.linkedin.com\/company\/ke-outdoor-design\/"]}]}},"_links":{"self":[{"href":"https:\/\/www.keoutdoordesign.com\/en-uk\/wp-json\/wp\/v2\/pages\/4844","targetHints":{"allow":["GET"]}}],"collection":[{"href":"https:\/\/www.keoutdoordesign.com\/en-uk\/wp-json\/wp\/v2\/pages"}],"about":[{"href":"https:\/\/www.keoutdoordesign.com\/en-uk\/wp-json\/wp\/v2\/types\/page"}],"author":[{"embeddable":true,"href":"https:\/\/www.keoutdoordesign.com\/en-uk\/wp-json\/wp\/v2\/users\/10608"}],"replies":[{"embeddable":true,"href":"https:\/\/www.keoutdoordesign.com\/en-uk\/wp-json\/wp\/v2\/comments?post=4844"}],"version-history":[{"count":4,"href":"https:\/\/www.keoutdoordesign.com\/en-uk\/wp-json\/wp\/v2\/pages\/4844\/revisions"}],"predecessor-version":[{"id":16641,"href":"https:\/\/www.keoutdoordesign.com\/en-uk\/wp-json\/wp\/v2\/pages\/4844\/revisions\/16641"}],"wp:featuredmedia":[{"embeddable":true,"href":"https:\/\/www.keoutdoordesign.com\/en-uk\/wp-json\/wp\/v2\/media\/748"}],"wp:attachment":[{"href":"https:\/\/www.keoutdoordesign.com\/en-uk\/wp-json\/wp\/v2\/media?parent=4844"}],"curies":[{"name":"wp","href":"https:\/\/api.w.org\/{rel}","templated":true}]}}