{"id":9603,"date":"2019-06-24T11:02:17","date_gmt":"2019-06-24T09:02:17","guid":{"rendered":"http:\/\/ke.itpowernet.it\/?page_id=9603"},"modified":"2023-08-04T16:58:49","modified_gmt":"2023-08-04T14:58:49","slug":"nachhaltigkeit-bei-ke","status":"publish","type":"page","link":"https:\/\/www.keoutdoordesign.com\/de-de\/unternehmen\/nachhaltigkeit-bei-ke\/","title":{"rendered":"Nachhaltigkeit bei KE"},"content":{"rendered":"<p>Zeit im Freien und auch in den Au\u00dfenbereichen unseres Hauses zu verbringen &#8211; unabh\u00e4ngig davon, ob es sich um eine Terrasse oder einen Garten handelt- erm\u00f6glicht es uns, den Kontakt mit der Natur und unserer <strong>\u201egr\u00fcneren&#8220; Seele<\/strong> aufrechtzuerhalten.<\/p>\n<p>KE hat sich seit jeher besonders mit dem Thema <strong>Umweltvertr\u00e4glichkeit<\/strong> und der Nutzung <strong>erneuerbarer und sicherer Energien<\/strong> besch\u00e4ftigt, wobei die Umwelt um uns herum unter gr\u00f6\u00dfter Aufmerksamkeit gesch\u00fctzt wird.<\/p>\n<p>Schauen wir uns einige konkrete Beispiele an:<\/p>\n<p>&nbsp;<\/p>\n<ul>\n<li><strong>Die Verwendung von Aluminium: Ein best\u00e4ndiges Material<\/strong><\/li>\n<\/ul>\n<p>Vor kurzem wurde das Konzept des <strong>best\u00e4ndigen Materials <\/strong>eingef\u00fchrt, bzw. eines Materials, das nicht konsumiert wird, sondern immer wieder unbegrenzt benutzt werden kann. Aluminium ist ein Metall f\u00fcr den allgemeinen Gebrauch &#8211; seit dem 19. Jahrhundert wird es aus Bauxitgestein gewonnen &#8211; es wird dank seiner Anpassungs- und Widerstandsf\u00e4higkeit vielseitig in verschiedenen Bereichen eingesetzt (Bauwesen, Konsumg\u00fcter, Transport; Verpackungen&#8230;).<\/p>\n<p>In den letzten Jahrzehnten widmete man auch dem <strong>Recycling der schon existierenden Aluminiumressourcen <\/strong>viel Aufmerksamkeit, n\u00e4mlich unter dem Gesichtspunkt Unmengen an Wasser und Energie bei der Gewinnung und Verarbeitung von Aliminium zu sparen, au\u00dferdem auch den Lebenskreislauf dieses Metalles zu schlie\u00dfen, das unendliche Male zu 100% recycelbar ist.<\/p>\n<p>F\u00fcr unseren Sonnenschutz <strong>haben wir Aluminium gew\u00e4hlt, weil:<\/strong><\/p>\n<ul>\n<li>Es recycelt werden kann, ohne dass es seine Eigenschaften verliert und dabei so wenig Auswirkungen wie m\u00f6glich auf die Umwelt hat.<\/li>\n<li>Es einen geschlossenen Kreislauf hat, da es unendliche Male wiederverwendet werden kann.<\/li>\n<li>Es eine immer verf\u00fcgbare Ressource ist.<\/li>\n<\/ul>\n<p>Aus diesen Gr\u00fcnden werden die Markisen und Pergolen von KE aus Aluminium-Bestandteilen hergestellt, dem <strong>Material \u201egreen&#8220;<\/strong> <strong>schlechthin.<\/strong><\/p>\n<p>&nbsp;<\/p>\n<ul>\n<li><strong>Wiederverwendung von Textilabf\u00e4llen zur Erreichung der Ziele f\u00fcr nachhaltige Entwicklung<\/strong><\/li>\n<\/ul>\n<p>Die Lebensdauer der Gewebefasern kann ebenfalls verl\u00e4ngert sein: <strong>f\u00fcr jeden hergestellten Markise etwa 10% des Stoffes wird zu Abfall, ein Aspekt, der KE sehr am Herzen liegt.<\/strong><br \/>\nDas Unternehmer m\u00f6chtet Markisen und Pergolen seinen Kunden anbieten, die vollst\u00e4ndig aus einer gr\u00fcnen Perspektive hergestellt wurden.<\/p>\n<p>Dadurch die Idee, ein Konsortium zwischen den Hauptunternehmer von Sonnenschutzprodukten zu gr\u00fcnden, um diese Stoffreste zur\u00fcckgewinnen durch die Herstellung eines recycelten Gewebes wie &#8211; <strong>Raytent von Giovanardi<\/strong> &#8211; das erste Gewebe das vollst\u00e4ndig aus Reste von Acryl-Textilien hergestellt wurde.<\/p>\n<p style=\"text-align: center;\"><img fetchpriority=\"high\" decoding=\"async\" class=\"alignnone size-medium wp-image-20101\" src=\"https:\/\/www.keoutdoordesign.com\/wp-content\/uploads\/2020\/04\/KE_prodotto_04_LOW-300x300.jpg\" alt=\"\" width=\"300\" height=\"300\" srcset=\"https:\/\/www.keoutdoordesign.com\/wp-content\/uploads\/2020\/04\/KE_prodotto_04_LOW-300x300.jpg 300w, https:\/\/www.keoutdoordesign.com\/wp-content\/uploads\/2020\/04\/KE_prodotto_04_LOW-150x150.jpg 150w, https:\/\/www.keoutdoordesign.com\/wp-content\/uploads\/2020\/04\/KE_prodotto_04_LOW-768x768.jpg 768w, https:\/\/www.keoutdoordesign.com\/wp-content\/uploads\/2020\/04\/KE_prodotto_04_LOW-1024x1024.jpg 1024w, https:\/\/www.keoutdoordesign.com\/wp-content\/uploads\/2020\/04\/KE_prodotto_04_LOW.jpg 1200w\" sizes=\"(max-width: 300px) 100vw, 300px\" \/><\/p>\n<p>Raytent-Gewebe besteht zu 100% aus spinnd\u00fcsengef\u00e4rbten Acrylfasern, 50% davon aus dem mechanischen Recycling von Herstellungsabf\u00e4llen. Die massengef\u00e4rbten Acrylgeweben sind nach den Grunds\u00e4tzen der gr\u00fcnen Wirtschaft zur Begrenzung der Umweltbelastung entwickelt, produziert unter Einhaltung der Reduzierung der CO2-Emissionen und gleichzeitigen Reduzierung des Einsatzes von Chemikalien und Wasser.<\/p>\n<p>KE \u00fcbernimmt und teilt das Engagement bei dem Aufbau einer Synergie zwischen neuen sauberen L\u00f6sungen f\u00fcr den gesamten Herstellungsprozess der Lieferkette und der maximalen Produktleistung. Themen wie \u00f6kologische Nachhaltigkeit und Kreislaufwirtschaft sind f\u00fcr KE an vorderster Front ohne zu vergessen und gew\u00e4hrleisten die Liebe zum Detail f\u00fcr alle Outdoor-L\u00f6sungen.<\/p>\n<p>&nbsp;<\/p>\n<ul>\n<li><strong>Die Zertifizierung ISO 14001<\/strong><\/li>\n<\/ul>\n<p>KE verf\u00fcgt \u00fcber die <strong>Zertifizierung ISO 14001 <\/strong>f\u00fcr das Umweltmanagement, um \u00fcberwachen zu k\u00f6nnen, welche Auswirkungen unsere Aktivit\u00e4ten auf die Umwelt haben, indem wir systematisch nach einer koh\u00e4renten, effizienten und vor allem nachhaltigen Verbesserung suchen.<\/p>\n<p>Einige der in der Zertifizierung enthaltenen Aspekte betreffen die Emissionen in die Atmosph\u00e4re (z.B. durch Schwei\u00dfanlagen oder Lackieren), Abwasserableitungen, gef\u00e4hrlichen Stoffe, (normgerechte Kennzeichnung, sicherer Transport, etc.) und die gef\u00e4hrlichen Abf\u00e4lle (z.B. Alt\u00f6le, Lackreste, etc&#8230;).<\/p>\n<p>Eine zus\u00e4tzliche Sicherheitsma\u00dfnahme, die mit gr\u00f6\u00dfter Sorgfalt gegen\u00fcber dem Gebiet und der Umwelt unsere Arbeit pr\u00e4gte.<\/p>\n<p>&nbsp;<\/p>\n<ul>\n<li><strong>M\u00fcllsammelstelle f\u00fcr Elektronikschrott, um die Abfallverwertung zu optimieren<\/strong><\/li>\n<\/ul>\n<p>KE &#8211; als ein Unternehmen der BAT-Group &#8211; ist bei einem <strong>Kreis der Wiedergewinnung von Elektronikschrott<\/strong> eingetragen. Worum geht es?<\/p>\n<p>Die Hauptproblematiken der Entsorgung dieser Abf\u00e4lle entstehen durch die Art der Materialien, aus denen sie zusammengesetzt sind: Blei, Quecksilber, Kunststoff, Kupfer, Eisen, etc.<\/p>\n<p>Aus diesem Grund haben wir uns einem darauf spezialisierten Konsortium anvertraut, das diese Abf\u00e4lle mit den richtigen Werkzeugen behandelt, indem es ihre Auswirkungen auf die Umwelt vermindert und dazu beitr\u00e4gt, dass die Ressourcen wiederverwendet werden, die aus diesen zerlegten Objekten wiedergewonnen werden k\u00f6nnen.<\/p>\n","protected":false},"excerpt":{"rendered":"<p>Zeit im Freien und auch in den Au\u00dfenbereichen unseres Hauses zu verbringen &#8211; unabh\u00e4ngig davon, ob es sich um eine&hellip;<\/p>\n","protected":false},"author":10608,"featured_media":20154,"parent":3835,"menu_order":0,"comment_status":"closed","ping_status":"closed","template":"","meta":{"_acf_changed":false,"footnotes":""},"class_list":["post-9603","page","type-page","status-publish","has-post-thumbnail","hentry"],"acf":[],"yoast_head":"<!-- This site is optimized with the Yoast SEO Premium plugin v20.12 (Yoast SEO v27.3) - https:\/\/yoast.com\/product\/yoast-seo-premium-wordpress\/ -->\n<title>Unternehmensstrategie f\u00fcr Nachhaltigkeit | KE Outdoor Design<\/title>\n<meta name=\"description\" content=\"In unserer Unternehmensphilosophie sind \u00f6kologische Nachhaltigkeit und erneuerbare Energiequellen Schwerpunkt. Entdecken Sie unsere Zertifizierungen!\" \/>\n<meta name=\"robots\" content=\"index, follow, max-snippet:-1, max-image-preview:large, max-video-preview:-1\" \/>\n<link rel=\"canonical\" href=\"https:\/\/www.keoutdoordesign.com\/de-de\/unternehmen\/nachhaltigkeit-bei-ke\/\" \/>\n<meta property=\"og:locale\" content=\"de_DE\" \/>\n<meta property=\"og:type\" content=\"article\" \/>\n<meta property=\"og:title\" content=\"Nachhaltigkeit bei KE\" \/>\n<meta property=\"og:description\" content=\"In unserer Unternehmensphilosophie sind \u00f6kologische Nachhaltigkeit und erneuerbare Energiequellen Schwerpunkt. Entdecken Sie unsere Zertifizierungen!\" \/>\n<meta property=\"og:url\" content=\"https:\/\/www.keoutdoordesign.com\/de-de\/unternehmen\/nachhaltigkeit-bei-ke\/\" \/>\n<meta property=\"og:site_name\" content=\"KE Outdoor Design\" \/>\n<meta property=\"article:publisher\" content=\"https:\/\/www.facebook.com\/keoutdoordesign.us\" \/>\n<meta property=\"article:modified_time\" content=\"2023-08-04T14:58:49+00:00\" \/>\n<meta property=\"og:image\" content=\"https:\/\/www.keoutdoordesign.com\/wp-content\/uploads\/2020\/04\/KE_cover_green_02.jpg\" \/>\n\t<meta property=\"og:image:width\" content=\"1400\" \/>\n\t<meta property=\"og:image:height\" content=\"650\" \/>\n\t<meta property=\"og:image:type\" content=\"image\/jpeg\" \/>\n<meta name=\"twitter:card\" content=\"summary_large_image\" \/>\n<meta name=\"twitter:site\" content=\"@keoutdoordesign\" \/>\n<script type=\"application\/ld+json\" class=\"yoast-schema-graph\">{\"@context\":\"https:\\\/\\\/schema.org\",\"@graph\":[{\"@type\":\"WebPage\",\"@id\":\"https:\\\/\\\/www.keoutdoordesign.com\\\/de-de\\\/unternehmen\\\/nachhaltigkeit-bei-ke\\\/\",\"url\":\"https:\\\/\\\/www.keoutdoordesign.com\\\/de-de\\\/unternehmen\\\/nachhaltigkeit-bei-ke\\\/\",\"name\":\"Unternehmensstrategie f\u00fcr Nachhaltigkeit | KE Outdoor Design\",\"isPartOf\":{\"@id\":\"https:\\\/\\\/www.keoutdoordesign.com\\\/it-it\\\/#website\"},\"primaryImageOfPage\":{\"@id\":\"https:\\\/\\\/www.keoutdoordesign.com\\\/de-de\\\/unternehmen\\\/nachhaltigkeit-bei-ke\\\/#primaryimage\"},\"image\":{\"@id\":\"https:\\\/\\\/www.keoutdoordesign.com\\\/de-de\\\/unternehmen\\\/nachhaltigkeit-bei-ke\\\/#primaryimage\"},\"thumbnailUrl\":\"https:\\\/\\\/www.keoutdoordesign.com\\\/wp-content\\\/uploads\\\/2020\\\/04\\\/KE_cover_green_02.jpg\",\"datePublished\":\"2019-06-24T09:02:17+00:00\",\"dateModified\":\"2023-08-04T14:58:49+00:00\",\"description\":\"In unserer Unternehmensphilosophie sind \u00f6kologische Nachhaltigkeit und erneuerbare Energiequellen Schwerpunkt. Entdecken Sie unsere Zertifizierungen!\",\"breadcrumb\":{\"@id\":\"https:\\\/\\\/www.keoutdoordesign.com\\\/de-de\\\/unternehmen\\\/nachhaltigkeit-bei-ke\\\/#breadcrumb\"},\"inLanguage\":\"de\",\"potentialAction\":[{\"@type\":\"ReadAction\",\"target\":[\"https:\\\/\\\/www.keoutdoordesign.com\\\/de-de\\\/unternehmen\\\/nachhaltigkeit-bei-ke\\\/\"]}]},{\"@type\":\"ImageObject\",\"inLanguage\":\"de\",\"@id\":\"https:\\\/\\\/www.keoutdoordesign.com\\\/de-de\\\/unternehmen\\\/nachhaltigkeit-bei-ke\\\/#primaryimage\",\"url\":\"https:\\\/\\\/www.keoutdoordesign.com\\\/wp-content\\\/uploads\\\/2020\\\/04\\\/KE_cover_green_02.jpg\",\"contentUrl\":\"https:\\\/\\\/www.keoutdoordesign.com\\\/wp-content\\\/uploads\\\/2020\\\/04\\\/KE_cover_green_02.jpg\",\"width\":1400,\"height\":650,\"caption\":\"KE Outdoor Cover\"},{\"@type\":\"BreadcrumbList\",\"@id\":\"https:\\\/\\\/www.keoutdoordesign.com\\\/de-de\\\/unternehmen\\\/nachhaltigkeit-bei-ke\\\/#breadcrumb\",\"itemListElement\":[{\"@type\":\"ListItem\",\"position\":1,\"name\":\"Home\",\"item\":\"https:\\\/\\\/www.keoutdoordesign.com\\\/de-de\\\/\"},{\"@type\":\"ListItem\",\"position\":2,\"name\":\"Unternehmen\",\"item\":\"https:\\\/\\\/www.keoutdoordesign.com\\\/de-de\\\/unternehmen\\\/\"},{\"@type\":\"ListItem\",\"position\":3,\"name\":\"Nachhaltigkeit bei KE\"}]},{\"@type\":\"WebSite\",\"@id\":\"https:\\\/\\\/www.keoutdoordesign.com\\\/it-it\\\/#website\",\"url\":\"https:\\\/\\\/www.keoutdoordesign.com\\\/it-it\\\/\",\"name\":\"KE Outdoor Design\",\"description\":\"Un nuovo sito targato WordPress\",\"publisher\":{\"@id\":\"https:\\\/\\\/www.keoutdoordesign.com\\\/it-it\\\/#organization\"},\"potentialAction\":[{\"@type\":\"SearchAction\",\"target\":{\"@type\":\"EntryPoint\",\"urlTemplate\":\"https:\\\/\\\/www.keoutdoordesign.com\\\/it-it\\\/?s={search_term_string}\"},\"query-input\":{\"@type\":\"PropertyValueSpecification\",\"valueRequired\":true,\"valueName\":\"search_term_string\"}}],\"inLanguage\":\"de\"},{\"@type\":\"Organization\",\"@id\":\"https:\\\/\\\/www.keoutdoordesign.com\\\/it-it\\\/#organization\",\"name\":\"KE Outdoor Design\",\"url\":\"https:\\\/\\\/www.keoutdoordesign.com\\\/it-it\\\/\",\"logo\":{\"@type\":\"ImageObject\",\"inLanguage\":\"de\",\"@id\":\"https:\\\/\\\/www.keoutdoordesign.com\\\/it-it\\\/#\\\/schema\\\/logo\\\/image\\\/\",\"url\":\"https:\\\/\\\/www.keoutdoordesign.com\\\/wp-content\\\/uploads\\\/2020\\\/02\\\/KE-logo-Primary-e1591282842174.jpg\",\"contentUrl\":\"https:\\\/\\\/www.keoutdoordesign.com\\\/wp-content\\\/uploads\\\/2020\\\/02\\\/KE-logo-Primary-e1591282842174.jpg\",\"width\":500,\"height\":396,\"caption\":\"KE Outdoor Design\"},\"image\":{\"@id\":\"https:\\\/\\\/www.keoutdoordesign.com\\\/it-it\\\/#\\\/schema\\\/logo\\\/image\\\/\"},\"sameAs\":[\"https:\\\/\\\/www.facebook.com\\\/keoutdoordesign.us\",\"https:\\\/\\\/x.com\\\/keoutdoordesign\",\"https:\\\/\\\/www.facebook.com\\\/keoutdoordesign\",\"https:\\\/\\\/www.youtube.com\\\/channel\\\/UCSoMQryJpLqD53bAoZLg2Vg\",\"https:\\\/\\\/www.pinterest.it\\\/keoutdoordesign\\\/\",\"https:\\\/\\\/www.instagram.com\\\/keoutdoordesign\\\/\",\"https:\\\/\\\/www.linkedin.com\\\/company\\\/ke-outdoor-design\\\/\"]}]}<\/script>\n<!-- \/ Yoast SEO Premium plugin. -->","yoast_head_json":{"title":"Unternehmensstrategie f\u00fcr Nachhaltigkeit | KE Outdoor Design","description":"In unserer Unternehmensphilosophie sind \u00f6kologische Nachhaltigkeit und erneuerbare Energiequellen Schwerpunkt. Entdecken Sie unsere Zertifizierungen!","robots":{"index":"index","follow":"follow","max-snippet":"max-snippet:-1","max-image-preview":"max-image-preview:large","max-video-preview":"max-video-preview:-1"},"canonical":"https:\/\/www.keoutdoordesign.com\/de-de\/unternehmen\/nachhaltigkeit-bei-ke\/","og_locale":"de_DE","og_type":"article","og_title":"Nachhaltigkeit bei KE","og_description":"In unserer Unternehmensphilosophie sind \u00f6kologische Nachhaltigkeit und erneuerbare Energiequellen Schwerpunkt. Entdecken Sie unsere Zertifizierungen!","og_url":"https:\/\/www.keoutdoordesign.com\/de-de\/unternehmen\/nachhaltigkeit-bei-ke\/","og_site_name":"KE Outdoor Design","article_publisher":"https:\/\/www.facebook.com\/keoutdoordesign.us","article_modified_time":"2023-08-04T14:58:49+00:00","og_image":[{"width":1400,"height":650,"url":"https:\/\/www.keoutdoordesign.com\/wp-content\/uploads\/2020\/04\/KE_cover_green_02.jpg","type":"image\/jpeg"}],"twitter_card":"summary_large_image","twitter_site":"@keoutdoordesign","schema":{"@context":"https:\/\/schema.org","@graph":[{"@type":"WebPage","@id":"https:\/\/www.keoutdoordesign.com\/de-de\/unternehmen\/nachhaltigkeit-bei-ke\/","url":"https:\/\/www.keoutdoordesign.com\/de-de\/unternehmen\/nachhaltigkeit-bei-ke\/","name":"Unternehmensstrategie f\u00fcr Nachhaltigkeit | KE Outdoor Design","isPartOf":{"@id":"https:\/\/www.keoutdoordesign.com\/it-it\/#website"},"primaryImageOfPage":{"@id":"https:\/\/www.keoutdoordesign.com\/de-de\/unternehmen\/nachhaltigkeit-bei-ke\/#primaryimage"},"image":{"@id":"https:\/\/www.keoutdoordesign.com\/de-de\/unternehmen\/nachhaltigkeit-bei-ke\/#primaryimage"},"thumbnailUrl":"https:\/\/www.keoutdoordesign.com\/wp-content\/uploads\/2020\/04\/KE_cover_green_02.jpg","datePublished":"2019-06-24T09:02:17+00:00","dateModified":"2023-08-04T14:58:49+00:00","description":"In unserer Unternehmensphilosophie sind \u00f6kologische Nachhaltigkeit und erneuerbare Energiequellen Schwerpunkt. Entdecken Sie unsere Zertifizierungen!","breadcrumb":{"@id":"https:\/\/www.keoutdoordesign.com\/de-de\/unternehmen\/nachhaltigkeit-bei-ke\/#breadcrumb"},"inLanguage":"de","potentialAction":[{"@type":"ReadAction","target":["https:\/\/www.keoutdoordesign.com\/de-de\/unternehmen\/nachhaltigkeit-bei-ke\/"]}]},{"@type":"ImageObject","inLanguage":"de","@id":"https:\/\/www.keoutdoordesign.com\/de-de\/unternehmen\/nachhaltigkeit-bei-ke\/#primaryimage","url":"https:\/\/www.keoutdoordesign.com\/wp-content\/uploads\/2020\/04\/KE_cover_green_02.jpg","contentUrl":"https:\/\/www.keoutdoordesign.com\/wp-content\/uploads\/2020\/04\/KE_cover_green_02.jpg","width":1400,"height":650,"caption":"KE Outdoor Cover"},{"@type":"BreadcrumbList","@id":"https:\/\/www.keoutdoordesign.com\/de-de\/unternehmen\/nachhaltigkeit-bei-ke\/#breadcrumb","itemListElement":[{"@type":"ListItem","position":1,"name":"Home","item":"https:\/\/www.keoutdoordesign.com\/de-de\/"},{"@type":"ListItem","position":2,"name":"Unternehmen","item":"https:\/\/www.keoutdoordesign.com\/de-de\/unternehmen\/"},{"@type":"ListItem","position":3,"name":"Nachhaltigkeit bei KE"}]},{"@type":"WebSite","@id":"https:\/\/www.keoutdoordesign.com\/it-it\/#website","url":"https:\/\/www.keoutdoordesign.com\/it-it\/","name":"KE Outdoor Design","description":"Un nuovo sito targato WordPress","publisher":{"@id":"https:\/\/www.keoutdoordesign.com\/it-it\/#organization"},"potentialAction":[{"@type":"SearchAction","target":{"@type":"EntryPoint","urlTemplate":"https:\/\/www.keoutdoordesign.com\/it-it\/?s={search_term_string}"},"query-input":{"@type":"PropertyValueSpecification","valueRequired":true,"valueName":"search_term_string"}}],"inLanguage":"de"},{"@type":"Organization","@id":"https:\/\/www.keoutdoordesign.com\/it-it\/#organization","name":"KE Outdoor Design","url":"https:\/\/www.keoutdoordesign.com\/it-it\/","logo":{"@type":"ImageObject","inLanguage":"de","@id":"https:\/\/www.keoutdoordesign.com\/it-it\/#\/schema\/logo\/image\/","url":"https:\/\/www.keoutdoordesign.com\/wp-content\/uploads\/2020\/02\/KE-logo-Primary-e1591282842174.jpg","contentUrl":"https:\/\/www.keoutdoordesign.com\/wp-content\/uploads\/2020\/02\/KE-logo-Primary-e1591282842174.jpg","width":500,"height":396,"caption":"KE Outdoor Design"},"image":{"@id":"https:\/\/www.keoutdoordesign.com\/it-it\/#\/schema\/logo\/image\/"},"sameAs":["https:\/\/www.facebook.com\/keoutdoordesign.us","https:\/\/x.com\/keoutdoordesign","https:\/\/www.facebook.com\/keoutdoordesign","https:\/\/www.youtube.com\/channel\/UCSoMQryJpLqD53bAoZLg2Vg","https:\/\/www.pinterest.it\/keoutdoordesign\/","https:\/\/www.instagram.com\/keoutdoordesign\/","https:\/\/www.linkedin.com\/company\/ke-outdoor-design\/"]}]}},"_links":{"self":[{"href":"https:\/\/www.keoutdoordesign.com\/de-de\/wp-json\/wp\/v2\/pages\/9603","targetHints":{"allow":["GET"]}}],"collection":[{"href":"https:\/\/www.keoutdoordesign.com\/de-de\/wp-json\/wp\/v2\/pages"}],"about":[{"href":"https:\/\/www.keoutdoordesign.com\/de-de\/wp-json\/wp\/v2\/types\/page"}],"author":[{"embeddable":true,"href":"https:\/\/www.keoutdoordesign.com\/de-de\/wp-json\/wp\/v2\/users\/10608"}],"replies":[{"embeddable":true,"href":"https:\/\/www.keoutdoordesign.com\/de-de\/wp-json\/wp\/v2\/comments?post=9603"}],"version-history":[{"count":7,"href":"https:\/\/www.keoutdoordesign.com\/de-de\/wp-json\/wp\/v2\/pages\/9603\/revisions"}],"predecessor-version":[{"id":28541,"href":"https:\/\/www.keoutdoordesign.com\/de-de\/wp-json\/wp\/v2\/pages\/9603\/revisions\/28541"}],"up":[{"embeddable":true,"href":"https:\/\/www.keoutdoordesign.com\/de-de\/wp-json\/wp\/v2\/pages\/3835"}],"wp:featuredmedia":[{"embeddable":true,"href":"https:\/\/www.keoutdoordesign.com\/de-de\/wp-json\/wp\/v2\/media\/20154"}],"wp:attachment":[{"href":"https:\/\/www.keoutdoordesign.com\/de-de\/wp-json\/wp\/v2\/media?parent=9603"}],"curies":[{"name":"wp","href":"https:\/\/api.w.org\/{rel}","templated":true}]}}