{"id":8029,"date":"2019-06-13T17:03:58","date_gmt":"2019-06-13T15:03:58","guid":{"rendered":"http:\/\/ke.itpowernet.it\/?page_id=8029"},"modified":"2021-02-22T14:54:00","modified_gmt":"2021-02-22T13:54:00","slug":"impressum","status":"publish","type":"page","link":"https:\/\/www.keoutdoordesign.com\/de-de\/unternehmen\/impressum\/","title":{"rendered":"Impressum"},"content":{"rendered":"<p>Zugang und Gebrauch der vorliegenden Webseite und jedwedem zu dieser in Verbindung stehenden Internetraums, ist Gegenstand der folgenden, allgemeinen Gesch\u00e4ftsbedingungen, und unterliegen anwendbarem Gesetz.<br \/>\nDie vorgenannten, allgemeinen Gesch\u00e4ftsbedingungen m\u00fcssen vor dem Zugang zur Webseite aufmerksam gelesen werden.<br \/>\nIndem man sich in die vorliegende Webseite einloggt, werden automatisch und vorbehaltlos die allgemeinen Gesch\u00e4ftsbedingungen akzeptiert und jedes andere Abkommen zwischen dem Benutzer der Webseite und KE PROTEZIONI SOLARI SRL- Noventa di Piave (Ve) und\/oder jede andere Tochterfirma versteht sich bar jeder Haftung und durch im Folgenden Aufgef\u00fchrtes vertreten.<\/p>\n<p>KE PROTEZIONI SOLARI SRL- Noventa di Piave (Ve) und\/oder jedes andere Mitglied hat das Recht die allgemeinen Gesch\u00e4ftsbedingungen jederzeit zu \u00fcberpr\u00fcfen und die vorliegende Ver\u00f6ffentlichung zu aktualisieren.<br \/>\nDer Benutzer der Webseite ist an Modifizierungen jeder Art gebunden und so angehalten, die vorliegende Seite in regelm\u00e4\u00dfigen Abst\u00e4nden zu besuchen, um sich \u00fcber die aktuellen, allgemeinen Gesch\u00e4ftsbedingungen, an die er gebunden ist, auf dem neuesten Stand zu halten.<\/p>\n<p>Copyright und geistiges Eigentum.<\/p>\n<p>KE PROTEZIONI SOLARI SRL- Noventa di Piave (Ve) und\/oder jede seiner Tochterfirmen behalten sich, diese Webseite betreffend, alle Rechte sowohl relative Autorenrechte, als auch die Rechte auf geistiges Eigentum und damit im Zusammenhang Stehendes bevor.<br \/>\nDiese beziehen sich auf Design, Struktur, Logo, Texte, Bilder, T\u00f6ne, Animationen und Videos, sind aber nicht nur ausschlie\u00dflich auf diese beschr\u00e4nkt. Jede Verbesserung oder Ver\u00e4nderung dieser Inhalte, oder jede daraus abgeleitete Arbeit wie Sammeln, Ordnen und Assembling derselben in dieser Webseite enthaltenen Inhalte sind ausschlie\u00dfliches Eigentum der KE PROTEZIONI SOLARI SRL- Noventa di Piave (Ve) und ist vor nationalem und internationalem Copyright durch jedes anwendbare Gesetz f\u00fcr geistiges Eigentum gesch\u00fctzt.<br \/>\nDie gesamte benutzte Software dieser Webseite ist Eigentum der KE PROTEZIONI SOLARI SRL- Noventa di Piave (Ve) oder der Softwareanbieter und dieses Eigentum ist vor nationalem und internationalem Copyright durch jedes anwendbare Gesetz f\u00fcr geistiges Eigentum gesch\u00fctzt.<br \/>\nDie Inhalte der vorliegenden Webseite k\u00f6nnen nicht kopiert, ver\u00e4ndert, weitergegeben oder Dritten zum kommerziellen oder privaten Gebrauch ohne vorherige schriftliche Einverst\u00e4ndniserkl\u00e4rung von KE PROTEZIONI SOLARI SRL- Noventa di Piave (Ve) zug\u00e4nglich gemacht werden.<br \/>\nIn einigen F\u00e4llen sind die Autorenrechte dieser Webseite Eigentum Dritter.<br \/>\nBeim Gew\u00e4hren des Zugangs zur Webseite, kann KE PROTEZIONI SOLARI SRL- Noventa di Piave (Ve) noch keine Berechtigungen oder Rechte das geistige Eigentum betreffend anbieten.<br \/>\nJedes zitierte, nicht in dieser Webseite vorhandene und von KE PROTEZIONI SOLARI SRL- Noventa di Piave (Ve), oder wenn das der Fall ist, von Dritten erworbene Industrie- und Autoreneigentumsrecht ist vorbehaltlos Gegenstand des jeweiligen nationalen und internationalen anwendbaren Rechts, sowie der Rechte und Anspr\u00fcche der jeweiligen, eingetragenen Eigent\u00fcmer, oder der Rechte in dem Fall, wo kein\/e Hinweis\/Nennung in der vorliegenden Webseite erfolgt ist.<\/p>\n<p>Marken<\/p>\n<p>Die kommerziellen- und Servicemarken, Produktbeschreibungen, Firmennamen, sowie in der vorliegenden Webseite gezeigte Logos sind alle von KE PROTEZIONI SOLARI registrierte Marken und Gegenstand geistigen Eigentums. Diese und andere sind folglich durch die Gesetze f\u00fcr geistiges Eigentum gesch\u00fctzt.<br \/>\nDas Beschriebene gilt besonders f\u00fcr die Marke KE PROTEZIONI SOLARI, das Logo KE PROTEZIONI SOLARI, die Namen der Linien, Kollektionen und Produkte von KE.<br \/>\nJede andere Marke, Produktnamen, Firmennamen und in der vorliegenden Webseite sichtbare Logos sind Besitz der jeweiligen Eigent\u00fcmer.<br \/>\nDas Fehlen eines Namens oder identifizierten Logos kann nicht automatisch als ein Zeichen interpretiert werden, dass diese nicht durch anwendbares Recht geistigen Eigentums gesch\u00fctzt sind.<br \/>\nKeiner der Inhalte der vorliegenden Webseite kann aus irgendeinem Grund als Autorisation zum Benutzen der hier vorhandenen Marken interpretiert werden, ohne die spezifische, schriftliche Genehmigung von KE PROTEZIONI SOLARI SRL- Noventa di Piave (Ve) oder Dritter Eigent\u00fcmer besagter Marken. Der unkorrekte Gebrauch der Marken oder jeden anderen Inhalts der vorliegenden Webseite ist, falls er nicht anderweitig durch die allgemeinen Gesch\u00e4ftsbedingungen geregelt wird, streng verboten.<br \/>\nKE PROTEZIONI SOLARI SRL- Noventa di Piave (Ve) wird die eigenen Rechte geistigen Eigentums mit jedem zul\u00e4ssigen Rechtsmittel, falls n\u00f6tig durch Rechtsstreit sch\u00fctzen.<\/p>\n<p>Gebrauch der Webseite<\/p>\n<p>KE PROTEZIONI SOLARI SRL- Noventa di Piave (Ve) stellt die vorliegende Webseite ausschlie\u00dflich zur Information \u00fcber die eigenen Produkte, Serviceleistungen und das Unterhalten von On-line-Kommunikationen zur Verf\u00fcgung.<\/p>\n<p>Der Vertrieb oder kommerzieller Missbrauch der Website oder jedweder ihrer Inhalte ist streng verboten, sei es zur Reproduktion, \u00dcbertragung, Verteilung, Verkauf, Verbreitung, Verkehr, Wiederver\u00f6ffentlichung, Modifikation, Wiedersetzung der Webseite durch Einsch\u00fcbe, \u00e4hnliche Techniken oder Anderes.<\/p>\n<p>Der Gebrauch der Online-Kommunikationsfunktionen der vorliegenden Webseite ist nur f\u00fcr zul\u00e4ssige Zwecke erlaubt und jede Regelzuwiderhandlung und\/oder Verletzung anderer Rechte jeder Art ist streng verboten. KE PROTEZIONI SOLARI SRL- Noventa di Piave (Ve) und\/oder jede seiner Tochterfirmen behalten sich das Recht vor (jedoch ohne Verpflichtungen oder Haftung), jedes Material dieser Art zu beseitigen oder zu verbieten.<\/p>\n<p>KE PROTEZIONI SOLARI SRL- Noventa di Piave (Ve) und\/oder eine seiner Tochterfirmen haben die M\u00f6glichkeit Ihren Zugang zur Webseite oder zu einem ihrer Teile ohne Ank\u00fcndigung in Folge jeden Benehmens, das KE PROTEZIONI SOLARI SRL- Noventa di Piave (Ve) und\/oder jede seiner Tochterfirmen nach eigenen Ermessen f\u00fcr einen Bruch jedweden geltenden Rechts befindet, oder in Folge einer Sch\u00e4digung von KE PROTEZIONI SOLARI SRL- Noventa di Piave (Ve), einer seiner Tochterfirmen oder Dritter nach eigenem Ermessen auszusetzen.<\/p>\n<p>Der Webseitenbenutzer h\u00e4lt KE PROTEZIONI SOLARI SRL- Noventa di Piave (Ve) und\/oder jede seiner Tochterfirmen schadlos gegen\u00fcber Reklamationen und Ersatzanspr\u00fcchen durch Dritte in Folge eines nicht den allgemeinen Gesch\u00e4ftsbedingungen entsprechenden Gebrauchs.<\/p>\n<p>Haftungsbeschr\u00e4nkungen<\/p>\n<p>Der Benutzer akzeptiert, dass er mit eigenem Risiko auf der vorliegenden Webseite surft.<br \/>\nWeder KE PROTEZIONI SOLARI SRL- Noventa di Piave (Ve) noch irgend eine andere, an der Kreation, Erstellung und Informationslieferung der Webseite beteiligte Partei kann f\u00fcr eventuelle, durch Euren Zugang zu dieser Webseite entstandene direkte, unfallhafte, konsequenzielle oder indirekte Sch\u00e4den in Haftung genommen werden.<br \/>\nDiese Webseite und ihre Inhalte werden ohne Garantien irgendeiner Art, weder expliziter, noch unausgesprochener (soweit von geltendem Gesetz vorgesehen, kann eine Ausnahme gemacht sein) einschlie\u00dflich aber nicht ausschlie\u00dflich implizite Garantien f\u00fcr Verkauf, Bef\u00e4higung f\u00fcr spezielle Zwecke oder f\u00fcr Nichtverletzung der Regeln, geliefert.<\/p>\n<p>KE PROTEZIONI SOLARI SRL- Noventa di Piave (Ve) und jede ihrer Mitglieder \u00fcbernehmen keine Haftung bei eventuellen Sch\u00e4den des Computers oder anderer Apparate, Viren die die Medien durch den Gebrauch, das Surfen auf der Webseite oder das Downloaden jedweden Materials inklusive Daten, Texten, Bildern Videos und Audios von der Webseite infizieren k\u00f6nnen.<\/p>\n<p>Man vergegenw\u00e4rtige sich, dass nicht alle Webseiten, die mit der Vorliegenden in Verbindung stehen von KE PROTEZIONI SOLARI SRL- Noventa di Piave (Ve) kontrolliert werden und keine Haftung f\u00fcr die Inhalte dritter oder anderer Webseiten, die mit der vorliegenden in Verbindung stehen, \u00fcbernommen wird.<br \/>\nDie Verbindung jedweder anderen Off-site-Seite Dritter oder anderer Webseiten ist ausschlie\u00dflich und vollst\u00e4ndig Euer Risiko.<\/p>\n<p>Genauigkeit der Informationen und Kontrolle ihrer Inhalte<\/p>\n<p>KE PROTEZIONI SOLARI SRL- Noventa di Piave (Ve) bem\u00fcht sich nach bestem Wissen und Gewissen so genaue und aktuelle Informationen wie m\u00f6glich auf dieser Webseite einzustellen, dennoch \u00fcbernehmen KE PROTEZIONI SOLARI SRL- Noventa di Piave (Ve) und\/oder jede seiner Mitglieder keinerlei Garantien f\u00fcr Aktualisierung, Korrektheit, Vollst\u00e4ndigkeit oder Angemessenheit der Informationen jedweden, spezifizierten Projekts.<\/p>\n<p>KE PROTEZIONI SOLARI SRL- Noventa di Piave (Ve) und jedes seiner Mitglieder sind f\u00fcr Irrt\u00fcmer, Weglassen und Modifikationen der Informationen in den Inhalten dieser Webseite nicht verantwortlich.<br \/>\nKE PROTEZIONI SOLARI SRL- Noventa di Piave (Ve) und\/oder jedes seiner Mitglieder werden keinerlei Haftung f\u00fcr direkt erlittene, oder nicht im Zusammenhang mit dem Gebrauch dieser Webseite stehende Verluste \u00fcbernehmen.<\/p>\n<p>KE PROTEZIONI SOLARI SRL- Noventa di Piave (Ve) beh\u00e4lt sich das Recht vor, zu jeder Zeit die Inhalte der Webseite zu reduzieren oder in andere Sektionen zu verlegen, die Webseite zeitweise zu blockieren und\/oder definitiv zu l\u00f6schen.<\/p>\n<p>Verf\u00fcgbarkeit der Dienste<\/p>\n<p>Der Zweck dieser Webseite ist es, ein generelles Profil der angebotenen Dienste von KE PROTEZIONI SOLARI SRL- Noventa di Piave (Ve) und\/oder jeder seiner Mitglieder zu pr\u00e4sentieren. Bisher sind die Inhalte der Webseite nicht Gegenstand legaler Forderungen \u00fcber komplette, ununterbrochene, ungest\u00f6rte Verf\u00fcgbarkeit der speziellen Dienste.<br \/>\nBitte nehmen Sie zur Kenntnis, dass die Informationen der Webseite sich auf Produkte, Programme oder Dienste beziehen k\u00f6nnen, die in einigen L\u00e4ndern nicht verf\u00fcgbar sind. Kontaktieren Sie bitte die \u00f6rtlichen, autorisierten KE-H\u00e4ndler, um Informationen \u00fcber die in Ihrem Land verf\u00fcgbaren Produkte und Dienste zu erhalten.<\/p>\n<p>Hinweis auf H\u00e4ndler, Showroom<\/p>\n<p>KE PROTEZIONI SOLARI SRL- Noventa di Piave (Ve) und\/oder jedes seiner Mitglieder haben die Befugnis Informationen auf der eigenen Webseite zu ver\u00f6ffentlichen, wo die Produkte von Gessi direkt vom Konsument oder den Betrieben erh\u00e4ltlich sind.<br \/>\nAlle autorisierten Showroom KE PROTEZIONI SOLARI sind eigenst\u00e4ndige Firmen. Das beinhaltet als Konsequenz, dass KE PROTEZIONI SOLARI SRL- Noventa di Piave (Ve) und jedes seiner Mitglieder nicht f\u00fcr Vertragsauseinandersetzungen \u00fcber Preis, Zahlungsbedingungen, Lieferung, unkorrektes Verhalten oder nicht vorrausehbare Ereignisse zwischen K\u00e4ufern von Produkten von KE PROTEZIONI SOLARI und dem autorisierten Wiederverk\u00e4ufer verantwortlich gemacht werden k\u00f6nnen.<br \/>\nDer K\u00e4ufer hat keinerlei Verpflichtung die Produkte von KE PROTEZIONI SOLARI an einem von KE PROTEZIONI SOLARI SRL- Noventa di Piave (Ve) angegebenen Verkaufspunkt, von dessen Verk\u00e4ufern oder Tochterfirmen abzunehmen.<br \/>\nEs wird darauf hingewiesen vor dem ersten Gebrauch der Produkte alle von KE PROTEZIONI SOLARI SRL- Noventa di Piave (Ve) und\/ oder jeder seiner Mitglieder, Wiederverk\u00e4ufern mitgelieferten Produktinformationen, Garantieleistungen oder Hinweise auf Haftungsbeschr\u00e4nkungen und Inhalte auf Etiketten und Produktverpackungen sorgf\u00e4ltig durchzulesen.<\/p>\n<p>Vollstreckbares Gesetz<\/p>\n<p>Die vorstehend aufgef\u00fchrten Gesch\u00e4ftsbedingungen zur Benutzung der Webseite unterstehen italienischer Gesetzgebung und sind dementsprechend auszulegen.<br \/>\nEs wird unwiderruflich vereinbart, dass italienische Gerichte volle Gesetzgebungsgewalt \u00fcber jegliche Angelegenheiten in Bezug auf die Gesch\u00e4ftsbedingungen zum Gebrauch der Webseite haben werden.<\/p>\n<p>Diese Gesch\u00e4ftsbedingungen wurden am 5 September 2016 aktualisiert.<\/p>\n","protected":false},"excerpt":{"rendered":"<p>Zugang und Gebrauch der vorliegenden Webseite und jedwedem zu dieser in Verbindung stehenden Internetraums, ist Gegenstand der folgenden, allgemeinen Gesch\u00e4ftsbedingungen,&hellip;<\/p>\n","protected":false},"author":10608,"featured_media":0,"parent":3835,"menu_order":21,"comment_status":"closed","ping_status":"closed","template":"","meta":{"_acf_changed":false,"footnotes":""},"class_list":["post-8029","page","type-page","status-publish","hentry"],"acf":[],"yoast_head":"<!-- This site is optimized with the Yoast SEO Premium plugin v20.12 (Yoast SEO v27.3) - https:\/\/yoast.com\/product\/yoast-seo-premium-wordpress\/ -->\n<title>Impressum<\/title>\n<meta name=\"description\" content=\"Note legali dell&#039;azienda\" \/>\n<meta name=\"robots\" content=\"noindex, nofollow\" \/>\n<meta property=\"og:locale\" content=\"de_DE\" \/>\n<meta property=\"og:type\" content=\"article\" \/>\n<meta property=\"og:title\" content=\"Impressum\" \/>\n<meta property=\"og:description\" content=\"Note legali dell&#039;azienda\" \/>\n<meta property=\"og:url\" content=\"https:\/\/www.keoutdoordesign.com\/de-de\/unternehmen\/impressum\/\" \/>\n<meta property=\"og:site_name\" content=\"KE Outdoor Design\" \/>\n<meta property=\"article:publisher\" content=\"https:\/\/www.facebook.com\/keoutdoordesign.us\" \/>\n<meta property=\"article:modified_time\" content=\"2021-02-22T13:54:00+00:00\" \/>\n<meta property=\"og:image\" content=\"https:\/\/www.keoutdoordesign.com\/wp-content\/uploads\/2022\/06\/ke_logo.png\" \/>\n\t<meta property=\"og:image:width\" content=\"1260\" \/>\n\t<meta property=\"og:image:height\" content=\"630\" \/>\n\t<meta property=\"og:image:type\" content=\"image\/png\" \/>\n<meta name=\"twitter:card\" content=\"summary_large_image\" \/>\n<meta name=\"twitter:site\" content=\"@keoutdoordesign\" \/>\n<script type=\"application\/ld+json\" class=\"yoast-schema-graph\">{\"@context\":\"https:\\\/\\\/schema.org\",\"@graph\":[{\"@type\":\"WebPage\",\"@id\":\"https:\\\/\\\/www.keoutdoordesign.com\\\/de-de\\\/unternehmen\\\/impressum\\\/\",\"url\":\"https:\\\/\\\/www.keoutdoordesign.com\\\/de-de\\\/unternehmen\\\/impressum\\\/\",\"name\":\"Impressum\",\"isPartOf\":{\"@id\":\"https:\\\/\\\/www.keoutdoordesign.com\\\/it-it\\\/#website\"},\"datePublished\":\"2019-06-13T15:03:58+00:00\",\"dateModified\":\"2021-02-22T13:54:00+00:00\",\"description\":\"Note legali dell'azienda\",\"breadcrumb\":{\"@id\":\"https:\\\/\\\/www.keoutdoordesign.com\\\/de-de\\\/unternehmen\\\/impressum\\\/#breadcrumb\"},\"inLanguage\":\"de\",\"potentialAction\":[{\"@type\":\"ReadAction\",\"target\":[\"https:\\\/\\\/www.keoutdoordesign.com\\\/de-de\\\/unternehmen\\\/impressum\\\/\"]}]},{\"@type\":\"BreadcrumbList\",\"@id\":\"https:\\\/\\\/www.keoutdoordesign.com\\\/de-de\\\/unternehmen\\\/impressum\\\/#breadcrumb\",\"itemListElement\":[{\"@type\":\"ListItem\",\"position\":1,\"name\":\"Home\",\"item\":\"https:\\\/\\\/www.keoutdoordesign.com\\\/de-de\\\/\"},{\"@type\":\"ListItem\",\"position\":2,\"name\":\"Unternehmen\",\"item\":\"https:\\\/\\\/www.keoutdoordesign.com\\\/de-de\\\/unternehmen\\\/\"},{\"@type\":\"ListItem\",\"position\":3,\"name\":\"Impressum\"}]},{\"@type\":\"WebSite\",\"@id\":\"https:\\\/\\\/www.keoutdoordesign.com\\\/it-it\\\/#website\",\"url\":\"https:\\\/\\\/www.keoutdoordesign.com\\\/it-it\\\/\",\"name\":\"KE Outdoor Design\",\"description\":\"Un nuovo sito targato WordPress\",\"publisher\":{\"@id\":\"https:\\\/\\\/www.keoutdoordesign.com\\\/it-it\\\/#organization\"},\"potentialAction\":[{\"@type\":\"SearchAction\",\"target\":{\"@type\":\"EntryPoint\",\"urlTemplate\":\"https:\\\/\\\/www.keoutdoordesign.com\\\/it-it\\\/?s={search_term_string}\"},\"query-input\":{\"@type\":\"PropertyValueSpecification\",\"valueRequired\":true,\"valueName\":\"search_term_string\"}}],\"inLanguage\":\"de\"},{\"@type\":\"Organization\",\"@id\":\"https:\\\/\\\/www.keoutdoordesign.com\\\/it-it\\\/#organization\",\"name\":\"KE Outdoor Design\",\"url\":\"https:\\\/\\\/www.keoutdoordesign.com\\\/it-it\\\/\",\"logo\":{\"@type\":\"ImageObject\",\"inLanguage\":\"de\",\"@id\":\"https:\\\/\\\/www.keoutdoordesign.com\\\/it-it\\\/#\\\/schema\\\/logo\\\/image\\\/\",\"url\":\"https:\\\/\\\/www.keoutdoordesign.com\\\/wp-content\\\/uploads\\\/2020\\\/02\\\/KE-logo-Primary-e1591282842174.jpg\",\"contentUrl\":\"https:\\\/\\\/www.keoutdoordesign.com\\\/wp-content\\\/uploads\\\/2020\\\/02\\\/KE-logo-Primary-e1591282842174.jpg\",\"width\":500,\"height\":396,\"caption\":\"KE Outdoor Design\"},\"image\":{\"@id\":\"https:\\\/\\\/www.keoutdoordesign.com\\\/it-it\\\/#\\\/schema\\\/logo\\\/image\\\/\"},\"sameAs\":[\"https:\\\/\\\/www.facebook.com\\\/keoutdoordesign.us\",\"https:\\\/\\\/x.com\\\/keoutdoordesign\",\"https:\\\/\\\/www.facebook.com\\\/keoutdoordesign\",\"https:\\\/\\\/www.youtube.com\\\/channel\\\/UCSoMQryJpLqD53bAoZLg2Vg\",\"https:\\\/\\\/www.pinterest.it\\\/keoutdoordesign\\\/\",\"https:\\\/\\\/www.instagram.com\\\/keoutdoordesign\\\/\",\"https:\\\/\\\/www.linkedin.com\\\/company\\\/ke-outdoor-design\\\/\"]}]}<\/script>\n<!-- \/ Yoast SEO Premium plugin. -->","yoast_head_json":{"title":"Impressum","description":"Note legali dell'azienda","robots":{"index":"noindex","follow":"nofollow"},"og_locale":"de_DE","og_type":"article","og_title":"Impressum","og_description":"Note legali dell'azienda","og_url":"https:\/\/www.keoutdoordesign.com\/de-de\/unternehmen\/impressum\/","og_site_name":"KE Outdoor Design","article_publisher":"https:\/\/www.facebook.com\/keoutdoordesign.us","article_modified_time":"2021-02-22T13:54:00+00:00","og_image":[{"width":1260,"height":630,"url":"https:\/\/www.keoutdoordesign.com\/wp-content\/uploads\/2022\/06\/ke_logo.png","type":"image\/png"}],"twitter_card":"summary_large_image","twitter_site":"@keoutdoordesign","schema":{"@context":"https:\/\/schema.org","@graph":[{"@type":"WebPage","@id":"https:\/\/www.keoutdoordesign.com\/de-de\/unternehmen\/impressum\/","url":"https:\/\/www.keoutdoordesign.com\/de-de\/unternehmen\/impressum\/","name":"Impressum","isPartOf":{"@id":"https:\/\/www.keoutdoordesign.com\/it-it\/#website"},"datePublished":"2019-06-13T15:03:58+00:00","dateModified":"2021-02-22T13:54:00+00:00","description":"Note legali dell'azienda","breadcrumb":{"@id":"https:\/\/www.keoutdoordesign.com\/de-de\/unternehmen\/impressum\/#breadcrumb"},"inLanguage":"de","potentialAction":[{"@type":"ReadAction","target":["https:\/\/www.keoutdoordesign.com\/de-de\/unternehmen\/impressum\/"]}]},{"@type":"BreadcrumbList","@id":"https:\/\/www.keoutdoordesign.com\/de-de\/unternehmen\/impressum\/#breadcrumb","itemListElement":[{"@type":"ListItem","position":1,"name":"Home","item":"https:\/\/www.keoutdoordesign.com\/de-de\/"},{"@type":"ListItem","position":2,"name":"Unternehmen","item":"https:\/\/www.keoutdoordesign.com\/de-de\/unternehmen\/"},{"@type":"ListItem","position":3,"name":"Impressum"}]},{"@type":"WebSite","@id":"https:\/\/www.keoutdoordesign.com\/it-it\/#website","url":"https:\/\/www.keoutdoordesign.com\/it-it\/","name":"KE Outdoor Design","description":"Un nuovo sito targato WordPress","publisher":{"@id":"https:\/\/www.keoutdoordesign.com\/it-it\/#organization"},"potentialAction":[{"@type":"SearchAction","target":{"@type":"EntryPoint","urlTemplate":"https:\/\/www.keoutdoordesign.com\/it-it\/?s={search_term_string}"},"query-input":{"@type":"PropertyValueSpecification","valueRequired":true,"valueName":"search_term_string"}}],"inLanguage":"de"},{"@type":"Organization","@id":"https:\/\/www.keoutdoordesign.com\/it-it\/#organization","name":"KE Outdoor Design","url":"https:\/\/www.keoutdoordesign.com\/it-it\/","logo":{"@type":"ImageObject","inLanguage":"de","@id":"https:\/\/www.keoutdoordesign.com\/it-it\/#\/schema\/logo\/image\/","url":"https:\/\/www.keoutdoordesign.com\/wp-content\/uploads\/2020\/02\/KE-logo-Primary-e1591282842174.jpg","contentUrl":"https:\/\/www.keoutdoordesign.com\/wp-content\/uploads\/2020\/02\/KE-logo-Primary-e1591282842174.jpg","width":500,"height":396,"caption":"KE Outdoor Design"},"image":{"@id":"https:\/\/www.keoutdoordesign.com\/it-it\/#\/schema\/logo\/image\/"},"sameAs":["https:\/\/www.facebook.com\/keoutdoordesign.us","https:\/\/x.com\/keoutdoordesign","https:\/\/www.facebook.com\/keoutdoordesign","https:\/\/www.youtube.com\/channel\/UCSoMQryJpLqD53bAoZLg2Vg","https:\/\/www.pinterest.it\/keoutdoordesign\/","https:\/\/www.instagram.com\/keoutdoordesign\/","https:\/\/www.linkedin.com\/company\/ke-outdoor-design\/"]}]}},"_links":{"self":[{"href":"https:\/\/www.keoutdoordesign.com\/de-de\/wp-json\/wp\/v2\/pages\/8029","targetHints":{"allow":["GET"]}}],"collection":[{"href":"https:\/\/www.keoutdoordesign.com\/de-de\/wp-json\/wp\/v2\/pages"}],"about":[{"href":"https:\/\/www.keoutdoordesign.com\/de-de\/wp-json\/wp\/v2\/types\/page"}],"author":[{"embeddable":true,"href":"https:\/\/www.keoutdoordesign.com\/de-de\/wp-json\/wp\/v2\/users\/10608"}],"replies":[{"embeddable":true,"href":"https:\/\/www.keoutdoordesign.com\/de-de\/wp-json\/wp\/v2\/comments?post=8029"}],"version-history":[{"count":5,"href":"https:\/\/www.keoutdoordesign.com\/de-de\/wp-json\/wp\/v2\/pages\/8029\/revisions"}],"predecessor-version":[{"id":28307,"href":"https:\/\/www.keoutdoordesign.com\/de-de\/wp-json\/wp\/v2\/pages\/8029\/revisions\/28307"}],"up":[{"embeddable":true,"href":"https:\/\/www.keoutdoordesign.com\/de-de\/wp-json\/wp\/v2\/pages\/3835"}],"wp:attachment":[{"href":"https:\/\/www.keoutdoordesign.com\/de-de\/wp-json\/wp\/v2\/media?parent=8029"}],"curies":[{"name":"wp","href":"https:\/\/api.w.org\/{rel}","templated":true}]}}