{"id":5875,"date":"2019-06-11T09:53:38","date_gmt":"2019-06-11T07:53:38","guid":{"rendered":"http:\/\/ke.itpowernet.it\/?page_id=5875"},"modified":"2023-08-09T17:00:58","modified_gmt":"2023-08-09T15:00:58","slug":"hotels","status":"publish","type":"page","link":"https:\/\/www.keoutdoordesign.com\/de-de\/referenzen\/gewerblich\/hotels\/","title":{"rendered":"Hotels und Ferienanlagen"},"content":{"rendered":"<p>Was erwartet ein Gast von seinem Hotelaufenthalt? Entspannung, Gastfreundschaft, Wohlbefinden! Mit unseren Pergolen und <strong>Markisen f\u00fcr Hotellerie<\/strong> bieten Sie Ihren G\u00e4sten <strong>wundervolle Pl\u00e4tze der Ruhe<\/strong>, die willkommen hei\u00dfen und nachhaltig beeindrucken.<\/p>\n<p>Eine Markise schafft Privatsph\u00e4re und ein ideales Klima auf Terrassen und in Au\u00dfenbereichen. Kedry, bioklimatische Pergolen mit Lamellendach oder Pergolen mit Flachdach <strong>verwandeln Ihren Restaurant- und Barbereich in eine Wohlf\u00fchloase<\/strong>. Mit unseren Markisen schaffen Sie variable Schattenzonen, durch die Ihre Besucher den Garten oder Pool auch bei hei\u00dfen Temperaturen, Wind oder Regen nutzen k\u00f6nnen.<\/p>\n<p>Jedes Detail kann individuell angepasst werden. Wir fertigen Markisen nach Ma\u00df und in vielen eleganten Designs. Das macht uns zu <strong>Ihrem Partner f\u00fcr Einrichtungsl\u00f6sungen<\/strong>, mit denen Sie die Attraktivit\u00e4t Ihres Hotels und Ressorts erh\u00f6hen und Ihre Au\u00dfenbereiche versch\u00f6nern. Ihre G\u00e4ste werden das Plus an Service und Komfort zu sch\u00e4tzen wissen. Selbst in Landgasth\u00f6fen, auf Campingpl\u00e4tzen und gro\u00dfen Anwesen zaubern unsere Au\u00dfenanlagen \u00e4sthetische und funktionale Erholungszonen.<\/p>\n","protected":false},"excerpt":{"rendered":"<p>Was erwartet ein Gast von seinem Hotelaufenthalt? Entspannung, Gastfreundschaft, Wohlbefinden! Mit unseren Pergolen und Markisen f\u00fcr Hotellerie bieten Sie Ihren&hellip;<\/p>\n","protected":false},"author":10608,"featured_media":40247,"parent":3299,"menu_order":15,"comment_status":"closed","ping_status":"closed","template":"page-templates\/category-references.php","meta":{"_acf_changed":false,"footnotes":""},"class_list":["post-5875","page","type-page","status-publish","has-post-thumbnail","hentry"],"acf":[],"yoast_head":"<!-- This site is optimized with the Yoast SEO Premium plugin v20.12 (Yoast SEO v27.4) - https:\/\/yoast.com\/product\/yoast-seo-premium-wordpress\/ -->\n<title>Pergolen und Markisen f\u00fcr Hotels | KE Outdoor Design<\/title>\n<meta name=\"description\" content=\"Wir gestalten \u00dcberdachungsl\u00f6sungen nach Ma\u00df f\u00fcr Hotels: von bioklimatischen Lamellend\u00e4chern bis hin zu Pergolen mit Flachd\u00e4chern. Fragen Sie uns nach!\" \/>\n<meta name=\"robots\" content=\"index, follow, max-snippet:-1, max-image-preview:large, max-video-preview:-1\" \/>\n<link rel=\"canonical\" href=\"https:\/\/www.keoutdoordesign.com\/de-de\/referenzen\/gewerblich\/hotels\/\" \/>\n<meta property=\"og:locale\" content=\"de_DE\" \/>\n<meta property=\"og:type\" content=\"article\" \/>\n<meta property=\"og:title\" content=\"Hotels und Ferienanlagen\" \/>\n<meta property=\"og:description\" content=\"Wir gestalten \u00dcberdachungsl\u00f6sungen nach Ma\u00df f\u00fcr Hotels: von bioklimatischen Lamellend\u00e4chern bis hin zu Pergolen mit Flachd\u00e4chern. Fragen Sie uns nach!\" \/>\n<meta property=\"og:url\" content=\"https:\/\/www.keoutdoordesign.com\/de-de\/referenzen\/gewerblich\/hotels\/\" \/>\n<meta property=\"og:site_name\" content=\"KE Outdoor Design\" \/>\n<meta property=\"article:publisher\" content=\"https:\/\/www.facebook.com\/keoutdoordesign.us\" \/>\n<meta property=\"article:modified_time\" content=\"2023-08-09T15:00:58+00:00\" \/>\n<meta property=\"og:image\" content=\"https:\/\/www.keoutdoordesign.com\/wp-content\/uploads\/2021\/08\/weiss-pergola-lamellendach-regendicht-kedry-prime-ke-outdoor-design-2.jpg\" \/>\n\t<meta property=\"og:image:width\" content=\"1200\" \/>\n\t<meta property=\"og:image:height\" content=\"675\" \/>\n\t<meta property=\"og:image:type\" content=\"image\/jpeg\" \/>\n<meta name=\"twitter:card\" content=\"summary_large_image\" \/>\n<meta name=\"twitter:site\" content=\"@keoutdoordesign\" \/>\n<script type=\"application\/ld+json\" class=\"yoast-schema-graph\">{\"@context\":\"https:\\\/\\\/schema.org\",\"@graph\":[{\"@type\":\"WebPage\",\"@id\":\"https:\\\/\\\/www.keoutdoordesign.com\\\/de-de\\\/referenzen\\\/gewerblich\\\/hotels\\\/\",\"url\":\"https:\\\/\\\/www.keoutdoordesign.com\\\/de-de\\\/referenzen\\\/gewerblich\\\/hotels\\\/\",\"name\":\"Pergolen und Markisen f\u00fcr Hotels | KE Outdoor Design\",\"isPartOf\":{\"@id\":\"https:\\\/\\\/www.keoutdoordesign.com\\\/it-it\\\/#website\"},\"primaryImageOfPage\":{\"@id\":\"https:\\\/\\\/www.keoutdoordesign.com\\\/de-de\\\/referenzen\\\/gewerblich\\\/hotels\\\/#primaryimage\"},\"image\":{\"@id\":\"https:\\\/\\\/www.keoutdoordesign.com\\\/de-de\\\/referenzen\\\/gewerblich\\\/hotels\\\/#primaryimage\"},\"thumbnailUrl\":\"https:\\\/\\\/www.keoutdoordesign.com\\\/wp-content\\\/uploads\\\/2021\\\/08\\\/weiss-pergola-lamellendach-regendicht-kedry-prime-ke-outdoor-design-2.jpg\",\"datePublished\":\"2019-06-11T07:53:38+00:00\",\"dateModified\":\"2023-08-09T15:00:58+00:00\",\"description\":\"Wir gestalten \u00dcberdachungsl\u00f6sungen nach Ma\u00df f\u00fcr Hotels: von bioklimatischen Lamellend\u00e4chern bis hin zu Pergolen mit Flachd\u00e4chern. Fragen Sie uns nach!\",\"breadcrumb\":{\"@id\":\"https:\\\/\\\/www.keoutdoordesign.com\\\/de-de\\\/referenzen\\\/gewerblich\\\/hotels\\\/#breadcrumb\"},\"inLanguage\":\"de\",\"potentialAction\":[{\"@type\":\"ReadAction\",\"target\":[\"https:\\\/\\\/www.keoutdoordesign.com\\\/de-de\\\/referenzen\\\/gewerblich\\\/hotels\\\/\"]}]},{\"@type\":\"ImageObject\",\"inLanguage\":\"de\",\"@id\":\"https:\\\/\\\/www.keoutdoordesign.com\\\/de-de\\\/referenzen\\\/gewerblich\\\/hotels\\\/#primaryimage\",\"url\":\"https:\\\/\\\/www.keoutdoordesign.com\\\/wp-content\\\/uploads\\\/2021\\\/08\\\/weiss-pergola-lamellendach-regendicht-kedry-prime-ke-outdoor-design-2.jpg\",\"contentUrl\":\"https:\\\/\\\/www.keoutdoordesign.com\\\/wp-content\\\/uploads\\\/2021\\\/08\\\/weiss-pergola-lamellendach-regendicht-kedry-prime-ke-outdoor-design-2.jpg\",\"width\":1200,\"height\":675,\"caption\":\"Pergola-mit-Beweglichen-Lamellen-weiss-pergola-lamellendach-regendicht-kedry-prime-ke-outdoor-design-1\"},{\"@type\":\"BreadcrumbList\",\"@id\":\"https:\\\/\\\/www.keoutdoordesign.com\\\/de-de\\\/referenzen\\\/gewerblich\\\/hotels\\\/#breadcrumb\",\"itemListElement\":[{\"@type\":\"ListItem\",\"position\":1,\"name\":\"Home\",\"item\":\"https:\\\/\\\/www.keoutdoordesign.com\\\/de-de\\\/\"},{\"@type\":\"ListItem\",\"position\":2,\"name\":\"Referenzen\",\"item\":\"https:\\\/\\\/www.keoutdoordesign.com\\\/de-de\\\/referenzen\\\/\"},{\"@type\":\"ListItem\",\"position\":3,\"name\":\"Gewerblich\",\"item\":\"https:\\\/\\\/www.keoutdoordesign.com\\\/de-de\\\/referenzen\\\/gewerblich\\\/\"},{\"@type\":\"ListItem\",\"position\":4,\"name\":\"Hotels und Ferienanlagen\"}]},{\"@type\":\"WebSite\",\"@id\":\"https:\\\/\\\/www.keoutdoordesign.com\\\/it-it\\\/#website\",\"url\":\"https:\\\/\\\/www.keoutdoordesign.com\\\/it-it\\\/\",\"name\":\"KE Outdoor Design\",\"description\":\"Un nuovo sito targato WordPress\",\"publisher\":{\"@id\":\"https:\\\/\\\/www.keoutdoordesign.com\\\/it-it\\\/#organization\"},\"potentialAction\":[{\"@type\":\"SearchAction\",\"target\":{\"@type\":\"EntryPoint\",\"urlTemplate\":\"https:\\\/\\\/www.keoutdoordesign.com\\\/it-it\\\/?s={search_term_string}\"},\"query-input\":{\"@type\":\"PropertyValueSpecification\",\"valueRequired\":true,\"valueName\":\"search_term_string\"}}],\"inLanguage\":\"de\"},{\"@type\":\"Organization\",\"@id\":\"https:\\\/\\\/www.keoutdoordesign.com\\\/it-it\\\/#organization\",\"name\":\"KE Outdoor Design\",\"url\":\"https:\\\/\\\/www.keoutdoordesign.com\\\/it-it\\\/\",\"logo\":{\"@type\":\"ImageObject\",\"inLanguage\":\"de\",\"@id\":\"https:\\\/\\\/www.keoutdoordesign.com\\\/it-it\\\/#\\\/schema\\\/logo\\\/image\\\/\",\"url\":\"https:\\\/\\\/www.keoutdoordesign.com\\\/wp-content\\\/uploads\\\/2020\\\/02\\\/KE-logo-Primary-e1591282842174.jpg\",\"contentUrl\":\"https:\\\/\\\/www.keoutdoordesign.com\\\/wp-content\\\/uploads\\\/2020\\\/02\\\/KE-logo-Primary-e1591282842174.jpg\",\"width\":500,\"height\":396,\"caption\":\"KE Outdoor Design\"},\"image\":{\"@id\":\"https:\\\/\\\/www.keoutdoordesign.com\\\/it-it\\\/#\\\/schema\\\/logo\\\/image\\\/\"},\"sameAs\":[\"https:\\\/\\\/www.facebook.com\\\/keoutdoordesign.us\",\"https:\\\/\\\/x.com\\\/keoutdoordesign\",\"https:\\\/\\\/www.facebook.com\\\/keoutdoordesign\",\"https:\\\/\\\/www.youtube.com\\\/channel\\\/UCSoMQryJpLqD53bAoZLg2Vg\",\"https:\\\/\\\/www.pinterest.it\\\/keoutdoordesign\\\/\",\"https:\\\/\\\/www.instagram.com\\\/keoutdoordesign\\\/\",\"https:\\\/\\\/www.linkedin.com\\\/company\\\/ke-outdoor-design\\\/\"]}]}<\/script>\n<!-- \/ Yoast SEO Premium plugin. -->","yoast_head_json":{"title":"Pergolen und Markisen f\u00fcr Hotels | KE Outdoor Design","description":"Wir gestalten \u00dcberdachungsl\u00f6sungen nach Ma\u00df f\u00fcr Hotels: von bioklimatischen Lamellend\u00e4chern bis hin zu Pergolen mit Flachd\u00e4chern. Fragen Sie uns nach!","robots":{"index":"index","follow":"follow","max-snippet":"max-snippet:-1","max-image-preview":"max-image-preview:large","max-video-preview":"max-video-preview:-1"},"canonical":"https:\/\/www.keoutdoordesign.com\/de-de\/referenzen\/gewerblich\/hotels\/","og_locale":"de_DE","og_type":"article","og_title":"Hotels und Ferienanlagen","og_description":"Wir gestalten \u00dcberdachungsl\u00f6sungen nach Ma\u00df f\u00fcr Hotels: von bioklimatischen Lamellend\u00e4chern bis hin zu Pergolen mit Flachd\u00e4chern. Fragen Sie uns nach!","og_url":"https:\/\/www.keoutdoordesign.com\/de-de\/referenzen\/gewerblich\/hotels\/","og_site_name":"KE Outdoor Design","article_publisher":"https:\/\/www.facebook.com\/keoutdoordesign.us","article_modified_time":"2023-08-09T15:00:58+00:00","og_image":[{"width":1200,"height":675,"url":"https:\/\/www.keoutdoordesign.com\/wp-content\/uploads\/2021\/08\/weiss-pergola-lamellendach-regendicht-kedry-prime-ke-outdoor-design-2.jpg","type":"image\/jpeg"}],"twitter_card":"summary_large_image","twitter_site":"@keoutdoordesign","schema":{"@context":"https:\/\/schema.org","@graph":[{"@type":"WebPage","@id":"https:\/\/www.keoutdoordesign.com\/de-de\/referenzen\/gewerblich\/hotels\/","url":"https:\/\/www.keoutdoordesign.com\/de-de\/referenzen\/gewerblich\/hotels\/","name":"Pergolen und Markisen f\u00fcr Hotels | KE Outdoor Design","isPartOf":{"@id":"https:\/\/www.keoutdoordesign.com\/it-it\/#website"},"primaryImageOfPage":{"@id":"https:\/\/www.keoutdoordesign.com\/de-de\/referenzen\/gewerblich\/hotels\/#primaryimage"},"image":{"@id":"https:\/\/www.keoutdoordesign.com\/de-de\/referenzen\/gewerblich\/hotels\/#primaryimage"},"thumbnailUrl":"https:\/\/www.keoutdoordesign.com\/wp-content\/uploads\/2021\/08\/weiss-pergola-lamellendach-regendicht-kedry-prime-ke-outdoor-design-2.jpg","datePublished":"2019-06-11T07:53:38+00:00","dateModified":"2023-08-09T15:00:58+00:00","description":"Wir gestalten \u00dcberdachungsl\u00f6sungen nach Ma\u00df f\u00fcr Hotels: von bioklimatischen Lamellend\u00e4chern bis hin zu Pergolen mit Flachd\u00e4chern. Fragen Sie uns nach!","breadcrumb":{"@id":"https:\/\/www.keoutdoordesign.com\/de-de\/referenzen\/gewerblich\/hotels\/#breadcrumb"},"inLanguage":"de","potentialAction":[{"@type":"ReadAction","target":["https:\/\/www.keoutdoordesign.com\/de-de\/referenzen\/gewerblich\/hotels\/"]}]},{"@type":"ImageObject","inLanguage":"de","@id":"https:\/\/www.keoutdoordesign.com\/de-de\/referenzen\/gewerblich\/hotels\/#primaryimage","url":"https:\/\/www.keoutdoordesign.com\/wp-content\/uploads\/2021\/08\/weiss-pergola-lamellendach-regendicht-kedry-prime-ke-outdoor-design-2.jpg","contentUrl":"https:\/\/www.keoutdoordesign.com\/wp-content\/uploads\/2021\/08\/weiss-pergola-lamellendach-regendicht-kedry-prime-ke-outdoor-design-2.jpg","width":1200,"height":675,"caption":"Pergola-mit-Beweglichen-Lamellen-weiss-pergola-lamellendach-regendicht-kedry-prime-ke-outdoor-design-1"},{"@type":"BreadcrumbList","@id":"https:\/\/www.keoutdoordesign.com\/de-de\/referenzen\/gewerblich\/hotels\/#breadcrumb","itemListElement":[{"@type":"ListItem","position":1,"name":"Home","item":"https:\/\/www.keoutdoordesign.com\/de-de\/"},{"@type":"ListItem","position":2,"name":"Referenzen","item":"https:\/\/www.keoutdoordesign.com\/de-de\/referenzen\/"},{"@type":"ListItem","position":3,"name":"Gewerblich","item":"https:\/\/www.keoutdoordesign.com\/de-de\/referenzen\/gewerblich\/"},{"@type":"ListItem","position":4,"name":"Hotels und Ferienanlagen"}]},{"@type":"WebSite","@id":"https:\/\/www.keoutdoordesign.com\/it-it\/#website","url":"https:\/\/www.keoutdoordesign.com\/it-it\/","name":"KE Outdoor Design","description":"Un nuovo sito targato WordPress","publisher":{"@id":"https:\/\/www.keoutdoordesign.com\/it-it\/#organization"},"potentialAction":[{"@type":"SearchAction","target":{"@type":"EntryPoint","urlTemplate":"https:\/\/www.keoutdoordesign.com\/it-it\/?s={search_term_string}"},"query-input":{"@type":"PropertyValueSpecification","valueRequired":true,"valueName":"search_term_string"}}],"inLanguage":"de"},{"@type":"Organization","@id":"https:\/\/www.keoutdoordesign.com\/it-it\/#organization","name":"KE Outdoor Design","url":"https:\/\/www.keoutdoordesign.com\/it-it\/","logo":{"@type":"ImageObject","inLanguage":"de","@id":"https:\/\/www.keoutdoordesign.com\/it-it\/#\/schema\/logo\/image\/","url":"https:\/\/www.keoutdoordesign.com\/wp-content\/uploads\/2020\/02\/KE-logo-Primary-e1591282842174.jpg","contentUrl":"https:\/\/www.keoutdoordesign.com\/wp-content\/uploads\/2020\/02\/KE-logo-Primary-e1591282842174.jpg","width":500,"height":396,"caption":"KE Outdoor Design"},"image":{"@id":"https:\/\/www.keoutdoordesign.com\/it-it\/#\/schema\/logo\/image\/"},"sameAs":["https:\/\/www.facebook.com\/keoutdoordesign.us","https:\/\/x.com\/keoutdoordesign","https:\/\/www.facebook.com\/keoutdoordesign","https:\/\/www.youtube.com\/channel\/UCSoMQryJpLqD53bAoZLg2Vg","https:\/\/www.pinterest.it\/keoutdoordesign\/","https:\/\/www.instagram.com\/keoutdoordesign\/","https:\/\/www.linkedin.com\/company\/ke-outdoor-design\/"]}]}},"_links":{"self":[{"href":"https:\/\/www.keoutdoordesign.com\/de-de\/wp-json\/wp\/v2\/pages\/5875","targetHints":{"allow":["GET"]}}],"collection":[{"href":"https:\/\/www.keoutdoordesign.com\/de-de\/wp-json\/wp\/v2\/pages"}],"about":[{"href":"https:\/\/www.keoutdoordesign.com\/de-de\/wp-json\/wp\/v2\/types\/page"}],"author":[{"embeddable":true,"href":"https:\/\/www.keoutdoordesign.com\/de-de\/wp-json\/wp\/v2\/users\/10608"}],"replies":[{"embeddable":true,"href":"https:\/\/www.keoutdoordesign.com\/de-de\/wp-json\/wp\/v2\/comments?post=5875"}],"version-history":[{"count":5,"href":"https:\/\/www.keoutdoordesign.com\/de-de\/wp-json\/wp\/v2\/pages\/5875\/revisions"}],"predecessor-version":[{"id":28335,"href":"https:\/\/www.keoutdoordesign.com\/de-de\/wp-json\/wp\/v2\/pages\/5875\/revisions\/28335"}],"up":[{"embeddable":true,"href":"https:\/\/www.keoutdoordesign.com\/de-de\/wp-json\/wp\/v2\/pages\/3299"}],"wp:featuredmedia":[{"embeddable":true,"href":"https:\/\/www.keoutdoordesign.com\/de-de\/wp-json\/wp\/v2\/media\/40247"}],"wp:attachment":[{"href":"https:\/\/www.keoutdoordesign.com\/de-de\/wp-json\/wp\/v2\/media?parent=5875"}],"curies":[{"name":"wp","href":"https:\/\/api.w.org\/{rel}","templated":true}]}}