{"id":5833,"date":"2019-06-11T09:52:48","date_gmt":"2019-06-11T07:52:48","guid":{"rendered":"http:\/\/ke.itpowernet.it\/?page_id=5833"},"modified":"2021-02-18T15:46:22","modified_gmt":"2021-02-18T14:46:22","slug":"am-strand","status":"publish","type":"page","link":"https:\/\/www.keoutdoordesign.com\/de-de\/referenzen\/gewerblich\/am-strand\/","title":{"rendered":"Am Strand"},"content":{"rendered":"<p>Im <strong>Schatten eines Sonnensegels<\/strong> entspannen, von einer sanften Brise umspielt, und den Blick ungehindert \u00fcber das kristallklare Meer schweifen lassen &#8211; was gibt es Sch\u00f6neres? <\/p>\n<p>Wir entwickeln alle Projekte ganz nach den Bed\u00fcrfnissen und f\u00fcr den Komfort sowie das Wohlbefinden unserer Kunden. So bieten wir <strong>ma\u00dfgeschneiderte L\u00f6sungen<\/strong> f\u00fcr jedes Ambiente und eine gro\u00dfe Auswahl an Stoffen und Designs. Die leichten Konstruktionen aus Aluminium verwandeln Str\u00e4nde und Liegefl\u00e4chen am Wasser in Oasen der Ruhe und Entspannung.<\/p>\n<p>Entdecken Sie die Flexibilit\u00e4t unserer Pergolen und Lamellend\u00e4cher. Sonne und Schatten nach Wunsch erm\u00f6glichen auch unsere Markisen. So lassen sich schattige Bereiche f\u00fcr Spiel- oder Freizeitaktivit\u00e4ten kreieren. Die bioklimatischen Pergolen sind ideal f\u00fcr den Einsatz in Hotels und schaffen gut gesch\u00fctzte und einladende Lebensr\u00e4ume.<\/p>\n<p>Die Segel Kheope und Kolibrie lassen die Tr\u00e4ume Ihrer G\u00e4ste wahr werden. Unter den leichten und eleganten Konstruktionen streicht der laue Seewind ungehindert hindurch und sorgt neben dem Schatten f\u00fcr erfrischende K\u00fchle.<\/p>\n","protected":false},"excerpt":{"rendered":"<p>Im Schatten eines Sonnensegels entspannen, von einer sanften Brise umspielt, und den Blick ungehindert \u00fcber das kristallklare Meer schweifen lassen&hellip;<\/p>\n","protected":false},"author":10608,"featured_media":11371,"parent":3299,"menu_order":19,"comment_status":"closed","ping_status":"closed","template":"page-templates\/category-references.php","meta":{"_acf_changed":false,"footnotes":""},"class_list":["post-5833","page","type-page","status-publish","has-post-thumbnail","hentry"],"acf":[],"yoast_head":"<!-- This site is optimized with the Yoast SEO Premium plugin v20.12 (Yoast SEO v27.3) - https:\/\/yoast.com\/product\/yoast-seo-premium-wordpress\/ -->\n<title>Pergolen und \u00dcberdachungen f\u00fcr maritime Orte - KE Outdoor Design<\/title>\n<meta name=\"description\" content=\"Entdecken Sie die Flexibilit\u00e4t unserer Pergolen und \u00dcberdachungen f\u00fcr maritime Orte. Ma\u00dfgeschneiderte Kreationen.\" \/>\n<meta name=\"robots\" content=\"index, follow, max-snippet:-1, max-image-preview:large, max-video-preview:-1\" \/>\n<link rel=\"canonical\" href=\"https:\/\/www.keoutdoordesign.com\/de-de\/referenzen\/gewerblich\/am-strand\/\" \/>\n<meta property=\"og:locale\" content=\"de_DE\" \/>\n<meta property=\"og:type\" content=\"article\" \/>\n<meta property=\"og:title\" content=\"Am Strand\" \/>\n<meta property=\"og:description\" content=\"Entdecken Sie die Flexibilit\u00e4t unserer Pergolen und \u00dcberdachungen f\u00fcr maritime Orte. Ma\u00dfgeschneiderte Kreationen.\" \/>\n<meta property=\"og:url\" content=\"https:\/\/www.keoutdoordesign.com\/de-de\/referenzen\/gewerblich\/am-strand\/\" \/>\n<meta property=\"og:site_name\" content=\"KE Outdoor Design\" \/>\n<meta property=\"article:publisher\" content=\"https:\/\/www.facebook.com\/keoutdoordesign.us\" \/>\n<meta property=\"article:modified_time\" content=\"2021-02-18T14:46:22+00:00\" \/>\n<meta property=\"og:image\" content=\"https:\/\/www.keoutdoordesign.com\/wp-content\/uploads\/2019\/07\/Lampedusa_3.jpg\" \/>\n\t<meta property=\"og:image:width\" content=\"2048\" \/>\n\t<meta property=\"og:image:height\" content=\"1080\" \/>\n\t<meta property=\"og:image:type\" content=\"image\/jpeg\" \/>\n<meta name=\"twitter:card\" content=\"summary_large_image\" \/>\n<meta name=\"twitter:site\" content=\"@keoutdoordesign\" \/>\n<script type=\"application\/ld+json\" class=\"yoast-schema-graph\">{\"@context\":\"https:\\\/\\\/schema.org\",\"@graph\":[{\"@type\":\"WebPage\",\"@id\":\"https:\\\/\\\/www.keoutdoordesign.com\\\/de-de\\\/referenzen\\\/gewerblich\\\/am-strand\\\/\",\"url\":\"https:\\\/\\\/www.keoutdoordesign.com\\\/de-de\\\/referenzen\\\/gewerblich\\\/am-strand\\\/\",\"name\":\"Pergolen und \u00dcberdachungen f\u00fcr maritime Orte - KE Outdoor Design\",\"isPartOf\":{\"@id\":\"https:\\\/\\\/www.keoutdoordesign.com\\\/it-it\\\/#website\"},\"primaryImageOfPage\":{\"@id\":\"https:\\\/\\\/www.keoutdoordesign.com\\\/de-de\\\/referenzen\\\/gewerblich\\\/am-strand\\\/#primaryimage\"},\"image\":{\"@id\":\"https:\\\/\\\/www.keoutdoordesign.com\\\/de-de\\\/referenzen\\\/gewerblich\\\/am-strand\\\/#primaryimage\"},\"thumbnailUrl\":\"https:\\\/\\\/www.keoutdoordesign.com\\\/wp-content\\\/uploads\\\/2019\\\/07\\\/Lampedusa_3.jpg\",\"datePublished\":\"2019-06-11T07:52:48+00:00\",\"dateModified\":\"2021-02-18T14:46:22+00:00\",\"description\":\"Entdecken Sie die Flexibilit\u00e4t unserer Pergolen und \u00dcberdachungen f\u00fcr maritime Orte. Ma\u00dfgeschneiderte Kreationen.\",\"breadcrumb\":{\"@id\":\"https:\\\/\\\/www.keoutdoordesign.com\\\/de-de\\\/referenzen\\\/gewerblich\\\/am-strand\\\/#breadcrumb\"},\"inLanguage\":\"de\",\"potentialAction\":[{\"@type\":\"ReadAction\",\"target\":[\"https:\\\/\\\/www.keoutdoordesign.com\\\/de-de\\\/referenzen\\\/gewerblich\\\/am-strand\\\/\"]}]},{\"@type\":\"ImageObject\",\"inLanguage\":\"de\",\"@id\":\"https:\\\/\\\/www.keoutdoordesign.com\\\/de-de\\\/referenzen\\\/gewerblich\\\/am-strand\\\/#primaryimage\",\"url\":\"https:\\\/\\\/www.keoutdoordesign.com\\\/wp-content\\\/uploads\\\/2019\\\/07\\\/Lampedusa_3.jpg\",\"contentUrl\":\"https:\\\/\\\/www.keoutdoordesign.com\\\/wp-content\\\/uploads\\\/2019\\\/07\\\/Lampedusa_3.jpg\",\"width\":2048,\"height\":1080,\"caption\":\"pergola-pour-station-baln\u00e9aire\"},{\"@type\":\"BreadcrumbList\",\"@id\":\"https:\\\/\\\/www.keoutdoordesign.com\\\/de-de\\\/referenzen\\\/gewerblich\\\/am-strand\\\/#breadcrumb\",\"itemListElement\":[{\"@type\":\"ListItem\",\"position\":1,\"name\":\"Home\",\"item\":\"https:\\\/\\\/www.keoutdoordesign.com\\\/de-de\\\/\"},{\"@type\":\"ListItem\",\"position\":2,\"name\":\"Referenzen\",\"item\":\"https:\\\/\\\/www.keoutdoordesign.com\\\/de-de\\\/referenzen\\\/\"},{\"@type\":\"ListItem\",\"position\":3,\"name\":\"Gewerblich\",\"item\":\"https:\\\/\\\/www.keoutdoordesign.com\\\/de-de\\\/referenzen\\\/gewerblich\\\/\"},{\"@type\":\"ListItem\",\"position\":4,\"name\":\"Am Strand\"}]},{\"@type\":\"WebSite\",\"@id\":\"https:\\\/\\\/www.keoutdoordesign.com\\\/it-it\\\/#website\",\"url\":\"https:\\\/\\\/www.keoutdoordesign.com\\\/it-it\\\/\",\"name\":\"KE Outdoor Design\",\"description\":\"Un nuovo sito targato WordPress\",\"publisher\":{\"@id\":\"https:\\\/\\\/www.keoutdoordesign.com\\\/it-it\\\/#organization\"},\"potentialAction\":[{\"@type\":\"SearchAction\",\"target\":{\"@type\":\"EntryPoint\",\"urlTemplate\":\"https:\\\/\\\/www.keoutdoordesign.com\\\/it-it\\\/?s={search_term_string}\"},\"query-input\":{\"@type\":\"PropertyValueSpecification\",\"valueRequired\":true,\"valueName\":\"search_term_string\"}}],\"inLanguage\":\"de\"},{\"@type\":\"Organization\",\"@id\":\"https:\\\/\\\/www.keoutdoordesign.com\\\/it-it\\\/#organization\",\"name\":\"KE Outdoor Design\",\"url\":\"https:\\\/\\\/www.keoutdoordesign.com\\\/it-it\\\/\",\"logo\":{\"@type\":\"ImageObject\",\"inLanguage\":\"de\",\"@id\":\"https:\\\/\\\/www.keoutdoordesign.com\\\/it-it\\\/#\\\/schema\\\/logo\\\/image\\\/\",\"url\":\"https:\\\/\\\/www.keoutdoordesign.com\\\/wp-content\\\/uploads\\\/2020\\\/02\\\/KE-logo-Primary-e1591282842174.jpg\",\"contentUrl\":\"https:\\\/\\\/www.keoutdoordesign.com\\\/wp-content\\\/uploads\\\/2020\\\/02\\\/KE-logo-Primary-e1591282842174.jpg\",\"width\":500,\"height\":396,\"caption\":\"KE Outdoor Design\"},\"image\":{\"@id\":\"https:\\\/\\\/www.keoutdoordesign.com\\\/it-it\\\/#\\\/schema\\\/logo\\\/image\\\/\"},\"sameAs\":[\"https:\\\/\\\/www.facebook.com\\\/keoutdoordesign.us\",\"https:\\\/\\\/x.com\\\/keoutdoordesign\",\"https:\\\/\\\/www.facebook.com\\\/keoutdoordesign\",\"https:\\\/\\\/www.youtube.com\\\/channel\\\/UCSoMQryJpLqD53bAoZLg2Vg\",\"https:\\\/\\\/www.pinterest.it\\\/keoutdoordesign\\\/\",\"https:\\\/\\\/www.instagram.com\\\/keoutdoordesign\\\/\",\"https:\\\/\\\/www.linkedin.com\\\/company\\\/ke-outdoor-design\\\/\"]}]}<\/script>\n<!-- \/ Yoast SEO Premium plugin. -->","yoast_head_json":{"title":"Pergolen und \u00dcberdachungen f\u00fcr maritime Orte - KE Outdoor Design","description":"Entdecken Sie die Flexibilit\u00e4t unserer Pergolen und \u00dcberdachungen f\u00fcr maritime Orte. Ma\u00dfgeschneiderte Kreationen.","robots":{"index":"index","follow":"follow","max-snippet":"max-snippet:-1","max-image-preview":"max-image-preview:large","max-video-preview":"max-video-preview:-1"},"canonical":"https:\/\/www.keoutdoordesign.com\/de-de\/referenzen\/gewerblich\/am-strand\/","og_locale":"de_DE","og_type":"article","og_title":"Am Strand","og_description":"Entdecken Sie die Flexibilit\u00e4t unserer Pergolen und \u00dcberdachungen f\u00fcr maritime Orte. Ma\u00dfgeschneiderte Kreationen.","og_url":"https:\/\/www.keoutdoordesign.com\/de-de\/referenzen\/gewerblich\/am-strand\/","og_site_name":"KE Outdoor Design","article_publisher":"https:\/\/www.facebook.com\/keoutdoordesign.us","article_modified_time":"2021-02-18T14:46:22+00:00","og_image":[{"width":2048,"height":1080,"url":"https:\/\/www.keoutdoordesign.com\/wp-content\/uploads\/2019\/07\/Lampedusa_3.jpg","type":"image\/jpeg"}],"twitter_card":"summary_large_image","twitter_site":"@keoutdoordesign","schema":{"@context":"https:\/\/schema.org","@graph":[{"@type":"WebPage","@id":"https:\/\/www.keoutdoordesign.com\/de-de\/referenzen\/gewerblich\/am-strand\/","url":"https:\/\/www.keoutdoordesign.com\/de-de\/referenzen\/gewerblich\/am-strand\/","name":"Pergolen und \u00dcberdachungen f\u00fcr maritime Orte - KE Outdoor Design","isPartOf":{"@id":"https:\/\/www.keoutdoordesign.com\/it-it\/#website"},"primaryImageOfPage":{"@id":"https:\/\/www.keoutdoordesign.com\/de-de\/referenzen\/gewerblich\/am-strand\/#primaryimage"},"image":{"@id":"https:\/\/www.keoutdoordesign.com\/de-de\/referenzen\/gewerblich\/am-strand\/#primaryimage"},"thumbnailUrl":"https:\/\/www.keoutdoordesign.com\/wp-content\/uploads\/2019\/07\/Lampedusa_3.jpg","datePublished":"2019-06-11T07:52:48+00:00","dateModified":"2021-02-18T14:46:22+00:00","description":"Entdecken Sie die Flexibilit\u00e4t unserer Pergolen und \u00dcberdachungen f\u00fcr maritime Orte. Ma\u00dfgeschneiderte Kreationen.","breadcrumb":{"@id":"https:\/\/www.keoutdoordesign.com\/de-de\/referenzen\/gewerblich\/am-strand\/#breadcrumb"},"inLanguage":"de","potentialAction":[{"@type":"ReadAction","target":["https:\/\/www.keoutdoordesign.com\/de-de\/referenzen\/gewerblich\/am-strand\/"]}]},{"@type":"ImageObject","inLanguage":"de","@id":"https:\/\/www.keoutdoordesign.com\/de-de\/referenzen\/gewerblich\/am-strand\/#primaryimage","url":"https:\/\/www.keoutdoordesign.com\/wp-content\/uploads\/2019\/07\/Lampedusa_3.jpg","contentUrl":"https:\/\/www.keoutdoordesign.com\/wp-content\/uploads\/2019\/07\/Lampedusa_3.jpg","width":2048,"height":1080,"caption":"pergola-pour-station-baln\u00e9aire"},{"@type":"BreadcrumbList","@id":"https:\/\/www.keoutdoordesign.com\/de-de\/referenzen\/gewerblich\/am-strand\/#breadcrumb","itemListElement":[{"@type":"ListItem","position":1,"name":"Home","item":"https:\/\/www.keoutdoordesign.com\/de-de\/"},{"@type":"ListItem","position":2,"name":"Referenzen","item":"https:\/\/www.keoutdoordesign.com\/de-de\/referenzen\/"},{"@type":"ListItem","position":3,"name":"Gewerblich","item":"https:\/\/www.keoutdoordesign.com\/de-de\/referenzen\/gewerblich\/"},{"@type":"ListItem","position":4,"name":"Am Strand"}]},{"@type":"WebSite","@id":"https:\/\/www.keoutdoordesign.com\/it-it\/#website","url":"https:\/\/www.keoutdoordesign.com\/it-it\/","name":"KE Outdoor Design","description":"Un nuovo sito targato WordPress","publisher":{"@id":"https:\/\/www.keoutdoordesign.com\/it-it\/#organization"},"potentialAction":[{"@type":"SearchAction","target":{"@type":"EntryPoint","urlTemplate":"https:\/\/www.keoutdoordesign.com\/it-it\/?s={search_term_string}"},"query-input":{"@type":"PropertyValueSpecification","valueRequired":true,"valueName":"search_term_string"}}],"inLanguage":"de"},{"@type":"Organization","@id":"https:\/\/www.keoutdoordesign.com\/it-it\/#organization","name":"KE Outdoor Design","url":"https:\/\/www.keoutdoordesign.com\/it-it\/","logo":{"@type":"ImageObject","inLanguage":"de","@id":"https:\/\/www.keoutdoordesign.com\/it-it\/#\/schema\/logo\/image\/","url":"https:\/\/www.keoutdoordesign.com\/wp-content\/uploads\/2020\/02\/KE-logo-Primary-e1591282842174.jpg","contentUrl":"https:\/\/www.keoutdoordesign.com\/wp-content\/uploads\/2020\/02\/KE-logo-Primary-e1591282842174.jpg","width":500,"height":396,"caption":"KE Outdoor Design"},"image":{"@id":"https:\/\/www.keoutdoordesign.com\/it-it\/#\/schema\/logo\/image\/"},"sameAs":["https:\/\/www.facebook.com\/keoutdoordesign.us","https:\/\/x.com\/keoutdoordesign","https:\/\/www.facebook.com\/keoutdoordesign","https:\/\/www.youtube.com\/channel\/UCSoMQryJpLqD53bAoZLg2Vg","https:\/\/www.pinterest.it\/keoutdoordesign\/","https:\/\/www.instagram.com\/keoutdoordesign\/","https:\/\/www.linkedin.com\/company\/ke-outdoor-design\/"]}]}},"_links":{"self":[{"href":"https:\/\/www.keoutdoordesign.com\/de-de\/wp-json\/wp\/v2\/pages\/5833","targetHints":{"allow":["GET"]}}],"collection":[{"href":"https:\/\/www.keoutdoordesign.com\/de-de\/wp-json\/wp\/v2\/pages"}],"about":[{"href":"https:\/\/www.keoutdoordesign.com\/de-de\/wp-json\/wp\/v2\/types\/page"}],"author":[{"embeddable":true,"href":"https:\/\/www.keoutdoordesign.com\/de-de\/wp-json\/wp\/v2\/users\/10608"}],"replies":[{"embeddable":true,"href":"https:\/\/www.keoutdoordesign.com\/de-de\/wp-json\/wp\/v2\/comments?post=5833"}],"version-history":[{"count":5,"href":"https:\/\/www.keoutdoordesign.com\/de-de\/wp-json\/wp\/v2\/pages\/5833\/revisions"}],"predecessor-version":[{"id":28342,"href":"https:\/\/www.keoutdoordesign.com\/de-de\/wp-json\/wp\/v2\/pages\/5833\/revisions\/28342"}],"up":[{"embeddable":true,"href":"https:\/\/www.keoutdoordesign.com\/de-de\/wp-json\/wp\/v2\/pages\/3299"}],"wp:featuredmedia":[{"embeddable":true,"href":"https:\/\/www.keoutdoordesign.com\/de-de\/wp-json\/wp\/v2\/media\/11371"}],"wp:attachment":[{"href":"https:\/\/www.keoutdoordesign.com\/de-de\/wp-json\/wp\/v2\/media?parent=5833"}],"curies":[{"name":"wp","href":"https:\/\/api.w.org\/{rel}","templated":true}]}}