{"id":5823,"date":"2019-06-11T09:52:33","date_gmt":"2019-06-11T07:52:33","guid":{"rendered":"http:\/\/ke.itpowernet.it\/?page_id=5823"},"modified":"2023-08-04T12:13:34","modified_gmt":"2023-08-04T10:13:34","slug":"event-locations","status":"publish","type":"page","link":"https:\/\/www.keoutdoordesign.com\/de-de\/referenzen\/gewerblich\/event-locations\/","title":{"rendered":"Event-Locations"},"content":{"rendered":"<p>Eine fabelhafte Lage, elegant und stilvoll eingerichtet bis ins kleinste Detail &#8211;<strong> dies sind die Zutaten f\u00fcr ein unvergessliches Ereignis, das noch eindrucksvoller werden kann, wenn es inmitten der Natur organisiert ist und durch eine Schattenspendende Struktur gesch\u00fctzt ist.<\/strong> Unsere bioklimatischen Pergolen mit flachem oder geneigtem Dach, Sonnensegel oder spezielle ma\u00dfgeschneiderte \u00dcberdachungen lassen neue Wohlf\u00fchloasen f\u00fcr Zeremonien, Bankette und Veranstaltungen entstehen.<\/p>\n<p>Trinken Sie, vor Sonnenstrahlen gesch\u00fctzt, einen k\u00fchlen Aperitif unter einer leichten und eleganten Aluminiumstruktur. Oder genie\u00dfen Sie ein leckeres Mittagessen im Schatten einer Pergola, die mit Senkrechtmarkisen ausgestattet ist. Solche speziellen \u00dcberdachungen schenken bei \u00d6ffnung den Blick auf den klaren Himmel in den angenehmsten Stunden des Tages.<\/p>\n<p><strong>Dank widerstandsf\u00e4higer und raffinierter \u00dcberdachungen und Beschattungsl\u00f6sungen bieten Event-Locations ihren G\u00e4sten unendliche M\u00f6glichkeiten.<\/strong> KE Systeme sch\u00fctzen vor Sonnenstrahlen, Regen und Feuchtigkeit. Hochwertige Accessoires schaffen Individuall\u00f6sungen f\u00fcr Schattenpl\u00e4tze nach Wunsch: Glas-Schiebet\u00fcren, Vertikal- oder Senkrechtmarkisen \u00f6ffnen den Blick nach au\u00dfen und sch\u00fctzen die Privatsph\u00e4re, integrierte LED-Beleuchtungen geben jedem Moment den richtigen Akzent, automatisierte Schiebed\u00e4cher bieten h\u00f6chsten Komfort. Diese und viele andere Details erm\u00f6glichen es Ihnen, das perfekte Ergebnis f\u00fcr Ihre G\u00e4ste zu erzielen.<\/p>\n","protected":false},"excerpt":{"rendered":"<p>Eine fabelhafte Lage, elegant und stilvoll eingerichtet bis ins kleinste Detail &#8211; dies sind die Zutaten f\u00fcr ein unvergessliches Ereignis,&hellip;<\/p>\n","protected":false},"author":10608,"featured_media":3533,"parent":3299,"menu_order":20,"comment_status":"closed","ping_status":"closed","template":"page-templates\/category-references.php","meta":{"_acf_changed":false,"footnotes":""},"class_list":["post-5823","page","type-page","status-publish","has-post-thumbnail","hentry"],"acf":[],"yoast_head":"<!-- This site is optimized with the Yoast SEO Premium plugin v20.12 (Yoast SEO v27.3) - https:\/\/yoast.com\/product\/yoast-seo-premium-wordpress\/ -->\n<title>Pergolen und Beschattungsl\u00f6sungen f\u00fcr Event-Locations - KE Outdoor<\/title>\n<meta name=\"description\" content=\"Wir gestalten bioklimatische Pergolen, Lamellend\u00e4cher und schattenspendende Markisen f\u00fcr Veranstaltungsr\u00e4ume. Verzaubern Sie Ihre G\u00e4ste!\" \/>\n<meta name=\"robots\" content=\"index, follow, max-snippet:-1, max-image-preview:large, max-video-preview:-1\" \/>\n<link rel=\"canonical\" href=\"https:\/\/www.keoutdoordesign.com\/de-de\/referenzen\/gewerblich\/event-locations\/\" \/>\n<meta property=\"og:locale\" content=\"de_DE\" \/>\n<meta property=\"og:type\" content=\"article\" \/>\n<meta property=\"og:title\" content=\"Event-Locations\" \/>\n<meta property=\"og:description\" content=\"Wir gestalten bioklimatische Pergolen, Lamellend\u00e4cher und schattenspendende Markisen f\u00fcr Veranstaltungsr\u00e4ume. Verzaubern Sie Ihre G\u00e4ste!\" \/>\n<meta property=\"og:url\" content=\"https:\/\/www.keoutdoordesign.com\/de-de\/referenzen\/gewerblich\/event-locations\/\" \/>\n<meta property=\"og:site_name\" content=\"KE Outdoor Design\" \/>\n<meta property=\"article:publisher\" content=\"https:\/\/www.facebook.com\/keoutdoordesign.us\" \/>\n<meta property=\"article:modified_time\" content=\"2023-08-04T10:13:34+00:00\" \/>\n<meta property=\"og:image\" content=\"https:\/\/www.keoutdoordesign.com\/wp-content\/uploads\/2019\/05\/KE_Casa-Casuarina_3.jpg\" \/>\n\t<meta property=\"og:image:width\" content=\"2048\" \/>\n\t<meta property=\"og:image:height\" content=\"1080\" \/>\n\t<meta property=\"og:image:type\" content=\"image\/jpeg\" \/>\n<meta name=\"twitter:card\" content=\"summary_large_image\" \/>\n<meta name=\"twitter:site\" content=\"@keoutdoordesign\" \/>\n<script type=\"application\/ld+json\" class=\"yoast-schema-graph\">{\"@context\":\"https:\\\/\\\/schema.org\",\"@graph\":[{\"@type\":\"WebPage\",\"@id\":\"https:\\\/\\\/www.keoutdoordesign.com\\\/de-de\\\/referenzen\\\/gewerblich\\\/event-locations\\\/\",\"url\":\"https:\\\/\\\/www.keoutdoordesign.com\\\/de-de\\\/referenzen\\\/gewerblich\\\/event-locations\\\/\",\"name\":\"Pergolen und Beschattungsl\u00f6sungen f\u00fcr Event-Locations - KE Outdoor\",\"isPartOf\":{\"@id\":\"https:\\\/\\\/www.keoutdoordesign.com\\\/it-it\\\/#website\"},\"primaryImageOfPage\":{\"@id\":\"https:\\\/\\\/www.keoutdoordesign.com\\\/de-de\\\/referenzen\\\/gewerblich\\\/event-locations\\\/#primaryimage\"},\"image\":{\"@id\":\"https:\\\/\\\/www.keoutdoordesign.com\\\/de-de\\\/referenzen\\\/gewerblich\\\/event-locations\\\/#primaryimage\"},\"thumbnailUrl\":\"https:\\\/\\\/www.keoutdoordesign.com\\\/wp-content\\\/uploads\\\/2019\\\/05\\\/KE_Casa-Casuarina_3.jpg\",\"datePublished\":\"2019-06-11T07:52:33+00:00\",\"dateModified\":\"2023-08-04T10:13:34+00:00\",\"description\":\"Wir gestalten bioklimatische Pergolen, Lamellend\u00e4cher und schattenspendende Markisen f\u00fcr Veranstaltungsr\u00e4ume. Verzaubern Sie Ihre G\u00e4ste!\",\"breadcrumb\":{\"@id\":\"https:\\\/\\\/www.keoutdoordesign.com\\\/de-de\\\/referenzen\\\/gewerblich\\\/event-locations\\\/#breadcrumb\"},\"inLanguage\":\"de\",\"potentialAction\":[{\"@type\":\"ReadAction\",\"target\":[\"https:\\\/\\\/www.keoutdoordesign.com\\\/de-de\\\/referenzen\\\/gewerblich\\\/event-locations\\\/\"]}]},{\"@type\":\"ImageObject\",\"inLanguage\":\"de\",\"@id\":\"https:\\\/\\\/www.keoutdoordesign.com\\\/de-de\\\/referenzen\\\/gewerblich\\\/event-locations\\\/#primaryimage\",\"url\":\"https:\\\/\\\/www.keoutdoordesign.com\\\/wp-content\\\/uploads\\\/2019\\\/05\\\/KE_Casa-Casuarina_3.jpg\",\"contentUrl\":\"https:\\\/\\\/www.keoutdoordesign.com\\\/wp-content\\\/uploads\\\/2019\\\/05\\\/KE_Casa-Casuarina_3.jpg\",\"width\":2048,\"height\":1080},{\"@type\":\"BreadcrumbList\",\"@id\":\"https:\\\/\\\/www.keoutdoordesign.com\\\/de-de\\\/referenzen\\\/gewerblich\\\/event-locations\\\/#breadcrumb\",\"itemListElement\":[{\"@type\":\"ListItem\",\"position\":1,\"name\":\"Home\",\"item\":\"https:\\\/\\\/www.keoutdoordesign.com\\\/de-de\\\/\"},{\"@type\":\"ListItem\",\"position\":2,\"name\":\"Referenzen\",\"item\":\"https:\\\/\\\/www.keoutdoordesign.com\\\/de-de\\\/referenzen\\\/\"},{\"@type\":\"ListItem\",\"position\":3,\"name\":\"Gewerblich\",\"item\":\"https:\\\/\\\/www.keoutdoordesign.com\\\/de-de\\\/referenzen\\\/gewerblich\\\/\"},{\"@type\":\"ListItem\",\"position\":4,\"name\":\"Event-Locations\"}]},{\"@type\":\"WebSite\",\"@id\":\"https:\\\/\\\/www.keoutdoordesign.com\\\/it-it\\\/#website\",\"url\":\"https:\\\/\\\/www.keoutdoordesign.com\\\/it-it\\\/\",\"name\":\"KE Outdoor Design\",\"description\":\"Un nuovo sito targato WordPress\",\"publisher\":{\"@id\":\"https:\\\/\\\/www.keoutdoordesign.com\\\/it-it\\\/#organization\"},\"potentialAction\":[{\"@type\":\"SearchAction\",\"target\":{\"@type\":\"EntryPoint\",\"urlTemplate\":\"https:\\\/\\\/www.keoutdoordesign.com\\\/it-it\\\/?s={search_term_string}\"},\"query-input\":{\"@type\":\"PropertyValueSpecification\",\"valueRequired\":true,\"valueName\":\"search_term_string\"}}],\"inLanguage\":\"de\"},{\"@type\":\"Organization\",\"@id\":\"https:\\\/\\\/www.keoutdoordesign.com\\\/it-it\\\/#organization\",\"name\":\"KE Outdoor Design\",\"url\":\"https:\\\/\\\/www.keoutdoordesign.com\\\/it-it\\\/\",\"logo\":{\"@type\":\"ImageObject\",\"inLanguage\":\"de\",\"@id\":\"https:\\\/\\\/www.keoutdoordesign.com\\\/it-it\\\/#\\\/schema\\\/logo\\\/image\\\/\",\"url\":\"https:\\\/\\\/www.keoutdoordesign.com\\\/wp-content\\\/uploads\\\/2020\\\/02\\\/KE-logo-Primary-e1591282842174.jpg\",\"contentUrl\":\"https:\\\/\\\/www.keoutdoordesign.com\\\/wp-content\\\/uploads\\\/2020\\\/02\\\/KE-logo-Primary-e1591282842174.jpg\",\"width\":500,\"height\":396,\"caption\":\"KE Outdoor Design\"},\"image\":{\"@id\":\"https:\\\/\\\/www.keoutdoordesign.com\\\/it-it\\\/#\\\/schema\\\/logo\\\/image\\\/\"},\"sameAs\":[\"https:\\\/\\\/www.facebook.com\\\/keoutdoordesign.us\",\"https:\\\/\\\/x.com\\\/keoutdoordesign\",\"https:\\\/\\\/www.facebook.com\\\/keoutdoordesign\",\"https:\\\/\\\/www.youtube.com\\\/channel\\\/UCSoMQryJpLqD53bAoZLg2Vg\",\"https:\\\/\\\/www.pinterest.it\\\/keoutdoordesign\\\/\",\"https:\\\/\\\/www.instagram.com\\\/keoutdoordesign\\\/\",\"https:\\\/\\\/www.linkedin.com\\\/company\\\/ke-outdoor-design\\\/\"]}]}<\/script>\n<!-- \/ Yoast SEO Premium plugin. -->","yoast_head_json":{"title":"Pergolen und Beschattungsl\u00f6sungen f\u00fcr Event-Locations - KE Outdoor","description":"Wir gestalten bioklimatische Pergolen, Lamellend\u00e4cher und schattenspendende Markisen f\u00fcr Veranstaltungsr\u00e4ume. Verzaubern Sie Ihre G\u00e4ste!","robots":{"index":"index","follow":"follow","max-snippet":"max-snippet:-1","max-image-preview":"max-image-preview:large","max-video-preview":"max-video-preview:-1"},"canonical":"https:\/\/www.keoutdoordesign.com\/de-de\/referenzen\/gewerblich\/event-locations\/","og_locale":"de_DE","og_type":"article","og_title":"Event-Locations","og_description":"Wir gestalten bioklimatische Pergolen, Lamellend\u00e4cher und schattenspendende Markisen f\u00fcr Veranstaltungsr\u00e4ume. Verzaubern Sie Ihre G\u00e4ste!","og_url":"https:\/\/www.keoutdoordesign.com\/de-de\/referenzen\/gewerblich\/event-locations\/","og_site_name":"KE Outdoor Design","article_publisher":"https:\/\/www.facebook.com\/keoutdoordesign.us","article_modified_time":"2023-08-04T10:13:34+00:00","og_image":[{"width":2048,"height":1080,"url":"https:\/\/www.keoutdoordesign.com\/wp-content\/uploads\/2019\/05\/KE_Casa-Casuarina_3.jpg","type":"image\/jpeg"}],"twitter_card":"summary_large_image","twitter_site":"@keoutdoordesign","schema":{"@context":"https:\/\/schema.org","@graph":[{"@type":"WebPage","@id":"https:\/\/www.keoutdoordesign.com\/de-de\/referenzen\/gewerblich\/event-locations\/","url":"https:\/\/www.keoutdoordesign.com\/de-de\/referenzen\/gewerblich\/event-locations\/","name":"Pergolen und Beschattungsl\u00f6sungen f\u00fcr Event-Locations - KE Outdoor","isPartOf":{"@id":"https:\/\/www.keoutdoordesign.com\/it-it\/#website"},"primaryImageOfPage":{"@id":"https:\/\/www.keoutdoordesign.com\/de-de\/referenzen\/gewerblich\/event-locations\/#primaryimage"},"image":{"@id":"https:\/\/www.keoutdoordesign.com\/de-de\/referenzen\/gewerblich\/event-locations\/#primaryimage"},"thumbnailUrl":"https:\/\/www.keoutdoordesign.com\/wp-content\/uploads\/2019\/05\/KE_Casa-Casuarina_3.jpg","datePublished":"2019-06-11T07:52:33+00:00","dateModified":"2023-08-04T10:13:34+00:00","description":"Wir gestalten bioklimatische Pergolen, Lamellend\u00e4cher und schattenspendende Markisen f\u00fcr Veranstaltungsr\u00e4ume. Verzaubern Sie Ihre G\u00e4ste!","breadcrumb":{"@id":"https:\/\/www.keoutdoordesign.com\/de-de\/referenzen\/gewerblich\/event-locations\/#breadcrumb"},"inLanguage":"de","potentialAction":[{"@type":"ReadAction","target":["https:\/\/www.keoutdoordesign.com\/de-de\/referenzen\/gewerblich\/event-locations\/"]}]},{"@type":"ImageObject","inLanguage":"de","@id":"https:\/\/www.keoutdoordesign.com\/de-de\/referenzen\/gewerblich\/event-locations\/#primaryimage","url":"https:\/\/www.keoutdoordesign.com\/wp-content\/uploads\/2019\/05\/KE_Casa-Casuarina_3.jpg","contentUrl":"https:\/\/www.keoutdoordesign.com\/wp-content\/uploads\/2019\/05\/KE_Casa-Casuarina_3.jpg","width":2048,"height":1080},{"@type":"BreadcrumbList","@id":"https:\/\/www.keoutdoordesign.com\/de-de\/referenzen\/gewerblich\/event-locations\/#breadcrumb","itemListElement":[{"@type":"ListItem","position":1,"name":"Home","item":"https:\/\/www.keoutdoordesign.com\/de-de\/"},{"@type":"ListItem","position":2,"name":"Referenzen","item":"https:\/\/www.keoutdoordesign.com\/de-de\/referenzen\/"},{"@type":"ListItem","position":3,"name":"Gewerblich","item":"https:\/\/www.keoutdoordesign.com\/de-de\/referenzen\/gewerblich\/"},{"@type":"ListItem","position":4,"name":"Event-Locations"}]},{"@type":"WebSite","@id":"https:\/\/www.keoutdoordesign.com\/it-it\/#website","url":"https:\/\/www.keoutdoordesign.com\/it-it\/","name":"KE Outdoor Design","description":"Un nuovo sito targato WordPress","publisher":{"@id":"https:\/\/www.keoutdoordesign.com\/it-it\/#organization"},"potentialAction":[{"@type":"SearchAction","target":{"@type":"EntryPoint","urlTemplate":"https:\/\/www.keoutdoordesign.com\/it-it\/?s={search_term_string}"},"query-input":{"@type":"PropertyValueSpecification","valueRequired":true,"valueName":"search_term_string"}}],"inLanguage":"de"},{"@type":"Organization","@id":"https:\/\/www.keoutdoordesign.com\/it-it\/#organization","name":"KE Outdoor Design","url":"https:\/\/www.keoutdoordesign.com\/it-it\/","logo":{"@type":"ImageObject","inLanguage":"de","@id":"https:\/\/www.keoutdoordesign.com\/it-it\/#\/schema\/logo\/image\/","url":"https:\/\/www.keoutdoordesign.com\/wp-content\/uploads\/2020\/02\/KE-logo-Primary-e1591282842174.jpg","contentUrl":"https:\/\/www.keoutdoordesign.com\/wp-content\/uploads\/2020\/02\/KE-logo-Primary-e1591282842174.jpg","width":500,"height":396,"caption":"KE Outdoor Design"},"image":{"@id":"https:\/\/www.keoutdoordesign.com\/it-it\/#\/schema\/logo\/image\/"},"sameAs":["https:\/\/www.facebook.com\/keoutdoordesign.us","https:\/\/x.com\/keoutdoordesign","https:\/\/www.facebook.com\/keoutdoordesign","https:\/\/www.youtube.com\/channel\/UCSoMQryJpLqD53bAoZLg2Vg","https:\/\/www.pinterest.it\/keoutdoordesign\/","https:\/\/www.instagram.com\/keoutdoordesign\/","https:\/\/www.linkedin.com\/company\/ke-outdoor-design\/"]}]}},"_links":{"self":[{"href":"https:\/\/www.keoutdoordesign.com\/de-de\/wp-json\/wp\/v2\/pages\/5823","targetHints":{"allow":["GET"]}}],"collection":[{"href":"https:\/\/www.keoutdoordesign.com\/de-de\/wp-json\/wp\/v2\/pages"}],"about":[{"href":"https:\/\/www.keoutdoordesign.com\/de-de\/wp-json\/wp\/v2\/types\/page"}],"author":[{"embeddable":true,"href":"https:\/\/www.keoutdoordesign.com\/de-de\/wp-json\/wp\/v2\/users\/10608"}],"replies":[{"embeddable":true,"href":"https:\/\/www.keoutdoordesign.com\/de-de\/wp-json\/wp\/v2\/comments?post=5823"}],"version-history":[{"count":6,"href":"https:\/\/www.keoutdoordesign.com\/de-de\/wp-json\/wp\/v2\/pages\/5823\/revisions"}],"predecessor-version":[{"id":61985,"href":"https:\/\/www.keoutdoordesign.com\/de-de\/wp-json\/wp\/v2\/pages\/5823\/revisions\/61985"}],"up":[{"embeddable":true,"href":"https:\/\/www.keoutdoordesign.com\/de-de\/wp-json\/wp\/v2\/pages\/3299"}],"wp:featuredmedia":[{"embeddable":true,"href":"https:\/\/www.keoutdoordesign.com\/de-de\/wp-json\/wp\/v2\/media\/3533"}],"wp:attachment":[{"href":"https:\/\/www.keoutdoordesign.com\/de-de\/wp-json\/wp\/v2\/media?parent=5823"}],"curies":[{"name":"wp","href":"https:\/\/api.w.org\/{rel}","templated":true}]}}