{"id":5813,"date":"2019-06-11T09:52:11","date_gmt":"2019-06-11T07:52:11","guid":{"rendered":"http:\/\/ke.itpowernet.it\/?page_id=5813"},"modified":"2023-08-04T12:18:16","modified_gmt":"2023-08-04T10:18:16","slug":"am-meer","status":"publish","type":"page","link":"https:\/\/www.keoutdoordesign.com\/de-de\/referenzen\/privat\/am-meer\/","title":{"rendered":"Am Meer"},"content":{"rendered":"<p>Entspannen in maritimer Umgebung ist eine Wohltat f\u00fcr Geist, Seele und K\u00f6rper.Wenn<strong> Sie Sonne und Meer<\/strong> <strong>in vollen Z\u00fcgen genie\u00dfen<\/strong> wollen, brauchen Sie an Strand und Pool schattige R\u00fcckzugsorte vor allzu gro\u00dfer Hitze. Diesen schaffen unsere <strong>Au\u00dfenverkleidungen und Sonnensegel<\/strong>: Die <strong>bioklimatische Pergolen und Lamellend\u00e4cher<\/strong> lassen angenehm k\u00fchle Pl\u00e4tze entstehen, ohne den Blick aufs Meer zu versperren.<\/p>\n<p>Ein Mittagessen am Strand, umf\u00e4chelt von der Meeresbrise und gesch\u00fctzt vor den Sonnenstrahlen? Dank der bioklimatischen Pergolen mit flachem oder schr\u00e4gen Dach ist die Entspannung nur einen Handgriff entfernt! Faulenzen bei Wellenrauschen, ein Buch lesen oder ein Nickerchen machen? Unsere robusten und langlebigen <strong>Sonnensegel Kheope und Kolibrie<\/strong> in maritimen Flair lassen Ihre Tr\u00e4ume wahr werden.<\/p>\n<p>Dank unserer gro\u00dfen Auswahl an Markisen f\u00fcr den maritimen Bereich finden wir gemeinsam die ideale L\u00f6sung, damit Sie optimal vor der Sonne gesch\u00fctzt sind.<\/p>\n","protected":false},"excerpt":{"rendered":"<p>Entspannen in maritimer Umgebung ist eine Wohltat f\u00fcr Geist, Seele und K\u00f6rper.Wenn Sie Sonne und Meer in vollen Z\u00fcgen genie\u00dfen&hellip;<\/p>\n","protected":false},"author":10608,"featured_media":2950,"parent":3301,"menu_order":7,"comment_status":"closed","ping_status":"closed","template":"page-templates\/category-references.php","meta":{"_acf_changed":false,"footnotes":""},"class_list":["post-5813","page","type-page","status-publish","has-post-thumbnail","hentry"],"acf":[],"yoast_head":"<!-- This site is optimized with the Yoast SEO Premium plugin v20.12 (Yoast SEO v27.3) - https:\/\/yoast.com\/product\/yoast-seo-premium-wordpress\/ -->\n<title>Bioklimatische Lamellend\u00e4cher und Pergolen am Meer - KE Outdoor<\/title>\n<meta name=\"description\" content=\"Vielf\u00e4ltige L\u00f6sungen f\u00fcr das Leben am Meer - ma\u00dfgeschneiderte Terrassen- und Lamellend\u00e4cher, Pergolen und Markisen.\" \/>\n<meta name=\"robots\" content=\"index, follow, max-snippet:-1, max-image-preview:large, max-video-preview:-1\" \/>\n<link rel=\"canonical\" href=\"https:\/\/www.keoutdoordesign.com\/de-de\/referenzen\/privat\/am-meer\/\" \/>\n<meta property=\"og:locale\" content=\"de_DE\" \/>\n<meta property=\"og:type\" content=\"article\" \/>\n<meta property=\"og:title\" content=\"Am Meer\" \/>\n<meta property=\"og:description\" content=\"Vielf\u00e4ltige L\u00f6sungen f\u00fcr das Leben am Meer - ma\u00dfgeschneiderte Terrassen- und Lamellend\u00e4cher, Pergolen und Markisen.\" \/>\n<meta property=\"og:url\" content=\"https:\/\/www.keoutdoordesign.com\/de-de\/referenzen\/privat\/am-meer\/\" \/>\n<meta property=\"og:site_name\" content=\"KE Outdoor Design\" \/>\n<meta property=\"article:publisher\" content=\"https:\/\/www.facebook.com\/keoutdoordesign.us\" \/>\n<meta property=\"article:modified_time\" content=\"2023-08-04T10:18:16+00:00\" \/>\n<meta property=\"og:image\" content=\"https:\/\/www.keoutdoordesign.com\/wp-content\/uploads\/2019\/05\/ResLatina_KedryPrime_1.jpg\" \/>\n\t<meta property=\"og:image:width\" content=\"2048\" \/>\n\t<meta property=\"og:image:height\" content=\"1080\" \/>\n\t<meta property=\"og:image:type\" content=\"image\/jpeg\" \/>\n<meta name=\"twitter:card\" content=\"summary_large_image\" \/>\n<meta name=\"twitter:site\" content=\"@keoutdoordesign\" \/>\n<script type=\"application\/ld+json\" class=\"yoast-schema-graph\">{\"@context\":\"https:\\\/\\\/schema.org\",\"@graph\":[{\"@type\":\"WebPage\",\"@id\":\"https:\\\/\\\/www.keoutdoordesign.com\\\/de-de\\\/referenzen\\\/privat\\\/am-meer\\\/\",\"url\":\"https:\\\/\\\/www.keoutdoordesign.com\\\/de-de\\\/referenzen\\\/privat\\\/am-meer\\\/\",\"name\":\"Bioklimatische Lamellend\u00e4cher und Pergolen am Meer - KE Outdoor\",\"isPartOf\":{\"@id\":\"https:\\\/\\\/www.keoutdoordesign.com\\\/it-it\\\/#website\"},\"primaryImageOfPage\":{\"@id\":\"https:\\\/\\\/www.keoutdoordesign.com\\\/de-de\\\/referenzen\\\/privat\\\/am-meer\\\/#primaryimage\"},\"image\":{\"@id\":\"https:\\\/\\\/www.keoutdoordesign.com\\\/de-de\\\/referenzen\\\/privat\\\/am-meer\\\/#primaryimage\"},\"thumbnailUrl\":\"https:\\\/\\\/www.keoutdoordesign.com\\\/wp-content\\\/uploads\\\/2019\\\/05\\\/ResLatina_KedryPrime_1.jpg\",\"datePublished\":\"2019-06-11T07:52:11+00:00\",\"dateModified\":\"2023-08-04T10:18:16+00:00\",\"description\":\"Vielf\u00e4ltige L\u00f6sungen f\u00fcr das Leben am Meer - ma\u00dfgeschneiderte Terrassen- und Lamellend\u00e4cher, Pergolen und Markisen.\",\"breadcrumb\":{\"@id\":\"https:\\\/\\\/www.keoutdoordesign.com\\\/de-de\\\/referenzen\\\/privat\\\/am-meer\\\/#breadcrumb\"},\"inLanguage\":\"de\",\"potentialAction\":[{\"@type\":\"ReadAction\",\"target\":[\"https:\\\/\\\/www.keoutdoordesign.com\\\/de-de\\\/referenzen\\\/privat\\\/am-meer\\\/\"]}]},{\"@type\":\"ImageObject\",\"inLanguage\":\"de\",\"@id\":\"https:\\\/\\\/www.keoutdoordesign.com\\\/de-de\\\/referenzen\\\/privat\\\/am-meer\\\/#primaryimage\",\"url\":\"https:\\\/\\\/www.keoutdoordesign.com\\\/wp-content\\\/uploads\\\/2019\\\/05\\\/ResLatina_KedryPrime_1.jpg\",\"contentUrl\":\"https:\\\/\\\/www.keoutdoordesign.com\\\/wp-content\\\/uploads\\\/2019\\\/05\\\/ResLatina_KedryPrime_1.jpg\",\"width\":2048,\"height\":1080,\"caption\":\"stores ext\u00e9rieurs r\u00e9sistants\"},{\"@type\":\"BreadcrumbList\",\"@id\":\"https:\\\/\\\/www.keoutdoordesign.com\\\/de-de\\\/referenzen\\\/privat\\\/am-meer\\\/#breadcrumb\",\"itemListElement\":[{\"@type\":\"ListItem\",\"position\":1,\"name\":\"Home\",\"item\":\"https:\\\/\\\/www.keoutdoordesign.com\\\/de-de\\\/\"},{\"@type\":\"ListItem\",\"position\":2,\"name\":\"Referenzen\",\"item\":\"https:\\\/\\\/www.keoutdoordesign.com\\\/de-de\\\/referenzen\\\/\"},{\"@type\":\"ListItem\",\"position\":3,\"name\":\"Privat\",\"item\":\"https:\\\/\\\/www.keoutdoordesign.com\\\/de-de\\\/referenzen\\\/privat\\\/\"},{\"@type\":\"ListItem\",\"position\":4,\"name\":\"Am Meer\"}]},{\"@type\":\"WebSite\",\"@id\":\"https:\\\/\\\/www.keoutdoordesign.com\\\/it-it\\\/#website\",\"url\":\"https:\\\/\\\/www.keoutdoordesign.com\\\/it-it\\\/\",\"name\":\"KE Outdoor Design\",\"description\":\"Un nuovo sito targato WordPress\",\"publisher\":{\"@id\":\"https:\\\/\\\/www.keoutdoordesign.com\\\/it-it\\\/#organization\"},\"potentialAction\":[{\"@type\":\"SearchAction\",\"target\":{\"@type\":\"EntryPoint\",\"urlTemplate\":\"https:\\\/\\\/www.keoutdoordesign.com\\\/it-it\\\/?s={search_term_string}\"},\"query-input\":{\"@type\":\"PropertyValueSpecification\",\"valueRequired\":true,\"valueName\":\"search_term_string\"}}],\"inLanguage\":\"de\"},{\"@type\":\"Organization\",\"@id\":\"https:\\\/\\\/www.keoutdoordesign.com\\\/it-it\\\/#organization\",\"name\":\"KE Outdoor Design\",\"url\":\"https:\\\/\\\/www.keoutdoordesign.com\\\/it-it\\\/\",\"logo\":{\"@type\":\"ImageObject\",\"inLanguage\":\"de\",\"@id\":\"https:\\\/\\\/www.keoutdoordesign.com\\\/it-it\\\/#\\\/schema\\\/logo\\\/image\\\/\",\"url\":\"https:\\\/\\\/www.keoutdoordesign.com\\\/wp-content\\\/uploads\\\/2020\\\/02\\\/KE-logo-Primary-e1591282842174.jpg\",\"contentUrl\":\"https:\\\/\\\/www.keoutdoordesign.com\\\/wp-content\\\/uploads\\\/2020\\\/02\\\/KE-logo-Primary-e1591282842174.jpg\",\"width\":500,\"height\":396,\"caption\":\"KE Outdoor Design\"},\"image\":{\"@id\":\"https:\\\/\\\/www.keoutdoordesign.com\\\/it-it\\\/#\\\/schema\\\/logo\\\/image\\\/\"},\"sameAs\":[\"https:\\\/\\\/www.facebook.com\\\/keoutdoordesign.us\",\"https:\\\/\\\/x.com\\\/keoutdoordesign\",\"https:\\\/\\\/www.facebook.com\\\/keoutdoordesign\",\"https:\\\/\\\/www.youtube.com\\\/channel\\\/UCSoMQryJpLqD53bAoZLg2Vg\",\"https:\\\/\\\/www.pinterest.it\\\/keoutdoordesign\\\/\",\"https:\\\/\\\/www.instagram.com\\\/keoutdoordesign\\\/\",\"https:\\\/\\\/www.linkedin.com\\\/company\\\/ke-outdoor-design\\\/\"]}]}<\/script>\n<!-- \/ Yoast SEO Premium plugin. -->","yoast_head_json":{"title":"Bioklimatische Lamellend\u00e4cher und Pergolen am Meer - KE Outdoor","description":"Vielf\u00e4ltige L\u00f6sungen f\u00fcr das Leben am Meer - ma\u00dfgeschneiderte Terrassen- und Lamellend\u00e4cher, Pergolen und Markisen.","robots":{"index":"index","follow":"follow","max-snippet":"max-snippet:-1","max-image-preview":"max-image-preview:large","max-video-preview":"max-video-preview:-1"},"canonical":"https:\/\/www.keoutdoordesign.com\/de-de\/referenzen\/privat\/am-meer\/","og_locale":"de_DE","og_type":"article","og_title":"Am Meer","og_description":"Vielf\u00e4ltige L\u00f6sungen f\u00fcr das Leben am Meer - ma\u00dfgeschneiderte Terrassen- und Lamellend\u00e4cher, Pergolen und Markisen.","og_url":"https:\/\/www.keoutdoordesign.com\/de-de\/referenzen\/privat\/am-meer\/","og_site_name":"KE Outdoor Design","article_publisher":"https:\/\/www.facebook.com\/keoutdoordesign.us","article_modified_time":"2023-08-04T10:18:16+00:00","og_image":[{"width":2048,"height":1080,"url":"https:\/\/www.keoutdoordesign.com\/wp-content\/uploads\/2019\/05\/ResLatina_KedryPrime_1.jpg","type":"image\/jpeg"}],"twitter_card":"summary_large_image","twitter_site":"@keoutdoordesign","schema":{"@context":"https:\/\/schema.org","@graph":[{"@type":"WebPage","@id":"https:\/\/www.keoutdoordesign.com\/de-de\/referenzen\/privat\/am-meer\/","url":"https:\/\/www.keoutdoordesign.com\/de-de\/referenzen\/privat\/am-meer\/","name":"Bioklimatische Lamellend\u00e4cher und Pergolen am Meer - KE Outdoor","isPartOf":{"@id":"https:\/\/www.keoutdoordesign.com\/it-it\/#website"},"primaryImageOfPage":{"@id":"https:\/\/www.keoutdoordesign.com\/de-de\/referenzen\/privat\/am-meer\/#primaryimage"},"image":{"@id":"https:\/\/www.keoutdoordesign.com\/de-de\/referenzen\/privat\/am-meer\/#primaryimage"},"thumbnailUrl":"https:\/\/www.keoutdoordesign.com\/wp-content\/uploads\/2019\/05\/ResLatina_KedryPrime_1.jpg","datePublished":"2019-06-11T07:52:11+00:00","dateModified":"2023-08-04T10:18:16+00:00","description":"Vielf\u00e4ltige L\u00f6sungen f\u00fcr das Leben am Meer - ma\u00dfgeschneiderte Terrassen- und Lamellend\u00e4cher, Pergolen und Markisen.","breadcrumb":{"@id":"https:\/\/www.keoutdoordesign.com\/de-de\/referenzen\/privat\/am-meer\/#breadcrumb"},"inLanguage":"de","potentialAction":[{"@type":"ReadAction","target":["https:\/\/www.keoutdoordesign.com\/de-de\/referenzen\/privat\/am-meer\/"]}]},{"@type":"ImageObject","inLanguage":"de","@id":"https:\/\/www.keoutdoordesign.com\/de-de\/referenzen\/privat\/am-meer\/#primaryimage","url":"https:\/\/www.keoutdoordesign.com\/wp-content\/uploads\/2019\/05\/ResLatina_KedryPrime_1.jpg","contentUrl":"https:\/\/www.keoutdoordesign.com\/wp-content\/uploads\/2019\/05\/ResLatina_KedryPrime_1.jpg","width":2048,"height":1080,"caption":"stores ext\u00e9rieurs r\u00e9sistants"},{"@type":"BreadcrumbList","@id":"https:\/\/www.keoutdoordesign.com\/de-de\/referenzen\/privat\/am-meer\/#breadcrumb","itemListElement":[{"@type":"ListItem","position":1,"name":"Home","item":"https:\/\/www.keoutdoordesign.com\/de-de\/"},{"@type":"ListItem","position":2,"name":"Referenzen","item":"https:\/\/www.keoutdoordesign.com\/de-de\/referenzen\/"},{"@type":"ListItem","position":3,"name":"Privat","item":"https:\/\/www.keoutdoordesign.com\/de-de\/referenzen\/privat\/"},{"@type":"ListItem","position":4,"name":"Am Meer"}]},{"@type":"WebSite","@id":"https:\/\/www.keoutdoordesign.com\/it-it\/#website","url":"https:\/\/www.keoutdoordesign.com\/it-it\/","name":"KE Outdoor Design","description":"Un nuovo sito targato WordPress","publisher":{"@id":"https:\/\/www.keoutdoordesign.com\/it-it\/#organization"},"potentialAction":[{"@type":"SearchAction","target":{"@type":"EntryPoint","urlTemplate":"https:\/\/www.keoutdoordesign.com\/it-it\/?s={search_term_string}"},"query-input":{"@type":"PropertyValueSpecification","valueRequired":true,"valueName":"search_term_string"}}],"inLanguage":"de"},{"@type":"Organization","@id":"https:\/\/www.keoutdoordesign.com\/it-it\/#organization","name":"KE Outdoor Design","url":"https:\/\/www.keoutdoordesign.com\/it-it\/","logo":{"@type":"ImageObject","inLanguage":"de","@id":"https:\/\/www.keoutdoordesign.com\/it-it\/#\/schema\/logo\/image\/","url":"https:\/\/www.keoutdoordesign.com\/wp-content\/uploads\/2020\/02\/KE-logo-Primary-e1591282842174.jpg","contentUrl":"https:\/\/www.keoutdoordesign.com\/wp-content\/uploads\/2020\/02\/KE-logo-Primary-e1591282842174.jpg","width":500,"height":396,"caption":"KE Outdoor Design"},"image":{"@id":"https:\/\/www.keoutdoordesign.com\/it-it\/#\/schema\/logo\/image\/"},"sameAs":["https:\/\/www.facebook.com\/keoutdoordesign.us","https:\/\/x.com\/keoutdoordesign","https:\/\/www.facebook.com\/keoutdoordesign","https:\/\/www.youtube.com\/channel\/UCSoMQryJpLqD53bAoZLg2Vg","https:\/\/www.pinterest.it\/keoutdoordesign\/","https:\/\/www.instagram.com\/keoutdoordesign\/","https:\/\/www.linkedin.com\/company\/ke-outdoor-design\/"]}]}},"_links":{"self":[{"href":"https:\/\/www.keoutdoordesign.com\/de-de\/wp-json\/wp\/v2\/pages\/5813","targetHints":{"allow":["GET"]}}],"collection":[{"href":"https:\/\/www.keoutdoordesign.com\/de-de\/wp-json\/wp\/v2\/pages"}],"about":[{"href":"https:\/\/www.keoutdoordesign.com\/de-de\/wp-json\/wp\/v2\/types\/page"}],"author":[{"embeddable":true,"href":"https:\/\/www.keoutdoordesign.com\/de-de\/wp-json\/wp\/v2\/users\/10608"}],"replies":[{"embeddable":true,"href":"https:\/\/www.keoutdoordesign.com\/de-de\/wp-json\/wp\/v2\/comments?post=5813"}],"version-history":[{"count":6,"href":"https:\/\/www.keoutdoordesign.com\/de-de\/wp-json\/wp\/v2\/pages\/5813\/revisions"}],"predecessor-version":[{"id":61987,"href":"https:\/\/www.keoutdoordesign.com\/de-de\/wp-json\/wp\/v2\/pages\/5813\/revisions\/61987"}],"up":[{"embeddable":true,"href":"https:\/\/www.keoutdoordesign.com\/de-de\/wp-json\/wp\/v2\/pages\/3301"}],"wp:featuredmedia":[{"embeddable":true,"href":"https:\/\/www.keoutdoordesign.com\/de-de\/wp-json\/wp\/v2\/media\/2950"}],"wp:attachment":[{"href":"https:\/\/www.keoutdoordesign.com\/de-de\/wp-json\/wp\/v2\/media?parent=5813"}],"curies":[{"name":"wp","href":"https:\/\/api.w.org\/{rel}","templated":true}]}}