{"id":5773,"date":"2019-06-11T09:51:42","date_gmt":"2019-06-11T07:51:42","guid":{"rendered":"http:\/\/ke.itpowernet.it\/?page_id=5773"},"modified":"2023-08-09T17:03:56","modified_gmt":"2023-08-09T15:03:56","slug":"hauser-mit-garten","status":"publish","type":"page","link":"https:\/\/www.keoutdoordesign.com\/de-de\/referenzen\/privat\/hauser-mit-garten\/","title":{"rendered":"H\u00e4user mit G\u00e4rten"},"content":{"rendered":"<p>Sie w\u00fcnschen Sie eine Wohlf\u00fchloase im Gr\u00fcnen, auch wenn das Wetter nicht optimal ist? Mit unseren Terrassen- und Lamellend\u00e4chern sowie Pergolen schaffen Sie wunderbare R\u00fcckzugsorte, an denen Sie fast das ganze Jahr entspannen k\u00f6nnen.<\/p>\n<p>Verwalten Sie den Lichteinfall oder Schatten einfach selbst: Unsere \u00dcberdachungen bieten maximale Flexibilit\u00e4t und k\u00f6nnen ganz oder teilweise ge\u00f6ffnet werden. So regulieren Sie den Sonneneinfall ganz individuell nach Jahres- und Tageszeit. Eine bioklimatische Pergola oder Terrassendach sch\u00fctzt sie dank ihres widerstandsf\u00e4higen Daches auch bei Regen und schlechtem Wetter.<\/p>\n<p>Jede \u00dcberdachung oder Markise wird ganz nach Ihren W\u00fcnschen gestaltet. Sie k\u00f6nnen D\u00e4cher mit flachem oder schr\u00e4gen Dach w\u00e4hlen, die an der Wand befestigt oder freistehend montiert werden. F\u00fcr Markisen steht eine gro\u00dfe Kollektion an Stoffen und Farben zur Verf\u00fcgung. Optionales Zubeh\u00f6r wie Beleuchtung, Soundsysteme, senkrechte Markisen oder Glaselemente schaffen grenzenlose Gestaltungsm\u00f6glichkeiten. So verstr\u00f6men unsere \u00dcberdachungen auch nachts einen unnachahmlichen Zauber, wenn integrierte LED-Leuchten Ihren Freisitz in ein romantisches Lichtermeer voller Charme verwandeln.<\/p>\n","protected":false},"excerpt":{"rendered":"<p>Sie w\u00fcnschen Sie eine Wohlf\u00fchloase im Gr\u00fcnen, auch wenn das Wetter nicht optimal ist? Mit unseren Terrassen- und Lamellend\u00e4chern sowie&hellip;<\/p>\n","protected":false},"author":10608,"featured_media":31992,"parent":3301,"menu_order":19,"comment_status":"closed","ping_status":"closed","template":"page-templates\/category-references.php","meta":{"_acf_changed":false,"footnotes":""},"class_list":["post-5773","page","type-page","status-publish","has-post-thumbnail","hentry"],"acf":[],"yoast_head":"<!-- This site is optimized with the Yoast SEO Premium plugin v20.12 (Yoast SEO v27.3) - https:\/\/yoast.com\/product\/yoast-seo-premium-wordpress\/ -->\n<title>Beschattungsl\u00f6sungen f\u00fcr H\u00e4user mit Garten | KE Outdoor Design<\/title>\n<meta name=\"description\" content=\"Schaffen Sie sich eine Wohlf\u00fchl-Oase im Freien mit unseren ma\u00dfgeschneiderten Lamellen- und Terrassend\u00e4chern, Pergolen und Markisen. Wir beraten Sie gerne!\" \/>\n<meta name=\"robots\" content=\"index, follow, max-snippet:-1, max-image-preview:large, max-video-preview:-1\" \/>\n<link rel=\"canonical\" href=\"https:\/\/www.keoutdoordesign.com\/de-de\/referenzen\/privat\/hauser-mit-garten\/\" \/>\n<meta property=\"og:locale\" content=\"de_DE\" \/>\n<meta property=\"og:type\" content=\"article\" \/>\n<meta property=\"og:title\" content=\"H\u00e4user mit G\u00e4rten\" \/>\n<meta property=\"og:description\" content=\"Schaffen Sie sich eine Wohlf\u00fchl-Oase im Freien mit unseren ma\u00dfgeschneiderten Lamellen- und Terrassend\u00e4chern, Pergolen und Markisen. Wir beraten Sie gerne!\" \/>\n<meta property=\"og:url\" content=\"https:\/\/www.keoutdoordesign.com\/de-de\/referenzen\/privat\/hauser-mit-garten\/\" \/>\n<meta property=\"og:site_name\" content=\"KE Outdoor Design\" \/>\n<meta property=\"article:publisher\" content=\"https:\/\/www.facebook.com\/keoutdoordesign.us\" \/>\n<meta property=\"article:modified_time\" content=\"2023-08-09T15:03:56+00:00\" \/>\n<meta property=\"og:image\" content=\"https:\/\/www.keoutdoordesign.com\/wp-content\/uploads\/2021\/03\/pergola-con-telo-avvolto-ke-gennius-xtesa-plain-2.jpg\" \/>\n\t<meta property=\"og:image:width\" content=\"2048\" \/>\n\t<meta property=\"og:image:height\" content=\"1080\" \/>\n\t<meta property=\"og:image:type\" content=\"image\/jpeg\" \/>\n<meta name=\"twitter:card\" content=\"summary_large_image\" \/>\n<meta name=\"twitter:site\" content=\"@keoutdoordesign\" \/>\n<script type=\"application\/ld+json\" class=\"yoast-schema-graph\">{\"@context\":\"https:\\\/\\\/schema.org\",\"@graph\":[{\"@type\":\"WebPage\",\"@id\":\"https:\\\/\\\/www.keoutdoordesign.com\\\/de-de\\\/referenzen\\\/privat\\\/hauser-mit-garten\\\/\",\"url\":\"https:\\\/\\\/www.keoutdoordesign.com\\\/de-de\\\/referenzen\\\/privat\\\/hauser-mit-garten\\\/\",\"name\":\"Beschattungsl\u00f6sungen f\u00fcr H\u00e4user mit Garten | KE Outdoor Design\",\"isPartOf\":{\"@id\":\"https:\\\/\\\/www.keoutdoordesign.com\\\/it-it\\\/#website\"},\"primaryImageOfPage\":{\"@id\":\"https:\\\/\\\/www.keoutdoordesign.com\\\/de-de\\\/referenzen\\\/privat\\\/hauser-mit-garten\\\/#primaryimage\"},\"image\":{\"@id\":\"https:\\\/\\\/www.keoutdoordesign.com\\\/de-de\\\/referenzen\\\/privat\\\/hauser-mit-garten\\\/#primaryimage\"},\"thumbnailUrl\":\"https:\\\/\\\/www.keoutdoordesign.com\\\/wp-content\\\/uploads\\\/2021\\\/03\\\/pergola-con-telo-avvolto-ke-gennius-xtesa-plain-2.jpg\",\"datePublished\":\"2019-06-11T07:51:42+00:00\",\"dateModified\":\"2023-08-09T15:03:56+00:00\",\"description\":\"Schaffen Sie sich eine Wohlf\u00fchl-Oase im Freien mit unseren ma\u00dfgeschneiderten Lamellen- und Terrassend\u00e4chern, Pergolen und Markisen. Wir beraten Sie gerne!\",\"breadcrumb\":{\"@id\":\"https:\\\/\\\/www.keoutdoordesign.com\\\/de-de\\\/referenzen\\\/privat\\\/hauser-mit-garten\\\/#breadcrumb\"},\"inLanguage\":\"de\",\"potentialAction\":[{\"@type\":\"ReadAction\",\"target\":[\"https:\\\/\\\/www.keoutdoordesign.com\\\/de-de\\\/referenzen\\\/privat\\\/hauser-mit-garten\\\/\"]}]},{\"@type\":\"ImageObject\",\"inLanguage\":\"de\",\"@id\":\"https:\\\/\\\/www.keoutdoordesign.com\\\/de-de\\\/referenzen\\\/privat\\\/hauser-mit-garten\\\/#primaryimage\",\"url\":\"https:\\\/\\\/www.keoutdoordesign.com\\\/wp-content\\\/uploads\\\/2021\\\/03\\\/pergola-con-telo-avvolto-ke-gennius-xtesa-plain-2.jpg\",\"contentUrl\":\"https:\\\/\\\/www.keoutdoordesign.com\\\/wp-content\\\/uploads\\\/2021\\\/03\\\/pergola-con-telo-avvolto-ke-gennius-xtesa-plain-2.jpg\",\"width\":2048,\"height\":1080,\"caption\":\"pergola-con-telo-avvolto-ke-gennius-xtesa-plain-2\"},{\"@type\":\"BreadcrumbList\",\"@id\":\"https:\\\/\\\/www.keoutdoordesign.com\\\/de-de\\\/referenzen\\\/privat\\\/hauser-mit-garten\\\/#breadcrumb\",\"itemListElement\":[{\"@type\":\"ListItem\",\"position\":1,\"name\":\"Home\",\"item\":\"https:\\\/\\\/www.keoutdoordesign.com\\\/de-de\\\/\"},{\"@type\":\"ListItem\",\"position\":2,\"name\":\"Referenzen\",\"item\":\"https:\\\/\\\/www.keoutdoordesign.com\\\/de-de\\\/referenzen\\\/\"},{\"@type\":\"ListItem\",\"position\":3,\"name\":\"Privat\",\"item\":\"https:\\\/\\\/www.keoutdoordesign.com\\\/de-de\\\/referenzen\\\/privat\\\/\"},{\"@type\":\"ListItem\",\"position\":4,\"name\":\"H\u00e4user mit G\u00e4rten\"}]},{\"@type\":\"WebSite\",\"@id\":\"https:\\\/\\\/www.keoutdoordesign.com\\\/it-it\\\/#website\",\"url\":\"https:\\\/\\\/www.keoutdoordesign.com\\\/it-it\\\/\",\"name\":\"KE Outdoor Design\",\"description\":\"Un nuovo sito targato WordPress\",\"publisher\":{\"@id\":\"https:\\\/\\\/www.keoutdoordesign.com\\\/it-it\\\/#organization\"},\"potentialAction\":[{\"@type\":\"SearchAction\",\"target\":{\"@type\":\"EntryPoint\",\"urlTemplate\":\"https:\\\/\\\/www.keoutdoordesign.com\\\/it-it\\\/?s={search_term_string}\"},\"query-input\":{\"@type\":\"PropertyValueSpecification\",\"valueRequired\":true,\"valueName\":\"search_term_string\"}}],\"inLanguage\":\"de\"},{\"@type\":\"Organization\",\"@id\":\"https:\\\/\\\/www.keoutdoordesign.com\\\/it-it\\\/#organization\",\"name\":\"KE Outdoor Design\",\"url\":\"https:\\\/\\\/www.keoutdoordesign.com\\\/it-it\\\/\",\"logo\":{\"@type\":\"ImageObject\",\"inLanguage\":\"de\",\"@id\":\"https:\\\/\\\/www.keoutdoordesign.com\\\/it-it\\\/#\\\/schema\\\/logo\\\/image\\\/\",\"url\":\"https:\\\/\\\/www.keoutdoordesign.com\\\/wp-content\\\/uploads\\\/2020\\\/02\\\/KE-logo-Primary-e1591282842174.jpg\",\"contentUrl\":\"https:\\\/\\\/www.keoutdoordesign.com\\\/wp-content\\\/uploads\\\/2020\\\/02\\\/KE-logo-Primary-e1591282842174.jpg\",\"width\":500,\"height\":396,\"caption\":\"KE Outdoor Design\"},\"image\":{\"@id\":\"https:\\\/\\\/www.keoutdoordesign.com\\\/it-it\\\/#\\\/schema\\\/logo\\\/image\\\/\"},\"sameAs\":[\"https:\\\/\\\/www.facebook.com\\\/keoutdoordesign.us\",\"https:\\\/\\\/x.com\\\/keoutdoordesign\",\"https:\\\/\\\/www.facebook.com\\\/keoutdoordesign\",\"https:\\\/\\\/www.youtube.com\\\/channel\\\/UCSoMQryJpLqD53bAoZLg2Vg\",\"https:\\\/\\\/www.pinterest.it\\\/keoutdoordesign\\\/\",\"https:\\\/\\\/www.instagram.com\\\/keoutdoordesign\\\/\",\"https:\\\/\\\/www.linkedin.com\\\/company\\\/ke-outdoor-design\\\/\"]}]}<\/script>\n<!-- \/ Yoast SEO Premium plugin. -->","yoast_head_json":{"title":"Beschattungsl\u00f6sungen f\u00fcr H\u00e4user mit Garten | KE Outdoor Design","description":"Schaffen Sie sich eine Wohlf\u00fchl-Oase im Freien mit unseren ma\u00dfgeschneiderten Lamellen- und Terrassend\u00e4chern, Pergolen und Markisen. Wir beraten Sie gerne!","robots":{"index":"index","follow":"follow","max-snippet":"max-snippet:-1","max-image-preview":"max-image-preview:large","max-video-preview":"max-video-preview:-1"},"canonical":"https:\/\/www.keoutdoordesign.com\/de-de\/referenzen\/privat\/hauser-mit-garten\/","og_locale":"de_DE","og_type":"article","og_title":"H\u00e4user mit G\u00e4rten","og_description":"Schaffen Sie sich eine Wohlf\u00fchl-Oase im Freien mit unseren ma\u00dfgeschneiderten Lamellen- und Terrassend\u00e4chern, Pergolen und Markisen. Wir beraten Sie gerne!","og_url":"https:\/\/www.keoutdoordesign.com\/de-de\/referenzen\/privat\/hauser-mit-garten\/","og_site_name":"KE Outdoor Design","article_publisher":"https:\/\/www.facebook.com\/keoutdoordesign.us","article_modified_time":"2023-08-09T15:03:56+00:00","og_image":[{"width":2048,"height":1080,"url":"https:\/\/www.keoutdoordesign.com\/wp-content\/uploads\/2021\/03\/pergola-con-telo-avvolto-ke-gennius-xtesa-plain-2.jpg","type":"image\/jpeg"}],"twitter_card":"summary_large_image","twitter_site":"@keoutdoordesign","schema":{"@context":"https:\/\/schema.org","@graph":[{"@type":"WebPage","@id":"https:\/\/www.keoutdoordesign.com\/de-de\/referenzen\/privat\/hauser-mit-garten\/","url":"https:\/\/www.keoutdoordesign.com\/de-de\/referenzen\/privat\/hauser-mit-garten\/","name":"Beschattungsl\u00f6sungen f\u00fcr H\u00e4user mit Garten | KE Outdoor Design","isPartOf":{"@id":"https:\/\/www.keoutdoordesign.com\/it-it\/#website"},"primaryImageOfPage":{"@id":"https:\/\/www.keoutdoordesign.com\/de-de\/referenzen\/privat\/hauser-mit-garten\/#primaryimage"},"image":{"@id":"https:\/\/www.keoutdoordesign.com\/de-de\/referenzen\/privat\/hauser-mit-garten\/#primaryimage"},"thumbnailUrl":"https:\/\/www.keoutdoordesign.com\/wp-content\/uploads\/2021\/03\/pergola-con-telo-avvolto-ke-gennius-xtesa-plain-2.jpg","datePublished":"2019-06-11T07:51:42+00:00","dateModified":"2023-08-09T15:03:56+00:00","description":"Schaffen Sie sich eine Wohlf\u00fchl-Oase im Freien mit unseren ma\u00dfgeschneiderten Lamellen- und Terrassend\u00e4chern, Pergolen und Markisen. Wir beraten Sie gerne!","breadcrumb":{"@id":"https:\/\/www.keoutdoordesign.com\/de-de\/referenzen\/privat\/hauser-mit-garten\/#breadcrumb"},"inLanguage":"de","potentialAction":[{"@type":"ReadAction","target":["https:\/\/www.keoutdoordesign.com\/de-de\/referenzen\/privat\/hauser-mit-garten\/"]}]},{"@type":"ImageObject","inLanguage":"de","@id":"https:\/\/www.keoutdoordesign.com\/de-de\/referenzen\/privat\/hauser-mit-garten\/#primaryimage","url":"https:\/\/www.keoutdoordesign.com\/wp-content\/uploads\/2021\/03\/pergola-con-telo-avvolto-ke-gennius-xtesa-plain-2.jpg","contentUrl":"https:\/\/www.keoutdoordesign.com\/wp-content\/uploads\/2021\/03\/pergola-con-telo-avvolto-ke-gennius-xtesa-plain-2.jpg","width":2048,"height":1080,"caption":"pergola-con-telo-avvolto-ke-gennius-xtesa-plain-2"},{"@type":"BreadcrumbList","@id":"https:\/\/www.keoutdoordesign.com\/de-de\/referenzen\/privat\/hauser-mit-garten\/#breadcrumb","itemListElement":[{"@type":"ListItem","position":1,"name":"Home","item":"https:\/\/www.keoutdoordesign.com\/de-de\/"},{"@type":"ListItem","position":2,"name":"Referenzen","item":"https:\/\/www.keoutdoordesign.com\/de-de\/referenzen\/"},{"@type":"ListItem","position":3,"name":"Privat","item":"https:\/\/www.keoutdoordesign.com\/de-de\/referenzen\/privat\/"},{"@type":"ListItem","position":4,"name":"H\u00e4user mit G\u00e4rten"}]},{"@type":"WebSite","@id":"https:\/\/www.keoutdoordesign.com\/it-it\/#website","url":"https:\/\/www.keoutdoordesign.com\/it-it\/","name":"KE Outdoor Design","description":"Un nuovo sito targato WordPress","publisher":{"@id":"https:\/\/www.keoutdoordesign.com\/it-it\/#organization"},"potentialAction":[{"@type":"SearchAction","target":{"@type":"EntryPoint","urlTemplate":"https:\/\/www.keoutdoordesign.com\/it-it\/?s={search_term_string}"},"query-input":{"@type":"PropertyValueSpecification","valueRequired":true,"valueName":"search_term_string"}}],"inLanguage":"de"},{"@type":"Organization","@id":"https:\/\/www.keoutdoordesign.com\/it-it\/#organization","name":"KE Outdoor Design","url":"https:\/\/www.keoutdoordesign.com\/it-it\/","logo":{"@type":"ImageObject","inLanguage":"de","@id":"https:\/\/www.keoutdoordesign.com\/it-it\/#\/schema\/logo\/image\/","url":"https:\/\/www.keoutdoordesign.com\/wp-content\/uploads\/2020\/02\/KE-logo-Primary-e1591282842174.jpg","contentUrl":"https:\/\/www.keoutdoordesign.com\/wp-content\/uploads\/2020\/02\/KE-logo-Primary-e1591282842174.jpg","width":500,"height":396,"caption":"KE Outdoor Design"},"image":{"@id":"https:\/\/www.keoutdoordesign.com\/it-it\/#\/schema\/logo\/image\/"},"sameAs":["https:\/\/www.facebook.com\/keoutdoordesign.us","https:\/\/x.com\/keoutdoordesign","https:\/\/www.facebook.com\/keoutdoordesign","https:\/\/www.youtube.com\/channel\/UCSoMQryJpLqD53bAoZLg2Vg","https:\/\/www.pinterest.it\/keoutdoordesign\/","https:\/\/www.instagram.com\/keoutdoordesign\/","https:\/\/www.linkedin.com\/company\/ke-outdoor-design\/"]}]}},"_links":{"self":[{"href":"https:\/\/www.keoutdoordesign.com\/de-de\/wp-json\/wp\/v2\/pages\/5773","targetHints":{"allow":["GET"]}}],"collection":[{"href":"https:\/\/www.keoutdoordesign.com\/de-de\/wp-json\/wp\/v2\/pages"}],"about":[{"href":"https:\/\/www.keoutdoordesign.com\/de-de\/wp-json\/wp\/v2\/types\/page"}],"author":[{"embeddable":true,"href":"https:\/\/www.keoutdoordesign.com\/de-de\/wp-json\/wp\/v2\/users\/10608"}],"replies":[{"embeddable":true,"href":"https:\/\/www.keoutdoordesign.com\/de-de\/wp-json\/wp\/v2\/comments?post=5773"}],"version-history":[{"count":7,"href":"https:\/\/www.keoutdoordesign.com\/de-de\/wp-json\/wp\/v2\/pages\/5773\/revisions"}],"predecessor-version":[{"id":62347,"href":"https:\/\/www.keoutdoordesign.com\/de-de\/wp-json\/wp\/v2\/pages\/5773\/revisions\/62347"}],"up":[{"embeddable":true,"href":"https:\/\/www.keoutdoordesign.com\/de-de\/wp-json\/wp\/v2\/pages\/3301"}],"wp:featuredmedia":[{"embeddable":true,"href":"https:\/\/www.keoutdoordesign.com\/de-de\/wp-json\/wp\/v2\/media\/31992"}],"wp:attachment":[{"href":"https:\/\/www.keoutdoordesign.com\/de-de\/wp-json\/wp\/v2\/media?parent=5773"}],"curies":[{"name":"wp","href":"https:\/\/api.w.org\/{rel}","templated":true}]}}