{"id":56206,"date":"2023-03-09T09:03:39","date_gmt":"2023-03-09T08:03:39","guid":{"rendered":"https:\/\/www.keoutdoordesign.com\/?page_id=56206"},"modified":"2025-03-14T10:25:30","modified_gmt":"2025-03-14T09:25:30","slug":"saki","status":"publish","type":"page","link":"https:\/\/www.keoutdoordesign.com\/de-de\/pergolen-gennius\/pergola-mit-flachdach\/saki\/","title":{"rendered":"Saki"},"content":{"rendered":"<p><strong>Das Tuch auf Ihrer handbetriebenen, einfahrbaren Pergola:<\/strong><\/p>\n<p>Die Abmessungen von Saki bieten die M\u00f6glichkeit, 7, 9 oder 11 &#8222;St\u00fccke&#8220; Stoff mit einer Breite von 600 mm zu haben, so dass die Stoffe unserer feinen Tuchrollen verwendet werden k\u00f6nnen. Die Gewebe sind eine Neuheit und werden durch ein System von Quertraversen miteinander verbunden, die auf Laufwagen gleiten und eine wellenf\u00f6rmige Beweglichkeit der Pergola erm\u00f6glichen.<\/p>\n<p>Die Bedienung erfolgt ausschlie\u00dflich manuell \u00fcber ein Zugseil.<\/p>\n<p>Die Struktur aus recyclebaren Aluminium hat die Farbe Nero Inver (Carbon) und kann optional mit Vorh\u00e4ngen f\u00fcr den idealen Feinschliff versehen werden.<\/p>\n<p>Sie ist leicht zu montieren und kann mit Hilfe von \u00d6sen, die sich leicht verschieben lassen, im Rasen Ihres Gartens befestigt werden, ohne diesen zu besch\u00e4digen.<\/p>\n<p>SAKI ist eine manuell einziehbare Pergola, die dem aktuellen Trend entspricht und sich als Designobjekt mit schickem und elegantem Exterieur etabliert, das je nach individuellem Geschmack gestaltet werden kann. So verschmelzen unterschiedliche Architekturen und Baustile zu einem komfortablen und faszinierendem Au\u00dfenbereich.<\/p>\n<p>Die Stoffteile, aus denen die Pergola besteht, werden ausschlie\u00dflich aus unseren Bestsellern ausgew\u00e4hlt und sind nach Themen gruppiert:<\/p>\n<p>&nbsp;<\/p>\n<p>Natural Trend: inspiriert von den verschiedenen Erdt\u00f6nen der Welt, von Sand bis Terra<\/p>\n<p>&#8211; Mineral Trend: Graut\u00f6ne bis hin zu tiefem Schwarz<\/p>\n<p>&#8211; Abyssal Trend: vereint die sch\u00f6nsten Blaut\u00f6ne.<\/p>\n<p>Au\u00dferdem werden weitere originelle Kombinationen vorgeschlagen, darunter gestreifte Stoffe, die von der Designerin Antonella Bertignin zusammengestellt wurden. Darunter:<\/p>\n<p>&#8211; Bohemien<\/p>\n<p>&#8211; Spiaggia<\/p>\n<p>&#8211; Oceano<\/p>\n<p>&#8211; Deserto<\/p>\n<p>&#8211; Chic<\/p>\n<p>&#8211; Foresta<\/p>\n<p>&#8211; Sobrio<\/p>\n<p>&#8211; Nomade<\/p>\n<p>&nbsp;<\/p>\n<p>Die professionellen Qualit\u00e4tsstoffe von Dickson oder Sattler sind leicht auszutauschen und nach Vorliebe wechselbar, um Ihrem Garten eine andere Atmosph\u00e4re zu verleihen, wobei die verschiedenen Stile und Farben der Stoffe an verschiedenen Jahreszeiten und Anl\u00e4sse angepasst werden k\u00f6nnen.<\/p>\n","protected":false},"excerpt":{"rendered":"<p>Das Tuch auf Ihrer handbetriebenen, einfahrbaren Pergola: Die Abmessungen von Saki bieten die M\u00f6glichkeit, 7, 9 oder 11 &#8222;St\u00fccke&#8220; Stoff&hellip;<\/p>\n","protected":false},"author":10608,"featured_media":69842,"parent":5002,"menu_order":4,"comment_status":"closed","ping_status":"closed","template":"page-templates\/product.php","meta":{"_acf_changed":false,"footnotes":""},"class_list":["post-56206","page","type-page","status-publish","has-post-thumbnail","hentry"],"acf":[],"yoast_head":"<!-- This site is optimized with the Yoast SEO Premium plugin v20.12 (Yoast SEO v27.0) - https:\/\/yoast.com\/product\/yoast-seo-premium-wordpress\/ -->\n<title>Saki -<\/title>\n<meta name=\"description\" content=\"SAKI ist eine L\u00f6sung aus Licht und Design, eine manuell ausfahrbare Pergola, ein trendiger Sonnenschutz par excellence.\" \/>\n<meta name=\"robots\" content=\"index, follow, max-snippet:-1, max-image-preview:large, max-video-preview:-1\" \/>\n<link rel=\"canonical\" href=\"https:\/\/www.keoutdoordesign.com\/de-de\/pergolen-gennius\/pergola-mit-flachdach\/saki\/\" \/>\n<meta property=\"og:locale\" content=\"de_DE\" \/>\n<meta property=\"og:type\" content=\"article\" \/>\n<meta property=\"og:title\" content=\"Saki\" \/>\n<meta property=\"og:description\" content=\"SAKI ist eine L\u00f6sung aus Licht und Design, eine manuell ausfahrbare Pergola, ein trendiger Sonnenschutz par excellence.\" \/>\n<meta property=\"og:url\" content=\"https:\/\/www.keoutdoordesign.com\/de-de\/pergolen-gennius\/pergola-mit-flachdach\/saki\/\" \/>\n<meta property=\"og:site_name\" content=\"KE Outdoor Design\" \/>\n<meta property=\"article:publisher\" content=\"https:\/\/www.facebook.com\/keoutdoordesign.us\" \/>\n<meta property=\"article:modified_time\" content=\"2025-03-14T09:25:30+00:00\" \/>\n<meta property=\"og:image\" content=\"https:\/\/www.keoutdoordesign.com\/wp-content\/uploads\/2024\/05\/DSC9136.jpg\" \/>\n\t<meta property=\"og:image:width\" content=\"1920\" \/>\n\t<meta property=\"og:image:height\" content=\"1536\" \/>\n\t<meta property=\"og:image:type\" content=\"image\/jpeg\" \/>\n<meta name=\"twitter:card\" content=\"summary_large_image\" \/>\n<meta name=\"twitter:site\" content=\"@keoutdoordesign\" \/>\n<script type=\"application\/ld+json\" class=\"yoast-schema-graph\">{\"@context\":\"https:\/\/schema.org\",\"@graph\":[{\"@type\":\"WebPage\",\"@id\":\"https:\/\/www.keoutdoordesign.com\/de-de\/pergolen-gennius\/pergola-mit-flachdach\/saki\/\",\"url\":\"https:\/\/www.keoutdoordesign.com\/de-de\/pergolen-gennius\/pergola-mit-flachdach\/saki\/\",\"name\":\"Saki -\",\"isPartOf\":{\"@id\":\"https:\/\/www.keoutdoordesign.com\/it-it\/#website\"},\"primaryImageOfPage\":{\"@id\":\"https:\/\/www.keoutdoordesign.com\/de-de\/pergolen-gennius\/pergola-mit-flachdach\/saki\/#primaryimage\"},\"image\":{\"@id\":\"https:\/\/www.keoutdoordesign.com\/de-de\/pergolen-gennius\/pergola-mit-flachdach\/saki\/#primaryimage\"},\"thumbnailUrl\":\"https:\/\/www.keoutdoordesign.com\/wp-content\/uploads\/2024\/05\/DSC9136.jpg\",\"datePublished\":\"2023-03-09T08:03:39+00:00\",\"dateModified\":\"2025-03-14T09:25:30+00:00\",\"description\":\"SAKI ist eine L\u00f6sung aus Licht und Design, eine manuell ausfahrbare Pergola, ein trendiger Sonnenschutz par excellence.\",\"breadcrumb\":{\"@id\":\"https:\/\/www.keoutdoordesign.com\/de-de\/pergolen-gennius\/pergola-mit-flachdach\/saki\/#breadcrumb\"},\"inLanguage\":\"de\",\"potentialAction\":[{\"@type\":\"ReadAction\",\"target\":[\"https:\/\/www.keoutdoordesign.com\/de-de\/pergolen-gennius\/pergola-mit-flachdach\/saki\/\"]}]},{\"@type\":\"ImageObject\",\"inLanguage\":\"de\",\"@id\":\"https:\/\/www.keoutdoordesign.com\/de-de\/pergolen-gennius\/pergola-mit-flachdach\/saki\/#primaryimage\",\"url\":\"https:\/\/www.keoutdoordesign.com\/wp-content\/uploads\/2024\/05\/DSC9136.jpg\",\"contentUrl\":\"https:\/\/www.keoutdoordesign.com\/wp-content\/uploads\/2024\/05\/DSC9136.jpg\",\"width\":1920,\"height\":1536},{\"@type\":\"BreadcrumbList\",\"@id\":\"https:\/\/www.keoutdoordesign.com\/de-de\/pergolen-gennius\/pergola-mit-flachdach\/saki\/#breadcrumb\",\"itemListElement\":[{\"@type\":\"ListItem\",\"position\":1,\"name\":\"Home\",\"item\":\"https:\/\/www.keoutdoordesign.com\/de-de\/\"},{\"@type\":\"ListItem\",\"position\":2,\"name\":\"Pergolen Gennius\",\"item\":\"https:\/\/www.keoutdoordesign.com\/de-de\/pergolen-gennius\/\"},{\"@type\":\"ListItem\",\"position\":3,\"name\":\"Pergola mit Flachdach\",\"item\":\"https:\/\/www.keoutdoordesign.com\/de-de\/pergolen-gennius\/pergola-mit-flachdach\/\"},{\"@type\":\"ListItem\",\"position\":4,\"name\":\"Saki\"}]},{\"@type\":\"WebSite\",\"@id\":\"https:\/\/www.keoutdoordesign.com\/it-it\/#website\",\"url\":\"https:\/\/www.keoutdoordesign.com\/it-it\/\",\"name\":\"KE Outdoor Design\",\"description\":\"Un nuovo sito targato WordPress\",\"publisher\":{\"@id\":\"https:\/\/www.keoutdoordesign.com\/it-it\/#organization\"},\"potentialAction\":[{\"@type\":\"SearchAction\",\"target\":{\"@type\":\"EntryPoint\",\"urlTemplate\":\"https:\/\/www.keoutdoordesign.com\/it-it\/?s={search_term_string}\"},\"query-input\":{\"@type\":\"PropertyValueSpecification\",\"valueRequired\":true,\"valueName\":\"search_term_string\"}}],\"inLanguage\":\"de\"},{\"@type\":\"Organization\",\"@id\":\"https:\/\/www.keoutdoordesign.com\/it-it\/#organization\",\"name\":\"KE Outdoor Design\",\"url\":\"https:\/\/www.keoutdoordesign.com\/it-it\/\",\"logo\":{\"@type\":\"ImageObject\",\"inLanguage\":\"de\",\"@id\":\"https:\/\/www.keoutdoordesign.com\/it-it\/#\/schema\/logo\/image\/\",\"url\":\"https:\/\/www.keoutdoordesign.com\/wp-content\/uploads\/2020\/02\/KE-logo-Primary-e1591282842174.jpg\",\"contentUrl\":\"https:\/\/www.keoutdoordesign.com\/wp-content\/uploads\/2020\/02\/KE-logo-Primary-e1591282842174.jpg\",\"width\":500,\"height\":396,\"caption\":\"KE Outdoor Design\"},\"image\":{\"@id\":\"https:\/\/www.keoutdoordesign.com\/it-it\/#\/schema\/logo\/image\/\"},\"sameAs\":[\"https:\/\/www.facebook.com\/keoutdoordesign.us\",\"https:\/\/x.com\/keoutdoordesign\",\"https:\/\/www.facebook.com\/keoutdoordesign\",\"https:\/\/www.youtube.com\/channel\/UCSoMQryJpLqD53bAoZLg2Vg\",\"https:\/\/www.pinterest.it\/keoutdoordesign\/\",\"https:\/\/www.instagram.com\/keoutdoordesign\/\",\"https:\/\/www.linkedin.com\/company\/ke-outdoor-design\/\"]}]}<\/script>\n<!-- \/ Yoast SEO Premium plugin. -->","yoast_head_json":{"title":"Saki -","description":"SAKI ist eine L\u00f6sung aus Licht und Design, eine manuell ausfahrbare Pergola, ein trendiger Sonnenschutz par excellence.","robots":{"index":"index","follow":"follow","max-snippet":"max-snippet:-1","max-image-preview":"max-image-preview:large","max-video-preview":"max-video-preview:-1"},"canonical":"https:\/\/www.keoutdoordesign.com\/de-de\/pergolen-gennius\/pergola-mit-flachdach\/saki\/","og_locale":"de_DE","og_type":"article","og_title":"Saki","og_description":"SAKI ist eine L\u00f6sung aus Licht und Design, eine manuell ausfahrbare Pergola, ein trendiger Sonnenschutz par excellence.","og_url":"https:\/\/www.keoutdoordesign.com\/de-de\/pergolen-gennius\/pergola-mit-flachdach\/saki\/","og_site_name":"KE Outdoor Design","article_publisher":"https:\/\/www.facebook.com\/keoutdoordesign.us","article_modified_time":"2025-03-14T09:25:30+00:00","og_image":[{"width":1920,"height":1536,"url":"https:\/\/www.keoutdoordesign.com\/wp-content\/uploads\/2024\/05\/DSC9136.jpg","type":"image\/jpeg"}],"twitter_card":"summary_large_image","twitter_site":"@keoutdoordesign","schema":{"@context":"https:\/\/schema.org","@graph":[{"@type":"WebPage","@id":"https:\/\/www.keoutdoordesign.com\/de-de\/pergolen-gennius\/pergola-mit-flachdach\/saki\/","url":"https:\/\/www.keoutdoordesign.com\/de-de\/pergolen-gennius\/pergola-mit-flachdach\/saki\/","name":"Saki -","isPartOf":{"@id":"https:\/\/www.keoutdoordesign.com\/it-it\/#website"},"primaryImageOfPage":{"@id":"https:\/\/www.keoutdoordesign.com\/de-de\/pergolen-gennius\/pergola-mit-flachdach\/saki\/#primaryimage"},"image":{"@id":"https:\/\/www.keoutdoordesign.com\/de-de\/pergolen-gennius\/pergola-mit-flachdach\/saki\/#primaryimage"},"thumbnailUrl":"https:\/\/www.keoutdoordesign.com\/wp-content\/uploads\/2024\/05\/DSC9136.jpg","datePublished":"2023-03-09T08:03:39+00:00","dateModified":"2025-03-14T09:25:30+00:00","description":"SAKI ist eine L\u00f6sung aus Licht und Design, eine manuell ausfahrbare Pergola, ein trendiger Sonnenschutz par excellence.","breadcrumb":{"@id":"https:\/\/www.keoutdoordesign.com\/de-de\/pergolen-gennius\/pergola-mit-flachdach\/saki\/#breadcrumb"},"inLanguage":"de","potentialAction":[{"@type":"ReadAction","target":["https:\/\/www.keoutdoordesign.com\/de-de\/pergolen-gennius\/pergola-mit-flachdach\/saki\/"]}]},{"@type":"ImageObject","inLanguage":"de","@id":"https:\/\/www.keoutdoordesign.com\/de-de\/pergolen-gennius\/pergola-mit-flachdach\/saki\/#primaryimage","url":"https:\/\/www.keoutdoordesign.com\/wp-content\/uploads\/2024\/05\/DSC9136.jpg","contentUrl":"https:\/\/www.keoutdoordesign.com\/wp-content\/uploads\/2024\/05\/DSC9136.jpg","width":1920,"height":1536},{"@type":"BreadcrumbList","@id":"https:\/\/www.keoutdoordesign.com\/de-de\/pergolen-gennius\/pergola-mit-flachdach\/saki\/#breadcrumb","itemListElement":[{"@type":"ListItem","position":1,"name":"Home","item":"https:\/\/www.keoutdoordesign.com\/de-de\/"},{"@type":"ListItem","position":2,"name":"Pergolen Gennius","item":"https:\/\/www.keoutdoordesign.com\/de-de\/pergolen-gennius\/"},{"@type":"ListItem","position":3,"name":"Pergola mit Flachdach","item":"https:\/\/www.keoutdoordesign.com\/de-de\/pergolen-gennius\/pergola-mit-flachdach\/"},{"@type":"ListItem","position":4,"name":"Saki"}]},{"@type":"WebSite","@id":"https:\/\/www.keoutdoordesign.com\/it-it\/#website","url":"https:\/\/www.keoutdoordesign.com\/it-it\/","name":"KE Outdoor Design","description":"Un nuovo sito targato WordPress","publisher":{"@id":"https:\/\/www.keoutdoordesign.com\/it-it\/#organization"},"potentialAction":[{"@type":"SearchAction","target":{"@type":"EntryPoint","urlTemplate":"https:\/\/www.keoutdoordesign.com\/it-it\/?s={search_term_string}"},"query-input":{"@type":"PropertyValueSpecification","valueRequired":true,"valueName":"search_term_string"}}],"inLanguage":"de"},{"@type":"Organization","@id":"https:\/\/www.keoutdoordesign.com\/it-it\/#organization","name":"KE Outdoor Design","url":"https:\/\/www.keoutdoordesign.com\/it-it\/","logo":{"@type":"ImageObject","inLanguage":"de","@id":"https:\/\/www.keoutdoordesign.com\/it-it\/#\/schema\/logo\/image\/","url":"https:\/\/www.keoutdoordesign.com\/wp-content\/uploads\/2020\/02\/KE-logo-Primary-e1591282842174.jpg","contentUrl":"https:\/\/www.keoutdoordesign.com\/wp-content\/uploads\/2020\/02\/KE-logo-Primary-e1591282842174.jpg","width":500,"height":396,"caption":"KE Outdoor Design"},"image":{"@id":"https:\/\/www.keoutdoordesign.com\/it-it\/#\/schema\/logo\/image\/"},"sameAs":["https:\/\/www.facebook.com\/keoutdoordesign.us","https:\/\/x.com\/keoutdoordesign","https:\/\/www.facebook.com\/keoutdoordesign","https:\/\/www.youtube.com\/channel\/UCSoMQryJpLqD53bAoZLg2Vg","https:\/\/www.pinterest.it\/keoutdoordesign\/","https:\/\/www.instagram.com\/keoutdoordesign\/","https:\/\/www.linkedin.com\/company\/ke-outdoor-design\/"]}]}},"_links":{"self":[{"href":"https:\/\/www.keoutdoordesign.com\/de-de\/wp-json\/wp\/v2\/pages\/56206","targetHints":{"allow":["GET"]}}],"collection":[{"href":"https:\/\/www.keoutdoordesign.com\/de-de\/wp-json\/wp\/v2\/pages"}],"about":[{"href":"https:\/\/www.keoutdoordesign.com\/de-de\/wp-json\/wp\/v2\/types\/page"}],"author":[{"embeddable":true,"href":"https:\/\/www.keoutdoordesign.com\/de-de\/wp-json\/wp\/v2\/users\/10608"}],"replies":[{"embeddable":true,"href":"https:\/\/www.keoutdoordesign.com\/de-de\/wp-json\/wp\/v2\/comments?post=56206"}],"version-history":[{"count":16,"href":"https:\/\/www.keoutdoordesign.com\/de-de\/wp-json\/wp\/v2\/pages\/56206\/revisions"}],"predecessor-version":[{"id":106607,"href":"https:\/\/www.keoutdoordesign.com\/de-de\/wp-json\/wp\/v2\/pages\/56206\/revisions\/106607"}],"up":[{"embeddable":true,"href":"https:\/\/www.keoutdoordesign.com\/de-de\/wp-json\/wp\/v2\/pages\/5002"}],"wp:featuredmedia":[{"embeddable":true,"href":"https:\/\/www.keoutdoordesign.com\/de-de\/wp-json\/wp\/v2\/media\/69842"}],"wp:attachment":[{"href":"https:\/\/www.keoutdoordesign.com\/de-de\/wp-json\/wp\/v2\/media?parent=56206"}],"curies":[{"name":"wp","href":"https:\/\/api.w.org\/{rel}","templated":true}]}}