{"id":5178,"date":"2019-06-07T14:35:30","date_gmt":"2019-06-07T12:35:30","guid":{"rendered":"http:\/\/ke.localhost.it\/?page_id=5178"},"modified":"2022-02-04T10:19:02","modified_gmt":"2022-02-04T09:19:02","slug":"spezielle-uberdachungen","status":"publish","type":"page","link":"https:\/\/www.keoutdoordesign.com\/de-de\/spezielle-uberdachungen\/","title":{"rendered":"Spezielle \u00dcberdachungen"},"content":{"rendered":"<p><span style=\"font-weight: 400;\">Dank unserer langj\u00e4hrigen Erfahrung und unserem unerm\u00fcdlichen Streben nach den besten L\u00f6sungen k\u00f6nnen wir unseren Kunden ma\u00dfgeschneiderte und \u00e4sthetisch wertvolle Designs anbieten.<\/span><\/p>\n<p><b>Spezielle \u00dcberdachungen<\/b><span style=\"font-weight: 400;\"> erfordern eine konsequente Weiterentwicklung unserer Prozesse, um optimale Stabilit\u00e4t und Haltbarkeit zu gew\u00e4hrleisten. Jedes Projekt ist eine Herausforderung, der wir uns mit Liebe zum Detail stellen. Das Ergebnis sind spezielle D\u00e4cher\u00a0f\u00fcr moderne, zeitgen\u00f6ssische und traditionelle Architektur \u2013 sie gehen <\/span><b>mit innovativen Materialien und Stilrichtungen<\/b><span style=\"font-weight: 400;\"> eine perfekte Verbindung ein. KE Outdoor Design stellt sicher, dass diese <\/span><b>\u00dcberdachung Ihr Hotel, Restaurant, Bar und Resort<\/b><span style=\"font-weight: 400;\">, aber auch <\/span><b>Sportzentrum, Schwimmbad oder Einkaufszentrum vor Sonne<\/b><span style=\"font-weight: 400;\">, Wind und Wetter sch\u00fctzt.<\/span><\/p>\n","protected":false},"excerpt":{"rendered":"<p>Dank unserer langj\u00e4hrigen Erfahrung und unserem unerm\u00fcdlichen Streben nach den besten L\u00f6sungen k\u00f6nnen wir unseren Kunden ma\u00dfgeschneiderte und \u00e4sthetisch wertvolle&hellip;<\/p>\n","protected":false},"author":10608,"featured_media":1801,"parent":0,"menu_order":46,"comment_status":"closed","ping_status":"closed","template":"page-templates\/category-products.php","meta":{"_acf_changed":false,"footnotes":""},"class_list":["post-5178","page","type-page","status-publish","has-post-thumbnail","hentry"],"acf":[],"yoast_head":"<!-- This site is optimized with the Yoast SEO Premium plugin v20.12 (Yoast SEO v27.3) - https:\/\/yoast.com\/product\/yoast-seo-premium-wordpress\/ -->\n<title>Terrassen\u00fcberdachung nach Ma\u00df vom Hersteller - KE Outdoor Design<\/title>\n<meta name=\"description\" content=\"Wir entwerfen und produzieren wetterfeste Terrassen\u00fcberdachungen nach Ma\u00df f\u00fcr Au\u00dfenbereiche von Restaurants, Bars, Hotels, Schwimmb\u00e4dern.\" \/>\n<meta name=\"robots\" content=\"index, follow, max-snippet:-1, max-image-preview:large, max-video-preview:-1\" \/>\n<link rel=\"canonical\" href=\"https:\/\/www.keoutdoordesign.com\/de-de\/spezielle-uberdachungen\/\" \/>\n<meta property=\"og:locale\" content=\"de_DE\" \/>\n<meta property=\"og:type\" content=\"article\" \/>\n<meta property=\"og:title\" content=\"Spezielle \u00dcberdachungen\" \/>\n<meta property=\"og:description\" content=\"Wir entwerfen und produzieren wetterfeste Terrassen\u00fcberdachungen nach Ma\u00df f\u00fcr Au\u00dfenbereiche von Restaurants, Bars, Hotels, Schwimmb\u00e4dern.\" \/>\n<meta property=\"og:url\" content=\"https:\/\/www.keoutdoordesign.com\/de-de\/spezielle-uberdachungen\/\" \/>\n<meta property=\"og:site_name\" content=\"KE Outdoor Design\" \/>\n<meta property=\"article:publisher\" content=\"https:\/\/www.facebook.com\/keoutdoordesign.us\" \/>\n<meta property=\"article:modified_time\" content=\"2022-02-04T09:19:02+00:00\" \/>\n<meta property=\"og:image\" content=\"https:\/\/www.keoutdoordesign.com\/wp-content\/uploads\/2019\/05\/ke_outdoor_design_roomy_fisso_1.jpg\" \/>\n\t<meta property=\"og:image:width\" content=\"2000\" \/>\n\t<meta property=\"og:image:height\" content=\"1500\" \/>\n\t<meta property=\"og:image:type\" content=\"image\/jpeg\" \/>\n<meta name=\"twitter:card\" content=\"summary_large_image\" \/>\n<meta name=\"twitter:site\" content=\"@keoutdoordesign\" \/>\n<script type=\"application\/ld+json\" class=\"yoast-schema-graph\">{\"@context\":\"https:\\\/\\\/schema.org\",\"@graph\":[{\"@type\":\"WebPage\",\"@id\":\"https:\\\/\\\/www.keoutdoordesign.com\\\/de-de\\\/spezielle-uberdachungen\\\/\",\"url\":\"https:\\\/\\\/www.keoutdoordesign.com\\\/de-de\\\/spezielle-uberdachungen\\\/\",\"name\":\"Terrassen\u00fcberdachung nach Ma\u00df vom Hersteller - KE Outdoor Design\",\"isPartOf\":{\"@id\":\"https:\\\/\\\/www.keoutdoordesign.com\\\/it-it\\\/#website\"},\"primaryImageOfPage\":{\"@id\":\"https:\\\/\\\/www.keoutdoordesign.com\\\/de-de\\\/spezielle-uberdachungen\\\/#primaryimage\"},\"image\":{\"@id\":\"https:\\\/\\\/www.keoutdoordesign.com\\\/de-de\\\/spezielle-uberdachungen\\\/#primaryimage\"},\"thumbnailUrl\":\"https:\\\/\\\/www.keoutdoordesign.com\\\/wp-content\\\/uploads\\\/2019\\\/05\\\/ke_outdoor_design_roomy_fisso_1.jpg\",\"datePublished\":\"2019-06-07T12:35:30+00:00\",\"dateModified\":\"2022-02-04T09:19:02+00:00\",\"description\":\"Wir entwerfen und produzieren wetterfeste Terrassen\u00fcberdachungen nach Ma\u00df f\u00fcr Au\u00dfenbereiche von Restaurants, Bars, Hotels, Schwimmb\u00e4dern.\",\"breadcrumb\":{\"@id\":\"https:\\\/\\\/www.keoutdoordesign.com\\\/de-de\\\/spezielle-uberdachungen\\\/#breadcrumb\"},\"inLanguage\":\"de\",\"potentialAction\":[{\"@type\":\"ReadAction\",\"target\":[\"https:\\\/\\\/www.keoutdoordesign.com\\\/de-de\\\/spezielle-uberdachungen\\\/\"]}]},{\"@type\":\"ImageObject\",\"inLanguage\":\"de\",\"@id\":\"https:\\\/\\\/www.keoutdoordesign.com\\\/de-de\\\/spezielle-uberdachungen\\\/#primaryimage\",\"url\":\"https:\\\/\\\/www.keoutdoordesign.com\\\/wp-content\\\/uploads\\\/2019\\\/05\\\/ke_outdoor_design_roomy_fisso_1.jpg\",\"contentUrl\":\"https:\\\/\\\/www.keoutdoordesign.com\\\/wp-content\\\/uploads\\\/2019\\\/05\\\/ke_outdoor_design_roomy_fisso_1.jpg\",\"width\":2000,\"height\":1500,\"caption\":\"pergola-aluminium-sur-mesure\"},{\"@type\":\"BreadcrumbList\",\"@id\":\"https:\\\/\\\/www.keoutdoordesign.com\\\/de-de\\\/spezielle-uberdachungen\\\/#breadcrumb\",\"itemListElement\":[{\"@type\":\"ListItem\",\"position\":1,\"name\":\"Home\",\"item\":\"https:\\\/\\\/www.keoutdoordesign.com\\\/de-de\\\/\"},{\"@type\":\"ListItem\",\"position\":2,\"name\":\"Spezielle \u00dcberdachungen\"}]},{\"@type\":\"WebSite\",\"@id\":\"https:\\\/\\\/www.keoutdoordesign.com\\\/it-it\\\/#website\",\"url\":\"https:\\\/\\\/www.keoutdoordesign.com\\\/it-it\\\/\",\"name\":\"KE Outdoor Design\",\"description\":\"Un nuovo sito targato WordPress\",\"publisher\":{\"@id\":\"https:\\\/\\\/www.keoutdoordesign.com\\\/it-it\\\/#organization\"},\"potentialAction\":[{\"@type\":\"SearchAction\",\"target\":{\"@type\":\"EntryPoint\",\"urlTemplate\":\"https:\\\/\\\/www.keoutdoordesign.com\\\/it-it\\\/?s={search_term_string}\"},\"query-input\":{\"@type\":\"PropertyValueSpecification\",\"valueRequired\":true,\"valueName\":\"search_term_string\"}}],\"inLanguage\":\"de\"},{\"@type\":\"Organization\",\"@id\":\"https:\\\/\\\/www.keoutdoordesign.com\\\/it-it\\\/#organization\",\"name\":\"KE Outdoor Design\",\"url\":\"https:\\\/\\\/www.keoutdoordesign.com\\\/it-it\\\/\",\"logo\":{\"@type\":\"ImageObject\",\"inLanguage\":\"de\",\"@id\":\"https:\\\/\\\/www.keoutdoordesign.com\\\/it-it\\\/#\\\/schema\\\/logo\\\/image\\\/\",\"url\":\"https:\\\/\\\/www.keoutdoordesign.com\\\/wp-content\\\/uploads\\\/2020\\\/02\\\/KE-logo-Primary-e1591282842174.jpg\",\"contentUrl\":\"https:\\\/\\\/www.keoutdoordesign.com\\\/wp-content\\\/uploads\\\/2020\\\/02\\\/KE-logo-Primary-e1591282842174.jpg\",\"width\":500,\"height\":396,\"caption\":\"KE Outdoor Design\"},\"image\":{\"@id\":\"https:\\\/\\\/www.keoutdoordesign.com\\\/it-it\\\/#\\\/schema\\\/logo\\\/image\\\/\"},\"sameAs\":[\"https:\\\/\\\/www.facebook.com\\\/keoutdoordesign.us\",\"https:\\\/\\\/x.com\\\/keoutdoordesign\",\"https:\\\/\\\/www.facebook.com\\\/keoutdoordesign\",\"https:\\\/\\\/www.youtube.com\\\/channel\\\/UCSoMQryJpLqD53bAoZLg2Vg\",\"https:\\\/\\\/www.pinterest.it\\\/keoutdoordesign\\\/\",\"https:\\\/\\\/www.instagram.com\\\/keoutdoordesign\\\/\",\"https:\\\/\\\/www.linkedin.com\\\/company\\\/ke-outdoor-design\\\/\"]}]}<\/script>\n<!-- \/ Yoast SEO Premium plugin. -->","yoast_head_json":{"title":"Terrassen\u00fcberdachung nach Ma\u00df vom Hersteller - KE Outdoor Design","description":"Wir entwerfen und produzieren wetterfeste Terrassen\u00fcberdachungen nach Ma\u00df f\u00fcr Au\u00dfenbereiche von Restaurants, Bars, Hotels, Schwimmb\u00e4dern.","robots":{"index":"index","follow":"follow","max-snippet":"max-snippet:-1","max-image-preview":"max-image-preview:large","max-video-preview":"max-video-preview:-1"},"canonical":"https:\/\/www.keoutdoordesign.com\/de-de\/spezielle-uberdachungen\/","og_locale":"de_DE","og_type":"article","og_title":"Spezielle \u00dcberdachungen","og_description":"Wir entwerfen und produzieren wetterfeste Terrassen\u00fcberdachungen nach Ma\u00df f\u00fcr Au\u00dfenbereiche von Restaurants, Bars, Hotels, Schwimmb\u00e4dern.","og_url":"https:\/\/www.keoutdoordesign.com\/de-de\/spezielle-uberdachungen\/","og_site_name":"KE Outdoor Design","article_publisher":"https:\/\/www.facebook.com\/keoutdoordesign.us","article_modified_time":"2022-02-04T09:19:02+00:00","og_image":[{"width":2000,"height":1500,"url":"https:\/\/www.keoutdoordesign.com\/wp-content\/uploads\/2019\/05\/ke_outdoor_design_roomy_fisso_1.jpg","type":"image\/jpeg"}],"twitter_card":"summary_large_image","twitter_site":"@keoutdoordesign","schema":{"@context":"https:\/\/schema.org","@graph":[{"@type":"WebPage","@id":"https:\/\/www.keoutdoordesign.com\/de-de\/spezielle-uberdachungen\/","url":"https:\/\/www.keoutdoordesign.com\/de-de\/spezielle-uberdachungen\/","name":"Terrassen\u00fcberdachung nach Ma\u00df vom Hersteller - KE Outdoor Design","isPartOf":{"@id":"https:\/\/www.keoutdoordesign.com\/it-it\/#website"},"primaryImageOfPage":{"@id":"https:\/\/www.keoutdoordesign.com\/de-de\/spezielle-uberdachungen\/#primaryimage"},"image":{"@id":"https:\/\/www.keoutdoordesign.com\/de-de\/spezielle-uberdachungen\/#primaryimage"},"thumbnailUrl":"https:\/\/www.keoutdoordesign.com\/wp-content\/uploads\/2019\/05\/ke_outdoor_design_roomy_fisso_1.jpg","datePublished":"2019-06-07T12:35:30+00:00","dateModified":"2022-02-04T09:19:02+00:00","description":"Wir entwerfen und produzieren wetterfeste Terrassen\u00fcberdachungen nach Ma\u00df f\u00fcr Au\u00dfenbereiche von Restaurants, Bars, Hotels, Schwimmb\u00e4dern.","breadcrumb":{"@id":"https:\/\/www.keoutdoordesign.com\/de-de\/spezielle-uberdachungen\/#breadcrumb"},"inLanguage":"de","potentialAction":[{"@type":"ReadAction","target":["https:\/\/www.keoutdoordesign.com\/de-de\/spezielle-uberdachungen\/"]}]},{"@type":"ImageObject","inLanguage":"de","@id":"https:\/\/www.keoutdoordesign.com\/de-de\/spezielle-uberdachungen\/#primaryimage","url":"https:\/\/www.keoutdoordesign.com\/wp-content\/uploads\/2019\/05\/ke_outdoor_design_roomy_fisso_1.jpg","contentUrl":"https:\/\/www.keoutdoordesign.com\/wp-content\/uploads\/2019\/05\/ke_outdoor_design_roomy_fisso_1.jpg","width":2000,"height":1500,"caption":"pergola-aluminium-sur-mesure"},{"@type":"BreadcrumbList","@id":"https:\/\/www.keoutdoordesign.com\/de-de\/spezielle-uberdachungen\/#breadcrumb","itemListElement":[{"@type":"ListItem","position":1,"name":"Home","item":"https:\/\/www.keoutdoordesign.com\/de-de\/"},{"@type":"ListItem","position":2,"name":"Spezielle \u00dcberdachungen"}]},{"@type":"WebSite","@id":"https:\/\/www.keoutdoordesign.com\/it-it\/#website","url":"https:\/\/www.keoutdoordesign.com\/it-it\/","name":"KE Outdoor Design","description":"Un nuovo sito targato WordPress","publisher":{"@id":"https:\/\/www.keoutdoordesign.com\/it-it\/#organization"},"potentialAction":[{"@type":"SearchAction","target":{"@type":"EntryPoint","urlTemplate":"https:\/\/www.keoutdoordesign.com\/it-it\/?s={search_term_string}"},"query-input":{"@type":"PropertyValueSpecification","valueRequired":true,"valueName":"search_term_string"}}],"inLanguage":"de"},{"@type":"Organization","@id":"https:\/\/www.keoutdoordesign.com\/it-it\/#organization","name":"KE Outdoor Design","url":"https:\/\/www.keoutdoordesign.com\/it-it\/","logo":{"@type":"ImageObject","inLanguage":"de","@id":"https:\/\/www.keoutdoordesign.com\/it-it\/#\/schema\/logo\/image\/","url":"https:\/\/www.keoutdoordesign.com\/wp-content\/uploads\/2020\/02\/KE-logo-Primary-e1591282842174.jpg","contentUrl":"https:\/\/www.keoutdoordesign.com\/wp-content\/uploads\/2020\/02\/KE-logo-Primary-e1591282842174.jpg","width":500,"height":396,"caption":"KE Outdoor Design"},"image":{"@id":"https:\/\/www.keoutdoordesign.com\/it-it\/#\/schema\/logo\/image\/"},"sameAs":["https:\/\/www.facebook.com\/keoutdoordesign.us","https:\/\/x.com\/keoutdoordesign","https:\/\/www.facebook.com\/keoutdoordesign","https:\/\/www.youtube.com\/channel\/UCSoMQryJpLqD53bAoZLg2Vg","https:\/\/www.pinterest.it\/keoutdoordesign\/","https:\/\/www.instagram.com\/keoutdoordesign\/","https:\/\/www.linkedin.com\/company\/ke-outdoor-design\/"]}]}},"_links":{"self":[{"href":"https:\/\/www.keoutdoordesign.com\/de-de\/wp-json\/wp\/v2\/pages\/5178","targetHints":{"allow":["GET"]}}],"collection":[{"href":"https:\/\/www.keoutdoordesign.com\/de-de\/wp-json\/wp\/v2\/pages"}],"about":[{"href":"https:\/\/www.keoutdoordesign.com\/de-de\/wp-json\/wp\/v2\/types\/page"}],"author":[{"embeddable":true,"href":"https:\/\/www.keoutdoordesign.com\/de-de\/wp-json\/wp\/v2\/users\/10608"}],"replies":[{"embeddable":true,"href":"https:\/\/www.keoutdoordesign.com\/de-de\/wp-json\/wp\/v2\/comments?post=5178"}],"version-history":[{"count":5,"href":"https:\/\/www.keoutdoordesign.com\/de-de\/wp-json\/wp\/v2\/pages\/5178\/revisions"}],"predecessor-version":[{"id":28382,"href":"https:\/\/www.keoutdoordesign.com\/de-de\/wp-json\/wp\/v2\/pages\/5178\/revisions\/28382"}],"wp:featuredmedia":[{"embeddable":true,"href":"https:\/\/www.keoutdoordesign.com\/de-de\/wp-json\/wp\/v2\/media\/1801"}],"wp:attachment":[{"href":"https:\/\/www.keoutdoordesign.com\/de-de\/wp-json\/wp\/v2\/media?parent=5178"}],"curies":[{"name":"wp","href":"https:\/\/api.w.org\/{rel}","templated":true}]}}