{"id":5120,"date":"2019-06-07T14:32:22","date_gmt":"2019-06-07T12:32:22","guid":{"rendered":"http:\/\/ke.localhost.it\/?page_id=5120"},"modified":"2023-08-09T14:46:11","modified_gmt":"2023-08-09T12:46:11","slug":"screeny-ohne-kassette","status":"publish","type":"page","link":"https:\/\/www.keoutdoordesign.com\/de-de\/senkrechtmarkisen\/screeny-ohne-kassette\/","title":{"rendered":"Screeny ohne Kassette"},"content":{"rendered":"<p><span style=\"font-weight: 400;\">Minimalistisch und unverzichtbar \u2013 unsere <\/span><b>Markise ohne Kassette<\/b><span style=\"font-weight: 400;\"> f\u00fcgt sich vollst\u00e4ndig in bestehende Fensterkonstruktionen ein und ist dabei vor Witterungseinfl\u00fcssen gesch\u00fctzt. Unsere Screeny Box, ein <\/span><b>Vertikal Vorhang<\/b><span style=\"font-weight: 400;\"> ohne Kassette, verf\u00fcgt \u00fcber einen in der Markisenf\u00fchrung versenkten Rei\u00dfverschluss, der das Tuch in einer w\u00e4rmeisolierten Schutzvorrichtung aufnimmt und sich <\/span><b>perfekt an Fenster und T\u00fcren anpasst<\/b><span style=\"font-weight: 400;\">. Die Vorrichtung verschwindet komplett in der Au\u00dfenmauer und l\u00e4sst sich individuell einstellen &#8211; f\u00fcr genau so viel Sonne, wie Sie m\u00f6gen.<\/span><\/p>\n<p><span style=\"font-weight: 400;\">Alle Markisen ohne Kassette sind optional mit einem speziellen Filtergewebe erh\u00e4ltlich, ideal, um <\/span><b>nat\u00fcrliches Licht<\/b><span style=\"font-weight: 400;\"> in R\u00e4ume zu integrieren oder B\u00fcros bei Bedarf verdunkeln zu k\u00f6nnen. KE Outdoor Design fertigt Ihr ma\u00dfgeschneidertes<\/span><b> Vertikal Rollo f\u00fcr au\u00dfen<\/b><span style=\"font-weight: 400;\"> in individueller Ausstattung aus \u00fcber 500 unterschiedlichen Stoffen. Dabei sind all unsere Markisen nach Wunsch mit Klimasensoren ausgestattet und k\u00f6nnen mit einem <\/span><b>Smart-Home-System<\/b><span style=\"font-weight: 400;\"> kombiniert werden \u2013 programmieren Sie Ihre pers\u00f6nlichen Szenarien und bedienen jede Markise einfach bequem per Smartphone App.<\/span><\/p>\n","protected":false},"excerpt":{"rendered":"<p>Minimalistisch und unverzichtbar \u2013 unsere Markise ohne Kassette f\u00fcgt sich vollst\u00e4ndig in bestehende Fensterkonstruktionen ein und ist dabei vor Witterungseinfl\u00fcssen&hellip;<\/p>\n","protected":false},"author":10608,"featured_media":2213,"parent":5116,"menu_order":15,"comment_status":"closed","ping_status":"closed","template":"page-templates\/category-products.php","meta":{"_acf_changed":false,"footnotes":""},"class_list":["post-5120","page","type-page","status-publish","has-post-thumbnail","hentry"],"acf":[],"yoast_head":"<!-- This site is optimized with the Yoast SEO Premium plugin v20.12 (Yoast SEO v27.3) - https:\/\/yoast.com\/product\/yoast-seo-premium-wordpress\/ -->\n<title>Senkrechtmarkisen - Senkrechtrollos - Screeny | KE Outdoor Design<\/title>\n<meta name=\"description\" content=\"Wir produzieren Senkrechtmarkise mit Seil-, Seiten- oder Zip-F\u00fchrung f\u00fcr bereit bestehende Fensterkonstruktionen. Lassen Sie sich von uns beraten!\" \/>\n<meta name=\"robots\" content=\"index, follow, max-snippet:-1, max-image-preview:large, max-video-preview:-1\" \/>\n<link rel=\"canonical\" href=\"https:\/\/www.keoutdoordesign.com\/de-de\/senkrechtmarkisen\/screeny-ohne-kassette\/\" \/>\n<meta property=\"og:locale\" content=\"de_DE\" \/>\n<meta property=\"og:type\" content=\"article\" \/>\n<meta property=\"og:title\" content=\"Screeny ohne Kassette\" \/>\n<meta property=\"og:description\" content=\"Wir produzieren Senkrechtmarkise mit Seil-, Seiten- oder Zip-F\u00fchrung f\u00fcr bereit bestehende Fensterkonstruktionen. Lassen Sie sich von uns beraten!\" \/>\n<meta property=\"og:url\" content=\"https:\/\/www.keoutdoordesign.com\/de-de\/senkrechtmarkisen\/screeny-ohne-kassette\/\" \/>\n<meta property=\"og:site_name\" content=\"KE Outdoor Design\" \/>\n<meta property=\"article:publisher\" content=\"https:\/\/www.facebook.com\/keoutdoordesign.us\" \/>\n<meta property=\"article:modified_time\" content=\"2023-08-09T12:46:11+00:00\" \/>\n<meta property=\"og:image\" content=\"https:\/\/www.keoutdoordesign.com\/wp-content\/uploads\/2019\/05\/ke_outdoor_design_tende_a_rullo_screeny_110_GP_unica_cabrio_S31_1.jpg\" \/>\n\t<meta property=\"og:image:width\" content=\"2000\" \/>\n\t<meta property=\"og:image:height\" content=\"1333\" \/>\n\t<meta property=\"og:image:type\" content=\"image\/jpeg\" \/>\n<meta name=\"twitter:card\" content=\"summary_large_image\" \/>\n<meta name=\"twitter:site\" content=\"@keoutdoordesign\" \/>\n<script type=\"application\/ld+json\" class=\"yoast-schema-graph\">{\"@context\":\"https:\\\/\\\/schema.org\",\"@graph\":[{\"@type\":\"WebPage\",\"@id\":\"https:\\\/\\\/www.keoutdoordesign.com\\\/de-de\\\/senkrechtmarkisen\\\/screeny-ohne-kassette\\\/\",\"url\":\"https:\\\/\\\/www.keoutdoordesign.com\\\/de-de\\\/senkrechtmarkisen\\\/screeny-ohne-kassette\\\/\",\"name\":\"Senkrechtmarkisen - Senkrechtrollos - Screeny | KE Outdoor Design\",\"isPartOf\":{\"@id\":\"https:\\\/\\\/www.keoutdoordesign.com\\\/it-it\\\/#website\"},\"primaryImageOfPage\":{\"@id\":\"https:\\\/\\\/www.keoutdoordesign.com\\\/de-de\\\/senkrechtmarkisen\\\/screeny-ohne-kassette\\\/#primaryimage\"},\"image\":{\"@id\":\"https:\\\/\\\/www.keoutdoordesign.com\\\/de-de\\\/senkrechtmarkisen\\\/screeny-ohne-kassette\\\/#primaryimage\"},\"thumbnailUrl\":\"https:\\\/\\\/www.keoutdoordesign.com\\\/wp-content\\\/uploads\\\/2019\\\/05\\\/ke_outdoor_design_tende_a_rullo_screeny_110_GP_unica_cabrio_S31_1.jpg\",\"datePublished\":\"2019-06-07T12:32:22+00:00\",\"dateModified\":\"2023-08-09T12:46:11+00:00\",\"description\":\"Wir produzieren Senkrechtmarkise mit Seil-, Seiten- oder Zip-F\u00fchrung f\u00fcr bereit bestehende Fensterkonstruktionen. Lassen Sie sich von uns beraten!\",\"breadcrumb\":{\"@id\":\"https:\\\/\\\/www.keoutdoordesign.com\\\/de-de\\\/senkrechtmarkisen\\\/screeny-ohne-kassette\\\/#breadcrumb\"},\"inLanguage\":\"de\",\"potentialAction\":[{\"@type\":\"ReadAction\",\"target\":[\"https:\\\/\\\/www.keoutdoordesign.com\\\/de-de\\\/senkrechtmarkisen\\\/screeny-ohne-kassette\\\/\"]}]},{\"@type\":\"ImageObject\",\"inLanguage\":\"de\",\"@id\":\"https:\\\/\\\/www.keoutdoordesign.com\\\/de-de\\\/senkrechtmarkisen\\\/screeny-ohne-kassette\\\/#primaryimage\",\"url\":\"https:\\\/\\\/www.keoutdoordesign.com\\\/wp-content\\\/uploads\\\/2019\\\/05\\\/ke_outdoor_design_tende_a_rullo_screeny_110_GP_unica_cabrio_S31_1.jpg\",\"contentUrl\":\"https:\\\/\\\/www.keoutdoordesign.com\\\/wp-content\\\/uploads\\\/2019\\\/05\\\/ke_outdoor_design_tende_a_rullo_screeny_110_GP_unica_cabrio_S31_1.jpg\",\"width\":2000,\"height\":1333,\"caption\":\"un store pour baies vitr\u00e9es efficace pour obscurcir ou tamiser et produit naturellement.\"},{\"@type\":\"BreadcrumbList\",\"@id\":\"https:\\\/\\\/www.keoutdoordesign.com\\\/de-de\\\/senkrechtmarkisen\\\/screeny-ohne-kassette\\\/#breadcrumb\",\"itemListElement\":[{\"@type\":\"ListItem\",\"position\":1,\"name\":\"Home\",\"item\":\"https:\\\/\\\/www.keoutdoordesign.com\\\/de-de\\\/\"},{\"@type\":\"ListItem\",\"position\":2,\"name\":\"Senkrechtmarkisen\",\"item\":\"https:\\\/\\\/www.keoutdoordesign.com\\\/de-de\\\/senkrechtmarkisen\\\/\"},{\"@type\":\"ListItem\",\"position\":3,\"name\":\"Screeny ohne Kassette\"}]},{\"@type\":\"WebSite\",\"@id\":\"https:\\\/\\\/www.keoutdoordesign.com\\\/it-it\\\/#website\",\"url\":\"https:\\\/\\\/www.keoutdoordesign.com\\\/it-it\\\/\",\"name\":\"KE Outdoor Design\",\"description\":\"Un nuovo sito targato WordPress\",\"publisher\":{\"@id\":\"https:\\\/\\\/www.keoutdoordesign.com\\\/it-it\\\/#organization\"},\"potentialAction\":[{\"@type\":\"SearchAction\",\"target\":{\"@type\":\"EntryPoint\",\"urlTemplate\":\"https:\\\/\\\/www.keoutdoordesign.com\\\/it-it\\\/?s={search_term_string}\"},\"query-input\":{\"@type\":\"PropertyValueSpecification\",\"valueRequired\":true,\"valueName\":\"search_term_string\"}}],\"inLanguage\":\"de\"},{\"@type\":\"Organization\",\"@id\":\"https:\\\/\\\/www.keoutdoordesign.com\\\/it-it\\\/#organization\",\"name\":\"KE Outdoor Design\",\"url\":\"https:\\\/\\\/www.keoutdoordesign.com\\\/it-it\\\/\",\"logo\":{\"@type\":\"ImageObject\",\"inLanguage\":\"de\",\"@id\":\"https:\\\/\\\/www.keoutdoordesign.com\\\/it-it\\\/#\\\/schema\\\/logo\\\/image\\\/\",\"url\":\"https:\\\/\\\/www.keoutdoordesign.com\\\/wp-content\\\/uploads\\\/2020\\\/02\\\/KE-logo-Primary-e1591282842174.jpg\",\"contentUrl\":\"https:\\\/\\\/www.keoutdoordesign.com\\\/wp-content\\\/uploads\\\/2020\\\/02\\\/KE-logo-Primary-e1591282842174.jpg\",\"width\":500,\"height\":396,\"caption\":\"KE Outdoor Design\"},\"image\":{\"@id\":\"https:\\\/\\\/www.keoutdoordesign.com\\\/it-it\\\/#\\\/schema\\\/logo\\\/image\\\/\"},\"sameAs\":[\"https:\\\/\\\/www.facebook.com\\\/keoutdoordesign.us\",\"https:\\\/\\\/x.com\\\/keoutdoordesign\",\"https:\\\/\\\/www.facebook.com\\\/keoutdoordesign\",\"https:\\\/\\\/www.youtube.com\\\/channel\\\/UCSoMQryJpLqD53bAoZLg2Vg\",\"https:\\\/\\\/www.pinterest.it\\\/keoutdoordesign\\\/\",\"https:\\\/\\\/www.instagram.com\\\/keoutdoordesign\\\/\",\"https:\\\/\\\/www.linkedin.com\\\/company\\\/ke-outdoor-design\\\/\"]}]}<\/script>\n<!-- \/ Yoast SEO Premium plugin. -->","yoast_head_json":{"title":"Senkrechtmarkisen - Senkrechtrollos - Screeny | KE Outdoor Design","description":"Wir produzieren Senkrechtmarkise mit Seil-, Seiten- oder Zip-F\u00fchrung f\u00fcr bereit bestehende Fensterkonstruktionen. Lassen Sie sich von uns beraten!","robots":{"index":"index","follow":"follow","max-snippet":"max-snippet:-1","max-image-preview":"max-image-preview:large","max-video-preview":"max-video-preview:-1"},"canonical":"https:\/\/www.keoutdoordesign.com\/de-de\/senkrechtmarkisen\/screeny-ohne-kassette\/","og_locale":"de_DE","og_type":"article","og_title":"Screeny ohne Kassette","og_description":"Wir produzieren Senkrechtmarkise mit Seil-, Seiten- oder Zip-F\u00fchrung f\u00fcr bereit bestehende Fensterkonstruktionen. Lassen Sie sich von uns beraten!","og_url":"https:\/\/www.keoutdoordesign.com\/de-de\/senkrechtmarkisen\/screeny-ohne-kassette\/","og_site_name":"KE Outdoor Design","article_publisher":"https:\/\/www.facebook.com\/keoutdoordesign.us","article_modified_time":"2023-08-09T12:46:11+00:00","og_image":[{"width":2000,"height":1333,"url":"https:\/\/www.keoutdoordesign.com\/wp-content\/uploads\/2019\/05\/ke_outdoor_design_tende_a_rullo_screeny_110_GP_unica_cabrio_S31_1.jpg","type":"image\/jpeg"}],"twitter_card":"summary_large_image","twitter_site":"@keoutdoordesign","schema":{"@context":"https:\/\/schema.org","@graph":[{"@type":"WebPage","@id":"https:\/\/www.keoutdoordesign.com\/de-de\/senkrechtmarkisen\/screeny-ohne-kassette\/","url":"https:\/\/www.keoutdoordesign.com\/de-de\/senkrechtmarkisen\/screeny-ohne-kassette\/","name":"Senkrechtmarkisen - Senkrechtrollos - Screeny | KE Outdoor Design","isPartOf":{"@id":"https:\/\/www.keoutdoordesign.com\/it-it\/#website"},"primaryImageOfPage":{"@id":"https:\/\/www.keoutdoordesign.com\/de-de\/senkrechtmarkisen\/screeny-ohne-kassette\/#primaryimage"},"image":{"@id":"https:\/\/www.keoutdoordesign.com\/de-de\/senkrechtmarkisen\/screeny-ohne-kassette\/#primaryimage"},"thumbnailUrl":"https:\/\/www.keoutdoordesign.com\/wp-content\/uploads\/2019\/05\/ke_outdoor_design_tende_a_rullo_screeny_110_GP_unica_cabrio_S31_1.jpg","datePublished":"2019-06-07T12:32:22+00:00","dateModified":"2023-08-09T12:46:11+00:00","description":"Wir produzieren Senkrechtmarkise mit Seil-, Seiten- oder Zip-F\u00fchrung f\u00fcr bereit bestehende Fensterkonstruktionen. Lassen Sie sich von uns beraten!","breadcrumb":{"@id":"https:\/\/www.keoutdoordesign.com\/de-de\/senkrechtmarkisen\/screeny-ohne-kassette\/#breadcrumb"},"inLanguage":"de","potentialAction":[{"@type":"ReadAction","target":["https:\/\/www.keoutdoordesign.com\/de-de\/senkrechtmarkisen\/screeny-ohne-kassette\/"]}]},{"@type":"ImageObject","inLanguage":"de","@id":"https:\/\/www.keoutdoordesign.com\/de-de\/senkrechtmarkisen\/screeny-ohne-kassette\/#primaryimage","url":"https:\/\/www.keoutdoordesign.com\/wp-content\/uploads\/2019\/05\/ke_outdoor_design_tende_a_rullo_screeny_110_GP_unica_cabrio_S31_1.jpg","contentUrl":"https:\/\/www.keoutdoordesign.com\/wp-content\/uploads\/2019\/05\/ke_outdoor_design_tende_a_rullo_screeny_110_GP_unica_cabrio_S31_1.jpg","width":2000,"height":1333,"caption":"un store pour baies vitr\u00e9es efficace pour obscurcir ou tamiser et produit naturellement."},{"@type":"BreadcrumbList","@id":"https:\/\/www.keoutdoordesign.com\/de-de\/senkrechtmarkisen\/screeny-ohne-kassette\/#breadcrumb","itemListElement":[{"@type":"ListItem","position":1,"name":"Home","item":"https:\/\/www.keoutdoordesign.com\/de-de\/"},{"@type":"ListItem","position":2,"name":"Senkrechtmarkisen","item":"https:\/\/www.keoutdoordesign.com\/de-de\/senkrechtmarkisen\/"},{"@type":"ListItem","position":3,"name":"Screeny ohne Kassette"}]},{"@type":"WebSite","@id":"https:\/\/www.keoutdoordesign.com\/it-it\/#website","url":"https:\/\/www.keoutdoordesign.com\/it-it\/","name":"KE Outdoor Design","description":"Un nuovo sito targato WordPress","publisher":{"@id":"https:\/\/www.keoutdoordesign.com\/it-it\/#organization"},"potentialAction":[{"@type":"SearchAction","target":{"@type":"EntryPoint","urlTemplate":"https:\/\/www.keoutdoordesign.com\/it-it\/?s={search_term_string}"},"query-input":{"@type":"PropertyValueSpecification","valueRequired":true,"valueName":"search_term_string"}}],"inLanguage":"de"},{"@type":"Organization","@id":"https:\/\/www.keoutdoordesign.com\/it-it\/#organization","name":"KE Outdoor Design","url":"https:\/\/www.keoutdoordesign.com\/it-it\/","logo":{"@type":"ImageObject","inLanguage":"de","@id":"https:\/\/www.keoutdoordesign.com\/it-it\/#\/schema\/logo\/image\/","url":"https:\/\/www.keoutdoordesign.com\/wp-content\/uploads\/2020\/02\/KE-logo-Primary-e1591282842174.jpg","contentUrl":"https:\/\/www.keoutdoordesign.com\/wp-content\/uploads\/2020\/02\/KE-logo-Primary-e1591282842174.jpg","width":500,"height":396,"caption":"KE Outdoor Design"},"image":{"@id":"https:\/\/www.keoutdoordesign.com\/it-it\/#\/schema\/logo\/image\/"},"sameAs":["https:\/\/www.facebook.com\/keoutdoordesign.us","https:\/\/x.com\/keoutdoordesign","https:\/\/www.facebook.com\/keoutdoordesign","https:\/\/www.youtube.com\/channel\/UCSoMQryJpLqD53bAoZLg2Vg","https:\/\/www.pinterest.it\/keoutdoordesign\/","https:\/\/www.instagram.com\/keoutdoordesign\/","https:\/\/www.linkedin.com\/company\/ke-outdoor-design\/"]}]}},"_links":{"self":[{"href":"https:\/\/www.keoutdoordesign.com\/de-de\/wp-json\/wp\/v2\/pages\/5120","targetHints":{"allow":["GET"]}}],"collection":[{"href":"https:\/\/www.keoutdoordesign.com\/de-de\/wp-json\/wp\/v2\/pages"}],"about":[{"href":"https:\/\/www.keoutdoordesign.com\/de-de\/wp-json\/wp\/v2\/types\/page"}],"author":[{"embeddable":true,"href":"https:\/\/www.keoutdoordesign.com\/de-de\/wp-json\/wp\/v2\/users\/10608"}],"replies":[{"embeddable":true,"href":"https:\/\/www.keoutdoordesign.com\/de-de\/wp-json\/wp\/v2\/comments?post=5120"}],"version-history":[{"count":5,"href":"https:\/\/www.keoutdoordesign.com\/de-de\/wp-json\/wp\/v2\/pages\/5120\/revisions"}],"predecessor-version":[{"id":28379,"href":"https:\/\/www.keoutdoordesign.com\/de-de\/wp-json\/wp\/v2\/pages\/5120\/revisions\/28379"}],"up":[{"embeddable":true,"href":"https:\/\/www.keoutdoordesign.com\/de-de\/wp-json\/wp\/v2\/pages\/5116"}],"wp:featuredmedia":[{"embeddable":true,"href":"https:\/\/www.keoutdoordesign.com\/de-de\/wp-json\/wp\/v2\/media\/2213"}],"wp:attachment":[{"href":"https:\/\/www.keoutdoordesign.com\/de-de\/wp-json\/wp\/v2\/media?parent=5120"}],"curies":[{"name":"wp","href":"https:\/\/api.w.org\/{rel}","templated":true}]}}