{"id":5118,"date":"2019-06-07T14:32:16","date_gmt":"2019-06-07T12:32:16","guid":{"rendered":"http:\/\/ke.localhost.it\/?page_id=5118"},"modified":"2023-08-07T11:24:20","modified_gmt":"2023-08-07T09:24:20","slug":"screeny-mit-kassette","status":"publish","type":"page","link":"https:\/\/www.keoutdoordesign.com\/de-de\/senkrechtmarkisen\/screeny-mit-kassette\/","title":{"rendered":"Screeny mit Kassette"},"content":{"rendered":"<p><span style=\"font-weight: 400;\">Hochwertig. Langlebig. Robust.<\/span><\/p>\n<p><b>Kassettenmarkisen von KE Outdoor Design<\/b><span style=\"font-weight: 400;\"> \u00fcberzeugen durch ihre hochwertige Optik und verbinden Qualit\u00e4tsbestandteile mit einem hohen Ma\u00df an Sicherheit. Dank der geh\u00e4rteten Bauteile eignet sich dieser Markisentyp auch f\u00fcr die Beschattung gro\u00dfer R\u00e4ume. Das visuelle Erscheinungsbild ist unaufdringlich und dezent \u2013 ideal, um sich in bereits bestehende Architektur einzuf\u00fcgen. Wir bieten unterschiedliche Farben, Stoffe, Designs und Ausf\u00fchrungen und verwirklichen liebevoll in jedem Unikat Ihre <\/span><b>individuellen Gestaltungsw\u00fcnsche<\/b><span style=\"font-weight: 400;\"> \u2013 bis ins kleinste technische Detail.<\/span><\/p>\n<p><span style=\"font-weight: 400;\">Die <\/span><b>Vertikalmarkise mit Kassette<\/b><span style=\"font-weight: 400;\"> verf\u00fcgt \u00fcber robuste Arme, an denen das Markisentuch befestigt ist. Im geschlossenen Zustand wird das Segel durch die Kassette vollst\u00e4ndig vor allen Witterungseinfl\u00fcssen gesch\u00fctzt. Auch die <\/span><b>Senkrechtmarkise<\/b><span style=\"font-weight: 400;\"> von KE Outdoor Design ist in allen Ausstattungsmerkmalen ebenso hochwertig verarbeitet und so konstruiert, dass sie immer pr\u00e4zise schlie\u00dft. Das ist besonders wichtig, damit die Kassette dauerhaft vor Wind und Wetter sch\u00fctzt und so die Lebensdauer Ihrer Markise verl\u00e4ngert. Lassen Sie sich von unseren kreativen Beschattungssystemen inspirieren!<\/span><\/p>\n","protected":false},"excerpt":{"rendered":"<p>Hochwertig. Langlebig. Robust. Kassettenmarkisen von KE Outdoor Design \u00fcberzeugen durch ihre hochwertige Optik und verbinden Qualit\u00e4tsbestandteile mit einem hohen Ma\u00df&hellip;<\/p>\n","protected":false},"author":10608,"featured_media":7105,"parent":5116,"menu_order":7,"comment_status":"closed","ping_status":"closed","template":"page-templates\/category-products.php","meta":{"_acf_changed":false,"footnotes":""},"class_list":["post-5118","page","type-page","status-publish","has-post-thumbnail","hentry"],"acf":[],"yoast_head":"<!-- This site is optimized with the Yoast SEO Premium plugin v20.12 (Yoast SEO v27.3) - https:\/\/yoast.com\/product\/yoast-seo-premium-wordpress\/ -->\n<title>Elektrisch und senkrecht - Screeny | KE Outdoor Design<\/title>\n<meta name=\"description\" content=\"Die elektrischen Senkrecht-Kassettenmarkisen Screeny \u00fcberzeugen durch \u00c4sthetik, Qualit\u00e4t und Sicherheit. St\u00f6bern Sie in unserem Katalog!\" \/>\n<meta name=\"robots\" content=\"index, follow, max-snippet:-1, max-image-preview:large, max-video-preview:-1\" \/>\n<link rel=\"canonical\" href=\"https:\/\/www.keoutdoordesign.com\/de-de\/senkrechtmarkisen\/screeny-mit-kassette\/\" \/>\n<meta property=\"og:locale\" content=\"de_DE\" \/>\n<meta property=\"og:type\" content=\"article\" \/>\n<meta property=\"og:title\" content=\"Screeny mit Kassette\" \/>\n<meta property=\"og:description\" content=\"Die elektrischen Senkrecht-Kassettenmarkisen Screeny \u00fcberzeugen durch \u00c4sthetik, Qualit\u00e4t und Sicherheit. St\u00f6bern Sie in unserem Katalog!\" \/>\n<meta property=\"og:url\" content=\"https:\/\/www.keoutdoordesign.com\/de-de\/senkrechtmarkisen\/screeny-mit-kassette\/\" \/>\n<meta property=\"og:site_name\" content=\"KE Outdoor Design\" \/>\n<meta property=\"article:publisher\" content=\"https:\/\/www.facebook.com\/keoutdoordesign.us\" \/>\n<meta property=\"article:modified_time\" content=\"2023-08-07T09:24:20+00:00\" \/>\n<meta property=\"og:image\" content=\"https:\/\/www.keoutdoordesign.com\/wp-content\/uploads\/2019\/06\/SCREENY-130-1.jpg\" \/>\n\t<meta property=\"og:image:width\" content=\"3700\" \/>\n\t<meta property=\"og:image:height\" content=\"2558\" \/>\n\t<meta property=\"og:image:type\" content=\"image\/jpeg\" \/>\n<meta name=\"twitter:card\" content=\"summary_large_image\" \/>\n<meta name=\"twitter:site\" content=\"@keoutdoordesign\" \/>\n<script type=\"application\/ld+json\" class=\"yoast-schema-graph\">{\"@context\":\"https:\\\/\\\/schema.org\",\"@graph\":[{\"@type\":\"WebPage\",\"@id\":\"https:\\\/\\\/www.keoutdoordesign.com\\\/de-de\\\/senkrechtmarkisen\\\/screeny-mit-kassette\\\/\",\"url\":\"https:\\\/\\\/www.keoutdoordesign.com\\\/de-de\\\/senkrechtmarkisen\\\/screeny-mit-kassette\\\/\",\"name\":\"Elektrisch und senkrecht - Screeny | KE Outdoor Design\",\"isPartOf\":{\"@id\":\"https:\\\/\\\/www.keoutdoordesign.com\\\/it-it\\\/#website\"},\"primaryImageOfPage\":{\"@id\":\"https:\\\/\\\/www.keoutdoordesign.com\\\/de-de\\\/senkrechtmarkisen\\\/screeny-mit-kassette\\\/#primaryimage\"},\"image\":{\"@id\":\"https:\\\/\\\/www.keoutdoordesign.com\\\/de-de\\\/senkrechtmarkisen\\\/screeny-mit-kassette\\\/#primaryimage\"},\"thumbnailUrl\":\"https:\\\/\\\/www.keoutdoordesign.com\\\/wp-content\\\/uploads\\\/2019\\\/06\\\/SCREENY-130-1.jpg\",\"datePublished\":\"2019-06-07T12:32:16+00:00\",\"dateModified\":\"2023-08-07T09:24:20+00:00\",\"description\":\"Die elektrischen Senkrecht-Kassettenmarkisen Screeny \u00fcberzeugen durch \u00c4sthetik, Qualit\u00e4t und Sicherheit. St\u00f6bern Sie in unserem Katalog!\",\"breadcrumb\":{\"@id\":\"https:\\\/\\\/www.keoutdoordesign.com\\\/de-de\\\/senkrechtmarkisen\\\/screeny-mit-kassette\\\/#breadcrumb\"},\"inLanguage\":\"de\",\"potentialAction\":[{\"@type\":\"ReadAction\",\"target\":[\"https:\\\/\\\/www.keoutdoordesign.com\\\/de-de\\\/senkrechtmarkisen\\\/screeny-mit-kassette\\\/\"]}]},{\"@type\":\"ImageObject\",\"inLanguage\":\"de\",\"@id\":\"https:\\\/\\\/www.keoutdoordesign.com\\\/de-de\\\/senkrechtmarkisen\\\/screeny-mit-kassette\\\/#primaryimage\",\"url\":\"https:\\\/\\\/www.keoutdoordesign.com\\\/wp-content\\\/uploads\\\/2019\\\/06\\\/SCREENY-130-1.jpg\",\"contentUrl\":\"https:\\\/\\\/www.keoutdoordesign.com\\\/wp-content\\\/uploads\\\/2019\\\/06\\\/SCREENY-130-1.jpg\",\"width\":3700,\"height\":2558,\"caption\":\"Stores ext\u00e9rieurs verticaux pour fen\u00eatres de maisons. Personnalisables\"},{\"@type\":\"BreadcrumbList\",\"@id\":\"https:\\\/\\\/www.keoutdoordesign.com\\\/de-de\\\/senkrechtmarkisen\\\/screeny-mit-kassette\\\/#breadcrumb\",\"itemListElement\":[{\"@type\":\"ListItem\",\"position\":1,\"name\":\"Home\",\"item\":\"https:\\\/\\\/www.keoutdoordesign.com\\\/de-de\\\/\"},{\"@type\":\"ListItem\",\"position\":2,\"name\":\"Senkrechtmarkisen\",\"item\":\"https:\\\/\\\/www.keoutdoordesign.com\\\/de-de\\\/senkrechtmarkisen\\\/\"},{\"@type\":\"ListItem\",\"position\":3,\"name\":\"Screeny mit Kassette\"}]},{\"@type\":\"WebSite\",\"@id\":\"https:\\\/\\\/www.keoutdoordesign.com\\\/it-it\\\/#website\",\"url\":\"https:\\\/\\\/www.keoutdoordesign.com\\\/it-it\\\/\",\"name\":\"KE Outdoor Design\",\"description\":\"Un nuovo sito targato WordPress\",\"publisher\":{\"@id\":\"https:\\\/\\\/www.keoutdoordesign.com\\\/it-it\\\/#organization\"},\"potentialAction\":[{\"@type\":\"SearchAction\",\"target\":{\"@type\":\"EntryPoint\",\"urlTemplate\":\"https:\\\/\\\/www.keoutdoordesign.com\\\/it-it\\\/?s={search_term_string}\"},\"query-input\":{\"@type\":\"PropertyValueSpecification\",\"valueRequired\":true,\"valueName\":\"search_term_string\"}}],\"inLanguage\":\"de\"},{\"@type\":\"Organization\",\"@id\":\"https:\\\/\\\/www.keoutdoordesign.com\\\/it-it\\\/#organization\",\"name\":\"KE Outdoor Design\",\"url\":\"https:\\\/\\\/www.keoutdoordesign.com\\\/it-it\\\/\",\"logo\":{\"@type\":\"ImageObject\",\"inLanguage\":\"de\",\"@id\":\"https:\\\/\\\/www.keoutdoordesign.com\\\/it-it\\\/#\\\/schema\\\/logo\\\/image\\\/\",\"url\":\"https:\\\/\\\/www.keoutdoordesign.com\\\/wp-content\\\/uploads\\\/2020\\\/02\\\/KE-logo-Primary-e1591282842174.jpg\",\"contentUrl\":\"https:\\\/\\\/www.keoutdoordesign.com\\\/wp-content\\\/uploads\\\/2020\\\/02\\\/KE-logo-Primary-e1591282842174.jpg\",\"width\":500,\"height\":396,\"caption\":\"KE Outdoor Design\"},\"image\":{\"@id\":\"https:\\\/\\\/www.keoutdoordesign.com\\\/it-it\\\/#\\\/schema\\\/logo\\\/image\\\/\"},\"sameAs\":[\"https:\\\/\\\/www.facebook.com\\\/keoutdoordesign.us\",\"https:\\\/\\\/x.com\\\/keoutdoordesign\",\"https:\\\/\\\/www.facebook.com\\\/keoutdoordesign\",\"https:\\\/\\\/www.youtube.com\\\/channel\\\/UCSoMQryJpLqD53bAoZLg2Vg\",\"https:\\\/\\\/www.pinterest.it\\\/keoutdoordesign\\\/\",\"https:\\\/\\\/www.instagram.com\\\/keoutdoordesign\\\/\",\"https:\\\/\\\/www.linkedin.com\\\/company\\\/ke-outdoor-design\\\/\"]}]}<\/script>\n<!-- \/ Yoast SEO Premium plugin. -->","yoast_head_json":{"title":"Elektrisch und senkrecht - Screeny | KE Outdoor Design","description":"Die elektrischen Senkrecht-Kassettenmarkisen Screeny \u00fcberzeugen durch \u00c4sthetik, Qualit\u00e4t und Sicherheit. St\u00f6bern Sie in unserem Katalog!","robots":{"index":"index","follow":"follow","max-snippet":"max-snippet:-1","max-image-preview":"max-image-preview:large","max-video-preview":"max-video-preview:-1"},"canonical":"https:\/\/www.keoutdoordesign.com\/de-de\/senkrechtmarkisen\/screeny-mit-kassette\/","og_locale":"de_DE","og_type":"article","og_title":"Screeny mit Kassette","og_description":"Die elektrischen Senkrecht-Kassettenmarkisen Screeny \u00fcberzeugen durch \u00c4sthetik, Qualit\u00e4t und Sicherheit. St\u00f6bern Sie in unserem Katalog!","og_url":"https:\/\/www.keoutdoordesign.com\/de-de\/senkrechtmarkisen\/screeny-mit-kassette\/","og_site_name":"KE Outdoor Design","article_publisher":"https:\/\/www.facebook.com\/keoutdoordesign.us","article_modified_time":"2023-08-07T09:24:20+00:00","og_image":[{"width":3700,"height":2558,"url":"https:\/\/www.keoutdoordesign.com\/wp-content\/uploads\/2019\/06\/SCREENY-130-1.jpg","type":"image\/jpeg"}],"twitter_card":"summary_large_image","twitter_site":"@keoutdoordesign","schema":{"@context":"https:\/\/schema.org","@graph":[{"@type":"WebPage","@id":"https:\/\/www.keoutdoordesign.com\/de-de\/senkrechtmarkisen\/screeny-mit-kassette\/","url":"https:\/\/www.keoutdoordesign.com\/de-de\/senkrechtmarkisen\/screeny-mit-kassette\/","name":"Elektrisch und senkrecht - Screeny | KE Outdoor Design","isPartOf":{"@id":"https:\/\/www.keoutdoordesign.com\/it-it\/#website"},"primaryImageOfPage":{"@id":"https:\/\/www.keoutdoordesign.com\/de-de\/senkrechtmarkisen\/screeny-mit-kassette\/#primaryimage"},"image":{"@id":"https:\/\/www.keoutdoordesign.com\/de-de\/senkrechtmarkisen\/screeny-mit-kassette\/#primaryimage"},"thumbnailUrl":"https:\/\/www.keoutdoordesign.com\/wp-content\/uploads\/2019\/06\/SCREENY-130-1.jpg","datePublished":"2019-06-07T12:32:16+00:00","dateModified":"2023-08-07T09:24:20+00:00","description":"Die elektrischen Senkrecht-Kassettenmarkisen Screeny \u00fcberzeugen durch \u00c4sthetik, Qualit\u00e4t und Sicherheit. St\u00f6bern Sie in unserem Katalog!","breadcrumb":{"@id":"https:\/\/www.keoutdoordesign.com\/de-de\/senkrechtmarkisen\/screeny-mit-kassette\/#breadcrumb"},"inLanguage":"de","potentialAction":[{"@type":"ReadAction","target":["https:\/\/www.keoutdoordesign.com\/de-de\/senkrechtmarkisen\/screeny-mit-kassette\/"]}]},{"@type":"ImageObject","inLanguage":"de","@id":"https:\/\/www.keoutdoordesign.com\/de-de\/senkrechtmarkisen\/screeny-mit-kassette\/#primaryimage","url":"https:\/\/www.keoutdoordesign.com\/wp-content\/uploads\/2019\/06\/SCREENY-130-1.jpg","contentUrl":"https:\/\/www.keoutdoordesign.com\/wp-content\/uploads\/2019\/06\/SCREENY-130-1.jpg","width":3700,"height":2558,"caption":"Stores ext\u00e9rieurs verticaux pour fen\u00eatres de maisons. Personnalisables"},{"@type":"BreadcrumbList","@id":"https:\/\/www.keoutdoordesign.com\/de-de\/senkrechtmarkisen\/screeny-mit-kassette\/#breadcrumb","itemListElement":[{"@type":"ListItem","position":1,"name":"Home","item":"https:\/\/www.keoutdoordesign.com\/de-de\/"},{"@type":"ListItem","position":2,"name":"Senkrechtmarkisen","item":"https:\/\/www.keoutdoordesign.com\/de-de\/senkrechtmarkisen\/"},{"@type":"ListItem","position":3,"name":"Screeny mit Kassette"}]},{"@type":"WebSite","@id":"https:\/\/www.keoutdoordesign.com\/it-it\/#website","url":"https:\/\/www.keoutdoordesign.com\/it-it\/","name":"KE Outdoor Design","description":"Un nuovo sito targato WordPress","publisher":{"@id":"https:\/\/www.keoutdoordesign.com\/it-it\/#organization"},"potentialAction":[{"@type":"SearchAction","target":{"@type":"EntryPoint","urlTemplate":"https:\/\/www.keoutdoordesign.com\/it-it\/?s={search_term_string}"},"query-input":{"@type":"PropertyValueSpecification","valueRequired":true,"valueName":"search_term_string"}}],"inLanguage":"de"},{"@type":"Organization","@id":"https:\/\/www.keoutdoordesign.com\/it-it\/#organization","name":"KE Outdoor Design","url":"https:\/\/www.keoutdoordesign.com\/it-it\/","logo":{"@type":"ImageObject","inLanguage":"de","@id":"https:\/\/www.keoutdoordesign.com\/it-it\/#\/schema\/logo\/image\/","url":"https:\/\/www.keoutdoordesign.com\/wp-content\/uploads\/2020\/02\/KE-logo-Primary-e1591282842174.jpg","contentUrl":"https:\/\/www.keoutdoordesign.com\/wp-content\/uploads\/2020\/02\/KE-logo-Primary-e1591282842174.jpg","width":500,"height":396,"caption":"KE Outdoor Design"},"image":{"@id":"https:\/\/www.keoutdoordesign.com\/it-it\/#\/schema\/logo\/image\/"},"sameAs":["https:\/\/www.facebook.com\/keoutdoordesign.us","https:\/\/x.com\/keoutdoordesign","https:\/\/www.facebook.com\/keoutdoordesign","https:\/\/www.youtube.com\/channel\/UCSoMQryJpLqD53bAoZLg2Vg","https:\/\/www.pinterest.it\/keoutdoordesign\/","https:\/\/www.instagram.com\/keoutdoordesign\/","https:\/\/www.linkedin.com\/company\/ke-outdoor-design\/"]}]}},"_links":{"self":[{"href":"https:\/\/www.keoutdoordesign.com\/de-de\/wp-json\/wp\/v2\/pages\/5118","targetHints":{"allow":["GET"]}}],"collection":[{"href":"https:\/\/www.keoutdoordesign.com\/de-de\/wp-json\/wp\/v2\/pages"}],"about":[{"href":"https:\/\/www.keoutdoordesign.com\/de-de\/wp-json\/wp\/v2\/types\/page"}],"author":[{"embeddable":true,"href":"https:\/\/www.keoutdoordesign.com\/de-de\/wp-json\/wp\/v2\/users\/10608"}],"replies":[{"embeddable":true,"href":"https:\/\/www.keoutdoordesign.com\/de-de\/wp-json\/wp\/v2\/comments?post=5118"}],"version-history":[{"count":9,"href":"https:\/\/www.keoutdoordesign.com\/de-de\/wp-json\/wp\/v2\/pages\/5118\/revisions"}],"predecessor-version":[{"id":44104,"href":"https:\/\/www.keoutdoordesign.com\/de-de\/wp-json\/wp\/v2\/pages\/5118\/revisions\/44104"}],"up":[{"embeddable":true,"href":"https:\/\/www.keoutdoordesign.com\/de-de\/wp-json\/wp\/v2\/pages\/5116"}],"wp:featuredmedia":[{"embeddable":true,"href":"https:\/\/www.keoutdoordesign.com\/de-de\/wp-json\/wp\/v2\/media\/7105"}],"wp:attachment":[{"href":"https:\/\/www.keoutdoordesign.com\/de-de\/wp-json\/wp\/v2\/media?parent=5118"}],"curies":[{"name":"wp","href":"https:\/\/api.w.org\/{rel}","templated":true}]}}