{"id":5116,"date":"2019-06-07T14:32:02","date_gmt":"2019-06-07T12:32:02","guid":{"rendered":"http:\/\/ke.localhost.it\/?page_id=5116"},"modified":"2023-08-09T12:21:02","modified_gmt":"2023-08-09T10:21:02","slug":"senkrechtmarkisen","status":"publish","type":"page","link":"https:\/\/www.keoutdoordesign.com\/de-de\/senkrechtmarkisen\/","title":{"rendered":"Senkrechtmarkisen"},"content":{"rendered":"<p>Wie k\u00f6nnen Sie sich vor der intensiven Hitze der direkten Sonneneinstrahlung sch\u00fctzen? Wie k\u00f6nnen Sie das Licht, das in Ihre R\u00e4ume f\u00e4llt, immer ideal gestalten? Mit Senkrechtmarkisen <strong>SCREENY von KE<\/strong> sch\u00fctzen Sie sich vor intensiven Sonnenstrahlen, ohne dabei auf Helligkeit in Ihren Lebens- und Arbeitsr\u00e4umen verzichten zu m\u00fcssen. Senkrechtmarkisen von KE sind perfekt geeignet, um Fenster- und Glasfl\u00e4chen zu verkleiden und Ihre R\u00e4ume nach den Prinzipien der Tageslichtsteuerung zu gestalten. Zudem optimieren Sie mit ihrem Einsatz die Energieeffizienz: Durch die Abschirmung des Sonnenlichts werden R\u00e4ume k\u00fchler gehalten, ohne dass ein Einsatz von Klimaanlagen erforderlich ist. Andererseits kann durch die Modellierung des Lichteinfalls die nat\u00fcrliche Belichtung effizienter und komfortabler genutzt werden.<\/p>\n<p><span style=\"font-weight: 400;\">Das Design bietet minimalistische \u00c4sthetik und passt gut zu <\/span><b>Geb\u00e4uden jeglichen Architekturstils<\/b><span style=\"font-weight: 400;\">. elektrische Bedienung der Senkrechtmarkisen bietet maximalen Komfort.<\/span><\/p>\n","protected":false},"excerpt":{"rendered":"<p>Wie k\u00f6nnen Sie sich vor der intensiven Hitze der direkten Sonneneinstrahlung sch\u00fctzen? Wie k\u00f6nnen Sie das Licht, das in Ihre&hellip;<\/p>\n","protected":false},"author":10608,"featured_media":2050,"parent":0,"menu_order":49,"comment_status":"closed","ping_status":"closed","template":"page-templates\/category-subcategories.php","meta":{"_acf_changed":false,"footnotes":""},"class_list":["post-5116","page","type-page","status-publish","has-post-thumbnail","hentry"],"acf":[],"yoast_head":"<!-- This site is optimized with the Yoast SEO Premium plugin v20.12 (Yoast SEO v27.3) - https:\/\/yoast.com\/product\/yoast-seo-premium-wordpress\/ -->\n<title>Senkrechtmarkise - Screeny | KE Outdoor Design<\/title>\n<meta name=\"description\" content=\"Unsere Senkrechtmarkisen mit elektrischer Steuerung sind die perfekte Abschirmung vor intensiver Sonnenstrahlung. Entdecken Sie jetzt unsere Angebote!\" \/>\n<meta name=\"robots\" content=\"index, follow, max-snippet:-1, max-image-preview:large, max-video-preview:-1\" \/>\n<link rel=\"canonical\" href=\"https:\/\/www.keoutdoordesign.com\/de-de\/senkrechtmarkisen\/\" \/>\n<meta property=\"og:locale\" content=\"de_DE\" \/>\n<meta property=\"og:type\" content=\"article\" \/>\n<meta property=\"og:title\" content=\"Senkrechtmarkisen\" \/>\n<meta property=\"og:description\" content=\"Unsere Senkrechtmarkisen mit elektrischer Steuerung sind die perfekte Abschirmung vor intensiver Sonnenstrahlung. Entdecken Sie jetzt unsere Angebote!\" \/>\n<meta property=\"og:url\" content=\"https:\/\/www.keoutdoordesign.com\/de-de\/senkrechtmarkisen\/\" \/>\n<meta property=\"og:site_name\" content=\"KE Outdoor Design\" \/>\n<meta property=\"article:publisher\" content=\"https:\/\/www.facebook.com\/keoutdoordesign.us\" \/>\n<meta property=\"article:modified_time\" content=\"2023-08-09T10:21:02+00:00\" \/>\n<meta property=\"og:image\" content=\"https:\/\/www.keoutdoordesign.com\/wp-content\/uploads\/2019\/05\/ke_outdoor_design_tende_a_rullo_screeny_110_GPZ_tens_T_S60_TO_1.jpg\" \/>\n\t<meta property=\"og:image:width\" content=\"2000\" \/>\n\t<meta property=\"og:image:height\" content=\"1333\" \/>\n\t<meta property=\"og:image:type\" content=\"image\/jpeg\" \/>\n<meta name=\"twitter:card\" content=\"summary_large_image\" \/>\n<meta name=\"twitter:site\" content=\"@keoutdoordesign\" \/>\n<script type=\"application\/ld+json\" class=\"yoast-schema-graph\">{\"@context\":\"https:\\\/\\\/schema.org\",\"@graph\":[{\"@type\":\"WebPage\",\"@id\":\"https:\\\/\\\/www.keoutdoordesign.com\\\/de-de\\\/senkrechtmarkisen\\\/\",\"url\":\"https:\\\/\\\/www.keoutdoordesign.com\\\/de-de\\\/senkrechtmarkisen\\\/\",\"name\":\"Senkrechtmarkise - Screeny | KE Outdoor Design\",\"isPartOf\":{\"@id\":\"https:\\\/\\\/www.keoutdoordesign.com\\\/it-it\\\/#website\"},\"primaryImageOfPage\":{\"@id\":\"https:\\\/\\\/www.keoutdoordesign.com\\\/de-de\\\/senkrechtmarkisen\\\/#primaryimage\"},\"image\":{\"@id\":\"https:\\\/\\\/www.keoutdoordesign.com\\\/de-de\\\/senkrechtmarkisen\\\/#primaryimage\"},\"thumbnailUrl\":\"https:\\\/\\\/www.keoutdoordesign.com\\\/wp-content\\\/uploads\\\/2019\\\/05\\\/ke_outdoor_design_tende_a_rullo_screeny_110_GPZ_tens_T_S60_TO_1.jpg\",\"datePublished\":\"2019-06-07T12:32:02+00:00\",\"dateModified\":\"2023-08-09T10:21:02+00:00\",\"description\":\"Unsere Senkrechtmarkisen mit elektrischer Steuerung sind die perfekte Abschirmung vor intensiver Sonnenstrahlung. Entdecken Sie jetzt unsere Angebote!\",\"breadcrumb\":{\"@id\":\"https:\\\/\\\/www.keoutdoordesign.com\\\/de-de\\\/senkrechtmarkisen\\\/#breadcrumb\"},\"inLanguage\":\"de\",\"potentialAction\":[{\"@type\":\"ReadAction\",\"target\":[\"https:\\\/\\\/www.keoutdoordesign.com\\\/de-de\\\/senkrechtmarkisen\\\/\"]}]},{\"@type\":\"ImageObject\",\"inLanguage\":\"de\",\"@id\":\"https:\\\/\\\/www.keoutdoordesign.com\\\/de-de\\\/senkrechtmarkisen\\\/#primaryimage\",\"url\":\"https:\\\/\\\/www.keoutdoordesign.com\\\/wp-content\\\/uploads\\\/2019\\\/05\\\/ke_outdoor_design_tende_a_rullo_screeny_110_GPZ_tens_T_S60_TO_1.jpg\",\"contentUrl\":\"https:\\\/\\\/www.keoutdoordesign.com\\\/wp-content\\\/uploads\\\/2019\\\/05\\\/ke_outdoor_design_tende_a_rullo_screeny_110_GPZ_tens_T_S60_TO_1.jpg\",\"width\":2000,\"height\":1333,\"caption\":\"store-verticaux-exterieur\"},{\"@type\":\"BreadcrumbList\",\"@id\":\"https:\\\/\\\/www.keoutdoordesign.com\\\/de-de\\\/senkrechtmarkisen\\\/#breadcrumb\",\"itemListElement\":[{\"@type\":\"ListItem\",\"position\":1,\"name\":\"Home\",\"item\":\"https:\\\/\\\/www.keoutdoordesign.com\\\/de-de\\\/\"},{\"@type\":\"ListItem\",\"position\":2,\"name\":\"Senkrechtmarkisen\"}]},{\"@type\":\"WebSite\",\"@id\":\"https:\\\/\\\/www.keoutdoordesign.com\\\/it-it\\\/#website\",\"url\":\"https:\\\/\\\/www.keoutdoordesign.com\\\/it-it\\\/\",\"name\":\"KE Outdoor Design\",\"description\":\"Un nuovo sito targato WordPress\",\"publisher\":{\"@id\":\"https:\\\/\\\/www.keoutdoordesign.com\\\/it-it\\\/#organization\"},\"potentialAction\":[{\"@type\":\"SearchAction\",\"target\":{\"@type\":\"EntryPoint\",\"urlTemplate\":\"https:\\\/\\\/www.keoutdoordesign.com\\\/it-it\\\/?s={search_term_string}\"},\"query-input\":{\"@type\":\"PropertyValueSpecification\",\"valueRequired\":true,\"valueName\":\"search_term_string\"}}],\"inLanguage\":\"de\"},{\"@type\":\"Organization\",\"@id\":\"https:\\\/\\\/www.keoutdoordesign.com\\\/it-it\\\/#organization\",\"name\":\"KE Outdoor Design\",\"url\":\"https:\\\/\\\/www.keoutdoordesign.com\\\/it-it\\\/\",\"logo\":{\"@type\":\"ImageObject\",\"inLanguage\":\"de\",\"@id\":\"https:\\\/\\\/www.keoutdoordesign.com\\\/it-it\\\/#\\\/schema\\\/logo\\\/image\\\/\",\"url\":\"https:\\\/\\\/www.keoutdoordesign.com\\\/wp-content\\\/uploads\\\/2020\\\/02\\\/KE-logo-Primary-e1591282842174.jpg\",\"contentUrl\":\"https:\\\/\\\/www.keoutdoordesign.com\\\/wp-content\\\/uploads\\\/2020\\\/02\\\/KE-logo-Primary-e1591282842174.jpg\",\"width\":500,\"height\":396,\"caption\":\"KE Outdoor Design\"},\"image\":{\"@id\":\"https:\\\/\\\/www.keoutdoordesign.com\\\/it-it\\\/#\\\/schema\\\/logo\\\/image\\\/\"},\"sameAs\":[\"https:\\\/\\\/www.facebook.com\\\/keoutdoordesign.us\",\"https:\\\/\\\/x.com\\\/keoutdoordesign\",\"https:\\\/\\\/www.facebook.com\\\/keoutdoordesign\",\"https:\\\/\\\/www.youtube.com\\\/channel\\\/UCSoMQryJpLqD53bAoZLg2Vg\",\"https:\\\/\\\/www.pinterest.it\\\/keoutdoordesign\\\/\",\"https:\\\/\\\/www.instagram.com\\\/keoutdoordesign\\\/\",\"https:\\\/\\\/www.linkedin.com\\\/company\\\/ke-outdoor-design\\\/\"]}]}<\/script>\n<!-- \/ Yoast SEO Premium plugin. -->","yoast_head_json":{"title":"Senkrechtmarkise - Screeny | KE Outdoor Design","description":"Unsere Senkrechtmarkisen mit elektrischer Steuerung sind die perfekte Abschirmung vor intensiver Sonnenstrahlung. Entdecken Sie jetzt unsere Angebote!","robots":{"index":"index","follow":"follow","max-snippet":"max-snippet:-1","max-image-preview":"max-image-preview:large","max-video-preview":"max-video-preview:-1"},"canonical":"https:\/\/www.keoutdoordesign.com\/de-de\/senkrechtmarkisen\/","og_locale":"de_DE","og_type":"article","og_title":"Senkrechtmarkisen","og_description":"Unsere Senkrechtmarkisen mit elektrischer Steuerung sind die perfekte Abschirmung vor intensiver Sonnenstrahlung. Entdecken Sie jetzt unsere Angebote!","og_url":"https:\/\/www.keoutdoordesign.com\/de-de\/senkrechtmarkisen\/","og_site_name":"KE Outdoor Design","article_publisher":"https:\/\/www.facebook.com\/keoutdoordesign.us","article_modified_time":"2023-08-09T10:21:02+00:00","og_image":[{"width":2000,"height":1333,"url":"https:\/\/www.keoutdoordesign.com\/wp-content\/uploads\/2019\/05\/ke_outdoor_design_tende_a_rullo_screeny_110_GPZ_tens_T_S60_TO_1.jpg","type":"image\/jpeg"}],"twitter_card":"summary_large_image","twitter_site":"@keoutdoordesign","schema":{"@context":"https:\/\/schema.org","@graph":[{"@type":"WebPage","@id":"https:\/\/www.keoutdoordesign.com\/de-de\/senkrechtmarkisen\/","url":"https:\/\/www.keoutdoordesign.com\/de-de\/senkrechtmarkisen\/","name":"Senkrechtmarkise - Screeny | KE Outdoor Design","isPartOf":{"@id":"https:\/\/www.keoutdoordesign.com\/it-it\/#website"},"primaryImageOfPage":{"@id":"https:\/\/www.keoutdoordesign.com\/de-de\/senkrechtmarkisen\/#primaryimage"},"image":{"@id":"https:\/\/www.keoutdoordesign.com\/de-de\/senkrechtmarkisen\/#primaryimage"},"thumbnailUrl":"https:\/\/www.keoutdoordesign.com\/wp-content\/uploads\/2019\/05\/ke_outdoor_design_tende_a_rullo_screeny_110_GPZ_tens_T_S60_TO_1.jpg","datePublished":"2019-06-07T12:32:02+00:00","dateModified":"2023-08-09T10:21:02+00:00","description":"Unsere Senkrechtmarkisen mit elektrischer Steuerung sind die perfekte Abschirmung vor intensiver Sonnenstrahlung. Entdecken Sie jetzt unsere Angebote!","breadcrumb":{"@id":"https:\/\/www.keoutdoordesign.com\/de-de\/senkrechtmarkisen\/#breadcrumb"},"inLanguage":"de","potentialAction":[{"@type":"ReadAction","target":["https:\/\/www.keoutdoordesign.com\/de-de\/senkrechtmarkisen\/"]}]},{"@type":"ImageObject","inLanguage":"de","@id":"https:\/\/www.keoutdoordesign.com\/de-de\/senkrechtmarkisen\/#primaryimage","url":"https:\/\/www.keoutdoordesign.com\/wp-content\/uploads\/2019\/05\/ke_outdoor_design_tende_a_rullo_screeny_110_GPZ_tens_T_S60_TO_1.jpg","contentUrl":"https:\/\/www.keoutdoordesign.com\/wp-content\/uploads\/2019\/05\/ke_outdoor_design_tende_a_rullo_screeny_110_GPZ_tens_T_S60_TO_1.jpg","width":2000,"height":1333,"caption":"store-verticaux-exterieur"},{"@type":"BreadcrumbList","@id":"https:\/\/www.keoutdoordesign.com\/de-de\/senkrechtmarkisen\/#breadcrumb","itemListElement":[{"@type":"ListItem","position":1,"name":"Home","item":"https:\/\/www.keoutdoordesign.com\/de-de\/"},{"@type":"ListItem","position":2,"name":"Senkrechtmarkisen"}]},{"@type":"WebSite","@id":"https:\/\/www.keoutdoordesign.com\/it-it\/#website","url":"https:\/\/www.keoutdoordesign.com\/it-it\/","name":"KE Outdoor Design","description":"Un nuovo sito targato WordPress","publisher":{"@id":"https:\/\/www.keoutdoordesign.com\/it-it\/#organization"},"potentialAction":[{"@type":"SearchAction","target":{"@type":"EntryPoint","urlTemplate":"https:\/\/www.keoutdoordesign.com\/it-it\/?s={search_term_string}"},"query-input":{"@type":"PropertyValueSpecification","valueRequired":true,"valueName":"search_term_string"}}],"inLanguage":"de"},{"@type":"Organization","@id":"https:\/\/www.keoutdoordesign.com\/it-it\/#organization","name":"KE Outdoor Design","url":"https:\/\/www.keoutdoordesign.com\/it-it\/","logo":{"@type":"ImageObject","inLanguage":"de","@id":"https:\/\/www.keoutdoordesign.com\/it-it\/#\/schema\/logo\/image\/","url":"https:\/\/www.keoutdoordesign.com\/wp-content\/uploads\/2020\/02\/KE-logo-Primary-e1591282842174.jpg","contentUrl":"https:\/\/www.keoutdoordesign.com\/wp-content\/uploads\/2020\/02\/KE-logo-Primary-e1591282842174.jpg","width":500,"height":396,"caption":"KE Outdoor Design"},"image":{"@id":"https:\/\/www.keoutdoordesign.com\/it-it\/#\/schema\/logo\/image\/"},"sameAs":["https:\/\/www.facebook.com\/keoutdoordesign.us","https:\/\/x.com\/keoutdoordesign","https:\/\/www.facebook.com\/keoutdoordesign","https:\/\/www.youtube.com\/channel\/UCSoMQryJpLqD53bAoZLg2Vg","https:\/\/www.pinterest.it\/keoutdoordesign\/","https:\/\/www.instagram.com\/keoutdoordesign\/","https:\/\/www.linkedin.com\/company\/ke-outdoor-design\/"]}]}},"_links":{"self":[{"href":"https:\/\/www.keoutdoordesign.com\/de-de\/wp-json\/wp\/v2\/pages\/5116","targetHints":{"allow":["GET"]}}],"collection":[{"href":"https:\/\/www.keoutdoordesign.com\/de-de\/wp-json\/wp\/v2\/pages"}],"about":[{"href":"https:\/\/www.keoutdoordesign.com\/de-de\/wp-json\/wp\/v2\/types\/page"}],"author":[{"embeddable":true,"href":"https:\/\/www.keoutdoordesign.com\/de-de\/wp-json\/wp\/v2\/users\/10608"}],"replies":[{"embeddable":true,"href":"https:\/\/www.keoutdoordesign.com\/de-de\/wp-json\/wp\/v2\/comments?post=5116"}],"version-history":[{"count":5,"href":"https:\/\/www.keoutdoordesign.com\/de-de\/wp-json\/wp\/v2\/pages\/5116\/revisions"}],"predecessor-version":[{"id":28387,"href":"https:\/\/www.keoutdoordesign.com\/de-de\/wp-json\/wp\/v2\/pages\/5116\/revisions\/28387"}],"wp:featuredmedia":[{"embeddable":true,"href":"https:\/\/www.keoutdoordesign.com\/de-de\/wp-json\/wp\/v2\/media\/2050"}],"wp:attachment":[{"href":"https:\/\/www.keoutdoordesign.com\/de-de\/wp-json\/wp\/v2\/media?parent=5116"}],"curies":[{"name":"wp","href":"https:\/\/api.w.org\/{rel}","templated":true}]}}