{"id":5112,"date":"2019-06-07T14:31:35","date_gmt":"2019-06-07T12:31:35","guid":{"rendered":"http:\/\/ke.localhost.it\/?page_id=5112"},"modified":"2025-02-21T17:37:09","modified_gmt":"2025-02-21T16:37:09","slug":"kheope","status":"publish","type":"page","link":"https:\/\/www.keoutdoordesign.com\/de-de\/sonnensegel\/kheope\/","title":{"rendered":"Kheope"},"content":{"rendered":"<p>Eine Reihe von flexiblen Varianten in Bezug auf Gr\u00f6\u00dfe, Installationssystem und Automationssystemen.<br \/>\nVon den anderen hebt sich KHEOPE, hervor, ein echtes Sonnensegel, gro\u00df, das Moderne ausdr\u00fcckt und garantiert Schatten spendet, gleichzeitig repr\u00e4sentiert es eine innovative L\u00f6sung f\u00fcr den Sonnenschutz von morgen.<\/p>\n<p>Der Edelstahl der Struktur und die Materialien des Segels sorgen daf\u00fcr, dass die Funktionalit\u00e4t gegeben ist und das Segel trotzdem \u00fcber ein leichtes, modernes und essenzielles Design verf\u00fcgt.<br \/>\nKheope kann konfiguriert werden mit einer motorisierten Bewegung und mit der exklusiven Ausstattung mit einem Windmesser, der die automatische Schlie\u00dfung im Falle von starken Winden versichert.<\/p>\n","protected":false},"excerpt":{"rendered":"<p>Eine Reihe von flexiblen Varianten in Bezug auf Gr\u00f6\u00dfe, Installationssystem und Automationssystemen. Von den anderen hebt sich KHEOPE, hervor, ein&hellip;<\/p>\n","protected":false},"author":10608,"featured_media":15451,"parent":5108,"menu_order":15,"comment_status":"closed","ping_status":"closed","template":"page-templates\/product.php","meta":{"_acf_changed":false,"footnotes":""},"class_list":["post-5112","page","type-page","status-publish","has-post-thumbnail","hentry"],"acf":[],"yoast_head":"<!-- This site is optimized with the Yoast SEO Premium plugin v20.12 (Yoast SEO v27.0) - https:\/\/yoast.com\/product\/yoast-seo-premium-wordpress\/ -->\n<title>Vierecksonnensegel mit Motor - Kheope | KE Outdoor Design<\/title>\n<meta name=\"description\" content=\"Dieses Sonnensegel kann mit Motor und Windmesser konfiguriert werden, sodass es sich im Falle von starkem Wind automatisch schlie\u00dft. Fragen Sie uns nach!\" \/>\n<meta name=\"robots\" content=\"index, follow, max-snippet:-1, max-image-preview:large, max-video-preview:-1\" \/>\n<link rel=\"canonical\" href=\"https:\/\/www.keoutdoordesign.com\/de-de\/sonnensegel\/kheope\/\" \/>\n<meta property=\"og:locale\" content=\"de_DE\" \/>\n<meta property=\"og:type\" content=\"article\" \/>\n<meta property=\"og:title\" content=\"Kheope\" \/>\n<meta property=\"og:description\" content=\"Dieses Sonnensegel kann mit Motor und Windmesser konfiguriert werden, sodass es sich im Falle von starkem Wind automatisch schlie\u00dft. Fragen Sie uns nach!\" \/>\n<meta property=\"og:url\" content=\"https:\/\/www.keoutdoordesign.com\/de-de\/sonnensegel\/kheope\/\" \/>\n<meta property=\"og:site_name\" content=\"KE Outdoor Design\" \/>\n<meta property=\"article:publisher\" content=\"https:\/\/www.facebook.com\/keoutdoordesign.us\" \/>\n<meta property=\"article:modified_time\" content=\"2025-02-21T16:37:09+00:00\" \/>\n<meta property=\"og:image\" content=\"https:\/\/www.keoutdoordesign.com\/wp-content\/uploads\/2019\/09\/Hermitage-2.jpg\" \/>\n\t<meta property=\"og:image:width\" content=\"2048\" \/>\n\t<meta property=\"og:image:height\" content=\"1080\" \/>\n\t<meta property=\"og:image:type\" content=\"image\/jpeg\" \/>\n<meta name=\"twitter:card\" content=\"summary_large_image\" \/>\n<meta name=\"twitter:site\" content=\"@keoutdoordesign\" \/>\n<script type=\"application\/ld+json\" class=\"yoast-schema-graph\">{\"@context\":\"https:\/\/schema.org\",\"@graph\":[{\"@type\":\"WebPage\",\"@id\":\"https:\/\/www.keoutdoordesign.com\/de-de\/sonnensegel\/kheope\/\",\"url\":\"https:\/\/www.keoutdoordesign.com\/de-de\/sonnensegel\/kheope\/\",\"name\":\"Vierecksonnensegel mit Motor - Kheope | KE Outdoor Design\",\"isPartOf\":{\"@id\":\"https:\/\/www.keoutdoordesign.com\/it-it\/#website\"},\"primaryImageOfPage\":{\"@id\":\"https:\/\/www.keoutdoordesign.com\/de-de\/sonnensegel\/kheope\/#primaryimage\"},\"image\":{\"@id\":\"https:\/\/www.keoutdoordesign.com\/de-de\/sonnensegel\/kheope\/#primaryimage\"},\"thumbnailUrl\":\"https:\/\/www.keoutdoordesign.com\/wp-content\/uploads\/2019\/09\/Hermitage-2.jpg\",\"datePublished\":\"2019-06-07T12:31:35+00:00\",\"dateModified\":\"2025-02-21T16:37:09+00:00\",\"description\":\"Dieses Sonnensegel kann mit Motor und Windmesser konfiguriert werden, sodass es sich im Falle von starkem Wind automatisch schlie\u00dft. Fragen Sie uns nach!\",\"breadcrumb\":{\"@id\":\"https:\/\/www.keoutdoordesign.com\/de-de\/sonnensegel\/kheope\/#breadcrumb\"},\"inLanguage\":\"de\",\"potentialAction\":[{\"@type\":\"ReadAction\",\"target\":[\"https:\/\/www.keoutdoordesign.com\/de-de\/sonnensegel\/kheope\/\"]}]},{\"@type\":\"ImageObject\",\"inLanguage\":\"de\",\"@id\":\"https:\/\/www.keoutdoordesign.com\/de-de\/sonnensegel\/kheope\/#primaryimage\",\"url\":\"https:\/\/www.keoutdoordesign.com\/wp-content\/uploads\/2019\/09\/Hermitage-2.jpg\",\"contentUrl\":\"https:\/\/www.keoutdoordesign.com\/wp-content\/uploads\/2019\/09\/Hermitage-2.jpg\",\"width\":2048,\"height\":1080,\"caption\":\"vela-ombreggiante-ke-kheope\"},{\"@type\":\"BreadcrumbList\",\"@id\":\"https:\/\/www.keoutdoordesign.com\/de-de\/sonnensegel\/kheope\/#breadcrumb\",\"itemListElement\":[{\"@type\":\"ListItem\",\"position\":1,\"name\":\"Home\",\"item\":\"https:\/\/www.keoutdoordesign.com\/de-de\/\"},{\"@type\":\"ListItem\",\"position\":2,\"name\":\"Sonnensegel\",\"item\":\"https:\/\/www.keoutdoordesign.com\/de-de\/sonnensegel\/\"},{\"@type\":\"ListItem\",\"position\":3,\"name\":\"Kheope\"}]},{\"@type\":\"WebSite\",\"@id\":\"https:\/\/www.keoutdoordesign.com\/it-it\/#website\",\"url\":\"https:\/\/www.keoutdoordesign.com\/it-it\/\",\"name\":\"KE Outdoor Design\",\"description\":\"Un nuovo sito targato WordPress\",\"publisher\":{\"@id\":\"https:\/\/www.keoutdoordesign.com\/it-it\/#organization\"},\"potentialAction\":[{\"@type\":\"SearchAction\",\"target\":{\"@type\":\"EntryPoint\",\"urlTemplate\":\"https:\/\/www.keoutdoordesign.com\/it-it\/?s={search_term_string}\"},\"query-input\":{\"@type\":\"PropertyValueSpecification\",\"valueRequired\":true,\"valueName\":\"search_term_string\"}}],\"inLanguage\":\"de\"},{\"@type\":\"Organization\",\"@id\":\"https:\/\/www.keoutdoordesign.com\/it-it\/#organization\",\"name\":\"KE Outdoor Design\",\"url\":\"https:\/\/www.keoutdoordesign.com\/it-it\/\",\"logo\":{\"@type\":\"ImageObject\",\"inLanguage\":\"de\",\"@id\":\"https:\/\/www.keoutdoordesign.com\/it-it\/#\/schema\/logo\/image\/\",\"url\":\"https:\/\/www.keoutdoordesign.com\/wp-content\/uploads\/2020\/02\/KE-logo-Primary-e1591282842174.jpg\",\"contentUrl\":\"https:\/\/www.keoutdoordesign.com\/wp-content\/uploads\/2020\/02\/KE-logo-Primary-e1591282842174.jpg\",\"width\":500,\"height\":396,\"caption\":\"KE Outdoor Design\"},\"image\":{\"@id\":\"https:\/\/www.keoutdoordesign.com\/it-it\/#\/schema\/logo\/image\/\"},\"sameAs\":[\"https:\/\/www.facebook.com\/keoutdoordesign.us\",\"https:\/\/x.com\/keoutdoordesign\",\"https:\/\/www.facebook.com\/keoutdoordesign\",\"https:\/\/www.youtube.com\/channel\/UCSoMQryJpLqD53bAoZLg2Vg\",\"https:\/\/www.pinterest.it\/keoutdoordesign\/\",\"https:\/\/www.instagram.com\/keoutdoordesign\/\",\"https:\/\/www.linkedin.com\/company\/ke-outdoor-design\/\"]}]}<\/script>\n<!-- \/ Yoast SEO Premium plugin. -->","yoast_head_json":{"title":"Vierecksonnensegel mit Motor - Kheope | KE Outdoor Design","description":"Dieses Sonnensegel kann mit Motor und Windmesser konfiguriert werden, sodass es sich im Falle von starkem Wind automatisch schlie\u00dft. Fragen Sie uns nach!","robots":{"index":"index","follow":"follow","max-snippet":"max-snippet:-1","max-image-preview":"max-image-preview:large","max-video-preview":"max-video-preview:-1"},"canonical":"https:\/\/www.keoutdoordesign.com\/de-de\/sonnensegel\/kheope\/","og_locale":"de_DE","og_type":"article","og_title":"Kheope","og_description":"Dieses Sonnensegel kann mit Motor und Windmesser konfiguriert werden, sodass es sich im Falle von starkem Wind automatisch schlie\u00dft. Fragen Sie uns nach!","og_url":"https:\/\/www.keoutdoordesign.com\/de-de\/sonnensegel\/kheope\/","og_site_name":"KE Outdoor Design","article_publisher":"https:\/\/www.facebook.com\/keoutdoordesign.us","article_modified_time":"2025-02-21T16:37:09+00:00","og_image":[{"width":2048,"height":1080,"url":"https:\/\/www.keoutdoordesign.com\/wp-content\/uploads\/2019\/09\/Hermitage-2.jpg","type":"image\/jpeg"}],"twitter_card":"summary_large_image","twitter_site":"@keoutdoordesign","schema":{"@context":"https:\/\/schema.org","@graph":[{"@type":"WebPage","@id":"https:\/\/www.keoutdoordesign.com\/de-de\/sonnensegel\/kheope\/","url":"https:\/\/www.keoutdoordesign.com\/de-de\/sonnensegel\/kheope\/","name":"Vierecksonnensegel mit Motor - Kheope | KE Outdoor Design","isPartOf":{"@id":"https:\/\/www.keoutdoordesign.com\/it-it\/#website"},"primaryImageOfPage":{"@id":"https:\/\/www.keoutdoordesign.com\/de-de\/sonnensegel\/kheope\/#primaryimage"},"image":{"@id":"https:\/\/www.keoutdoordesign.com\/de-de\/sonnensegel\/kheope\/#primaryimage"},"thumbnailUrl":"https:\/\/www.keoutdoordesign.com\/wp-content\/uploads\/2019\/09\/Hermitage-2.jpg","datePublished":"2019-06-07T12:31:35+00:00","dateModified":"2025-02-21T16:37:09+00:00","description":"Dieses Sonnensegel kann mit Motor und Windmesser konfiguriert werden, sodass es sich im Falle von starkem Wind automatisch schlie\u00dft. Fragen Sie uns nach!","breadcrumb":{"@id":"https:\/\/www.keoutdoordesign.com\/de-de\/sonnensegel\/kheope\/#breadcrumb"},"inLanguage":"de","potentialAction":[{"@type":"ReadAction","target":["https:\/\/www.keoutdoordesign.com\/de-de\/sonnensegel\/kheope\/"]}]},{"@type":"ImageObject","inLanguage":"de","@id":"https:\/\/www.keoutdoordesign.com\/de-de\/sonnensegel\/kheope\/#primaryimage","url":"https:\/\/www.keoutdoordesign.com\/wp-content\/uploads\/2019\/09\/Hermitage-2.jpg","contentUrl":"https:\/\/www.keoutdoordesign.com\/wp-content\/uploads\/2019\/09\/Hermitage-2.jpg","width":2048,"height":1080,"caption":"vela-ombreggiante-ke-kheope"},{"@type":"BreadcrumbList","@id":"https:\/\/www.keoutdoordesign.com\/de-de\/sonnensegel\/kheope\/#breadcrumb","itemListElement":[{"@type":"ListItem","position":1,"name":"Home","item":"https:\/\/www.keoutdoordesign.com\/de-de\/"},{"@type":"ListItem","position":2,"name":"Sonnensegel","item":"https:\/\/www.keoutdoordesign.com\/de-de\/sonnensegel\/"},{"@type":"ListItem","position":3,"name":"Kheope"}]},{"@type":"WebSite","@id":"https:\/\/www.keoutdoordesign.com\/it-it\/#website","url":"https:\/\/www.keoutdoordesign.com\/it-it\/","name":"KE Outdoor Design","description":"Un nuovo sito targato WordPress","publisher":{"@id":"https:\/\/www.keoutdoordesign.com\/it-it\/#organization"},"potentialAction":[{"@type":"SearchAction","target":{"@type":"EntryPoint","urlTemplate":"https:\/\/www.keoutdoordesign.com\/it-it\/?s={search_term_string}"},"query-input":{"@type":"PropertyValueSpecification","valueRequired":true,"valueName":"search_term_string"}}],"inLanguage":"de"},{"@type":"Organization","@id":"https:\/\/www.keoutdoordesign.com\/it-it\/#organization","name":"KE Outdoor Design","url":"https:\/\/www.keoutdoordesign.com\/it-it\/","logo":{"@type":"ImageObject","inLanguage":"de","@id":"https:\/\/www.keoutdoordesign.com\/it-it\/#\/schema\/logo\/image\/","url":"https:\/\/www.keoutdoordesign.com\/wp-content\/uploads\/2020\/02\/KE-logo-Primary-e1591282842174.jpg","contentUrl":"https:\/\/www.keoutdoordesign.com\/wp-content\/uploads\/2020\/02\/KE-logo-Primary-e1591282842174.jpg","width":500,"height":396,"caption":"KE Outdoor Design"},"image":{"@id":"https:\/\/www.keoutdoordesign.com\/it-it\/#\/schema\/logo\/image\/"},"sameAs":["https:\/\/www.facebook.com\/keoutdoordesign.us","https:\/\/x.com\/keoutdoordesign","https:\/\/www.facebook.com\/keoutdoordesign","https:\/\/www.youtube.com\/channel\/UCSoMQryJpLqD53bAoZLg2Vg","https:\/\/www.pinterest.it\/keoutdoordesign\/","https:\/\/www.instagram.com\/keoutdoordesign\/","https:\/\/www.linkedin.com\/company\/ke-outdoor-design\/"]}]}},"_links":{"self":[{"href":"https:\/\/www.keoutdoordesign.com\/de-de\/wp-json\/wp\/v2\/pages\/5112","targetHints":{"allow":["GET"]}}],"collection":[{"href":"https:\/\/www.keoutdoordesign.com\/de-de\/wp-json\/wp\/v2\/pages"}],"about":[{"href":"https:\/\/www.keoutdoordesign.com\/de-de\/wp-json\/wp\/v2\/types\/page"}],"author":[{"embeddable":true,"href":"https:\/\/www.keoutdoordesign.com\/de-de\/wp-json\/wp\/v2\/users\/10608"}],"replies":[{"embeddable":true,"href":"https:\/\/www.keoutdoordesign.com\/de-de\/wp-json\/wp\/v2\/comments?post=5112"}],"version-history":[{"count":10,"href":"https:\/\/www.keoutdoordesign.com\/de-de\/wp-json\/wp\/v2\/pages\/5112\/revisions"}],"predecessor-version":[{"id":104908,"href":"https:\/\/www.keoutdoordesign.com\/de-de\/wp-json\/wp\/v2\/pages\/5112\/revisions\/104908"}],"up":[{"embeddable":true,"href":"https:\/\/www.keoutdoordesign.com\/de-de\/wp-json\/wp\/v2\/pages\/5108"}],"wp:featuredmedia":[{"embeddable":true,"href":"https:\/\/www.keoutdoordesign.com\/de-de\/wp-json\/wp\/v2\/media\/15451"}],"wp:attachment":[{"href":"https:\/\/www.keoutdoordesign.com\/de-de\/wp-json\/wp\/v2\/media?parent=5112"}],"curies":[{"name":"wp","href":"https:\/\/api.w.org\/{rel}","templated":true}]}}