{"id":5108,"date":"2019-06-07T14:31:26","date_gmt":"2019-06-07T12:31:26","guid":{"rendered":"http:\/\/ke.localhost.it\/?page_id=5108"},"modified":"2023-08-09T12:23:53","modified_gmt":"2023-08-09T10:23:53","slug":"sonnensegel","status":"publish","type":"page","link":"https:\/\/www.keoutdoordesign.com\/de-de\/sonnensegel\/","title":{"rendered":"Sonnensegel"},"content":{"rendered":"<p><span style=\"font-weight: 400;\">Au\u00dfergew\u00f6hnlicher Sonnenschutz der Extraklasse<\/span><\/p>\n<p><b>Sonnensegel<\/b><span style=\"font-weight: 400;\"> sind eine moderne und elegante Art, um Ihren Garten oder Terrassenfl\u00e4che zu beschatten. <\/span><span style=\"font-weight: 400;\"> Sie werden nach Ma\u00df gefertigt und k\u00f6nnen Fl\u00e4chen bis zu 7 mal 7 Metern pro Modul abdecken.<\/span><\/p>\n<p><span style=\"font-weight: 400;\">Unsere <\/span><b>Sonnensegel<\/b><span style=\"font-weight: 400;\"> bringen Ihnen den Schatten dahin, wo Sie ihn haben wollen. Damit sich Ihre <\/span><b>Sonnensegel<\/b><span style=\"font-weight: 400;\"> perfekt in die bestehende Architektur einf\u00fcgt, bieten wir ein H\u00f6chstma\u00df an Funktionalit\u00e4t und <\/span><b>moderner \u00c4sthetik<\/b><span style=\"font-weight: 400;\">. Intelligente Features, ausgefeilte Technik sowie eine unkomplizierte, intuitive Bedienung erm\u00f6glichen Ihnen ein <\/span><b>Maximum an Komfort<\/b><span style=\"font-weight: 400;\">. Entdecken Sie mehr einzigartige Details unserer Designlinien KHEOPE, KOLIBRI und GENNIUS SAILS.<\/span><\/p>\n","protected":false},"excerpt":{"rendered":"<p>Au\u00dfergew\u00f6hnlicher Sonnenschutz der Extraklasse Sonnensegel sind eine moderne und elegante Art, um Ihren Garten oder Terrassenfl\u00e4che zu beschatten. Sie werden&hellip;<\/p>\n","protected":false},"author":10608,"featured_media":40095,"parent":0,"menu_order":17,"comment_status":"closed","ping_status":"closed","template":"page-templates\/category-products.php","meta":{"_acf_changed":false,"footnotes":""},"class_list":["post-5108","page","type-page","status-publish","has-post-thumbnail","hentry"],"acf":[],"yoast_head":"<!-- This site is optimized with the Yoast SEO Premium plugin v20.12 (Yoast SEO v27.3) - https:\/\/yoast.com\/product\/yoast-seo-premium-wordpress\/ -->\n<title>Sonnensegel - Segel als Terrassen\u00fcberdachung | KE Outdoor Design<\/title>\n<meta name=\"description\" content=\"Unsere Sonnensegel werden nach Ma\u00df gefertigt und decken Fl\u00e4chen von bis zu 7 x 7 m pro Modul ab. Entdecken Sie die Vielfalt unseres Segelangebots!\" \/>\n<meta name=\"robots\" content=\"index, follow, max-snippet:-1, max-image-preview:large, max-video-preview:-1\" \/>\n<link rel=\"canonical\" href=\"https:\/\/www.keoutdoordesign.com\/de-de\/sonnensegel\/\" \/>\n<meta property=\"og:locale\" content=\"de_DE\" \/>\n<meta property=\"og:type\" content=\"article\" \/>\n<meta property=\"og:title\" content=\"Sonnensegel\" \/>\n<meta property=\"og:description\" content=\"Unsere Sonnensegel werden nach Ma\u00df gefertigt und decken Fl\u00e4chen von bis zu 7 x 7 m pro Modul ab. Entdecken Sie die Vielfalt unseres Segelangebots!\" \/>\n<meta property=\"og:url\" content=\"https:\/\/www.keoutdoordesign.com\/de-de\/sonnensegel\/\" \/>\n<meta property=\"og:site_name\" content=\"KE Outdoor Design\" \/>\n<meta property=\"article:publisher\" content=\"https:\/\/www.facebook.com\/keoutdoordesign.us\" \/>\n<meta property=\"article:modified_time\" content=\"2023-08-09T10:23:53+00:00\" \/>\n<meta property=\"og:image\" content=\"https:\/\/www.keoutdoordesign.com\/wp-content\/uploads\/2021\/08\/white-retractable-shade-sail-kolibrie-ke-outdoor-design-2.jpg\" \/>\n\t<meta property=\"og:image:width\" content=\"1200\" \/>\n\t<meta property=\"og:image:height\" content=\"675\" \/>\n\t<meta property=\"og:image:type\" content=\"image\/jpeg\" \/>\n<meta name=\"twitter:card\" content=\"summary_large_image\" \/>\n<meta name=\"twitter:site\" content=\"@keoutdoordesign\" \/>\n<script type=\"application\/ld+json\" class=\"yoast-schema-graph\">{\"@context\":\"https:\\\/\\\/schema.org\",\"@graph\":[{\"@type\":\"WebPage\",\"@id\":\"https:\\\/\\\/www.keoutdoordesign.com\\\/de-de\\\/sonnensegel\\\/\",\"url\":\"https:\\\/\\\/www.keoutdoordesign.com\\\/de-de\\\/sonnensegel\\\/\",\"name\":\"Sonnensegel - Segel als Terrassen\u00fcberdachung | KE Outdoor Design\",\"isPartOf\":{\"@id\":\"https:\\\/\\\/www.keoutdoordesign.com\\\/it-it\\\/#website\"},\"primaryImageOfPage\":{\"@id\":\"https:\\\/\\\/www.keoutdoordesign.com\\\/de-de\\\/sonnensegel\\\/#primaryimage\"},\"image\":{\"@id\":\"https:\\\/\\\/www.keoutdoordesign.com\\\/de-de\\\/sonnensegel\\\/#primaryimage\"},\"thumbnailUrl\":\"https:\\\/\\\/www.keoutdoordesign.com\\\/wp-content\\\/uploads\\\/2021\\\/08\\\/white-retractable-shade-sail-kolibrie-ke-outdoor-design-2.jpg\",\"datePublished\":\"2019-06-07T12:31:26+00:00\",\"dateModified\":\"2023-08-09T10:23:53+00:00\",\"description\":\"Unsere Sonnensegel werden nach Ma\u00df gefertigt und decken Fl\u00e4chen von bis zu 7 x 7 m pro Modul ab. Entdecken Sie die Vielfalt unseres Segelangebots!\",\"breadcrumb\":{\"@id\":\"https:\\\/\\\/www.keoutdoordesign.com\\\/de-de\\\/sonnensegel\\\/#breadcrumb\"},\"inLanguage\":\"de\",\"potentialAction\":[{\"@type\":\"ReadAction\",\"target\":[\"https:\\\/\\\/www.keoutdoordesign.com\\\/de-de\\\/sonnensegel\\\/\"]}]},{\"@type\":\"ImageObject\",\"inLanguage\":\"de\",\"@id\":\"https:\\\/\\\/www.keoutdoordesign.com\\\/de-de\\\/sonnensegel\\\/#primaryimage\",\"url\":\"https:\\\/\\\/www.keoutdoordesign.com\\\/wp-content\\\/uploads\\\/2021\\\/08\\\/white-retractable-shade-sail-kolibrie-ke-outdoor-design-2.jpg\",\"contentUrl\":\"https:\\\/\\\/www.keoutdoordesign.com\\\/wp-content\\\/uploads\\\/2021\\\/08\\\/white-retractable-shade-sail-kolibrie-ke-outdoor-design-2.jpg\",\"width\":1200,\"height\":675,\"caption\":\"white-retractable-shade-sail-kolibrie-ke-outdoor-design-2\"},{\"@type\":\"BreadcrumbList\",\"@id\":\"https:\\\/\\\/www.keoutdoordesign.com\\\/de-de\\\/sonnensegel\\\/#breadcrumb\",\"itemListElement\":[{\"@type\":\"ListItem\",\"position\":1,\"name\":\"Home\",\"item\":\"https:\\\/\\\/www.keoutdoordesign.com\\\/de-de\\\/\"},{\"@type\":\"ListItem\",\"position\":2,\"name\":\"Sonnensegel\"}]},{\"@type\":\"WebSite\",\"@id\":\"https:\\\/\\\/www.keoutdoordesign.com\\\/it-it\\\/#website\",\"url\":\"https:\\\/\\\/www.keoutdoordesign.com\\\/it-it\\\/\",\"name\":\"KE Outdoor Design\",\"description\":\"Un nuovo sito targato WordPress\",\"publisher\":{\"@id\":\"https:\\\/\\\/www.keoutdoordesign.com\\\/it-it\\\/#organization\"},\"potentialAction\":[{\"@type\":\"SearchAction\",\"target\":{\"@type\":\"EntryPoint\",\"urlTemplate\":\"https:\\\/\\\/www.keoutdoordesign.com\\\/it-it\\\/?s={search_term_string}\"},\"query-input\":{\"@type\":\"PropertyValueSpecification\",\"valueRequired\":true,\"valueName\":\"search_term_string\"}}],\"inLanguage\":\"de\"},{\"@type\":\"Organization\",\"@id\":\"https:\\\/\\\/www.keoutdoordesign.com\\\/it-it\\\/#organization\",\"name\":\"KE Outdoor Design\",\"url\":\"https:\\\/\\\/www.keoutdoordesign.com\\\/it-it\\\/\",\"logo\":{\"@type\":\"ImageObject\",\"inLanguage\":\"de\",\"@id\":\"https:\\\/\\\/www.keoutdoordesign.com\\\/it-it\\\/#\\\/schema\\\/logo\\\/image\\\/\",\"url\":\"https:\\\/\\\/www.keoutdoordesign.com\\\/wp-content\\\/uploads\\\/2020\\\/02\\\/KE-logo-Primary-e1591282842174.jpg\",\"contentUrl\":\"https:\\\/\\\/www.keoutdoordesign.com\\\/wp-content\\\/uploads\\\/2020\\\/02\\\/KE-logo-Primary-e1591282842174.jpg\",\"width\":500,\"height\":396,\"caption\":\"KE Outdoor Design\"},\"image\":{\"@id\":\"https:\\\/\\\/www.keoutdoordesign.com\\\/it-it\\\/#\\\/schema\\\/logo\\\/image\\\/\"},\"sameAs\":[\"https:\\\/\\\/www.facebook.com\\\/keoutdoordesign.us\",\"https:\\\/\\\/x.com\\\/keoutdoordesign\",\"https:\\\/\\\/www.facebook.com\\\/keoutdoordesign\",\"https:\\\/\\\/www.youtube.com\\\/channel\\\/UCSoMQryJpLqD53bAoZLg2Vg\",\"https:\\\/\\\/www.pinterest.it\\\/keoutdoordesign\\\/\",\"https:\\\/\\\/www.instagram.com\\\/keoutdoordesign\\\/\",\"https:\\\/\\\/www.linkedin.com\\\/company\\\/ke-outdoor-design\\\/\"]}]}<\/script>\n<!-- \/ Yoast SEO Premium plugin. -->","yoast_head_json":{"title":"Sonnensegel - Segel als Terrassen\u00fcberdachung | KE Outdoor Design","description":"Unsere Sonnensegel werden nach Ma\u00df gefertigt und decken Fl\u00e4chen von bis zu 7 x 7 m pro Modul ab. Entdecken Sie die Vielfalt unseres Segelangebots!","robots":{"index":"index","follow":"follow","max-snippet":"max-snippet:-1","max-image-preview":"max-image-preview:large","max-video-preview":"max-video-preview:-1"},"canonical":"https:\/\/www.keoutdoordesign.com\/de-de\/sonnensegel\/","og_locale":"de_DE","og_type":"article","og_title":"Sonnensegel","og_description":"Unsere Sonnensegel werden nach Ma\u00df gefertigt und decken Fl\u00e4chen von bis zu 7 x 7 m pro Modul ab. Entdecken Sie die Vielfalt unseres Segelangebots!","og_url":"https:\/\/www.keoutdoordesign.com\/de-de\/sonnensegel\/","og_site_name":"KE Outdoor Design","article_publisher":"https:\/\/www.facebook.com\/keoutdoordesign.us","article_modified_time":"2023-08-09T10:23:53+00:00","og_image":[{"width":1200,"height":675,"url":"https:\/\/www.keoutdoordesign.com\/wp-content\/uploads\/2021\/08\/white-retractable-shade-sail-kolibrie-ke-outdoor-design-2.jpg","type":"image\/jpeg"}],"twitter_card":"summary_large_image","twitter_site":"@keoutdoordesign","schema":{"@context":"https:\/\/schema.org","@graph":[{"@type":"WebPage","@id":"https:\/\/www.keoutdoordesign.com\/de-de\/sonnensegel\/","url":"https:\/\/www.keoutdoordesign.com\/de-de\/sonnensegel\/","name":"Sonnensegel - Segel als Terrassen\u00fcberdachung | KE Outdoor Design","isPartOf":{"@id":"https:\/\/www.keoutdoordesign.com\/it-it\/#website"},"primaryImageOfPage":{"@id":"https:\/\/www.keoutdoordesign.com\/de-de\/sonnensegel\/#primaryimage"},"image":{"@id":"https:\/\/www.keoutdoordesign.com\/de-de\/sonnensegel\/#primaryimage"},"thumbnailUrl":"https:\/\/www.keoutdoordesign.com\/wp-content\/uploads\/2021\/08\/white-retractable-shade-sail-kolibrie-ke-outdoor-design-2.jpg","datePublished":"2019-06-07T12:31:26+00:00","dateModified":"2023-08-09T10:23:53+00:00","description":"Unsere Sonnensegel werden nach Ma\u00df gefertigt und decken Fl\u00e4chen von bis zu 7 x 7 m pro Modul ab. Entdecken Sie die Vielfalt unseres Segelangebots!","breadcrumb":{"@id":"https:\/\/www.keoutdoordesign.com\/de-de\/sonnensegel\/#breadcrumb"},"inLanguage":"de","potentialAction":[{"@type":"ReadAction","target":["https:\/\/www.keoutdoordesign.com\/de-de\/sonnensegel\/"]}]},{"@type":"ImageObject","inLanguage":"de","@id":"https:\/\/www.keoutdoordesign.com\/de-de\/sonnensegel\/#primaryimage","url":"https:\/\/www.keoutdoordesign.com\/wp-content\/uploads\/2021\/08\/white-retractable-shade-sail-kolibrie-ke-outdoor-design-2.jpg","contentUrl":"https:\/\/www.keoutdoordesign.com\/wp-content\/uploads\/2021\/08\/white-retractable-shade-sail-kolibrie-ke-outdoor-design-2.jpg","width":1200,"height":675,"caption":"white-retractable-shade-sail-kolibrie-ke-outdoor-design-2"},{"@type":"BreadcrumbList","@id":"https:\/\/www.keoutdoordesign.com\/de-de\/sonnensegel\/#breadcrumb","itemListElement":[{"@type":"ListItem","position":1,"name":"Home","item":"https:\/\/www.keoutdoordesign.com\/de-de\/"},{"@type":"ListItem","position":2,"name":"Sonnensegel"}]},{"@type":"WebSite","@id":"https:\/\/www.keoutdoordesign.com\/it-it\/#website","url":"https:\/\/www.keoutdoordesign.com\/it-it\/","name":"KE Outdoor Design","description":"Un nuovo sito targato WordPress","publisher":{"@id":"https:\/\/www.keoutdoordesign.com\/it-it\/#organization"},"potentialAction":[{"@type":"SearchAction","target":{"@type":"EntryPoint","urlTemplate":"https:\/\/www.keoutdoordesign.com\/it-it\/?s={search_term_string}"},"query-input":{"@type":"PropertyValueSpecification","valueRequired":true,"valueName":"search_term_string"}}],"inLanguage":"de"},{"@type":"Organization","@id":"https:\/\/www.keoutdoordesign.com\/it-it\/#organization","name":"KE Outdoor Design","url":"https:\/\/www.keoutdoordesign.com\/it-it\/","logo":{"@type":"ImageObject","inLanguage":"de","@id":"https:\/\/www.keoutdoordesign.com\/it-it\/#\/schema\/logo\/image\/","url":"https:\/\/www.keoutdoordesign.com\/wp-content\/uploads\/2020\/02\/KE-logo-Primary-e1591282842174.jpg","contentUrl":"https:\/\/www.keoutdoordesign.com\/wp-content\/uploads\/2020\/02\/KE-logo-Primary-e1591282842174.jpg","width":500,"height":396,"caption":"KE Outdoor Design"},"image":{"@id":"https:\/\/www.keoutdoordesign.com\/it-it\/#\/schema\/logo\/image\/"},"sameAs":["https:\/\/www.facebook.com\/keoutdoordesign.us","https:\/\/x.com\/keoutdoordesign","https:\/\/www.facebook.com\/keoutdoordesign","https:\/\/www.youtube.com\/channel\/UCSoMQryJpLqD53bAoZLg2Vg","https:\/\/www.pinterest.it\/keoutdoordesign\/","https:\/\/www.instagram.com\/keoutdoordesign\/","https:\/\/www.linkedin.com\/company\/ke-outdoor-design\/"]}]}},"_links":{"self":[{"href":"https:\/\/www.keoutdoordesign.com\/de-de\/wp-json\/wp\/v2\/pages\/5108","targetHints":{"allow":["GET"]}}],"collection":[{"href":"https:\/\/www.keoutdoordesign.com\/de-de\/wp-json\/wp\/v2\/pages"}],"about":[{"href":"https:\/\/www.keoutdoordesign.com\/de-de\/wp-json\/wp\/v2\/types\/page"}],"author":[{"embeddable":true,"href":"https:\/\/www.keoutdoordesign.com\/de-de\/wp-json\/wp\/v2\/users\/10608"}],"replies":[{"embeddable":true,"href":"https:\/\/www.keoutdoordesign.com\/de-de\/wp-json\/wp\/v2\/comments?post=5108"}],"version-history":[{"count":6,"href":"https:\/\/www.keoutdoordesign.com\/de-de\/wp-json\/wp\/v2\/pages\/5108\/revisions"}],"predecessor-version":[{"id":28385,"href":"https:\/\/www.keoutdoordesign.com\/de-de\/wp-json\/wp\/v2\/pages\/5108\/revisions\/28385"}],"wp:featuredmedia":[{"embeddable":true,"href":"https:\/\/www.keoutdoordesign.com\/de-de\/wp-json\/wp\/v2\/media\/40095"}],"wp:attachment":[{"href":"https:\/\/www.keoutdoordesign.com\/de-de\/wp-json\/wp\/v2\/media?parent=5108"}],"curies":[{"name":"wp","href":"https:\/\/api.w.org\/{rel}","templated":true}]}}