{"id":5042,"date":"2019-06-07T14:27:02","date_gmt":"2019-06-07T12:27:02","guid":{"rendered":"http:\/\/ke.localhost.it\/?page_id=5042"},"modified":"2023-08-09T15:05:53","modified_gmt":"2023-08-09T13:05:53","slug":"korbmarkise","status":"publish","type":"page","link":"https:\/\/www.keoutdoordesign.com\/de-de\/markisen\/korbmarkise\/","title":{"rendered":"Korbmarkisen"},"content":{"rendered":"<p><span style=\"font-weight: 400;\">Die <\/span><b>Korbmarkise \u00fcberdacht mit zeitloser Eleganz Fenster<\/b><span style=\"font-weight: 400;\"> sowie T\u00fcren und sch\u00fctzt R\u00e4ume vor intensiver Sonneneinstrahlung. Diese Markisen umschmeicheln Ihr Zuhause oder Ihre Gesch\u00e4ftsr\u00e4ume mit viel Charme und sch\u00fctzen Sie zugleich vor neugierigen Blicken.<\/span><\/p>\n<p><b>Die Markise f\u00fcr Fenster<\/b><span style=\"font-weight: 400;\"> eignet sich idealerweise als Fenstervordach f\u00fcr Wohnungen und Villen aller architektonischer Stilrichtungen und spenden Ihren Fenstern und T\u00fcren auf einer L\u00e4nge von bis zu sieben Metern Schatten und Schutz. <\/span><b>KE Outdoor Design bietet eine riesige Auswahl unterschiedlicher Stoffe und Oberfl\u00e4chenstrukturen<\/b><span style=\"font-weight: 400;\">, bindet Korbmarkisen harmonisch in Smart-Home-Szenarien ein und \u00fcberl\u00e4sst Ihnen auf Wunsch die individuelle <\/span><b>Gestaltung des Baldachins \u2013 mit Schriftz\u00fcgen<\/b><span style=\"font-weight: 400;\"> und Logo.\u00a0<\/span><\/p>\n<p><span style=\"font-weight: 400;\">Dieses wertvolle Sonnenschutz-Tool dient als wertvolles Gestaltungs- und Einrichtungselement: eine perfekte Visitenkarte f\u00fcr Ihr Gesch\u00e4ft. Pulverbeschichtetes Aluminium gew\u00e4hrleistet optimalen Halt und zeigt sich auch bei schwierigen Wetterlagen zuverl\u00e4ssig. Mit Acryl, PVC und Harz beschichteten Abdeckplatten sind in mehr als 500 Farbvarianten erh\u00e4ltlich. Sieben verschiedene Volant-Typen machen aus einfachen Fensterfl\u00e4chen unwiderstehliche Augenweiden.<\/span><\/p>\n","protected":false},"excerpt":{"rendered":"<p>Die Korbmarkise \u00fcberdacht mit zeitloser Eleganz Fenster sowie T\u00fcren und sch\u00fctzt R\u00e4ume vor intensiver Sonneneinstrahlung. Diese Markisen umschmeicheln Ihr Zuhause&hellip;<\/p>\n","protected":false},"author":10608,"featured_media":2390,"parent":5034,"menu_order":16,"comment_status":"closed","ping_status":"closed","template":"page-templates\/category-products.php","meta":{"_acf_changed":false,"footnotes":""},"class_list":["post-5042","page","type-page","status-publish","has-post-thumbnail","hentry"],"acf":[],"yoast_head":"<!-- This site is optimized with the Yoast SEO Premium plugin v20.12 (Yoast SEO v27.0) - https:\/\/yoast.com\/product\/yoast-seo-premium-wordpress\/ -->\n<title>Korbismarkisen - Bogenmarkisen | KE Outdoor Design<\/title>\n<meta name=\"description\" content=\"Korbmarkisen oder Bogenmarkisen \u00fcberdachen Fenster und T\u00fcren mit zeitloser Eleganz. Lassen Sie sich von uns \u00fcber Stoffen und Oberfl\u00e4chenstrukturen beraten!\" \/>\n<meta name=\"robots\" content=\"index, follow, max-snippet:-1, max-image-preview:large, max-video-preview:-1\" \/>\n<link rel=\"canonical\" href=\"https:\/\/www.keoutdoordesign.com\/de-de\/markisen\/korbmarkise\/\" \/>\n<meta property=\"og:locale\" content=\"de_DE\" \/>\n<meta property=\"og:type\" content=\"article\" \/>\n<meta property=\"og:title\" content=\"Korbmarkisen\" \/>\n<meta property=\"og:description\" content=\"Korbmarkisen oder Bogenmarkisen \u00fcberdachen Fenster und T\u00fcren mit zeitloser Eleganz. Lassen Sie sich von uns \u00fcber Stoffen und Oberfl\u00e4chenstrukturen beraten!\" \/>\n<meta property=\"og:url\" content=\"https:\/\/www.keoutdoordesign.com\/de-de\/markisen\/korbmarkise\/\" \/>\n<meta property=\"og:site_name\" content=\"KE Outdoor Design\" \/>\n<meta property=\"article:publisher\" content=\"https:\/\/www.facebook.com\/keoutdoordesign.us\" \/>\n<meta property=\"article:modified_time\" content=\"2023-08-09T13:05:53+00:00\" \/>\n<meta property=\"og:image\" content=\"https:\/\/www.keoutdoordesign.com\/wp-content\/uploads\/2019\/05\/ke_outdoor_design_tende_da_sole_cappottine_serena_1.jpg\" \/>\n\t<meta property=\"og:image:width\" content=\"2000\" \/>\n\t<meta property=\"og:image:height\" content=\"1500\" \/>\n\t<meta property=\"og:image:type\" content=\"image\/jpeg\" \/>\n<meta name=\"twitter:card\" content=\"summary_large_image\" \/>\n<meta name=\"twitter:site\" content=\"@keoutdoordesign\" \/>\n<script type=\"application\/ld+json\" class=\"yoast-schema-graph\">{\"@context\":\"https:\/\/schema.org\",\"@graph\":[{\"@type\":\"WebPage\",\"@id\":\"https:\/\/www.keoutdoordesign.com\/de-de\/markisen\/korbmarkise\/\",\"url\":\"https:\/\/www.keoutdoordesign.com\/de-de\/markisen\/korbmarkise\/\",\"name\":\"Korbismarkisen - Bogenmarkisen | KE Outdoor Design\",\"isPartOf\":{\"@id\":\"https:\/\/www.keoutdoordesign.com\/it-it\/#website\"},\"primaryImageOfPage\":{\"@id\":\"https:\/\/www.keoutdoordesign.com\/de-de\/markisen\/korbmarkise\/#primaryimage\"},\"image\":{\"@id\":\"https:\/\/www.keoutdoordesign.com\/de-de\/markisen\/korbmarkise\/#primaryimage\"},\"thumbnailUrl\":\"https:\/\/www.keoutdoordesign.com\/wp-content\/uploads\/2019\/05\/ke_outdoor_design_tende_da_sole_cappottine_serena_1.jpg\",\"datePublished\":\"2019-06-07T12:27:02+00:00\",\"dateModified\":\"2023-08-09T13:05:53+00:00\",\"description\":\"Korbmarkisen oder Bogenmarkisen \u00fcberdachen Fenster und T\u00fcren mit zeitloser Eleganz. Lassen Sie sich von uns \u00fcber Stoffen und Oberfl\u00e4chenstrukturen beraten!\",\"breadcrumb\":{\"@id\":\"https:\/\/www.keoutdoordesign.com\/de-de\/markisen\/korbmarkise\/#breadcrumb\"},\"inLanguage\":\"de\",\"potentialAction\":[{\"@type\":\"ReadAction\",\"target\":[\"https:\/\/www.keoutdoordesign.com\/de-de\/markisen\/korbmarkise\/\"]}]},{\"@type\":\"ImageObject\",\"inLanguage\":\"de\",\"@id\":\"https:\/\/www.keoutdoordesign.com\/de-de\/markisen\/korbmarkise\/#primaryimage\",\"url\":\"https:\/\/www.keoutdoordesign.com\/wp-content\/uploads\/2019\/05\/ke_outdoor_design_tende_da_sole_cappottine_serena_1.jpg\",\"contentUrl\":\"https:\/\/www.keoutdoordesign.com\/wp-content\/uploads\/2019\/05\/ke_outdoor_design_tende_da_sole_cappottine_serena_1.jpg\",\"width\":2000,\"height\":1500},{\"@type\":\"BreadcrumbList\",\"@id\":\"https:\/\/www.keoutdoordesign.com\/de-de\/markisen\/korbmarkise\/#breadcrumb\",\"itemListElement\":[{\"@type\":\"ListItem\",\"position\":1,\"name\":\"Home\",\"item\":\"https:\/\/www.keoutdoordesign.com\/de-de\/\"},{\"@type\":\"ListItem\",\"position\":2,\"name\":\"Markisen\",\"item\":\"https:\/\/www.keoutdoordesign.com\/de-de\/markisen\/\"},{\"@type\":\"ListItem\",\"position\":3,\"name\":\"Korbmarkisen\"}]},{\"@type\":\"WebSite\",\"@id\":\"https:\/\/www.keoutdoordesign.com\/it-it\/#website\",\"url\":\"https:\/\/www.keoutdoordesign.com\/it-it\/\",\"name\":\"KE Outdoor Design\",\"description\":\"Un nuovo sito targato WordPress\",\"publisher\":{\"@id\":\"https:\/\/www.keoutdoordesign.com\/it-it\/#organization\"},\"potentialAction\":[{\"@type\":\"SearchAction\",\"target\":{\"@type\":\"EntryPoint\",\"urlTemplate\":\"https:\/\/www.keoutdoordesign.com\/it-it\/?s={search_term_string}\"},\"query-input\":{\"@type\":\"PropertyValueSpecification\",\"valueRequired\":true,\"valueName\":\"search_term_string\"}}],\"inLanguage\":\"de\"},{\"@type\":\"Organization\",\"@id\":\"https:\/\/www.keoutdoordesign.com\/it-it\/#organization\",\"name\":\"KE Outdoor Design\",\"url\":\"https:\/\/www.keoutdoordesign.com\/it-it\/\",\"logo\":{\"@type\":\"ImageObject\",\"inLanguage\":\"de\",\"@id\":\"https:\/\/www.keoutdoordesign.com\/it-it\/#\/schema\/logo\/image\/\",\"url\":\"https:\/\/www.keoutdoordesign.com\/wp-content\/uploads\/2020\/02\/KE-logo-Primary-e1591282842174.jpg\",\"contentUrl\":\"https:\/\/www.keoutdoordesign.com\/wp-content\/uploads\/2020\/02\/KE-logo-Primary-e1591282842174.jpg\",\"width\":500,\"height\":396,\"caption\":\"KE Outdoor Design\"},\"image\":{\"@id\":\"https:\/\/www.keoutdoordesign.com\/it-it\/#\/schema\/logo\/image\/\"},\"sameAs\":[\"https:\/\/www.facebook.com\/keoutdoordesign.us\",\"https:\/\/x.com\/keoutdoordesign\",\"https:\/\/www.facebook.com\/keoutdoordesign\",\"https:\/\/www.youtube.com\/channel\/UCSoMQryJpLqD53bAoZLg2Vg\",\"https:\/\/www.pinterest.it\/keoutdoordesign\/\",\"https:\/\/www.instagram.com\/keoutdoordesign\/\",\"https:\/\/www.linkedin.com\/company\/ke-outdoor-design\/\"]}]}<\/script>\n<!-- \/ Yoast SEO Premium plugin. -->","yoast_head_json":{"title":"Korbismarkisen - Bogenmarkisen | KE Outdoor Design","description":"Korbmarkisen oder Bogenmarkisen \u00fcberdachen Fenster und T\u00fcren mit zeitloser Eleganz. Lassen Sie sich von uns \u00fcber Stoffen und Oberfl\u00e4chenstrukturen beraten!","robots":{"index":"index","follow":"follow","max-snippet":"max-snippet:-1","max-image-preview":"max-image-preview:large","max-video-preview":"max-video-preview:-1"},"canonical":"https:\/\/www.keoutdoordesign.com\/de-de\/markisen\/korbmarkise\/","og_locale":"de_DE","og_type":"article","og_title":"Korbmarkisen","og_description":"Korbmarkisen oder Bogenmarkisen \u00fcberdachen Fenster und T\u00fcren mit zeitloser Eleganz. Lassen Sie sich von uns \u00fcber Stoffen und Oberfl\u00e4chenstrukturen beraten!","og_url":"https:\/\/www.keoutdoordesign.com\/de-de\/markisen\/korbmarkise\/","og_site_name":"KE Outdoor Design","article_publisher":"https:\/\/www.facebook.com\/keoutdoordesign.us","article_modified_time":"2023-08-09T13:05:53+00:00","og_image":[{"width":2000,"height":1500,"url":"https:\/\/www.keoutdoordesign.com\/wp-content\/uploads\/2019\/05\/ke_outdoor_design_tende_da_sole_cappottine_serena_1.jpg","type":"image\/jpeg"}],"twitter_card":"summary_large_image","twitter_site":"@keoutdoordesign","schema":{"@context":"https:\/\/schema.org","@graph":[{"@type":"WebPage","@id":"https:\/\/www.keoutdoordesign.com\/de-de\/markisen\/korbmarkise\/","url":"https:\/\/www.keoutdoordesign.com\/de-de\/markisen\/korbmarkise\/","name":"Korbismarkisen - Bogenmarkisen | KE Outdoor Design","isPartOf":{"@id":"https:\/\/www.keoutdoordesign.com\/it-it\/#website"},"primaryImageOfPage":{"@id":"https:\/\/www.keoutdoordesign.com\/de-de\/markisen\/korbmarkise\/#primaryimage"},"image":{"@id":"https:\/\/www.keoutdoordesign.com\/de-de\/markisen\/korbmarkise\/#primaryimage"},"thumbnailUrl":"https:\/\/www.keoutdoordesign.com\/wp-content\/uploads\/2019\/05\/ke_outdoor_design_tende_da_sole_cappottine_serena_1.jpg","datePublished":"2019-06-07T12:27:02+00:00","dateModified":"2023-08-09T13:05:53+00:00","description":"Korbmarkisen oder Bogenmarkisen \u00fcberdachen Fenster und T\u00fcren mit zeitloser Eleganz. Lassen Sie sich von uns \u00fcber Stoffen und Oberfl\u00e4chenstrukturen beraten!","breadcrumb":{"@id":"https:\/\/www.keoutdoordesign.com\/de-de\/markisen\/korbmarkise\/#breadcrumb"},"inLanguage":"de","potentialAction":[{"@type":"ReadAction","target":["https:\/\/www.keoutdoordesign.com\/de-de\/markisen\/korbmarkise\/"]}]},{"@type":"ImageObject","inLanguage":"de","@id":"https:\/\/www.keoutdoordesign.com\/de-de\/markisen\/korbmarkise\/#primaryimage","url":"https:\/\/www.keoutdoordesign.com\/wp-content\/uploads\/2019\/05\/ke_outdoor_design_tende_da_sole_cappottine_serena_1.jpg","contentUrl":"https:\/\/www.keoutdoordesign.com\/wp-content\/uploads\/2019\/05\/ke_outdoor_design_tende_da_sole_cappottine_serena_1.jpg","width":2000,"height":1500},{"@type":"BreadcrumbList","@id":"https:\/\/www.keoutdoordesign.com\/de-de\/markisen\/korbmarkise\/#breadcrumb","itemListElement":[{"@type":"ListItem","position":1,"name":"Home","item":"https:\/\/www.keoutdoordesign.com\/de-de\/"},{"@type":"ListItem","position":2,"name":"Markisen","item":"https:\/\/www.keoutdoordesign.com\/de-de\/markisen\/"},{"@type":"ListItem","position":3,"name":"Korbmarkisen"}]},{"@type":"WebSite","@id":"https:\/\/www.keoutdoordesign.com\/it-it\/#website","url":"https:\/\/www.keoutdoordesign.com\/it-it\/","name":"KE Outdoor Design","description":"Un nuovo sito targato WordPress","publisher":{"@id":"https:\/\/www.keoutdoordesign.com\/it-it\/#organization"},"potentialAction":[{"@type":"SearchAction","target":{"@type":"EntryPoint","urlTemplate":"https:\/\/www.keoutdoordesign.com\/it-it\/?s={search_term_string}"},"query-input":{"@type":"PropertyValueSpecification","valueRequired":true,"valueName":"search_term_string"}}],"inLanguage":"de"},{"@type":"Organization","@id":"https:\/\/www.keoutdoordesign.com\/it-it\/#organization","name":"KE Outdoor Design","url":"https:\/\/www.keoutdoordesign.com\/it-it\/","logo":{"@type":"ImageObject","inLanguage":"de","@id":"https:\/\/www.keoutdoordesign.com\/it-it\/#\/schema\/logo\/image\/","url":"https:\/\/www.keoutdoordesign.com\/wp-content\/uploads\/2020\/02\/KE-logo-Primary-e1591282842174.jpg","contentUrl":"https:\/\/www.keoutdoordesign.com\/wp-content\/uploads\/2020\/02\/KE-logo-Primary-e1591282842174.jpg","width":500,"height":396,"caption":"KE Outdoor Design"},"image":{"@id":"https:\/\/www.keoutdoordesign.com\/it-it\/#\/schema\/logo\/image\/"},"sameAs":["https:\/\/www.facebook.com\/keoutdoordesign.us","https:\/\/x.com\/keoutdoordesign","https:\/\/www.facebook.com\/keoutdoordesign","https:\/\/www.youtube.com\/channel\/UCSoMQryJpLqD53bAoZLg2Vg","https:\/\/www.pinterest.it\/keoutdoordesign\/","https:\/\/www.instagram.com\/keoutdoordesign\/","https:\/\/www.linkedin.com\/company\/ke-outdoor-design\/"]}]}},"_links":{"self":[{"href":"https:\/\/www.keoutdoordesign.com\/de-de\/wp-json\/wp\/v2\/pages\/5042","targetHints":{"allow":["GET"]}}],"collection":[{"href":"https:\/\/www.keoutdoordesign.com\/de-de\/wp-json\/wp\/v2\/pages"}],"about":[{"href":"https:\/\/www.keoutdoordesign.com\/de-de\/wp-json\/wp\/v2\/types\/page"}],"author":[{"embeddable":true,"href":"https:\/\/www.keoutdoordesign.com\/de-de\/wp-json\/wp\/v2\/users\/10608"}],"replies":[{"embeddable":true,"href":"https:\/\/www.keoutdoordesign.com\/de-de\/wp-json\/wp\/v2\/comments?post=5042"}],"version-history":[{"count":4,"href":"https:\/\/www.keoutdoordesign.com\/de-de\/wp-json\/wp\/v2\/pages\/5042\/revisions"}],"predecessor-version":[{"id":16321,"href":"https:\/\/www.keoutdoordesign.com\/de-de\/wp-json\/wp\/v2\/pages\/5042\/revisions\/16321"}],"up":[{"embeddable":true,"href":"https:\/\/www.keoutdoordesign.com\/de-de\/wp-json\/wp\/v2\/pages\/5034"}],"wp:featuredmedia":[{"embeddable":true,"href":"https:\/\/www.keoutdoordesign.com\/de-de\/wp-json\/wp\/v2\/media\/2390"}],"wp:attachment":[{"href":"https:\/\/www.keoutdoordesign.com\/de-de\/wp-json\/wp\/v2\/media?parent=5042"}],"curies":[{"name":"wp","href":"https:\/\/api.w.org\/{rel}","templated":true}]}}