{"id":5040,"date":"2019-06-07T14:26:46","date_gmt":"2019-06-07T12:26:46","guid":{"rendered":"http:\/\/ke.localhost.it\/?page_id=5040"},"modified":"2023-08-09T14:12:50","modified_gmt":"2023-08-09T12:12:50","slug":"kassettenmarkisen","status":"publish","type":"page","link":"https:\/\/www.keoutdoordesign.com\/de-de\/markisen\/kassettenmarkisen\/","title":{"rendered":"Kassettenmarkisen"},"content":{"rendered":"<p><b>Welche Erwartungen haben Sie an eine gute Gelenkarmmarkise?<\/b><\/p>\n<p>Unsere Gelenkarmmarkisen werden komplett in Italien gebaut. Dabei achten wir auf <strong>beste Qualit\u00e4t<\/strong> und darauf, dass unsere ausfahrbaren Markisen <strong>zuverl\u00e4ssig, widerstandsf\u00e4hig und pflegeleicht<\/strong> sind. Aber nicht nur die Funktionalit\u00e4t, auch die Optik unserer Markisen ist uns wichtig. Sie passen sich harmonisch Ihrem Wohn- oder Gesch\u00e4ftsumfeld an und werten die Fassade deutlich auf.<\/p>\n<p>Wir entwickeln unsere <strong>Gelenkarmmarkisen mit Kassette<\/strong> stetig weiter. So haben Sie die Wahl aus verschiedenen Oberfl\u00e4chen und Farben und k\u00f6nnen sogar LED-Leisten in die Gelenkarme integrieren, um den Au\u00dfenbereich stimmungsvoll zu beleuchten. Wind und Regen sind kein Problem f\u00fcr unsere <strong>Markise mit Kassette<\/strong>: Eingebaute Sonnensensoren erkennen, wann das Wetter gut oder schlecht ist, und fahren die Markise automatisch ein- und aus.<\/p>\n<p>Jede unserer Markisen ist einzigartig auf Sie zugeschnitten. W\u00e4hlen Sie aus<strong> mehr als 500 Stoffmustern<\/strong>. Das Modell, die Gelenkarme und das Tuch k\u00f6nnen individuell zusammengestellt und optimal angepasst werden. Alle Modelle besitzen ein <strong>Zertifikat<\/strong> und unterschiedliche Sonnenbest\u00e4ndigkeitsgrade.<\/p>\n","protected":false},"excerpt":{"rendered":"<p>Welche Erwartungen haben Sie an eine gute Gelenkarmmarkise? Unsere Gelenkarmmarkisen werden komplett in Italien gebaut. Dabei achten wir auf beste&hellip;<\/p>\n","protected":false},"author":10608,"featured_media":3002,"parent":5034,"menu_order":15,"comment_status":"closed","ping_status":"closed","template":"page-templates\/category-products.php","meta":{"_acf_changed":false,"footnotes":""},"class_list":["post-5040","page","type-page","status-publish","has-post-thumbnail","hentry"],"acf":[],"yoast_head":"<!-- This site is optimized with the Yoast SEO Premium plugin v20.12 (Yoast SEO v27.3) - https:\/\/yoast.com\/product\/yoast-seo-premium-wordpress\/ -->\n<title>Kassettenmarkisen - Gelenkarmmarkise | KE Outdoor Design<\/title>\n<meta name=\"description\" content=\"Wir entwickeln Kassettenmarkisen, die ausfahrbar, zuverl\u00e4ssig, widerstandsf\u00e4hig und pflegeleicht sind. Entdecksn Sie unser Angebot an Gelenkarmmarkisen!\" \/>\n<meta name=\"robots\" content=\"index, follow, max-snippet:-1, max-image-preview:large, max-video-preview:-1\" \/>\n<link rel=\"canonical\" href=\"https:\/\/www.keoutdoordesign.com\/de-de\/markisen\/kassettenmarkisen\/\" \/>\n<meta property=\"og:locale\" content=\"de_DE\" \/>\n<meta property=\"og:type\" content=\"article\" \/>\n<meta property=\"og:title\" content=\"Kassettenmarkisen\" \/>\n<meta property=\"og:description\" content=\"Wir entwickeln Kassettenmarkisen, die ausfahrbar, zuverl\u00e4ssig, widerstandsf\u00e4hig und pflegeleicht sind. Entdecksn Sie unser Angebot an Gelenkarmmarkisen!\" \/>\n<meta property=\"og:url\" content=\"https:\/\/www.keoutdoordesign.com\/de-de\/markisen\/kassettenmarkisen\/\" \/>\n<meta property=\"og:site_name\" content=\"KE Outdoor Design\" \/>\n<meta property=\"article:publisher\" content=\"https:\/\/www.facebook.com\/keoutdoordesign.us\" \/>\n<meta property=\"article:modified_time\" content=\"2023-08-09T12:12:50+00:00\" \/>\n<meta property=\"og:image\" content=\"https:\/\/www.keoutdoordesign.com\/wp-content\/uploads\/2019\/05\/VillaCapAntibes_QubicaFlat_2.jpg\" \/>\n\t<meta property=\"og:image:width\" content=\"2048\" \/>\n\t<meta property=\"og:image:height\" content=\"1080\" \/>\n\t<meta property=\"og:image:type\" content=\"image\/jpeg\" \/>\n<meta name=\"twitter:card\" content=\"summary_large_image\" \/>\n<meta name=\"twitter:site\" content=\"@keoutdoordesign\" \/>\n<script type=\"application\/ld+json\" class=\"yoast-schema-graph\">{\"@context\":\"https:\\\/\\\/schema.org\",\"@graph\":[{\"@type\":\"WebPage\",\"@id\":\"https:\\\/\\\/www.keoutdoordesign.com\\\/de-de\\\/markisen\\\/kassettenmarkisen\\\/\",\"url\":\"https:\\\/\\\/www.keoutdoordesign.com\\\/de-de\\\/markisen\\\/kassettenmarkisen\\\/\",\"name\":\"Kassettenmarkisen - Gelenkarmmarkise | KE Outdoor Design\",\"isPartOf\":{\"@id\":\"https:\\\/\\\/www.keoutdoordesign.com\\\/it-it\\\/#website\"},\"primaryImageOfPage\":{\"@id\":\"https:\\\/\\\/www.keoutdoordesign.com\\\/de-de\\\/markisen\\\/kassettenmarkisen\\\/#primaryimage\"},\"image\":{\"@id\":\"https:\\\/\\\/www.keoutdoordesign.com\\\/de-de\\\/markisen\\\/kassettenmarkisen\\\/#primaryimage\"},\"thumbnailUrl\":\"https:\\\/\\\/www.keoutdoordesign.com\\\/wp-content\\\/uploads\\\/2019\\\/05\\\/VillaCapAntibes_QubicaFlat_2.jpg\",\"datePublished\":\"2019-06-07T12:26:46+00:00\",\"dateModified\":\"2023-08-09T12:12:50+00:00\",\"description\":\"Wir entwickeln Kassettenmarkisen, die ausfahrbar, zuverl\u00e4ssig, widerstandsf\u00e4hig und pflegeleicht sind. Entdecksn Sie unser Angebot an Gelenkarmmarkisen!\",\"breadcrumb\":{\"@id\":\"https:\\\/\\\/www.keoutdoordesign.com\\\/de-de\\\/markisen\\\/kassettenmarkisen\\\/#breadcrumb\"},\"inLanguage\":\"de\",\"potentialAction\":[{\"@type\":\"ReadAction\",\"target\":[\"https:\\\/\\\/www.keoutdoordesign.com\\\/de-de\\\/markisen\\\/kassettenmarkisen\\\/\"]}]},{\"@type\":\"ImageObject\",\"inLanguage\":\"de\",\"@id\":\"https:\\\/\\\/www.keoutdoordesign.com\\\/de-de\\\/markisen\\\/kassettenmarkisen\\\/#primaryimage\",\"url\":\"https:\\\/\\\/www.keoutdoordesign.com\\\/wp-content\\\/uploads\\\/2019\\\/05\\\/VillaCapAntibes_QubicaFlat_2.jpg\",\"contentUrl\":\"https:\\\/\\\/www.keoutdoordesign.com\\\/wp-content\\\/uploads\\\/2019\\\/05\\\/VillaCapAntibes_QubicaFlat_2.jpg\",\"width\":2048,\"height\":1080},{\"@type\":\"BreadcrumbList\",\"@id\":\"https:\\\/\\\/www.keoutdoordesign.com\\\/de-de\\\/markisen\\\/kassettenmarkisen\\\/#breadcrumb\",\"itemListElement\":[{\"@type\":\"ListItem\",\"position\":1,\"name\":\"Home\",\"item\":\"https:\\\/\\\/www.keoutdoordesign.com\\\/de-de\\\/\"},{\"@type\":\"ListItem\",\"position\":2,\"name\":\"Markisen\",\"item\":\"https:\\\/\\\/www.keoutdoordesign.com\\\/de-de\\\/markisen\\\/\"},{\"@type\":\"ListItem\",\"position\":3,\"name\":\"Kassettenmarkisen\"}]},{\"@type\":\"WebSite\",\"@id\":\"https:\\\/\\\/www.keoutdoordesign.com\\\/it-it\\\/#website\",\"url\":\"https:\\\/\\\/www.keoutdoordesign.com\\\/it-it\\\/\",\"name\":\"KE Outdoor Design\",\"description\":\"Un nuovo sito targato WordPress\",\"publisher\":{\"@id\":\"https:\\\/\\\/www.keoutdoordesign.com\\\/it-it\\\/#organization\"},\"potentialAction\":[{\"@type\":\"SearchAction\",\"target\":{\"@type\":\"EntryPoint\",\"urlTemplate\":\"https:\\\/\\\/www.keoutdoordesign.com\\\/it-it\\\/?s={search_term_string}\"},\"query-input\":{\"@type\":\"PropertyValueSpecification\",\"valueRequired\":true,\"valueName\":\"search_term_string\"}}],\"inLanguage\":\"de\"},{\"@type\":\"Organization\",\"@id\":\"https:\\\/\\\/www.keoutdoordesign.com\\\/it-it\\\/#organization\",\"name\":\"KE Outdoor Design\",\"url\":\"https:\\\/\\\/www.keoutdoordesign.com\\\/it-it\\\/\",\"logo\":{\"@type\":\"ImageObject\",\"inLanguage\":\"de\",\"@id\":\"https:\\\/\\\/www.keoutdoordesign.com\\\/it-it\\\/#\\\/schema\\\/logo\\\/image\\\/\",\"url\":\"https:\\\/\\\/www.keoutdoordesign.com\\\/wp-content\\\/uploads\\\/2020\\\/02\\\/KE-logo-Primary-e1591282842174.jpg\",\"contentUrl\":\"https:\\\/\\\/www.keoutdoordesign.com\\\/wp-content\\\/uploads\\\/2020\\\/02\\\/KE-logo-Primary-e1591282842174.jpg\",\"width\":500,\"height\":396,\"caption\":\"KE Outdoor Design\"},\"image\":{\"@id\":\"https:\\\/\\\/www.keoutdoordesign.com\\\/it-it\\\/#\\\/schema\\\/logo\\\/image\\\/\"},\"sameAs\":[\"https:\\\/\\\/www.facebook.com\\\/keoutdoordesign.us\",\"https:\\\/\\\/x.com\\\/keoutdoordesign\",\"https:\\\/\\\/www.facebook.com\\\/keoutdoordesign\",\"https:\\\/\\\/www.youtube.com\\\/channel\\\/UCSoMQryJpLqD53bAoZLg2Vg\",\"https:\\\/\\\/www.pinterest.it\\\/keoutdoordesign\\\/\",\"https:\\\/\\\/www.instagram.com\\\/keoutdoordesign\\\/\",\"https:\\\/\\\/www.linkedin.com\\\/company\\\/ke-outdoor-design\\\/\"]}]}<\/script>\n<!-- \/ Yoast SEO Premium plugin. -->","yoast_head_json":{"title":"Kassettenmarkisen - Gelenkarmmarkise | KE Outdoor Design","description":"Wir entwickeln Kassettenmarkisen, die ausfahrbar, zuverl\u00e4ssig, widerstandsf\u00e4hig und pflegeleicht sind. Entdecksn Sie unser Angebot an Gelenkarmmarkisen!","robots":{"index":"index","follow":"follow","max-snippet":"max-snippet:-1","max-image-preview":"max-image-preview:large","max-video-preview":"max-video-preview:-1"},"canonical":"https:\/\/www.keoutdoordesign.com\/de-de\/markisen\/kassettenmarkisen\/","og_locale":"de_DE","og_type":"article","og_title":"Kassettenmarkisen","og_description":"Wir entwickeln Kassettenmarkisen, die ausfahrbar, zuverl\u00e4ssig, widerstandsf\u00e4hig und pflegeleicht sind. Entdecksn Sie unser Angebot an Gelenkarmmarkisen!","og_url":"https:\/\/www.keoutdoordesign.com\/de-de\/markisen\/kassettenmarkisen\/","og_site_name":"KE Outdoor Design","article_publisher":"https:\/\/www.facebook.com\/keoutdoordesign.us","article_modified_time":"2023-08-09T12:12:50+00:00","og_image":[{"width":2048,"height":1080,"url":"https:\/\/www.keoutdoordesign.com\/wp-content\/uploads\/2019\/05\/VillaCapAntibes_QubicaFlat_2.jpg","type":"image\/jpeg"}],"twitter_card":"summary_large_image","twitter_site":"@keoutdoordesign","schema":{"@context":"https:\/\/schema.org","@graph":[{"@type":"WebPage","@id":"https:\/\/www.keoutdoordesign.com\/de-de\/markisen\/kassettenmarkisen\/","url":"https:\/\/www.keoutdoordesign.com\/de-de\/markisen\/kassettenmarkisen\/","name":"Kassettenmarkisen - Gelenkarmmarkise | KE Outdoor Design","isPartOf":{"@id":"https:\/\/www.keoutdoordesign.com\/it-it\/#website"},"primaryImageOfPage":{"@id":"https:\/\/www.keoutdoordesign.com\/de-de\/markisen\/kassettenmarkisen\/#primaryimage"},"image":{"@id":"https:\/\/www.keoutdoordesign.com\/de-de\/markisen\/kassettenmarkisen\/#primaryimage"},"thumbnailUrl":"https:\/\/www.keoutdoordesign.com\/wp-content\/uploads\/2019\/05\/VillaCapAntibes_QubicaFlat_2.jpg","datePublished":"2019-06-07T12:26:46+00:00","dateModified":"2023-08-09T12:12:50+00:00","description":"Wir entwickeln Kassettenmarkisen, die ausfahrbar, zuverl\u00e4ssig, widerstandsf\u00e4hig und pflegeleicht sind. Entdecksn Sie unser Angebot an Gelenkarmmarkisen!","breadcrumb":{"@id":"https:\/\/www.keoutdoordesign.com\/de-de\/markisen\/kassettenmarkisen\/#breadcrumb"},"inLanguage":"de","potentialAction":[{"@type":"ReadAction","target":["https:\/\/www.keoutdoordesign.com\/de-de\/markisen\/kassettenmarkisen\/"]}]},{"@type":"ImageObject","inLanguage":"de","@id":"https:\/\/www.keoutdoordesign.com\/de-de\/markisen\/kassettenmarkisen\/#primaryimage","url":"https:\/\/www.keoutdoordesign.com\/wp-content\/uploads\/2019\/05\/VillaCapAntibes_QubicaFlat_2.jpg","contentUrl":"https:\/\/www.keoutdoordesign.com\/wp-content\/uploads\/2019\/05\/VillaCapAntibes_QubicaFlat_2.jpg","width":2048,"height":1080},{"@type":"BreadcrumbList","@id":"https:\/\/www.keoutdoordesign.com\/de-de\/markisen\/kassettenmarkisen\/#breadcrumb","itemListElement":[{"@type":"ListItem","position":1,"name":"Home","item":"https:\/\/www.keoutdoordesign.com\/de-de\/"},{"@type":"ListItem","position":2,"name":"Markisen","item":"https:\/\/www.keoutdoordesign.com\/de-de\/markisen\/"},{"@type":"ListItem","position":3,"name":"Kassettenmarkisen"}]},{"@type":"WebSite","@id":"https:\/\/www.keoutdoordesign.com\/it-it\/#website","url":"https:\/\/www.keoutdoordesign.com\/it-it\/","name":"KE Outdoor Design","description":"Un nuovo sito targato WordPress","publisher":{"@id":"https:\/\/www.keoutdoordesign.com\/it-it\/#organization"},"potentialAction":[{"@type":"SearchAction","target":{"@type":"EntryPoint","urlTemplate":"https:\/\/www.keoutdoordesign.com\/it-it\/?s={search_term_string}"},"query-input":{"@type":"PropertyValueSpecification","valueRequired":true,"valueName":"search_term_string"}}],"inLanguage":"de"},{"@type":"Organization","@id":"https:\/\/www.keoutdoordesign.com\/it-it\/#organization","name":"KE Outdoor Design","url":"https:\/\/www.keoutdoordesign.com\/it-it\/","logo":{"@type":"ImageObject","inLanguage":"de","@id":"https:\/\/www.keoutdoordesign.com\/it-it\/#\/schema\/logo\/image\/","url":"https:\/\/www.keoutdoordesign.com\/wp-content\/uploads\/2020\/02\/KE-logo-Primary-e1591282842174.jpg","contentUrl":"https:\/\/www.keoutdoordesign.com\/wp-content\/uploads\/2020\/02\/KE-logo-Primary-e1591282842174.jpg","width":500,"height":396,"caption":"KE Outdoor Design"},"image":{"@id":"https:\/\/www.keoutdoordesign.com\/it-it\/#\/schema\/logo\/image\/"},"sameAs":["https:\/\/www.facebook.com\/keoutdoordesign.us","https:\/\/x.com\/keoutdoordesign","https:\/\/www.facebook.com\/keoutdoordesign","https:\/\/www.youtube.com\/channel\/UCSoMQryJpLqD53bAoZLg2Vg","https:\/\/www.pinterest.it\/keoutdoordesign\/","https:\/\/www.instagram.com\/keoutdoordesign\/","https:\/\/www.linkedin.com\/company\/ke-outdoor-design\/"]}]}},"_links":{"self":[{"href":"https:\/\/www.keoutdoordesign.com\/de-de\/wp-json\/wp\/v2\/pages\/5040","targetHints":{"allow":["GET"]}}],"collection":[{"href":"https:\/\/www.keoutdoordesign.com\/de-de\/wp-json\/wp\/v2\/pages"}],"about":[{"href":"https:\/\/www.keoutdoordesign.com\/de-de\/wp-json\/wp\/v2\/types\/page"}],"author":[{"embeddable":true,"href":"https:\/\/www.keoutdoordesign.com\/de-de\/wp-json\/wp\/v2\/users\/10608"}],"replies":[{"embeddable":true,"href":"https:\/\/www.keoutdoordesign.com\/de-de\/wp-json\/wp\/v2\/comments?post=5040"}],"version-history":[{"count":7,"href":"https:\/\/www.keoutdoordesign.com\/de-de\/wp-json\/wp\/v2\/pages\/5040\/revisions"}],"predecessor-version":[{"id":28362,"href":"https:\/\/www.keoutdoordesign.com\/de-de\/wp-json\/wp\/v2\/pages\/5040\/revisions\/28362"}],"up":[{"embeddable":true,"href":"https:\/\/www.keoutdoordesign.com\/de-de\/wp-json\/wp\/v2\/pages\/5034"}],"wp:featuredmedia":[{"embeddable":true,"href":"https:\/\/www.keoutdoordesign.com\/de-de\/wp-json\/wp\/v2\/media\/3002"}],"wp:attachment":[{"href":"https:\/\/www.keoutdoordesign.com\/de-de\/wp-json\/wp\/v2\/media?parent=5040"}],"curies":[{"name":"wp","href":"https:\/\/api.w.org\/{rel}","templated":true}]}}