{"id":5032,"date":"2019-06-07T14:24:55","date_gmt":"2019-06-07T12:24:55","guid":{"rendered":"http:\/\/ke.localhost.it\/?page_id=5032"},"modified":"2026-02-23T16:11:43","modified_gmt":"2026-02-23T15:11:43","slug":"kedry-prime","status":"publish","type":"page","link":"https:\/\/www.keoutdoordesign.com\/de-de\/pergolen-gennius\/bioklimatische-lamellendaecher\/kedry-prime\/","title":{"rendered":"Kedry Prime"},"content":{"rendered":"<h2>Pergola mit beweglichen Lamellen<\/h2>\n<p>Einfach zu installieren, ist KEDRY PRIME an jeden Raum anpassbar: Die <strong>Pergola mit Beweglichen Lamellen<\/strong>, f\u00fcr eine\u00a0<strong>sch\u00f6nere \u00c4sthetik und eine geringere Gesamth\u00f6he<\/strong>, dazu kommt ein in die Anlage\u00a0<strong>integriertes LED-Lichter-Kit<\/strong>\u00a0(Optional) um das Produkt hochgradig anpassbar zu machen und alle unterschiedlichen Bed\u00fcrfnisse zu erf\u00fcllen.<\/p>\n<p>Die Pergola kann mit verschiedenen Glasschiebeelementen seitlich verschlossen werden, um vor Witterungseinfl\u00fcssen zu sch\u00fctzen. Dank dem System VERTIKA PRIME Gennius kann die Pergola seitlich und frontal verschlossen werden. Die gro\u00dfe\u00a0<strong>Auswahl an Stoffen (transparent, lichtdurchl\u00e4ssig oder lichtundurchl\u00e4ssig)<\/strong>\u00a0erm\u00f6glicht es Ihnen, das gew\u00fcnschte Ma\u00df an Abschirmung zu erlangen. Die Rollos <a href=\"\/?page_id=12496\">VERTIKA PRIME<\/a> verschwinden vollst\u00e4ndig in der Anlage.<\/p>\n<p><strong>Maximaler Komfort<\/strong>\u00a0dank einer perfekten Automatisierung. Die Anlage ist mit <strong>Apps f\u00fcr Smartphones und Tablets<\/strong> steuerbar. Diese erm\u00f6glichen eine perfekte Kontrolle auch aus der Entfernung um das Schlie\u00dfen und das \u00d6ffnen der Pergola exakt zu definieren.<\/p>\n<h3><strong>Sie m\u00f6chten ein Angebot f\u00fcr eine Lamellendach? <a href=\"\/?page_id=3315\">Kontaktieren Sie uns<\/a>!<\/strong><\/h3>\n","protected":false},"excerpt":{"rendered":"<p>Pergola mit beweglichen Lamellen Einfach zu installieren, ist KEDRY PRIME an jeden Raum anpassbar: Die Pergola mit Beweglichen Lamellen, f\u00fcr&hellip;<\/p>\n","protected":false},"author":10608,"featured_media":113485,"parent":5004,"menu_order":7,"comment_status":"closed","ping_status":"closed","template":"page-templates\/product.php","meta":{"_acf_changed":false,"footnotes":""},"class_list":["post-5032","page","type-page","status-publish","has-post-thumbnail","hentry"],"acf":[],"yoast_head":"<!-- This site is optimized with the Yoast SEO Premium plugin v20.12 (Yoast SEO v27.0) - https:\/\/yoast.com\/product\/yoast-seo-premium-wordpress\/ -->\n<title>Pergola mit Lamellendach - Kedry Prime | KE Outdoor Design<\/title>\n<meta name=\"description\" content=\"Die minimalistische Pergola mit beweglichen Lamellen ist in der Lage vor Sonne, Wind und Feuchtigkeit zu sch\u00fctzen. Erfahren Sie mehr dar\u00fcber!\" \/>\n<meta name=\"robots\" content=\"index, follow, max-snippet:-1, max-image-preview:large, max-video-preview:-1\" \/>\n<link rel=\"canonical\" href=\"https:\/\/www.keoutdoordesign.com\/de-de\/pergolen-gennius\/bioklimatische-lamellendaecher\/kedry-prime\/\" \/>\n<meta property=\"og:locale\" content=\"de_DE\" \/>\n<meta property=\"og:type\" content=\"article\" \/>\n<meta property=\"og:title\" content=\"Kedry Prime\" \/>\n<meta property=\"og:description\" content=\"Die minimalistische Pergola mit beweglichen Lamellen ist in der Lage vor Sonne, Wind und Feuchtigkeit zu sch\u00fctzen. Erfahren Sie mehr dar\u00fcber!\" \/>\n<meta property=\"og:url\" content=\"https:\/\/www.keoutdoordesign.com\/de-de\/pergolen-gennius\/bioklimatische-lamellendaecher\/kedry-prime\/\" \/>\n<meta property=\"og:site_name\" content=\"KE Outdoor Design\" \/>\n<meta property=\"article:publisher\" content=\"https:\/\/www.facebook.com\/keoutdoordesign.us\" \/>\n<meta property=\"article:modified_time\" content=\"2026-02-23T15:11:43+00:00\" \/>\n<meta property=\"og:image\" content=\"https:\/\/www.keoutdoordesign.com\/wp-content\/uploads\/2025\/10\/KE-J44-19.jpg\" \/>\n\t<meta property=\"og:image:width\" content=\"1920\" \/>\n\t<meta property=\"og:image:height\" content=\"1277\" \/>\n\t<meta property=\"og:image:type\" content=\"image\/jpeg\" \/>\n<meta name=\"twitter:card\" content=\"summary_large_image\" \/>\n<meta name=\"twitter:site\" content=\"@keoutdoordesign\" \/>\n<script type=\"application\/ld+json\" class=\"yoast-schema-graph\">{\"@context\":\"https:\/\/schema.org\",\"@graph\":[{\"@type\":\"WebPage\",\"@id\":\"https:\/\/www.keoutdoordesign.com\/de-de\/pergolen-gennius\/bioklimatische-lamellendaecher\/kedry-prime\/\",\"url\":\"https:\/\/www.keoutdoordesign.com\/de-de\/pergolen-gennius\/bioklimatische-lamellendaecher\/kedry-prime\/\",\"name\":\"Pergola mit Lamellendach - Kedry Prime | KE Outdoor Design\",\"isPartOf\":{\"@id\":\"https:\/\/www.keoutdoordesign.com\/it-it\/#website\"},\"primaryImageOfPage\":{\"@id\":\"https:\/\/www.keoutdoordesign.com\/de-de\/pergolen-gennius\/bioklimatische-lamellendaecher\/kedry-prime\/#primaryimage\"},\"image\":{\"@id\":\"https:\/\/www.keoutdoordesign.com\/de-de\/pergolen-gennius\/bioklimatische-lamellendaecher\/kedry-prime\/#primaryimage\"},\"thumbnailUrl\":\"https:\/\/www.keoutdoordesign.com\/wp-content\/uploads\/2025\/10\/KE-J44-19.jpg\",\"datePublished\":\"2019-06-07T12:24:55+00:00\",\"dateModified\":\"2026-02-23T15:11:43+00:00\",\"description\":\"Die minimalistische Pergola mit beweglichen Lamellen ist in der Lage vor Sonne, Wind und Feuchtigkeit zu sch\u00fctzen. Erfahren Sie mehr dar\u00fcber!\",\"breadcrumb\":{\"@id\":\"https:\/\/www.keoutdoordesign.com\/de-de\/pergolen-gennius\/bioklimatische-lamellendaecher\/kedry-prime\/#breadcrumb\"},\"inLanguage\":\"de\",\"potentialAction\":[{\"@type\":\"ReadAction\",\"target\":[\"https:\/\/www.keoutdoordesign.com\/de-de\/pergolen-gennius\/bioklimatische-lamellendaecher\/kedry-prime\/\"]}]},{\"@type\":\"ImageObject\",\"inLanguage\":\"de\",\"@id\":\"https:\/\/www.keoutdoordesign.com\/de-de\/pergolen-gennius\/bioklimatische-lamellendaecher\/kedry-prime\/#primaryimage\",\"url\":\"https:\/\/www.keoutdoordesign.com\/wp-content\/uploads\/2025\/10\/KE-J44-19.jpg\",\"contentUrl\":\"https:\/\/www.keoutdoordesign.com\/wp-content\/uploads\/2025\/10\/KE-J44-19.jpg\",\"width\":1920,\"height\":1277},{\"@type\":\"BreadcrumbList\",\"@id\":\"https:\/\/www.keoutdoordesign.com\/de-de\/pergolen-gennius\/bioklimatische-lamellendaecher\/kedry-prime\/#breadcrumb\",\"itemListElement\":[{\"@type\":\"ListItem\",\"position\":1,\"name\":\"Home\",\"item\":\"https:\/\/www.keoutdoordesign.com\/de-de\/\"},{\"@type\":\"ListItem\",\"position\":2,\"name\":\"Pergolen Gennius\",\"item\":\"https:\/\/www.keoutdoordesign.com\/de-de\/pergolen-gennius\/\"},{\"@type\":\"ListItem\",\"position\":3,\"name\":\"Bioklimatische Lamellend\u00e4cher\",\"item\":\"https:\/\/www.keoutdoordesign.com\/de-de\/pergolen-gennius\/bioklimatische-lamellendaecher\/\"},{\"@type\":\"ListItem\",\"position\":4,\"name\":\"Kedry Prime\"}]},{\"@type\":\"WebSite\",\"@id\":\"https:\/\/www.keoutdoordesign.com\/it-it\/#website\",\"url\":\"https:\/\/www.keoutdoordesign.com\/it-it\/\",\"name\":\"KE Outdoor Design\",\"description\":\"Un nuovo sito targato WordPress\",\"publisher\":{\"@id\":\"https:\/\/www.keoutdoordesign.com\/it-it\/#organization\"},\"potentialAction\":[{\"@type\":\"SearchAction\",\"target\":{\"@type\":\"EntryPoint\",\"urlTemplate\":\"https:\/\/www.keoutdoordesign.com\/it-it\/?s={search_term_string}\"},\"query-input\":{\"@type\":\"PropertyValueSpecification\",\"valueRequired\":true,\"valueName\":\"search_term_string\"}}],\"inLanguage\":\"de\"},{\"@type\":\"Organization\",\"@id\":\"https:\/\/www.keoutdoordesign.com\/it-it\/#organization\",\"name\":\"KE Outdoor Design\",\"url\":\"https:\/\/www.keoutdoordesign.com\/it-it\/\",\"logo\":{\"@type\":\"ImageObject\",\"inLanguage\":\"de\",\"@id\":\"https:\/\/www.keoutdoordesign.com\/it-it\/#\/schema\/logo\/image\/\",\"url\":\"https:\/\/www.keoutdoordesign.com\/wp-content\/uploads\/2020\/02\/KE-logo-Primary-e1591282842174.jpg\",\"contentUrl\":\"https:\/\/www.keoutdoordesign.com\/wp-content\/uploads\/2020\/02\/KE-logo-Primary-e1591282842174.jpg\",\"width\":500,\"height\":396,\"caption\":\"KE Outdoor Design\"},\"image\":{\"@id\":\"https:\/\/www.keoutdoordesign.com\/it-it\/#\/schema\/logo\/image\/\"},\"sameAs\":[\"https:\/\/www.facebook.com\/keoutdoordesign.us\",\"https:\/\/x.com\/keoutdoordesign\",\"https:\/\/www.facebook.com\/keoutdoordesign\",\"https:\/\/www.youtube.com\/channel\/UCSoMQryJpLqD53bAoZLg2Vg\",\"https:\/\/www.pinterest.it\/keoutdoordesign\/\",\"https:\/\/www.instagram.com\/keoutdoordesign\/\",\"https:\/\/www.linkedin.com\/company\/ke-outdoor-design\/\"]}]}<\/script>\n<!-- \/ Yoast SEO Premium plugin. -->","yoast_head_json":{"title":"Pergola mit Lamellendach - Kedry Prime | KE Outdoor Design","description":"Die minimalistische Pergola mit beweglichen Lamellen ist in der Lage vor Sonne, Wind und Feuchtigkeit zu sch\u00fctzen. Erfahren Sie mehr dar\u00fcber!","robots":{"index":"index","follow":"follow","max-snippet":"max-snippet:-1","max-image-preview":"max-image-preview:large","max-video-preview":"max-video-preview:-1"},"canonical":"https:\/\/www.keoutdoordesign.com\/de-de\/pergolen-gennius\/bioklimatische-lamellendaecher\/kedry-prime\/","og_locale":"de_DE","og_type":"article","og_title":"Kedry Prime","og_description":"Die minimalistische Pergola mit beweglichen Lamellen ist in der Lage vor Sonne, Wind und Feuchtigkeit zu sch\u00fctzen. Erfahren Sie mehr dar\u00fcber!","og_url":"https:\/\/www.keoutdoordesign.com\/de-de\/pergolen-gennius\/bioklimatische-lamellendaecher\/kedry-prime\/","og_site_name":"KE Outdoor Design","article_publisher":"https:\/\/www.facebook.com\/keoutdoordesign.us","article_modified_time":"2026-02-23T15:11:43+00:00","og_image":[{"width":1920,"height":1277,"url":"https:\/\/www.keoutdoordesign.com\/wp-content\/uploads\/2025\/10\/KE-J44-19.jpg","type":"image\/jpeg"}],"twitter_card":"summary_large_image","twitter_site":"@keoutdoordesign","schema":{"@context":"https:\/\/schema.org","@graph":[{"@type":"WebPage","@id":"https:\/\/www.keoutdoordesign.com\/de-de\/pergolen-gennius\/bioklimatische-lamellendaecher\/kedry-prime\/","url":"https:\/\/www.keoutdoordesign.com\/de-de\/pergolen-gennius\/bioklimatische-lamellendaecher\/kedry-prime\/","name":"Pergola mit Lamellendach - Kedry Prime | KE Outdoor Design","isPartOf":{"@id":"https:\/\/www.keoutdoordesign.com\/it-it\/#website"},"primaryImageOfPage":{"@id":"https:\/\/www.keoutdoordesign.com\/de-de\/pergolen-gennius\/bioklimatische-lamellendaecher\/kedry-prime\/#primaryimage"},"image":{"@id":"https:\/\/www.keoutdoordesign.com\/de-de\/pergolen-gennius\/bioklimatische-lamellendaecher\/kedry-prime\/#primaryimage"},"thumbnailUrl":"https:\/\/www.keoutdoordesign.com\/wp-content\/uploads\/2025\/10\/KE-J44-19.jpg","datePublished":"2019-06-07T12:24:55+00:00","dateModified":"2026-02-23T15:11:43+00:00","description":"Die minimalistische Pergola mit beweglichen Lamellen ist in der Lage vor Sonne, Wind und Feuchtigkeit zu sch\u00fctzen. Erfahren Sie mehr dar\u00fcber!","breadcrumb":{"@id":"https:\/\/www.keoutdoordesign.com\/de-de\/pergolen-gennius\/bioklimatische-lamellendaecher\/kedry-prime\/#breadcrumb"},"inLanguage":"de","potentialAction":[{"@type":"ReadAction","target":["https:\/\/www.keoutdoordesign.com\/de-de\/pergolen-gennius\/bioklimatische-lamellendaecher\/kedry-prime\/"]}]},{"@type":"ImageObject","inLanguage":"de","@id":"https:\/\/www.keoutdoordesign.com\/de-de\/pergolen-gennius\/bioklimatische-lamellendaecher\/kedry-prime\/#primaryimage","url":"https:\/\/www.keoutdoordesign.com\/wp-content\/uploads\/2025\/10\/KE-J44-19.jpg","contentUrl":"https:\/\/www.keoutdoordesign.com\/wp-content\/uploads\/2025\/10\/KE-J44-19.jpg","width":1920,"height":1277},{"@type":"BreadcrumbList","@id":"https:\/\/www.keoutdoordesign.com\/de-de\/pergolen-gennius\/bioklimatische-lamellendaecher\/kedry-prime\/#breadcrumb","itemListElement":[{"@type":"ListItem","position":1,"name":"Home","item":"https:\/\/www.keoutdoordesign.com\/de-de\/"},{"@type":"ListItem","position":2,"name":"Pergolen Gennius","item":"https:\/\/www.keoutdoordesign.com\/de-de\/pergolen-gennius\/"},{"@type":"ListItem","position":3,"name":"Bioklimatische Lamellend\u00e4cher","item":"https:\/\/www.keoutdoordesign.com\/de-de\/pergolen-gennius\/bioklimatische-lamellendaecher\/"},{"@type":"ListItem","position":4,"name":"Kedry Prime"}]},{"@type":"WebSite","@id":"https:\/\/www.keoutdoordesign.com\/it-it\/#website","url":"https:\/\/www.keoutdoordesign.com\/it-it\/","name":"KE Outdoor Design","description":"Un nuovo sito targato WordPress","publisher":{"@id":"https:\/\/www.keoutdoordesign.com\/it-it\/#organization"},"potentialAction":[{"@type":"SearchAction","target":{"@type":"EntryPoint","urlTemplate":"https:\/\/www.keoutdoordesign.com\/it-it\/?s={search_term_string}"},"query-input":{"@type":"PropertyValueSpecification","valueRequired":true,"valueName":"search_term_string"}}],"inLanguage":"de"},{"@type":"Organization","@id":"https:\/\/www.keoutdoordesign.com\/it-it\/#organization","name":"KE Outdoor Design","url":"https:\/\/www.keoutdoordesign.com\/it-it\/","logo":{"@type":"ImageObject","inLanguage":"de","@id":"https:\/\/www.keoutdoordesign.com\/it-it\/#\/schema\/logo\/image\/","url":"https:\/\/www.keoutdoordesign.com\/wp-content\/uploads\/2020\/02\/KE-logo-Primary-e1591282842174.jpg","contentUrl":"https:\/\/www.keoutdoordesign.com\/wp-content\/uploads\/2020\/02\/KE-logo-Primary-e1591282842174.jpg","width":500,"height":396,"caption":"KE Outdoor Design"},"image":{"@id":"https:\/\/www.keoutdoordesign.com\/it-it\/#\/schema\/logo\/image\/"},"sameAs":["https:\/\/www.facebook.com\/keoutdoordesign.us","https:\/\/x.com\/keoutdoordesign","https:\/\/www.facebook.com\/keoutdoordesign","https:\/\/www.youtube.com\/channel\/UCSoMQryJpLqD53bAoZLg2Vg","https:\/\/www.pinterest.it\/keoutdoordesign\/","https:\/\/www.instagram.com\/keoutdoordesign\/","https:\/\/www.linkedin.com\/company\/ke-outdoor-design\/"]}]}},"_links":{"self":[{"href":"https:\/\/www.keoutdoordesign.com\/de-de\/wp-json\/wp\/v2\/pages\/5032","targetHints":{"allow":["GET"]}}],"collection":[{"href":"https:\/\/www.keoutdoordesign.com\/de-de\/wp-json\/wp\/v2\/pages"}],"about":[{"href":"https:\/\/www.keoutdoordesign.com\/de-de\/wp-json\/wp\/v2\/types\/page"}],"author":[{"embeddable":true,"href":"https:\/\/www.keoutdoordesign.com\/de-de\/wp-json\/wp\/v2\/users\/10608"}],"replies":[{"embeddable":true,"href":"https:\/\/www.keoutdoordesign.com\/de-de\/wp-json\/wp\/v2\/comments?post=5032"}],"version-history":[{"count":25,"href":"https:\/\/www.keoutdoordesign.com\/de-de\/wp-json\/wp\/v2\/pages\/5032\/revisions"}],"predecessor-version":[{"id":119153,"href":"https:\/\/www.keoutdoordesign.com\/de-de\/wp-json\/wp\/v2\/pages\/5032\/revisions\/119153"}],"up":[{"embeddable":true,"href":"https:\/\/www.keoutdoordesign.com\/de-de\/wp-json\/wp\/v2\/pages\/5004"}],"wp:featuredmedia":[{"embeddable":true,"href":"https:\/\/www.keoutdoordesign.com\/de-de\/wp-json\/wp\/v2\/media\/113485"}],"wp:attachment":[{"href":"https:\/\/www.keoutdoordesign.com\/de-de\/wp-json\/wp\/v2\/media?parent=5032"}],"curies":[{"name":"wp","href":"https:\/\/api.w.org\/{rel}","templated":true}]}}