{"id":5028,"date":"2019-06-07T14:24:40","date_gmt":"2019-06-07T12:24:40","guid":{"rendered":"http:\/\/ke.localhost.it\/?page_id=5028"},"modified":"2025-10-20T17:02:44","modified_gmt":"2025-10-20T15:02:44","slug":"isola-3","status":"publish","type":"page","link":"https:\/\/www.keoutdoordesign.com\/de-de\/pergolen-gennius\/pergola-mit-flachdach\/isola-3\/","title":{"rendered":"Isola 3"},"content":{"rendered":"<p>Isola 3 kann mit optionalen klimatischen Sensoren erg\u00e4nzt werden, die eine perfekte Automation und einen idealen Umgang mit der Markise erm\u00f6glichen, auch wenn das Wetter einmal umschwingt.<\/p>\n<p>Durch eine benutzerfreundliche <strong>App f\u00fcr Smartphone und Tablet<\/strong> ist es m\u00f6glich, Zeiten und Szenarien f\u00fcr die \u00d6ffnung und Schlie\u00dfung der Markise zu bestimmen, was sehr praktisch ist.<\/p>\n<p>Sich f\u00fcr KE zu entscheiden, bedeutet, eine Planung zu w\u00e4hlen, die den Mensch und seine Gewohnheiten in den Mittelpunkt stellt, um die Grundsteine f\u00fcr eine neue Wahrnehmung der Fl\u00e4chen zu legen. Das Unternehmen best\u00e4tigt sich als Botschafter der Innovation, der dem Markt Stilinterpretationen bietet, die sofort zum Trend werden. Ein Partner, der in der Lage ist, eine essentielle Unterst\u00fctzung f\u00fcr die Planung der Outdoorbereiche zu bieten.<\/p>\n<p><strong>Neue 2024 Version<\/strong>:\u00a0 Isola 3 in der Classic-Ausf\u00fchrung zeichnet sich durch die elegante Bearbeitung der \u00e4u\u00dferen Profile und der Au\u00dfenseiten der S\u00e4ulen aus. In dieser Version gibt es nicht die M\u00f6glichkeit, LEDs in den \u00e4u\u00dferen Profilen zu installieren. Diese Variante ist auch in<br \/>\nKedry Skylife, Kedry Prime erh\u00e4ltlich.<\/p>\n","protected":false},"excerpt":{"rendered":"<p>Isola 3 kann mit optionalen klimatischen Sensoren erg\u00e4nzt werden, die eine perfekte Automation und einen idealen Umgang mit der Markise&hellip;<\/p>\n","protected":false},"author":10608,"featured_media":113693,"parent":5002,"menu_order":16,"comment_status":"closed","ping_status":"closed","template":"page-templates\/product.php","meta":{"_acf_changed":false,"footnotes":""},"class_list":["post-5028","page","type-page","status-publish","has-post-thumbnail","hentry"],"acf":[],"yoast_head":"<!-- This site is optimized with the Yoast SEO Premium plugin v20.12 (Yoast SEO v27.4) - https:\/\/yoast.com\/product\/yoast-seo-premium-wordpress\/ -->\n<title>Alupergola mit Beleuchtung - Isola 3 | KE Outdoor Design<\/title>\n<meta name=\"description\" content=\"Isola 3 ist eine wahre Einrichtungserg\u00e4nzung f\u00fcr den Au\u00dfenbereich. Erfahren Sie mehr!\" \/>\n<meta name=\"robots\" content=\"index, follow, max-snippet:-1, max-image-preview:large, max-video-preview:-1\" \/>\n<link rel=\"canonical\" href=\"https:\/\/www.keoutdoordesign.com\/de-de\/pergolen-gennius\/pergola-mit-flachdach\/isola-3\/\" \/>\n<meta property=\"og:locale\" content=\"de_DE\" \/>\n<meta property=\"og:type\" content=\"article\" \/>\n<meta property=\"og:title\" content=\"Isola 3\" \/>\n<meta property=\"og:description\" content=\"Isola 3 ist eine wahre Einrichtungserg\u00e4nzung f\u00fcr den Au\u00dfenbereich. Erfahren Sie mehr!\" \/>\n<meta property=\"og:url\" content=\"https:\/\/www.keoutdoordesign.com\/de-de\/pergolen-gennius\/pergola-mit-flachdach\/isola-3\/\" \/>\n<meta property=\"og:site_name\" content=\"KE Outdoor Design\" \/>\n<meta property=\"article:publisher\" content=\"https:\/\/www.facebook.com\/keoutdoordesign.us\" \/>\n<meta property=\"article:modified_time\" content=\"2025-10-20T15:02:44+00:00\" \/>\n<meta property=\"og:image\" content=\"https:\/\/www.keoutdoordesign.com\/wp-content\/uploads\/2025\/10\/Pasticceria-delle-Rose-4.jpg\" \/>\n\t<meta property=\"og:image:width\" content=\"1920\" \/>\n\t<meta property=\"og:image:height\" content=\"1279\" \/>\n\t<meta property=\"og:image:type\" content=\"image\/jpeg\" \/>\n<meta name=\"twitter:card\" content=\"summary_large_image\" \/>\n<meta name=\"twitter:site\" content=\"@keoutdoordesign\" \/>\n<script type=\"application\/ld+json\" class=\"yoast-schema-graph\">{\"@context\":\"https:\\\/\\\/schema.org\",\"@graph\":[{\"@type\":\"WebPage\",\"@id\":\"https:\\\/\\\/www.keoutdoordesign.com\\\/de-de\\\/pergolen-gennius\\\/pergola-mit-flachdach\\\/isola-3\\\/\",\"url\":\"https:\\\/\\\/www.keoutdoordesign.com\\\/de-de\\\/pergolen-gennius\\\/pergola-mit-flachdach\\\/isola-3\\\/\",\"name\":\"Alupergola mit Beleuchtung - Isola 3 | KE Outdoor Design\",\"isPartOf\":{\"@id\":\"https:\\\/\\\/www.keoutdoordesign.com\\\/it-it\\\/#website\"},\"primaryImageOfPage\":{\"@id\":\"https:\\\/\\\/www.keoutdoordesign.com\\\/de-de\\\/pergolen-gennius\\\/pergola-mit-flachdach\\\/isola-3\\\/#primaryimage\"},\"image\":{\"@id\":\"https:\\\/\\\/www.keoutdoordesign.com\\\/de-de\\\/pergolen-gennius\\\/pergola-mit-flachdach\\\/isola-3\\\/#primaryimage\"},\"thumbnailUrl\":\"https:\\\/\\\/www.keoutdoordesign.com\\\/wp-content\\\/uploads\\\/2025\\\/10\\\/Pasticceria-delle-Rose-4.jpg\",\"datePublished\":\"2019-06-07T12:24:40+00:00\",\"dateModified\":\"2025-10-20T15:02:44+00:00\",\"description\":\"Isola 3 ist eine wahre Einrichtungserg\u00e4nzung f\u00fcr den Au\u00dfenbereich. Erfahren Sie mehr!\",\"breadcrumb\":{\"@id\":\"https:\\\/\\\/www.keoutdoordesign.com\\\/de-de\\\/pergolen-gennius\\\/pergola-mit-flachdach\\\/isola-3\\\/#breadcrumb\"},\"inLanguage\":\"de\",\"potentialAction\":[{\"@type\":\"ReadAction\",\"target\":[\"https:\\\/\\\/www.keoutdoordesign.com\\\/de-de\\\/pergolen-gennius\\\/pergola-mit-flachdach\\\/isola-3\\\/\"]}]},{\"@type\":\"ImageObject\",\"inLanguage\":\"de\",\"@id\":\"https:\\\/\\\/www.keoutdoordesign.com\\\/de-de\\\/pergolen-gennius\\\/pergola-mit-flachdach\\\/isola-3\\\/#primaryimage\",\"url\":\"https:\\\/\\\/www.keoutdoordesign.com\\\/wp-content\\\/uploads\\\/2025\\\/10\\\/Pasticceria-delle-Rose-4.jpg\",\"contentUrl\":\"https:\\\/\\\/www.keoutdoordesign.com\\\/wp-content\\\/uploads\\\/2025\\\/10\\\/Pasticceria-delle-Rose-4.jpg\",\"width\":1920,\"height\":1279},{\"@type\":\"BreadcrumbList\",\"@id\":\"https:\\\/\\\/www.keoutdoordesign.com\\\/de-de\\\/pergolen-gennius\\\/pergola-mit-flachdach\\\/isola-3\\\/#breadcrumb\",\"itemListElement\":[{\"@type\":\"ListItem\",\"position\":1,\"name\":\"Home\",\"item\":\"https:\\\/\\\/www.keoutdoordesign.com\\\/de-de\\\/\"},{\"@type\":\"ListItem\",\"position\":2,\"name\":\"Pergolen Gennius\",\"item\":\"https:\\\/\\\/www.keoutdoordesign.com\\\/de-de\\\/pergolen-gennius\\\/\"},{\"@type\":\"ListItem\",\"position\":3,\"name\":\"Pergola mit Flachdach\",\"item\":\"https:\\\/\\\/www.keoutdoordesign.com\\\/de-de\\\/pergolen-gennius\\\/pergola-mit-flachdach\\\/\"},{\"@type\":\"ListItem\",\"position\":4,\"name\":\"Isola 3\"}]},{\"@type\":\"WebSite\",\"@id\":\"https:\\\/\\\/www.keoutdoordesign.com\\\/it-it\\\/#website\",\"url\":\"https:\\\/\\\/www.keoutdoordesign.com\\\/it-it\\\/\",\"name\":\"KE Outdoor Design\",\"description\":\"Un nuovo sito targato WordPress\",\"publisher\":{\"@id\":\"https:\\\/\\\/www.keoutdoordesign.com\\\/it-it\\\/#organization\"},\"potentialAction\":[{\"@type\":\"SearchAction\",\"target\":{\"@type\":\"EntryPoint\",\"urlTemplate\":\"https:\\\/\\\/www.keoutdoordesign.com\\\/it-it\\\/?s={search_term_string}\"},\"query-input\":{\"@type\":\"PropertyValueSpecification\",\"valueRequired\":true,\"valueName\":\"search_term_string\"}}],\"inLanguage\":\"de\"},{\"@type\":\"Organization\",\"@id\":\"https:\\\/\\\/www.keoutdoordesign.com\\\/it-it\\\/#organization\",\"name\":\"KE Outdoor Design\",\"url\":\"https:\\\/\\\/www.keoutdoordesign.com\\\/it-it\\\/\",\"logo\":{\"@type\":\"ImageObject\",\"inLanguage\":\"de\",\"@id\":\"https:\\\/\\\/www.keoutdoordesign.com\\\/it-it\\\/#\\\/schema\\\/logo\\\/image\\\/\",\"url\":\"https:\\\/\\\/www.keoutdoordesign.com\\\/wp-content\\\/uploads\\\/2020\\\/02\\\/KE-logo-Primary-e1591282842174.jpg\",\"contentUrl\":\"https:\\\/\\\/www.keoutdoordesign.com\\\/wp-content\\\/uploads\\\/2020\\\/02\\\/KE-logo-Primary-e1591282842174.jpg\",\"width\":500,\"height\":396,\"caption\":\"KE Outdoor Design\"},\"image\":{\"@id\":\"https:\\\/\\\/www.keoutdoordesign.com\\\/it-it\\\/#\\\/schema\\\/logo\\\/image\\\/\"},\"sameAs\":[\"https:\\\/\\\/www.facebook.com\\\/keoutdoordesign.us\",\"https:\\\/\\\/x.com\\\/keoutdoordesign\",\"https:\\\/\\\/www.facebook.com\\\/keoutdoordesign\",\"https:\\\/\\\/www.youtube.com\\\/channel\\\/UCSoMQryJpLqD53bAoZLg2Vg\",\"https:\\\/\\\/www.pinterest.it\\\/keoutdoordesign\\\/\",\"https:\\\/\\\/www.instagram.com\\\/keoutdoordesign\\\/\",\"https:\\\/\\\/www.linkedin.com\\\/company\\\/ke-outdoor-design\\\/\"]}]}<\/script>\n<!-- \/ Yoast SEO Premium plugin. -->","yoast_head_json":{"title":"Alupergola mit Beleuchtung - Isola 3 | KE Outdoor Design","description":"Isola 3 ist eine wahre Einrichtungserg\u00e4nzung f\u00fcr den Au\u00dfenbereich. Erfahren Sie mehr!","robots":{"index":"index","follow":"follow","max-snippet":"max-snippet:-1","max-image-preview":"max-image-preview:large","max-video-preview":"max-video-preview:-1"},"canonical":"https:\/\/www.keoutdoordesign.com\/de-de\/pergolen-gennius\/pergola-mit-flachdach\/isola-3\/","og_locale":"de_DE","og_type":"article","og_title":"Isola 3","og_description":"Isola 3 ist eine wahre Einrichtungserg\u00e4nzung f\u00fcr den Au\u00dfenbereich. Erfahren Sie mehr!","og_url":"https:\/\/www.keoutdoordesign.com\/de-de\/pergolen-gennius\/pergola-mit-flachdach\/isola-3\/","og_site_name":"KE Outdoor Design","article_publisher":"https:\/\/www.facebook.com\/keoutdoordesign.us","article_modified_time":"2025-10-20T15:02:44+00:00","og_image":[{"width":1920,"height":1279,"url":"https:\/\/www.keoutdoordesign.com\/wp-content\/uploads\/2025\/10\/Pasticceria-delle-Rose-4.jpg","type":"image\/jpeg"}],"twitter_card":"summary_large_image","twitter_site":"@keoutdoordesign","schema":{"@context":"https:\/\/schema.org","@graph":[{"@type":"WebPage","@id":"https:\/\/www.keoutdoordesign.com\/de-de\/pergolen-gennius\/pergola-mit-flachdach\/isola-3\/","url":"https:\/\/www.keoutdoordesign.com\/de-de\/pergolen-gennius\/pergola-mit-flachdach\/isola-3\/","name":"Alupergola mit Beleuchtung - Isola 3 | KE Outdoor Design","isPartOf":{"@id":"https:\/\/www.keoutdoordesign.com\/it-it\/#website"},"primaryImageOfPage":{"@id":"https:\/\/www.keoutdoordesign.com\/de-de\/pergolen-gennius\/pergola-mit-flachdach\/isola-3\/#primaryimage"},"image":{"@id":"https:\/\/www.keoutdoordesign.com\/de-de\/pergolen-gennius\/pergola-mit-flachdach\/isola-3\/#primaryimage"},"thumbnailUrl":"https:\/\/www.keoutdoordesign.com\/wp-content\/uploads\/2025\/10\/Pasticceria-delle-Rose-4.jpg","datePublished":"2019-06-07T12:24:40+00:00","dateModified":"2025-10-20T15:02:44+00:00","description":"Isola 3 ist eine wahre Einrichtungserg\u00e4nzung f\u00fcr den Au\u00dfenbereich. Erfahren Sie mehr!","breadcrumb":{"@id":"https:\/\/www.keoutdoordesign.com\/de-de\/pergolen-gennius\/pergola-mit-flachdach\/isola-3\/#breadcrumb"},"inLanguage":"de","potentialAction":[{"@type":"ReadAction","target":["https:\/\/www.keoutdoordesign.com\/de-de\/pergolen-gennius\/pergola-mit-flachdach\/isola-3\/"]}]},{"@type":"ImageObject","inLanguage":"de","@id":"https:\/\/www.keoutdoordesign.com\/de-de\/pergolen-gennius\/pergola-mit-flachdach\/isola-3\/#primaryimage","url":"https:\/\/www.keoutdoordesign.com\/wp-content\/uploads\/2025\/10\/Pasticceria-delle-Rose-4.jpg","contentUrl":"https:\/\/www.keoutdoordesign.com\/wp-content\/uploads\/2025\/10\/Pasticceria-delle-Rose-4.jpg","width":1920,"height":1279},{"@type":"BreadcrumbList","@id":"https:\/\/www.keoutdoordesign.com\/de-de\/pergolen-gennius\/pergola-mit-flachdach\/isola-3\/#breadcrumb","itemListElement":[{"@type":"ListItem","position":1,"name":"Home","item":"https:\/\/www.keoutdoordesign.com\/de-de\/"},{"@type":"ListItem","position":2,"name":"Pergolen Gennius","item":"https:\/\/www.keoutdoordesign.com\/de-de\/pergolen-gennius\/"},{"@type":"ListItem","position":3,"name":"Pergola mit Flachdach","item":"https:\/\/www.keoutdoordesign.com\/de-de\/pergolen-gennius\/pergola-mit-flachdach\/"},{"@type":"ListItem","position":4,"name":"Isola 3"}]},{"@type":"WebSite","@id":"https:\/\/www.keoutdoordesign.com\/it-it\/#website","url":"https:\/\/www.keoutdoordesign.com\/it-it\/","name":"KE Outdoor Design","description":"Un nuovo sito targato WordPress","publisher":{"@id":"https:\/\/www.keoutdoordesign.com\/it-it\/#organization"},"potentialAction":[{"@type":"SearchAction","target":{"@type":"EntryPoint","urlTemplate":"https:\/\/www.keoutdoordesign.com\/it-it\/?s={search_term_string}"},"query-input":{"@type":"PropertyValueSpecification","valueRequired":true,"valueName":"search_term_string"}}],"inLanguage":"de"},{"@type":"Organization","@id":"https:\/\/www.keoutdoordesign.com\/it-it\/#organization","name":"KE Outdoor Design","url":"https:\/\/www.keoutdoordesign.com\/it-it\/","logo":{"@type":"ImageObject","inLanguage":"de","@id":"https:\/\/www.keoutdoordesign.com\/it-it\/#\/schema\/logo\/image\/","url":"https:\/\/www.keoutdoordesign.com\/wp-content\/uploads\/2020\/02\/KE-logo-Primary-e1591282842174.jpg","contentUrl":"https:\/\/www.keoutdoordesign.com\/wp-content\/uploads\/2020\/02\/KE-logo-Primary-e1591282842174.jpg","width":500,"height":396,"caption":"KE Outdoor Design"},"image":{"@id":"https:\/\/www.keoutdoordesign.com\/it-it\/#\/schema\/logo\/image\/"},"sameAs":["https:\/\/www.facebook.com\/keoutdoordesign.us","https:\/\/x.com\/keoutdoordesign","https:\/\/www.facebook.com\/keoutdoordesign","https:\/\/www.youtube.com\/channel\/UCSoMQryJpLqD53bAoZLg2Vg","https:\/\/www.pinterest.it\/keoutdoordesign\/","https:\/\/www.instagram.com\/keoutdoordesign\/","https:\/\/www.linkedin.com\/company\/ke-outdoor-design\/"]}]}},"_links":{"self":[{"href":"https:\/\/www.keoutdoordesign.com\/de-de\/wp-json\/wp\/v2\/pages\/5028","targetHints":{"allow":["GET"]}}],"collection":[{"href":"https:\/\/www.keoutdoordesign.com\/de-de\/wp-json\/wp\/v2\/pages"}],"about":[{"href":"https:\/\/www.keoutdoordesign.com\/de-de\/wp-json\/wp\/v2\/types\/page"}],"author":[{"embeddable":true,"href":"https:\/\/www.keoutdoordesign.com\/de-de\/wp-json\/wp\/v2\/users\/10608"}],"replies":[{"embeddable":true,"href":"https:\/\/www.keoutdoordesign.com\/de-de\/wp-json\/wp\/v2\/comments?post=5028"}],"version-history":[{"count":20,"href":"https:\/\/www.keoutdoordesign.com\/de-de\/wp-json\/wp\/v2\/pages\/5028\/revisions"}],"predecessor-version":[{"id":104650,"href":"https:\/\/www.keoutdoordesign.com\/de-de\/wp-json\/wp\/v2\/pages\/5028\/revisions\/104650"}],"up":[{"embeddable":true,"href":"https:\/\/www.keoutdoordesign.com\/de-de\/wp-json\/wp\/v2\/pages\/5002"}],"wp:featuredmedia":[{"embeddable":true,"href":"https:\/\/www.keoutdoordesign.com\/de-de\/wp-json\/wp\/v2\/media\/113693"}],"wp:attachment":[{"href":"https:\/\/www.keoutdoordesign.com\/de-de\/wp-json\/wp\/v2\/media?parent=5028"}],"curies":[{"name":"wp","href":"https:\/\/api.w.org\/{rel}","templated":true}]}}