{"id":5016,"date":"2019-06-07T14:22:57","date_gmt":"2019-06-07T12:22:57","guid":{"rendered":"http:\/\/ke.localhost.it\/?page_id=5016"},"modified":"2026-01-27T15:56:53","modified_gmt":"2026-01-27T14:56:53","slug":"gennius-vega","status":"publish","type":"page","link":"https:\/\/www.keoutdoordesign.com\/de-de\/pergolen-gennius\/pergola-mit-schragdach\/gennius-vega\/","title":{"rendered":"Gennius Vega"},"content":{"rendered":"<p>Es ist eine originelle\u00a0<strong>Verwendung der Licht<\/strong>, die ein regelrechtes Dekorelement bekomme, die VEGA ein einzigartiges Produkt deiner Art zu macht.\u00a0 Das externe Licht verbessert die ansprechende \u00c4sthetik, w\u00e4hrend der integrierten Rampenlichte ein Gef\u00fchl von Leichtigkeit an der Struktur und Aluminiumprofilen geben.<\/p>\n<p><strong>Minimal Stil und Vielseitigkeit der Verwendung<\/strong>\u00a0sind mit dem Widerstand der Materialien und klare Formen kombiniert: St\u00fctzen und Regenrinne werden auf der gleichen Linie eingesetzt, und sind, sowie die Schrauben und Befestigungselemente, nicht sichtbar. Dar\u00fcber hinaus, dank des Systems Vertika Gennius kann die Struktur mit seitlichen und vorderen Fallmarkisen geschlossen werden, definieren den gew\u00fcnschten Grad der Abschirmung und des Schutzes\u00a0von Luft, Wasser und Wind.<\/p>\n<p>Der\u00a0<strong>komplette Modularit\u00e4t der Struktur<\/strong>, neben der hohen M\u00f6glichkeit der Anpassung, vielf\u00e4ltigen Bed\u00fcrfnisse von Raum und architektonischen Bed\u00fcrfnis zu befriedigen erm\u00f6glicht. Sie k\u00f6nnen mehrere Farbe f\u00fcr die Struktur und Gewebe ausw\u00e4hlen. Die eingef\u00fcgte Profile, danke des Kupplung und Aush\u00e4ngen Systems, k\u00f6nnen leicht ge\u00e4ndert werden, ohne die Notwendigkeit f\u00fcr Schrauben oder an der Tragstruktur einzugreifen. Sie k\u00f6nnen diese nach Geschmack von jedem zu vertauschen und kombinieren, so eigene Szenarien zu schaffen.<\/p>\n","protected":false},"excerpt":{"rendered":"<p>Es ist eine originelle\u00a0Verwendung der Licht, die ein regelrechtes Dekorelement bekomme, die VEGA ein einzigartiges Produkt deiner Art zu macht.\u00a0&hellip;<\/p>\n","protected":false},"author":10608,"featured_media":113863,"parent":4998,"menu_order":0,"comment_status":"closed","ping_status":"closed","template":"page-templates\/product.php","meta":{"_acf_changed":false,"footnotes":""},"class_list":["post-5016","page","type-page","status-publish","has-post-thumbnail","hentry"],"acf":[],"yoast_head":"<!-- This site is optimized with the Yoast SEO Premium plugin v20.12 (Yoast SEO v27.3) - https:\/\/yoast.com\/product\/yoast-seo-premium-wordpress\/ -->\n<title>Design Pergola - Gennius Vega | KE Outdoor Design<\/title>\n<meta name=\"description\" content=\"Innovativer Design und Qualit\u00e4t der Materialen: Gennius Vega ist ein Vorreiter der neuen Tendenzen. Entdecken Sie unsere Design Pergolen!\" \/>\n<meta name=\"robots\" content=\"index, follow, max-snippet:-1, max-image-preview:large, max-video-preview:-1\" \/>\n<link rel=\"canonical\" href=\"https:\/\/www.keoutdoordesign.com\/de-de\/pergolen-gennius\/pergola-mit-schragdach\/gennius-vega\/\" \/>\n<meta property=\"og:locale\" content=\"de_DE\" \/>\n<meta property=\"og:type\" content=\"article\" \/>\n<meta property=\"og:title\" content=\"Gennius Vega\" \/>\n<meta property=\"og:description\" content=\"Innovativer Design und Qualit\u00e4t der Materialen: Gennius Vega ist ein Vorreiter der neuen Tendenzen. Entdecken Sie unsere Design Pergolen!\" \/>\n<meta property=\"og:url\" content=\"https:\/\/www.keoutdoordesign.com\/de-de\/pergolen-gennius\/pergola-mit-schragdach\/gennius-vega\/\" \/>\n<meta property=\"og:site_name\" content=\"KE Outdoor Design\" \/>\n<meta property=\"article:publisher\" content=\"https:\/\/www.facebook.com\/keoutdoordesign.us\" \/>\n<meta property=\"article:modified_time\" content=\"2026-01-27T14:56:53+00:00\" \/>\n<meta property=\"og:image\" content=\"https:\/\/www.keoutdoordesign.com\/wp-content\/uploads\/2025\/10\/H6A0471_photo_Rosalia_Filippetti.jpg\" \/>\n\t<meta property=\"og:image:width\" content=\"1920\" \/>\n\t<meta property=\"og:image:height\" content=\"1281\" \/>\n\t<meta property=\"og:image:type\" content=\"image\/jpeg\" \/>\n<meta name=\"twitter:card\" content=\"summary_large_image\" \/>\n<meta name=\"twitter:site\" content=\"@keoutdoordesign\" \/>\n<script type=\"application\/ld+json\" class=\"yoast-schema-graph\">{\"@context\":\"https:\\\/\\\/schema.org\",\"@graph\":[{\"@type\":\"WebPage\",\"@id\":\"https:\\\/\\\/www.keoutdoordesign.com\\\/de-de\\\/pergolen-gennius\\\/pergola-mit-schragdach\\\/gennius-vega\\\/\",\"url\":\"https:\\\/\\\/www.keoutdoordesign.com\\\/de-de\\\/pergolen-gennius\\\/pergola-mit-schragdach\\\/gennius-vega\\\/\",\"name\":\"Design Pergola - Gennius Vega | KE Outdoor Design\",\"isPartOf\":{\"@id\":\"https:\\\/\\\/www.keoutdoordesign.com\\\/it-it\\\/#website\"},\"primaryImageOfPage\":{\"@id\":\"https:\\\/\\\/www.keoutdoordesign.com\\\/de-de\\\/pergolen-gennius\\\/pergola-mit-schragdach\\\/gennius-vega\\\/#primaryimage\"},\"image\":{\"@id\":\"https:\\\/\\\/www.keoutdoordesign.com\\\/de-de\\\/pergolen-gennius\\\/pergola-mit-schragdach\\\/gennius-vega\\\/#primaryimage\"},\"thumbnailUrl\":\"https:\\\/\\\/www.keoutdoordesign.com\\\/wp-content\\\/uploads\\\/2025\\\/10\\\/H6A0471_photo_Rosalia_Filippetti.jpg\",\"datePublished\":\"2019-06-07T12:22:57+00:00\",\"dateModified\":\"2026-01-27T14:56:53+00:00\",\"description\":\"Innovativer Design und Qualit\u00e4t der Materialen: Gennius Vega ist ein Vorreiter der neuen Tendenzen. Entdecken Sie unsere Design Pergolen!\",\"breadcrumb\":{\"@id\":\"https:\\\/\\\/www.keoutdoordesign.com\\\/de-de\\\/pergolen-gennius\\\/pergola-mit-schragdach\\\/gennius-vega\\\/#breadcrumb\"},\"inLanguage\":\"de\",\"potentialAction\":[{\"@type\":\"ReadAction\",\"target\":[\"https:\\\/\\\/www.keoutdoordesign.com\\\/de-de\\\/pergolen-gennius\\\/pergola-mit-schragdach\\\/gennius-vega\\\/\"]}]},{\"@type\":\"ImageObject\",\"inLanguage\":\"de\",\"@id\":\"https:\\\/\\\/www.keoutdoordesign.com\\\/de-de\\\/pergolen-gennius\\\/pergola-mit-schragdach\\\/gennius-vega\\\/#primaryimage\",\"url\":\"https:\\\/\\\/www.keoutdoordesign.com\\\/wp-content\\\/uploads\\\/2025\\\/10\\\/H6A0471_photo_Rosalia_Filippetti.jpg\",\"contentUrl\":\"https:\\\/\\\/www.keoutdoordesign.com\\\/wp-content\\\/uploads\\\/2025\\\/10\\\/H6A0471_photo_Rosalia_Filippetti.jpg\",\"width\":1920,\"height\":1281},{\"@type\":\"BreadcrumbList\",\"@id\":\"https:\\\/\\\/www.keoutdoordesign.com\\\/de-de\\\/pergolen-gennius\\\/pergola-mit-schragdach\\\/gennius-vega\\\/#breadcrumb\",\"itemListElement\":[{\"@type\":\"ListItem\",\"position\":1,\"name\":\"Home\",\"item\":\"https:\\\/\\\/www.keoutdoordesign.com\\\/de-de\\\/\"},{\"@type\":\"ListItem\",\"position\":2,\"name\":\"Pergolen Gennius\",\"item\":\"https:\\\/\\\/www.keoutdoordesign.com\\\/de-de\\\/pergolen-gennius\\\/\"},{\"@type\":\"ListItem\",\"position\":3,\"name\":\"Pergola mit Schr\u00e4gdach\",\"item\":\"https:\\\/\\\/www.keoutdoordesign.com\\\/de-de\\\/pergolen-gennius\\\/pergola-mit-schragdach\\\/\"},{\"@type\":\"ListItem\",\"position\":4,\"name\":\"Gennius Vega\"}]},{\"@type\":\"WebSite\",\"@id\":\"https:\\\/\\\/www.keoutdoordesign.com\\\/it-it\\\/#website\",\"url\":\"https:\\\/\\\/www.keoutdoordesign.com\\\/it-it\\\/\",\"name\":\"KE Outdoor Design\",\"description\":\"Un nuovo sito targato WordPress\",\"publisher\":{\"@id\":\"https:\\\/\\\/www.keoutdoordesign.com\\\/it-it\\\/#organization\"},\"potentialAction\":[{\"@type\":\"SearchAction\",\"target\":{\"@type\":\"EntryPoint\",\"urlTemplate\":\"https:\\\/\\\/www.keoutdoordesign.com\\\/it-it\\\/?s={search_term_string}\"},\"query-input\":{\"@type\":\"PropertyValueSpecification\",\"valueRequired\":true,\"valueName\":\"search_term_string\"}}],\"inLanguage\":\"de\"},{\"@type\":\"Organization\",\"@id\":\"https:\\\/\\\/www.keoutdoordesign.com\\\/it-it\\\/#organization\",\"name\":\"KE Outdoor Design\",\"url\":\"https:\\\/\\\/www.keoutdoordesign.com\\\/it-it\\\/\",\"logo\":{\"@type\":\"ImageObject\",\"inLanguage\":\"de\",\"@id\":\"https:\\\/\\\/www.keoutdoordesign.com\\\/it-it\\\/#\\\/schema\\\/logo\\\/image\\\/\",\"url\":\"https:\\\/\\\/www.keoutdoordesign.com\\\/wp-content\\\/uploads\\\/2020\\\/02\\\/KE-logo-Primary-e1591282842174.jpg\",\"contentUrl\":\"https:\\\/\\\/www.keoutdoordesign.com\\\/wp-content\\\/uploads\\\/2020\\\/02\\\/KE-logo-Primary-e1591282842174.jpg\",\"width\":500,\"height\":396,\"caption\":\"KE Outdoor Design\"},\"image\":{\"@id\":\"https:\\\/\\\/www.keoutdoordesign.com\\\/it-it\\\/#\\\/schema\\\/logo\\\/image\\\/\"},\"sameAs\":[\"https:\\\/\\\/www.facebook.com\\\/keoutdoordesign.us\",\"https:\\\/\\\/x.com\\\/keoutdoordesign\",\"https:\\\/\\\/www.facebook.com\\\/keoutdoordesign\",\"https:\\\/\\\/www.youtube.com\\\/channel\\\/UCSoMQryJpLqD53bAoZLg2Vg\",\"https:\\\/\\\/www.pinterest.it\\\/keoutdoordesign\\\/\",\"https:\\\/\\\/www.instagram.com\\\/keoutdoordesign\\\/\",\"https:\\\/\\\/www.linkedin.com\\\/company\\\/ke-outdoor-design\\\/\"]}]}<\/script>\n<!-- \/ Yoast SEO Premium plugin. -->","yoast_head_json":{"title":"Design Pergola - Gennius Vega | KE Outdoor Design","description":"Innovativer Design und Qualit\u00e4t der Materialen: Gennius Vega ist ein Vorreiter der neuen Tendenzen. Entdecken Sie unsere Design Pergolen!","robots":{"index":"index","follow":"follow","max-snippet":"max-snippet:-1","max-image-preview":"max-image-preview:large","max-video-preview":"max-video-preview:-1"},"canonical":"https:\/\/www.keoutdoordesign.com\/de-de\/pergolen-gennius\/pergola-mit-schragdach\/gennius-vega\/","og_locale":"de_DE","og_type":"article","og_title":"Gennius Vega","og_description":"Innovativer Design und Qualit\u00e4t der Materialen: Gennius Vega ist ein Vorreiter der neuen Tendenzen. Entdecken Sie unsere Design Pergolen!","og_url":"https:\/\/www.keoutdoordesign.com\/de-de\/pergolen-gennius\/pergola-mit-schragdach\/gennius-vega\/","og_site_name":"KE Outdoor Design","article_publisher":"https:\/\/www.facebook.com\/keoutdoordesign.us","article_modified_time":"2026-01-27T14:56:53+00:00","og_image":[{"width":1920,"height":1281,"url":"https:\/\/www.keoutdoordesign.com\/wp-content\/uploads\/2025\/10\/H6A0471_photo_Rosalia_Filippetti.jpg","type":"image\/jpeg"}],"twitter_card":"summary_large_image","twitter_site":"@keoutdoordesign","schema":{"@context":"https:\/\/schema.org","@graph":[{"@type":"WebPage","@id":"https:\/\/www.keoutdoordesign.com\/de-de\/pergolen-gennius\/pergola-mit-schragdach\/gennius-vega\/","url":"https:\/\/www.keoutdoordesign.com\/de-de\/pergolen-gennius\/pergola-mit-schragdach\/gennius-vega\/","name":"Design Pergola - Gennius Vega | KE Outdoor Design","isPartOf":{"@id":"https:\/\/www.keoutdoordesign.com\/it-it\/#website"},"primaryImageOfPage":{"@id":"https:\/\/www.keoutdoordesign.com\/de-de\/pergolen-gennius\/pergola-mit-schragdach\/gennius-vega\/#primaryimage"},"image":{"@id":"https:\/\/www.keoutdoordesign.com\/de-de\/pergolen-gennius\/pergola-mit-schragdach\/gennius-vega\/#primaryimage"},"thumbnailUrl":"https:\/\/www.keoutdoordesign.com\/wp-content\/uploads\/2025\/10\/H6A0471_photo_Rosalia_Filippetti.jpg","datePublished":"2019-06-07T12:22:57+00:00","dateModified":"2026-01-27T14:56:53+00:00","description":"Innovativer Design und Qualit\u00e4t der Materialen: Gennius Vega ist ein Vorreiter der neuen Tendenzen. Entdecken Sie unsere Design Pergolen!","breadcrumb":{"@id":"https:\/\/www.keoutdoordesign.com\/de-de\/pergolen-gennius\/pergola-mit-schragdach\/gennius-vega\/#breadcrumb"},"inLanguage":"de","potentialAction":[{"@type":"ReadAction","target":["https:\/\/www.keoutdoordesign.com\/de-de\/pergolen-gennius\/pergola-mit-schragdach\/gennius-vega\/"]}]},{"@type":"ImageObject","inLanguage":"de","@id":"https:\/\/www.keoutdoordesign.com\/de-de\/pergolen-gennius\/pergola-mit-schragdach\/gennius-vega\/#primaryimage","url":"https:\/\/www.keoutdoordesign.com\/wp-content\/uploads\/2025\/10\/H6A0471_photo_Rosalia_Filippetti.jpg","contentUrl":"https:\/\/www.keoutdoordesign.com\/wp-content\/uploads\/2025\/10\/H6A0471_photo_Rosalia_Filippetti.jpg","width":1920,"height":1281},{"@type":"BreadcrumbList","@id":"https:\/\/www.keoutdoordesign.com\/de-de\/pergolen-gennius\/pergola-mit-schragdach\/gennius-vega\/#breadcrumb","itemListElement":[{"@type":"ListItem","position":1,"name":"Home","item":"https:\/\/www.keoutdoordesign.com\/de-de\/"},{"@type":"ListItem","position":2,"name":"Pergolen Gennius","item":"https:\/\/www.keoutdoordesign.com\/de-de\/pergolen-gennius\/"},{"@type":"ListItem","position":3,"name":"Pergola mit Schr\u00e4gdach","item":"https:\/\/www.keoutdoordesign.com\/de-de\/pergolen-gennius\/pergola-mit-schragdach\/"},{"@type":"ListItem","position":4,"name":"Gennius Vega"}]},{"@type":"WebSite","@id":"https:\/\/www.keoutdoordesign.com\/it-it\/#website","url":"https:\/\/www.keoutdoordesign.com\/it-it\/","name":"KE Outdoor Design","description":"Un nuovo sito targato WordPress","publisher":{"@id":"https:\/\/www.keoutdoordesign.com\/it-it\/#organization"},"potentialAction":[{"@type":"SearchAction","target":{"@type":"EntryPoint","urlTemplate":"https:\/\/www.keoutdoordesign.com\/it-it\/?s={search_term_string}"},"query-input":{"@type":"PropertyValueSpecification","valueRequired":true,"valueName":"search_term_string"}}],"inLanguage":"de"},{"@type":"Organization","@id":"https:\/\/www.keoutdoordesign.com\/it-it\/#organization","name":"KE Outdoor Design","url":"https:\/\/www.keoutdoordesign.com\/it-it\/","logo":{"@type":"ImageObject","inLanguage":"de","@id":"https:\/\/www.keoutdoordesign.com\/it-it\/#\/schema\/logo\/image\/","url":"https:\/\/www.keoutdoordesign.com\/wp-content\/uploads\/2020\/02\/KE-logo-Primary-e1591282842174.jpg","contentUrl":"https:\/\/www.keoutdoordesign.com\/wp-content\/uploads\/2020\/02\/KE-logo-Primary-e1591282842174.jpg","width":500,"height":396,"caption":"KE Outdoor Design"},"image":{"@id":"https:\/\/www.keoutdoordesign.com\/it-it\/#\/schema\/logo\/image\/"},"sameAs":["https:\/\/www.facebook.com\/keoutdoordesign.us","https:\/\/x.com\/keoutdoordesign","https:\/\/www.facebook.com\/keoutdoordesign","https:\/\/www.youtube.com\/channel\/UCSoMQryJpLqD53bAoZLg2Vg","https:\/\/www.pinterest.it\/keoutdoordesign\/","https:\/\/www.instagram.com\/keoutdoordesign\/","https:\/\/www.linkedin.com\/company\/ke-outdoor-design\/"]}]}},"_links":{"self":[{"href":"https:\/\/www.keoutdoordesign.com\/de-de\/wp-json\/wp\/v2\/pages\/5016","targetHints":{"allow":["GET"]}}],"collection":[{"href":"https:\/\/www.keoutdoordesign.com\/de-de\/wp-json\/wp\/v2\/pages"}],"about":[{"href":"https:\/\/www.keoutdoordesign.com\/de-de\/wp-json\/wp\/v2\/types\/page"}],"author":[{"embeddable":true,"href":"https:\/\/www.keoutdoordesign.com\/de-de\/wp-json\/wp\/v2\/users\/10608"}],"replies":[{"embeddable":true,"href":"https:\/\/www.keoutdoordesign.com\/de-de\/wp-json\/wp\/v2\/comments?post=5016"}],"version-history":[{"count":16,"href":"https:\/\/www.keoutdoordesign.com\/de-de\/wp-json\/wp\/v2\/pages\/5016\/revisions"}],"predecessor-version":[{"id":117727,"href":"https:\/\/www.keoutdoordesign.com\/de-de\/wp-json\/wp\/v2\/pages\/5016\/revisions\/117727"}],"up":[{"embeddable":true,"href":"https:\/\/www.keoutdoordesign.com\/de-de\/wp-json\/wp\/v2\/pages\/4998"}],"wp:featuredmedia":[{"embeddable":true,"href":"https:\/\/www.keoutdoordesign.com\/de-de\/wp-json\/wp\/v2\/media\/113863"}],"wp:attachment":[{"href":"https:\/\/www.keoutdoordesign.com\/de-de\/wp-json\/wp\/v2\/media?parent=5016"}],"curies":[{"name":"wp","href":"https:\/\/api.w.org\/{rel}","templated":true}]}}