{"id":5004,"date":"2019-06-07T14:22:16","date_gmt":"2019-06-07T12:22:16","guid":{"rendered":"http:\/\/ke.localhost.it\/?page_id=5004"},"modified":"2023-08-09T14:43:21","modified_gmt":"2023-08-09T12:43:21","slug":"bioklimatische-lamellendaecher","status":"publish","type":"page","link":"https:\/\/www.keoutdoordesign.com\/de-de\/pergolen-gennius\/bioklimatische-lamellendaecher\/","title":{"rendered":"Bioklimatische Lamellend\u00e4cher"},"content":{"rendered":"<p><b>Flie\u00dfender \u00dcbergang zwischen Au\u00dfen- und Innenbereich<\/b><\/p>\n<p>Ein bioklimatisches Lamellendach von KE steht f\u00fcr den harmonischen Dialog von Drau\u00dfen und Drinnen. <strong>Im Einklang mit der Natur<\/strong> konzipiert werden die Sonnenstrahlen durch die anpassbare Neigung der Lamellen ganz nach Ihren W\u00fcnschen gerichtet. Genie\u00dfen Sie Ihren Outdoor-Bereich bei allen Wetterlagen, so erlauben die Lamellen einerseits den Durchzug einer leichten Brise und bieten andererseits optimalen Schutz wenn der Himmel seine Schleusen \u00f6ffnet.<\/p>\n<p>Genie\u00dfen Sie Ihren Au\u00dfenbereich in vollen Z\u00fcgen mit einem unserer <strong>ma\u00dfgeschneiderten bioklimatischen Lamellend\u00e4cher.<\/strong> Das raffinierte Design unserer \u00dcberdachung mit verstellbaren Lamellen <strong>f\u00fcgt sich perfekt in jeden modernen oder klassischen Architekturstil ein<\/strong>. W\u00e4hlen Sie Ihr Wunschdesign mit der Farbe, die genau zu Ihrem Ambiente passt. Sie haben die Wahl zwischen einer freistehenden, einer an der Wand angebrachten Konstruktion oder einer Dachversion, bei der keine St\u00fctzen erforderlich sind. Auf diese Weise bleibt Tageslicht der Hauptdarsteller im Raum.<\/p>\n","protected":false},"excerpt":{"rendered":"<p>Flie\u00dfender \u00dcbergang zwischen Au\u00dfen- und Innenbereich Ein bioklimatisches Lamellendach von KE steht f\u00fcr den harmonischen Dialog von Drau\u00dfen und Drinnen.&hellip;<\/p>\n","protected":false},"author":10608,"featured_media":1745,"parent":4996,"menu_order":0,"comment_status":"closed","ping_status":"closed","template":"page-templates\/category-products.php","meta":{"_acf_changed":false,"footnotes":""},"class_list":["post-5004","page","type-page","status-publish","has-post-thumbnail","hentry"],"acf":[],"yoast_head":"<!-- This site is optimized with the Yoast SEO Premium plugin v20.12 (Yoast SEO v27.0) - https:\/\/yoast.com\/product\/yoast-seo-premium-wordpress\/ -->\n<title>Bioklimatische Pergola mit Lamellendach | KE Outdoor Design<\/title>\n<meta name=\"description\" content=\"Bringen Sie Ihren Au\u00dfenbereich im Einklang mit der Natur dank des zeitlosen Designs unserer bioklimatischen Pergolen. Entdecken Sie unsere Produkte!\" \/>\n<meta name=\"robots\" content=\"index, follow, max-snippet:-1, max-image-preview:large, max-video-preview:-1\" \/>\n<link rel=\"canonical\" href=\"https:\/\/www.keoutdoordesign.com\/de-de\/pergolen-gennius\/bioklimatische-lamellendaecher\/\" \/>\n<meta property=\"og:locale\" content=\"de_DE\" \/>\n<meta property=\"og:type\" content=\"article\" \/>\n<meta property=\"og:title\" content=\"Bioklimatische Lamellend\u00e4cher\" \/>\n<meta property=\"og:description\" content=\"Bringen Sie Ihren Au\u00dfenbereich im Einklang mit der Natur dank des zeitlosen Designs unserer bioklimatischen Pergolen. Entdecken Sie unsere Produkte!\" \/>\n<meta property=\"og:url\" content=\"https:\/\/www.keoutdoordesign.com\/de-de\/pergolen-gennius\/bioklimatische-lamellendaecher\/\" \/>\n<meta property=\"og:site_name\" content=\"KE Outdoor Design\" \/>\n<meta property=\"article:publisher\" content=\"https:\/\/www.facebook.com\/keoutdoordesign.us\" \/>\n<meta property=\"article:modified_time\" content=\"2023-08-09T12:43:21+00:00\" \/>\n<meta property=\"og:image\" content=\"https:\/\/www.keoutdoordesign.com\/wp-content\/uploads\/2019\/04\/Kedry_Prime_Pergola_KE_1.jpg\" \/>\n\t<meta property=\"og:image:width\" content=\"2000\" \/>\n\t<meta property=\"og:image:height\" content=\"1335\" \/>\n\t<meta property=\"og:image:type\" content=\"image\/jpeg\" \/>\n<meta name=\"twitter:card\" content=\"summary_large_image\" \/>\n<meta name=\"twitter:site\" content=\"@keoutdoordesign\" \/>\n<script type=\"application\/ld+json\" class=\"yoast-schema-graph\">{\"@context\":\"https:\/\/schema.org\",\"@graph\":[{\"@type\":\"WebPage\",\"@id\":\"https:\/\/www.keoutdoordesign.com\/de-de\/pergolen-gennius\/bioklimatische-lamellendaecher\/\",\"url\":\"https:\/\/www.keoutdoordesign.com\/de-de\/pergolen-gennius\/bioklimatische-lamellendaecher\/\",\"name\":\"Bioklimatische Pergola mit Lamellendach | KE Outdoor Design\",\"isPartOf\":{\"@id\":\"https:\/\/www.keoutdoordesign.com\/it-it\/#website\"},\"primaryImageOfPage\":{\"@id\":\"https:\/\/www.keoutdoordesign.com\/de-de\/pergolen-gennius\/bioklimatische-lamellendaecher\/#primaryimage\"},\"image\":{\"@id\":\"https:\/\/www.keoutdoordesign.com\/de-de\/pergolen-gennius\/bioklimatische-lamellendaecher\/#primaryimage\"},\"thumbnailUrl\":\"https:\/\/www.keoutdoordesign.com\/wp-content\/uploads\/2019\/04\/Kedry_Prime_Pergola_KE_1.jpg\",\"datePublished\":\"2019-06-07T12:22:16+00:00\",\"dateModified\":\"2023-08-09T12:43:21+00:00\",\"description\":\"Bringen Sie Ihren Au\u00dfenbereich im Einklang mit der Natur dank des zeitlosen Designs unserer bioklimatischen Pergolen. Entdecken Sie unsere Produkte!\",\"breadcrumb\":{\"@id\":\"https:\/\/www.keoutdoordesign.com\/de-de\/pergolen-gennius\/bioklimatische-lamellendaecher\/#breadcrumb\"},\"inLanguage\":\"de\",\"potentialAction\":[{\"@type\":\"ReadAction\",\"target\":[\"https:\/\/www.keoutdoordesign.com\/de-de\/pergolen-gennius\/bioklimatische-lamellendaecher\/\"]}]},{\"@type\":\"ImageObject\",\"inLanguage\":\"de\",\"@id\":\"https:\/\/www.keoutdoordesign.com\/de-de\/pergolen-gennius\/bioklimatische-lamellendaecher\/#primaryimage\",\"url\":\"https:\/\/www.keoutdoordesign.com\/wp-content\/uploads\/2019\/04\/Kedry_Prime_Pergola_KE_1.jpg\",\"contentUrl\":\"https:\/\/www.keoutdoordesign.com\/wp-content\/uploads\/2019\/04\/Kedry_Prime_Pergola_KE_1.jpg\",\"width\":2000,\"height\":1335,\"caption\":\"pergola-bioclimatique-ke-kedry-prime\"},{\"@type\":\"BreadcrumbList\",\"@id\":\"https:\/\/www.keoutdoordesign.com\/de-de\/pergolen-gennius\/bioklimatische-lamellendaecher\/#breadcrumb\",\"itemListElement\":[{\"@type\":\"ListItem\",\"position\":1,\"name\":\"Home\",\"item\":\"https:\/\/www.keoutdoordesign.com\/de-de\/\"},{\"@type\":\"ListItem\",\"position\":2,\"name\":\"Pergolen Gennius\",\"item\":\"https:\/\/www.keoutdoordesign.com\/de-de\/pergolen-gennius\/\"},{\"@type\":\"ListItem\",\"position\":3,\"name\":\"Bioklimatische Lamellend\u00e4cher\"}]},{\"@type\":\"WebSite\",\"@id\":\"https:\/\/www.keoutdoordesign.com\/it-it\/#website\",\"url\":\"https:\/\/www.keoutdoordesign.com\/it-it\/\",\"name\":\"KE Outdoor Design\",\"description\":\"Un nuovo sito targato WordPress\",\"publisher\":{\"@id\":\"https:\/\/www.keoutdoordesign.com\/it-it\/#organization\"},\"potentialAction\":[{\"@type\":\"SearchAction\",\"target\":{\"@type\":\"EntryPoint\",\"urlTemplate\":\"https:\/\/www.keoutdoordesign.com\/it-it\/?s={search_term_string}\"},\"query-input\":{\"@type\":\"PropertyValueSpecification\",\"valueRequired\":true,\"valueName\":\"search_term_string\"}}],\"inLanguage\":\"de\"},{\"@type\":\"Organization\",\"@id\":\"https:\/\/www.keoutdoordesign.com\/it-it\/#organization\",\"name\":\"KE Outdoor Design\",\"url\":\"https:\/\/www.keoutdoordesign.com\/it-it\/\",\"logo\":{\"@type\":\"ImageObject\",\"inLanguage\":\"de\",\"@id\":\"https:\/\/www.keoutdoordesign.com\/it-it\/#\/schema\/logo\/image\/\",\"url\":\"https:\/\/www.keoutdoordesign.com\/wp-content\/uploads\/2020\/02\/KE-logo-Primary-e1591282842174.jpg\",\"contentUrl\":\"https:\/\/www.keoutdoordesign.com\/wp-content\/uploads\/2020\/02\/KE-logo-Primary-e1591282842174.jpg\",\"width\":500,\"height\":396,\"caption\":\"KE Outdoor Design\"},\"image\":{\"@id\":\"https:\/\/www.keoutdoordesign.com\/it-it\/#\/schema\/logo\/image\/\"},\"sameAs\":[\"https:\/\/www.facebook.com\/keoutdoordesign.us\",\"https:\/\/x.com\/keoutdoordesign\",\"https:\/\/www.facebook.com\/keoutdoordesign\",\"https:\/\/www.youtube.com\/channel\/UCSoMQryJpLqD53bAoZLg2Vg\",\"https:\/\/www.pinterest.it\/keoutdoordesign\/\",\"https:\/\/www.instagram.com\/keoutdoordesign\/\",\"https:\/\/www.linkedin.com\/company\/ke-outdoor-design\/\"]}]}<\/script>\n<!-- \/ Yoast SEO Premium plugin. -->","yoast_head_json":{"title":"Bioklimatische Pergola mit Lamellendach | KE Outdoor Design","description":"Bringen Sie Ihren Au\u00dfenbereich im Einklang mit der Natur dank des zeitlosen Designs unserer bioklimatischen Pergolen. Entdecken Sie unsere Produkte!","robots":{"index":"index","follow":"follow","max-snippet":"max-snippet:-1","max-image-preview":"max-image-preview:large","max-video-preview":"max-video-preview:-1"},"canonical":"https:\/\/www.keoutdoordesign.com\/de-de\/pergolen-gennius\/bioklimatische-lamellendaecher\/","og_locale":"de_DE","og_type":"article","og_title":"Bioklimatische Lamellend\u00e4cher","og_description":"Bringen Sie Ihren Au\u00dfenbereich im Einklang mit der Natur dank des zeitlosen Designs unserer bioklimatischen Pergolen. Entdecken Sie unsere Produkte!","og_url":"https:\/\/www.keoutdoordesign.com\/de-de\/pergolen-gennius\/bioklimatische-lamellendaecher\/","og_site_name":"KE Outdoor Design","article_publisher":"https:\/\/www.facebook.com\/keoutdoordesign.us","article_modified_time":"2023-08-09T12:43:21+00:00","og_image":[{"width":2000,"height":1335,"url":"https:\/\/www.keoutdoordesign.com\/wp-content\/uploads\/2019\/04\/Kedry_Prime_Pergola_KE_1.jpg","type":"image\/jpeg"}],"twitter_card":"summary_large_image","twitter_site":"@keoutdoordesign","schema":{"@context":"https:\/\/schema.org","@graph":[{"@type":"WebPage","@id":"https:\/\/www.keoutdoordesign.com\/de-de\/pergolen-gennius\/bioklimatische-lamellendaecher\/","url":"https:\/\/www.keoutdoordesign.com\/de-de\/pergolen-gennius\/bioklimatische-lamellendaecher\/","name":"Bioklimatische Pergola mit Lamellendach | KE Outdoor Design","isPartOf":{"@id":"https:\/\/www.keoutdoordesign.com\/it-it\/#website"},"primaryImageOfPage":{"@id":"https:\/\/www.keoutdoordesign.com\/de-de\/pergolen-gennius\/bioklimatische-lamellendaecher\/#primaryimage"},"image":{"@id":"https:\/\/www.keoutdoordesign.com\/de-de\/pergolen-gennius\/bioklimatische-lamellendaecher\/#primaryimage"},"thumbnailUrl":"https:\/\/www.keoutdoordesign.com\/wp-content\/uploads\/2019\/04\/Kedry_Prime_Pergola_KE_1.jpg","datePublished":"2019-06-07T12:22:16+00:00","dateModified":"2023-08-09T12:43:21+00:00","description":"Bringen Sie Ihren Au\u00dfenbereich im Einklang mit der Natur dank des zeitlosen Designs unserer bioklimatischen Pergolen. Entdecken Sie unsere Produkte!","breadcrumb":{"@id":"https:\/\/www.keoutdoordesign.com\/de-de\/pergolen-gennius\/bioklimatische-lamellendaecher\/#breadcrumb"},"inLanguage":"de","potentialAction":[{"@type":"ReadAction","target":["https:\/\/www.keoutdoordesign.com\/de-de\/pergolen-gennius\/bioklimatische-lamellendaecher\/"]}]},{"@type":"ImageObject","inLanguage":"de","@id":"https:\/\/www.keoutdoordesign.com\/de-de\/pergolen-gennius\/bioklimatische-lamellendaecher\/#primaryimage","url":"https:\/\/www.keoutdoordesign.com\/wp-content\/uploads\/2019\/04\/Kedry_Prime_Pergola_KE_1.jpg","contentUrl":"https:\/\/www.keoutdoordesign.com\/wp-content\/uploads\/2019\/04\/Kedry_Prime_Pergola_KE_1.jpg","width":2000,"height":1335,"caption":"pergola-bioclimatique-ke-kedry-prime"},{"@type":"BreadcrumbList","@id":"https:\/\/www.keoutdoordesign.com\/de-de\/pergolen-gennius\/bioklimatische-lamellendaecher\/#breadcrumb","itemListElement":[{"@type":"ListItem","position":1,"name":"Home","item":"https:\/\/www.keoutdoordesign.com\/de-de\/"},{"@type":"ListItem","position":2,"name":"Pergolen Gennius","item":"https:\/\/www.keoutdoordesign.com\/de-de\/pergolen-gennius\/"},{"@type":"ListItem","position":3,"name":"Bioklimatische Lamellend\u00e4cher"}]},{"@type":"WebSite","@id":"https:\/\/www.keoutdoordesign.com\/it-it\/#website","url":"https:\/\/www.keoutdoordesign.com\/it-it\/","name":"KE Outdoor Design","description":"Un nuovo sito targato WordPress","publisher":{"@id":"https:\/\/www.keoutdoordesign.com\/it-it\/#organization"},"potentialAction":[{"@type":"SearchAction","target":{"@type":"EntryPoint","urlTemplate":"https:\/\/www.keoutdoordesign.com\/it-it\/?s={search_term_string}"},"query-input":{"@type":"PropertyValueSpecification","valueRequired":true,"valueName":"search_term_string"}}],"inLanguage":"de"},{"@type":"Organization","@id":"https:\/\/www.keoutdoordesign.com\/it-it\/#organization","name":"KE Outdoor Design","url":"https:\/\/www.keoutdoordesign.com\/it-it\/","logo":{"@type":"ImageObject","inLanguage":"de","@id":"https:\/\/www.keoutdoordesign.com\/it-it\/#\/schema\/logo\/image\/","url":"https:\/\/www.keoutdoordesign.com\/wp-content\/uploads\/2020\/02\/KE-logo-Primary-e1591282842174.jpg","contentUrl":"https:\/\/www.keoutdoordesign.com\/wp-content\/uploads\/2020\/02\/KE-logo-Primary-e1591282842174.jpg","width":500,"height":396,"caption":"KE Outdoor Design"},"image":{"@id":"https:\/\/www.keoutdoordesign.com\/it-it\/#\/schema\/logo\/image\/"},"sameAs":["https:\/\/www.facebook.com\/keoutdoordesign.us","https:\/\/x.com\/keoutdoordesign","https:\/\/www.facebook.com\/keoutdoordesign","https:\/\/www.youtube.com\/channel\/UCSoMQryJpLqD53bAoZLg2Vg","https:\/\/www.pinterest.it\/keoutdoordesign\/","https:\/\/www.instagram.com\/keoutdoordesign\/","https:\/\/www.linkedin.com\/company\/ke-outdoor-design\/"]}]}},"_links":{"self":[{"href":"https:\/\/www.keoutdoordesign.com\/de-de\/wp-json\/wp\/v2\/pages\/5004","targetHints":{"allow":["GET"]}}],"collection":[{"href":"https:\/\/www.keoutdoordesign.com\/de-de\/wp-json\/wp\/v2\/pages"}],"about":[{"href":"https:\/\/www.keoutdoordesign.com\/de-de\/wp-json\/wp\/v2\/types\/page"}],"author":[{"embeddable":true,"href":"https:\/\/www.keoutdoordesign.com\/de-de\/wp-json\/wp\/v2\/users\/10608"}],"replies":[{"embeddable":true,"href":"https:\/\/www.keoutdoordesign.com\/de-de\/wp-json\/wp\/v2\/comments?post=5004"}],"version-history":[{"count":9,"href":"https:\/\/www.keoutdoordesign.com\/de-de\/wp-json\/wp\/v2\/pages\/5004\/revisions"}],"predecessor-version":[{"id":49266,"href":"https:\/\/www.keoutdoordesign.com\/de-de\/wp-json\/wp\/v2\/pages\/5004\/revisions\/49266"}],"up":[{"embeddable":true,"href":"https:\/\/www.keoutdoordesign.com\/de-de\/wp-json\/wp\/v2\/pages\/4996"}],"wp:featuredmedia":[{"embeddable":true,"href":"https:\/\/www.keoutdoordesign.com\/de-de\/wp-json\/wp\/v2\/media\/1745"}],"wp:attachment":[{"href":"https:\/\/www.keoutdoordesign.com\/de-de\/wp-json\/wp\/v2\/media?parent=5004"}],"curies":[{"name":"wp","href":"https:\/\/api.w.org\/{rel}","templated":true}]}}