{"id":5002,"date":"2019-06-07T14:21:26","date_gmt":"2019-06-07T12:21:26","guid":{"rendered":"http:\/\/ke.localhost.it\/?page_id=5002"},"modified":"2022-02-03T17:01:30","modified_gmt":"2022-02-03T16:01:30","slug":"pergola-mit-flachdach","status":"publish","type":"page","link":"https:\/\/www.keoutdoordesign.com\/de-de\/pergolen-gennius\/pergola-mit-flachdach\/","title":{"rendered":"Pergola mit Flachdach"},"content":{"rendered":"<p><span style=\"font-weight: 400;\">Das Design der Aluminiumstruktur in Kombination mit dem leichten Stoff macht unsere <\/span><b>Pergola mit Flachdach<\/b><span style=\"font-weight: 400;\"> von KE zu einem einzigartigen Produkt. Die ausfahrbaren Pergolen sind die ideale Wahl, um ein sonniges Fenster nach drau\u00dfen zu schaffen und die Sch\u00f6nheit des Lebens im Freien zu entdecken.<\/span><\/p>\n<p><span style=\"font-weight: 400;\">Der Stoff l\u00e4sst sich so einfach und schnell ausfahren, dass Sie auf jede Witterung reagieren k\u00f6nnen. Genie\u00dfen Sie <\/span><b>Entspannung pur<\/b><span style=\"font-weight: 400;\"> mit Ihrer <\/span><b>Pergola f\u00fcr den Au\u00dfenbereich.<\/b><span style=\"font-weight: 400;\"> Die bewegliche Abdeckung bietet Ihnen maximale Flexibilit\u00e4t der Nutzung und v\u00f6llige Freiheit bei der Installation. Wir fertigen unsere Pergolen aus Aluminium und ganz nach Ihren W\u00fcnschen, damit sich Ihre Pergola harmonisch <\/span><b>in die \u00c4sthetik Ihres Hauses<\/b><span style=\"font-weight: 400;\"> einf\u00fcgt.<\/span><\/p>\n<p><span style=\"font-weight: 400;\">Ob moderne Eleganz oder ein Hauch Romantik mit zarten Vorh\u00e4ngen \u2013 mit unseren Terrassen\u00fcberdachungen gestalten Sie die <\/span><b>Stimmung Ihres Au\u00dfenbereichs<\/b><span style=\"font-weight: 400;\">. Sie haben die Wahl zwischen selbsttragenden Konstruktionen oder Wandmontage und k\u00f6nnen Ihr <\/span><b>Wunschdesign verwirklichen<\/b><span style=\"font-weight: 400;\">. Die komfortable Dachautomatik bedienen Sie ganz einfach per Knopfdruck. <\/span><\/p>\n","protected":false},"excerpt":{"rendered":"<p>Das Design der Aluminiumstruktur in Kombination mit dem leichten Stoff macht unsere Pergola mit Flachdach von KE zu einem einzigartigen&hellip;<\/p>\n","protected":false},"author":10608,"featured_media":15060,"parent":4996,"menu_order":7,"comment_status":"closed","ping_status":"closed","template":"page-templates\/category-products.php","meta":{"_acf_changed":false,"footnotes":""},"class_list":["post-5002","page","type-page","status-publish","has-post-thumbnail","hentry"],"acf":[],"yoast_head":"<!-- This site is optimized with the Yoast SEO Premium plugin v20.12 (Yoast SEO v27.3) - https:\/\/yoast.com\/product\/yoast-seo-premium-wordpress\/ -->\n<title>Pergola mit Flachdach direkt vom Hersteller - KE Outdoor Design<\/title>\n<meta name=\"description\" content=\"Wir stellen Pergolen mit Flachdach f\u00fcr den Au\u00dfenbereich her: die ideale Wahl, um die Sch\u00f6nheit des Lebens im Freien zu entdecken. KE Outdoor Design.\" \/>\n<meta name=\"robots\" content=\"index, follow, max-snippet:-1, max-image-preview:large, max-video-preview:-1\" \/>\n<link rel=\"canonical\" href=\"https:\/\/www.keoutdoordesign.com\/de-de\/pergolen-gennius\/pergola-mit-flachdach\/\" \/>\n<meta property=\"og:locale\" content=\"de_DE\" \/>\n<meta property=\"og:type\" content=\"article\" \/>\n<meta property=\"og:title\" content=\"Pergola mit Flachdach\" \/>\n<meta property=\"og:description\" content=\"Wir stellen Pergolen mit Flachdach f\u00fcr den Au\u00dfenbereich her: die ideale Wahl, um die Sch\u00f6nheit des Lebens im Freien zu entdecken. KE Outdoor Design.\" \/>\n<meta property=\"og:url\" content=\"https:\/\/www.keoutdoordesign.com\/de-de\/pergolen-gennius\/pergola-mit-flachdach\/\" \/>\n<meta property=\"og:site_name\" content=\"KE Outdoor Design\" \/>\n<meta property=\"article:publisher\" content=\"https:\/\/www.facebook.com\/keoutdoordesign.us\" \/>\n<meta property=\"article:modified_time\" content=\"2022-02-03T16:01:30+00:00\" \/>\n<meta property=\"og:image\" content=\"https:\/\/www.keoutdoordesign.com\/wp-content\/uploads\/2019\/09\/KE_Isola-2T-1.jpg\" \/>\n\t<meta property=\"og:image:width\" content=\"1920\" \/>\n\t<meta property=\"og:image:height\" content=\"1500\" \/>\n\t<meta property=\"og:image:type\" content=\"image\/jpeg\" \/>\n<meta name=\"twitter:card\" content=\"summary_large_image\" \/>\n<meta name=\"twitter:site\" content=\"@keoutdoordesign\" \/>\n<script type=\"application\/ld+json\" class=\"yoast-schema-graph\">{\"@context\":\"https:\\\/\\\/schema.org\",\"@graph\":[{\"@type\":\"WebPage\",\"@id\":\"https:\\\/\\\/www.keoutdoordesign.com\\\/de-de\\\/pergolen-gennius\\\/pergola-mit-flachdach\\\/\",\"url\":\"https:\\\/\\\/www.keoutdoordesign.com\\\/de-de\\\/pergolen-gennius\\\/pergola-mit-flachdach\\\/\",\"name\":\"Pergola mit Flachdach direkt vom Hersteller - KE Outdoor Design\",\"isPartOf\":{\"@id\":\"https:\\\/\\\/www.keoutdoordesign.com\\\/it-it\\\/#website\"},\"primaryImageOfPage\":{\"@id\":\"https:\\\/\\\/www.keoutdoordesign.com\\\/de-de\\\/pergolen-gennius\\\/pergola-mit-flachdach\\\/#primaryimage\"},\"image\":{\"@id\":\"https:\\\/\\\/www.keoutdoordesign.com\\\/de-de\\\/pergolen-gennius\\\/pergola-mit-flachdach\\\/#primaryimage\"},\"thumbnailUrl\":\"https:\\\/\\\/www.keoutdoordesign.com\\\/wp-content\\\/uploads\\\/2019\\\/09\\\/KE_Isola-2T-1.jpg\",\"datePublished\":\"2019-06-07T12:21:26+00:00\",\"dateModified\":\"2022-02-03T16:01:30+00:00\",\"description\":\"Wir stellen Pergolen mit Flachdach f\u00fcr den Au\u00dfenbereich her: die ideale Wahl, um die Sch\u00f6nheit des Lebens im Freien zu entdecken. KE Outdoor Design.\",\"breadcrumb\":{\"@id\":\"https:\\\/\\\/www.keoutdoordesign.com\\\/de-de\\\/pergolen-gennius\\\/pergola-mit-flachdach\\\/#breadcrumb\"},\"inLanguage\":\"de\",\"potentialAction\":[{\"@type\":\"ReadAction\",\"target\":[\"https:\\\/\\\/www.keoutdoordesign.com\\\/de-de\\\/pergolen-gennius\\\/pergola-mit-flachdach\\\/\"]}]},{\"@type\":\"ImageObject\",\"inLanguage\":\"de\",\"@id\":\"https:\\\/\\\/www.keoutdoordesign.com\\\/de-de\\\/pergolen-gennius\\\/pergola-mit-flachdach\\\/#primaryimage\",\"url\":\"https:\\\/\\\/www.keoutdoordesign.com\\\/wp-content\\\/uploads\\\/2019\\\/09\\\/KE_Isola-2T-1.jpg\",\"contentUrl\":\"https:\\\/\\\/www.keoutdoordesign.com\\\/wp-content\\\/uploads\\\/2019\\\/09\\\/KE_Isola-2T-1.jpg\",\"width\":1920,\"height\":1500,\"caption\":\"KE_Isola-2T\"},{\"@type\":\"BreadcrumbList\",\"@id\":\"https:\\\/\\\/www.keoutdoordesign.com\\\/de-de\\\/pergolen-gennius\\\/pergola-mit-flachdach\\\/#breadcrumb\",\"itemListElement\":[{\"@type\":\"ListItem\",\"position\":1,\"name\":\"Home\",\"item\":\"https:\\\/\\\/www.keoutdoordesign.com\\\/de-de\\\/\"},{\"@type\":\"ListItem\",\"position\":2,\"name\":\"Pergolen Gennius\",\"item\":\"https:\\\/\\\/www.keoutdoordesign.com\\\/de-de\\\/pergolen-gennius\\\/\"},{\"@type\":\"ListItem\",\"position\":3,\"name\":\"Pergola mit Flachdach\"}]},{\"@type\":\"WebSite\",\"@id\":\"https:\\\/\\\/www.keoutdoordesign.com\\\/it-it\\\/#website\",\"url\":\"https:\\\/\\\/www.keoutdoordesign.com\\\/it-it\\\/\",\"name\":\"KE Outdoor Design\",\"description\":\"Un nuovo sito targato WordPress\",\"publisher\":{\"@id\":\"https:\\\/\\\/www.keoutdoordesign.com\\\/it-it\\\/#organization\"},\"potentialAction\":[{\"@type\":\"SearchAction\",\"target\":{\"@type\":\"EntryPoint\",\"urlTemplate\":\"https:\\\/\\\/www.keoutdoordesign.com\\\/it-it\\\/?s={search_term_string}\"},\"query-input\":{\"@type\":\"PropertyValueSpecification\",\"valueRequired\":true,\"valueName\":\"search_term_string\"}}],\"inLanguage\":\"de\"},{\"@type\":\"Organization\",\"@id\":\"https:\\\/\\\/www.keoutdoordesign.com\\\/it-it\\\/#organization\",\"name\":\"KE Outdoor Design\",\"url\":\"https:\\\/\\\/www.keoutdoordesign.com\\\/it-it\\\/\",\"logo\":{\"@type\":\"ImageObject\",\"inLanguage\":\"de\",\"@id\":\"https:\\\/\\\/www.keoutdoordesign.com\\\/it-it\\\/#\\\/schema\\\/logo\\\/image\\\/\",\"url\":\"https:\\\/\\\/www.keoutdoordesign.com\\\/wp-content\\\/uploads\\\/2020\\\/02\\\/KE-logo-Primary-e1591282842174.jpg\",\"contentUrl\":\"https:\\\/\\\/www.keoutdoordesign.com\\\/wp-content\\\/uploads\\\/2020\\\/02\\\/KE-logo-Primary-e1591282842174.jpg\",\"width\":500,\"height\":396,\"caption\":\"KE Outdoor Design\"},\"image\":{\"@id\":\"https:\\\/\\\/www.keoutdoordesign.com\\\/it-it\\\/#\\\/schema\\\/logo\\\/image\\\/\"},\"sameAs\":[\"https:\\\/\\\/www.facebook.com\\\/keoutdoordesign.us\",\"https:\\\/\\\/x.com\\\/keoutdoordesign\",\"https:\\\/\\\/www.facebook.com\\\/keoutdoordesign\",\"https:\\\/\\\/www.youtube.com\\\/channel\\\/UCSoMQryJpLqD53bAoZLg2Vg\",\"https:\\\/\\\/www.pinterest.it\\\/keoutdoordesign\\\/\",\"https:\\\/\\\/www.instagram.com\\\/keoutdoordesign\\\/\",\"https:\\\/\\\/www.linkedin.com\\\/company\\\/ke-outdoor-design\\\/\"]}]}<\/script>\n<!-- \/ Yoast SEO Premium plugin. -->","yoast_head_json":{"title":"Pergola mit Flachdach direkt vom Hersteller - KE Outdoor Design","description":"Wir stellen Pergolen mit Flachdach f\u00fcr den Au\u00dfenbereich her: die ideale Wahl, um die Sch\u00f6nheit des Lebens im Freien zu entdecken. KE Outdoor Design.","robots":{"index":"index","follow":"follow","max-snippet":"max-snippet:-1","max-image-preview":"max-image-preview:large","max-video-preview":"max-video-preview:-1"},"canonical":"https:\/\/www.keoutdoordesign.com\/de-de\/pergolen-gennius\/pergola-mit-flachdach\/","og_locale":"de_DE","og_type":"article","og_title":"Pergola mit Flachdach","og_description":"Wir stellen Pergolen mit Flachdach f\u00fcr den Au\u00dfenbereich her: die ideale Wahl, um die Sch\u00f6nheit des Lebens im Freien zu entdecken. KE Outdoor Design.","og_url":"https:\/\/www.keoutdoordesign.com\/de-de\/pergolen-gennius\/pergola-mit-flachdach\/","og_site_name":"KE Outdoor Design","article_publisher":"https:\/\/www.facebook.com\/keoutdoordesign.us","article_modified_time":"2022-02-03T16:01:30+00:00","og_image":[{"width":1920,"height":1500,"url":"https:\/\/www.keoutdoordesign.com\/wp-content\/uploads\/2019\/09\/KE_Isola-2T-1.jpg","type":"image\/jpeg"}],"twitter_card":"summary_large_image","twitter_site":"@keoutdoordesign","schema":{"@context":"https:\/\/schema.org","@graph":[{"@type":"WebPage","@id":"https:\/\/www.keoutdoordesign.com\/de-de\/pergolen-gennius\/pergola-mit-flachdach\/","url":"https:\/\/www.keoutdoordesign.com\/de-de\/pergolen-gennius\/pergola-mit-flachdach\/","name":"Pergola mit Flachdach direkt vom Hersteller - KE Outdoor Design","isPartOf":{"@id":"https:\/\/www.keoutdoordesign.com\/it-it\/#website"},"primaryImageOfPage":{"@id":"https:\/\/www.keoutdoordesign.com\/de-de\/pergolen-gennius\/pergola-mit-flachdach\/#primaryimage"},"image":{"@id":"https:\/\/www.keoutdoordesign.com\/de-de\/pergolen-gennius\/pergola-mit-flachdach\/#primaryimage"},"thumbnailUrl":"https:\/\/www.keoutdoordesign.com\/wp-content\/uploads\/2019\/09\/KE_Isola-2T-1.jpg","datePublished":"2019-06-07T12:21:26+00:00","dateModified":"2022-02-03T16:01:30+00:00","description":"Wir stellen Pergolen mit Flachdach f\u00fcr den Au\u00dfenbereich her: die ideale Wahl, um die Sch\u00f6nheit des Lebens im Freien zu entdecken. KE Outdoor Design.","breadcrumb":{"@id":"https:\/\/www.keoutdoordesign.com\/de-de\/pergolen-gennius\/pergola-mit-flachdach\/#breadcrumb"},"inLanguage":"de","potentialAction":[{"@type":"ReadAction","target":["https:\/\/www.keoutdoordesign.com\/de-de\/pergolen-gennius\/pergola-mit-flachdach\/"]}]},{"@type":"ImageObject","inLanguage":"de","@id":"https:\/\/www.keoutdoordesign.com\/de-de\/pergolen-gennius\/pergola-mit-flachdach\/#primaryimage","url":"https:\/\/www.keoutdoordesign.com\/wp-content\/uploads\/2019\/09\/KE_Isola-2T-1.jpg","contentUrl":"https:\/\/www.keoutdoordesign.com\/wp-content\/uploads\/2019\/09\/KE_Isola-2T-1.jpg","width":1920,"height":1500,"caption":"KE_Isola-2T"},{"@type":"BreadcrumbList","@id":"https:\/\/www.keoutdoordesign.com\/de-de\/pergolen-gennius\/pergola-mit-flachdach\/#breadcrumb","itemListElement":[{"@type":"ListItem","position":1,"name":"Home","item":"https:\/\/www.keoutdoordesign.com\/de-de\/"},{"@type":"ListItem","position":2,"name":"Pergolen Gennius","item":"https:\/\/www.keoutdoordesign.com\/de-de\/pergolen-gennius\/"},{"@type":"ListItem","position":3,"name":"Pergola mit Flachdach"}]},{"@type":"WebSite","@id":"https:\/\/www.keoutdoordesign.com\/it-it\/#website","url":"https:\/\/www.keoutdoordesign.com\/it-it\/","name":"KE Outdoor Design","description":"Un nuovo sito targato WordPress","publisher":{"@id":"https:\/\/www.keoutdoordesign.com\/it-it\/#organization"},"potentialAction":[{"@type":"SearchAction","target":{"@type":"EntryPoint","urlTemplate":"https:\/\/www.keoutdoordesign.com\/it-it\/?s={search_term_string}"},"query-input":{"@type":"PropertyValueSpecification","valueRequired":true,"valueName":"search_term_string"}}],"inLanguage":"de"},{"@type":"Organization","@id":"https:\/\/www.keoutdoordesign.com\/it-it\/#organization","name":"KE Outdoor Design","url":"https:\/\/www.keoutdoordesign.com\/it-it\/","logo":{"@type":"ImageObject","inLanguage":"de","@id":"https:\/\/www.keoutdoordesign.com\/it-it\/#\/schema\/logo\/image\/","url":"https:\/\/www.keoutdoordesign.com\/wp-content\/uploads\/2020\/02\/KE-logo-Primary-e1591282842174.jpg","contentUrl":"https:\/\/www.keoutdoordesign.com\/wp-content\/uploads\/2020\/02\/KE-logo-Primary-e1591282842174.jpg","width":500,"height":396,"caption":"KE Outdoor Design"},"image":{"@id":"https:\/\/www.keoutdoordesign.com\/it-it\/#\/schema\/logo\/image\/"},"sameAs":["https:\/\/www.facebook.com\/keoutdoordesign.us","https:\/\/x.com\/keoutdoordesign","https:\/\/www.facebook.com\/keoutdoordesign","https:\/\/www.youtube.com\/channel\/UCSoMQryJpLqD53bAoZLg2Vg","https:\/\/www.pinterest.it\/keoutdoordesign\/","https:\/\/www.instagram.com\/keoutdoordesign\/","https:\/\/www.linkedin.com\/company\/ke-outdoor-design\/"]}]}},"_links":{"self":[{"href":"https:\/\/www.keoutdoordesign.com\/de-de\/wp-json\/wp\/v2\/pages\/5002","targetHints":{"allow":["GET"]}}],"collection":[{"href":"https:\/\/www.keoutdoordesign.com\/de-de\/wp-json\/wp\/v2\/pages"}],"about":[{"href":"https:\/\/www.keoutdoordesign.com\/de-de\/wp-json\/wp\/v2\/types\/page"}],"author":[{"embeddable":true,"href":"https:\/\/www.keoutdoordesign.com\/de-de\/wp-json\/wp\/v2\/users\/10608"}],"replies":[{"embeddable":true,"href":"https:\/\/www.keoutdoordesign.com\/de-de\/wp-json\/wp\/v2\/comments?post=5002"}],"version-history":[{"count":4,"href":"https:\/\/www.keoutdoordesign.com\/de-de\/wp-json\/wp\/v2\/pages\/5002\/revisions"}],"predecessor-version":[{"id":28358,"href":"https:\/\/www.keoutdoordesign.com\/de-de\/wp-json\/wp\/v2\/pages\/5002\/revisions\/28358"}],"up":[{"embeddable":true,"href":"https:\/\/www.keoutdoordesign.com\/de-de\/wp-json\/wp\/v2\/pages\/4996"}],"wp:featuredmedia":[{"embeddable":true,"href":"https:\/\/www.keoutdoordesign.com\/de-de\/wp-json\/wp\/v2\/media\/15060"}],"wp:attachment":[{"href":"https:\/\/www.keoutdoordesign.com\/de-de\/wp-json\/wp\/v2\/media?parent=5002"}],"curies":[{"name":"wp","href":"https:\/\/api.w.org\/{rel}","templated":true}]}}