{"id":4998,"date":"2019-06-07T14:20:49","date_gmt":"2019-06-07T12:20:49","guid":{"rendered":"http:\/\/ke.localhost.it\/?page_id=4998"},"modified":"2022-02-03T17:02:36","modified_gmt":"2022-02-03T16:02:36","slug":"pergola-mit-schragdach","status":"publish","type":"page","link":"https:\/\/www.keoutdoordesign.com\/de-de\/pergolen-gennius\/pergola-mit-schragdach\/","title":{"rendered":"Pergola mit Schr\u00e4gdach"},"content":{"rendered":"<p><span style=\"font-weight: 400;\">Noch nie war der Lifestyle im Freien so einfach: Erleben Sie <\/span><b>Genuss pur<\/b><span style=\"font-weight: 400;\"> in der wohligen W\u00e4rme der Sonnenstrahlen oder erholen sich in der angenehmen K\u00fchle des Schattens. Die <\/span><b>Pergola mit Schr\u00e4gdach<\/b><span style=\"font-weight: 400;\"> l\u00e4sst Ihnen die vollkommene Freiheit, den Lichteinfall nach Ihren pers\u00f6nlichen Bed\u00fcrfnissen zu steuern. Auch bei teilweise ge\u00f6ffneter Abdeckung oder mit einer doppelten Foliierung aus UV-best\u00e4ndigem und regenabweisendem Material sind Sie f\u00fcr jede Witterung gewappnet. Unsere <\/span><b>Pergola ist schr\u00e4g geneigt<\/b><span style=\"font-weight: 400;\"> und l\u00e4sst Wasser einfach abflie\u00dfen. \u00a0<\/span><\/p>\n<p><span style=\"font-weight: 400;\">Dank unterschiedlicher Oberfl\u00e4chen und innovativer Techniken lassen sich KE Schr\u00e4gabdeckungen <\/span><b>in jeden Kontext harmonisch integrieren<\/b><span style=\"font-weight: 400;\">. Ob einseitig an der Wand befestigt oder freistehend \u2013 zaubern Sie mit einer <\/span><b>Pergola mit Schr\u00e4gdach<\/b><span style=\"font-weight: 400;\"> Wohlf\u00fchloasen aus Ihren Terrassen oder G\u00e4rten.<\/span><\/p>\n<p><span style=\"font-weight: 400;\">Lassen Sie sich vom edlen Design unserer Aluminium-Pergolen verzaubern. Mit dem Modell Vega sind Sie vor Wind, Regen und Sonne gesch\u00fctzt, doch nicht nur das: Unsere optional einbaubaren Lichtprofile f\u00fcr die Tragarme sorgen auch nachts f\u00fcr <\/span><b>stimmungsvolle Momente<\/b><span style=\"font-weight: 400;\">.<\/span><\/p>\n","protected":false},"excerpt":{"rendered":"<p>Noch nie war der Lifestyle im Freien so einfach: Erleben Sie Genuss pur in der wohligen W\u00e4rme der Sonnenstrahlen oder&hellip;<\/p>\n","protected":false},"author":10608,"featured_media":15338,"parent":4996,"menu_order":15,"comment_status":"closed","ping_status":"closed","template":"page-templates\/category-products.php","meta":{"_acf_changed":false,"footnotes":""},"class_list":["post-4998","page","type-page","status-publish","has-post-thumbnail","hentry"],"acf":[],"yoast_head":"<!-- This site is optimized with the Yoast SEO Premium plugin v20.12 (Yoast SEO v27.3) - https:\/\/yoast.com\/product\/yoast-seo-premium-wordpress\/ -->\n<title>Pergola mit Schr\u00e4gdach direkt vom Hersteller - KE Outdoor Design<\/title>\n<meta name=\"description\" content=\"Pergolen mit Schr\u00e4gdach, am Haus befestigt oder freistehend im Garten, zaubern perfekte Wohlf\u00fchloasen. Ma\u00dfgeschneiderte Kreationen vom Hersteller KE.\" \/>\n<meta name=\"robots\" content=\"index, follow, max-snippet:-1, max-image-preview:large, max-video-preview:-1\" \/>\n<link rel=\"canonical\" href=\"https:\/\/www.keoutdoordesign.com\/de-de\/pergolen-gennius\/pergola-mit-schragdach\/\" \/>\n<meta property=\"og:locale\" content=\"de_DE\" \/>\n<meta property=\"og:type\" content=\"article\" \/>\n<meta property=\"og:title\" content=\"Pergola mit Schr\u00e4gdach\" \/>\n<meta property=\"og:description\" content=\"Pergolen mit Schr\u00e4gdach, am Haus befestigt oder freistehend im Garten, zaubern perfekte Wohlf\u00fchloasen. Ma\u00dfgeschneiderte Kreationen vom Hersteller KE.\" \/>\n<meta property=\"og:url\" content=\"https:\/\/www.keoutdoordesign.com\/de-de\/pergolen-gennius\/pergola-mit-schragdach\/\" \/>\n<meta property=\"og:site_name\" content=\"KE Outdoor Design\" \/>\n<meta property=\"article:publisher\" content=\"https:\/\/www.facebook.com\/keoutdoordesign.us\" \/>\n<meta property=\"article:modified_time\" content=\"2022-02-03T16:02:36+00:00\" \/>\n<meta property=\"og:image\" content=\"https:\/\/www.keoutdoordesign.com\/wp-content\/uploads\/2019\/09\/Vega.jpg\" \/>\n\t<meta property=\"og:image:width\" content=\"2048\" \/>\n\t<meta property=\"og:image:height\" content=\"1080\" \/>\n\t<meta property=\"og:image:type\" content=\"image\/jpeg\" \/>\n<meta name=\"twitter:card\" content=\"summary_large_image\" \/>\n<meta name=\"twitter:site\" content=\"@keoutdoordesign\" \/>\n<script type=\"application\/ld+json\" class=\"yoast-schema-graph\">{\"@context\":\"https:\\\/\\\/schema.org\",\"@graph\":[{\"@type\":\"WebPage\",\"@id\":\"https:\\\/\\\/www.keoutdoordesign.com\\\/de-de\\\/pergolen-gennius\\\/pergola-mit-schragdach\\\/\",\"url\":\"https:\\\/\\\/www.keoutdoordesign.com\\\/de-de\\\/pergolen-gennius\\\/pergola-mit-schragdach\\\/\",\"name\":\"Pergola mit Schr\u00e4gdach direkt vom Hersteller - KE Outdoor Design\",\"isPartOf\":{\"@id\":\"https:\\\/\\\/www.keoutdoordesign.com\\\/it-it\\\/#website\"},\"primaryImageOfPage\":{\"@id\":\"https:\\\/\\\/www.keoutdoordesign.com\\\/de-de\\\/pergolen-gennius\\\/pergola-mit-schragdach\\\/#primaryimage\"},\"image\":{\"@id\":\"https:\\\/\\\/www.keoutdoordesign.com\\\/de-de\\\/pergolen-gennius\\\/pergola-mit-schragdach\\\/#primaryimage\"},\"thumbnailUrl\":\"https:\\\/\\\/www.keoutdoordesign.com\\\/wp-content\\\/uploads\\\/2019\\\/09\\\/Vega.jpg\",\"datePublished\":\"2019-06-07T12:20:49+00:00\",\"dateModified\":\"2022-02-03T16:02:36+00:00\",\"description\":\"Pergolen mit Schr\u00e4gdach, am Haus befestigt oder freistehend im Garten, zaubern perfekte Wohlf\u00fchloasen. Ma\u00dfgeschneiderte Kreationen vom Hersteller KE.\",\"breadcrumb\":{\"@id\":\"https:\\\/\\\/www.keoutdoordesign.com\\\/de-de\\\/pergolen-gennius\\\/pergola-mit-schragdach\\\/#breadcrumb\"},\"inLanguage\":\"de\",\"potentialAction\":[{\"@type\":\"ReadAction\",\"target\":[\"https:\\\/\\\/www.keoutdoordesign.com\\\/de-de\\\/pergolen-gennius\\\/pergola-mit-schragdach\\\/\"]}]},{\"@type\":\"ImageObject\",\"inLanguage\":\"de\",\"@id\":\"https:\\\/\\\/www.keoutdoordesign.com\\\/de-de\\\/pergolen-gennius\\\/pergola-mit-schragdach\\\/#primaryimage\",\"url\":\"https:\\\/\\\/www.keoutdoordesign.com\\\/wp-content\\\/uploads\\\/2019\\\/09\\\/Vega.jpg\",\"contentUrl\":\"https:\\\/\\\/www.keoutdoordesign.com\\\/wp-content\\\/uploads\\\/2019\\\/09\\\/Vega.jpg\",\"width\":2048,\"height\":1080,\"caption\":\"aluminium-pergolas-with-retractable-roof-gennius-vega-ke-us-outdoor-design\"},{\"@type\":\"BreadcrumbList\",\"@id\":\"https:\\\/\\\/www.keoutdoordesign.com\\\/de-de\\\/pergolen-gennius\\\/pergola-mit-schragdach\\\/#breadcrumb\",\"itemListElement\":[{\"@type\":\"ListItem\",\"position\":1,\"name\":\"Home\",\"item\":\"https:\\\/\\\/www.keoutdoordesign.com\\\/de-de\\\/\"},{\"@type\":\"ListItem\",\"position\":2,\"name\":\"Pergolen Gennius\",\"item\":\"https:\\\/\\\/www.keoutdoordesign.com\\\/de-de\\\/pergolen-gennius\\\/\"},{\"@type\":\"ListItem\",\"position\":3,\"name\":\"Pergola mit Schr\u00e4gdach\"}]},{\"@type\":\"WebSite\",\"@id\":\"https:\\\/\\\/www.keoutdoordesign.com\\\/it-it\\\/#website\",\"url\":\"https:\\\/\\\/www.keoutdoordesign.com\\\/it-it\\\/\",\"name\":\"KE Outdoor Design\",\"description\":\"Un nuovo sito targato WordPress\",\"publisher\":{\"@id\":\"https:\\\/\\\/www.keoutdoordesign.com\\\/it-it\\\/#organization\"},\"potentialAction\":[{\"@type\":\"SearchAction\",\"target\":{\"@type\":\"EntryPoint\",\"urlTemplate\":\"https:\\\/\\\/www.keoutdoordesign.com\\\/it-it\\\/?s={search_term_string}\"},\"query-input\":{\"@type\":\"PropertyValueSpecification\",\"valueRequired\":true,\"valueName\":\"search_term_string\"}}],\"inLanguage\":\"de\"},{\"@type\":\"Organization\",\"@id\":\"https:\\\/\\\/www.keoutdoordesign.com\\\/it-it\\\/#organization\",\"name\":\"KE Outdoor Design\",\"url\":\"https:\\\/\\\/www.keoutdoordesign.com\\\/it-it\\\/\",\"logo\":{\"@type\":\"ImageObject\",\"inLanguage\":\"de\",\"@id\":\"https:\\\/\\\/www.keoutdoordesign.com\\\/it-it\\\/#\\\/schema\\\/logo\\\/image\\\/\",\"url\":\"https:\\\/\\\/www.keoutdoordesign.com\\\/wp-content\\\/uploads\\\/2020\\\/02\\\/KE-logo-Primary-e1591282842174.jpg\",\"contentUrl\":\"https:\\\/\\\/www.keoutdoordesign.com\\\/wp-content\\\/uploads\\\/2020\\\/02\\\/KE-logo-Primary-e1591282842174.jpg\",\"width\":500,\"height\":396,\"caption\":\"KE Outdoor Design\"},\"image\":{\"@id\":\"https:\\\/\\\/www.keoutdoordesign.com\\\/it-it\\\/#\\\/schema\\\/logo\\\/image\\\/\"},\"sameAs\":[\"https:\\\/\\\/www.facebook.com\\\/keoutdoordesign.us\",\"https:\\\/\\\/x.com\\\/keoutdoordesign\",\"https:\\\/\\\/www.facebook.com\\\/keoutdoordesign\",\"https:\\\/\\\/www.youtube.com\\\/channel\\\/UCSoMQryJpLqD53bAoZLg2Vg\",\"https:\\\/\\\/www.pinterest.it\\\/keoutdoordesign\\\/\",\"https:\\\/\\\/www.instagram.com\\\/keoutdoordesign\\\/\",\"https:\\\/\\\/www.linkedin.com\\\/company\\\/ke-outdoor-design\\\/\"]}]}<\/script>\n<!-- \/ Yoast SEO Premium plugin. -->","yoast_head_json":{"title":"Pergola mit Schr\u00e4gdach direkt vom Hersteller - KE Outdoor Design","description":"Pergolen mit Schr\u00e4gdach, am Haus befestigt oder freistehend im Garten, zaubern perfekte Wohlf\u00fchloasen. Ma\u00dfgeschneiderte Kreationen vom Hersteller KE.","robots":{"index":"index","follow":"follow","max-snippet":"max-snippet:-1","max-image-preview":"max-image-preview:large","max-video-preview":"max-video-preview:-1"},"canonical":"https:\/\/www.keoutdoordesign.com\/de-de\/pergolen-gennius\/pergola-mit-schragdach\/","og_locale":"de_DE","og_type":"article","og_title":"Pergola mit Schr\u00e4gdach","og_description":"Pergolen mit Schr\u00e4gdach, am Haus befestigt oder freistehend im Garten, zaubern perfekte Wohlf\u00fchloasen. Ma\u00dfgeschneiderte Kreationen vom Hersteller KE.","og_url":"https:\/\/www.keoutdoordesign.com\/de-de\/pergolen-gennius\/pergola-mit-schragdach\/","og_site_name":"KE Outdoor Design","article_publisher":"https:\/\/www.facebook.com\/keoutdoordesign.us","article_modified_time":"2022-02-03T16:02:36+00:00","og_image":[{"width":2048,"height":1080,"url":"https:\/\/www.keoutdoordesign.com\/wp-content\/uploads\/2019\/09\/Vega.jpg","type":"image\/jpeg"}],"twitter_card":"summary_large_image","twitter_site":"@keoutdoordesign","schema":{"@context":"https:\/\/schema.org","@graph":[{"@type":"WebPage","@id":"https:\/\/www.keoutdoordesign.com\/de-de\/pergolen-gennius\/pergola-mit-schragdach\/","url":"https:\/\/www.keoutdoordesign.com\/de-de\/pergolen-gennius\/pergola-mit-schragdach\/","name":"Pergola mit Schr\u00e4gdach direkt vom Hersteller - KE Outdoor Design","isPartOf":{"@id":"https:\/\/www.keoutdoordesign.com\/it-it\/#website"},"primaryImageOfPage":{"@id":"https:\/\/www.keoutdoordesign.com\/de-de\/pergolen-gennius\/pergola-mit-schragdach\/#primaryimage"},"image":{"@id":"https:\/\/www.keoutdoordesign.com\/de-de\/pergolen-gennius\/pergola-mit-schragdach\/#primaryimage"},"thumbnailUrl":"https:\/\/www.keoutdoordesign.com\/wp-content\/uploads\/2019\/09\/Vega.jpg","datePublished":"2019-06-07T12:20:49+00:00","dateModified":"2022-02-03T16:02:36+00:00","description":"Pergolen mit Schr\u00e4gdach, am Haus befestigt oder freistehend im Garten, zaubern perfekte Wohlf\u00fchloasen. Ma\u00dfgeschneiderte Kreationen vom Hersteller KE.","breadcrumb":{"@id":"https:\/\/www.keoutdoordesign.com\/de-de\/pergolen-gennius\/pergola-mit-schragdach\/#breadcrumb"},"inLanguage":"de","potentialAction":[{"@type":"ReadAction","target":["https:\/\/www.keoutdoordesign.com\/de-de\/pergolen-gennius\/pergola-mit-schragdach\/"]}]},{"@type":"ImageObject","inLanguage":"de","@id":"https:\/\/www.keoutdoordesign.com\/de-de\/pergolen-gennius\/pergola-mit-schragdach\/#primaryimage","url":"https:\/\/www.keoutdoordesign.com\/wp-content\/uploads\/2019\/09\/Vega.jpg","contentUrl":"https:\/\/www.keoutdoordesign.com\/wp-content\/uploads\/2019\/09\/Vega.jpg","width":2048,"height":1080,"caption":"aluminium-pergolas-with-retractable-roof-gennius-vega-ke-us-outdoor-design"},{"@type":"BreadcrumbList","@id":"https:\/\/www.keoutdoordesign.com\/de-de\/pergolen-gennius\/pergola-mit-schragdach\/#breadcrumb","itemListElement":[{"@type":"ListItem","position":1,"name":"Home","item":"https:\/\/www.keoutdoordesign.com\/de-de\/"},{"@type":"ListItem","position":2,"name":"Pergolen Gennius","item":"https:\/\/www.keoutdoordesign.com\/de-de\/pergolen-gennius\/"},{"@type":"ListItem","position":3,"name":"Pergola mit Schr\u00e4gdach"}]},{"@type":"WebSite","@id":"https:\/\/www.keoutdoordesign.com\/it-it\/#website","url":"https:\/\/www.keoutdoordesign.com\/it-it\/","name":"KE Outdoor Design","description":"Un nuovo sito targato WordPress","publisher":{"@id":"https:\/\/www.keoutdoordesign.com\/it-it\/#organization"},"potentialAction":[{"@type":"SearchAction","target":{"@type":"EntryPoint","urlTemplate":"https:\/\/www.keoutdoordesign.com\/it-it\/?s={search_term_string}"},"query-input":{"@type":"PropertyValueSpecification","valueRequired":true,"valueName":"search_term_string"}}],"inLanguage":"de"},{"@type":"Organization","@id":"https:\/\/www.keoutdoordesign.com\/it-it\/#organization","name":"KE Outdoor Design","url":"https:\/\/www.keoutdoordesign.com\/it-it\/","logo":{"@type":"ImageObject","inLanguage":"de","@id":"https:\/\/www.keoutdoordesign.com\/it-it\/#\/schema\/logo\/image\/","url":"https:\/\/www.keoutdoordesign.com\/wp-content\/uploads\/2020\/02\/KE-logo-Primary-e1591282842174.jpg","contentUrl":"https:\/\/www.keoutdoordesign.com\/wp-content\/uploads\/2020\/02\/KE-logo-Primary-e1591282842174.jpg","width":500,"height":396,"caption":"KE Outdoor Design"},"image":{"@id":"https:\/\/www.keoutdoordesign.com\/it-it\/#\/schema\/logo\/image\/"},"sameAs":["https:\/\/www.facebook.com\/keoutdoordesign.us","https:\/\/x.com\/keoutdoordesign","https:\/\/www.facebook.com\/keoutdoordesign","https:\/\/www.youtube.com\/channel\/UCSoMQryJpLqD53bAoZLg2Vg","https:\/\/www.pinterest.it\/keoutdoordesign\/","https:\/\/www.instagram.com\/keoutdoordesign\/","https:\/\/www.linkedin.com\/company\/ke-outdoor-design\/"]}]}},"_links":{"self":[{"href":"https:\/\/www.keoutdoordesign.com\/de-de\/wp-json\/wp\/v2\/pages\/4998","targetHints":{"allow":["GET"]}}],"collection":[{"href":"https:\/\/www.keoutdoordesign.com\/de-de\/wp-json\/wp\/v2\/pages"}],"about":[{"href":"https:\/\/www.keoutdoordesign.com\/de-de\/wp-json\/wp\/v2\/types\/page"}],"author":[{"embeddable":true,"href":"https:\/\/www.keoutdoordesign.com\/de-de\/wp-json\/wp\/v2\/users\/10608"}],"replies":[{"embeddable":true,"href":"https:\/\/www.keoutdoordesign.com\/de-de\/wp-json\/wp\/v2\/comments?post=4998"}],"version-history":[{"count":4,"href":"https:\/\/www.keoutdoordesign.com\/de-de\/wp-json\/wp\/v2\/pages\/4998\/revisions"}],"predecessor-version":[{"id":28359,"href":"https:\/\/www.keoutdoordesign.com\/de-de\/wp-json\/wp\/v2\/pages\/4998\/revisions\/28359"}],"up":[{"embeddable":true,"href":"https:\/\/www.keoutdoordesign.com\/de-de\/wp-json\/wp\/v2\/pages\/4996"}],"wp:featuredmedia":[{"embeddable":true,"href":"https:\/\/www.keoutdoordesign.com\/de-de\/wp-json\/wp\/v2\/media\/15338"}],"wp:attachment":[{"href":"https:\/\/www.keoutdoordesign.com\/de-de\/wp-json\/wp\/v2\/media?parent=4998"}],"curies":[{"name":"wp","href":"https:\/\/api.w.org\/{rel}","templated":true}]}}