{"id":49677,"date":"2022-05-12T16:47:33","date_gmt":"2022-05-12T14:47:33","guid":{"rendered":"https:\/\/www.keoutdoordesign.com\/homepage\/sunlight\/"},"modified":"2025-12-09T17:26:40","modified_gmt":"2025-12-09T16:26:40","slug":"sunlight","status":"publish","type":"page","link":"https:\/\/www.keoutdoordesign.com\/de-de\/glassroom\/sunlight\/","title":{"rendered":"Sunlight"},"content":{"rendered":"<p><strong>Pergola mit Glasabdeckung<\/strong><\/p>\n<p>Sunlight ist so konzipiert, dass es auch bei ung\u00fcnstigen Witterungsbedingungen gut funktioniert: Winddichtigkeit und Schutz bei Regen dank eines integrierten frontalen Wasserabflusssystems. Es ist auch in der Lage, die Belastbarkeit bei Schnee zu gew\u00e4hrleisten. Das Sonnenlicht wird zu einem Element der Au\u00dfeneinrichtung und l\u00e4sst Sie auch im Winter die Natur erleben.<\/p>\n<p>Dank eines Systems von dimmbaren LED-Leisten, die in die Deckenbalken integriert sind, kann das Produkt von innen beleuchtet werden, so dass es zu jeder Tageszeit genutzt werden kann.<\/p>\n<p>SUNLIGHT kann mit einem Ober- und Unterdach-Sonnenschutzsystem mit Beschattungsfunktion erg\u00e4nzt werden. Beim Modell ROOF TENS ist das aufgerollte Gewebe vollst\u00e4ndig von einem neu entwickelten technischen Geh\u00e4use umschlossen, das seine minimalistische \u00c4sthetik unterstreicht.<\/p>\n","protected":false},"excerpt":{"rendered":"<p>Pergola mit Glasabdeckung Sunlight ist so konzipiert, dass es auch bei ung\u00fcnstigen Witterungsbedingungen gut funktioniert: Winddichtigkeit und Schutz bei Regen&hellip;<\/p>\n","protected":false},"author":10608,"featured_media":49171,"parent":49155,"menu_order":0,"comment_status":"closed","ping_status":"closed","template":"page-templates\/product.php","meta":{"_acf_changed":false,"footnotes":""},"class_list":["post-49677","page","type-page","status-publish","has-post-thumbnail","hentry"],"acf":[],"yoast_head":"<!-- This site is optimized with the Yoast SEO Premium plugin v20.12 (Yoast SEO v27.3) - https:\/\/yoast.com\/product\/yoast-seo-premium-wordpress\/ -->\n<title>Glassroom - Glasterrassendach - Sunlight | KE Outdoor Design<\/title>\n<meta name=\"description\" content=\"Unser Glassroom hebt die Grenzen zwischen drinnen und drau\u00dfen auf: es ist ein Raum im Freien. Entdecken Sie jetzt unsere Glasterrassend\u00e4cher!\" \/>\n<meta name=\"robots\" content=\"index, follow, max-snippet:-1, max-image-preview:large, max-video-preview:-1\" \/>\n<link rel=\"canonical\" href=\"https:\/\/www.keoutdoordesign.com\/de-de\/glassroom\/sunlight\/\" \/>\n<meta property=\"og:locale\" content=\"de_DE\" \/>\n<meta property=\"og:type\" content=\"article\" \/>\n<meta property=\"og:title\" content=\"Sunlight\" \/>\n<meta property=\"og:description\" content=\"Unser Glassroom hebt die Grenzen zwischen drinnen und drau\u00dfen auf: es ist ein Raum im Freien. Entdecken Sie jetzt unsere Glasterrassend\u00e4cher!\" \/>\n<meta property=\"og:url\" content=\"https:\/\/www.keoutdoordesign.com\/de-de\/glassroom\/sunlight\/\" \/>\n<meta property=\"og:site_name\" content=\"KE Outdoor Design\" \/>\n<meta property=\"article:publisher\" content=\"https:\/\/www.facebook.com\/keoutdoordesign.us\" \/>\n<meta property=\"article:modified_time\" content=\"2025-12-09T16:26:40+00:00\" \/>\n<meta property=\"og:image\" content=\"https:\/\/www.keoutdoordesign.com\/wp-content\/uploads\/2022\/05\/SUNLIGHT-03_SING-AUTO.jpg\" \/>\n\t<meta property=\"og:image:width\" content=\"2000\" \/>\n\t<meta property=\"og:image:height\" content=\"1414\" \/>\n\t<meta property=\"og:image:type\" content=\"image\/jpeg\" \/>\n<meta name=\"twitter:card\" content=\"summary_large_image\" \/>\n<meta name=\"twitter:site\" content=\"@keoutdoordesign\" \/>\n<script type=\"application\/ld+json\" class=\"yoast-schema-graph\">{\"@context\":\"https:\\\/\\\/schema.org\",\"@graph\":[{\"@type\":\"WebPage\",\"@id\":\"https:\\\/\\\/www.keoutdoordesign.com\\\/de-de\\\/glassroom\\\/sunlight\\\/\",\"url\":\"https:\\\/\\\/www.keoutdoordesign.com\\\/de-de\\\/glassroom\\\/sunlight\\\/\",\"name\":\"Glassroom - Glasterrassendach - Sunlight | KE Outdoor Design\",\"isPartOf\":{\"@id\":\"https:\\\/\\\/www.keoutdoordesign.com\\\/it-it\\\/#website\"},\"primaryImageOfPage\":{\"@id\":\"https:\\\/\\\/www.keoutdoordesign.com\\\/de-de\\\/glassroom\\\/sunlight\\\/#primaryimage\"},\"image\":{\"@id\":\"https:\\\/\\\/www.keoutdoordesign.com\\\/de-de\\\/glassroom\\\/sunlight\\\/#primaryimage\"},\"thumbnailUrl\":\"https:\\\/\\\/www.keoutdoordesign.com\\\/wp-content\\\/uploads\\\/2022\\\/05\\\/SUNLIGHT-03_SING-AUTO.jpg\",\"datePublished\":\"2022-05-12T14:47:33+00:00\",\"dateModified\":\"2025-12-09T16:26:40+00:00\",\"description\":\"Unser Glassroom hebt die Grenzen zwischen drinnen und drau\u00dfen auf: es ist ein Raum im Freien. Entdecken Sie jetzt unsere Glasterrassend\u00e4cher!\",\"breadcrumb\":{\"@id\":\"https:\\\/\\\/www.keoutdoordesign.com\\\/de-de\\\/glassroom\\\/sunlight\\\/#breadcrumb\"},\"inLanguage\":\"de\",\"potentialAction\":[{\"@type\":\"ReadAction\",\"target\":[\"https:\\\/\\\/www.keoutdoordesign.com\\\/de-de\\\/glassroom\\\/sunlight\\\/\"]}]},{\"@type\":\"ImageObject\",\"inLanguage\":\"de\",\"@id\":\"https:\\\/\\\/www.keoutdoordesign.com\\\/de-de\\\/glassroom\\\/sunlight\\\/#primaryimage\",\"url\":\"https:\\\/\\\/www.keoutdoordesign.com\\\/wp-content\\\/uploads\\\/2022\\\/05\\\/SUNLIGHT-03_SING-AUTO.jpg\",\"contentUrl\":\"https:\\\/\\\/www.keoutdoordesign.com\\\/wp-content\\\/uploads\\\/2022\\\/05\\\/SUNLIGHT-03_SING-AUTO.jpg\",\"width\":2000,\"height\":1414},{\"@type\":\"BreadcrumbList\",\"@id\":\"https:\\\/\\\/www.keoutdoordesign.com\\\/de-de\\\/glassroom\\\/sunlight\\\/#breadcrumb\",\"itemListElement\":[{\"@type\":\"ListItem\",\"position\":1,\"name\":\"Home\",\"item\":\"https:\\\/\\\/www.keoutdoordesign.com\\\/de-de\\\/\"},{\"@type\":\"ListItem\",\"position\":2,\"name\":\"Glassroom\",\"item\":\"https:\\\/\\\/www.keoutdoordesign.com\\\/de-de\\\/glassroom\\\/\"},{\"@type\":\"ListItem\",\"position\":3,\"name\":\"Sunlight\"}]},{\"@type\":\"WebSite\",\"@id\":\"https:\\\/\\\/www.keoutdoordesign.com\\\/it-it\\\/#website\",\"url\":\"https:\\\/\\\/www.keoutdoordesign.com\\\/it-it\\\/\",\"name\":\"KE Outdoor Design\",\"description\":\"Un nuovo sito targato WordPress\",\"publisher\":{\"@id\":\"https:\\\/\\\/www.keoutdoordesign.com\\\/it-it\\\/#organization\"},\"potentialAction\":[{\"@type\":\"SearchAction\",\"target\":{\"@type\":\"EntryPoint\",\"urlTemplate\":\"https:\\\/\\\/www.keoutdoordesign.com\\\/it-it\\\/?s={search_term_string}\"},\"query-input\":{\"@type\":\"PropertyValueSpecification\",\"valueRequired\":true,\"valueName\":\"search_term_string\"}}],\"inLanguage\":\"de\"},{\"@type\":\"Organization\",\"@id\":\"https:\\\/\\\/www.keoutdoordesign.com\\\/it-it\\\/#organization\",\"name\":\"KE Outdoor Design\",\"url\":\"https:\\\/\\\/www.keoutdoordesign.com\\\/it-it\\\/\",\"logo\":{\"@type\":\"ImageObject\",\"inLanguage\":\"de\",\"@id\":\"https:\\\/\\\/www.keoutdoordesign.com\\\/it-it\\\/#\\\/schema\\\/logo\\\/image\\\/\",\"url\":\"https:\\\/\\\/www.keoutdoordesign.com\\\/wp-content\\\/uploads\\\/2020\\\/02\\\/KE-logo-Primary-e1591282842174.jpg\",\"contentUrl\":\"https:\\\/\\\/www.keoutdoordesign.com\\\/wp-content\\\/uploads\\\/2020\\\/02\\\/KE-logo-Primary-e1591282842174.jpg\",\"width\":500,\"height\":396,\"caption\":\"KE Outdoor Design\"},\"image\":{\"@id\":\"https:\\\/\\\/www.keoutdoordesign.com\\\/it-it\\\/#\\\/schema\\\/logo\\\/image\\\/\"},\"sameAs\":[\"https:\\\/\\\/www.facebook.com\\\/keoutdoordesign.us\",\"https:\\\/\\\/x.com\\\/keoutdoordesign\",\"https:\\\/\\\/www.facebook.com\\\/keoutdoordesign\",\"https:\\\/\\\/www.youtube.com\\\/channel\\\/UCSoMQryJpLqD53bAoZLg2Vg\",\"https:\\\/\\\/www.pinterest.it\\\/keoutdoordesign\\\/\",\"https:\\\/\\\/www.instagram.com\\\/keoutdoordesign\\\/\",\"https:\\\/\\\/www.linkedin.com\\\/company\\\/ke-outdoor-design\\\/\"]}]}<\/script>\n<!-- \/ Yoast SEO Premium plugin. -->","yoast_head_json":{"title":"Glassroom - Glasterrassendach - Sunlight | KE Outdoor Design","description":"Unser Glassroom hebt die Grenzen zwischen drinnen und drau\u00dfen auf: es ist ein Raum im Freien. Entdecken Sie jetzt unsere Glasterrassend\u00e4cher!","robots":{"index":"index","follow":"follow","max-snippet":"max-snippet:-1","max-image-preview":"max-image-preview:large","max-video-preview":"max-video-preview:-1"},"canonical":"https:\/\/www.keoutdoordesign.com\/de-de\/glassroom\/sunlight\/","og_locale":"de_DE","og_type":"article","og_title":"Sunlight","og_description":"Unser Glassroom hebt die Grenzen zwischen drinnen und drau\u00dfen auf: es ist ein Raum im Freien. Entdecken Sie jetzt unsere Glasterrassend\u00e4cher!","og_url":"https:\/\/www.keoutdoordesign.com\/de-de\/glassroom\/sunlight\/","og_site_name":"KE Outdoor Design","article_publisher":"https:\/\/www.facebook.com\/keoutdoordesign.us","article_modified_time":"2025-12-09T16:26:40+00:00","og_image":[{"width":2000,"height":1414,"url":"https:\/\/www.keoutdoordesign.com\/wp-content\/uploads\/2022\/05\/SUNLIGHT-03_SING-AUTO.jpg","type":"image\/jpeg"}],"twitter_card":"summary_large_image","twitter_site":"@keoutdoordesign","schema":{"@context":"https:\/\/schema.org","@graph":[{"@type":"WebPage","@id":"https:\/\/www.keoutdoordesign.com\/de-de\/glassroom\/sunlight\/","url":"https:\/\/www.keoutdoordesign.com\/de-de\/glassroom\/sunlight\/","name":"Glassroom - Glasterrassendach - Sunlight | KE Outdoor Design","isPartOf":{"@id":"https:\/\/www.keoutdoordesign.com\/it-it\/#website"},"primaryImageOfPage":{"@id":"https:\/\/www.keoutdoordesign.com\/de-de\/glassroom\/sunlight\/#primaryimage"},"image":{"@id":"https:\/\/www.keoutdoordesign.com\/de-de\/glassroom\/sunlight\/#primaryimage"},"thumbnailUrl":"https:\/\/www.keoutdoordesign.com\/wp-content\/uploads\/2022\/05\/SUNLIGHT-03_SING-AUTO.jpg","datePublished":"2022-05-12T14:47:33+00:00","dateModified":"2025-12-09T16:26:40+00:00","description":"Unser Glassroom hebt die Grenzen zwischen drinnen und drau\u00dfen auf: es ist ein Raum im Freien. Entdecken Sie jetzt unsere Glasterrassend\u00e4cher!","breadcrumb":{"@id":"https:\/\/www.keoutdoordesign.com\/de-de\/glassroom\/sunlight\/#breadcrumb"},"inLanguage":"de","potentialAction":[{"@type":"ReadAction","target":["https:\/\/www.keoutdoordesign.com\/de-de\/glassroom\/sunlight\/"]}]},{"@type":"ImageObject","inLanguage":"de","@id":"https:\/\/www.keoutdoordesign.com\/de-de\/glassroom\/sunlight\/#primaryimage","url":"https:\/\/www.keoutdoordesign.com\/wp-content\/uploads\/2022\/05\/SUNLIGHT-03_SING-AUTO.jpg","contentUrl":"https:\/\/www.keoutdoordesign.com\/wp-content\/uploads\/2022\/05\/SUNLIGHT-03_SING-AUTO.jpg","width":2000,"height":1414},{"@type":"BreadcrumbList","@id":"https:\/\/www.keoutdoordesign.com\/de-de\/glassroom\/sunlight\/#breadcrumb","itemListElement":[{"@type":"ListItem","position":1,"name":"Home","item":"https:\/\/www.keoutdoordesign.com\/de-de\/"},{"@type":"ListItem","position":2,"name":"Glassroom","item":"https:\/\/www.keoutdoordesign.com\/de-de\/glassroom\/"},{"@type":"ListItem","position":3,"name":"Sunlight"}]},{"@type":"WebSite","@id":"https:\/\/www.keoutdoordesign.com\/it-it\/#website","url":"https:\/\/www.keoutdoordesign.com\/it-it\/","name":"KE Outdoor Design","description":"Un nuovo sito targato WordPress","publisher":{"@id":"https:\/\/www.keoutdoordesign.com\/it-it\/#organization"},"potentialAction":[{"@type":"SearchAction","target":{"@type":"EntryPoint","urlTemplate":"https:\/\/www.keoutdoordesign.com\/it-it\/?s={search_term_string}"},"query-input":{"@type":"PropertyValueSpecification","valueRequired":true,"valueName":"search_term_string"}}],"inLanguage":"de"},{"@type":"Organization","@id":"https:\/\/www.keoutdoordesign.com\/it-it\/#organization","name":"KE Outdoor Design","url":"https:\/\/www.keoutdoordesign.com\/it-it\/","logo":{"@type":"ImageObject","inLanguage":"de","@id":"https:\/\/www.keoutdoordesign.com\/it-it\/#\/schema\/logo\/image\/","url":"https:\/\/www.keoutdoordesign.com\/wp-content\/uploads\/2020\/02\/KE-logo-Primary-e1591282842174.jpg","contentUrl":"https:\/\/www.keoutdoordesign.com\/wp-content\/uploads\/2020\/02\/KE-logo-Primary-e1591282842174.jpg","width":500,"height":396,"caption":"KE Outdoor Design"},"image":{"@id":"https:\/\/www.keoutdoordesign.com\/it-it\/#\/schema\/logo\/image\/"},"sameAs":["https:\/\/www.facebook.com\/keoutdoordesign.us","https:\/\/x.com\/keoutdoordesign","https:\/\/www.facebook.com\/keoutdoordesign","https:\/\/www.youtube.com\/channel\/UCSoMQryJpLqD53bAoZLg2Vg","https:\/\/www.pinterest.it\/keoutdoordesign\/","https:\/\/www.instagram.com\/keoutdoordesign\/","https:\/\/www.linkedin.com\/company\/ke-outdoor-design\/"]}]}},"_links":{"self":[{"href":"https:\/\/www.keoutdoordesign.com\/de-de\/wp-json\/wp\/v2\/pages\/49677","targetHints":{"allow":["GET"]}}],"collection":[{"href":"https:\/\/www.keoutdoordesign.com\/de-de\/wp-json\/wp\/v2\/pages"}],"about":[{"href":"https:\/\/www.keoutdoordesign.com\/de-de\/wp-json\/wp\/v2\/types\/page"}],"author":[{"embeddable":true,"href":"https:\/\/www.keoutdoordesign.com\/de-de\/wp-json\/wp\/v2\/users\/10608"}],"replies":[{"embeddable":true,"href":"https:\/\/www.keoutdoordesign.com\/de-de\/wp-json\/wp\/v2\/comments?post=49677"}],"version-history":[{"count":18,"href":"https:\/\/www.keoutdoordesign.com\/de-de\/wp-json\/wp\/v2\/pages\/49677\/revisions"}],"predecessor-version":[{"id":116811,"href":"https:\/\/www.keoutdoordesign.com\/de-de\/wp-json\/wp\/v2\/pages\/49677\/revisions\/116811"}],"up":[{"embeddable":true,"href":"https:\/\/www.keoutdoordesign.com\/de-de\/wp-json\/wp\/v2\/pages\/49155"}],"wp:featuredmedia":[{"embeddable":true,"href":"https:\/\/www.keoutdoordesign.com\/de-de\/wp-json\/wp\/v2\/media\/49171"}],"wp:attachment":[{"href":"https:\/\/www.keoutdoordesign.com\/de-de\/wp-json\/wp\/v2\/media?parent=49677"}],"curies":[{"name":"wp","href":"https:\/\/api.w.org\/{rel}","templated":true}]}}