{"id":49155,"date":"2022-06-06T11:32:12","date_gmt":"2022-06-06T09:32:12","guid":{"rendered":"https:\/\/www.keoutdoordesign.com\/?page_id=49155"},"modified":"2023-08-07T17:09:37","modified_gmt":"2023-08-07T15:09:37","slug":"glassroom","status":"publish","type":"page","link":"https:\/\/www.keoutdoordesign.com\/de-de\/glassroom\/","title":{"rendered":"Glassroom"},"content":{"rendered":"<p>Erleben Sie Ihre Umgebung neu, in einem Dialog zwischen Innen- und Au\u00dfenbereich, ein Raum, mit dem Himmel als Decke und der Natur als Kontur.<\/p>\n<p>Ein neuer Platz, der die \u00fcbliche Gestaltung des Raums erweitert, um den Au\u00dfenbereich bewohnbar zu machen und die Grenzen zwischen drinnen und drau\u00dfen aufzuheben.<\/p>\n<p>Ein erweiterter 360-Grad-Blick in die freie Natur. Die Natur wird so zu einem Spektakel, das zu allen Jahreszeiten betrachtet und erlebt werden kann, eingetaucht in die W\u00e4rme und Tageslicht, dem absoluten Protagonisten dieses Raums des Komforts.<\/p>\n","protected":false},"excerpt":{"rendered":"<p>Erleben Sie Ihre Umgebung neu, in einem Dialog zwischen Innen- und Au\u00dfenbereich, ein Raum, mit dem Himmel als Decke und&hellip;<\/p>\n","protected":false},"author":10608,"featured_media":49177,"parent":0,"menu_order":45,"comment_status":"closed","ping_status":"closed","template":"page-templates\/category-products.php","meta":{"_acf_changed":false,"footnotes":""},"class_list":["post-49155","page","type-page","status-publish","has-post-thumbnail","hentry"],"acf":[],"yoast_head":"<!-- This site is optimized with the Yoast SEO Premium plugin v20.12 (Yoast SEO v27.3) - https:\/\/yoast.com\/product\/yoast-seo-premium-wordpress\/ -->\n<title>Glasdach-Pergolen | KE Outdoor Design<\/title>\n<meta name=\"description\" content=\"Alle unserer Pergolen k\u00f6nnen individuell gestaltet werden. Schauen Sie sich unser gesamtes Sortiment an Pergolamarkisen f\u00fcr Terrassen und Au\u00dfenbereiche an!\" \/>\n<meta name=\"robots\" content=\"index, follow, max-snippet:-1, max-image-preview:large, max-video-preview:-1\" \/>\n<link rel=\"canonical\" href=\"https:\/\/www.keoutdoordesign.com\/de-de\/glassroom\/\" \/>\n<meta property=\"og:locale\" content=\"de_DE\" \/>\n<meta property=\"og:type\" content=\"article\" \/>\n<meta property=\"og:title\" content=\"Glassroom\" \/>\n<meta property=\"og:description\" content=\"Alle unserer Pergolen k\u00f6nnen individuell gestaltet werden. Schauen Sie sich unser gesamtes Sortiment an Pergolamarkisen f\u00fcr Terrassen und Au\u00dfenbereiche an!\" \/>\n<meta property=\"og:url\" content=\"https:\/\/www.keoutdoordesign.com\/de-de\/glassroom\/\" \/>\n<meta property=\"og:site_name\" content=\"KE Outdoor Design\" \/>\n<meta property=\"article:publisher\" content=\"https:\/\/www.facebook.com\/keoutdoordesign.us\" \/>\n<meta property=\"article:modified_time\" content=\"2023-08-07T15:09:37+00:00\" \/>\n<meta property=\"og:image\" content=\"https:\/\/www.keoutdoordesign.com\/wp-content\/uploads\/2022\/05\/SUNLIGHT-03_SING-AUTO_PAR.jpg\" \/>\n\t<meta property=\"og:image:width\" content=\"2000\" \/>\n\t<meta property=\"og:image:height\" content=\"1414\" \/>\n\t<meta property=\"og:image:type\" content=\"image\/jpeg\" \/>\n<meta name=\"twitter:card\" content=\"summary_large_image\" \/>\n<meta name=\"twitter:site\" content=\"@keoutdoordesign\" \/>\n<script type=\"application\/ld+json\" class=\"yoast-schema-graph\">{\"@context\":\"https:\\\/\\\/schema.org\",\"@graph\":[{\"@type\":\"WebPage\",\"@id\":\"https:\\\/\\\/www.keoutdoordesign.com\\\/de-de\\\/glassroom\\\/\",\"url\":\"https:\\\/\\\/www.keoutdoordesign.com\\\/de-de\\\/glassroom\\\/\",\"name\":\"Glasdach-Pergolen | KE Outdoor Design\",\"isPartOf\":{\"@id\":\"https:\\\/\\\/www.keoutdoordesign.com\\\/it-it\\\/#website\"},\"primaryImageOfPage\":{\"@id\":\"https:\\\/\\\/www.keoutdoordesign.com\\\/de-de\\\/glassroom\\\/#primaryimage\"},\"image\":{\"@id\":\"https:\\\/\\\/www.keoutdoordesign.com\\\/de-de\\\/glassroom\\\/#primaryimage\"},\"thumbnailUrl\":\"https:\\\/\\\/www.keoutdoordesign.com\\\/wp-content\\\/uploads\\\/2022\\\/05\\\/SUNLIGHT-03_SING-AUTO_PAR.jpg\",\"datePublished\":\"2022-06-06T09:32:12+00:00\",\"dateModified\":\"2023-08-07T15:09:37+00:00\",\"description\":\"Alle unserer Pergolen k\u00f6nnen individuell gestaltet werden. Schauen Sie sich unser gesamtes Sortiment an Pergolamarkisen f\u00fcr Terrassen und Au\u00dfenbereiche an!\",\"breadcrumb\":{\"@id\":\"https:\\\/\\\/www.keoutdoordesign.com\\\/de-de\\\/glassroom\\\/#breadcrumb\"},\"inLanguage\":\"de\",\"potentialAction\":[{\"@type\":\"ReadAction\",\"target\":[\"https:\\\/\\\/www.keoutdoordesign.com\\\/de-de\\\/glassroom\\\/\"]}]},{\"@type\":\"ImageObject\",\"inLanguage\":\"de\",\"@id\":\"https:\\\/\\\/www.keoutdoordesign.com\\\/de-de\\\/glassroom\\\/#primaryimage\",\"url\":\"https:\\\/\\\/www.keoutdoordesign.com\\\/wp-content\\\/uploads\\\/2022\\\/05\\\/SUNLIGHT-03_SING-AUTO_PAR.jpg\",\"contentUrl\":\"https:\\\/\\\/www.keoutdoordesign.com\\\/wp-content\\\/uploads\\\/2022\\\/05\\\/SUNLIGHT-03_SING-AUTO_PAR.jpg\",\"width\":2000,\"height\":1414,\"caption\":\"pergole in vetro KE\"},{\"@type\":\"BreadcrumbList\",\"@id\":\"https:\\\/\\\/www.keoutdoordesign.com\\\/de-de\\\/glassroom\\\/#breadcrumb\",\"itemListElement\":[{\"@type\":\"ListItem\",\"position\":1,\"name\":\"Home\",\"item\":\"https:\\\/\\\/www.keoutdoordesign.com\\\/de-de\\\/\"},{\"@type\":\"ListItem\",\"position\":2,\"name\":\"Glassroom\"}]},{\"@type\":\"WebSite\",\"@id\":\"https:\\\/\\\/www.keoutdoordesign.com\\\/it-it\\\/#website\",\"url\":\"https:\\\/\\\/www.keoutdoordesign.com\\\/it-it\\\/\",\"name\":\"KE Outdoor Design\",\"description\":\"Un nuovo sito targato WordPress\",\"publisher\":{\"@id\":\"https:\\\/\\\/www.keoutdoordesign.com\\\/it-it\\\/#organization\"},\"potentialAction\":[{\"@type\":\"SearchAction\",\"target\":{\"@type\":\"EntryPoint\",\"urlTemplate\":\"https:\\\/\\\/www.keoutdoordesign.com\\\/it-it\\\/?s={search_term_string}\"},\"query-input\":{\"@type\":\"PropertyValueSpecification\",\"valueRequired\":true,\"valueName\":\"search_term_string\"}}],\"inLanguage\":\"de\"},{\"@type\":\"Organization\",\"@id\":\"https:\\\/\\\/www.keoutdoordesign.com\\\/it-it\\\/#organization\",\"name\":\"KE Outdoor Design\",\"url\":\"https:\\\/\\\/www.keoutdoordesign.com\\\/it-it\\\/\",\"logo\":{\"@type\":\"ImageObject\",\"inLanguage\":\"de\",\"@id\":\"https:\\\/\\\/www.keoutdoordesign.com\\\/it-it\\\/#\\\/schema\\\/logo\\\/image\\\/\",\"url\":\"https:\\\/\\\/www.keoutdoordesign.com\\\/wp-content\\\/uploads\\\/2020\\\/02\\\/KE-logo-Primary-e1591282842174.jpg\",\"contentUrl\":\"https:\\\/\\\/www.keoutdoordesign.com\\\/wp-content\\\/uploads\\\/2020\\\/02\\\/KE-logo-Primary-e1591282842174.jpg\",\"width\":500,\"height\":396,\"caption\":\"KE Outdoor Design\"},\"image\":{\"@id\":\"https:\\\/\\\/www.keoutdoordesign.com\\\/it-it\\\/#\\\/schema\\\/logo\\\/image\\\/\"},\"sameAs\":[\"https:\\\/\\\/www.facebook.com\\\/keoutdoordesign.us\",\"https:\\\/\\\/x.com\\\/keoutdoordesign\",\"https:\\\/\\\/www.facebook.com\\\/keoutdoordesign\",\"https:\\\/\\\/www.youtube.com\\\/channel\\\/UCSoMQryJpLqD53bAoZLg2Vg\",\"https:\\\/\\\/www.pinterest.it\\\/keoutdoordesign\\\/\",\"https:\\\/\\\/www.instagram.com\\\/keoutdoordesign\\\/\",\"https:\\\/\\\/www.linkedin.com\\\/company\\\/ke-outdoor-design\\\/\"]}]}<\/script>\n<!-- \/ Yoast SEO Premium plugin. -->","yoast_head_json":{"title":"Glasdach-Pergolen | KE Outdoor Design","description":"Alle unserer Pergolen k\u00f6nnen individuell gestaltet werden. Schauen Sie sich unser gesamtes Sortiment an Pergolamarkisen f\u00fcr Terrassen und Au\u00dfenbereiche an!","robots":{"index":"index","follow":"follow","max-snippet":"max-snippet:-1","max-image-preview":"max-image-preview:large","max-video-preview":"max-video-preview:-1"},"canonical":"https:\/\/www.keoutdoordesign.com\/de-de\/glassroom\/","og_locale":"de_DE","og_type":"article","og_title":"Glassroom","og_description":"Alle unserer Pergolen k\u00f6nnen individuell gestaltet werden. Schauen Sie sich unser gesamtes Sortiment an Pergolamarkisen f\u00fcr Terrassen und Au\u00dfenbereiche an!","og_url":"https:\/\/www.keoutdoordesign.com\/de-de\/glassroom\/","og_site_name":"KE Outdoor Design","article_publisher":"https:\/\/www.facebook.com\/keoutdoordesign.us","article_modified_time":"2023-08-07T15:09:37+00:00","og_image":[{"width":2000,"height":1414,"url":"https:\/\/www.keoutdoordesign.com\/wp-content\/uploads\/2022\/05\/SUNLIGHT-03_SING-AUTO_PAR.jpg","type":"image\/jpeg"}],"twitter_card":"summary_large_image","twitter_site":"@keoutdoordesign","schema":{"@context":"https:\/\/schema.org","@graph":[{"@type":"WebPage","@id":"https:\/\/www.keoutdoordesign.com\/de-de\/glassroom\/","url":"https:\/\/www.keoutdoordesign.com\/de-de\/glassroom\/","name":"Glasdach-Pergolen | KE Outdoor Design","isPartOf":{"@id":"https:\/\/www.keoutdoordesign.com\/it-it\/#website"},"primaryImageOfPage":{"@id":"https:\/\/www.keoutdoordesign.com\/de-de\/glassroom\/#primaryimage"},"image":{"@id":"https:\/\/www.keoutdoordesign.com\/de-de\/glassroom\/#primaryimage"},"thumbnailUrl":"https:\/\/www.keoutdoordesign.com\/wp-content\/uploads\/2022\/05\/SUNLIGHT-03_SING-AUTO_PAR.jpg","datePublished":"2022-06-06T09:32:12+00:00","dateModified":"2023-08-07T15:09:37+00:00","description":"Alle unserer Pergolen k\u00f6nnen individuell gestaltet werden. Schauen Sie sich unser gesamtes Sortiment an Pergolamarkisen f\u00fcr Terrassen und Au\u00dfenbereiche an!","breadcrumb":{"@id":"https:\/\/www.keoutdoordesign.com\/de-de\/glassroom\/#breadcrumb"},"inLanguage":"de","potentialAction":[{"@type":"ReadAction","target":["https:\/\/www.keoutdoordesign.com\/de-de\/glassroom\/"]}]},{"@type":"ImageObject","inLanguage":"de","@id":"https:\/\/www.keoutdoordesign.com\/de-de\/glassroom\/#primaryimage","url":"https:\/\/www.keoutdoordesign.com\/wp-content\/uploads\/2022\/05\/SUNLIGHT-03_SING-AUTO_PAR.jpg","contentUrl":"https:\/\/www.keoutdoordesign.com\/wp-content\/uploads\/2022\/05\/SUNLIGHT-03_SING-AUTO_PAR.jpg","width":2000,"height":1414,"caption":"pergole in vetro KE"},{"@type":"BreadcrumbList","@id":"https:\/\/www.keoutdoordesign.com\/de-de\/glassroom\/#breadcrumb","itemListElement":[{"@type":"ListItem","position":1,"name":"Home","item":"https:\/\/www.keoutdoordesign.com\/de-de\/"},{"@type":"ListItem","position":2,"name":"Glassroom"}]},{"@type":"WebSite","@id":"https:\/\/www.keoutdoordesign.com\/it-it\/#website","url":"https:\/\/www.keoutdoordesign.com\/it-it\/","name":"KE Outdoor Design","description":"Un nuovo sito targato WordPress","publisher":{"@id":"https:\/\/www.keoutdoordesign.com\/it-it\/#organization"},"potentialAction":[{"@type":"SearchAction","target":{"@type":"EntryPoint","urlTemplate":"https:\/\/www.keoutdoordesign.com\/it-it\/?s={search_term_string}"},"query-input":{"@type":"PropertyValueSpecification","valueRequired":true,"valueName":"search_term_string"}}],"inLanguage":"de"},{"@type":"Organization","@id":"https:\/\/www.keoutdoordesign.com\/it-it\/#organization","name":"KE Outdoor Design","url":"https:\/\/www.keoutdoordesign.com\/it-it\/","logo":{"@type":"ImageObject","inLanguage":"de","@id":"https:\/\/www.keoutdoordesign.com\/it-it\/#\/schema\/logo\/image\/","url":"https:\/\/www.keoutdoordesign.com\/wp-content\/uploads\/2020\/02\/KE-logo-Primary-e1591282842174.jpg","contentUrl":"https:\/\/www.keoutdoordesign.com\/wp-content\/uploads\/2020\/02\/KE-logo-Primary-e1591282842174.jpg","width":500,"height":396,"caption":"KE Outdoor Design"},"image":{"@id":"https:\/\/www.keoutdoordesign.com\/it-it\/#\/schema\/logo\/image\/"},"sameAs":["https:\/\/www.facebook.com\/keoutdoordesign.us","https:\/\/x.com\/keoutdoordesign","https:\/\/www.facebook.com\/keoutdoordesign","https:\/\/www.youtube.com\/channel\/UCSoMQryJpLqD53bAoZLg2Vg","https:\/\/www.pinterest.it\/keoutdoordesign\/","https:\/\/www.instagram.com\/keoutdoordesign\/","https:\/\/www.linkedin.com\/company\/ke-outdoor-design\/"]}]}},"_links":{"self":[{"href":"https:\/\/www.keoutdoordesign.com\/de-de\/wp-json\/wp\/v2\/pages\/49155","targetHints":{"allow":["GET"]}}],"collection":[{"href":"https:\/\/www.keoutdoordesign.com\/de-de\/wp-json\/wp\/v2\/pages"}],"about":[{"href":"https:\/\/www.keoutdoordesign.com\/de-de\/wp-json\/wp\/v2\/types\/page"}],"author":[{"embeddable":true,"href":"https:\/\/www.keoutdoordesign.com\/de-de\/wp-json\/wp\/v2\/users\/10608"}],"replies":[{"embeddable":true,"href":"https:\/\/www.keoutdoordesign.com\/de-de\/wp-json\/wp\/v2\/comments?post=49155"}],"version-history":[{"count":4,"href":"https:\/\/www.keoutdoordesign.com\/de-de\/wp-json\/wp\/v2\/pages\/49155\/revisions"}],"predecessor-version":[{"id":53258,"href":"https:\/\/www.keoutdoordesign.com\/de-de\/wp-json\/wp\/v2\/pages\/49155\/revisions\/53258"}],"wp:featuredmedia":[{"embeddable":true,"href":"https:\/\/www.keoutdoordesign.com\/de-de\/wp-json\/wp\/v2\/media\/49177"}],"wp:attachment":[{"href":"https:\/\/www.keoutdoordesign.com\/de-de\/wp-json\/wp\/v2\/media?parent=49155"}],"curies":[{"name":"wp","href":"https:\/\/api.w.org\/{rel}","templated":true}]}}