{"id":3845,"date":"2019-05-30T11:19:47","date_gmt":"2019-05-30T09:19:47","guid":{"rendered":"http:\/\/ke.localhost.it\/?page_id=3845"},"modified":"2025-06-10T15:47:17","modified_gmt":"2025-06-10T13:47:17","slug":"wer-wir-sind","status":"publish","type":"page","link":"https:\/\/www.keoutdoordesign.com\/de-de\/unternehmen\/wer-wir-sind\/","title":{"rendered":"Wer wir sind"},"content":{"rendered":"<p>Heute ein Teil der FrontYard Group, ist <strong>KE<\/strong> ein f\u00fchrender Designer und Hersteller von f\u00fcr den Au\u00dfenbereich und von Sonnenschutzsystemen. Eine wichtige Entwicklung f\u00fcr eine internationale Gruppe, die nun drei stark wiedererkennbare Realit\u00e4ten unter einer Identit\u00e4t vereint:<strong><a href=\"https:\/\/www.batgroup.com\/\"> BAT<\/a>, KE und <a href=\"https:\/\/www.giuliobarbieri.it\/de\/\">Giulio Barbieri<\/a><\/strong>. Drei unterschiedliche, aber sich erg\u00e4nzende Marken, die durch eine gemeinsame Vision und ein gemeinsames Erbe an Innovation, Qualit\u00e4t und Design vereint sind.<\/p>\n<p>Unser Know-how ist eng mit Made in Italy verbunden, nicht nur als geografische Bezeichnung, sondern als Ausdruck einer echten Herstellungsphilosophie: Handwerkskunst, kontinuierliche Forschung und technisches und \u00e4sthetisches Experimentieren. Alle KE-Produkte werden in Italien konzipiert, entworfen und hergestellt, um zuverl\u00e4ssige, langlebige und stilvolle L\u00f6sungen zu bieten.<\/p>\n<p>Mit Leidenschaft produzieren wir Bioklimasysteme, Sonnensegel, Gelenkarmmarkisen, Kassettenmarkisen, Fallmarkisen, Vord\u00e4cher und Spezialsysteme f\u00fcr ma\u00dfangefertigte \u00dcberdachungen. Unsere Systeme eignen sich sowohl f\u00fcr private R\u00e4ume als auch f\u00fcr gewerbliche Einrichtungen wie Bars, Restaurants, Hotels und Gesch\u00e4fte <strong>in mehr als 70 L\u00e4ndern weltweit<\/strong>.<\/p>\n<p>Als KE wenden wir uns an Designer, Architekten, Fenster- und T\u00fcrenhersteller, Polsterer und Outdoor-Profis mit originellen und langlebigen Vorschl\u00e4gen, die auch den komplexesten Anforderungen gerecht werden.<\/p>\n<p>In einem sich st\u00e4ndig wandelnden Markt zeichnen wir uns durch unsere F\u00e4higkeit aus, Trends zu antizipieren und vielseitige, funktionale und \u00e4sthetische Antworten anzubieten. Unser Angebot ist breit gef\u00e4chert und modular, um jeden Au\u00dfenbereich optimal zu gestalten und zu seiner zeitgem\u00e4\u00dfen Renovierung beizutragen.<\/p>\n","protected":false},"excerpt":{"rendered":"<p>Heute ein Teil der FrontYard Group, ist KE ein f\u00fchrender Designer und Hersteller von f\u00fcr den Au\u00dfenbereich und von Sonnenschutzsystemen.&hellip;<\/p>\n","protected":false},"author":10608,"featured_media":0,"parent":3835,"menu_order":34,"comment_status":"closed","ping_status":"closed","template":"","meta":{"_acf_changed":false,"footnotes":""},"class_list":["post-3845","page","type-page","status-publish","hentry"],"acf":[],"yoast_head":"<!-- This site is optimized with the Yoast SEO Premium plugin v20.12 (Yoast SEO v27.4) - https:\/\/yoast.com\/product\/yoast-seo-premium-wordpress\/ -->\n<title>Wer wir sind -<\/title>\n<meta name=\"description\" content=\"KE ist Teil der BAT-Gruppe, die seit \u00fcber 40 Jahren in der Herstellung von Beschattungskomponenten und -systemen f\u00fchrend ist.\" \/>\n<meta name=\"robots\" content=\"index, follow, max-snippet:-1, max-image-preview:large, max-video-preview:-1\" \/>\n<link rel=\"canonical\" href=\"https:\/\/www.keoutdoordesign.com\/de-de\/unternehmen\/wer-wir-sind\/\" \/>\n<meta property=\"og:locale\" content=\"de_DE\" \/>\n<meta property=\"og:type\" content=\"article\" \/>\n<meta property=\"og:title\" content=\"Wer wir sind\" \/>\n<meta property=\"og:description\" content=\"KE ist Teil der BAT-Gruppe, die seit \u00fcber 40 Jahren in der Herstellung von Beschattungskomponenten und -systemen f\u00fchrend ist.\" \/>\n<meta property=\"og:url\" content=\"https:\/\/www.keoutdoordesign.com\/de-de\/unternehmen\/wer-wir-sind\/\" \/>\n<meta property=\"og:site_name\" content=\"KE Outdoor Design\" \/>\n<meta property=\"article:publisher\" content=\"https:\/\/www.facebook.com\/keoutdoordesign.us\" \/>\n<meta property=\"article:modified_time\" content=\"2025-06-10T13:47:17+00:00\" \/>\n<meta property=\"og:image\" content=\"https:\/\/www.keoutdoordesign.com\/wp-content\/uploads\/2022\/06\/ke_logo.png\" \/>\n\t<meta property=\"og:image:width\" content=\"1260\" \/>\n\t<meta property=\"og:image:height\" content=\"630\" \/>\n\t<meta property=\"og:image:type\" content=\"image\/png\" \/>\n<meta name=\"twitter:card\" content=\"summary_large_image\" \/>\n<meta name=\"twitter:site\" content=\"@keoutdoordesign\" \/>\n<script type=\"application\/ld+json\" class=\"yoast-schema-graph\">{\"@context\":\"https:\\\/\\\/schema.org\",\"@graph\":[{\"@type\":\"WebPage\",\"@id\":\"https:\\\/\\\/www.keoutdoordesign.com\\\/de-de\\\/unternehmen\\\/wer-wir-sind\\\/\",\"url\":\"https:\\\/\\\/www.keoutdoordesign.com\\\/de-de\\\/unternehmen\\\/wer-wir-sind\\\/\",\"name\":\"Wer wir sind -\",\"isPartOf\":{\"@id\":\"https:\\\/\\\/www.keoutdoordesign.com\\\/it-it\\\/#website\"},\"datePublished\":\"2019-05-30T09:19:47+00:00\",\"dateModified\":\"2025-06-10T13:47:17+00:00\",\"description\":\"KE ist Teil der BAT-Gruppe, die seit \u00fcber 40 Jahren in der Herstellung von Beschattungskomponenten und -systemen f\u00fchrend ist.\",\"breadcrumb\":{\"@id\":\"https:\\\/\\\/www.keoutdoordesign.com\\\/de-de\\\/unternehmen\\\/wer-wir-sind\\\/#breadcrumb\"},\"inLanguage\":\"de\",\"potentialAction\":[{\"@type\":\"ReadAction\",\"target\":[\"https:\\\/\\\/www.keoutdoordesign.com\\\/de-de\\\/unternehmen\\\/wer-wir-sind\\\/\"]}]},{\"@type\":\"BreadcrumbList\",\"@id\":\"https:\\\/\\\/www.keoutdoordesign.com\\\/de-de\\\/unternehmen\\\/wer-wir-sind\\\/#breadcrumb\",\"itemListElement\":[{\"@type\":\"ListItem\",\"position\":1,\"name\":\"Home\",\"item\":\"https:\\\/\\\/www.keoutdoordesign.com\\\/de-de\\\/\"},{\"@type\":\"ListItem\",\"position\":2,\"name\":\"Unternehmen\",\"item\":\"https:\\\/\\\/www.keoutdoordesign.com\\\/de-de\\\/unternehmen\\\/\"},{\"@type\":\"ListItem\",\"position\":3,\"name\":\"Wer wir sind\"}]},{\"@type\":\"WebSite\",\"@id\":\"https:\\\/\\\/www.keoutdoordesign.com\\\/it-it\\\/#website\",\"url\":\"https:\\\/\\\/www.keoutdoordesign.com\\\/it-it\\\/\",\"name\":\"KE Outdoor Design\",\"description\":\"Un nuovo sito targato WordPress\",\"publisher\":{\"@id\":\"https:\\\/\\\/www.keoutdoordesign.com\\\/it-it\\\/#organization\"},\"potentialAction\":[{\"@type\":\"SearchAction\",\"target\":{\"@type\":\"EntryPoint\",\"urlTemplate\":\"https:\\\/\\\/www.keoutdoordesign.com\\\/it-it\\\/?s={search_term_string}\"},\"query-input\":{\"@type\":\"PropertyValueSpecification\",\"valueRequired\":true,\"valueName\":\"search_term_string\"}}],\"inLanguage\":\"de\"},{\"@type\":\"Organization\",\"@id\":\"https:\\\/\\\/www.keoutdoordesign.com\\\/it-it\\\/#organization\",\"name\":\"KE Outdoor Design\",\"url\":\"https:\\\/\\\/www.keoutdoordesign.com\\\/it-it\\\/\",\"logo\":{\"@type\":\"ImageObject\",\"inLanguage\":\"de\",\"@id\":\"https:\\\/\\\/www.keoutdoordesign.com\\\/it-it\\\/#\\\/schema\\\/logo\\\/image\\\/\",\"url\":\"https:\\\/\\\/www.keoutdoordesign.com\\\/wp-content\\\/uploads\\\/2020\\\/02\\\/KE-logo-Primary-e1591282842174.jpg\",\"contentUrl\":\"https:\\\/\\\/www.keoutdoordesign.com\\\/wp-content\\\/uploads\\\/2020\\\/02\\\/KE-logo-Primary-e1591282842174.jpg\",\"width\":500,\"height\":396,\"caption\":\"KE Outdoor Design\"},\"image\":{\"@id\":\"https:\\\/\\\/www.keoutdoordesign.com\\\/it-it\\\/#\\\/schema\\\/logo\\\/image\\\/\"},\"sameAs\":[\"https:\\\/\\\/www.facebook.com\\\/keoutdoordesign.us\",\"https:\\\/\\\/x.com\\\/keoutdoordesign\",\"https:\\\/\\\/www.facebook.com\\\/keoutdoordesign\",\"https:\\\/\\\/www.youtube.com\\\/channel\\\/UCSoMQryJpLqD53bAoZLg2Vg\",\"https:\\\/\\\/www.pinterest.it\\\/keoutdoordesign\\\/\",\"https:\\\/\\\/www.instagram.com\\\/keoutdoordesign\\\/\",\"https:\\\/\\\/www.linkedin.com\\\/company\\\/ke-outdoor-design\\\/\"]}]}<\/script>\n<!-- \/ Yoast SEO Premium plugin. -->","yoast_head_json":{"title":"Wer wir sind -","description":"KE ist Teil der BAT-Gruppe, die seit \u00fcber 40 Jahren in der Herstellung von Beschattungskomponenten und -systemen f\u00fchrend ist.","robots":{"index":"index","follow":"follow","max-snippet":"max-snippet:-1","max-image-preview":"max-image-preview:large","max-video-preview":"max-video-preview:-1"},"canonical":"https:\/\/www.keoutdoordesign.com\/de-de\/unternehmen\/wer-wir-sind\/","og_locale":"de_DE","og_type":"article","og_title":"Wer wir sind","og_description":"KE ist Teil der BAT-Gruppe, die seit \u00fcber 40 Jahren in der Herstellung von Beschattungskomponenten und -systemen f\u00fchrend ist.","og_url":"https:\/\/www.keoutdoordesign.com\/de-de\/unternehmen\/wer-wir-sind\/","og_site_name":"KE Outdoor Design","article_publisher":"https:\/\/www.facebook.com\/keoutdoordesign.us","article_modified_time":"2025-06-10T13:47:17+00:00","og_image":[{"width":1260,"height":630,"url":"https:\/\/www.keoutdoordesign.com\/wp-content\/uploads\/2022\/06\/ke_logo.png","type":"image\/png"}],"twitter_card":"summary_large_image","twitter_site":"@keoutdoordesign","schema":{"@context":"https:\/\/schema.org","@graph":[{"@type":"WebPage","@id":"https:\/\/www.keoutdoordesign.com\/de-de\/unternehmen\/wer-wir-sind\/","url":"https:\/\/www.keoutdoordesign.com\/de-de\/unternehmen\/wer-wir-sind\/","name":"Wer wir sind -","isPartOf":{"@id":"https:\/\/www.keoutdoordesign.com\/it-it\/#website"},"datePublished":"2019-05-30T09:19:47+00:00","dateModified":"2025-06-10T13:47:17+00:00","description":"KE ist Teil der BAT-Gruppe, die seit \u00fcber 40 Jahren in der Herstellung von Beschattungskomponenten und -systemen f\u00fchrend ist.","breadcrumb":{"@id":"https:\/\/www.keoutdoordesign.com\/de-de\/unternehmen\/wer-wir-sind\/#breadcrumb"},"inLanguage":"de","potentialAction":[{"@type":"ReadAction","target":["https:\/\/www.keoutdoordesign.com\/de-de\/unternehmen\/wer-wir-sind\/"]}]},{"@type":"BreadcrumbList","@id":"https:\/\/www.keoutdoordesign.com\/de-de\/unternehmen\/wer-wir-sind\/#breadcrumb","itemListElement":[{"@type":"ListItem","position":1,"name":"Home","item":"https:\/\/www.keoutdoordesign.com\/de-de\/"},{"@type":"ListItem","position":2,"name":"Unternehmen","item":"https:\/\/www.keoutdoordesign.com\/de-de\/unternehmen\/"},{"@type":"ListItem","position":3,"name":"Wer wir sind"}]},{"@type":"WebSite","@id":"https:\/\/www.keoutdoordesign.com\/it-it\/#website","url":"https:\/\/www.keoutdoordesign.com\/it-it\/","name":"KE Outdoor Design","description":"Un nuovo sito targato WordPress","publisher":{"@id":"https:\/\/www.keoutdoordesign.com\/it-it\/#organization"},"potentialAction":[{"@type":"SearchAction","target":{"@type":"EntryPoint","urlTemplate":"https:\/\/www.keoutdoordesign.com\/it-it\/?s={search_term_string}"},"query-input":{"@type":"PropertyValueSpecification","valueRequired":true,"valueName":"search_term_string"}}],"inLanguage":"de"},{"@type":"Organization","@id":"https:\/\/www.keoutdoordesign.com\/it-it\/#organization","name":"KE Outdoor Design","url":"https:\/\/www.keoutdoordesign.com\/it-it\/","logo":{"@type":"ImageObject","inLanguage":"de","@id":"https:\/\/www.keoutdoordesign.com\/it-it\/#\/schema\/logo\/image\/","url":"https:\/\/www.keoutdoordesign.com\/wp-content\/uploads\/2020\/02\/KE-logo-Primary-e1591282842174.jpg","contentUrl":"https:\/\/www.keoutdoordesign.com\/wp-content\/uploads\/2020\/02\/KE-logo-Primary-e1591282842174.jpg","width":500,"height":396,"caption":"KE Outdoor Design"},"image":{"@id":"https:\/\/www.keoutdoordesign.com\/it-it\/#\/schema\/logo\/image\/"},"sameAs":["https:\/\/www.facebook.com\/keoutdoordesign.us","https:\/\/x.com\/keoutdoordesign","https:\/\/www.facebook.com\/keoutdoordesign","https:\/\/www.youtube.com\/channel\/UCSoMQryJpLqD53bAoZLg2Vg","https:\/\/www.pinterest.it\/keoutdoordesign\/","https:\/\/www.instagram.com\/keoutdoordesign\/","https:\/\/www.linkedin.com\/company\/ke-outdoor-design\/"]}]}},"_links":{"self":[{"href":"https:\/\/www.keoutdoordesign.com\/de-de\/wp-json\/wp\/v2\/pages\/3845","targetHints":{"allow":["GET"]}}],"collection":[{"href":"https:\/\/www.keoutdoordesign.com\/de-de\/wp-json\/wp\/v2\/pages"}],"about":[{"href":"https:\/\/www.keoutdoordesign.com\/de-de\/wp-json\/wp\/v2\/types\/page"}],"author":[{"embeddable":true,"href":"https:\/\/www.keoutdoordesign.com\/de-de\/wp-json\/wp\/v2\/users\/10608"}],"replies":[{"embeddable":true,"href":"https:\/\/www.keoutdoordesign.com\/de-de\/wp-json\/wp\/v2\/comments?post=3845"}],"version-history":[{"count":11,"href":"https:\/\/www.keoutdoordesign.com\/de-de\/wp-json\/wp\/v2\/pages\/3845\/revisions"}],"predecessor-version":[{"id":109693,"href":"https:\/\/www.keoutdoordesign.com\/de-de\/wp-json\/wp\/v2\/pages\/3845\/revisions\/109693"}],"up":[{"embeddable":true,"href":"https:\/\/www.keoutdoordesign.com\/de-de\/wp-json\/wp\/v2\/pages\/3835"}],"wp:attachment":[{"href":"https:\/\/www.keoutdoordesign.com\/de-de\/wp-json\/wp\/v2\/media?parent=3845"}],"curies":[{"name":"wp","href":"https:\/\/api.w.org\/{rel}","templated":true}]}}