{"id":3329,"date":"2019-05-28T15:20:55","date_gmt":"2019-05-28T13:20:55","guid":{"rendered":"http:\/\/ke.localhost.it\/?page_id=3329"},"modified":"2022-02-04T10:41:40","modified_gmt":"2022-02-04T09:41:40","slug":"konfigurator","status":"publish","type":"page","link":"https:\/\/www.keoutdoordesign.com\/de-de\/konfigurator\/","title":{"rendered":"Konfigurator"},"content":{"rendered":"<p><span style=\"font-weight: 400;\">Unsere hochwertigen Terrassen\u00fcberdachungen bereichern Ihr Anwesen um eine Wellnesszone mit mediterranem Flair. Gestalten Sie mit unserem Konfigurator Ihre ganz pers\u00f6nliche Pergola nach Ma\u00df und holen Sie sich die Natur ganzj\u00e4hrig ins lichtdurchflutete Wohnzimmer. Verwirklichen Sie mit einem unserer Glas-, Lamellen- oder Textild\u00e4cher Ihren Traum von einer eigenen Pergola nach Ma\u00df.<\/span><\/p>\n","protected":false},"excerpt":{"rendered":"<p>Unsere hochwertigen Terrassen\u00fcberdachungen bereichern Ihr Anwesen um eine Wellnesszone mit mediterranem Flair. Gestalten Sie mit unserem Konfigurator Ihre ganz pers\u00f6nliche&hellip;<\/p>\n","protected":false},"author":10608,"featured_media":0,"parent":0,"menu_order":33,"comment_status":"closed","ping_status":"closed","template":"","meta":{"_acf_changed":false,"footnotes":""},"class_list":["post-3329","page","type-page","status-publish","hentry"],"acf":[],"yoast_head":"<!-- This site is optimized with the Yoast SEO Premium plugin v20.12 (Yoast SEO v27.4) - https:\/\/yoast.com\/product\/yoast-seo-premium-wordpress\/ -->\n<title>Konfigurator f\u00fcr Terrassen\u00fcberdachung, Markise, Sonnensegel, Pergola - KE Outdoor Design<\/title>\n<meta name=\"description\" content=\"Gestalten Sie mit unserem Konfigurator Ihre ganz pers\u00f6nliche Sonnen-\u00dcberdachung nach Ma\u00df und schaffen Sie eine Wohlf\u00fchloase mit mediterranem Flair.\" \/>\n<meta name=\"robots\" content=\"index, follow, max-snippet:-1, max-image-preview:large, max-video-preview:-1\" \/>\n<link rel=\"canonical\" href=\"https:\/\/www.keoutdoordesign.com\/de-de\/konfigurator\/\" \/>\n<meta property=\"og:locale\" content=\"de_DE\" \/>\n<meta property=\"og:type\" content=\"article\" \/>\n<meta property=\"og:title\" content=\"Konfigurator\" \/>\n<meta property=\"og:description\" content=\"Gestalten Sie mit unserem Konfigurator Ihre ganz pers\u00f6nliche Sonnen-\u00dcberdachung nach Ma\u00df und schaffen Sie eine Wohlf\u00fchloase mit mediterranem Flair.\" \/>\n<meta property=\"og:url\" content=\"https:\/\/www.keoutdoordesign.com\/de-de\/konfigurator\/\" \/>\n<meta property=\"og:site_name\" content=\"KE Outdoor Design\" \/>\n<meta property=\"article:publisher\" content=\"https:\/\/www.facebook.com\/keoutdoordesign.us\" \/>\n<meta property=\"article:modified_time\" content=\"2022-02-04T09:41:40+00:00\" \/>\n<meta property=\"og:image\" content=\"https:\/\/www.keoutdoordesign.com\/wp-content\/uploads\/2022\/06\/ke_logo.png\" \/>\n\t<meta property=\"og:image:width\" content=\"1260\" \/>\n\t<meta property=\"og:image:height\" content=\"630\" \/>\n\t<meta property=\"og:image:type\" content=\"image\/png\" \/>\n<meta name=\"twitter:card\" content=\"summary_large_image\" \/>\n<meta name=\"twitter:site\" content=\"@keoutdoordesign\" \/>\n<script type=\"application\/ld+json\" class=\"yoast-schema-graph\">{\"@context\":\"https:\\\/\\\/schema.org\",\"@graph\":[{\"@type\":\"WebPage\",\"@id\":\"https:\\\/\\\/www.keoutdoordesign.com\\\/de-de\\\/konfigurator\\\/\",\"url\":\"https:\\\/\\\/www.keoutdoordesign.com\\\/de-de\\\/konfigurator\\\/\",\"name\":\"Konfigurator f\u00fcr Terrassen\u00fcberdachung, Markise, Sonnensegel, Pergola - KE Outdoor Design\",\"isPartOf\":{\"@id\":\"https:\\\/\\\/www.keoutdoordesign.com\\\/it-it\\\/#website\"},\"datePublished\":\"2019-05-28T13:20:55+00:00\",\"dateModified\":\"2022-02-04T09:41:40+00:00\",\"description\":\"Gestalten Sie mit unserem Konfigurator Ihre ganz pers\u00f6nliche Sonnen-\u00dcberdachung nach Ma\u00df und schaffen Sie eine Wohlf\u00fchloase mit mediterranem Flair.\",\"breadcrumb\":{\"@id\":\"https:\\\/\\\/www.keoutdoordesign.com\\\/de-de\\\/konfigurator\\\/#breadcrumb\"},\"inLanguage\":\"de\",\"potentialAction\":[{\"@type\":\"ReadAction\",\"target\":[\"https:\\\/\\\/www.keoutdoordesign.com\\\/de-de\\\/konfigurator\\\/\"]}]},{\"@type\":\"BreadcrumbList\",\"@id\":\"https:\\\/\\\/www.keoutdoordesign.com\\\/de-de\\\/konfigurator\\\/#breadcrumb\",\"itemListElement\":[{\"@type\":\"ListItem\",\"position\":1,\"name\":\"Home\",\"item\":\"https:\\\/\\\/www.keoutdoordesign.com\\\/de-de\\\/\"},{\"@type\":\"ListItem\",\"position\":2,\"name\":\"Konfigurator\"}]},{\"@type\":\"WebSite\",\"@id\":\"https:\\\/\\\/www.keoutdoordesign.com\\\/it-it\\\/#website\",\"url\":\"https:\\\/\\\/www.keoutdoordesign.com\\\/it-it\\\/\",\"name\":\"KE Outdoor Design\",\"description\":\"Un nuovo sito targato WordPress\",\"publisher\":{\"@id\":\"https:\\\/\\\/www.keoutdoordesign.com\\\/it-it\\\/#organization\"},\"potentialAction\":[{\"@type\":\"SearchAction\",\"target\":{\"@type\":\"EntryPoint\",\"urlTemplate\":\"https:\\\/\\\/www.keoutdoordesign.com\\\/it-it\\\/?s={search_term_string}\"},\"query-input\":{\"@type\":\"PropertyValueSpecification\",\"valueRequired\":true,\"valueName\":\"search_term_string\"}}],\"inLanguage\":\"de\"},{\"@type\":\"Organization\",\"@id\":\"https:\\\/\\\/www.keoutdoordesign.com\\\/it-it\\\/#organization\",\"name\":\"KE Outdoor Design\",\"url\":\"https:\\\/\\\/www.keoutdoordesign.com\\\/it-it\\\/\",\"logo\":{\"@type\":\"ImageObject\",\"inLanguage\":\"de\",\"@id\":\"https:\\\/\\\/www.keoutdoordesign.com\\\/it-it\\\/#\\\/schema\\\/logo\\\/image\\\/\",\"url\":\"https:\\\/\\\/www.keoutdoordesign.com\\\/wp-content\\\/uploads\\\/2020\\\/02\\\/KE-logo-Primary-e1591282842174.jpg\",\"contentUrl\":\"https:\\\/\\\/www.keoutdoordesign.com\\\/wp-content\\\/uploads\\\/2020\\\/02\\\/KE-logo-Primary-e1591282842174.jpg\",\"width\":500,\"height\":396,\"caption\":\"KE Outdoor Design\"},\"image\":{\"@id\":\"https:\\\/\\\/www.keoutdoordesign.com\\\/it-it\\\/#\\\/schema\\\/logo\\\/image\\\/\"},\"sameAs\":[\"https:\\\/\\\/www.facebook.com\\\/keoutdoordesign.us\",\"https:\\\/\\\/x.com\\\/keoutdoordesign\",\"https:\\\/\\\/www.facebook.com\\\/keoutdoordesign\",\"https:\\\/\\\/www.youtube.com\\\/channel\\\/UCSoMQryJpLqD53bAoZLg2Vg\",\"https:\\\/\\\/www.pinterest.it\\\/keoutdoordesign\\\/\",\"https:\\\/\\\/www.instagram.com\\\/keoutdoordesign\\\/\",\"https:\\\/\\\/www.linkedin.com\\\/company\\\/ke-outdoor-design\\\/\"]}]}<\/script>\n<!-- \/ Yoast SEO Premium plugin. -->","yoast_head_json":{"title":"Konfigurator f\u00fcr Terrassen\u00fcberdachung, Markise, Sonnensegel, Pergola - KE Outdoor Design","description":"Gestalten Sie mit unserem Konfigurator Ihre ganz pers\u00f6nliche Sonnen-\u00dcberdachung nach Ma\u00df und schaffen Sie eine Wohlf\u00fchloase mit mediterranem Flair.","robots":{"index":"index","follow":"follow","max-snippet":"max-snippet:-1","max-image-preview":"max-image-preview:large","max-video-preview":"max-video-preview:-1"},"canonical":"https:\/\/www.keoutdoordesign.com\/de-de\/konfigurator\/","og_locale":"de_DE","og_type":"article","og_title":"Konfigurator","og_description":"Gestalten Sie mit unserem Konfigurator Ihre ganz pers\u00f6nliche Sonnen-\u00dcberdachung nach Ma\u00df und schaffen Sie eine Wohlf\u00fchloase mit mediterranem Flair.","og_url":"https:\/\/www.keoutdoordesign.com\/de-de\/konfigurator\/","og_site_name":"KE Outdoor Design","article_publisher":"https:\/\/www.facebook.com\/keoutdoordesign.us","article_modified_time":"2022-02-04T09:41:40+00:00","og_image":[{"width":1260,"height":630,"url":"https:\/\/www.keoutdoordesign.com\/wp-content\/uploads\/2022\/06\/ke_logo.png","type":"image\/png"}],"twitter_card":"summary_large_image","twitter_site":"@keoutdoordesign","schema":{"@context":"https:\/\/schema.org","@graph":[{"@type":"WebPage","@id":"https:\/\/www.keoutdoordesign.com\/de-de\/konfigurator\/","url":"https:\/\/www.keoutdoordesign.com\/de-de\/konfigurator\/","name":"Konfigurator f\u00fcr Terrassen\u00fcberdachung, Markise, Sonnensegel, Pergola - KE Outdoor Design","isPartOf":{"@id":"https:\/\/www.keoutdoordesign.com\/it-it\/#website"},"datePublished":"2019-05-28T13:20:55+00:00","dateModified":"2022-02-04T09:41:40+00:00","description":"Gestalten Sie mit unserem Konfigurator Ihre ganz pers\u00f6nliche Sonnen-\u00dcberdachung nach Ma\u00df und schaffen Sie eine Wohlf\u00fchloase mit mediterranem Flair.","breadcrumb":{"@id":"https:\/\/www.keoutdoordesign.com\/de-de\/konfigurator\/#breadcrumb"},"inLanguage":"de","potentialAction":[{"@type":"ReadAction","target":["https:\/\/www.keoutdoordesign.com\/de-de\/konfigurator\/"]}]},{"@type":"BreadcrumbList","@id":"https:\/\/www.keoutdoordesign.com\/de-de\/konfigurator\/#breadcrumb","itemListElement":[{"@type":"ListItem","position":1,"name":"Home","item":"https:\/\/www.keoutdoordesign.com\/de-de\/"},{"@type":"ListItem","position":2,"name":"Konfigurator"}]},{"@type":"WebSite","@id":"https:\/\/www.keoutdoordesign.com\/it-it\/#website","url":"https:\/\/www.keoutdoordesign.com\/it-it\/","name":"KE Outdoor Design","description":"Un nuovo sito targato WordPress","publisher":{"@id":"https:\/\/www.keoutdoordesign.com\/it-it\/#organization"},"potentialAction":[{"@type":"SearchAction","target":{"@type":"EntryPoint","urlTemplate":"https:\/\/www.keoutdoordesign.com\/it-it\/?s={search_term_string}"},"query-input":{"@type":"PropertyValueSpecification","valueRequired":true,"valueName":"search_term_string"}}],"inLanguage":"de"},{"@type":"Organization","@id":"https:\/\/www.keoutdoordesign.com\/it-it\/#organization","name":"KE Outdoor Design","url":"https:\/\/www.keoutdoordesign.com\/it-it\/","logo":{"@type":"ImageObject","inLanguage":"de","@id":"https:\/\/www.keoutdoordesign.com\/it-it\/#\/schema\/logo\/image\/","url":"https:\/\/www.keoutdoordesign.com\/wp-content\/uploads\/2020\/02\/KE-logo-Primary-e1591282842174.jpg","contentUrl":"https:\/\/www.keoutdoordesign.com\/wp-content\/uploads\/2020\/02\/KE-logo-Primary-e1591282842174.jpg","width":500,"height":396,"caption":"KE Outdoor Design"},"image":{"@id":"https:\/\/www.keoutdoordesign.com\/it-it\/#\/schema\/logo\/image\/"},"sameAs":["https:\/\/www.facebook.com\/keoutdoordesign.us","https:\/\/x.com\/keoutdoordesign","https:\/\/www.facebook.com\/keoutdoordesign","https:\/\/www.youtube.com\/channel\/UCSoMQryJpLqD53bAoZLg2Vg","https:\/\/www.pinterest.it\/keoutdoordesign\/","https:\/\/www.instagram.com\/keoutdoordesign\/","https:\/\/www.linkedin.com\/company\/ke-outdoor-design\/"]}]}},"_links":{"self":[{"href":"https:\/\/www.keoutdoordesign.com\/de-de\/wp-json\/wp\/v2\/pages\/3329","targetHints":{"allow":["GET"]}}],"collection":[{"href":"https:\/\/www.keoutdoordesign.com\/de-de\/wp-json\/wp\/v2\/pages"}],"about":[{"href":"https:\/\/www.keoutdoordesign.com\/de-de\/wp-json\/wp\/v2\/types\/page"}],"author":[{"embeddable":true,"href":"https:\/\/www.keoutdoordesign.com\/de-de\/wp-json\/wp\/v2\/users\/10608"}],"replies":[{"embeddable":true,"href":"https:\/\/www.keoutdoordesign.com\/de-de\/wp-json\/wp\/v2\/comments?post=3329"}],"version-history":[{"count":3,"href":"https:\/\/www.keoutdoordesign.com\/de-de\/wp-json\/wp\/v2\/pages\/3329\/revisions"}],"predecessor-version":[{"id":9097,"href":"https:\/\/www.keoutdoordesign.com\/de-de\/wp-json\/wp\/v2\/pages\/3329\/revisions\/9097"}],"wp:attachment":[{"href":"https:\/\/www.keoutdoordesign.com\/de-de\/wp-json\/wp\/v2\/media?parent=3329"}],"curies":[{"name":"wp","href":"https:\/\/api.w.org\/{rel}","templated":true}]}}