{"id":3327,"date":"2019-05-28T15:20:49","date_gmt":"2019-05-28T13:20:49","guid":{"rendered":"http:\/\/ke.localhost.it\/?page_id=3327"},"modified":"2021-02-18T11:44:38","modified_gmt":"2021-02-18T10:44:38","slug":"ke-die-richtige-wahl","status":"publish","type":"page","link":"https:\/\/www.keoutdoordesign.com\/de-de\/ke-die-richtige-wahl\/","title":{"rendered":"KE &#8211; Die richtige Wahl"},"content":{"rendered":"<p>Wir glauben an Innovation und investieren in kreative Ideen. Dabei entwickeln wir unsere Produkte wie die Pergola st\u00e4ndig weiter &#8211; f\u00fcr einzigartige Ergebnisse und \u00fcberlegene Energieeffizienz, um unseren Kunden Beschattungssysteme von hervorragender Qualit\u00e4t anbieten zu k\u00f6nnen. Aus diesem Grund haben wir exklusive Patente entwickelt, auf die wir stolz sind, und unsere Produktionssysteme zertifiziert.<\/p>\n<p><strong>KE Markisen, Sonnensegel und Pergolen<\/strong> stellen den bestm\u00f6glichen Dialog zwischen architektonischen Formen, pers\u00f6nlichem Geschmack und funktionalen Bed\u00fcrfnissen dar. Unser Design- und Entwicklungsstudio forscht unabl\u00e4ssig an der \u00c4sthetik, um jede Art von Au\u00dfenbereich aufzuwerten.<\/p>\n<p><strong>Materialien, Mechanismen und Produktionsprozesse werden<\/strong> von den strengsten Stellen zertifiziert. Zus\u00e4tzlich zu den CE-Kennzeichnungen EN 13561 und EN 1090 f\u00fcr unsere Produkte sind unser Management-, Qualit\u00e4ts- und Sicherheitssystem zertifiziert.<\/p>\n<p>Als weitere Garantie f\u00fcr die <strong>Qualit\u00e4t unseres Produktionssystems<\/strong> sind wir Partner von FederlegnoArredo (FLA) geworden, das seit 1945 die Entwicklung italienischer Unternehmen in der Branche unterst\u00fctzt und den Ruf der Bezeichnung Made in Italy in der Welt f\u00f6rdert.<\/p>\n<p>Unsere kontinuierliche Weiterentwicklung und der kooperative Ansatz, den wir mit unseren Partnern und Mitarbeitern verfolgen, runden unsere Gesch\u00e4ftsidee ab. So teilen wir den kreativen Geist der Fachleute, mit denen wir zusammenarbeiten, um \u00e4sthetisch und funktional ansprechende Produkte zu entwickeln, beste Qualit\u00e4t Made in Italy.<\/p>\n","protected":false},"excerpt":{"rendered":"<p>Wir glauben an Innovation und investieren in kreative Ideen. Dabei entwickeln wir unsere Produkte wie die Pergola st\u00e4ndig weiter &#8211;&hellip;<\/p>\n","protected":false},"author":10608,"featured_media":108198,"parent":0,"menu_order":32,"comment_status":"closed","ping_status":"closed","template":"page-templates\/right-choice.php","meta":{"_acf_changed":false,"footnotes":""},"class_list":["post-3327","page","type-page","status-publish","has-post-thumbnail","hentry"],"acf":[],"yoast_head":"<!-- This site is optimized with the Yoast SEO Premium plugin v20.12 (Yoast SEO v27.3) - https:\/\/yoast.com\/product\/yoast-seo-premium-wordpress\/ -->\n<title>Die richtige Wahl - KE Outdoor Design<\/title>\n<meta name=\"description\" content=\"KE Markisen und Pergolen werden unter Ber\u00fccksichtigung des bestm\u00f6glichen Dialogs zwischen architektonischen Formen, pers\u00f6nlichem Geschmack und funktionalen Anforderungen entworfen.\" \/>\n<meta name=\"robots\" content=\"index, follow, max-snippet:-1, max-image-preview:large, max-video-preview:-1\" \/>\n<link rel=\"canonical\" href=\"https:\/\/www.keoutdoordesign.com\/de-de\/ke-die-richtige-wahl\/\" \/>\n<meta property=\"og:locale\" content=\"de_DE\" \/>\n<meta property=\"og:type\" content=\"article\" \/>\n<meta property=\"og:title\" content=\"KE - Die richtige Wahl\" \/>\n<meta property=\"og:description\" content=\"KE Markisen und Pergolen werden unter Ber\u00fccksichtigung des bestm\u00f6glichen Dialogs zwischen architektonischen Formen, pers\u00f6nlichem Geschmack und funktionalen Anforderungen entworfen.\" \/>\n<meta property=\"og:url\" content=\"https:\/\/www.keoutdoordesign.com\/de-de\/ke-die-richtige-wahl\/\" \/>\n<meta property=\"og:site_name\" content=\"KE Outdoor Design\" \/>\n<meta property=\"article:publisher\" content=\"https:\/\/www.facebook.com\/keoutdoordesign.us\" \/>\n<meta property=\"article:modified_time\" content=\"2021-02-18T10:44:38+00:00\" \/>\n<meta property=\"og:image\" content=\"https:\/\/www.keoutdoordesign.com\/wp-content\/uploads\/2022\/06\/ke_logo.png\" \/>\n\t<meta property=\"og:image:width\" content=\"1260\" \/>\n\t<meta property=\"og:image:height\" content=\"630\" \/>\n\t<meta property=\"og:image:type\" content=\"image\/png\" \/>\n<meta name=\"twitter:card\" content=\"summary_large_image\" \/>\n<meta name=\"twitter:site\" content=\"@keoutdoordesign\" \/>\n<script type=\"application\/ld+json\" class=\"yoast-schema-graph\">{\"@context\":\"https:\\\/\\\/schema.org\",\"@graph\":[{\"@type\":\"WebPage\",\"@id\":\"https:\\\/\\\/www.keoutdoordesign.com\\\/de-de\\\/ke-die-richtige-wahl\\\/\",\"url\":\"https:\\\/\\\/www.keoutdoordesign.com\\\/de-de\\\/ke-die-richtige-wahl\\\/\",\"name\":\"Die richtige Wahl - KE Outdoor Design\",\"isPartOf\":{\"@id\":\"https:\\\/\\\/www.keoutdoordesign.com\\\/it-it\\\/#website\"},\"primaryImageOfPage\":{\"@id\":\"https:\\\/\\\/www.keoutdoordesign.com\\\/de-de\\\/ke-die-richtige-wahl\\\/#primaryimage\"},\"image\":{\"@id\":\"https:\\\/\\\/www.keoutdoordesign.com\\\/de-de\\\/ke-die-richtige-wahl\\\/#primaryimage\"},\"thumbnailUrl\":\"https:\\\/\\\/www.keoutdoordesign.com\\\/wp-content\\\/uploads\\\/2025\\\/04\\\/Pergola-val_d_illiez11.jpg\",\"datePublished\":\"2019-05-28T13:20:49+00:00\",\"dateModified\":\"2021-02-18T10:44:38+00:00\",\"description\":\"KE Markisen und Pergolen werden unter Ber\u00fccksichtigung des bestm\u00f6glichen Dialogs zwischen architektonischen Formen, pers\u00f6nlichem Geschmack und funktionalen Anforderungen entworfen.\",\"breadcrumb\":{\"@id\":\"https:\\\/\\\/www.keoutdoordesign.com\\\/de-de\\\/ke-die-richtige-wahl\\\/#breadcrumb\"},\"inLanguage\":\"de\",\"potentialAction\":[{\"@type\":\"ReadAction\",\"target\":[\"https:\\\/\\\/www.keoutdoordesign.com\\\/de-de\\\/ke-die-richtige-wahl\\\/\"]}]},{\"@type\":\"ImageObject\",\"inLanguage\":\"de\",\"@id\":\"https:\\\/\\\/www.keoutdoordesign.com\\\/de-de\\\/ke-die-richtige-wahl\\\/#primaryimage\",\"url\":\"https:\\\/\\\/www.keoutdoordesign.com\\\/wp-content\\\/uploads\\\/2025\\\/04\\\/Pergola-val_d_illiez11.jpg\",\"contentUrl\":\"https:\\\/\\\/www.keoutdoordesign.com\\\/wp-content\\\/uploads\\\/2025\\\/04\\\/Pergola-val_d_illiez11.jpg\",\"width\":480,\"height\":320,\"caption\":\"A pergola extends off the back of a house with a beautiful outdoor seating area\"},{\"@type\":\"BreadcrumbList\",\"@id\":\"https:\\\/\\\/www.keoutdoordesign.com\\\/de-de\\\/ke-die-richtige-wahl\\\/#breadcrumb\",\"itemListElement\":[{\"@type\":\"ListItem\",\"position\":1,\"name\":\"Home\",\"item\":\"https:\\\/\\\/www.keoutdoordesign.com\\\/de-de\\\/\"},{\"@type\":\"ListItem\",\"position\":2,\"name\":\"KE &#8211; Die richtige Wahl\"}]},{\"@type\":\"WebSite\",\"@id\":\"https:\\\/\\\/www.keoutdoordesign.com\\\/it-it\\\/#website\",\"url\":\"https:\\\/\\\/www.keoutdoordesign.com\\\/it-it\\\/\",\"name\":\"KE Outdoor Design\",\"description\":\"Un nuovo sito targato WordPress\",\"publisher\":{\"@id\":\"https:\\\/\\\/www.keoutdoordesign.com\\\/it-it\\\/#organization\"},\"potentialAction\":[{\"@type\":\"SearchAction\",\"target\":{\"@type\":\"EntryPoint\",\"urlTemplate\":\"https:\\\/\\\/www.keoutdoordesign.com\\\/it-it\\\/?s={search_term_string}\"},\"query-input\":{\"@type\":\"PropertyValueSpecification\",\"valueRequired\":true,\"valueName\":\"search_term_string\"}}],\"inLanguage\":\"de\"},{\"@type\":\"Organization\",\"@id\":\"https:\\\/\\\/www.keoutdoordesign.com\\\/it-it\\\/#organization\",\"name\":\"KE Outdoor Design\",\"url\":\"https:\\\/\\\/www.keoutdoordesign.com\\\/it-it\\\/\",\"logo\":{\"@type\":\"ImageObject\",\"inLanguage\":\"de\",\"@id\":\"https:\\\/\\\/www.keoutdoordesign.com\\\/it-it\\\/#\\\/schema\\\/logo\\\/image\\\/\",\"url\":\"https:\\\/\\\/www.keoutdoordesign.com\\\/wp-content\\\/uploads\\\/2020\\\/02\\\/KE-logo-Primary-e1591282842174.jpg\",\"contentUrl\":\"https:\\\/\\\/www.keoutdoordesign.com\\\/wp-content\\\/uploads\\\/2020\\\/02\\\/KE-logo-Primary-e1591282842174.jpg\",\"width\":500,\"height\":396,\"caption\":\"KE Outdoor Design\"},\"image\":{\"@id\":\"https:\\\/\\\/www.keoutdoordesign.com\\\/it-it\\\/#\\\/schema\\\/logo\\\/image\\\/\"},\"sameAs\":[\"https:\\\/\\\/www.facebook.com\\\/keoutdoordesign.us\",\"https:\\\/\\\/x.com\\\/keoutdoordesign\",\"https:\\\/\\\/www.facebook.com\\\/keoutdoordesign\",\"https:\\\/\\\/www.youtube.com\\\/channel\\\/UCSoMQryJpLqD53bAoZLg2Vg\",\"https:\\\/\\\/www.pinterest.it\\\/keoutdoordesign\\\/\",\"https:\\\/\\\/www.instagram.com\\\/keoutdoordesign\\\/\",\"https:\\\/\\\/www.linkedin.com\\\/company\\\/ke-outdoor-design\\\/\"]}]}<\/script>\n<!-- \/ Yoast SEO Premium plugin. -->","yoast_head_json":{"title":"Die richtige Wahl - KE Outdoor Design","description":"KE Markisen und Pergolen werden unter Ber\u00fccksichtigung des bestm\u00f6glichen Dialogs zwischen architektonischen Formen, pers\u00f6nlichem Geschmack und funktionalen Anforderungen entworfen.","robots":{"index":"index","follow":"follow","max-snippet":"max-snippet:-1","max-image-preview":"max-image-preview:large","max-video-preview":"max-video-preview:-1"},"canonical":"https:\/\/www.keoutdoordesign.com\/de-de\/ke-die-richtige-wahl\/","og_locale":"de_DE","og_type":"article","og_title":"KE - Die richtige Wahl","og_description":"KE Markisen und Pergolen werden unter Ber\u00fccksichtigung des bestm\u00f6glichen Dialogs zwischen architektonischen Formen, pers\u00f6nlichem Geschmack und funktionalen Anforderungen entworfen.","og_url":"https:\/\/www.keoutdoordesign.com\/de-de\/ke-die-richtige-wahl\/","og_site_name":"KE Outdoor Design","article_publisher":"https:\/\/www.facebook.com\/keoutdoordesign.us","article_modified_time":"2021-02-18T10:44:38+00:00","og_image":[{"width":1260,"height":630,"url":"https:\/\/www.keoutdoordesign.com\/wp-content\/uploads\/2022\/06\/ke_logo.png","type":"image\/png"}],"twitter_card":"summary_large_image","twitter_site":"@keoutdoordesign","schema":{"@context":"https:\/\/schema.org","@graph":[{"@type":"WebPage","@id":"https:\/\/www.keoutdoordesign.com\/de-de\/ke-die-richtige-wahl\/","url":"https:\/\/www.keoutdoordesign.com\/de-de\/ke-die-richtige-wahl\/","name":"Die richtige Wahl - KE Outdoor Design","isPartOf":{"@id":"https:\/\/www.keoutdoordesign.com\/it-it\/#website"},"primaryImageOfPage":{"@id":"https:\/\/www.keoutdoordesign.com\/de-de\/ke-die-richtige-wahl\/#primaryimage"},"image":{"@id":"https:\/\/www.keoutdoordesign.com\/de-de\/ke-die-richtige-wahl\/#primaryimage"},"thumbnailUrl":"https:\/\/www.keoutdoordesign.com\/wp-content\/uploads\/2025\/04\/Pergola-val_d_illiez11.jpg","datePublished":"2019-05-28T13:20:49+00:00","dateModified":"2021-02-18T10:44:38+00:00","description":"KE Markisen und Pergolen werden unter Ber\u00fccksichtigung des bestm\u00f6glichen Dialogs zwischen architektonischen Formen, pers\u00f6nlichem Geschmack und funktionalen Anforderungen entworfen.","breadcrumb":{"@id":"https:\/\/www.keoutdoordesign.com\/de-de\/ke-die-richtige-wahl\/#breadcrumb"},"inLanguage":"de","potentialAction":[{"@type":"ReadAction","target":["https:\/\/www.keoutdoordesign.com\/de-de\/ke-die-richtige-wahl\/"]}]},{"@type":"ImageObject","inLanguage":"de","@id":"https:\/\/www.keoutdoordesign.com\/de-de\/ke-die-richtige-wahl\/#primaryimage","url":"https:\/\/www.keoutdoordesign.com\/wp-content\/uploads\/2025\/04\/Pergola-val_d_illiez11.jpg","contentUrl":"https:\/\/www.keoutdoordesign.com\/wp-content\/uploads\/2025\/04\/Pergola-val_d_illiez11.jpg","width":480,"height":320,"caption":"A pergola extends off the back of a house with a beautiful outdoor seating area"},{"@type":"BreadcrumbList","@id":"https:\/\/www.keoutdoordesign.com\/de-de\/ke-die-richtige-wahl\/#breadcrumb","itemListElement":[{"@type":"ListItem","position":1,"name":"Home","item":"https:\/\/www.keoutdoordesign.com\/de-de\/"},{"@type":"ListItem","position":2,"name":"KE &#8211; Die richtige Wahl"}]},{"@type":"WebSite","@id":"https:\/\/www.keoutdoordesign.com\/it-it\/#website","url":"https:\/\/www.keoutdoordesign.com\/it-it\/","name":"KE Outdoor Design","description":"Un nuovo sito targato WordPress","publisher":{"@id":"https:\/\/www.keoutdoordesign.com\/it-it\/#organization"},"potentialAction":[{"@type":"SearchAction","target":{"@type":"EntryPoint","urlTemplate":"https:\/\/www.keoutdoordesign.com\/it-it\/?s={search_term_string}"},"query-input":{"@type":"PropertyValueSpecification","valueRequired":true,"valueName":"search_term_string"}}],"inLanguage":"de"},{"@type":"Organization","@id":"https:\/\/www.keoutdoordesign.com\/it-it\/#organization","name":"KE Outdoor Design","url":"https:\/\/www.keoutdoordesign.com\/it-it\/","logo":{"@type":"ImageObject","inLanguage":"de","@id":"https:\/\/www.keoutdoordesign.com\/it-it\/#\/schema\/logo\/image\/","url":"https:\/\/www.keoutdoordesign.com\/wp-content\/uploads\/2020\/02\/KE-logo-Primary-e1591282842174.jpg","contentUrl":"https:\/\/www.keoutdoordesign.com\/wp-content\/uploads\/2020\/02\/KE-logo-Primary-e1591282842174.jpg","width":500,"height":396,"caption":"KE Outdoor Design"},"image":{"@id":"https:\/\/www.keoutdoordesign.com\/it-it\/#\/schema\/logo\/image\/"},"sameAs":["https:\/\/www.facebook.com\/keoutdoordesign.us","https:\/\/x.com\/keoutdoordesign","https:\/\/www.facebook.com\/keoutdoordesign","https:\/\/www.youtube.com\/channel\/UCSoMQryJpLqD53bAoZLg2Vg","https:\/\/www.pinterest.it\/keoutdoordesign\/","https:\/\/www.instagram.com\/keoutdoordesign\/","https:\/\/www.linkedin.com\/company\/ke-outdoor-design\/"]}]}},"_links":{"self":[{"href":"https:\/\/www.keoutdoordesign.com\/de-de\/wp-json\/wp\/v2\/pages\/3327","targetHints":{"allow":["GET"]}}],"collection":[{"href":"https:\/\/www.keoutdoordesign.com\/de-de\/wp-json\/wp\/v2\/pages"}],"about":[{"href":"https:\/\/www.keoutdoordesign.com\/de-de\/wp-json\/wp\/v2\/types\/page"}],"author":[{"embeddable":true,"href":"https:\/\/www.keoutdoordesign.com\/de-de\/wp-json\/wp\/v2\/users\/10608"}],"replies":[{"embeddable":true,"href":"https:\/\/www.keoutdoordesign.com\/de-de\/wp-json\/wp\/v2\/comments?post=3327"}],"version-history":[{"count":5,"href":"https:\/\/www.keoutdoordesign.com\/de-de\/wp-json\/wp\/v2\/pages\/3327\/revisions"}],"predecessor-version":[{"id":28289,"href":"https:\/\/www.keoutdoordesign.com\/de-de\/wp-json\/wp\/v2\/pages\/3327\/revisions\/28289"}],"wp:featuredmedia":[{"embeddable":true,"href":"https:\/\/www.keoutdoordesign.com\/de-de\/wp-json\/wp\/v2\/media\/108198"}],"wp:attachment":[{"href":"https:\/\/www.keoutdoordesign.com\/de-de\/wp-json\/wp\/v2\/media?parent=3327"}],"curies":[{"name":"wp","href":"https:\/\/api.w.org\/{rel}","templated":true}]}}