{"id":3323,"date":"2019-05-28T15:20:33","date_gmt":"2019-05-28T13:20:33","guid":{"rendered":"http:\/\/ke.localhost.it\/?page_id=3323"},"modified":"2023-02-07T15:32:42","modified_gmt":"2023-02-07T14:32:42","slug":"architekten","status":"publish","type":"page","link":"https:\/\/www.keoutdoordesign.com\/de-de\/ke-welt\/architekten\/","title":{"rendered":"Architekten"},"content":{"rendered":"<p>Was wir jeden Tag tun? Wir pr\u00fcfen und optimieren laufend die Funktionalit\u00e4t unserer ma\u00dfgeschneiderten Pergolen und Markisen und gestalten jedes Detail unserer Produkte sorgf\u00e4ltig. Unser Ziel ist es, den Komfort f\u00fcr die Nutzer unserer Produkte zu erh\u00f6hen und Ihnen beim Entwurf dieser Ruheoasen zur Seite zu stehen.<\/p>\n<p>All unsere Markisen und Sonnenschutzsysteme sind f\u00fcr und mit Architekten und Designern entwickelt. Dank unserer breiten Produktpalette und der gro\u00dfen Auswahl an Stoffen und Oberfl\u00e4chen k\u00f6nnen wir jedes Produkt individuell f\u00fcr Sie gestalten. Unsere Markisen, bioklimatische Lamellend\u00e4cher und Pergolen sind ma\u00dfgeschneidert bis ins Detail.<\/p>\n<p>Die Entw\u00fcrfe f\u00fcr KE-Sonnenschutzprodukte entstehen in unserer Vorstellung. Architekten, Designer und Landschaftsgestalter wissen, wie sie die kreativen M\u00f6glichkeiten unserer Produkte voll aussch\u00f6pfen und unterstreichen. Markisen und Pergolen sind modular aufgebaut und erm\u00f6glichen die Schaffung von Umgebungen, die zugleich innovativ und harmonisch sind und den aktuellsten Trends in Punkto Design und nachhaltiger Architektur entsprechen.<\/p>\n<p>Unsere Arbeit endet nicht mit dem Design. Wir sind Ihr kompetenter Partner und bieten Ihnen Beratungs- und Unterst\u00fctzungsleistungen auch in der Installations-, Dokumentations- und Genehmigungsphase.<\/p>\n<p>Um die Zusammenarbeit mit Architekten und Designern zu verbessern, ist KE Outdoor Design der Syncronia-Plattform beigetreten und stellt eine Bibliothek mit etwa 150 parametrischen BIM-Objekten (in den Formaten rfa, rvt und ifc), 3D-Modelle f\u00fcr AutoCAD und 3DMax, technische Dokumente und Kataloge zur Verf\u00fcgung.<\/p>\n<p><span class=\"tlid-translation translation\" lang=\"de\"><span class=\"\" title=\"\">Laden Sie BIM-Objekte und 3D-Modelle in unserem Medienbereich herunter oder klicken Sie hier. <a href=\"\/?page_id=11619\">hier<\/a>.<\/span><\/span><\/p>\n","protected":false},"excerpt":{"rendered":"<p>Was wir jeden Tag tun? Wir pr\u00fcfen und optimieren laufend die Funktionalit\u00e4t unserer ma\u00dfgeschneiderten Pergolen und Markisen und gestalten jedes&hellip;<\/p>\n","protected":false},"author":10608,"featured_media":37386,"parent":5604,"menu_order":27,"comment_status":"closed","ping_status":"closed","template":"page-templates\/architects.php","meta":{"_acf_changed":false,"footnotes":""},"class_list":["post-3323","page","type-page","status-publish","has-post-thumbnail","hentry"],"acf":[],"yoast_head":"<!-- This site is optimized with the Yoast SEO Premium plugin v20.12 (Yoast SEO v27.3) - https:\/\/yoast.com\/product\/yoast-seo-premium-wordpress\/ -->\n<title>Architekten und Designer - KE Outdoor Design<\/title>\n<meta name=\"description\" content=\"Wir bieten Architekten professionelle Beratung und kreative, ma\u00dfgeschneiderte L\u00f6sungen f\u00fcr Markisen, Pergolen und Terrassend\u00e4cher.\" \/>\n<meta name=\"robots\" content=\"index, follow, max-snippet:-1, max-image-preview:large, max-video-preview:-1\" \/>\n<link rel=\"canonical\" href=\"https:\/\/www.keoutdoordesign.com\/de-de\/ke-welt\/architekten\/\" \/>\n<meta property=\"og:locale\" content=\"de_DE\" \/>\n<meta property=\"og:type\" content=\"article\" \/>\n<meta property=\"og:title\" content=\"Architekten\" \/>\n<meta property=\"og:description\" content=\"Wir bieten Architekten professionelle Beratung und kreative, ma\u00dfgeschneiderte L\u00f6sungen f\u00fcr Markisen, Pergolen und Terrassend\u00e4cher.\" \/>\n<meta property=\"og:url\" content=\"https:\/\/www.keoutdoordesign.com\/de-de\/ke-welt\/architekten\/\" \/>\n<meta property=\"og:site_name\" content=\"KE Outdoor Design\" \/>\n<meta property=\"article:publisher\" content=\"https:\/\/www.facebook.com\/keoutdoordesign.us\" \/>\n<meta property=\"article:modified_time\" content=\"2023-02-07T14:32:42+00:00\" \/>\n<meta property=\"og:image\" content=\"https:\/\/www.keoutdoordesign.com\/wp-content\/uploads\/2022\/06\/ke_logo.png\" \/>\n\t<meta property=\"og:image:width\" content=\"1260\" \/>\n\t<meta property=\"og:image:height\" content=\"630\" \/>\n\t<meta property=\"og:image:type\" content=\"image\/png\" \/>\n<meta name=\"twitter:card\" content=\"summary_large_image\" \/>\n<meta name=\"twitter:site\" content=\"@keoutdoordesign\" \/>\n<script type=\"application\/ld+json\" class=\"yoast-schema-graph\">{\"@context\":\"https:\\\/\\\/schema.org\",\"@graph\":[{\"@type\":\"WebPage\",\"@id\":\"https:\\\/\\\/www.keoutdoordesign.com\\\/de-de\\\/ke-welt\\\/architekten\\\/\",\"url\":\"https:\\\/\\\/www.keoutdoordesign.com\\\/de-de\\\/ke-welt\\\/architekten\\\/\",\"name\":\"Architekten und Designer - KE Outdoor Design\",\"isPartOf\":{\"@id\":\"https:\\\/\\\/www.keoutdoordesign.com\\\/it-it\\\/#website\"},\"primaryImageOfPage\":{\"@id\":\"https:\\\/\\\/www.keoutdoordesign.com\\\/de-de\\\/ke-welt\\\/architekten\\\/#primaryimage\"},\"image\":{\"@id\":\"https:\\\/\\\/www.keoutdoordesign.com\\\/de-de\\\/ke-welt\\\/architekten\\\/#primaryimage\"},\"thumbnailUrl\":\"https:\\\/\\\/www.keoutdoordesign.com\\\/wp-content\\\/uploads\\\/2021\\\/06\\\/aluminium-louvered-pergola-ke-kedry-prime-1.jpg\",\"datePublished\":\"2019-05-28T13:20:33+00:00\",\"dateModified\":\"2023-02-07T14:32:42+00:00\",\"description\":\"Wir bieten Architekten professionelle Beratung und kreative, ma\u00dfgeschneiderte L\u00f6sungen f\u00fcr Markisen, Pergolen und Terrassend\u00e4cher.\",\"breadcrumb\":{\"@id\":\"https:\\\/\\\/www.keoutdoordesign.com\\\/de-de\\\/ke-welt\\\/architekten\\\/#breadcrumb\"},\"inLanguage\":\"de\",\"potentialAction\":[{\"@type\":\"ReadAction\",\"target\":[\"https:\\\/\\\/www.keoutdoordesign.com\\\/de-de\\\/ke-welt\\\/architekten\\\/\"]}]},{\"@type\":\"ImageObject\",\"inLanguage\":\"de\",\"@id\":\"https:\\\/\\\/www.keoutdoordesign.com\\\/de-de\\\/ke-welt\\\/architekten\\\/#primaryimage\",\"url\":\"https:\\\/\\\/www.keoutdoordesign.com\\\/wp-content\\\/uploads\\\/2021\\\/06\\\/aluminium-louvered-pergola-ke-kedry-prime-1.jpg\",\"contentUrl\":\"https:\\\/\\\/www.keoutdoordesign.com\\\/wp-content\\\/uploads\\\/2021\\\/06\\\/aluminium-louvered-pergola-ke-kedry-prime-1.jpg\",\"width\":1200,\"height\":800,\"caption\":\"aluminium-louvered-pergola-ke-kedry-prime-1\"},{\"@type\":\"BreadcrumbList\",\"@id\":\"https:\\\/\\\/www.keoutdoordesign.com\\\/de-de\\\/ke-welt\\\/architekten\\\/#breadcrumb\",\"itemListElement\":[{\"@type\":\"ListItem\",\"position\":1,\"name\":\"Home\",\"item\":\"https:\\\/\\\/www.keoutdoordesign.com\\\/de-de\\\/\"},{\"@type\":\"ListItem\",\"position\":2,\"name\":\"KE Welt\",\"item\":\"https:\\\/\\\/www.keoutdoordesign.com\\\/de-de\\\/ke-welt\\\/\"},{\"@type\":\"ListItem\",\"position\":3,\"name\":\"Architekten\"}]},{\"@type\":\"WebSite\",\"@id\":\"https:\\\/\\\/www.keoutdoordesign.com\\\/it-it\\\/#website\",\"url\":\"https:\\\/\\\/www.keoutdoordesign.com\\\/it-it\\\/\",\"name\":\"KE Outdoor Design\",\"description\":\"Un nuovo sito targato WordPress\",\"publisher\":{\"@id\":\"https:\\\/\\\/www.keoutdoordesign.com\\\/it-it\\\/#organization\"},\"potentialAction\":[{\"@type\":\"SearchAction\",\"target\":{\"@type\":\"EntryPoint\",\"urlTemplate\":\"https:\\\/\\\/www.keoutdoordesign.com\\\/it-it\\\/?s={search_term_string}\"},\"query-input\":{\"@type\":\"PropertyValueSpecification\",\"valueRequired\":true,\"valueName\":\"search_term_string\"}}],\"inLanguage\":\"de\"},{\"@type\":\"Organization\",\"@id\":\"https:\\\/\\\/www.keoutdoordesign.com\\\/it-it\\\/#organization\",\"name\":\"KE Outdoor Design\",\"url\":\"https:\\\/\\\/www.keoutdoordesign.com\\\/it-it\\\/\",\"logo\":{\"@type\":\"ImageObject\",\"inLanguage\":\"de\",\"@id\":\"https:\\\/\\\/www.keoutdoordesign.com\\\/it-it\\\/#\\\/schema\\\/logo\\\/image\\\/\",\"url\":\"https:\\\/\\\/www.keoutdoordesign.com\\\/wp-content\\\/uploads\\\/2020\\\/02\\\/KE-logo-Primary-e1591282842174.jpg\",\"contentUrl\":\"https:\\\/\\\/www.keoutdoordesign.com\\\/wp-content\\\/uploads\\\/2020\\\/02\\\/KE-logo-Primary-e1591282842174.jpg\",\"width\":500,\"height\":396,\"caption\":\"KE Outdoor Design\"},\"image\":{\"@id\":\"https:\\\/\\\/www.keoutdoordesign.com\\\/it-it\\\/#\\\/schema\\\/logo\\\/image\\\/\"},\"sameAs\":[\"https:\\\/\\\/www.facebook.com\\\/keoutdoordesign.us\",\"https:\\\/\\\/x.com\\\/keoutdoordesign\",\"https:\\\/\\\/www.facebook.com\\\/keoutdoordesign\",\"https:\\\/\\\/www.youtube.com\\\/channel\\\/UCSoMQryJpLqD53bAoZLg2Vg\",\"https:\\\/\\\/www.pinterest.it\\\/keoutdoordesign\\\/\",\"https:\\\/\\\/www.instagram.com\\\/keoutdoordesign\\\/\",\"https:\\\/\\\/www.linkedin.com\\\/company\\\/ke-outdoor-design\\\/\"]}]}<\/script>\n<!-- \/ Yoast SEO Premium plugin. -->","yoast_head_json":{"title":"Architekten und Designer - KE Outdoor Design","description":"Wir bieten Architekten professionelle Beratung und kreative, ma\u00dfgeschneiderte L\u00f6sungen f\u00fcr Markisen, Pergolen und Terrassend\u00e4cher.","robots":{"index":"index","follow":"follow","max-snippet":"max-snippet:-1","max-image-preview":"max-image-preview:large","max-video-preview":"max-video-preview:-1"},"canonical":"https:\/\/www.keoutdoordesign.com\/de-de\/ke-welt\/architekten\/","og_locale":"de_DE","og_type":"article","og_title":"Architekten","og_description":"Wir bieten Architekten professionelle Beratung und kreative, ma\u00dfgeschneiderte L\u00f6sungen f\u00fcr Markisen, Pergolen und Terrassend\u00e4cher.","og_url":"https:\/\/www.keoutdoordesign.com\/de-de\/ke-welt\/architekten\/","og_site_name":"KE Outdoor Design","article_publisher":"https:\/\/www.facebook.com\/keoutdoordesign.us","article_modified_time":"2023-02-07T14:32:42+00:00","og_image":[{"width":1260,"height":630,"url":"https:\/\/www.keoutdoordesign.com\/wp-content\/uploads\/2022\/06\/ke_logo.png","type":"image\/png"}],"twitter_card":"summary_large_image","twitter_site":"@keoutdoordesign","schema":{"@context":"https:\/\/schema.org","@graph":[{"@type":"WebPage","@id":"https:\/\/www.keoutdoordesign.com\/de-de\/ke-welt\/architekten\/","url":"https:\/\/www.keoutdoordesign.com\/de-de\/ke-welt\/architekten\/","name":"Architekten und Designer - KE Outdoor Design","isPartOf":{"@id":"https:\/\/www.keoutdoordesign.com\/it-it\/#website"},"primaryImageOfPage":{"@id":"https:\/\/www.keoutdoordesign.com\/de-de\/ke-welt\/architekten\/#primaryimage"},"image":{"@id":"https:\/\/www.keoutdoordesign.com\/de-de\/ke-welt\/architekten\/#primaryimage"},"thumbnailUrl":"https:\/\/www.keoutdoordesign.com\/wp-content\/uploads\/2021\/06\/aluminium-louvered-pergola-ke-kedry-prime-1.jpg","datePublished":"2019-05-28T13:20:33+00:00","dateModified":"2023-02-07T14:32:42+00:00","description":"Wir bieten Architekten professionelle Beratung und kreative, ma\u00dfgeschneiderte L\u00f6sungen f\u00fcr Markisen, Pergolen und Terrassend\u00e4cher.","breadcrumb":{"@id":"https:\/\/www.keoutdoordesign.com\/de-de\/ke-welt\/architekten\/#breadcrumb"},"inLanguage":"de","potentialAction":[{"@type":"ReadAction","target":["https:\/\/www.keoutdoordesign.com\/de-de\/ke-welt\/architekten\/"]}]},{"@type":"ImageObject","inLanguage":"de","@id":"https:\/\/www.keoutdoordesign.com\/de-de\/ke-welt\/architekten\/#primaryimage","url":"https:\/\/www.keoutdoordesign.com\/wp-content\/uploads\/2021\/06\/aluminium-louvered-pergola-ke-kedry-prime-1.jpg","contentUrl":"https:\/\/www.keoutdoordesign.com\/wp-content\/uploads\/2021\/06\/aluminium-louvered-pergola-ke-kedry-prime-1.jpg","width":1200,"height":800,"caption":"aluminium-louvered-pergola-ke-kedry-prime-1"},{"@type":"BreadcrumbList","@id":"https:\/\/www.keoutdoordesign.com\/de-de\/ke-welt\/architekten\/#breadcrumb","itemListElement":[{"@type":"ListItem","position":1,"name":"Home","item":"https:\/\/www.keoutdoordesign.com\/de-de\/"},{"@type":"ListItem","position":2,"name":"KE Welt","item":"https:\/\/www.keoutdoordesign.com\/de-de\/ke-welt\/"},{"@type":"ListItem","position":3,"name":"Architekten"}]},{"@type":"WebSite","@id":"https:\/\/www.keoutdoordesign.com\/it-it\/#website","url":"https:\/\/www.keoutdoordesign.com\/it-it\/","name":"KE Outdoor Design","description":"Un nuovo sito targato WordPress","publisher":{"@id":"https:\/\/www.keoutdoordesign.com\/it-it\/#organization"},"potentialAction":[{"@type":"SearchAction","target":{"@type":"EntryPoint","urlTemplate":"https:\/\/www.keoutdoordesign.com\/it-it\/?s={search_term_string}"},"query-input":{"@type":"PropertyValueSpecification","valueRequired":true,"valueName":"search_term_string"}}],"inLanguage":"de"},{"@type":"Organization","@id":"https:\/\/www.keoutdoordesign.com\/it-it\/#organization","name":"KE Outdoor Design","url":"https:\/\/www.keoutdoordesign.com\/it-it\/","logo":{"@type":"ImageObject","inLanguage":"de","@id":"https:\/\/www.keoutdoordesign.com\/it-it\/#\/schema\/logo\/image\/","url":"https:\/\/www.keoutdoordesign.com\/wp-content\/uploads\/2020\/02\/KE-logo-Primary-e1591282842174.jpg","contentUrl":"https:\/\/www.keoutdoordesign.com\/wp-content\/uploads\/2020\/02\/KE-logo-Primary-e1591282842174.jpg","width":500,"height":396,"caption":"KE Outdoor Design"},"image":{"@id":"https:\/\/www.keoutdoordesign.com\/it-it\/#\/schema\/logo\/image\/"},"sameAs":["https:\/\/www.facebook.com\/keoutdoordesign.us","https:\/\/x.com\/keoutdoordesign","https:\/\/www.facebook.com\/keoutdoordesign","https:\/\/www.youtube.com\/channel\/UCSoMQryJpLqD53bAoZLg2Vg","https:\/\/www.pinterest.it\/keoutdoordesign\/","https:\/\/www.instagram.com\/keoutdoordesign\/","https:\/\/www.linkedin.com\/company\/ke-outdoor-design\/"]}]}},"_links":{"self":[{"href":"https:\/\/www.keoutdoordesign.com\/de-de\/wp-json\/wp\/v2\/pages\/3323","targetHints":{"allow":["GET"]}}],"collection":[{"href":"https:\/\/www.keoutdoordesign.com\/de-de\/wp-json\/wp\/v2\/pages"}],"about":[{"href":"https:\/\/www.keoutdoordesign.com\/de-de\/wp-json\/wp\/v2\/types\/page"}],"author":[{"embeddable":true,"href":"https:\/\/www.keoutdoordesign.com\/de-de\/wp-json\/wp\/v2\/users\/10608"}],"replies":[{"embeddable":true,"href":"https:\/\/www.keoutdoordesign.com\/de-de\/wp-json\/wp\/v2\/comments?post=3323"}],"version-history":[{"count":16,"href":"https:\/\/www.keoutdoordesign.com\/de-de\/wp-json\/wp\/v2\/pages\/3323\/revisions"}],"predecessor-version":[{"id":55239,"href":"https:\/\/www.keoutdoordesign.com\/de-de\/wp-json\/wp\/v2\/pages\/3323\/revisions\/55239"}],"up":[{"embeddable":true,"href":"https:\/\/www.keoutdoordesign.com\/de-de\/wp-json\/wp\/v2\/pages\/5604"}],"wp:featuredmedia":[{"embeddable":true,"href":"https:\/\/www.keoutdoordesign.com\/de-de\/wp-json\/wp\/v2\/media\/37386"}],"wp:attachment":[{"href":"https:\/\/www.keoutdoordesign.com\/de-de\/wp-json\/wp\/v2\/media?parent=3323"}],"curies":[{"name":"wp","href":"https:\/\/api.w.org\/{rel}","templated":true}]}}