{"id":3319,"date":"2019-05-28T15:20:18","date_gmt":"2019-05-28T13:20:18","guid":{"rendered":"http:\/\/ke.localhost.it\/?page_id=3319"},"modified":"2023-08-07T11:26:02","modified_gmt":"2023-08-07T09:26:02","slug":"design-individualisierung","status":"publish","type":"page","link":"https:\/\/www.keoutdoordesign.com\/de-de\/service\/design-individualisierung\/","title":{"rendered":"Design &#038; Individualisierung"},"content":{"rendered":"<p>\u00c4sthetik ist unsere Berufung. Das macht uns als <strong>Markisenhersteller<\/strong> neugierig, es l\u00e4sst uns experimentieren und Trends vorausahnen. Die Zusammenarbeit mit Architekten und Designern bei der Gestaltung unserer <strong>Markisen oder Pergolen<\/strong> spornt uns jeden Tag aufs Neue an, uns selbst zu \u00fcbertreffen. So erarbeiten wir stets den besten Weg, um <strong>Funktionalit\u00e4t, Best\u00e4ndigkeit und \u00c4sthetik<\/strong> in einer gekonnten Mischung aus Kreativit\u00e4t und Realisierbarkeit zu verweben und einzigartige Projekte auszuf\u00fchren.<\/p>\n<p>Was ist das Ziel von so viel leidenschaftlicher Forschung? Die Verwandlung von Au\u00dfenbereichen in \u00fcberraschende und einladende Wohlf\u00fchloasen. Sie und Ihre G\u00e4ste werden unter unseren ma\u00dfgefertigten Markisen und individuell gestalteten Pergolen Augenblicke des Wohlbefindens und der Freude erleben.<\/p>\n<p>Wir arbeiten gern eng mit Designern, <strong>Architekten und Innenarchitekten zusammen<\/strong>, denn wir glauben, dass kreative Einfl\u00fcsse zu hervorragenden Ergebnissen und bemerkenswert genialen Werken f\u00fchren.<\/p>\n<p>Mit unseren in Italien konzipierten und gefertigten \u00dcberdachungsl\u00f6sungen f\u00fcr alle Au\u00dfenbereiche m\u00f6chten wir auf unsere eigene kleine Weise ein St\u00fcck des traditionellen Know-hows unseres Landes, unsere Kultur sowie Qualit\u00e4t &#8222;Made in Italy&#8220; in die Welt hinaustragen. Und auch ein bisschen von unserer sch\u00f6nen Sonne! Wer k\u00f6nnte bessere Markisen und Pergolen als Sonnenschutz herstellen?<\/p>\n","protected":false},"excerpt":{"rendered":"<p>\u00c4sthetik ist unsere Berufung. Das macht uns als Markisenhersteller neugierig, es l\u00e4sst uns experimentieren und Trends vorausahnen. Die Zusammenarbeit mit&hellip;<\/p>\n","protected":false},"author":10608,"featured_media":0,"parent":8031,"menu_order":0,"comment_status":"closed","ping_status":"closed","template":"","meta":{"_acf_changed":false,"footnotes":""},"class_list":["post-3319","page","type-page","status-publish","hentry"],"acf":[],"yoast_head":"<!-- This site is optimized with the Yoast SEO Premium plugin v20.12 (Yoast SEO v27.3) - https:\/\/yoast.com\/product\/yoast-seo-premium-wordpress\/ -->\n<title>Design und Individualisierungsm\u00f6glichkeiten | KE Outdoor Design<\/title>\n<meta name=\"description\" content=\"Als Markisenhersteller arbeiten wir mit Architekten und Designern zusammen, um Funktionalit\u00e4t und \u00c4sthetik stets zu erreichen. Sprechen Sie uns an!\" \/>\n<meta name=\"robots\" content=\"index, follow, max-snippet:-1, max-image-preview:large, max-video-preview:-1\" \/>\n<link rel=\"canonical\" href=\"https:\/\/www.keoutdoordesign.com\/de-de\/service\/design-individualisierung\/\" \/>\n<meta property=\"og:locale\" content=\"de_DE\" \/>\n<meta property=\"og:type\" content=\"article\" \/>\n<meta property=\"og:title\" content=\"Design &amp; Individualisierung\" \/>\n<meta property=\"og:description\" content=\"Als Markisenhersteller arbeiten wir mit Architekten und Designern zusammen, um Funktionalit\u00e4t und \u00c4sthetik stets zu erreichen. Sprechen Sie uns an!\" \/>\n<meta property=\"og:url\" content=\"https:\/\/www.keoutdoordesign.com\/de-de\/service\/design-individualisierung\/\" \/>\n<meta property=\"og:site_name\" content=\"KE Outdoor Design\" \/>\n<meta property=\"article:publisher\" content=\"https:\/\/www.facebook.com\/keoutdoordesign.us\" \/>\n<meta property=\"article:modified_time\" content=\"2023-08-07T09:26:02+00:00\" \/>\n<meta property=\"og:image\" content=\"https:\/\/www.keoutdoordesign.com\/wp-content\/uploads\/2022\/06\/ke_logo.png\" \/>\n\t<meta property=\"og:image:width\" content=\"1260\" \/>\n\t<meta property=\"og:image:height\" content=\"630\" \/>\n\t<meta property=\"og:image:type\" content=\"image\/png\" \/>\n<meta name=\"twitter:card\" content=\"summary_large_image\" \/>\n<meta name=\"twitter:site\" content=\"@keoutdoordesign\" \/>\n<script type=\"application\/ld+json\" class=\"yoast-schema-graph\">{\"@context\":\"https:\\\/\\\/schema.org\",\"@graph\":[{\"@type\":\"WebPage\",\"@id\":\"https:\\\/\\\/www.keoutdoordesign.com\\\/de-de\\\/service\\\/design-individualisierung\\\/\",\"url\":\"https:\\\/\\\/www.keoutdoordesign.com\\\/de-de\\\/service\\\/design-individualisierung\\\/\",\"name\":\"Design und Individualisierungsm\u00f6glichkeiten | KE Outdoor Design\",\"isPartOf\":{\"@id\":\"https:\\\/\\\/www.keoutdoordesign.com\\\/it-it\\\/#website\"},\"datePublished\":\"2019-05-28T13:20:18+00:00\",\"dateModified\":\"2023-08-07T09:26:02+00:00\",\"description\":\"Als Markisenhersteller arbeiten wir mit Architekten und Designern zusammen, um Funktionalit\u00e4t und \u00c4sthetik stets zu erreichen. Sprechen Sie uns an!\",\"breadcrumb\":{\"@id\":\"https:\\\/\\\/www.keoutdoordesign.com\\\/de-de\\\/service\\\/design-individualisierung\\\/#breadcrumb\"},\"inLanguage\":\"de\",\"potentialAction\":[{\"@type\":\"ReadAction\",\"target\":[\"https:\\\/\\\/www.keoutdoordesign.com\\\/de-de\\\/service\\\/design-individualisierung\\\/\"]}]},{\"@type\":\"BreadcrumbList\",\"@id\":\"https:\\\/\\\/www.keoutdoordesign.com\\\/de-de\\\/service\\\/design-individualisierung\\\/#breadcrumb\",\"itemListElement\":[{\"@type\":\"ListItem\",\"position\":1,\"name\":\"Home\",\"item\":\"https:\\\/\\\/www.keoutdoordesign.com\\\/de-de\\\/\"},{\"@type\":\"ListItem\",\"position\":2,\"name\":\"Service\",\"item\":\"https:\\\/\\\/www.keoutdoordesign.com\\\/de-de\\\/service\\\/\"},{\"@type\":\"ListItem\",\"position\":3,\"name\":\"Design &#038; Individualisierung\"}]},{\"@type\":\"WebSite\",\"@id\":\"https:\\\/\\\/www.keoutdoordesign.com\\\/it-it\\\/#website\",\"url\":\"https:\\\/\\\/www.keoutdoordesign.com\\\/it-it\\\/\",\"name\":\"KE Outdoor Design\",\"description\":\"Un nuovo sito targato WordPress\",\"publisher\":{\"@id\":\"https:\\\/\\\/www.keoutdoordesign.com\\\/it-it\\\/#organization\"},\"potentialAction\":[{\"@type\":\"SearchAction\",\"target\":{\"@type\":\"EntryPoint\",\"urlTemplate\":\"https:\\\/\\\/www.keoutdoordesign.com\\\/it-it\\\/?s={search_term_string}\"},\"query-input\":{\"@type\":\"PropertyValueSpecification\",\"valueRequired\":true,\"valueName\":\"search_term_string\"}}],\"inLanguage\":\"de\"},{\"@type\":\"Organization\",\"@id\":\"https:\\\/\\\/www.keoutdoordesign.com\\\/it-it\\\/#organization\",\"name\":\"KE Outdoor Design\",\"url\":\"https:\\\/\\\/www.keoutdoordesign.com\\\/it-it\\\/\",\"logo\":{\"@type\":\"ImageObject\",\"inLanguage\":\"de\",\"@id\":\"https:\\\/\\\/www.keoutdoordesign.com\\\/it-it\\\/#\\\/schema\\\/logo\\\/image\\\/\",\"url\":\"https:\\\/\\\/www.keoutdoordesign.com\\\/wp-content\\\/uploads\\\/2020\\\/02\\\/KE-logo-Primary-e1591282842174.jpg\",\"contentUrl\":\"https:\\\/\\\/www.keoutdoordesign.com\\\/wp-content\\\/uploads\\\/2020\\\/02\\\/KE-logo-Primary-e1591282842174.jpg\",\"width\":500,\"height\":396,\"caption\":\"KE Outdoor Design\"},\"image\":{\"@id\":\"https:\\\/\\\/www.keoutdoordesign.com\\\/it-it\\\/#\\\/schema\\\/logo\\\/image\\\/\"},\"sameAs\":[\"https:\\\/\\\/www.facebook.com\\\/keoutdoordesign.us\",\"https:\\\/\\\/x.com\\\/keoutdoordesign\",\"https:\\\/\\\/www.facebook.com\\\/keoutdoordesign\",\"https:\\\/\\\/www.youtube.com\\\/channel\\\/UCSoMQryJpLqD53bAoZLg2Vg\",\"https:\\\/\\\/www.pinterest.it\\\/keoutdoordesign\\\/\",\"https:\\\/\\\/www.instagram.com\\\/keoutdoordesign\\\/\",\"https:\\\/\\\/www.linkedin.com\\\/company\\\/ke-outdoor-design\\\/\"]}]}<\/script>\n<!-- \/ Yoast SEO Premium plugin. -->","yoast_head_json":{"title":"Design und Individualisierungsm\u00f6glichkeiten | KE Outdoor Design","description":"Als Markisenhersteller arbeiten wir mit Architekten und Designern zusammen, um Funktionalit\u00e4t und \u00c4sthetik stets zu erreichen. Sprechen Sie uns an!","robots":{"index":"index","follow":"follow","max-snippet":"max-snippet:-1","max-image-preview":"max-image-preview:large","max-video-preview":"max-video-preview:-1"},"canonical":"https:\/\/www.keoutdoordesign.com\/de-de\/service\/design-individualisierung\/","og_locale":"de_DE","og_type":"article","og_title":"Design & Individualisierung","og_description":"Als Markisenhersteller arbeiten wir mit Architekten und Designern zusammen, um Funktionalit\u00e4t und \u00c4sthetik stets zu erreichen. Sprechen Sie uns an!","og_url":"https:\/\/www.keoutdoordesign.com\/de-de\/service\/design-individualisierung\/","og_site_name":"KE Outdoor Design","article_publisher":"https:\/\/www.facebook.com\/keoutdoordesign.us","article_modified_time":"2023-08-07T09:26:02+00:00","og_image":[{"width":1260,"height":630,"url":"https:\/\/www.keoutdoordesign.com\/wp-content\/uploads\/2022\/06\/ke_logo.png","type":"image\/png"}],"twitter_card":"summary_large_image","twitter_site":"@keoutdoordesign","schema":{"@context":"https:\/\/schema.org","@graph":[{"@type":"WebPage","@id":"https:\/\/www.keoutdoordesign.com\/de-de\/service\/design-individualisierung\/","url":"https:\/\/www.keoutdoordesign.com\/de-de\/service\/design-individualisierung\/","name":"Design und Individualisierungsm\u00f6glichkeiten | KE Outdoor Design","isPartOf":{"@id":"https:\/\/www.keoutdoordesign.com\/it-it\/#website"},"datePublished":"2019-05-28T13:20:18+00:00","dateModified":"2023-08-07T09:26:02+00:00","description":"Als Markisenhersteller arbeiten wir mit Architekten und Designern zusammen, um Funktionalit\u00e4t und \u00c4sthetik stets zu erreichen. Sprechen Sie uns an!","breadcrumb":{"@id":"https:\/\/www.keoutdoordesign.com\/de-de\/service\/design-individualisierung\/#breadcrumb"},"inLanguage":"de","potentialAction":[{"@type":"ReadAction","target":["https:\/\/www.keoutdoordesign.com\/de-de\/service\/design-individualisierung\/"]}]},{"@type":"BreadcrumbList","@id":"https:\/\/www.keoutdoordesign.com\/de-de\/service\/design-individualisierung\/#breadcrumb","itemListElement":[{"@type":"ListItem","position":1,"name":"Home","item":"https:\/\/www.keoutdoordesign.com\/de-de\/"},{"@type":"ListItem","position":2,"name":"Service","item":"https:\/\/www.keoutdoordesign.com\/de-de\/service\/"},{"@type":"ListItem","position":3,"name":"Design &#038; Individualisierung"}]},{"@type":"WebSite","@id":"https:\/\/www.keoutdoordesign.com\/it-it\/#website","url":"https:\/\/www.keoutdoordesign.com\/it-it\/","name":"KE Outdoor Design","description":"Un nuovo sito targato WordPress","publisher":{"@id":"https:\/\/www.keoutdoordesign.com\/it-it\/#organization"},"potentialAction":[{"@type":"SearchAction","target":{"@type":"EntryPoint","urlTemplate":"https:\/\/www.keoutdoordesign.com\/it-it\/?s={search_term_string}"},"query-input":{"@type":"PropertyValueSpecification","valueRequired":true,"valueName":"search_term_string"}}],"inLanguage":"de"},{"@type":"Organization","@id":"https:\/\/www.keoutdoordesign.com\/it-it\/#organization","name":"KE Outdoor Design","url":"https:\/\/www.keoutdoordesign.com\/it-it\/","logo":{"@type":"ImageObject","inLanguage":"de","@id":"https:\/\/www.keoutdoordesign.com\/it-it\/#\/schema\/logo\/image\/","url":"https:\/\/www.keoutdoordesign.com\/wp-content\/uploads\/2020\/02\/KE-logo-Primary-e1591282842174.jpg","contentUrl":"https:\/\/www.keoutdoordesign.com\/wp-content\/uploads\/2020\/02\/KE-logo-Primary-e1591282842174.jpg","width":500,"height":396,"caption":"KE Outdoor Design"},"image":{"@id":"https:\/\/www.keoutdoordesign.com\/it-it\/#\/schema\/logo\/image\/"},"sameAs":["https:\/\/www.facebook.com\/keoutdoordesign.us","https:\/\/x.com\/keoutdoordesign","https:\/\/www.facebook.com\/keoutdoordesign","https:\/\/www.youtube.com\/channel\/UCSoMQryJpLqD53bAoZLg2Vg","https:\/\/www.pinterest.it\/keoutdoordesign\/","https:\/\/www.instagram.com\/keoutdoordesign\/","https:\/\/www.linkedin.com\/company\/ke-outdoor-design\/"]}]}},"_links":{"self":[{"href":"https:\/\/www.keoutdoordesign.com\/de-de\/wp-json\/wp\/v2\/pages\/3319","targetHints":{"allow":["GET"]}}],"collection":[{"href":"https:\/\/www.keoutdoordesign.com\/de-de\/wp-json\/wp\/v2\/pages"}],"about":[{"href":"https:\/\/www.keoutdoordesign.com\/de-de\/wp-json\/wp\/v2\/types\/page"}],"author":[{"embeddable":true,"href":"https:\/\/www.keoutdoordesign.com\/de-de\/wp-json\/wp\/v2\/users\/10608"}],"replies":[{"embeddable":true,"href":"https:\/\/www.keoutdoordesign.com\/de-de\/wp-json\/wp\/v2\/comments?post=3319"}],"version-history":[{"count":7,"href":"https:\/\/www.keoutdoordesign.com\/de-de\/wp-json\/wp\/v2\/pages\/3319\/revisions"}],"predecessor-version":[{"id":62007,"href":"https:\/\/www.keoutdoordesign.com\/de-de\/wp-json\/wp\/v2\/pages\/3319\/revisions\/62007"}],"up":[{"embeddable":true,"href":"https:\/\/www.keoutdoordesign.com\/de-de\/wp-json\/wp\/v2\/pages\/8031"}],"wp:attachment":[{"href":"https:\/\/www.keoutdoordesign.com\/de-de\/wp-json\/wp\/v2\/media?parent=3319"}],"curies":[{"name":"wp","href":"https:\/\/api.w.org\/{rel}","templated":true}]}}