{"id":3297,"date":"2019-05-28T15:18:27","date_gmt":"2019-05-28T13:18:27","guid":{"rendered":"http:\/\/ke.localhost.it\/?page_id=3297"},"modified":"2022-02-04T10:35:23","modified_gmt":"2022-02-04T09:35:23","slug":"pool","status":"publish","type":"page","link":"https:\/\/www.keoutdoordesign.com\/de-de\/anwendungen\/pool\/","title":{"rendered":"Pool"},"content":{"rendered":"<p>Entspannen Sie sich am Pool, genie\u00dfen Sie die leichte Brise und die wohltuenden Sonnenstrahlen. Mit Sonnensegel <strong>und bioklimatischen Pergolen<\/strong> kreieren Sie raffinierte und technisch fortschrittliche L\u00f6sungen f\u00fcr Ihre Au\u00dfenbereiche, Pools und Schwimmb\u00e4der. Dieser ansprechende Sonnenschutz bewahrt Sie und Ihre G\u00e4ste vor zu starker Hitze und sieht dabei fantastisch aus. Das <strong>Sonnensegel Kolibrie kombiniert \u00c4sthetik mit der Funktionalit\u00e4t<\/strong> <strong>nautischer Materialien<\/strong>. Dank der stabilen Rahmenkonstruktion und des wasserabweisenden Stoffs ist der Sonnenschutz gegen alle Witterungseinfl\u00fcsse gewappnet, dabei aber besonders leicht und \u00e4sthetisch. Die <strong>bioklimatische Pergola<\/strong> ist eine Insel der Ruhe, die das Wohlbefinden steigert.<\/p>\n<p>Unsere <strong>bioklimatischen Pergolen, Pergolamarkisen oder Lamellend\u00e4cher<\/strong> k\u00f6nnen wahlweise an der Wand oder freistehend montiert werden. Sie eignen sich ideal f\u00fcr Hotels oder Clubs mit Au\u00dfenanlagen und schaffen Ihren G\u00e4sten gut gesch\u00fctzte, einladende Wohlf\u00fchloasen am Pool. Egal, ob f\u00fcr eine elegante Villa, eine herrschaftliche Residenz oder ein Hotel: Unsere Pergolen sind sch\u00f6n, funktional und vielf\u00e4ltig einsetzbar.<\/p>\n","protected":false},"excerpt":{"rendered":"<p>Entspannen Sie sich am Pool, genie\u00dfen Sie die leichte Brise und die wohltuenden Sonnenstrahlen. Mit Sonnensegel und bioklimatischen Pergolen kreieren&hellip;<\/p>\n","protected":false},"author":10608,"featured_media":39740,"parent":3287,"menu_order":20,"comment_status":"closed","ping_status":"closed","template":"page-templates\/environment.php","meta":{"_acf_changed":false,"footnotes":""},"class_list":["post-3297","page","type-page","status-publish","has-post-thumbnail","hentry"],"acf":[],"yoast_head":"<!-- This site is optimized with the Yoast SEO Premium plugin v20.12 (Yoast SEO v27.0) - https:\/\/yoast.com\/product\/yoast-seo-premium-wordpress\/ -->\n<title>Pool-Pergola zur Beschattung von Pools - KE Outdoor Design<\/title>\n<meta name=\"description\" content=\"Unsere bioklimatischen Pergolen, Pergolamarkisen oder Lamellend\u00e4cher zur Beschattung schaffen gut gesch\u00fctzte, einladende Wohlf\u00fchloasen am Pool.\" \/>\n<meta name=\"robots\" content=\"index, follow, max-snippet:-1, max-image-preview:large, max-video-preview:-1\" \/>\n<link rel=\"canonical\" href=\"https:\/\/www.keoutdoordesign.com\/de-de\/anwendungen\/pool\/\" \/>\n<meta property=\"og:locale\" content=\"de_DE\" \/>\n<meta property=\"og:type\" content=\"article\" \/>\n<meta property=\"og:title\" content=\"Pool\" \/>\n<meta property=\"og:description\" content=\"Unsere bioklimatischen Pergolen, Pergolamarkisen oder Lamellend\u00e4cher zur Beschattung schaffen gut gesch\u00fctzte, einladende Wohlf\u00fchloasen am Pool.\" \/>\n<meta property=\"og:url\" content=\"https:\/\/www.keoutdoordesign.com\/de-de\/anwendungen\/pool\/\" \/>\n<meta property=\"og:site_name\" content=\"KE Outdoor Design\" \/>\n<meta property=\"article:publisher\" content=\"https:\/\/www.facebook.com\/keoutdoordesign.us\" \/>\n<meta property=\"article:modified_time\" content=\"2022-02-04T09:35:23+00:00\" \/>\n<meta property=\"og:image\" content=\"https:\/\/www.keoutdoordesign.com\/wp-content\/uploads\/2021\/08\/KE_Villa-a-Rubano_10_low.jpg\" \/>\n\t<meta property=\"og:image:width\" content=\"1920\" \/>\n\t<meta property=\"og:image:height\" content=\"1280\" \/>\n\t<meta property=\"og:image:type\" content=\"image\/jpeg\" \/>\n<meta name=\"twitter:card\" content=\"summary_large_image\" \/>\n<meta name=\"twitter:site\" content=\"@keoutdoordesign\" \/>\n<script type=\"application\/ld+json\" class=\"yoast-schema-graph\">{\"@context\":\"https:\/\/schema.org\",\"@graph\":[{\"@type\":\"WebPage\",\"@id\":\"https:\/\/www.keoutdoordesign.com\/de-de\/anwendungen\/pool\/\",\"url\":\"https:\/\/www.keoutdoordesign.com\/de-de\/anwendungen\/pool\/\",\"name\":\"Pool-Pergola zur Beschattung von Pools - KE Outdoor Design\",\"isPartOf\":{\"@id\":\"https:\/\/www.keoutdoordesign.com\/it-it\/#website\"},\"primaryImageOfPage\":{\"@id\":\"https:\/\/www.keoutdoordesign.com\/de-de\/anwendungen\/pool\/#primaryimage\"},\"image\":{\"@id\":\"https:\/\/www.keoutdoordesign.com\/de-de\/anwendungen\/pool\/#primaryimage\"},\"thumbnailUrl\":\"https:\/\/www.keoutdoordesign.com\/wp-content\/uploads\/2021\/08\/KE_Villa-a-Rubano_10_low.jpg\",\"datePublished\":\"2019-05-28T13:18:27+00:00\",\"dateModified\":\"2022-02-04T09:35:23+00:00\",\"description\":\"Unsere bioklimatischen Pergolen, Pergolamarkisen oder Lamellend\u00e4cher zur Beschattung schaffen gut gesch\u00fctzte, einladende Wohlf\u00fchloasen am Pool.\",\"breadcrumb\":{\"@id\":\"https:\/\/www.keoutdoordesign.com\/de-de\/anwendungen\/pool\/#breadcrumb\"},\"inLanguage\":\"de\",\"potentialAction\":[{\"@type\":\"ReadAction\",\"target\":[\"https:\/\/www.keoutdoordesign.com\/de-de\/anwendungen\/pool\/\"]}]},{\"@type\":\"ImageObject\",\"inLanguage\":\"de\",\"@id\":\"https:\/\/www.keoutdoordesign.com\/de-de\/anwendungen\/pool\/#primaryimage\",\"url\":\"https:\/\/www.keoutdoordesign.com\/wp-content\/uploads\/2021\/08\/KE_Villa-a-Rubano_10_low.jpg\",\"contentUrl\":\"https:\/\/www.keoutdoordesign.com\/wp-content\/uploads\/2021\/08\/KE_Villa-a-Rubano_10_low.jpg\",\"width\":1920,\"height\":1280,\"caption\":\"villa con piscina e tenda a pergola Gennius Vega KE\"},{\"@type\":\"BreadcrumbList\",\"@id\":\"https:\/\/www.keoutdoordesign.com\/de-de\/anwendungen\/pool\/#breadcrumb\",\"itemListElement\":[{\"@type\":\"ListItem\",\"position\":1,\"name\":\"Home\",\"item\":\"https:\/\/www.keoutdoordesign.com\/de-de\/\"},{\"@type\":\"ListItem\",\"position\":2,\"name\":\"Anwendungen\",\"item\":\"https:\/\/www.keoutdoordesign.com\/de-de\/anwendungen\/\"},{\"@type\":\"ListItem\",\"position\":3,\"name\":\"Pool\"}]},{\"@type\":\"WebSite\",\"@id\":\"https:\/\/www.keoutdoordesign.com\/it-it\/#website\",\"url\":\"https:\/\/www.keoutdoordesign.com\/it-it\/\",\"name\":\"KE Outdoor Design\",\"description\":\"Un nuovo sito targato WordPress\",\"publisher\":{\"@id\":\"https:\/\/www.keoutdoordesign.com\/it-it\/#organization\"},\"potentialAction\":[{\"@type\":\"SearchAction\",\"target\":{\"@type\":\"EntryPoint\",\"urlTemplate\":\"https:\/\/www.keoutdoordesign.com\/it-it\/?s={search_term_string}\"},\"query-input\":{\"@type\":\"PropertyValueSpecification\",\"valueRequired\":true,\"valueName\":\"search_term_string\"}}],\"inLanguage\":\"de\"},{\"@type\":\"Organization\",\"@id\":\"https:\/\/www.keoutdoordesign.com\/it-it\/#organization\",\"name\":\"KE Outdoor Design\",\"url\":\"https:\/\/www.keoutdoordesign.com\/it-it\/\",\"logo\":{\"@type\":\"ImageObject\",\"inLanguage\":\"de\",\"@id\":\"https:\/\/www.keoutdoordesign.com\/it-it\/#\/schema\/logo\/image\/\",\"url\":\"https:\/\/www.keoutdoordesign.com\/wp-content\/uploads\/2020\/02\/KE-logo-Primary-e1591282842174.jpg\",\"contentUrl\":\"https:\/\/www.keoutdoordesign.com\/wp-content\/uploads\/2020\/02\/KE-logo-Primary-e1591282842174.jpg\",\"width\":500,\"height\":396,\"caption\":\"KE Outdoor Design\"},\"image\":{\"@id\":\"https:\/\/www.keoutdoordesign.com\/it-it\/#\/schema\/logo\/image\/\"},\"sameAs\":[\"https:\/\/www.facebook.com\/keoutdoordesign.us\",\"https:\/\/x.com\/keoutdoordesign\",\"https:\/\/www.facebook.com\/keoutdoordesign\",\"https:\/\/www.youtube.com\/channel\/UCSoMQryJpLqD53bAoZLg2Vg\",\"https:\/\/www.pinterest.it\/keoutdoordesign\/\",\"https:\/\/www.instagram.com\/keoutdoordesign\/\",\"https:\/\/www.linkedin.com\/company\/ke-outdoor-design\/\"]}]}<\/script>\n<!-- \/ Yoast SEO Premium plugin. -->","yoast_head_json":{"title":"Pool-Pergola zur Beschattung von Pools - KE Outdoor Design","description":"Unsere bioklimatischen Pergolen, Pergolamarkisen oder Lamellend\u00e4cher zur Beschattung schaffen gut gesch\u00fctzte, einladende Wohlf\u00fchloasen am Pool.","robots":{"index":"index","follow":"follow","max-snippet":"max-snippet:-1","max-image-preview":"max-image-preview:large","max-video-preview":"max-video-preview:-1"},"canonical":"https:\/\/www.keoutdoordesign.com\/de-de\/anwendungen\/pool\/","og_locale":"de_DE","og_type":"article","og_title":"Pool","og_description":"Unsere bioklimatischen Pergolen, Pergolamarkisen oder Lamellend\u00e4cher zur Beschattung schaffen gut gesch\u00fctzte, einladende Wohlf\u00fchloasen am Pool.","og_url":"https:\/\/www.keoutdoordesign.com\/de-de\/anwendungen\/pool\/","og_site_name":"KE Outdoor Design","article_publisher":"https:\/\/www.facebook.com\/keoutdoordesign.us","article_modified_time":"2022-02-04T09:35:23+00:00","og_image":[{"width":1920,"height":1280,"url":"https:\/\/www.keoutdoordesign.com\/wp-content\/uploads\/2021\/08\/KE_Villa-a-Rubano_10_low.jpg","type":"image\/jpeg"}],"twitter_card":"summary_large_image","twitter_site":"@keoutdoordesign","schema":{"@context":"https:\/\/schema.org","@graph":[{"@type":"WebPage","@id":"https:\/\/www.keoutdoordesign.com\/de-de\/anwendungen\/pool\/","url":"https:\/\/www.keoutdoordesign.com\/de-de\/anwendungen\/pool\/","name":"Pool-Pergola zur Beschattung von Pools - KE Outdoor Design","isPartOf":{"@id":"https:\/\/www.keoutdoordesign.com\/it-it\/#website"},"primaryImageOfPage":{"@id":"https:\/\/www.keoutdoordesign.com\/de-de\/anwendungen\/pool\/#primaryimage"},"image":{"@id":"https:\/\/www.keoutdoordesign.com\/de-de\/anwendungen\/pool\/#primaryimage"},"thumbnailUrl":"https:\/\/www.keoutdoordesign.com\/wp-content\/uploads\/2021\/08\/KE_Villa-a-Rubano_10_low.jpg","datePublished":"2019-05-28T13:18:27+00:00","dateModified":"2022-02-04T09:35:23+00:00","description":"Unsere bioklimatischen Pergolen, Pergolamarkisen oder Lamellend\u00e4cher zur Beschattung schaffen gut gesch\u00fctzte, einladende Wohlf\u00fchloasen am Pool.","breadcrumb":{"@id":"https:\/\/www.keoutdoordesign.com\/de-de\/anwendungen\/pool\/#breadcrumb"},"inLanguage":"de","potentialAction":[{"@type":"ReadAction","target":["https:\/\/www.keoutdoordesign.com\/de-de\/anwendungen\/pool\/"]}]},{"@type":"ImageObject","inLanguage":"de","@id":"https:\/\/www.keoutdoordesign.com\/de-de\/anwendungen\/pool\/#primaryimage","url":"https:\/\/www.keoutdoordesign.com\/wp-content\/uploads\/2021\/08\/KE_Villa-a-Rubano_10_low.jpg","contentUrl":"https:\/\/www.keoutdoordesign.com\/wp-content\/uploads\/2021\/08\/KE_Villa-a-Rubano_10_low.jpg","width":1920,"height":1280,"caption":"villa con piscina e tenda a pergola Gennius Vega KE"},{"@type":"BreadcrumbList","@id":"https:\/\/www.keoutdoordesign.com\/de-de\/anwendungen\/pool\/#breadcrumb","itemListElement":[{"@type":"ListItem","position":1,"name":"Home","item":"https:\/\/www.keoutdoordesign.com\/de-de\/"},{"@type":"ListItem","position":2,"name":"Anwendungen","item":"https:\/\/www.keoutdoordesign.com\/de-de\/anwendungen\/"},{"@type":"ListItem","position":3,"name":"Pool"}]},{"@type":"WebSite","@id":"https:\/\/www.keoutdoordesign.com\/it-it\/#website","url":"https:\/\/www.keoutdoordesign.com\/it-it\/","name":"KE Outdoor Design","description":"Un nuovo sito targato WordPress","publisher":{"@id":"https:\/\/www.keoutdoordesign.com\/it-it\/#organization"},"potentialAction":[{"@type":"SearchAction","target":{"@type":"EntryPoint","urlTemplate":"https:\/\/www.keoutdoordesign.com\/it-it\/?s={search_term_string}"},"query-input":{"@type":"PropertyValueSpecification","valueRequired":true,"valueName":"search_term_string"}}],"inLanguage":"de"},{"@type":"Organization","@id":"https:\/\/www.keoutdoordesign.com\/it-it\/#organization","name":"KE Outdoor Design","url":"https:\/\/www.keoutdoordesign.com\/it-it\/","logo":{"@type":"ImageObject","inLanguage":"de","@id":"https:\/\/www.keoutdoordesign.com\/it-it\/#\/schema\/logo\/image\/","url":"https:\/\/www.keoutdoordesign.com\/wp-content\/uploads\/2020\/02\/KE-logo-Primary-e1591282842174.jpg","contentUrl":"https:\/\/www.keoutdoordesign.com\/wp-content\/uploads\/2020\/02\/KE-logo-Primary-e1591282842174.jpg","width":500,"height":396,"caption":"KE Outdoor Design"},"image":{"@id":"https:\/\/www.keoutdoordesign.com\/it-it\/#\/schema\/logo\/image\/"},"sameAs":["https:\/\/www.facebook.com\/keoutdoordesign.us","https:\/\/x.com\/keoutdoordesign","https:\/\/www.facebook.com\/keoutdoordesign","https:\/\/www.youtube.com\/channel\/UCSoMQryJpLqD53bAoZLg2Vg","https:\/\/www.pinterest.it\/keoutdoordesign\/","https:\/\/www.instagram.com\/keoutdoordesign\/","https:\/\/www.linkedin.com\/company\/ke-outdoor-design\/"]}]}},"_links":{"self":[{"href":"https:\/\/www.keoutdoordesign.com\/de-de\/wp-json\/wp\/v2\/pages\/3297","targetHints":{"allow":["GET"]}}],"collection":[{"href":"https:\/\/www.keoutdoordesign.com\/de-de\/wp-json\/wp\/v2\/pages"}],"about":[{"href":"https:\/\/www.keoutdoordesign.com\/de-de\/wp-json\/wp\/v2\/types\/page"}],"author":[{"embeddable":true,"href":"https:\/\/www.keoutdoordesign.com\/de-de\/wp-json\/wp\/v2\/users\/10608"}],"replies":[{"embeddable":true,"href":"https:\/\/www.keoutdoordesign.com\/de-de\/wp-json\/wp\/v2\/comments?post=3297"}],"version-history":[{"count":8,"href":"https:\/\/www.keoutdoordesign.com\/de-de\/wp-json\/wp\/v2\/pages\/3297\/revisions"}],"predecessor-version":[{"id":28325,"href":"https:\/\/www.keoutdoordesign.com\/de-de\/wp-json\/wp\/v2\/pages\/3297\/revisions\/28325"}],"up":[{"embeddable":true,"href":"https:\/\/www.keoutdoordesign.com\/de-de\/wp-json\/wp\/v2\/pages\/3287"}],"wp:featuredmedia":[{"embeddable":true,"href":"https:\/\/www.keoutdoordesign.com\/de-de\/wp-json\/wp\/v2\/media\/39740"}],"wp:attachment":[{"href":"https:\/\/www.keoutdoordesign.com\/de-de\/wp-json\/wp\/v2\/media?parent=3297"}],"curies":[{"name":"wp","href":"https:\/\/api.w.org\/{rel}","templated":true}]}}