{"id":3295,"date":"2019-05-28T15:18:23","date_gmt":"2019-05-28T13:18:23","guid":{"rendered":"http:\/\/ke.localhost.it\/?page_id=3295"},"modified":"2023-08-04T12:06:34","modified_gmt":"2023-08-04T10:06:34","slug":"veranda","status":"publish","type":"page","link":"https:\/\/www.keoutdoordesign.com\/de-de\/anwendungen\/veranda\/","title":{"rendered":"Veranda"},"content":{"rendered":"<p>Winterg\u00e4rten, Terrassend\u00e4cher und Pergola-Markisen sind sch\u00f6ne Wohlf\u00fchloasen. Wenn sie intelligent eingesetzt werden, entstehen <strong>wundervolle R\u00fcckzugsorte<\/strong>, die fast das ganze Jahr \u00fcber genutzt werden k\u00f6nnen, auch wenn das Wetter nicht optimal ist.<\/p>\n<p>Die von uns entworfenen Markisen sind die perfekte ma\u00dfgeschneiderte L\u00f6sung f\u00fcr Ihre Winterg\u00e4rten und Terrassend\u00e4cher und werden ganz einfach auf vorhandene Konstruktionen aufgesetzt. Mit einem einfachen Handgriff l\u00e4sst sich die Markise automatisch \u00f6ffnen oder schlie\u00dfen. Im Sommer erhalten Sie so ein schattiges Dach, das die W\u00e4rme in Ihrem Haus reguliert oder Ihnen eine leichte Brise erm\u00f6glicht.<\/p>\n<p>An sonnigen Tagen k\u00f6nnen Sie das Tuch Ihrer Pergola- oder Wintergarten-Markise auch in der <strong>kompakten und formsch\u00f6nen <\/strong>Kassette verschwinden lassen und so den ungehinderten Ausblick in den blauen Himmel genie\u00dfen.<\/p>\n<p>Verwandeln Sie Ihr Terrassendach mit Glasw\u00e4nden oder <strong>Markisen mit seitlicher Zip-F\u00fchrung<\/strong> in einen geschlossenen Raum. Integrierte LED-Leuchten verwandeln Ihr Terrassendach in ein romantisches Lichtermeer voller Charme.<\/p>\n","protected":false},"excerpt":{"rendered":"<p>Winterg\u00e4rten, Terrassend\u00e4cher und Pergola-Markisen sind sch\u00f6ne Wohlf\u00fchloasen. Wenn sie intelligent eingesetzt werden, entstehen wundervolle R\u00fcckzugsorte, die fast das ganze Jahr&hellip;<\/p>\n","protected":false},"author":10608,"featured_media":3814,"parent":3287,"menu_order":19,"comment_status":"closed","ping_status":"closed","template":"page-templates\/environment.php","meta":{"_acf_changed":false,"footnotes":""},"class_list":["post-3295","page","type-page","status-publish","has-post-thumbnail","hentry"],"acf":[],"yoast_head":"<!-- This site is optimized with the Yoast SEO Premium plugin v20.12 (Yoast SEO v27.3) - https:\/\/yoast.com\/product\/yoast-seo-premium-wordpress\/ -->\n<title>Veranda\u00fcberdachung: Schutz Eingangsbereich- KE Outdoor Design<\/title>\n<meta name=\"description\" content=\"Unsere Pergolen, Markisen und \u00dcberdachungen mit Sonnenschutz verwandeln Veranden in Wohlf\u00fchloasen. Ma\u00dfgeschneiderte Konstruktionen.\" \/>\n<meta name=\"robots\" content=\"index, follow, max-snippet:-1, max-image-preview:large, max-video-preview:-1\" \/>\n<link rel=\"canonical\" href=\"https:\/\/www.keoutdoordesign.com\/de-de\/anwendungen\/veranda\/\" \/>\n<meta property=\"og:locale\" content=\"de_DE\" \/>\n<meta property=\"og:type\" content=\"article\" \/>\n<meta property=\"og:title\" content=\"Veranda\" \/>\n<meta property=\"og:description\" content=\"Unsere Pergolen, Markisen und \u00dcberdachungen mit Sonnenschutz verwandeln Veranden in Wohlf\u00fchloasen. Ma\u00dfgeschneiderte Konstruktionen.\" \/>\n<meta property=\"og:url\" content=\"https:\/\/www.keoutdoordesign.com\/de-de\/anwendungen\/veranda\/\" \/>\n<meta property=\"og:site_name\" content=\"KE Outdoor Design\" \/>\n<meta property=\"article:publisher\" content=\"https:\/\/www.facebook.com\/keoutdoordesign.us\" \/>\n<meta property=\"article:modified_time\" content=\"2023-08-04T10:06:34+00:00\" \/>\n<meta property=\"og:image\" content=\"https:\/\/www.keoutdoordesign.com\/wp-content\/uploads\/2019\/05\/KE_Theatercafe_2.jpg\" \/>\n\t<meta property=\"og:image:width\" content=\"2048\" \/>\n\t<meta property=\"og:image:height\" content=\"1080\" \/>\n\t<meta property=\"og:image:type\" content=\"image\/jpeg\" \/>\n<meta name=\"twitter:card\" content=\"summary_large_image\" \/>\n<meta name=\"twitter:site\" content=\"@keoutdoordesign\" \/>\n<script type=\"application\/ld+json\" class=\"yoast-schema-graph\">{\"@context\":\"https:\\\/\\\/schema.org\",\"@graph\":[{\"@type\":\"WebPage\",\"@id\":\"https:\\\/\\\/www.keoutdoordesign.com\\\/de-de\\\/anwendungen\\\/veranda\\\/\",\"url\":\"https:\\\/\\\/www.keoutdoordesign.com\\\/de-de\\\/anwendungen\\\/veranda\\\/\",\"name\":\"Veranda\u00fcberdachung: Schutz Eingangsbereich- KE Outdoor Design\",\"isPartOf\":{\"@id\":\"https:\\\/\\\/www.keoutdoordesign.com\\\/it-it\\\/#website\"},\"primaryImageOfPage\":{\"@id\":\"https:\\\/\\\/www.keoutdoordesign.com\\\/de-de\\\/anwendungen\\\/veranda\\\/#primaryimage\"},\"image\":{\"@id\":\"https:\\\/\\\/www.keoutdoordesign.com\\\/de-de\\\/anwendungen\\\/veranda\\\/#primaryimage\"},\"thumbnailUrl\":\"https:\\\/\\\/www.keoutdoordesign.com\\\/wp-content\\\/uploads\\\/2019\\\/05\\\/KE_Theatercafe_2.jpg\",\"datePublished\":\"2019-05-28T13:18:23+00:00\",\"dateModified\":\"2023-08-04T10:06:34+00:00\",\"description\":\"Unsere Pergolen, Markisen und \u00dcberdachungen mit Sonnenschutz verwandeln Veranden in Wohlf\u00fchloasen. Ma\u00dfgeschneiderte Konstruktionen.\",\"breadcrumb\":{\"@id\":\"https:\\\/\\\/www.keoutdoordesign.com\\\/de-de\\\/anwendungen\\\/veranda\\\/#breadcrumb\"},\"inLanguage\":\"de\",\"potentialAction\":[{\"@type\":\"ReadAction\",\"target\":[\"https:\\\/\\\/www.keoutdoordesign.com\\\/de-de\\\/anwendungen\\\/veranda\\\/\"]}]},{\"@type\":\"ImageObject\",\"inLanguage\":\"de\",\"@id\":\"https:\\\/\\\/www.keoutdoordesign.com\\\/de-de\\\/anwendungen\\\/veranda\\\/#primaryimage\",\"url\":\"https:\\\/\\\/www.keoutdoordesign.com\\\/wp-content\\\/uploads\\\/2019\\\/05\\\/KE_Theatercafe_2.jpg\",\"contentUrl\":\"https:\\\/\\\/www.keoutdoordesign.com\\\/wp-content\\\/uploads\\\/2019\\\/05\\\/KE_Theatercafe_2.jpg\",\"width\":2048,\"height\":1080,\"caption\":\"store-pour-v\u00e9randa\"},{\"@type\":\"BreadcrumbList\",\"@id\":\"https:\\\/\\\/www.keoutdoordesign.com\\\/de-de\\\/anwendungen\\\/veranda\\\/#breadcrumb\",\"itemListElement\":[{\"@type\":\"ListItem\",\"position\":1,\"name\":\"Home\",\"item\":\"https:\\\/\\\/www.keoutdoordesign.com\\\/de-de\\\/\"},{\"@type\":\"ListItem\",\"position\":2,\"name\":\"Anwendungen\",\"item\":\"https:\\\/\\\/www.keoutdoordesign.com\\\/de-de\\\/anwendungen\\\/\"},{\"@type\":\"ListItem\",\"position\":3,\"name\":\"Veranda\"}]},{\"@type\":\"WebSite\",\"@id\":\"https:\\\/\\\/www.keoutdoordesign.com\\\/it-it\\\/#website\",\"url\":\"https:\\\/\\\/www.keoutdoordesign.com\\\/it-it\\\/\",\"name\":\"KE Outdoor Design\",\"description\":\"Un nuovo sito targato WordPress\",\"publisher\":{\"@id\":\"https:\\\/\\\/www.keoutdoordesign.com\\\/it-it\\\/#organization\"},\"potentialAction\":[{\"@type\":\"SearchAction\",\"target\":{\"@type\":\"EntryPoint\",\"urlTemplate\":\"https:\\\/\\\/www.keoutdoordesign.com\\\/it-it\\\/?s={search_term_string}\"},\"query-input\":{\"@type\":\"PropertyValueSpecification\",\"valueRequired\":true,\"valueName\":\"search_term_string\"}}],\"inLanguage\":\"de\"},{\"@type\":\"Organization\",\"@id\":\"https:\\\/\\\/www.keoutdoordesign.com\\\/it-it\\\/#organization\",\"name\":\"KE Outdoor Design\",\"url\":\"https:\\\/\\\/www.keoutdoordesign.com\\\/it-it\\\/\",\"logo\":{\"@type\":\"ImageObject\",\"inLanguage\":\"de\",\"@id\":\"https:\\\/\\\/www.keoutdoordesign.com\\\/it-it\\\/#\\\/schema\\\/logo\\\/image\\\/\",\"url\":\"https:\\\/\\\/www.keoutdoordesign.com\\\/wp-content\\\/uploads\\\/2020\\\/02\\\/KE-logo-Primary-e1591282842174.jpg\",\"contentUrl\":\"https:\\\/\\\/www.keoutdoordesign.com\\\/wp-content\\\/uploads\\\/2020\\\/02\\\/KE-logo-Primary-e1591282842174.jpg\",\"width\":500,\"height\":396,\"caption\":\"KE Outdoor Design\"},\"image\":{\"@id\":\"https:\\\/\\\/www.keoutdoordesign.com\\\/it-it\\\/#\\\/schema\\\/logo\\\/image\\\/\"},\"sameAs\":[\"https:\\\/\\\/www.facebook.com\\\/keoutdoordesign.us\",\"https:\\\/\\\/x.com\\\/keoutdoordesign\",\"https:\\\/\\\/www.facebook.com\\\/keoutdoordesign\",\"https:\\\/\\\/www.youtube.com\\\/channel\\\/UCSoMQryJpLqD53bAoZLg2Vg\",\"https:\\\/\\\/www.pinterest.it\\\/keoutdoordesign\\\/\",\"https:\\\/\\\/www.instagram.com\\\/keoutdoordesign\\\/\",\"https:\\\/\\\/www.linkedin.com\\\/company\\\/ke-outdoor-design\\\/\"]}]}<\/script>\n<!-- \/ Yoast SEO Premium plugin. -->","yoast_head_json":{"title":"Veranda\u00fcberdachung: Schutz Eingangsbereich- KE Outdoor Design","description":"Unsere Pergolen, Markisen und \u00dcberdachungen mit Sonnenschutz verwandeln Veranden in Wohlf\u00fchloasen. Ma\u00dfgeschneiderte Konstruktionen.","robots":{"index":"index","follow":"follow","max-snippet":"max-snippet:-1","max-image-preview":"max-image-preview:large","max-video-preview":"max-video-preview:-1"},"canonical":"https:\/\/www.keoutdoordesign.com\/de-de\/anwendungen\/veranda\/","og_locale":"de_DE","og_type":"article","og_title":"Veranda","og_description":"Unsere Pergolen, Markisen und \u00dcberdachungen mit Sonnenschutz verwandeln Veranden in Wohlf\u00fchloasen. Ma\u00dfgeschneiderte Konstruktionen.","og_url":"https:\/\/www.keoutdoordesign.com\/de-de\/anwendungen\/veranda\/","og_site_name":"KE Outdoor Design","article_publisher":"https:\/\/www.facebook.com\/keoutdoordesign.us","article_modified_time":"2023-08-04T10:06:34+00:00","og_image":[{"width":2048,"height":1080,"url":"https:\/\/www.keoutdoordesign.com\/wp-content\/uploads\/2019\/05\/KE_Theatercafe_2.jpg","type":"image\/jpeg"}],"twitter_card":"summary_large_image","twitter_site":"@keoutdoordesign","schema":{"@context":"https:\/\/schema.org","@graph":[{"@type":"WebPage","@id":"https:\/\/www.keoutdoordesign.com\/de-de\/anwendungen\/veranda\/","url":"https:\/\/www.keoutdoordesign.com\/de-de\/anwendungen\/veranda\/","name":"Veranda\u00fcberdachung: Schutz Eingangsbereich- KE Outdoor Design","isPartOf":{"@id":"https:\/\/www.keoutdoordesign.com\/it-it\/#website"},"primaryImageOfPage":{"@id":"https:\/\/www.keoutdoordesign.com\/de-de\/anwendungen\/veranda\/#primaryimage"},"image":{"@id":"https:\/\/www.keoutdoordesign.com\/de-de\/anwendungen\/veranda\/#primaryimage"},"thumbnailUrl":"https:\/\/www.keoutdoordesign.com\/wp-content\/uploads\/2019\/05\/KE_Theatercafe_2.jpg","datePublished":"2019-05-28T13:18:23+00:00","dateModified":"2023-08-04T10:06:34+00:00","description":"Unsere Pergolen, Markisen und \u00dcberdachungen mit Sonnenschutz verwandeln Veranden in Wohlf\u00fchloasen. Ma\u00dfgeschneiderte Konstruktionen.","breadcrumb":{"@id":"https:\/\/www.keoutdoordesign.com\/de-de\/anwendungen\/veranda\/#breadcrumb"},"inLanguage":"de","potentialAction":[{"@type":"ReadAction","target":["https:\/\/www.keoutdoordesign.com\/de-de\/anwendungen\/veranda\/"]}]},{"@type":"ImageObject","inLanguage":"de","@id":"https:\/\/www.keoutdoordesign.com\/de-de\/anwendungen\/veranda\/#primaryimage","url":"https:\/\/www.keoutdoordesign.com\/wp-content\/uploads\/2019\/05\/KE_Theatercafe_2.jpg","contentUrl":"https:\/\/www.keoutdoordesign.com\/wp-content\/uploads\/2019\/05\/KE_Theatercafe_2.jpg","width":2048,"height":1080,"caption":"store-pour-v\u00e9randa"},{"@type":"BreadcrumbList","@id":"https:\/\/www.keoutdoordesign.com\/de-de\/anwendungen\/veranda\/#breadcrumb","itemListElement":[{"@type":"ListItem","position":1,"name":"Home","item":"https:\/\/www.keoutdoordesign.com\/de-de\/"},{"@type":"ListItem","position":2,"name":"Anwendungen","item":"https:\/\/www.keoutdoordesign.com\/de-de\/anwendungen\/"},{"@type":"ListItem","position":3,"name":"Veranda"}]},{"@type":"WebSite","@id":"https:\/\/www.keoutdoordesign.com\/it-it\/#website","url":"https:\/\/www.keoutdoordesign.com\/it-it\/","name":"KE Outdoor Design","description":"Un nuovo sito targato WordPress","publisher":{"@id":"https:\/\/www.keoutdoordesign.com\/it-it\/#organization"},"potentialAction":[{"@type":"SearchAction","target":{"@type":"EntryPoint","urlTemplate":"https:\/\/www.keoutdoordesign.com\/it-it\/?s={search_term_string}"},"query-input":{"@type":"PropertyValueSpecification","valueRequired":true,"valueName":"search_term_string"}}],"inLanguage":"de"},{"@type":"Organization","@id":"https:\/\/www.keoutdoordesign.com\/it-it\/#organization","name":"KE Outdoor Design","url":"https:\/\/www.keoutdoordesign.com\/it-it\/","logo":{"@type":"ImageObject","inLanguage":"de","@id":"https:\/\/www.keoutdoordesign.com\/it-it\/#\/schema\/logo\/image\/","url":"https:\/\/www.keoutdoordesign.com\/wp-content\/uploads\/2020\/02\/KE-logo-Primary-e1591282842174.jpg","contentUrl":"https:\/\/www.keoutdoordesign.com\/wp-content\/uploads\/2020\/02\/KE-logo-Primary-e1591282842174.jpg","width":500,"height":396,"caption":"KE Outdoor Design"},"image":{"@id":"https:\/\/www.keoutdoordesign.com\/it-it\/#\/schema\/logo\/image\/"},"sameAs":["https:\/\/www.facebook.com\/keoutdoordesign.us","https:\/\/x.com\/keoutdoordesign","https:\/\/www.facebook.com\/keoutdoordesign","https:\/\/www.youtube.com\/channel\/UCSoMQryJpLqD53bAoZLg2Vg","https:\/\/www.pinterest.it\/keoutdoordesign\/","https:\/\/www.instagram.com\/keoutdoordesign\/","https:\/\/www.linkedin.com\/company\/ke-outdoor-design\/"]}]}},"_links":{"self":[{"href":"https:\/\/www.keoutdoordesign.com\/de-de\/wp-json\/wp\/v2\/pages\/3295","targetHints":{"allow":["GET"]}}],"collection":[{"href":"https:\/\/www.keoutdoordesign.com\/de-de\/wp-json\/wp\/v2\/pages"}],"about":[{"href":"https:\/\/www.keoutdoordesign.com\/de-de\/wp-json\/wp\/v2\/types\/page"}],"author":[{"embeddable":true,"href":"https:\/\/www.keoutdoordesign.com\/de-de\/wp-json\/wp\/v2\/users\/10608"}],"replies":[{"embeddable":true,"href":"https:\/\/www.keoutdoordesign.com\/de-de\/wp-json\/wp\/v2\/comments?post=3295"}],"version-history":[{"count":8,"href":"https:\/\/www.keoutdoordesign.com\/de-de\/wp-json\/wp\/v2\/pages\/3295\/revisions"}],"predecessor-version":[{"id":44115,"href":"https:\/\/www.keoutdoordesign.com\/de-de\/wp-json\/wp\/v2\/pages\/3295\/revisions\/44115"}],"up":[{"embeddable":true,"href":"https:\/\/www.keoutdoordesign.com\/de-de\/wp-json\/wp\/v2\/pages\/3287"}],"wp:featuredmedia":[{"embeddable":true,"href":"https:\/\/www.keoutdoordesign.com\/de-de\/wp-json\/wp\/v2\/media\/3814"}],"wp:attachment":[{"href":"https:\/\/www.keoutdoordesign.com\/de-de\/wp-json\/wp\/v2\/media?parent=3295"}],"curies":[{"name":"wp","href":"https:\/\/api.w.org\/{rel}","templated":true}]}}