{"id":3291,"date":"2019-05-28T15:18:15","date_gmt":"2019-05-28T13:18:15","guid":{"rendered":"http:\/\/ke.localhost.it\/?page_id=3291"},"modified":"2023-08-09T15:04:57","modified_gmt":"2023-08-09T13:04:57","slug":"terrasse","status":"publish","type":"page","link":"https:\/\/www.keoutdoordesign.com\/de-de\/anwendungen\/terrasse\/","title":{"rendered":"Terrasse"},"content":{"rendered":"<p>Die Terrasse ist ein wichtiger Teil Ihrer Wohnung oder Gesch\u00e4ftsr\u00e4ume: Sie er\u00f6ffnet einen Blick nach drau\u00dfen in den Garten, auf die Stadt, \u00fcbers Meer oder in die freie Natur. Mit unseren Markisen, Terrassend\u00e4chern, <strong>bioklimatischen Pergolen oder Pergola-Markisen <\/strong>nutzen Sie Ihre Au\u00dfenbereiche optimal. So sind Sie nicht nur vor Regen und Wind gesch\u00fctzt, Sie erhalten im Hochsommer auf der <strong>Terrasse auch angenehm k\u00fchle Schattenpl\u00e4tze<\/strong>.<\/p>\n<p>Ob kleine, gro\u00dfe oder ganzj\u00e4hrig genutzte Terrasse, unsere speziell gestalteten Markisen und Pergolen lassen sich an all Ihre Bed\u00fcrfnisse und Geb\u00e4udearchitektur anpassen.<\/p>\n<p>Dank unserer gro\u00dfen Auswahl an Stoffen und Oberfl\u00e4chen k\u00f6nnen wir elegante Systeme gestalten, die sich perfekt in jede Umgebung einf\u00fcgen, egal ob historische Villa, gro\u00dfes Restaurant oder modernes Ressort. Die Gennius Produktserie eignet sich beispielsweise <strong>ideal f\u00fcr Bars und Restaurants<\/strong>, die dank dieser flexiblen und designorientierten \u00dcberdachung neue R\u00e4ume schaffen k\u00f6nnen, um ihre Kunden auch au\u00dferhalb des Geb\u00e4udes zu beherbergen.<\/p>\n","protected":false},"excerpt":{"rendered":"<p>Die Terrasse ist ein wichtiger Teil Ihrer Wohnung oder Gesch\u00e4ftsr\u00e4ume: Sie er\u00f6ffnet einen Blick nach drau\u00dfen in den Garten, auf&hellip;<\/p>\n","protected":false},"author":10608,"featured_media":40076,"parent":3287,"menu_order":15,"comment_status":"closed","ping_status":"closed","template":"page-templates\/environment.php","meta":{"_acf_changed":false,"footnotes":""},"class_list":["post-3291","page","type-page","status-publish","has-post-thumbnail","hentry"],"acf":[],"yoast_head":"<!-- This site is optimized with the Yoast SEO Premium plugin v20.12 (Yoast SEO v27.3) - https:\/\/yoast.com\/product\/yoast-seo-premium-wordpress\/ -->\n<title>Terrassen\u00fcberdachung - Sonnenschutz Terrassen | KE Outdoor Design<\/title>\n<meta name=\"description\" content=\"Wir bieten eine Vielfalt an L\u00f6sungen f\u00fcr Sonnenschutz auf Terrassen: Markisen, bioklimatischen Pergolen oder Pergola-Markisen. Fragen Sie uns nach!\" \/>\n<meta name=\"robots\" content=\"index, follow, max-snippet:-1, max-image-preview:large, max-video-preview:-1\" \/>\n<link rel=\"canonical\" href=\"https:\/\/www.keoutdoordesign.com\/de-de\/anwendungen\/terrasse\/\" \/>\n<meta property=\"og:locale\" content=\"de_DE\" \/>\n<meta property=\"og:type\" content=\"article\" \/>\n<meta property=\"og:title\" content=\"Terrasse\" \/>\n<meta property=\"og:description\" content=\"Wir bieten eine Vielfalt an L\u00f6sungen f\u00fcr Sonnenschutz auf Terrassen: Markisen, bioklimatischen Pergolen oder Pergola-Markisen. Fragen Sie uns nach!\" \/>\n<meta property=\"og:url\" content=\"https:\/\/www.keoutdoordesign.com\/de-de\/anwendungen\/terrasse\/\" \/>\n<meta property=\"og:site_name\" content=\"KE Outdoor Design\" \/>\n<meta property=\"article:publisher\" content=\"https:\/\/www.facebook.com\/keoutdoordesign.us\" \/>\n<meta property=\"article:modified_time\" content=\"2023-08-09T13:04:57+00:00\" \/>\n<meta property=\"og:image\" content=\"https:\/\/www.keoutdoordesign.com\/wp-content\/uploads\/2021\/08\/tenda-a-vela-avvolgibile-bianca-vela-ombreggiante-kolibrie-ke-outdoor-design-8.jpg\" \/>\n\t<meta property=\"og:image:width\" content=\"1200\" \/>\n\t<meta property=\"og:image:height\" content=\"675\" \/>\n\t<meta property=\"og:image:type\" content=\"image\/jpeg\" \/>\n<meta name=\"twitter:card\" content=\"summary_large_image\" \/>\n<meta name=\"twitter:site\" content=\"@keoutdoordesign\" \/>\n<script type=\"application\/ld+json\" class=\"yoast-schema-graph\">{\"@context\":\"https:\\\/\\\/schema.org\",\"@graph\":[{\"@type\":\"WebPage\",\"@id\":\"https:\\\/\\\/www.keoutdoordesign.com\\\/de-de\\\/anwendungen\\\/terrasse\\\/\",\"url\":\"https:\\\/\\\/www.keoutdoordesign.com\\\/de-de\\\/anwendungen\\\/terrasse\\\/\",\"name\":\"Terrassen\u00fcberdachung - Sonnenschutz Terrassen | KE Outdoor Design\",\"isPartOf\":{\"@id\":\"https:\\\/\\\/www.keoutdoordesign.com\\\/it-it\\\/#website\"},\"primaryImageOfPage\":{\"@id\":\"https:\\\/\\\/www.keoutdoordesign.com\\\/de-de\\\/anwendungen\\\/terrasse\\\/#primaryimage\"},\"image\":{\"@id\":\"https:\\\/\\\/www.keoutdoordesign.com\\\/de-de\\\/anwendungen\\\/terrasse\\\/#primaryimage\"},\"thumbnailUrl\":\"https:\\\/\\\/www.keoutdoordesign.com\\\/wp-content\\\/uploads\\\/2021\\\/08\\\/tenda-a-vela-avvolgibile-bianca-vela-ombreggiante-kolibrie-ke-outdoor-design-8.jpg\",\"datePublished\":\"2019-05-28T13:18:15+00:00\",\"dateModified\":\"2023-08-09T13:04:57+00:00\",\"description\":\"Wir bieten eine Vielfalt an L\u00f6sungen f\u00fcr Sonnenschutz auf Terrassen: Markisen, bioklimatischen Pergolen oder Pergola-Markisen. Fragen Sie uns nach!\",\"breadcrumb\":{\"@id\":\"https:\\\/\\\/www.keoutdoordesign.com\\\/de-de\\\/anwendungen\\\/terrasse\\\/#breadcrumb\"},\"inLanguage\":\"de\",\"potentialAction\":[{\"@type\":\"ReadAction\",\"target\":[\"https:\\\/\\\/www.keoutdoordesign.com\\\/de-de\\\/anwendungen\\\/terrasse\\\/\"]}]},{\"@type\":\"ImageObject\",\"inLanguage\":\"de\",\"@id\":\"https:\\\/\\\/www.keoutdoordesign.com\\\/de-de\\\/anwendungen\\\/terrasse\\\/#primaryimage\",\"url\":\"https:\\\/\\\/www.keoutdoordesign.com\\\/wp-content\\\/uploads\\\/2021\\\/08\\\/tenda-a-vela-avvolgibile-bianca-vela-ombreggiante-kolibrie-ke-outdoor-design-8.jpg\",\"contentUrl\":\"https:\\\/\\\/www.keoutdoordesign.com\\\/wp-content\\\/uploads\\\/2021\\\/08\\\/tenda-a-vela-avvolgibile-bianca-vela-ombreggiante-kolibrie-ke-outdoor-design-8.jpg\",\"width\":1200,\"height\":675,\"caption\":\"tenda-a-vela-avvolgibile-bianca-vela-ombreggiante-kolibrie-ke-outdoor-design-8\"},{\"@type\":\"BreadcrumbList\",\"@id\":\"https:\\\/\\\/www.keoutdoordesign.com\\\/de-de\\\/anwendungen\\\/terrasse\\\/#breadcrumb\",\"itemListElement\":[{\"@type\":\"ListItem\",\"position\":1,\"name\":\"Home\",\"item\":\"https:\\\/\\\/www.keoutdoordesign.com\\\/de-de\\\/\"},{\"@type\":\"ListItem\",\"position\":2,\"name\":\"Anwendungen\",\"item\":\"https:\\\/\\\/www.keoutdoordesign.com\\\/de-de\\\/anwendungen\\\/\"},{\"@type\":\"ListItem\",\"position\":3,\"name\":\"Terrasse\"}]},{\"@type\":\"WebSite\",\"@id\":\"https:\\\/\\\/www.keoutdoordesign.com\\\/it-it\\\/#website\",\"url\":\"https:\\\/\\\/www.keoutdoordesign.com\\\/it-it\\\/\",\"name\":\"KE Outdoor Design\",\"description\":\"Un nuovo sito targato WordPress\",\"publisher\":{\"@id\":\"https:\\\/\\\/www.keoutdoordesign.com\\\/it-it\\\/#organization\"},\"potentialAction\":[{\"@type\":\"SearchAction\",\"target\":{\"@type\":\"EntryPoint\",\"urlTemplate\":\"https:\\\/\\\/www.keoutdoordesign.com\\\/it-it\\\/?s={search_term_string}\"},\"query-input\":{\"@type\":\"PropertyValueSpecification\",\"valueRequired\":true,\"valueName\":\"search_term_string\"}}],\"inLanguage\":\"de\"},{\"@type\":\"Organization\",\"@id\":\"https:\\\/\\\/www.keoutdoordesign.com\\\/it-it\\\/#organization\",\"name\":\"KE Outdoor Design\",\"url\":\"https:\\\/\\\/www.keoutdoordesign.com\\\/it-it\\\/\",\"logo\":{\"@type\":\"ImageObject\",\"inLanguage\":\"de\",\"@id\":\"https:\\\/\\\/www.keoutdoordesign.com\\\/it-it\\\/#\\\/schema\\\/logo\\\/image\\\/\",\"url\":\"https:\\\/\\\/www.keoutdoordesign.com\\\/wp-content\\\/uploads\\\/2020\\\/02\\\/KE-logo-Primary-e1591282842174.jpg\",\"contentUrl\":\"https:\\\/\\\/www.keoutdoordesign.com\\\/wp-content\\\/uploads\\\/2020\\\/02\\\/KE-logo-Primary-e1591282842174.jpg\",\"width\":500,\"height\":396,\"caption\":\"KE Outdoor Design\"},\"image\":{\"@id\":\"https:\\\/\\\/www.keoutdoordesign.com\\\/it-it\\\/#\\\/schema\\\/logo\\\/image\\\/\"},\"sameAs\":[\"https:\\\/\\\/www.facebook.com\\\/keoutdoordesign.us\",\"https:\\\/\\\/x.com\\\/keoutdoordesign\",\"https:\\\/\\\/www.facebook.com\\\/keoutdoordesign\",\"https:\\\/\\\/www.youtube.com\\\/channel\\\/UCSoMQryJpLqD53bAoZLg2Vg\",\"https:\\\/\\\/www.pinterest.it\\\/keoutdoordesign\\\/\",\"https:\\\/\\\/www.instagram.com\\\/keoutdoordesign\\\/\",\"https:\\\/\\\/www.linkedin.com\\\/company\\\/ke-outdoor-design\\\/\"]}]}<\/script>\n<!-- \/ Yoast SEO Premium plugin. -->","yoast_head_json":{"title":"Terrassen\u00fcberdachung - Sonnenschutz Terrassen | KE Outdoor Design","description":"Wir bieten eine Vielfalt an L\u00f6sungen f\u00fcr Sonnenschutz auf Terrassen: Markisen, bioklimatischen Pergolen oder Pergola-Markisen. Fragen Sie uns nach!","robots":{"index":"index","follow":"follow","max-snippet":"max-snippet:-1","max-image-preview":"max-image-preview:large","max-video-preview":"max-video-preview:-1"},"canonical":"https:\/\/www.keoutdoordesign.com\/de-de\/anwendungen\/terrasse\/","og_locale":"de_DE","og_type":"article","og_title":"Terrasse","og_description":"Wir bieten eine Vielfalt an L\u00f6sungen f\u00fcr Sonnenschutz auf Terrassen: Markisen, bioklimatischen Pergolen oder Pergola-Markisen. Fragen Sie uns nach!","og_url":"https:\/\/www.keoutdoordesign.com\/de-de\/anwendungen\/terrasse\/","og_site_name":"KE Outdoor Design","article_publisher":"https:\/\/www.facebook.com\/keoutdoordesign.us","article_modified_time":"2023-08-09T13:04:57+00:00","og_image":[{"width":1200,"height":675,"url":"https:\/\/www.keoutdoordesign.com\/wp-content\/uploads\/2021\/08\/tenda-a-vela-avvolgibile-bianca-vela-ombreggiante-kolibrie-ke-outdoor-design-8.jpg","type":"image\/jpeg"}],"twitter_card":"summary_large_image","twitter_site":"@keoutdoordesign","schema":{"@context":"https:\/\/schema.org","@graph":[{"@type":"WebPage","@id":"https:\/\/www.keoutdoordesign.com\/de-de\/anwendungen\/terrasse\/","url":"https:\/\/www.keoutdoordesign.com\/de-de\/anwendungen\/terrasse\/","name":"Terrassen\u00fcberdachung - Sonnenschutz Terrassen | KE Outdoor Design","isPartOf":{"@id":"https:\/\/www.keoutdoordesign.com\/it-it\/#website"},"primaryImageOfPage":{"@id":"https:\/\/www.keoutdoordesign.com\/de-de\/anwendungen\/terrasse\/#primaryimage"},"image":{"@id":"https:\/\/www.keoutdoordesign.com\/de-de\/anwendungen\/terrasse\/#primaryimage"},"thumbnailUrl":"https:\/\/www.keoutdoordesign.com\/wp-content\/uploads\/2021\/08\/tenda-a-vela-avvolgibile-bianca-vela-ombreggiante-kolibrie-ke-outdoor-design-8.jpg","datePublished":"2019-05-28T13:18:15+00:00","dateModified":"2023-08-09T13:04:57+00:00","description":"Wir bieten eine Vielfalt an L\u00f6sungen f\u00fcr Sonnenschutz auf Terrassen: Markisen, bioklimatischen Pergolen oder Pergola-Markisen. Fragen Sie uns nach!","breadcrumb":{"@id":"https:\/\/www.keoutdoordesign.com\/de-de\/anwendungen\/terrasse\/#breadcrumb"},"inLanguage":"de","potentialAction":[{"@type":"ReadAction","target":["https:\/\/www.keoutdoordesign.com\/de-de\/anwendungen\/terrasse\/"]}]},{"@type":"ImageObject","inLanguage":"de","@id":"https:\/\/www.keoutdoordesign.com\/de-de\/anwendungen\/terrasse\/#primaryimage","url":"https:\/\/www.keoutdoordesign.com\/wp-content\/uploads\/2021\/08\/tenda-a-vela-avvolgibile-bianca-vela-ombreggiante-kolibrie-ke-outdoor-design-8.jpg","contentUrl":"https:\/\/www.keoutdoordesign.com\/wp-content\/uploads\/2021\/08\/tenda-a-vela-avvolgibile-bianca-vela-ombreggiante-kolibrie-ke-outdoor-design-8.jpg","width":1200,"height":675,"caption":"tenda-a-vela-avvolgibile-bianca-vela-ombreggiante-kolibrie-ke-outdoor-design-8"},{"@type":"BreadcrumbList","@id":"https:\/\/www.keoutdoordesign.com\/de-de\/anwendungen\/terrasse\/#breadcrumb","itemListElement":[{"@type":"ListItem","position":1,"name":"Home","item":"https:\/\/www.keoutdoordesign.com\/de-de\/"},{"@type":"ListItem","position":2,"name":"Anwendungen","item":"https:\/\/www.keoutdoordesign.com\/de-de\/anwendungen\/"},{"@type":"ListItem","position":3,"name":"Terrasse"}]},{"@type":"WebSite","@id":"https:\/\/www.keoutdoordesign.com\/it-it\/#website","url":"https:\/\/www.keoutdoordesign.com\/it-it\/","name":"KE Outdoor Design","description":"Un nuovo sito targato WordPress","publisher":{"@id":"https:\/\/www.keoutdoordesign.com\/it-it\/#organization"},"potentialAction":[{"@type":"SearchAction","target":{"@type":"EntryPoint","urlTemplate":"https:\/\/www.keoutdoordesign.com\/it-it\/?s={search_term_string}"},"query-input":{"@type":"PropertyValueSpecification","valueRequired":true,"valueName":"search_term_string"}}],"inLanguage":"de"},{"@type":"Organization","@id":"https:\/\/www.keoutdoordesign.com\/it-it\/#organization","name":"KE Outdoor Design","url":"https:\/\/www.keoutdoordesign.com\/it-it\/","logo":{"@type":"ImageObject","inLanguage":"de","@id":"https:\/\/www.keoutdoordesign.com\/it-it\/#\/schema\/logo\/image\/","url":"https:\/\/www.keoutdoordesign.com\/wp-content\/uploads\/2020\/02\/KE-logo-Primary-e1591282842174.jpg","contentUrl":"https:\/\/www.keoutdoordesign.com\/wp-content\/uploads\/2020\/02\/KE-logo-Primary-e1591282842174.jpg","width":500,"height":396,"caption":"KE Outdoor Design"},"image":{"@id":"https:\/\/www.keoutdoordesign.com\/it-it\/#\/schema\/logo\/image\/"},"sameAs":["https:\/\/www.facebook.com\/keoutdoordesign.us","https:\/\/x.com\/keoutdoordesign","https:\/\/www.facebook.com\/keoutdoordesign","https:\/\/www.youtube.com\/channel\/UCSoMQryJpLqD53bAoZLg2Vg","https:\/\/www.pinterest.it\/keoutdoordesign\/","https:\/\/www.instagram.com\/keoutdoordesign\/","https:\/\/www.linkedin.com\/company\/ke-outdoor-design\/"]}]}},"_links":{"self":[{"href":"https:\/\/www.keoutdoordesign.com\/de-de\/wp-json\/wp\/v2\/pages\/3291","targetHints":{"allow":["GET"]}}],"collection":[{"href":"https:\/\/www.keoutdoordesign.com\/de-de\/wp-json\/wp\/v2\/pages"}],"about":[{"href":"https:\/\/www.keoutdoordesign.com\/de-de\/wp-json\/wp\/v2\/types\/page"}],"author":[{"embeddable":true,"href":"https:\/\/www.keoutdoordesign.com\/de-de\/wp-json\/wp\/v2\/users\/10608"}],"replies":[{"embeddable":true,"href":"https:\/\/www.keoutdoordesign.com\/de-de\/wp-json\/wp\/v2\/comments?post=3291"}],"version-history":[{"count":7,"href":"https:\/\/www.keoutdoordesign.com\/de-de\/wp-json\/wp\/v2\/pages\/3291\/revisions"}],"predecessor-version":[{"id":28320,"href":"https:\/\/www.keoutdoordesign.com\/de-de\/wp-json\/wp\/v2\/pages\/3291\/revisions\/28320"}],"up":[{"embeddable":true,"href":"https:\/\/www.keoutdoordesign.com\/de-de\/wp-json\/wp\/v2\/pages\/3287"}],"wp:featuredmedia":[{"embeddable":true,"href":"https:\/\/www.keoutdoordesign.com\/de-de\/wp-json\/wp\/v2\/media\/40076"}],"wp:attachment":[{"href":"https:\/\/www.keoutdoordesign.com\/de-de\/wp-json\/wp\/v2\/media?parent=3291"}],"curies":[{"name":"wp","href":"https:\/\/api.w.org\/{rel}","templated":true}]}}